{"id":20859,"date":"2025-06-11T20:39:11","date_gmt":"2025-06-11T20:39:11","guid":{"rendered":"https:\/\/vitablanca.ma\/product\/nuxe-nuxuriance-ultra-creme-riche-redensifiante-50ml\/"},"modified":"2025-12-17T19:34:54","modified_gmt":"2025-12-17T19:34:54","slug":"nuxe-nuxuriance-ultra-creme-riche-redensifiante-50ml","status":"publish","type":"product","link":"https:\/\/vitablanca.ma\/ar\/product-2\/nuxe-nuxuriance-ultra-creme-riche-redensifiante-50ml\/","title":{"rendered":"\u0643\u0631\u064a\u0645 \u0646\u0648\u0643\u0633 \u0646\u0648\u0643\u0633\u064a\u0631\u064a\u0627\u0646\u0633 \u0623\u0644\u062a\u0631\u0627 \u0631\u064a\u062a\u0634 \u0631\u064a\u062f\u064a\u0646\u0633\u064a\u0641\u0627\u064a\u0646\u063a 50 \u0645\u0644"},"content":{"rendered":"<h2>Nuxe\u00a0Cr\u00e8me Riche Redensifiante, Nuxuriance Ultra<\/h2>\n<p><span>Cr\u00e8me riche redensifiante anti-\u00e2ge global.<\/span><br \/><span>Peaux s\u00e8ches \u00e0 tr\u00e8s s\u00e8ches.<\/span><\/p>\n<div data-item=\"\" class=\"productDescription_contentPropertyListItem productDescription_contentPropertyListItem_synopsis productDescription_contentPropertyListItem-active\">\n<h3 data-tab-title=\"Portrait\" class=\"productDescription_contentPropertyHeading productDescription_contentPropertyHeading-tabbed\">\u0644\u064e\u0648\u062d\u064e\u0629<\/h3>\n<div aria-labelledby=\"product-description-heading-lg-2\" data-item-content=\"\" class=\"productDescription_contentProperties productDescription_contentProperties_list\" id=\"product-description-content-lg-2\">\n<div class=\"productDescription_synopsisContent\">\n<div>\n<p>Cette cr\u00e8me riche redensifiante anti-\u00e2ge global, aux Cellules Bi-Florales de Safran et Bougainvillier, r\u00e9g\u00e9n\u00e8re la peau, regalbe l\u2019ovale et lisse les rides. La peau para\u00eet plus jeune : dense, elle est comme repulp\u00e9e. Son \u00e9clat naturel est raviv\u00e9. Cette cr\u00e8me apporte nutrition, souplesse et confort.<\/p>\n<\/div>\n<\/div>\n<\/div>\n<\/div>\n<div data-item=\"\" class=\"productDescription_contentPropertyListItem  productDescription_contentPropertyListItem_directions\">\n<h3 data-tab-title=\"Conseils beaut\u00e9\" class=\"productDescription_contentPropertyHeading productDescription_contentPropertyHeading-tabbed\">\u0646\u0635\u0627\u0626\u062d \u0627\u0644\u062c\u0645\u0627\u0644<\/h3>\n<p>Appliquer la Cr\u00e8me Riche Anti-\u00e2ge Global Redensifiante Nuxuriance Ultra le matin sur le visage, le cou et le d\u00e9collet\u00e9 parfaitement nettoy\u00e9s apr\u00e8s le S\u00e9rum Nuxuriance Ultra.<\/p>\n<ul>\n<li>Chauffer une noisette de cr\u00e8me entre les paumes de la main.<\/li>\n<li>Appliquer par de brefs mouvements de lissage en alternant les mains, en remontant du bas vers le haut du visage. Insister sur l\u2019ovale du visage et les tempes.<\/li>\n<li>Renouveler les mouvements sur l\u2019autre c\u00f4t\u00e9 du visage. Appliquer ensuite sur le d\u00e9collet\u00e9 en lissant du centre vers l\u2019ext\u00e9rieur.<\/li>\n<\/ul>\n<\/div>","protected":false},"excerpt":{"rendered":"<p>Nuxe\u00a0Cr\u00e8me Riche Redensifiante, Nuxuriance Ultra Cr\u00e8me riche redensifiante anti-\u00e2ge global.Peaux s\u00e8ches \u00e0 tr\u00e8s s\u00e8ches. Portrait Cette cr\u00e8me riche redensifiante anti-\u00e2ge global, aux Cellules Bi-Florales de Safran et Bougainvillier, r\u00e9g\u00e9n\u00e8re la peau, regalbe l\u2019ovale et lisse les rides. La peau para\u00eet plus jeune : dense, elle est comme repulp\u00e9e. Son \u00e9clat naturel est raviv\u00e9. Cette cr\u00e8me [&hellip;]<\/p>\n","protected":false},"featured_media":20858,"template":"","meta":{"om_disable_all_campaigns":false},"product_brand":[5409],"product_cat":[18],"product_tag":[],"class_list":{"0":"post-20859","1":"product","2":"type-product","3":"status-publish","4":"has-post-thumbnail","6":"product_brand-nuxe-maroc-prix","7":"product_cat-beaute-sante","9":"first","10":"instock","11":"sale","12":"taxable","13":"shipping-taxable","14":"purchasable","15":"product-type-simple"},"yoast_head":"<!-- This site is optimized with the Yoast SEO plugin v27.3 - https:\/\/yoast.com\/product\/yoast-seo-wordpress\/ -->\n<title>Nuxe Nuxuriance Ultra Cr\u00e8me Riche Redensifiante 50ml - Maroc Prix<\/title>\n<meta name=\"description\" content=\"Nuxe Nuxuriance Ultra Cr\u00e8me Riche Redensifiante 50ml\" \/>\n<meta name=\"robots\" content=\"index, follow, max-snippet:-1, max-image-preview:large, max-video-preview:-1\" \/>\n<link rel=\"canonical\" href=\"https:\/\/vitablanca.ma\/ar\/product-2\/nuxe-nuxuriance-ultra-creme-riche-redensifiante-50ml\/\" \/>\n<meta property=\"og:locale\" content=\"ar_AR\" \/>\n<meta property=\"og:type\" content=\"article\" \/>\n<meta property=\"og:title\" content=\"Nuxe Nuxuriance Ultra Cr\u00e8me Riche Redensifiante 50ml - Maroc Prix\" \/>\n<meta property=\"og:description\" content=\"Nuxe Nuxuriance Ultra Cr\u00e8me Riche Redensifiante 50ml\" \/>\n<meta property=\"og:url\" content=\"https:\/\/vitablanca.ma\/ar\/product-2\/nuxe-nuxuriance-ultra-creme-riche-redensifiante-50ml\/\" \/>\n<meta property=\"og:site_name\" content=\"Vitablanca.ma &ndash; Sant&eacute;, vitalit&eacute; et bien-&ecirc;tre pour tous les Marocains\" \/>\n<meta property=\"article:publisher\" content=\"https:\/\/www.facebook.com\/profile.php?id=61576678196717\" \/>\n<meta property=\"article:modified_time\" content=\"2025-12-17T19:34:54+00:00\" \/>\n<meta property=\"og:image\" content=\"https:\/\/vitablanca.ma\/wp-content\/uploads\/2025\/06\/Nuxe-Nuxuriance-Ultra-Creme-Riche-Redensifiante-50ml-nova-parapharmacie-maroc.jpg\" \/>\n\t<meta property=\"og:image:width\" content=\"1000\" \/>\n\t<meta property=\"og:image:height\" content=\"1000\" \/>\n\t<meta property=\"og:image:type\" content=\"image\/jpeg\" \/>\n<meta name=\"twitter:card\" content=\"summary_large_image\" \/>\n<meta name=\"twitter:label1\" content=\"\u0648\u0642\u062a \u0627\u0644\u0642\u0631\u0627\u0621\u0629 \u0627\u0644\u0645\u064f\u0642\u062f\u0651\u0631\" \/>\n\t<meta name=\"twitter:data1\" content=\"\u062f\u0642\u064a\u0642\u0629 \u0648\u0627\u062d\u062f\u0629\" \/>\n<script type=\"application\/ld+json\" class=\"yoast-schema-graph\">{\"@context\":\"https:\\\/\\\/schema.org\",\"@graph\":[{\"@type\":[\"WebPage\",\"ItemPage\"],\"@id\":\"https:\\\/\\\/vitablanca.ma\\\/produit\\\/nuxe-nuxuriance-ultra-creme-riche-redensifiante-50ml\\\/\",\"url\":\"https:\\\/\\\/vitablanca.ma\\\/produit\\\/nuxe-nuxuriance-ultra-creme-riche-redensifiante-50ml\\\/\",\"name\":\"Nuxe Nuxuriance Ultra Cr\u00e8me Riche Redensifiante 50ml - Maroc Prix\",\"isPartOf\":{\"@id\":\"https:\\\/\\\/vitablanca.ma\\\/#website\"},\"primaryImageOfPage\":{\"@id\":\"https:\\\/\\\/vitablanca.ma\\\/produit\\\/nuxe-nuxuriance-ultra-creme-riche-redensifiante-50ml\\\/#primaryimage\"},\"image\":{\"@id\":\"https:\\\/\\\/vitablanca.ma\\\/produit\\\/nuxe-nuxuriance-ultra-creme-riche-redensifiante-50ml\\\/#primaryimage\"},\"thumbnailUrl\":\"https:\\\/\\\/vitablanca.ma\\\/wp-content\\\/uploads\\\/2025\\\/06\\\/Nuxe-Nuxuriance-Ultra-Creme-Riche-Redensifiante-50ml-nova-parapharmacie-maroc.jpg\",\"datePublished\":\"2025-06-11T20:39:11+00:00\",\"dateModified\":\"2025-12-17T19:34:54+00:00\",\"description\":\"Nuxe Nuxuriance Ultra Cr\u00e8me Riche Redensifiante 50ml\",\"breadcrumb\":{\"@id\":\"https:\\\/\\\/vitablanca.ma\\\/produit\\\/nuxe-nuxuriance-ultra-creme-riche-redensifiante-50ml\\\/#breadcrumb\"},\"inLanguage\":\"ar\",\"potentialAction\":[{\"@type\":\"ReadAction\",\"target\":[\"https:\\\/\\\/vitablanca.ma\\\/produit\\\/nuxe-nuxuriance-ultra-creme-riche-redensifiante-50ml\\\/\"]}]},{\"@type\":\"ImageObject\",\"inLanguage\":\"ar\",\"@id\":\"https:\\\/\\\/vitablanca.ma\\\/produit\\\/nuxe-nuxuriance-ultra-creme-riche-redensifiante-50ml\\\/#primaryimage\",\"url\":\"https:\\\/\\\/vitablanca.ma\\\/wp-content\\\/uploads\\\/2025\\\/06\\\/Nuxe-Nuxuriance-Ultra-Creme-Riche-Redensifiante-50ml-nova-parapharmacie-maroc.jpg\",\"contentUrl\":\"https:\\\/\\\/vitablanca.ma\\\/wp-content\\\/uploads\\\/2025\\\/06\\\/Nuxe-Nuxuriance-Ultra-Creme-Riche-Redensifiante-50ml-nova-parapharmacie-maroc.jpg\",\"width\":1000,\"height\":1000},{\"@type\":\"BreadcrumbList\",\"@id\":\"https:\\\/\\\/vitablanca.ma\\\/produit\\\/nuxe-nuxuriance-ultra-creme-riche-redensifiante-50ml\\\/#breadcrumb\",\"itemListElement\":[{\"@type\":\"ListItem\",\"position\":1,\"name\":\"Home\",\"item\":\"https:\\\/\\\/vitablanca.ma\\\/\"},{\"@type\":\"ListItem\",\"position\":2,\"name\":\"Tous Les Produits\",\"item\":\"https:\\\/\\\/vitablanca.ma\\\/tous-les-produits\\\/\"},{\"@type\":\"ListItem\",\"position\":3,\"name\":\"Nuxe Nuxuriance Ultra Cr\u00e8me Riche Redensifiante 50ml\"}]},{\"@type\":\"WebSite\",\"@id\":\"https:\\\/\\\/vitablanca.ma\\\/#website\",\"url\":\"https:\\\/\\\/vitablanca.ma\\\/\",\"name\":\"VitaBlanca.ma | Compl\u00e9ments alimentaires, sant\u00e9 & beaut\u00e9 au Maroc\",\"description\":\"vendre vitamines et compl\u00e9ments premium des USA &amp; Canada, Nouvelle Z\u00e9lande,Maroc (NOW Foods, Solgar, Manuka). Livraison rapide partout au Maroc.\",\"publisher\":{\"@id\":\"https:\\\/\\\/vitablanca.ma\\\/#organization\"},\"alternateName\":\"VitaBlanca.ma\",\"potentialAction\":[{\"@type\":\"SearchAction\",\"target\":{\"@type\":\"EntryPoint\",\"urlTemplate\":\"https:\\\/\\\/vitablanca.ma\\\/?s={search_term_string}\"},\"query-input\":{\"@type\":\"PropertyValueSpecification\",\"valueRequired\":true,\"valueName\":\"search_term_string\"}}],\"inLanguage\":\"ar\"},{\"@type\":\"Organization\",\"@id\":\"https:\\\/\\\/vitablanca.ma\\\/#organization\",\"name\":\"VitaBlanca\",\"url\":\"https:\\\/\\\/vitablanca.ma\\\/\",\"logo\":{\"@type\":\"ImageObject\",\"inLanguage\":\"ar\",\"@id\":\"https:\\\/\\\/vitablanca.ma\\\/#\\\/schema\\\/logo\\\/image\\\/\",\"url\":\"https:\\\/\\\/vitablanca.ma\\\/wp-content\\\/uploads\\\/2025\\\/05\\\/cropped-vitablanca.png\",\"contentUrl\":\"https:\\\/\\\/vitablanca.ma\\\/wp-content\\\/uploads\\\/2025\\\/05\\\/cropped-vitablanca.png\",\"width\":360,\"height\":67,\"caption\":\"VitaBlanca\"},\"image\":{\"@id\":\"https:\\\/\\\/vitablanca.ma\\\/#\\\/schema\\\/logo\\\/image\\\/\"},\"sameAs\":[\"https:\\\/\\\/www.facebook.com\\\/profile.php?id=61576678196717\",\"https:\\\/\\\/www.tiktok.com\\\/@vitablanca.ma\",\"https:\\\/\\\/www.instagram.com\\\/vitablanca.ma\\\/\"]}]}<\/script>\n<!-- \/ Yoast SEO plugin. -->","yoast_head_json":{"title":"Nuxe Nuxuriance Ultra Cr\u00e8me Riche Redensifiante 50ml - Maroc Prix","description":"\u0643\u0631\u064a\u0645 \u0646\u0648\u0643\u0633 \u0646\u0648\u0643\u0633\u064a\u0631\u064a\u0627\u0646\u0633 \u0623\u0644\u062a\u0631\u0627 \u0631\u064a\u062a\u0634 \u0631\u064a\u062f\u064a\u0646\u0633\u064a\u0641\u0627\u064a\u0646\u063a 50 \u0645\u0644","robots":{"index":"index","follow":"follow","max-snippet":"max-snippet:-1","max-image-preview":"max-image-preview:large","max-video-preview":"max-video-preview:-1"},"canonical":"https:\/\/vitablanca.ma\/ar\/product-2\/nuxe-nuxuriance-ultra-creme-riche-redensifiante-50ml\/","og_locale":"ar_AR","og_type":"article","og_title":"Nuxe Nuxuriance Ultra Cr\u00e8me Riche Redensifiante 50ml - Maroc Prix","og_description":"Nuxe Nuxuriance Ultra Cr\u00e8me Riche Redensifiante 50ml","og_url":"https:\/\/vitablanca.ma\/ar\/product-2\/nuxe-nuxuriance-ultra-creme-riche-redensifiante-50ml\/","og_site_name":"Vitablanca.ma &ndash; Sant&eacute;, vitalit&eacute; et bien-&ecirc;tre pour tous les Marocains","article_publisher":"https:\/\/www.facebook.com\/profile.php?id=61576678196717","article_modified_time":"2025-12-17T19:34:54+00:00","og_image":[{"width":1000,"height":1000,"url":"https:\/\/vitablanca.ma\/wp-content\/uploads\/2025\/06\/Nuxe-Nuxuriance-Ultra-Creme-Riche-Redensifiante-50ml-nova-parapharmacie-maroc.jpg","type":"image\/jpeg"}],"twitter_card":"summary_large_image","twitter_misc":{"\u0648\u0642\u062a \u0627\u0644\u0642\u0631\u0627\u0621\u0629 \u0627\u0644\u0645\u064f\u0642\u062f\u0651\u0631":"\u062f\u0642\u064a\u0642\u0629 \u0648\u0627\u062d\u062f\u0629"},"schema":{"@context":"https:\/\/schema.org","@graph":[{"@type":["WebPage","ItemPage"],"@id":"https:\/\/vitablanca.ma\/produit\/nuxe-nuxuriance-ultra-creme-riche-redensifiante-50ml\/","url":"https:\/\/vitablanca.ma\/produit\/nuxe-nuxuriance-ultra-creme-riche-redensifiante-50ml\/","name":"Nuxe Nuxuriance Ultra Cr\u00e8me Riche Redensifiante 50ml - Maroc Prix","isPartOf":{"@id":"https:\/\/vitablanca.ma\/#website"},"primaryImageOfPage":{"@id":"https:\/\/vitablanca.ma\/produit\/nuxe-nuxuriance-ultra-creme-riche-redensifiante-50ml\/#primaryimage"},"image":{"@id":"https:\/\/vitablanca.ma\/produit\/nuxe-nuxuriance-ultra-creme-riche-redensifiante-50ml\/#primaryimage"},"thumbnailUrl":"https:\/\/vitablanca.ma\/wp-content\/uploads\/2025\/06\/Nuxe-Nuxuriance-Ultra-Creme-Riche-Redensifiante-50ml-nova-parapharmacie-maroc.jpg","datePublished":"2025-06-11T20:39:11+00:00","dateModified":"2025-12-17T19:34:54+00:00","description":"\u0643\u0631\u064a\u0645 \u0646\u0648\u0643\u0633 \u0646\u0648\u0643\u0633\u064a\u0631\u064a\u0627\u0646\u0633 \u0623\u0644\u062a\u0631\u0627 \u0631\u064a\u062a\u0634 \u0631\u064a\u062f\u064a\u0646\u0633\u064a\u0641\u0627\u064a\u0646\u063a 50 \u0645\u0644","breadcrumb":{"@id":"https:\/\/vitablanca.ma\/produit\/nuxe-nuxuriance-ultra-creme-riche-redensifiante-50ml\/#breadcrumb"},"inLanguage":"ar","potentialAction":[{"@type":"ReadAction","target":["https:\/\/vitablanca.ma\/produit\/nuxe-nuxuriance-ultra-creme-riche-redensifiante-50ml\/"]}]},{"@type":"ImageObject","inLanguage":"ar","@id":"https:\/\/vitablanca.ma\/produit\/nuxe-nuxuriance-ultra-creme-riche-redensifiante-50ml\/#primaryimage","url":"https:\/\/vitablanca.ma\/wp-content\/uploads\/2025\/06\/Nuxe-Nuxuriance-Ultra-Creme-Riche-Redensifiante-50ml-nova-parapharmacie-maroc.jpg","contentUrl":"https:\/\/vitablanca.ma\/wp-content\/uploads\/2025\/06\/Nuxe-Nuxuriance-Ultra-Creme-Riche-Redensifiante-50ml-nova-parapharmacie-maroc.jpg","width":1000,"height":1000},{"@type":"BreadcrumbList","@id":"https:\/\/vitablanca.ma\/produit\/nuxe-nuxuriance-ultra-creme-riche-redensifiante-50ml\/#breadcrumb","itemListElement":[{"@type":"ListItem","position":1,"name":"Home","item":"https:\/\/vitablanca.ma\/"},{"@type":"ListItem","position":2,"name":"Tous Les Produits","item":"https:\/\/vitablanca.ma\/tous-les-produits\/"},{"@type":"ListItem","position":3,"name":"Nuxe Nuxuriance Ultra Cr\u00e8me Riche Redensifiante 50ml"}]},{"@type":"WebSite","@id":"https:\/\/vitablanca.ma\/#website","url":"https:\/\/vitablanca.ma\/","name":"VitaBlanca.ma | \u0627\u0644\u0645\u0643\u0645\u0644\u0627\u062a \u0627\u0644\u063a\u0630\u0627\u0626\u064a\u0629\u060c \u0627\u0644\u0635\u062d\u0629 \u0648\u0627\u0644\u062c\u0645\u0627\u0644 \u0641\u064a \u0627\u0644\u0645\u063a\u0631\u0628","description":"\u0646\u0628\u064a\u0639 \u0641\u064a\u062a\u0627\u0645\u064a\u0646\u0627\u062a \u0648\u0645\u0643\u0645\u0644\u0627\u062a \u063a\u0630\u0627\u0626\u064a\u0629 \u0641\u0627\u062e\u0631\u0629 \u0645\u0646 \u0627\u0644\u0648\u0644\u0627\u064a\u0627\u062a \u0627\u0644\u0645\u062a\u062d\u062f\u0629 \u0627\u0644\u0623\u0645\u0631\u064a\u0643\u064a\u0629 \u0648\u0643\u0646\u062f\u0627 \u0648\u0646\u064a\u0648\u0632\u064a\u0644\u0646\u062f\u0627 \u0648\u0627\u0644\u0645\u063a\u0631\u0628 (\u0646\u0627\u0648 \u0641\u0648\u062f\u0632\u060c \u0633\u0648\u0644\u062c\u0627\u0631\u060c \u0645\u0627\u0646\u0648\u0643\u0627). \u062a\u0648\u0635\u064a\u0644 \u0633\u0631\u064a\u0639 \u0625\u0644\u0649 \u062c\u0645\u064a\u0639 \u0623\u0646\u062d\u0627\u0621 \u0627\u0644\u0645\u063a\u0631\u0628.","publisher":{"@id":"https:\/\/vitablanca.ma\/#organization"},"alternateName":"VitaBlanca.ma","potentialAction":[{"@type":"SearchAction","target":{"@type":"EntryPoint","urlTemplate":"https:\/\/vitablanca.ma\/?s={search_term_string}"},"query-input":{"@type":"PropertyValueSpecification","valueRequired":true,"valueName":"search_term_string"}}],"inLanguage":"ar"},{"@type":"Organization","@id":"https:\/\/vitablanca.ma\/#organization","name":"\u0641\u064a\u062a\u0627\u0628\u0644\u0627\u0646\u0643\u0627","url":"https:\/\/vitablanca.ma\/","logo":{"@type":"ImageObject","inLanguage":"ar","@id":"https:\/\/vitablanca.ma\/#\/schema\/logo\/image\/","url":"https:\/\/vitablanca.ma\/wp-content\/uploads\/2025\/05\/cropped-vitablanca.png","contentUrl":"https:\/\/vitablanca.ma\/wp-content\/uploads\/2025\/05\/cropped-vitablanca.png","width":360,"height":67,"caption":"VitaBlanca"},"image":{"@id":"https:\/\/vitablanca.ma\/#\/schema\/logo\/image\/"},"sameAs":["https:\/\/www.facebook.com\/profile.php?id=61576678196717","https:\/\/www.tiktok.com\/@vitablanca.ma","https:\/\/www.instagram.com\/vitablanca.ma\/"]}]}},"jetpack_sharing_enabled":true,"_links":{"self":[{"href":"https:\/\/vitablanca.ma\/ar\/wp-json\/wp\/v2\/product\/20859","targetHints":{"allow":["GET"]}}],"collection":[{"href":"https:\/\/vitablanca.ma\/ar\/wp-json\/wp\/v2\/product"}],"about":[{"href":"https:\/\/vitablanca.ma\/ar\/wp-json\/wp\/v2\/types\/product"}],"wp:featuredmedia":[{"embeddable":true,"href":"https:\/\/vitablanca.ma\/ar\/wp-json\/wp\/v2\/media\/20858"}],"wp:attachment":[{"href":"https:\/\/vitablanca.ma\/ar\/wp-json\/wp\/v2\/media?parent=20859"}],"wp:term":[{"taxonomy":"product_brand","embeddable":true,"href":"https:\/\/vitablanca.ma\/ar\/wp-json\/wp\/v2\/product_brand?post=20859"},{"taxonomy":"product_cat","embeddable":true,"href":"https:\/\/vitablanca.ma\/ar\/wp-json\/wp\/v2\/product_cat?post=20859"},{"taxonomy":"product_tag","embeddable":true,"href":"https:\/\/vitablanca.ma\/ar\/wp-json\/wp\/v2\/product_tag?post=20859"}],"curies":[{"name":"wp","href":"https:\/\/api.w.org\/{rel}","templated":true}]}}