{"id":20845,"date":"2025-06-11T20:38:39","date_gmt":"2025-06-11T20:38:39","guid":{"rendered":"https:\/\/vitablanca.ma\/product\/nuxe-men-gel-douche-multi-usages-200ml\/"},"modified":"2026-02-22T00:14:55","modified_gmt":"2026-02-22T00:14:55","slug":"nuxe-men-gel-douche-multi-usages-200ml","status":"publish","type":"product","link":"https:\/\/vitablanca.ma\/ar\/product-2\/nuxe-men-gel-douche-multi-usages-200ml\/","title":{"rendered":"\u062c\u0644 \u0627\u0644\u0627\u0633\u062a\u062d\u0645\u0627\u0645 \u0645\u062a\u0639\u062f\u062f \u0627\u0644\u0627\u0633\u062a\u062e\u062f\u0627\u0645\u0627\u062a \u0645\u0646 \u0646\u0648\u0643\u0633 \u0644\u0644\u0631\u062c\u0627\u0644 200 \u0645\u0644"},"content":{"rendered":"<h2>Nuxe Men Gel Douche Multi-Usages pour toutes les peaux m\u00eame sensibles &#8211; Visage, Corps, Cheveux<\/h2>\n<div class=\"product-group\">\n<div class=\"product-entry\">Avec sa base lavante d\u2019origine v\u00e9g\u00e9tale et son pH physiologique, ce gel douche, aux extraits de Ch\u00eane et de Charme, nettoie en douceur le visage, le corps et les cheveux. Il procure une v\u00e9ritable sensation \u00e9nergisante.<\/div>\n<\/div>\n<div class=\"product-group\">\n<div class=\"product-entry\">\n<h3 class=\"product-title-secondary\">CONSEILS BEAUT\u00c9<\/h3>\n<p>Appliquer le Gel Douche matin et\/ou soir sur la peau du visage et du corps, ainsi que sur les cheveux humides.<\/p>\n<p>Faire mousser g\u00e9n\u00e9reusement puis rincer.<\/p>\n<h3>INGREDIENTS<\/h3>\n<p>AQUA\/WATER, SODIUM LAURYL SULFATE, COCO-GLUCOSIDE, GLYCERIN, PARFUM\/FRAGRANCE, SODIUM COCOAMPHOACETATE, PHENOXYETHANOL, GLUCONOLACTONE, ACRYLATES\/C10-30 ALKYL ACRYLATE CROSSPOLYMER, LAURYL GLUCOSIDE, SODIUM COCOYL GLUTAMATE, SODIUM HYDROXIDE, SODIUM LAURYL GLUCOSE CARBOXYLATE, SODIUM BENZOATE, CITRIC ACID, HYDROXYPROPYL GUAR HYDROXYPROPYLTRIMONIUM CHLORIDE, TETRASODIUM EDTA, 1,2-HEXANEDIOL, CAPRYLYL GLYCOL, GLYCERYL OLEATE, ALCOHOL, CALCIUM GLUCONATE, TROPOLONE, CARPINUS BETULUS BUD EXTRACT, QUERCUS ROBUR BARK EXTRACT, HYDROGENATED PALM GLYCERIDES CITRATE, TOCOPHEROL, LIMONENE [N1905\/A].<\/p>\n<\/div>\n<\/div>\n","protected":false},"excerpt":{"rendered":"<p>Nuxe Men Gel Douche Multi-Usages pour toutes les peaux m\u00eame sensibles &#8211; Visage, Corps, Cheveux Avec sa base lavante d\u2019origine v\u00e9g\u00e9tale et son pH physiologique, ce gel douche, aux extraits de Ch\u00eane et de Charme, nettoie en douceur le visage, le corps et les cheveux. Il procure une v\u00e9ritable sensation \u00e9nergisante. CONSEILS BEAUT\u00c9 Appliquer le [&hellip;]<\/p>\n","protected":false},"featured_media":20844,"template":"","meta":{"om_disable_all_campaigns":false},"product_brand":[5409],"product_cat":[18],"product_tag":[9891,9892,9890,9894,9889,9878,9895,9893],"class_list":{"0":"post-20845","1":"product","2":"type-product","3":"status-publish","4":"has-post-thumbnail","6":"product_brand-nuxe-maroc-prix","7":"product_cat-beaute-sante","8":"product_tag-gel-douche-corps-visage-cheveux","9":"product_tag-gel-douche-homme-200ml","10":"product_tag-gel-douche-homme-multi-usages","11":"product_tag-gel-douche-parfum-boise","12":"product_tag-nuxe-men-gel-douche","13":"product_tag-nuxe-men-maroc","14":"product_tag-parapharmacie-maroc-homme","15":"product_tag-soin-homme-douche","17":"first","18":"instock","19":"sale","20":"taxable","21":"shipping-taxable","22":"purchasable","23":"product-type-simple"},"yoast_head":"<!-- This site is optimized with the Yoast SEO plugin v27.4 - https:\/\/yoast.com\/product\/yoast-seo-wordpress\/ -->\n<title>Nuxe Men Gel Douche Multi-Usages 200ml - Maroc Prix<\/title>\n<meta name=\"description\" content=\"Le Gel Douche Multi-Usages NUXE Men 200ml nettoie efficacement le corps, le visage et les cheveux en un seul geste. Sa formule douce respecte la peau\" \/>\n<meta name=\"robots\" content=\"index, follow, max-snippet:-1, max-image-preview:large, max-video-preview:-1\" \/>\n<link rel=\"canonical\" href=\"https:\/\/vitablanca.ma\/ar\/product-2\/nuxe-men-gel-douche-multi-usages-200ml\/\" \/>\n<meta property=\"og:locale\" content=\"ar_AR\" \/>\n<meta property=\"og:type\" content=\"article\" \/>\n<meta property=\"og:title\" content=\"Nuxe Men Gel Douche Multi-Usages 200ml - Maroc Prix\" \/>\n<meta property=\"og:description\" content=\"Le Gel Douche Multi-Usages NUXE Men 200ml nettoie efficacement le corps, le visage et les cheveux en un seul geste. Sa formule douce respecte la peau\" \/>\n<meta property=\"og:url\" content=\"https:\/\/vitablanca.ma\/ar\/product-2\/nuxe-men-gel-douche-multi-usages-200ml\/\" \/>\n<meta property=\"og:site_name\" content=\"Vitablanca.ma &ndash; Sant&eacute;, vitalit&eacute; et bien-&ecirc;tre pour tous les Marocains\" \/>\n<meta property=\"article:publisher\" content=\"https:\/\/www.facebook.com\/profile.php?id=61576678196717\" \/>\n<meta property=\"article:modified_time\" content=\"2026-02-22T00:14:55+00:00\" \/>\n<meta property=\"og:image\" content=\"https:\/\/vitablanca.ma\/wp-content\/uploads\/2025\/06\/Nuxe-Men-Gel-Douche-Multi-Usages-200ml-nova-parapharmacie-maroc.png\" \/>\n\t<meta property=\"og:image:width\" content=\"1000\" \/>\n\t<meta property=\"og:image:height\" content=\"1000\" \/>\n\t<meta property=\"og:image:type\" content=\"image\/png\" \/>\n<meta name=\"twitter:card\" content=\"summary_large_image\" \/>\n<meta name=\"twitter:label1\" content=\"\u0648\u0642\u062a \u0627\u0644\u0642\u0631\u0627\u0621\u0629 \u0627\u0644\u0645\u064f\u0642\u062f\u0651\u0631\" \/>\n\t<meta name=\"twitter:data1\" content=\"\u062f\u0642\u064a\u0642\u0629 \u0648\u0627\u062d\u062f\u0629\" \/>\n<script type=\"application\/ld+json\" class=\"yoast-schema-graph\">{\"@context\":\"https:\\\/\\\/schema.org\",\"@graph\":[{\"@type\":[\"WebPage\",\"ItemPage\"],\"@id\":\"https:\\\/\\\/vitablanca.ma\\\/produit\\\/nuxe-men-gel-douche-multi-usages-200ml\\\/\",\"url\":\"https:\\\/\\\/vitablanca.ma\\\/produit\\\/nuxe-men-gel-douche-multi-usages-200ml\\\/\",\"name\":\"Nuxe Men Gel Douche Multi-Usages 200ml - Maroc Prix\",\"isPartOf\":{\"@id\":\"https:\\\/\\\/vitablanca.ma\\\/#website\"},\"primaryImageOfPage\":{\"@id\":\"https:\\\/\\\/vitablanca.ma\\\/produit\\\/nuxe-men-gel-douche-multi-usages-200ml\\\/#primaryimage\"},\"image\":{\"@id\":\"https:\\\/\\\/vitablanca.ma\\\/produit\\\/nuxe-men-gel-douche-multi-usages-200ml\\\/#primaryimage\"},\"thumbnailUrl\":\"https:\\\/\\\/vitablanca.ma\\\/wp-content\\\/uploads\\\/2025\\\/06\\\/Nuxe-Men-Gel-Douche-Multi-Usages-200ml-nova-parapharmacie-maroc.png\",\"datePublished\":\"2025-06-11T20:38:39+00:00\",\"dateModified\":\"2026-02-22T00:14:55+00:00\",\"description\":\"Le Gel Douche Multi-Usages NUXE Men 200ml nettoie efficacement le corps, le visage et les cheveux en un seul geste. Sa formule douce respecte la peau\",\"breadcrumb\":{\"@id\":\"https:\\\/\\\/vitablanca.ma\\\/produit\\\/nuxe-men-gel-douche-multi-usages-200ml\\\/#breadcrumb\"},\"inLanguage\":\"ar\",\"potentialAction\":[{\"@type\":\"ReadAction\",\"target\":[\"https:\\\/\\\/vitablanca.ma\\\/produit\\\/nuxe-men-gel-douche-multi-usages-200ml\\\/\"]}]},{\"@type\":\"ImageObject\",\"inLanguage\":\"ar\",\"@id\":\"https:\\\/\\\/vitablanca.ma\\\/produit\\\/nuxe-men-gel-douche-multi-usages-200ml\\\/#primaryimage\",\"url\":\"https:\\\/\\\/vitablanca.ma\\\/wp-content\\\/uploads\\\/2025\\\/06\\\/Nuxe-Men-Gel-Douche-Multi-Usages-200ml-nova-parapharmacie-maroc.png\",\"contentUrl\":\"https:\\\/\\\/vitablanca.ma\\\/wp-content\\\/uploads\\\/2025\\\/06\\\/Nuxe-Men-Gel-Douche-Multi-Usages-200ml-nova-parapharmacie-maroc.png\",\"width\":1000,\"height\":1000},{\"@type\":\"BreadcrumbList\",\"@id\":\"https:\\\/\\\/vitablanca.ma\\\/produit\\\/nuxe-men-gel-douche-multi-usages-200ml\\\/#breadcrumb\",\"itemListElement\":[{\"@type\":\"ListItem\",\"position\":1,\"name\":\"Home\",\"item\":\"https:\\\/\\\/vitablanca.ma\\\/\"},{\"@type\":\"ListItem\",\"position\":2,\"name\":\"Tous Les Produits\",\"item\":\"https:\\\/\\\/vitablanca.ma\\\/tous-les-produits\\\/\"},{\"@type\":\"ListItem\",\"position\":3,\"name\":\"Nuxe Men Gel Douche Multi-Usages 200ml\"}]},{\"@type\":\"WebSite\",\"@id\":\"https:\\\/\\\/vitablanca.ma\\\/#website\",\"url\":\"https:\\\/\\\/vitablanca.ma\\\/\",\"name\":\"VitaBlanca.ma | Compl\u00e9ments alimentaires, sant\u00e9 & beaut\u00e9 au Maroc\",\"description\":\"vendre vitamines et compl\u00e9ments premium des USA &amp; Canada, Nouvelle Z\u00e9lande,Maroc (NOW Foods, Solgar, Manuka). Livraison rapide partout au Maroc.\",\"publisher\":{\"@id\":\"https:\\\/\\\/vitablanca.ma\\\/#organization\"},\"alternateName\":\"VitaBlanca.ma\",\"potentialAction\":[{\"@type\":\"SearchAction\",\"target\":{\"@type\":\"EntryPoint\",\"urlTemplate\":\"https:\\\/\\\/vitablanca.ma\\\/?s={search_term_string}\"},\"query-input\":{\"@type\":\"PropertyValueSpecification\",\"valueRequired\":true,\"valueName\":\"search_term_string\"}}],\"inLanguage\":\"ar\"},{\"@type\":\"Organization\",\"@id\":\"https:\\\/\\\/vitablanca.ma\\\/#organization\",\"name\":\"VitaBlanca\",\"url\":\"https:\\\/\\\/vitablanca.ma\\\/\",\"logo\":{\"@type\":\"ImageObject\",\"inLanguage\":\"ar\",\"@id\":\"https:\\\/\\\/vitablanca.ma\\\/#\\\/schema\\\/logo\\\/image\\\/\",\"url\":\"https:\\\/\\\/vitablanca.ma\\\/wp-content\\\/uploads\\\/2025\\\/05\\\/cropped-vitablanca.png\",\"contentUrl\":\"https:\\\/\\\/vitablanca.ma\\\/wp-content\\\/uploads\\\/2025\\\/05\\\/cropped-vitablanca.png\",\"width\":360,\"height\":67,\"caption\":\"VitaBlanca\"},\"image\":{\"@id\":\"https:\\\/\\\/vitablanca.ma\\\/#\\\/schema\\\/logo\\\/image\\\/\"},\"sameAs\":[\"https:\\\/\\\/www.facebook.com\\\/profile.php?id=61576678196717\",\"https:\\\/\\\/www.tiktok.com\\\/@vitablanca.ma\",\"https:\\\/\\\/www.instagram.com\\\/vitablanca.ma\\\/\"]}]}<\/script>\n<!-- \/ Yoast SEO plugin. -->","yoast_head_json":{"title":"\u062c\u0644 \u0627\u0644\u0627\u0633\u062a\u062d\u0645\u0627\u0645 \u0645\u062a\u0639\u062f\u062f \u0627\u0644\u0627\u0633\u062a\u062e\u062f\u0627\u0645\u0627\u062a \u0645\u0646 \u0646\u0648\u0643\u0633 \u0644\u0644\u0631\u062c\u0627\u0644 200 \u0645\u0644 - \u0633\u0639\u0631 \u0627\u0644\u0645\u063a\u0631\u0628","description":"Le Gel Douche Multi-Usages NUXE Men 200ml nettoie efficacement le corps, le visage et les cheveux en un seul geste. Sa formule douce respecte la peau","robots":{"index":"index","follow":"follow","max-snippet":"max-snippet:-1","max-image-preview":"max-image-preview:large","max-video-preview":"max-video-preview:-1"},"canonical":"https:\/\/vitablanca.ma\/ar\/product-2\/nuxe-men-gel-douche-multi-usages-200ml\/","og_locale":"ar_AR","og_type":"article","og_title":"Nuxe Men Gel Douche Multi-Usages 200ml - Maroc Prix","og_description":"Le Gel Douche Multi-Usages NUXE Men 200ml nettoie efficacement le corps, le visage et les cheveux en un seul geste. Sa formule douce respecte la peau","og_url":"https:\/\/vitablanca.ma\/ar\/product-2\/nuxe-men-gel-douche-multi-usages-200ml\/","og_site_name":"Vitablanca.ma &ndash; Sant&eacute;, vitalit&eacute; et bien-&ecirc;tre pour tous les Marocains","article_publisher":"https:\/\/www.facebook.com\/profile.php?id=61576678196717","article_modified_time":"2026-02-22T00:14:55+00:00","og_image":[{"width":1000,"height":1000,"url":"https:\/\/vitablanca.ma\/wp-content\/uploads\/2025\/06\/Nuxe-Men-Gel-Douche-Multi-Usages-200ml-nova-parapharmacie-maroc.png","type":"image\/png"}],"twitter_card":"summary_large_image","twitter_misc":{"\u0648\u0642\u062a \u0627\u0644\u0642\u0631\u0627\u0621\u0629 \u0627\u0644\u0645\u064f\u0642\u062f\u0651\u0631":"\u062f\u0642\u064a\u0642\u0629 \u0648\u0627\u062d\u062f\u0629"},"schema":{"@context":"https:\/\/schema.org","@graph":[{"@type":["WebPage","ItemPage"],"@id":"https:\/\/vitablanca.ma\/produit\/nuxe-men-gel-douche-multi-usages-200ml\/","url":"https:\/\/vitablanca.ma\/produit\/nuxe-men-gel-douche-multi-usages-200ml\/","name":"\u062c\u0644 \u0627\u0644\u0627\u0633\u062a\u062d\u0645\u0627\u0645 \u0645\u062a\u0639\u062f\u062f \u0627\u0644\u0627\u0633\u062a\u062e\u062f\u0627\u0645\u0627\u062a \u0645\u0646 \u0646\u0648\u0643\u0633 \u0644\u0644\u0631\u062c\u0627\u0644 200 \u0645\u0644 - \u0633\u0639\u0631 \u0627\u0644\u0645\u063a\u0631\u0628","isPartOf":{"@id":"https:\/\/vitablanca.ma\/#website"},"primaryImageOfPage":{"@id":"https:\/\/vitablanca.ma\/produit\/nuxe-men-gel-douche-multi-usages-200ml\/#primaryimage"},"image":{"@id":"https:\/\/vitablanca.ma\/produit\/nuxe-men-gel-douche-multi-usages-200ml\/#primaryimage"},"thumbnailUrl":"https:\/\/vitablanca.ma\/wp-content\/uploads\/2025\/06\/Nuxe-Men-Gel-Douche-Multi-Usages-200ml-nova-parapharmacie-maroc.png","datePublished":"2025-06-11T20:38:39+00:00","dateModified":"2026-02-22T00:14:55+00:00","description":"Le Gel Douche Multi-Usages NUXE Men 200ml nettoie efficacement le corps, le visage et les cheveux en un seul geste. Sa formule douce respecte la peau","breadcrumb":{"@id":"https:\/\/vitablanca.ma\/produit\/nuxe-men-gel-douche-multi-usages-200ml\/#breadcrumb"},"inLanguage":"ar","potentialAction":[{"@type":"ReadAction","target":["https:\/\/vitablanca.ma\/produit\/nuxe-men-gel-douche-multi-usages-200ml\/"]}]},{"@type":"ImageObject","inLanguage":"ar","@id":"https:\/\/vitablanca.ma\/produit\/nuxe-men-gel-douche-multi-usages-200ml\/#primaryimage","url":"https:\/\/vitablanca.ma\/wp-content\/uploads\/2025\/06\/Nuxe-Men-Gel-Douche-Multi-Usages-200ml-nova-parapharmacie-maroc.png","contentUrl":"https:\/\/vitablanca.ma\/wp-content\/uploads\/2025\/06\/Nuxe-Men-Gel-Douche-Multi-Usages-200ml-nova-parapharmacie-maroc.png","width":1000,"height":1000},{"@type":"BreadcrumbList","@id":"https:\/\/vitablanca.ma\/produit\/nuxe-men-gel-douche-multi-usages-200ml\/#breadcrumb","itemListElement":[{"@type":"ListItem","position":1,"name":"Home","item":"https:\/\/vitablanca.ma\/"},{"@type":"ListItem","position":2,"name":"Tous Les Produits","item":"https:\/\/vitablanca.ma\/tous-les-produits\/"},{"@type":"ListItem","position":3,"name":"Nuxe Men Gel Douche Multi-Usages 200ml"}]},{"@type":"WebSite","@id":"https:\/\/vitablanca.ma\/#website","url":"https:\/\/vitablanca.ma\/","name":"VitaBlanca.ma | \u0627\u0644\u0645\u0643\u0645\u0644\u0627\u062a \u0627\u0644\u063a\u0630\u0627\u0626\u064a\u0629\u060c \u0627\u0644\u0635\u062d\u0629 \u0648\u0627\u0644\u062c\u0645\u0627\u0644 \u0641\u064a \u0627\u0644\u0645\u063a\u0631\u0628","description":"\u0646\u0628\u064a\u0639 \u0641\u064a\u062a\u0627\u0645\u064a\u0646\u0627\u062a \u0648\u0645\u0643\u0645\u0644\u0627\u062a \u063a\u0630\u0627\u0626\u064a\u0629 \u0641\u0627\u062e\u0631\u0629 \u0645\u0646 \u0627\u0644\u0648\u0644\u0627\u064a\u0627\u062a \u0627\u0644\u0645\u062a\u062d\u062f\u0629 \u0627\u0644\u0623\u0645\u0631\u064a\u0643\u064a\u0629 \u0648\u0643\u0646\u062f\u0627 \u0648\u0646\u064a\u0648\u0632\u064a\u0644\u0646\u062f\u0627 \u0648\u0627\u0644\u0645\u063a\u0631\u0628 (\u0646\u0627\u0648 \u0641\u0648\u062f\u0632\u060c \u0633\u0648\u0644\u062c\u0627\u0631\u060c \u0645\u0627\u0646\u0648\u0643\u0627). \u062a\u0648\u0635\u064a\u0644 \u0633\u0631\u064a\u0639 \u0625\u0644\u0649 \u062c\u0645\u064a\u0639 \u0623\u0646\u062d\u0627\u0621 \u0627\u0644\u0645\u063a\u0631\u0628.","publisher":{"@id":"https:\/\/vitablanca.ma\/#organization"},"alternateName":"VitaBlanca.ma","potentialAction":[{"@type":"SearchAction","target":{"@type":"EntryPoint","urlTemplate":"https:\/\/vitablanca.ma\/?s={search_term_string}"},"query-input":{"@type":"PropertyValueSpecification","valueRequired":true,"valueName":"search_term_string"}}],"inLanguage":"ar"},{"@type":"Organization","@id":"https:\/\/vitablanca.ma\/#organization","name":"\u0641\u064a\u062a\u0627\u0628\u0644\u0627\u0646\u0643\u0627","url":"https:\/\/vitablanca.ma\/","logo":{"@type":"ImageObject","inLanguage":"ar","@id":"https:\/\/vitablanca.ma\/#\/schema\/logo\/image\/","url":"https:\/\/vitablanca.ma\/wp-content\/uploads\/2025\/05\/cropped-vitablanca.png","contentUrl":"https:\/\/vitablanca.ma\/wp-content\/uploads\/2025\/05\/cropped-vitablanca.png","width":360,"height":67,"caption":"VitaBlanca"},"image":{"@id":"https:\/\/vitablanca.ma\/#\/schema\/logo\/image\/"},"sameAs":["https:\/\/www.facebook.com\/profile.php?id=61576678196717","https:\/\/www.tiktok.com\/@vitablanca.ma","https:\/\/www.instagram.com\/vitablanca.ma\/"]}]}},"jetpack_sharing_enabled":true,"_links":{"self":[{"href":"https:\/\/vitablanca.ma\/ar\/wp-json\/wp\/v2\/product\/20845","targetHints":{"allow":["GET"]}}],"collection":[{"href":"https:\/\/vitablanca.ma\/ar\/wp-json\/wp\/v2\/product"}],"about":[{"href":"https:\/\/vitablanca.ma\/ar\/wp-json\/wp\/v2\/types\/product"}],"wp:featuredmedia":[{"embeddable":true,"href":"https:\/\/vitablanca.ma\/ar\/wp-json\/wp\/v2\/media\/20844"}],"wp:attachment":[{"href":"https:\/\/vitablanca.ma\/ar\/wp-json\/wp\/v2\/media?parent=20845"}],"wp:term":[{"taxonomy":"product_brand","embeddable":true,"href":"https:\/\/vitablanca.ma\/ar\/wp-json\/wp\/v2\/product_brand?post=20845"},{"taxonomy":"product_cat","embeddable":true,"href":"https:\/\/vitablanca.ma\/ar\/wp-json\/wp\/v2\/product_cat?post=20845"},{"taxonomy":"product_tag","embeddable":true,"href":"https:\/\/vitablanca.ma\/ar\/wp-json\/wp\/v2\/product_tag?post=20845"}],"curies":[{"name":"wp","href":"https:\/\/api.w.org\/{rel}","templated":true}]}}