{"id":20843,"date":"2025-06-11T20:38:31","date_gmt":"2025-06-11T20:38:31","guid":{"rendered":"https:\/\/vitablanca.ma\/product\/nuxe-men-deodorant-protection-24h-50ml\/"},"modified":"2026-02-22T00:22:41","modified_gmt":"2026-02-22T00:22:41","slug":"nuxe-men-deodorant-protection-24h-50ml","status":"publish","type":"product","link":"https:\/\/vitablanca.ma\/ar\/product-2\/nuxe-men-deodorant-protection-24h-50ml\/","title":{"rendered":"\u0645\u0632\u064a\u0644 \u0627\u0644\u0639\u0631\u0642 \u0644\u0644\u062d\u0645\u0627\u064a\u0629 \u0644\u0645\u062f\u0629 24 \u0633\u0627\u0639\u0629 \u0645\u0646 \u0646\u0648\u0643\u0633 \u0644\u0644\u0631\u062c\u0627\u0644\u060c 50 \u0645\u0644"},"content":{"rendered":"<h2><span data-mce-fragment=\"1\">Nuxe Men D\u00e9odorant Protection 24h\u00a0anti-traces, anti-taches pour toutes les peaux<\/span><\/h2>\n<p><span data-mce-fragment=\"1\">Ce d\u00e9odorant assure une protection 24H. Anti-traces, anti-taches. Parfum masculin bois\u00e9 et \u00e9pic\u00e9.<\/span><\/p>\n<h3>Conseils d&rsquo;utilisation<\/h3>\n<p>Appliquer ce d\u00e9odorant Protection 24H sur une peau propre et s\u00e8che, le matin et \u00e0 tout moment de la journ\u00e9e.<\/p>\n<h3>Ingr\u00e9dients<\/h3>\n<p>AQUA\/WATER, SALVIA OFFICINALIS (SAGE) LEAF WATER, DECYL OLEATE, BUTYLENE GLYCOL, GLYCERIN, SILICA, GLYCERYL CAPRATE, ETHYLHEXYLGLYCERIN, ARACHIDYL ALCOHOL, CETEARYL ALCOHOL, PARFUM\/FRAGRANCE, CAPRYLOYL GLYCINE, MACADAMIA INTEGRIFOLIA SEED OIL, SODIUM BENZOATE, BEHENYL ALCOHOL, CITRIC ACID, SODIUM HYDROXIDE, ARACHIDYL GLUCOSIDE, ALLANTOIN, CETEARYL GLUCOSIDE, XANTHAN GUM, PHYTIC ACID, HYDROLYZED ADANSONIA DIGITATA EXTRACT, ACRYLATES\/C10-30 ALKYL ACRYLATE CROSSPOLYMER, BENZYL ALCOHOL, DEHYDROACETIC ACID, PHENOXYETHANOL, TOCOPHEROL, CARBOMER, LIMONENE, LINALOOL, CITRONELLOL [N3402\/A].<\/p>\n","protected":false},"excerpt":{"rendered":"<p>Nuxe Men D\u00e9odorant Protection 24h\u00a0anti-traces, anti-taches pour toutes les peaux Ce d\u00e9odorant assure une protection 24H. Anti-traces, anti-taches. Parfum masculin bois\u00e9 et \u00e9pic\u00e9. Conseils d&rsquo;utilisation Appliquer ce d\u00e9odorant Protection 24H sur une peau propre et s\u00e8che, le matin et \u00e0 tout moment de la journ\u00e9e. Ingr\u00e9dients AQUA\/WATER, SALVIA OFFICINALIS (SAGE) LEAF WATER, DECYL OLEATE, BUTYLENE [&hellip;]<\/p>\n","protected":false},"featured_media":20842,"template":"","meta":{"om_disable_all_campaigns":false},"product_brand":[5409],"product_cat":[18],"product_tag":[9898,9897,6577,9896,9878,9900,9899,9793],"class_list":{"0":"post-20843","1":"product","2":"type-product","3":"status-publish","4":"has-post-thumbnail","6":"product_brand-nuxe-maroc-prix","7":"product_cat-beaute-sante","8":"product_tag-deodorant-anti-transpirant-homme","9":"product_tag-deodorant-homme-24h","10":"product_tag-deodorant-peau-sensible","11":"product_tag-nuxe-men-deodorant","12":"product_tag-nuxe-men-maroc","13":"product_tag-parfum-masculin-nuxe","14":"product_tag-protection-24h-homme","15":"product_tag-soin-homme-nuxe","17":"first","18":"instock","19":"sale","20":"taxable","21":"shipping-taxable","22":"purchasable","23":"product-type-simple"},"yoast_head":"<!-- This site is optimized with the Yoast SEO plugin v27.4 - https:\/\/yoast.com\/product\/yoast-seo-wordpress\/ -->\n<title>Nuxe Men D\u00e9odorant Protection 24h 50ml - Maroc Prix<\/title>\n<meta name=\"description\" content=\"D\u00e9odorant NUXE Men 50ml. Protection 24h anti-transpirant, odeurs ma\u00eetris\u00e9es, formule douce pour peaux sensibles. deodorant anti-transpirant homme\" \/>\n<meta name=\"robots\" content=\"index, follow, max-snippet:-1, max-image-preview:large, max-video-preview:-1\" \/>\n<link rel=\"canonical\" href=\"https:\/\/vitablanca.ma\/ar\/product-2\/nuxe-men-deodorant-protection-24h-50ml\/\" \/>\n<meta property=\"og:locale\" content=\"ar_AR\" \/>\n<meta property=\"og:type\" content=\"article\" \/>\n<meta property=\"og:title\" content=\"Nuxe Men D\u00e9odorant Protection 24h 50ml - Maroc Prix\" \/>\n<meta property=\"og:description\" content=\"D\u00e9odorant NUXE Men 50ml. Protection 24h anti-transpirant, odeurs ma\u00eetris\u00e9es, formule douce pour peaux sensibles. deodorant anti-transpirant homme\" \/>\n<meta property=\"og:url\" content=\"https:\/\/vitablanca.ma\/ar\/product-2\/nuxe-men-deodorant-protection-24h-50ml\/\" \/>\n<meta property=\"og:site_name\" content=\"Vitablanca.ma &ndash; Sant&eacute;, vitalit&eacute; et bien-&ecirc;tre pour tous les Marocains\" \/>\n<meta property=\"article:publisher\" content=\"https:\/\/www.facebook.com\/profile.php?id=61576678196717\" \/>\n<meta property=\"article:modified_time\" content=\"2026-02-22T00:22:41+00:00\" \/>\n<meta property=\"og:image\" content=\"https:\/\/vitablanca.ma\/wp-content\/uploads\/2025\/06\/Nuxe-Men-Deodorant-Protection-24h-50ml-nova-parapharmacie-maroc.png\" \/>\n\t<meta property=\"og:image:width\" content=\"1000\" \/>\n\t<meta property=\"og:image:height\" content=\"1000\" \/>\n\t<meta property=\"og:image:type\" content=\"image\/png\" \/>\n<meta name=\"twitter:card\" content=\"summary_large_image\" \/>\n<meta name=\"twitter:label1\" content=\"\u0648\u0642\u062a \u0627\u0644\u0642\u0631\u0627\u0621\u0629 \u0627\u0644\u0645\u064f\u0642\u062f\u0651\u0631\" \/>\n\t<meta name=\"twitter:data1\" content=\"\u062f\u0642\u064a\u0642\u0629 \u0648\u0627\u062d\u062f\u0629\" \/>\n<script type=\"application\/ld+json\" class=\"yoast-schema-graph\">{\"@context\":\"https:\\\/\\\/schema.org\",\"@graph\":[{\"@type\":[\"WebPage\",\"ItemPage\"],\"@id\":\"https:\\\/\\\/vitablanca.ma\\\/produit\\\/nuxe-men-deodorant-protection-24h-50ml\\\/\",\"url\":\"https:\\\/\\\/vitablanca.ma\\\/produit\\\/nuxe-men-deodorant-protection-24h-50ml\\\/\",\"name\":\"Nuxe Men D\u00e9odorant Protection 24h 50ml - Maroc Prix\",\"isPartOf\":{\"@id\":\"https:\\\/\\\/vitablanca.ma\\\/#website\"},\"primaryImageOfPage\":{\"@id\":\"https:\\\/\\\/vitablanca.ma\\\/produit\\\/nuxe-men-deodorant-protection-24h-50ml\\\/#primaryimage\"},\"image\":{\"@id\":\"https:\\\/\\\/vitablanca.ma\\\/produit\\\/nuxe-men-deodorant-protection-24h-50ml\\\/#primaryimage\"},\"thumbnailUrl\":\"https:\\\/\\\/vitablanca.ma\\\/wp-content\\\/uploads\\\/2025\\\/06\\\/Nuxe-Men-Deodorant-Protection-24h-50ml-nova-parapharmacie-maroc.png\",\"datePublished\":\"2025-06-11T20:38:31+00:00\",\"dateModified\":\"2026-02-22T00:22:41+00:00\",\"description\":\"D\u00e9odorant NUXE Men 50ml. Protection 24h anti-transpirant, odeurs ma\u00eetris\u00e9es, formule douce pour peaux sensibles. deodorant anti-transpirant homme\",\"breadcrumb\":{\"@id\":\"https:\\\/\\\/vitablanca.ma\\\/produit\\\/nuxe-men-deodorant-protection-24h-50ml\\\/#breadcrumb\"},\"inLanguage\":\"ar\",\"potentialAction\":[{\"@type\":\"ReadAction\",\"target\":[\"https:\\\/\\\/vitablanca.ma\\\/produit\\\/nuxe-men-deodorant-protection-24h-50ml\\\/\"]}]},{\"@type\":\"ImageObject\",\"inLanguage\":\"ar\",\"@id\":\"https:\\\/\\\/vitablanca.ma\\\/produit\\\/nuxe-men-deodorant-protection-24h-50ml\\\/#primaryimage\",\"url\":\"https:\\\/\\\/vitablanca.ma\\\/wp-content\\\/uploads\\\/2025\\\/06\\\/Nuxe-Men-Deodorant-Protection-24h-50ml-nova-parapharmacie-maroc.png\",\"contentUrl\":\"https:\\\/\\\/vitablanca.ma\\\/wp-content\\\/uploads\\\/2025\\\/06\\\/Nuxe-Men-Deodorant-Protection-24h-50ml-nova-parapharmacie-maroc.png\",\"width\":1000,\"height\":1000},{\"@type\":\"BreadcrumbList\",\"@id\":\"https:\\\/\\\/vitablanca.ma\\\/produit\\\/nuxe-men-deodorant-protection-24h-50ml\\\/#breadcrumb\",\"itemListElement\":[{\"@type\":\"ListItem\",\"position\":1,\"name\":\"Home\",\"item\":\"https:\\\/\\\/vitablanca.ma\\\/\"},{\"@type\":\"ListItem\",\"position\":2,\"name\":\"Tous Les Produits\",\"item\":\"https:\\\/\\\/vitablanca.ma\\\/tous-les-produits\\\/\"},{\"@type\":\"ListItem\",\"position\":3,\"name\":\"Nuxe Men D\u00e9odorant Protection 24h 50ml\"}]},{\"@type\":\"WebSite\",\"@id\":\"https:\\\/\\\/vitablanca.ma\\\/#website\",\"url\":\"https:\\\/\\\/vitablanca.ma\\\/\",\"name\":\"VitaBlanca.ma | Compl\u00e9ments alimentaires, sant\u00e9 & beaut\u00e9 au Maroc\",\"description\":\"vendre vitamines et compl\u00e9ments premium des USA &amp; Canada, Nouvelle Z\u00e9lande,Maroc (NOW Foods, Solgar, Manuka). Livraison rapide partout au Maroc.\",\"publisher\":{\"@id\":\"https:\\\/\\\/vitablanca.ma\\\/#organization\"},\"alternateName\":\"VitaBlanca.ma\",\"potentialAction\":[{\"@type\":\"SearchAction\",\"target\":{\"@type\":\"EntryPoint\",\"urlTemplate\":\"https:\\\/\\\/vitablanca.ma\\\/?s={search_term_string}\"},\"query-input\":{\"@type\":\"PropertyValueSpecification\",\"valueRequired\":true,\"valueName\":\"search_term_string\"}}],\"inLanguage\":\"ar\"},{\"@type\":\"Organization\",\"@id\":\"https:\\\/\\\/vitablanca.ma\\\/#organization\",\"name\":\"VitaBlanca\",\"url\":\"https:\\\/\\\/vitablanca.ma\\\/\",\"logo\":{\"@type\":\"ImageObject\",\"inLanguage\":\"ar\",\"@id\":\"https:\\\/\\\/vitablanca.ma\\\/#\\\/schema\\\/logo\\\/image\\\/\",\"url\":\"https:\\\/\\\/vitablanca.ma\\\/wp-content\\\/uploads\\\/2025\\\/05\\\/cropped-vitablanca.png\",\"contentUrl\":\"https:\\\/\\\/vitablanca.ma\\\/wp-content\\\/uploads\\\/2025\\\/05\\\/cropped-vitablanca.png\",\"width\":360,\"height\":67,\"caption\":\"VitaBlanca\"},\"image\":{\"@id\":\"https:\\\/\\\/vitablanca.ma\\\/#\\\/schema\\\/logo\\\/image\\\/\"},\"sameAs\":[\"https:\\\/\\\/www.facebook.com\\\/profile.php?id=61576678196717\",\"https:\\\/\\\/www.tiktok.com\\\/@vitablanca.ma\",\"https:\\\/\\\/www.instagram.com\\\/vitablanca.ma\\\/\"]}]}<\/script>\n<!-- \/ Yoast SEO plugin. -->","yoast_head_json":{"title":"\u0645\u0632\u064a\u0644 \u0639\u0631\u0642 \u0646\u0648\u0643\u0633 \u0644\u0644\u0631\u062c\u0627\u0644 \u0628\u062d\u0645\u0627\u064a\u0629 \u062a\u062f\u0648\u0645 \u0662\u0664 \u0633\u0627\u0639\u0629 \u0665\u0660 \u0645\u0644 - \u0633\u0639\u0631 \u0627\u0644\u0645\u063a\u0631\u0628","description":"D\u00e9odorant NUXE Men 50ml. Protection 24h anti-transpirant, odeurs ma\u00eetris\u00e9es, formule douce pour peaux sensibles. deodorant anti-transpirant homme","robots":{"index":"index","follow":"follow","max-snippet":"max-snippet:-1","max-image-preview":"max-image-preview:large","max-video-preview":"max-video-preview:-1"},"canonical":"https:\/\/vitablanca.ma\/ar\/product-2\/nuxe-men-deodorant-protection-24h-50ml\/","og_locale":"ar_AR","og_type":"article","og_title":"Nuxe Men D\u00e9odorant Protection 24h 50ml - Maroc Prix","og_description":"D\u00e9odorant NUXE Men 50ml. Protection 24h anti-transpirant, odeurs ma\u00eetris\u00e9es, formule douce pour peaux sensibles. deodorant anti-transpirant homme","og_url":"https:\/\/vitablanca.ma\/ar\/product-2\/nuxe-men-deodorant-protection-24h-50ml\/","og_site_name":"Vitablanca.ma &ndash; Sant&eacute;, vitalit&eacute; et bien-&ecirc;tre pour tous les Marocains","article_publisher":"https:\/\/www.facebook.com\/profile.php?id=61576678196717","article_modified_time":"2026-02-22T00:22:41+00:00","og_image":[{"width":1000,"height":1000,"url":"https:\/\/vitablanca.ma\/wp-content\/uploads\/2025\/06\/Nuxe-Men-Deodorant-Protection-24h-50ml-nova-parapharmacie-maroc.png","type":"image\/png"}],"twitter_card":"summary_large_image","twitter_misc":{"\u0648\u0642\u062a \u0627\u0644\u0642\u0631\u0627\u0621\u0629 \u0627\u0644\u0645\u064f\u0642\u062f\u0651\u0631":"\u062f\u0642\u064a\u0642\u0629 \u0648\u0627\u062d\u062f\u0629"},"schema":{"@context":"https:\/\/schema.org","@graph":[{"@type":["WebPage","ItemPage"],"@id":"https:\/\/vitablanca.ma\/produit\/nuxe-men-deodorant-protection-24h-50ml\/","url":"https:\/\/vitablanca.ma\/produit\/nuxe-men-deodorant-protection-24h-50ml\/","name":"\u0645\u0632\u064a\u0644 \u0639\u0631\u0642 \u0646\u0648\u0643\u0633 \u0644\u0644\u0631\u062c\u0627\u0644 \u0628\u062d\u0645\u0627\u064a\u0629 \u062a\u062f\u0648\u0645 \u0662\u0664 \u0633\u0627\u0639\u0629 \u0665\u0660 \u0645\u0644 - \u0633\u0639\u0631 \u0627\u0644\u0645\u063a\u0631\u0628","isPartOf":{"@id":"https:\/\/vitablanca.ma\/#website"},"primaryImageOfPage":{"@id":"https:\/\/vitablanca.ma\/produit\/nuxe-men-deodorant-protection-24h-50ml\/#primaryimage"},"image":{"@id":"https:\/\/vitablanca.ma\/produit\/nuxe-men-deodorant-protection-24h-50ml\/#primaryimage"},"thumbnailUrl":"https:\/\/vitablanca.ma\/wp-content\/uploads\/2025\/06\/Nuxe-Men-Deodorant-Protection-24h-50ml-nova-parapharmacie-maroc.png","datePublished":"2025-06-11T20:38:31+00:00","dateModified":"2026-02-22T00:22:41+00:00","description":"D\u00e9odorant NUXE Men 50ml. Protection 24h anti-transpirant, odeurs ma\u00eetris\u00e9es, formule douce pour peaux sensibles. deodorant anti-transpirant homme","breadcrumb":{"@id":"https:\/\/vitablanca.ma\/produit\/nuxe-men-deodorant-protection-24h-50ml\/#breadcrumb"},"inLanguage":"ar","potentialAction":[{"@type":"ReadAction","target":["https:\/\/vitablanca.ma\/produit\/nuxe-men-deodorant-protection-24h-50ml\/"]}]},{"@type":"ImageObject","inLanguage":"ar","@id":"https:\/\/vitablanca.ma\/produit\/nuxe-men-deodorant-protection-24h-50ml\/#primaryimage","url":"https:\/\/vitablanca.ma\/wp-content\/uploads\/2025\/06\/Nuxe-Men-Deodorant-Protection-24h-50ml-nova-parapharmacie-maroc.png","contentUrl":"https:\/\/vitablanca.ma\/wp-content\/uploads\/2025\/06\/Nuxe-Men-Deodorant-Protection-24h-50ml-nova-parapharmacie-maroc.png","width":1000,"height":1000},{"@type":"BreadcrumbList","@id":"https:\/\/vitablanca.ma\/produit\/nuxe-men-deodorant-protection-24h-50ml\/#breadcrumb","itemListElement":[{"@type":"ListItem","position":1,"name":"Home","item":"https:\/\/vitablanca.ma\/"},{"@type":"ListItem","position":2,"name":"Tous Les Produits","item":"https:\/\/vitablanca.ma\/tous-les-produits\/"},{"@type":"ListItem","position":3,"name":"Nuxe Men D\u00e9odorant Protection 24h 50ml"}]},{"@type":"WebSite","@id":"https:\/\/vitablanca.ma\/#website","url":"https:\/\/vitablanca.ma\/","name":"VitaBlanca.ma | \u0627\u0644\u0645\u0643\u0645\u0644\u0627\u062a \u0627\u0644\u063a\u0630\u0627\u0626\u064a\u0629\u060c \u0627\u0644\u0635\u062d\u0629 \u0648\u0627\u0644\u062c\u0645\u0627\u0644 \u0641\u064a \u0627\u0644\u0645\u063a\u0631\u0628","description":"\u0646\u0628\u064a\u0639 \u0641\u064a\u062a\u0627\u0645\u064a\u0646\u0627\u062a \u0648\u0645\u0643\u0645\u0644\u0627\u062a \u063a\u0630\u0627\u0626\u064a\u0629 \u0641\u0627\u062e\u0631\u0629 \u0645\u0646 \u0627\u0644\u0648\u0644\u0627\u064a\u0627\u062a \u0627\u0644\u0645\u062a\u062d\u062f\u0629 \u0627\u0644\u0623\u0645\u0631\u064a\u0643\u064a\u0629 \u0648\u0643\u0646\u062f\u0627 \u0648\u0646\u064a\u0648\u0632\u064a\u0644\u0646\u062f\u0627 \u0648\u0627\u0644\u0645\u063a\u0631\u0628 (\u0646\u0627\u0648 \u0641\u0648\u062f\u0632\u060c \u0633\u0648\u0644\u062c\u0627\u0631\u060c \u0645\u0627\u0646\u0648\u0643\u0627). \u062a\u0648\u0635\u064a\u0644 \u0633\u0631\u064a\u0639 \u0625\u0644\u0649 \u062c\u0645\u064a\u0639 \u0623\u0646\u062d\u0627\u0621 \u0627\u0644\u0645\u063a\u0631\u0628.","publisher":{"@id":"https:\/\/vitablanca.ma\/#organization"},"alternateName":"VitaBlanca.ma","potentialAction":[{"@type":"SearchAction","target":{"@type":"EntryPoint","urlTemplate":"https:\/\/vitablanca.ma\/?s={search_term_string}"},"query-input":{"@type":"PropertyValueSpecification","valueRequired":true,"valueName":"search_term_string"}}],"inLanguage":"ar"},{"@type":"Organization","@id":"https:\/\/vitablanca.ma\/#organization","name":"\u0641\u064a\u062a\u0627\u0628\u0644\u0627\u0646\u0643\u0627","url":"https:\/\/vitablanca.ma\/","logo":{"@type":"ImageObject","inLanguage":"ar","@id":"https:\/\/vitablanca.ma\/#\/schema\/logo\/image\/","url":"https:\/\/vitablanca.ma\/wp-content\/uploads\/2025\/05\/cropped-vitablanca.png","contentUrl":"https:\/\/vitablanca.ma\/wp-content\/uploads\/2025\/05\/cropped-vitablanca.png","width":360,"height":67,"caption":"VitaBlanca"},"image":{"@id":"https:\/\/vitablanca.ma\/#\/schema\/logo\/image\/"},"sameAs":["https:\/\/www.facebook.com\/profile.php?id=61576678196717","https:\/\/www.tiktok.com\/@vitablanca.ma","https:\/\/www.instagram.com\/vitablanca.ma\/"]}]}},"jetpack_sharing_enabled":true,"_links":{"self":[{"href":"https:\/\/vitablanca.ma\/ar\/wp-json\/wp\/v2\/product\/20843","targetHints":{"allow":["GET"]}}],"collection":[{"href":"https:\/\/vitablanca.ma\/ar\/wp-json\/wp\/v2\/product"}],"about":[{"href":"https:\/\/vitablanca.ma\/ar\/wp-json\/wp\/v2\/types\/product"}],"wp:featuredmedia":[{"embeddable":true,"href":"https:\/\/vitablanca.ma\/ar\/wp-json\/wp\/v2\/media\/20842"}],"wp:attachment":[{"href":"https:\/\/vitablanca.ma\/ar\/wp-json\/wp\/v2\/media?parent=20843"}],"wp:term":[{"taxonomy":"product_brand","embeddable":true,"href":"https:\/\/vitablanca.ma\/ar\/wp-json\/wp\/v2\/product_brand?post=20843"},{"taxonomy":"product_cat","embeddable":true,"href":"https:\/\/vitablanca.ma\/ar\/wp-json\/wp\/v2\/product_cat?post=20843"},{"taxonomy":"product_tag","embeddable":true,"href":"https:\/\/vitablanca.ma\/ar\/wp-json\/wp\/v2\/product_tag?post=20843"}],"curies":[{"name":"wp","href":"https:\/\/api.w.org\/{rel}","templated":true}]}}