{"id":20812,"date":"2025-06-11T20:37:37","date_gmt":"2025-06-11T20:37:37","guid":{"rendered":"https:\/\/vitablanca.ma\/product\/nuxe-bio-masque-detoxifiant-eclat-50ml\/"},"modified":"2026-02-22T00:56:26","modified_gmt":"2026-02-22T00:56:26","slug":"nuxe-bio-masque-detoxifiant-eclat-50ml","status":"publish","type":"product","link":"https:\/\/vitablanca.ma\/ar\/product-2\/nuxe-bio-masque-detoxifiant-eclat-50ml\/","title":{"rendered":"Nuxe Bio Masque D\u00e9toxifiant Eclat 50ml"},"content":{"rendered":"<h2 class=\"productName_title\" data-product-name=\"title\" data-mce-fragment=\"1\">Masque D\u00e9toxifiant Eclat, NUXE BIO<\/h2>\n<p class=\"productName_title\" data-product-name=\"title\" data-mce-fragment=\"1\">D\u00e9toxifie, booste l\u2019\u00e9clat et la fra\u00eecheur de la peau. Toutes peaux.<\/p>\n<h3 class=\"productDescription_contentPropertyHeading productDescription_contentPropertyHeading-tabbed\" data-tab-title=\"Portrait\">\u0644\u064e\u0648\u062d\u064e\u0629<\/h3>\n<div id=\"product-description-content-lg-2\" class=\"productDescription_contentProperties productDescription_contentProperties_list\" aria-labelledby=\"product-description-heading-lg-2\" data-item-content=\"\">\n<div class=\"productDescription_synopsisContent\">\n<div>\n<p>Ce masque visage bio* d\u00e9toxifie la peau pour raviver son \u00e9clat gr\u00e2ce \u00e0 sa formule \u00e0 l\u2019huile de S\u00e9same et \u00e0 l\u2019extrait d\u2019Agrumes. Sa gel\u00e9e sensorielle au parfum hesp\u00e9rid\u00e9 se transforme en huile puis en lait pour se rincer en un clin d\u2019\u0153il et d\u00e9voiler un teint d\u00e9licieusement frais.<\/p>\n<p>*BIO certifi\u00e9.<\/p>\n<p><strong>Conseils Beaut\u00e9<\/strong><\/p>\n<p>1 \u00e0 2 fois par semaine, pr\u00e9levez une noisette de masque puis appliquez-le en couche \u00e9paisse sur peau s\u00e8che, sur l\u2019ensemble du visage en \u00e9vitant le contour des yeux.<\/p>\n<p>Laissez poser 5 minutes puis massez par mouvements circulaires jusqu\u2019\u00e0 transformation en huile. Rincez \u00e0 l\u2019eau fra\u00eeche.<\/p>\n<p>Appliquez ensuite votre soin de jour comme le Fluide hydratant correcteur de peau ou la Cr\u00e8me Riche Hydratante \u00c9clat.<\/p>\n<\/div>\n<\/div>\n<\/div>","protected":false},"excerpt":{"rendered":"<p>Masque D\u00e9toxifiant Eclat, NUXE BIO D\u00e9toxifie, booste l\u2019\u00e9clat et la fra\u00eecheur de la peau. Toutes peaux. Portrait Ce masque visage bio* d\u00e9toxifie la peau pour raviver son \u00e9clat gr\u00e2ce \u00e0 sa formule \u00e0 l\u2019huile de S\u00e9same et \u00e0 l\u2019extrait d\u2019Agrumes. Sa gel\u00e9e sensorielle au parfum hesp\u00e9rid\u00e9 se transforme en huile puis en lait pour se [&hellip;]<\/p>\n","protected":false},"featured_media":20811,"template":"","meta":{"om_disable_all_campaigns":false},"product_brand":[5409],"product_cat":[18],"product_tag":[9971,9969,9973,9968,9615,9972,9974,7390,9945,9970],"class_list":{"0":"post-20812","1":"product","2":"type-product","3":"status-publish","4":"has-post-thumbnail","6":"product_brand-nuxe-maroc-prix","7":"product_cat-beaute-sante","8":"product_tag-masque-bio-visage","9":"product_tag-masque-eclat-visage","10":"product_tag-masque-purifiant-50ml","11":"product_tag-nuxe-bio-masque-detoxifiant","12":"product_tag-nuxe-maroc","13":"product_tag-peau-nette-et-lumineuse","14":"product_tag-routine-visage-detox","15":"product_tag-soin-anti-imperfections","16":"product_tag-soin-peau-eclatante","17":"product_tag-soin-purifiant-nuxe","19":"first","20":"instock","21":"sale","22":"taxable","23":"shipping-taxable","24":"purchasable","25":"product-type-simple"},"yoast_head":"<!-- This site is optimized with the Yoast SEO plugin v27.4 - https:\/\/yoast.com\/product\/yoast-seo-wordpress\/ -->\n<title>Nuxe Bio Masque D\u00e9toxifiant Eclat 50ml - Maroc Prix<\/title>\n<meta name=\"description\" content=\"Le Bio Masque D\u00e9toxifiant \u00c9clat NUXE 50ml purifie la peau en profondeur tout en ravivant l\u2019\u00e9clat du teint. Sa formule bio \u00e0 base d\u2019actifs naturels\" \/>\n<meta name=\"robots\" content=\"index, follow, max-snippet:-1, max-image-preview:large, max-video-preview:-1\" \/>\n<link rel=\"canonical\" href=\"https:\/\/vitablanca.ma\/ar\/product-2\/nuxe-bio-masque-detoxifiant-eclat-50ml\/\" \/>\n<meta property=\"og:locale\" content=\"ar_AR\" \/>\n<meta property=\"og:type\" content=\"article\" \/>\n<meta property=\"og:title\" content=\"Nuxe Bio Masque D\u00e9toxifiant Eclat 50ml - Maroc Prix\" \/>\n<meta property=\"og:description\" content=\"Le Bio Masque D\u00e9toxifiant \u00c9clat NUXE 50ml purifie la peau en profondeur tout en ravivant l\u2019\u00e9clat du teint. Sa formule bio \u00e0 base d\u2019actifs naturels\" \/>\n<meta property=\"og:url\" content=\"https:\/\/vitablanca.ma\/ar\/product-2\/nuxe-bio-masque-detoxifiant-eclat-50ml\/\" \/>\n<meta property=\"og:site_name\" content=\"Vitablanca.ma &ndash; Sant&eacute;, vitalit&eacute; et bien-&ecirc;tre pour tous les Marocains\" \/>\n<meta property=\"article:publisher\" content=\"https:\/\/www.facebook.com\/profile.php?id=61576678196717\" \/>\n<meta property=\"article:modified_time\" content=\"2026-02-22T00:56:26+00:00\" \/>\n<meta property=\"og:image\" content=\"https:\/\/vitablanca.ma\/wp-content\/uploads\/2025\/06\/Nuxe-Bio-Masque-Detoxifiant-Eclat-50ml-parapharmacie-maroc.jpg\" \/>\n\t<meta property=\"og:image:width\" content=\"1000\" \/>\n\t<meta property=\"og:image:height\" content=\"1000\" \/>\n\t<meta property=\"og:image:type\" content=\"image\/jpeg\" \/>\n<meta name=\"twitter:card\" content=\"summary_large_image\" \/>\n<meta name=\"twitter:label1\" content=\"\u0648\u0642\u062a \u0627\u0644\u0642\u0631\u0627\u0621\u0629 \u0627\u0644\u0645\u064f\u0642\u062f\u0651\u0631\" \/>\n\t<meta name=\"twitter:data1\" content=\"\u062f\u0642\u064a\u0642\u0629 \u0648\u0627\u062d\u062f\u0629\" \/>\n<script type=\"application\/ld+json\" class=\"yoast-schema-graph\">{\"@context\":\"https:\\\/\\\/schema.org\",\"@graph\":[{\"@type\":[\"WebPage\",\"ItemPage\"],\"@id\":\"https:\\\/\\\/vitablanca.ma\\\/produit\\\/nuxe-bio-masque-detoxifiant-eclat-50ml\\\/\",\"url\":\"https:\\\/\\\/vitablanca.ma\\\/produit\\\/nuxe-bio-masque-detoxifiant-eclat-50ml\\\/\",\"name\":\"Nuxe Bio Masque D\u00e9toxifiant Eclat 50ml - Maroc Prix\",\"isPartOf\":{\"@id\":\"https:\\\/\\\/vitablanca.ma\\\/#website\"},\"primaryImageOfPage\":{\"@id\":\"https:\\\/\\\/vitablanca.ma\\\/produit\\\/nuxe-bio-masque-detoxifiant-eclat-50ml\\\/#primaryimage\"},\"image\":{\"@id\":\"https:\\\/\\\/vitablanca.ma\\\/produit\\\/nuxe-bio-masque-detoxifiant-eclat-50ml\\\/#primaryimage\"},\"thumbnailUrl\":\"https:\\\/\\\/vitablanca.ma\\\/wp-content\\\/uploads\\\/2025\\\/06\\\/Nuxe-Bio-Masque-Detoxifiant-Eclat-50ml-parapharmacie-maroc.jpg\",\"datePublished\":\"2025-06-11T20:37:37+00:00\",\"dateModified\":\"2026-02-22T00:56:26+00:00\",\"description\":\"Le Bio Masque D\u00e9toxifiant \u00c9clat NUXE 50ml purifie la peau en profondeur tout en ravivant l\u2019\u00e9clat du teint. Sa formule bio \u00e0 base d\u2019actifs naturels\",\"breadcrumb\":{\"@id\":\"https:\\\/\\\/vitablanca.ma\\\/produit\\\/nuxe-bio-masque-detoxifiant-eclat-50ml\\\/#breadcrumb\"},\"inLanguage\":\"ar\",\"potentialAction\":[{\"@type\":\"ReadAction\",\"target\":[\"https:\\\/\\\/vitablanca.ma\\\/produit\\\/nuxe-bio-masque-detoxifiant-eclat-50ml\\\/\"]}]},{\"@type\":\"ImageObject\",\"inLanguage\":\"ar\",\"@id\":\"https:\\\/\\\/vitablanca.ma\\\/produit\\\/nuxe-bio-masque-detoxifiant-eclat-50ml\\\/#primaryimage\",\"url\":\"https:\\\/\\\/vitablanca.ma\\\/wp-content\\\/uploads\\\/2025\\\/06\\\/Nuxe-Bio-Masque-Detoxifiant-Eclat-50ml-parapharmacie-maroc.jpg\",\"contentUrl\":\"https:\\\/\\\/vitablanca.ma\\\/wp-content\\\/uploads\\\/2025\\\/06\\\/Nuxe-Bio-Masque-Detoxifiant-Eclat-50ml-parapharmacie-maroc.jpg\",\"width\":1000,\"height\":1000},{\"@type\":\"BreadcrumbList\",\"@id\":\"https:\\\/\\\/vitablanca.ma\\\/produit\\\/nuxe-bio-masque-detoxifiant-eclat-50ml\\\/#breadcrumb\",\"itemListElement\":[{\"@type\":\"ListItem\",\"position\":1,\"name\":\"Home\",\"item\":\"https:\\\/\\\/vitablanca.ma\\\/\"},{\"@type\":\"ListItem\",\"position\":2,\"name\":\"Tous Les Produits\",\"item\":\"https:\\\/\\\/vitablanca.ma\\\/tous-les-produits\\\/\"},{\"@type\":\"ListItem\",\"position\":3,\"name\":\"Nuxe Bio Masque D\u00e9toxifiant Eclat 50ml\"}]},{\"@type\":\"WebSite\",\"@id\":\"https:\\\/\\\/vitablanca.ma\\\/#website\",\"url\":\"https:\\\/\\\/vitablanca.ma\\\/\",\"name\":\"VitaBlanca.ma | Compl\u00e9ments alimentaires, sant\u00e9 & beaut\u00e9 au Maroc\",\"description\":\"vendre vitamines et compl\u00e9ments premium des USA &amp; Canada, Nouvelle Z\u00e9lande,Maroc (NOW Foods, Solgar, Manuka). Livraison rapide partout au Maroc.\",\"publisher\":{\"@id\":\"https:\\\/\\\/vitablanca.ma\\\/#organization\"},\"alternateName\":\"VitaBlanca.ma\",\"potentialAction\":[{\"@type\":\"SearchAction\",\"target\":{\"@type\":\"EntryPoint\",\"urlTemplate\":\"https:\\\/\\\/vitablanca.ma\\\/?s={search_term_string}\"},\"query-input\":{\"@type\":\"PropertyValueSpecification\",\"valueRequired\":true,\"valueName\":\"search_term_string\"}}],\"inLanguage\":\"ar\"},{\"@type\":\"Organization\",\"@id\":\"https:\\\/\\\/vitablanca.ma\\\/#organization\",\"name\":\"VitaBlanca\",\"url\":\"https:\\\/\\\/vitablanca.ma\\\/\",\"logo\":{\"@type\":\"ImageObject\",\"inLanguage\":\"ar\",\"@id\":\"https:\\\/\\\/vitablanca.ma\\\/#\\\/schema\\\/logo\\\/image\\\/\",\"url\":\"https:\\\/\\\/vitablanca.ma\\\/wp-content\\\/uploads\\\/2025\\\/05\\\/cropped-vitablanca.png\",\"contentUrl\":\"https:\\\/\\\/vitablanca.ma\\\/wp-content\\\/uploads\\\/2025\\\/05\\\/cropped-vitablanca.png\",\"width\":360,\"height\":67,\"caption\":\"VitaBlanca\"},\"image\":{\"@id\":\"https:\\\/\\\/vitablanca.ma\\\/#\\\/schema\\\/logo\\\/image\\\/\"},\"sameAs\":[\"https:\\\/\\\/www.facebook.com\\\/profile.php?id=61576678196717\",\"https:\\\/\\\/www.tiktok.com\\\/@vitablanca.ma\",\"https:\\\/\\\/www.instagram.com\\\/vitablanca.ma\\\/\"]}]}<\/script>\n<!-- \/ Yoast SEO plugin. -->","yoast_head_json":{"title":"Nuxe Bio Masque D\u00e9toxifiant Eclat 50ml - Maroc Prix","description":"Le Bio Masque D\u00e9toxifiant \u00c9clat NUXE 50ml purifie la peau en profondeur tout en ravivant l\u2019\u00e9clat du teint. Sa formule bio \u00e0 base d\u2019actifs naturels","robots":{"index":"index","follow":"follow","max-snippet":"max-snippet:-1","max-image-preview":"max-image-preview:large","max-video-preview":"max-video-preview:-1"},"canonical":"https:\/\/vitablanca.ma\/ar\/product-2\/nuxe-bio-masque-detoxifiant-eclat-50ml\/","og_locale":"ar_AR","og_type":"article","og_title":"Nuxe Bio Masque D\u00e9toxifiant Eclat 50ml - Maroc Prix","og_description":"Le Bio Masque D\u00e9toxifiant \u00c9clat NUXE 50ml purifie la peau en profondeur tout en ravivant l\u2019\u00e9clat du teint. Sa formule bio \u00e0 base d\u2019actifs naturels","og_url":"https:\/\/vitablanca.ma\/ar\/product-2\/nuxe-bio-masque-detoxifiant-eclat-50ml\/","og_site_name":"Vitablanca.ma &ndash; Sant&eacute;, vitalit&eacute; et bien-&ecirc;tre pour tous les Marocains","article_publisher":"https:\/\/www.facebook.com\/profile.php?id=61576678196717","article_modified_time":"2026-02-22T00:56:26+00:00","og_image":[{"width":1000,"height":1000,"url":"https:\/\/vitablanca.ma\/wp-content\/uploads\/2025\/06\/Nuxe-Bio-Masque-Detoxifiant-Eclat-50ml-parapharmacie-maroc.jpg","type":"image\/jpeg"}],"twitter_card":"summary_large_image","twitter_misc":{"\u0648\u0642\u062a \u0627\u0644\u0642\u0631\u0627\u0621\u0629 \u0627\u0644\u0645\u064f\u0642\u062f\u0651\u0631":"\u062f\u0642\u064a\u0642\u0629 \u0648\u0627\u062d\u062f\u0629"},"schema":{"@context":"https:\/\/schema.org","@graph":[{"@type":["WebPage","ItemPage"],"@id":"https:\/\/vitablanca.ma\/produit\/nuxe-bio-masque-detoxifiant-eclat-50ml\/","url":"https:\/\/vitablanca.ma\/produit\/nuxe-bio-masque-detoxifiant-eclat-50ml\/","name":"Nuxe Bio Masque D\u00e9toxifiant Eclat 50ml - Maroc Prix","isPartOf":{"@id":"https:\/\/vitablanca.ma\/#website"},"primaryImageOfPage":{"@id":"https:\/\/vitablanca.ma\/produit\/nuxe-bio-masque-detoxifiant-eclat-50ml\/#primaryimage"},"image":{"@id":"https:\/\/vitablanca.ma\/produit\/nuxe-bio-masque-detoxifiant-eclat-50ml\/#primaryimage"},"thumbnailUrl":"https:\/\/vitablanca.ma\/wp-content\/uploads\/2025\/06\/Nuxe-Bio-Masque-Detoxifiant-Eclat-50ml-parapharmacie-maroc.jpg","datePublished":"2025-06-11T20:37:37+00:00","dateModified":"2026-02-22T00:56:26+00:00","description":"Le Bio Masque D\u00e9toxifiant \u00c9clat NUXE 50ml purifie la peau en profondeur tout en ravivant l\u2019\u00e9clat du teint. Sa formule bio \u00e0 base d\u2019actifs naturels","breadcrumb":{"@id":"https:\/\/vitablanca.ma\/produit\/nuxe-bio-masque-detoxifiant-eclat-50ml\/#breadcrumb"},"inLanguage":"ar","potentialAction":[{"@type":"ReadAction","target":["https:\/\/vitablanca.ma\/produit\/nuxe-bio-masque-detoxifiant-eclat-50ml\/"]}]},{"@type":"ImageObject","inLanguage":"ar","@id":"https:\/\/vitablanca.ma\/produit\/nuxe-bio-masque-detoxifiant-eclat-50ml\/#primaryimage","url":"https:\/\/vitablanca.ma\/wp-content\/uploads\/2025\/06\/Nuxe-Bio-Masque-Detoxifiant-Eclat-50ml-parapharmacie-maroc.jpg","contentUrl":"https:\/\/vitablanca.ma\/wp-content\/uploads\/2025\/06\/Nuxe-Bio-Masque-Detoxifiant-Eclat-50ml-parapharmacie-maroc.jpg","width":1000,"height":1000},{"@type":"BreadcrumbList","@id":"https:\/\/vitablanca.ma\/produit\/nuxe-bio-masque-detoxifiant-eclat-50ml\/#breadcrumb","itemListElement":[{"@type":"ListItem","position":1,"name":"Home","item":"https:\/\/vitablanca.ma\/"},{"@type":"ListItem","position":2,"name":"Tous Les Produits","item":"https:\/\/vitablanca.ma\/tous-les-produits\/"},{"@type":"ListItem","position":3,"name":"Nuxe Bio Masque D\u00e9toxifiant Eclat 50ml"}]},{"@type":"WebSite","@id":"https:\/\/vitablanca.ma\/#website","url":"https:\/\/vitablanca.ma\/","name":"VitaBlanca.ma | \u0627\u0644\u0645\u0643\u0645\u0644\u0627\u062a \u0627\u0644\u063a\u0630\u0627\u0626\u064a\u0629\u060c \u0627\u0644\u0635\u062d\u0629 \u0648\u0627\u0644\u062c\u0645\u0627\u0644 \u0641\u064a \u0627\u0644\u0645\u063a\u0631\u0628","description":"\u0646\u0628\u064a\u0639 \u0641\u064a\u062a\u0627\u0645\u064a\u0646\u0627\u062a \u0648\u0645\u0643\u0645\u0644\u0627\u062a \u063a\u0630\u0627\u0626\u064a\u0629 \u0641\u0627\u062e\u0631\u0629 \u0645\u0646 \u0627\u0644\u0648\u0644\u0627\u064a\u0627\u062a \u0627\u0644\u0645\u062a\u062d\u062f\u0629 \u0627\u0644\u0623\u0645\u0631\u064a\u0643\u064a\u0629 \u0648\u0643\u0646\u062f\u0627 \u0648\u0646\u064a\u0648\u0632\u064a\u0644\u0646\u062f\u0627 \u0648\u0627\u0644\u0645\u063a\u0631\u0628 (\u0646\u0627\u0648 \u0641\u0648\u062f\u0632\u060c \u0633\u0648\u0644\u062c\u0627\u0631\u060c \u0645\u0627\u0646\u0648\u0643\u0627). \u062a\u0648\u0635\u064a\u0644 \u0633\u0631\u064a\u0639 \u0625\u0644\u0649 \u062c\u0645\u064a\u0639 \u0623\u0646\u062d\u0627\u0621 \u0627\u0644\u0645\u063a\u0631\u0628.","publisher":{"@id":"https:\/\/vitablanca.ma\/#organization"},"alternateName":"VitaBlanca.ma","potentialAction":[{"@type":"SearchAction","target":{"@type":"EntryPoint","urlTemplate":"https:\/\/vitablanca.ma\/?s={search_term_string}"},"query-input":{"@type":"PropertyValueSpecification","valueRequired":true,"valueName":"search_term_string"}}],"inLanguage":"ar"},{"@type":"Organization","@id":"https:\/\/vitablanca.ma\/#organization","name":"\u0641\u064a\u062a\u0627\u0628\u0644\u0627\u0646\u0643\u0627","url":"https:\/\/vitablanca.ma\/","logo":{"@type":"ImageObject","inLanguage":"ar","@id":"https:\/\/vitablanca.ma\/#\/schema\/logo\/image\/","url":"https:\/\/vitablanca.ma\/wp-content\/uploads\/2025\/05\/cropped-vitablanca.png","contentUrl":"https:\/\/vitablanca.ma\/wp-content\/uploads\/2025\/05\/cropped-vitablanca.png","width":360,"height":67,"caption":"VitaBlanca"},"image":{"@id":"https:\/\/vitablanca.ma\/#\/schema\/logo\/image\/"},"sameAs":["https:\/\/www.facebook.com\/profile.php?id=61576678196717","https:\/\/www.tiktok.com\/@vitablanca.ma","https:\/\/www.instagram.com\/vitablanca.ma\/"]}]}},"jetpack_sharing_enabled":true,"_links":{"self":[{"href":"https:\/\/vitablanca.ma\/ar\/wp-json\/wp\/v2\/product\/20812","targetHints":{"allow":["GET"]}}],"collection":[{"href":"https:\/\/vitablanca.ma\/ar\/wp-json\/wp\/v2\/product"}],"about":[{"href":"https:\/\/vitablanca.ma\/ar\/wp-json\/wp\/v2\/types\/product"}],"wp:featuredmedia":[{"embeddable":true,"href":"https:\/\/vitablanca.ma\/ar\/wp-json\/wp\/v2\/media\/20811"}],"wp:attachment":[{"href":"https:\/\/vitablanca.ma\/ar\/wp-json\/wp\/v2\/media?parent=20812"}],"wp:term":[{"taxonomy":"product_brand","embeddable":true,"href":"https:\/\/vitablanca.ma\/ar\/wp-json\/wp\/v2\/product_brand?post=20812"},{"taxonomy":"product_cat","embeddable":true,"href":"https:\/\/vitablanca.ma\/ar\/wp-json\/wp\/v2\/product_cat?post=20812"},{"taxonomy":"product_tag","embeddable":true,"href":"https:\/\/vitablanca.ma\/ar\/wp-json\/wp\/v2\/product_tag?post=20812"}],"curies":[{"name":"wp","href":"https:\/\/api.w.org\/{rel}","templated":true}]}}