{"id":20798,"date":"2025-06-11T20:37:10","date_gmt":"2025-06-11T20:37:10","guid":{"rendered":"https:\/\/vitablanca.ma\/product\/nuxe-nuxuriance-ultra-contour-des-yeux-levres-15ml\/"},"modified":"2026-02-22T01:10:53","modified_gmt":"2026-02-22T01:10:53","slug":"nuxe-nuxuriance-ultra-contour-des-yeux-levres-15ml","status":"publish","type":"product","link":"https:\/\/vitablanca.ma\/ar\/product-2\/nuxe-nuxuriance-ultra-contour-des-yeux-levres-15ml\/","title":{"rendered":"Nuxe Nuxuriance Ultra Contour des Yeux &amp; L\u00e8vres 15ml"},"content":{"rendered":"<h2>Nuxe\u00a0 Contour Yeux et L\u00e8vres, Nuxuriance Ultra<\/h2>\n<p>Contour yeux et l\u00e8vres.<br \/>\nAnti-\u00e2ge global.<\/p>\n<div class=\"productDescription_contentPropertyListItem productDescription_contentPropertyListItem_synopsis productDescription_contentPropertyListItem-active\" data-item=\"\">\n<h3 class=\"productDescription_contentPropertyHeading productDescription_contentPropertyHeading-tabbed\" data-tab-title=\"Portrait\">\u0644\u064e\u0648\u062d\u064e\u0629<\/h3>\n<div id=\"product-description-content-lg-2\" class=\"productDescription_contentProperties productDescription_contentProperties_list\" aria-labelledby=\"product-description-heading-lg-2\" data-item-content=\"\">\n<div class=\"productDescription_synopsisContent\">\n<div>\n<p>Ce contour yeux et l\u00e8vres anti-\u00e2ge global, aux Cellules Bi-Florales de Safran et Bougainvillier, agit sur les rides, le rel\u00e2chement cutan\u00e9, les taches, les poches et les cernes. Les contours des yeux et des l\u00e8vres sont liss\u00e9s et d\u00e9froiss\u00e9s. Les rides sont r\u00e9duites.<\/p>\n<\/div>\n<\/div>\n<\/div>\n<\/div>\n<div class=\"productDescription_contentPropertyListItem productDescription_contentPropertyListItem_directions\" data-item=\"\">\n<h3 class=\"productDescription_contentPropertyHeading productDescription_contentPropertyHeading-tabbed\" data-tab-title=\"Conseils beaut\u00e9\">\u0646\u0635\u0627\u0626\u062d \u0627\u0644\u062c\u0645\u0627\u0644<\/h3>\n<div class=\"productDescription_contentPropertyListItem productDescription_contentPropertyListItem_directions productDescription_contentPropertyListItem-active\" data-item=\"\">\n<div id=\"product-description-content-lg-15\" class=\"productDescription_contentProperties productDescription_contentProperties_list\" aria-labelledby=\"product-description-heading-lg-15\" data-item-content=\"\">\n<div class=\"productDescription_synopsisContent\">\n<p>Appliquer le contour des yeux &amp; l\u00e8vres Anti-\u00e2ge Global Nuxuriance Ultra\u00ae matin et\/ou soir sur le contour des yeux et des l\u00e8vres.<\/p>\n<ul>\n<li>Pr\u00e9lever une pression et r\u00e9partir entre les majeurs de chaque main.<\/li>\n<li>Lisser avec le majeur les paupi\u00e8res inf\u00e9rieures et sup\u00e9rieures de l\u2019int\u00e9rieur vers l\u2019ext\u00e9rieur de l\u2019\u0153il et maintenir une pression pendant 3 secondes vers le haut sur les tempes. Renouveler 3 fois.<\/li>\n<li>Pincer simultan\u00e9ment les deux sourcils. R\u00e9p\u00e9ter l\u2019op\u00e9ration de l\u2019int\u00e9rieur vers l\u2019ext\u00e9rieur de l\u2019\u0153il . Renouveler 3 fois.<\/li>\n<li>Lisser avec le majeur le dessus et le dessous des l\u00e8vres dans un sens puis dans l\u2019autre. Puis \u00e9tirer vers le haut les commissures des l\u00e8vres en maintenant une pression 3 secondes. Renouveler 3 fois.<\/li>\n<\/ul>\n<\/div>\n<\/div>\n<\/div>\n<div class=\"productDescription_contentPropertyListItem productDescription_contentPropertyListItem_ingredients\" data-item=\"\"><\/div>\n<\/div>","protected":false},"excerpt":{"rendered":"<p>Nuxe\u00a0 Contour Yeux et L\u00e8vres, Nuxuriance Ultra Contour yeux et l\u00e8vres. Anti-\u00e2ge global. Portrait Ce contour yeux et l\u00e8vres anti-\u00e2ge global, aux Cellules Bi-Florales de Safran et Bougainvillier, agit sur les rides, le rel\u00e2chement cutan\u00e9, les taches, les poches et les cernes. Les contours des yeux et des l\u00e8vres sont liss\u00e9s et d\u00e9froiss\u00e9s. Les rides [&hellip;]<\/p>\n","protected":false},"featured_media":20797,"template":"","meta":{"om_disable_all_campaigns":false},"product_brand":[5409],"product_cat":[18],"product_tag":[10012,5845,10010,10014,9615,10009,10015,10013,9285,10011],"class_list":{"0":"post-20798","1":"product","2":"type-product","3":"status-publish","4":"has-post-thumbnail","6":"product_brand-nuxe-maroc-prix","7":"product_cat-beaute-sante","8":"product_tag-anti-rides-levres","9":"product_tag-anti-rides-yeux","10":"product_tag-contour-levres-anti-age","11":"product_tag-contour-yeux-15ml","12":"product_tag-nuxe-maroc","13":"product_tag-nuxe-nuxuriance-ultra-contour-yeux","14":"product_tag-routine-anti-age-nuxe","15":"product_tag-soin-peau-mature","16":"product_tag-soin-raffermissant-visage","17":"product_tag-soin-yeux-et-levres-nuxe","19":"first","20":"instock","21":"sale","22":"taxable","23":"shipping-taxable","24":"purchasable","25":"product-type-simple"},"yoast_head":"<!-- This site is optimized with the Yoast SEO plugin v27.4 - https:\/\/yoast.com\/product\/yoast-seo-wordpress\/ -->\n<title>Nuxe Nuxuriance Ultra Contour des Yeux 15ml - Maroc Prix<\/title>\n<meta name=\"description\" content=\"Le Contour des Yeux &amp; L\u00e8vres NUXE Nuxuriance Ultra 15ml est un soin anti-\u00e2ge cibl\u00e9 con\u00e7u pour raffermir, lisser et redensifier les zones d\u00e9licates du regard\" \/>\n<meta name=\"robots\" content=\"index, follow, max-snippet:-1, max-image-preview:large, max-video-preview:-1\" \/>\n<link rel=\"canonical\" href=\"https:\/\/vitablanca.ma\/ar\/product-2\/nuxe-nuxuriance-ultra-contour-des-yeux-levres-15ml\/\" \/>\n<meta property=\"og:locale\" content=\"ar_AR\" \/>\n<meta property=\"og:type\" content=\"article\" \/>\n<meta property=\"og:title\" content=\"Nuxe Nuxuriance Ultra Contour des Yeux 15ml - Maroc Prix\" \/>\n<meta property=\"og:description\" content=\"Le Contour des Yeux &amp; L\u00e8vres NUXE Nuxuriance Ultra 15ml est un soin anti-\u00e2ge cibl\u00e9 con\u00e7u pour raffermir, lisser et redensifier les zones d\u00e9licates du regard\" \/>\n<meta property=\"og:url\" content=\"https:\/\/vitablanca.ma\/ar\/product-2\/nuxe-nuxuriance-ultra-contour-des-yeux-levres-15ml\/\" \/>\n<meta property=\"og:site_name\" content=\"Vitablanca.ma &ndash; Sant&eacute;, vitalit&eacute; et bien-&ecirc;tre pour tous les Marocains\" \/>\n<meta property=\"article:publisher\" content=\"https:\/\/www.facebook.com\/profile.php?id=61576678196717\" \/>\n<meta property=\"article:modified_time\" content=\"2026-02-22T01:10:53+00:00\" \/>\n<meta property=\"og:image\" content=\"https:\/\/vitablanca.ma\/wp-content\/uploads\/2025\/06\/Nuxe-Nuxuriance-Ultra-Contour-des-Yeux-_-Levres-15ml-nova-parapharmacie-maroc.jpg\" \/>\n\t<meta property=\"og:image:width\" content=\"1000\" \/>\n\t<meta property=\"og:image:height\" content=\"1000\" \/>\n\t<meta property=\"og:image:type\" content=\"image\/jpeg\" \/>\n<meta name=\"twitter:card\" content=\"summary_large_image\" \/>\n<meta name=\"twitter:label1\" content=\"\u0648\u0642\u062a \u0627\u0644\u0642\u0631\u0627\u0621\u0629 \u0627\u0644\u0645\u064f\u0642\u062f\u0651\u0631\" \/>\n\t<meta name=\"twitter:data1\" content=\"\u062f\u0642\u064a\u0642\u062a\u0627\u0646\" \/>\n<script type=\"application\/ld+json\" class=\"yoast-schema-graph\">{\"@context\":\"https:\\\/\\\/schema.org\",\"@graph\":[{\"@type\":[\"WebPage\",\"ItemPage\"],\"@id\":\"https:\\\/\\\/vitablanca.ma\\\/produit\\\/nuxe-nuxuriance-ultra-contour-des-yeux-levres-15ml\\\/\",\"url\":\"https:\\\/\\\/vitablanca.ma\\\/produit\\\/nuxe-nuxuriance-ultra-contour-des-yeux-levres-15ml\\\/\",\"name\":\"Nuxe Nuxuriance Ultra Contour des Yeux 15ml - Maroc Prix\",\"isPartOf\":{\"@id\":\"https:\\\/\\\/vitablanca.ma\\\/#website\"},\"primaryImageOfPage\":{\"@id\":\"https:\\\/\\\/vitablanca.ma\\\/produit\\\/nuxe-nuxuriance-ultra-contour-des-yeux-levres-15ml\\\/#primaryimage\"},\"image\":{\"@id\":\"https:\\\/\\\/vitablanca.ma\\\/produit\\\/nuxe-nuxuriance-ultra-contour-des-yeux-levres-15ml\\\/#primaryimage\"},\"thumbnailUrl\":\"https:\\\/\\\/vitablanca.ma\\\/wp-content\\\/uploads\\\/2025\\\/06\\\/Nuxe-Nuxuriance-Ultra-Contour-des-Yeux-_-Levres-15ml-nova-parapharmacie-maroc.jpg\",\"datePublished\":\"2025-06-11T20:37:10+00:00\",\"dateModified\":\"2026-02-22T01:10:53+00:00\",\"description\":\"Le Contour des Yeux & L\u00e8vres NUXE Nuxuriance Ultra 15ml est un soin anti-\u00e2ge cibl\u00e9 con\u00e7u pour raffermir, lisser et redensifier les zones d\u00e9licates du regard\",\"breadcrumb\":{\"@id\":\"https:\\\/\\\/vitablanca.ma\\\/produit\\\/nuxe-nuxuriance-ultra-contour-des-yeux-levres-15ml\\\/#breadcrumb\"},\"inLanguage\":\"ar\",\"potentialAction\":[{\"@type\":\"ReadAction\",\"target\":[\"https:\\\/\\\/vitablanca.ma\\\/produit\\\/nuxe-nuxuriance-ultra-contour-des-yeux-levres-15ml\\\/\"]}]},{\"@type\":\"ImageObject\",\"inLanguage\":\"ar\",\"@id\":\"https:\\\/\\\/vitablanca.ma\\\/produit\\\/nuxe-nuxuriance-ultra-contour-des-yeux-levres-15ml\\\/#primaryimage\",\"url\":\"https:\\\/\\\/vitablanca.ma\\\/wp-content\\\/uploads\\\/2025\\\/06\\\/Nuxe-Nuxuriance-Ultra-Contour-des-Yeux-_-Levres-15ml-nova-parapharmacie-maroc.jpg\",\"contentUrl\":\"https:\\\/\\\/vitablanca.ma\\\/wp-content\\\/uploads\\\/2025\\\/06\\\/Nuxe-Nuxuriance-Ultra-Contour-des-Yeux-_-Levres-15ml-nova-parapharmacie-maroc.jpg\",\"width\":1000,\"height\":1000},{\"@type\":\"BreadcrumbList\",\"@id\":\"https:\\\/\\\/vitablanca.ma\\\/produit\\\/nuxe-nuxuriance-ultra-contour-des-yeux-levres-15ml\\\/#breadcrumb\",\"itemListElement\":[{\"@type\":\"ListItem\",\"position\":1,\"name\":\"Home\",\"item\":\"https:\\\/\\\/vitablanca.ma\\\/\"},{\"@type\":\"ListItem\",\"position\":2,\"name\":\"Tous Les Produits\",\"item\":\"https:\\\/\\\/vitablanca.ma\\\/tous-les-produits\\\/\"},{\"@type\":\"ListItem\",\"position\":3,\"name\":\"Nuxe Nuxuriance Ultra Contour des Yeux &amp; L\u00e8vres 15ml\"}]},{\"@type\":\"WebSite\",\"@id\":\"https:\\\/\\\/vitablanca.ma\\\/#website\",\"url\":\"https:\\\/\\\/vitablanca.ma\\\/\",\"name\":\"VitaBlanca.ma | Compl\u00e9ments alimentaires, sant\u00e9 & beaut\u00e9 au Maroc\",\"description\":\"vendre vitamines et compl\u00e9ments premium des USA &amp; Canada, Nouvelle Z\u00e9lande,Maroc (NOW Foods, Solgar, Manuka). Livraison rapide partout au Maroc.\",\"publisher\":{\"@id\":\"https:\\\/\\\/vitablanca.ma\\\/#organization\"},\"alternateName\":\"VitaBlanca.ma\",\"potentialAction\":[{\"@type\":\"SearchAction\",\"target\":{\"@type\":\"EntryPoint\",\"urlTemplate\":\"https:\\\/\\\/vitablanca.ma\\\/?s={search_term_string}\"},\"query-input\":{\"@type\":\"PropertyValueSpecification\",\"valueRequired\":true,\"valueName\":\"search_term_string\"}}],\"inLanguage\":\"ar\"},{\"@type\":\"Organization\",\"@id\":\"https:\\\/\\\/vitablanca.ma\\\/#organization\",\"name\":\"VitaBlanca\",\"url\":\"https:\\\/\\\/vitablanca.ma\\\/\",\"logo\":{\"@type\":\"ImageObject\",\"inLanguage\":\"ar\",\"@id\":\"https:\\\/\\\/vitablanca.ma\\\/#\\\/schema\\\/logo\\\/image\\\/\",\"url\":\"https:\\\/\\\/vitablanca.ma\\\/wp-content\\\/uploads\\\/2025\\\/05\\\/cropped-vitablanca.png\",\"contentUrl\":\"https:\\\/\\\/vitablanca.ma\\\/wp-content\\\/uploads\\\/2025\\\/05\\\/cropped-vitablanca.png\",\"width\":360,\"height\":67,\"caption\":\"VitaBlanca\"},\"image\":{\"@id\":\"https:\\\/\\\/vitablanca.ma\\\/#\\\/schema\\\/logo\\\/image\\\/\"},\"sameAs\":[\"https:\\\/\\\/www.facebook.com\\\/profile.php?id=61576678196717\",\"https:\\\/\\\/www.tiktok.com\\\/@vitablanca.ma\",\"https:\\\/\\\/www.instagram.com\\\/vitablanca.ma\\\/\"]}]}<\/script>\n<!-- \/ Yoast SEO plugin. -->","yoast_head_json":{"title":"Nuxe Nuxuriance Ultra Contour des Yeux 15ml - Maroc Prix","description":"Le Contour des Yeux & L\u00e8vres NUXE Nuxuriance Ultra 15ml est un soin anti-\u00e2ge cibl\u00e9 con\u00e7u pour raffermir, lisser et redensifier les zones d\u00e9licates du regard","robots":{"index":"index","follow":"follow","max-snippet":"max-snippet:-1","max-image-preview":"max-image-preview:large","max-video-preview":"max-video-preview:-1"},"canonical":"https:\/\/vitablanca.ma\/ar\/product-2\/nuxe-nuxuriance-ultra-contour-des-yeux-levres-15ml\/","og_locale":"ar_AR","og_type":"article","og_title":"Nuxe Nuxuriance Ultra Contour des Yeux 15ml - Maroc Prix","og_description":"Le Contour des Yeux & L\u00e8vres NUXE Nuxuriance Ultra 15ml est un soin anti-\u00e2ge cibl\u00e9 con\u00e7u pour raffermir, lisser et redensifier les zones d\u00e9licates du regard","og_url":"https:\/\/vitablanca.ma\/ar\/product-2\/nuxe-nuxuriance-ultra-contour-des-yeux-levres-15ml\/","og_site_name":"Vitablanca.ma &ndash; Sant&eacute;, vitalit&eacute; et bien-&ecirc;tre pour tous les Marocains","article_publisher":"https:\/\/www.facebook.com\/profile.php?id=61576678196717","article_modified_time":"2026-02-22T01:10:53+00:00","og_image":[{"width":1000,"height":1000,"url":"https:\/\/vitablanca.ma\/wp-content\/uploads\/2025\/06\/Nuxe-Nuxuriance-Ultra-Contour-des-Yeux-_-Levres-15ml-nova-parapharmacie-maroc.jpg","type":"image\/jpeg"}],"twitter_card":"summary_large_image","twitter_misc":{"\u0648\u0642\u062a \u0627\u0644\u0642\u0631\u0627\u0621\u0629 \u0627\u0644\u0645\u064f\u0642\u062f\u0651\u0631":"\u062f\u0642\u064a\u0642\u062a\u0627\u0646"},"schema":{"@context":"https:\/\/schema.org","@graph":[{"@type":["WebPage","ItemPage"],"@id":"https:\/\/vitablanca.ma\/produit\/nuxe-nuxuriance-ultra-contour-des-yeux-levres-15ml\/","url":"https:\/\/vitablanca.ma\/produit\/nuxe-nuxuriance-ultra-contour-des-yeux-levres-15ml\/","name":"Nuxe Nuxuriance Ultra Contour des Yeux 15ml - Maroc Prix","isPartOf":{"@id":"https:\/\/vitablanca.ma\/#website"},"primaryImageOfPage":{"@id":"https:\/\/vitablanca.ma\/produit\/nuxe-nuxuriance-ultra-contour-des-yeux-levres-15ml\/#primaryimage"},"image":{"@id":"https:\/\/vitablanca.ma\/produit\/nuxe-nuxuriance-ultra-contour-des-yeux-levres-15ml\/#primaryimage"},"thumbnailUrl":"https:\/\/vitablanca.ma\/wp-content\/uploads\/2025\/06\/Nuxe-Nuxuriance-Ultra-Contour-des-Yeux-_-Levres-15ml-nova-parapharmacie-maroc.jpg","datePublished":"2025-06-11T20:37:10+00:00","dateModified":"2026-02-22T01:10:53+00:00","description":"Le Contour des Yeux & L\u00e8vres NUXE Nuxuriance Ultra 15ml est un soin anti-\u00e2ge cibl\u00e9 con\u00e7u pour raffermir, lisser et redensifier les zones d\u00e9licates du regard","breadcrumb":{"@id":"https:\/\/vitablanca.ma\/produit\/nuxe-nuxuriance-ultra-contour-des-yeux-levres-15ml\/#breadcrumb"},"inLanguage":"ar","potentialAction":[{"@type":"ReadAction","target":["https:\/\/vitablanca.ma\/produit\/nuxe-nuxuriance-ultra-contour-des-yeux-levres-15ml\/"]}]},{"@type":"ImageObject","inLanguage":"ar","@id":"https:\/\/vitablanca.ma\/produit\/nuxe-nuxuriance-ultra-contour-des-yeux-levres-15ml\/#primaryimage","url":"https:\/\/vitablanca.ma\/wp-content\/uploads\/2025\/06\/Nuxe-Nuxuriance-Ultra-Contour-des-Yeux-_-Levres-15ml-nova-parapharmacie-maroc.jpg","contentUrl":"https:\/\/vitablanca.ma\/wp-content\/uploads\/2025\/06\/Nuxe-Nuxuriance-Ultra-Contour-des-Yeux-_-Levres-15ml-nova-parapharmacie-maroc.jpg","width":1000,"height":1000},{"@type":"BreadcrumbList","@id":"https:\/\/vitablanca.ma\/produit\/nuxe-nuxuriance-ultra-contour-des-yeux-levres-15ml\/#breadcrumb","itemListElement":[{"@type":"ListItem","position":1,"name":"Home","item":"https:\/\/vitablanca.ma\/"},{"@type":"ListItem","position":2,"name":"Tous Les Produits","item":"https:\/\/vitablanca.ma\/tous-les-produits\/"},{"@type":"ListItem","position":3,"name":"Nuxe Nuxuriance Ultra Contour des Yeux &amp; L\u00e8vres 15ml"}]},{"@type":"WebSite","@id":"https:\/\/vitablanca.ma\/#website","url":"https:\/\/vitablanca.ma\/","name":"VitaBlanca.ma | \u0627\u0644\u0645\u0643\u0645\u0644\u0627\u062a \u0627\u0644\u063a\u0630\u0627\u0626\u064a\u0629\u060c \u0627\u0644\u0635\u062d\u0629 \u0648\u0627\u0644\u062c\u0645\u0627\u0644 \u0641\u064a \u0627\u0644\u0645\u063a\u0631\u0628","description":"\u0646\u0628\u064a\u0639 \u0641\u064a\u062a\u0627\u0645\u064a\u0646\u0627\u062a \u0648\u0645\u0643\u0645\u0644\u0627\u062a \u063a\u0630\u0627\u0626\u064a\u0629 \u0641\u0627\u062e\u0631\u0629 \u0645\u0646 \u0627\u0644\u0648\u0644\u0627\u064a\u0627\u062a \u0627\u0644\u0645\u062a\u062d\u062f\u0629 \u0627\u0644\u0623\u0645\u0631\u064a\u0643\u064a\u0629 \u0648\u0643\u0646\u062f\u0627 \u0648\u0646\u064a\u0648\u0632\u064a\u0644\u0646\u062f\u0627 \u0648\u0627\u0644\u0645\u063a\u0631\u0628 (\u0646\u0627\u0648 \u0641\u0648\u062f\u0632\u060c \u0633\u0648\u0644\u062c\u0627\u0631\u060c \u0645\u0627\u0646\u0648\u0643\u0627). \u062a\u0648\u0635\u064a\u0644 \u0633\u0631\u064a\u0639 \u0625\u0644\u0649 \u062c\u0645\u064a\u0639 \u0623\u0646\u062d\u0627\u0621 \u0627\u0644\u0645\u063a\u0631\u0628.","publisher":{"@id":"https:\/\/vitablanca.ma\/#organization"},"alternateName":"VitaBlanca.ma","potentialAction":[{"@type":"SearchAction","target":{"@type":"EntryPoint","urlTemplate":"https:\/\/vitablanca.ma\/?s={search_term_string}"},"query-input":{"@type":"PropertyValueSpecification","valueRequired":true,"valueName":"search_term_string"}}],"inLanguage":"ar"},{"@type":"Organization","@id":"https:\/\/vitablanca.ma\/#organization","name":"\u0641\u064a\u062a\u0627\u0628\u0644\u0627\u0646\u0643\u0627","url":"https:\/\/vitablanca.ma\/","logo":{"@type":"ImageObject","inLanguage":"ar","@id":"https:\/\/vitablanca.ma\/#\/schema\/logo\/image\/","url":"https:\/\/vitablanca.ma\/wp-content\/uploads\/2025\/05\/cropped-vitablanca.png","contentUrl":"https:\/\/vitablanca.ma\/wp-content\/uploads\/2025\/05\/cropped-vitablanca.png","width":360,"height":67,"caption":"VitaBlanca"},"image":{"@id":"https:\/\/vitablanca.ma\/#\/schema\/logo\/image\/"},"sameAs":["https:\/\/www.facebook.com\/profile.php?id=61576678196717","https:\/\/www.tiktok.com\/@vitablanca.ma","https:\/\/www.instagram.com\/vitablanca.ma\/"]}]}},"jetpack_sharing_enabled":true,"_links":{"self":[{"href":"https:\/\/vitablanca.ma\/ar\/wp-json\/wp\/v2\/product\/20798","targetHints":{"allow":["GET"]}}],"collection":[{"href":"https:\/\/vitablanca.ma\/ar\/wp-json\/wp\/v2\/product"}],"about":[{"href":"https:\/\/vitablanca.ma\/ar\/wp-json\/wp\/v2\/types\/product"}],"wp:featuredmedia":[{"embeddable":true,"href":"https:\/\/vitablanca.ma\/ar\/wp-json\/wp\/v2\/media\/20797"}],"wp:attachment":[{"href":"https:\/\/vitablanca.ma\/ar\/wp-json\/wp\/v2\/media?parent=20798"}],"wp:term":[{"taxonomy":"product_brand","embeddable":true,"href":"https:\/\/vitablanca.ma\/ar\/wp-json\/wp\/v2\/product_brand?post=20798"},{"taxonomy":"product_cat","embeddable":true,"href":"https:\/\/vitablanca.ma\/ar\/wp-json\/wp\/v2\/product_cat?post=20798"},{"taxonomy":"product_tag","embeddable":true,"href":"https:\/\/vitablanca.ma\/ar\/wp-json\/wp\/v2\/product_tag?post=20798"}],"curies":[{"name":"wp","href":"https:\/\/api.w.org\/{rel}","templated":true}]}}