{"id":20772,"date":"2025-06-11T20:36:22","date_gmt":"2025-06-11T20:36:22","guid":{"rendered":"https:\/\/vitablanca.ma\/product\/nuxe-body-eau-delassante-parfumante-100ml\/"},"modified":"2026-02-22T02:17:51","modified_gmt":"2026-02-22T02:17:51","slug":"nuxe-body-eau-delassante-parfumante-100ml","status":"publish","type":"product","link":"https:\/\/vitablanca.ma\/ar\/product-2\/nuxe-body-eau-delassante-parfumante-100ml\/","title":{"rendered":"\u0645\u0627\u0621 \u0639\u0637\u0631\u064a \u0644\u0644\u0627\u0633\u062a\u0631\u062e\u0627\u0621 \u0645\u0646 \u0646\u0648\u0643\u0633 \u0628\u0648\u062f\u064a\u060c 100 \u0645\u0644"},"content":{"rendered":"<h2 class=\"productName_title\" data-product-name=\"title\" data-mce-fragment=\"1\">\u0645\u064a\u0627\u0647 \u0645\u0639\u0637\u0631\u0629 \u0645\u0631\u064a\u062d\u0629\u060c \u0646\u0648\u0643\u0633 \u0644\u0644\u062c\u0633\u0645<\/h2>\n<p>\u0645\u064a\u0627\u0647 \u0645\u0631\u064a\u062d\u0629 - \u062a\u0631\u064a\u062d \u0648\u062a\u0646\u0639\u0634<br \/>\n\u0644\u062c\u0645\u064a\u0639 \u0623\u0646\u0648\u0627\u0639 \u0627\u0644\u0628\u0634\u0631\u0629<\/p>\n<div class=\"productDescription_contentPropertyListItem productDescription_contentPropertyListItem_synopsis productDescription_contentPropertyListItem-active\" data-item=\"\">\n<h3 class=\"productDescription_contentPropertyHeading productDescription_contentPropertyHeading-tabbed\" data-tab-title=\"Portrait\">\u0644\u064e\u0648\u062d\u064e\u0629<\/h3>\n<div id=\"product-description-content-lg-2\" class=\"productDescription_contentProperties productDescription_contentProperties_list\" aria-labelledby=\"product-description-heading-lg-2\" data-item-content=\"\">\n<div class=\"productDescription_synopsisContent\">\n<div>\n<p>\u0645\u0633\u062a\u0648\u062d\u0649 \u0645\u0646 \u0631\u0642\u0629 \u0627\u0644\u0645\u062f\u0627\u0639\u0628\u0629\u060c \u064a\u064f\u063a\u0644\u0651\u0641 \u0647\u0630\u0627 \u0627\u0644\u0645\u0627\u0621 \u0627\u0644\u0639\u0637\u0631\u064a \u0627\u0644\u0628\u0634\u0631\u0629 \u0628\u0637\u0628\u0642\u0629 \u0645\u0646 \u0627\u0644\u0646\u0639\u0648\u0645\u0629\u060c \u0648\u064a\u064f\u0633\u062d\u0631 \u0627\u0644\u062d\u0648\u0627\u0633 \u0628\u0639\u0628\u064a\u0631\u0647 \u0627\u0644\u0631\u0642\u064a\u0642 \u0645\u0646 \u0633\u0648\u0631\u0628\u064a\u0647 \u062c\u0648\u0632 \u0627\u0644\u0647\u0646\u062f \u0648\u0627\u0644\u0632\u0647\u0648\u0631 \u0627\u0644\u0628\u064a\u0636\u0627\u0621 \u0648\u0627\u0644\u0641\u0627\u0646\u064a\u0644\u064a\u0627 \u0627\u0644\u0628\u0631\u064a\u0629. \u064a\u064f\u0631\u064a\u062d \u0627\u0644\u0628\u0634\u0631\u0629 \u0648\u064a\u064f\u0646\u0639\u0634\u0647\u0627\u060c \u0648\u064a\u062a\u0631\u0643\u0647\u0627 \u0646\u0627\u0639\u0645\u0629 \u0643\u0627\u0644\u062d\u0631\u064a\u0631.<\/p>\n<\/div>\n<\/div>\n<\/div>\n<\/div>\n<div class=\"productDescription_contentPropertyListItem productDescription_contentPropertyListItem_directions\" data-item=\"\">\n<h3 class=\"productDescription_contentPropertyHeading productDescription_contentPropertyHeading-tabbed\" data-tab-title=\"Conseils beaut\u00e9\">\u0646\u0635\u0627\u0626\u062d \u0627\u0644\u062c\u0645\u0627\u0644<\/h3>\n<p>\u0631\u0634\u064a \u0645\u0627\u0621 \u0646\u0648\u0643\u0633 \u0627\u0644\u0645\u0639\u0637\u0631 \u0644\u0644\u062c\u0633\u0645 \u0639\u0644\u0649 \u0627\u0644\u0628\u0634\u0631\u0629 \u0644\u062a\u063a\u0637\u064a\u062a\u0647\u0627 \u0628\u0637\u0628\u0642\u0629 \u0645\u0646 \u0627\u0644\u0646\u0639\u0648\u0645\u0629 \u0627\u0644\u0639\u0637\u0631\u0629.<\/p>\n<\/div>","protected":false},"excerpt":{"rendered":"<p>Eau d\u00e9lassante parfumante, NUXE Body Eau d\u00e9lassante &#8211; relaxe et rafra\u00eechit Pour toutes les peaux Portrait Inspir\u00e9e de la d\u00e9licatesse d\u2019une caresse, cette eau parfum\u00e9e enveloppe la peau d\u2019un voilede douceur et enchante les sens avec son parfum d\u00e9licat aux notes de Sorbet Coco, Fleurs Blanches et Vanille Sauvage. Elle relaxe, rafra\u00eechit et laisse la [&hellip;]<\/p>\n","protected":false},"featured_media":20771,"template":"","meta":{"om_disable_all_campaigns":false},"product_brand":[5409],"product_cat":[18],"product_tag":[10073,10076,7059,10075,10072,9615,9777,10074,10077,8654],"class_list":{"0":"post-20772","1":"product","2":"type-product","3":"status-publish","4":"has-post-thumbnail","6":"product_brand-nuxe-maroc-prix","7":"product_cat-beaute-sante","8":"product_tag-brume-corps-hydratante","9":"product_tag-brume-parfumee-100ml","10":"product_tag-hydratation-legere","11":"product_tag-moment-bien-etre-corps","12":"product_tag-nuxe-body-eau-delassante-parfumante","13":"product_tag-nuxe-maroc","14":"product_tag-peau-douce-et-parfumee","15":"product_tag-soin-corps-relaxant","16":"product_tag-soin-naturel-peau","17":"product_tag-soin-quotidien-corps","19":"first","20":"instock","21":"sale","22":"taxable","23":"shipping-taxable","24":"purchasable","25":"product-type-simple"},"yoast_head":"<!-- This site is optimized with the Yoast SEO plugin v27.4 - https:\/\/yoast.com\/product\/yoast-seo-wordpress\/ -->\n<title>Nuxe Body Eau D\u00e9lassante Parfumante 100ml - Maroc Prix<\/title>\n<meta name=\"description\" content=\"La Body Eau D\u00e9lassante Parfumante NUXE 100ml est une brume corps l\u00e9g\u00e8re et parfum\u00e9e qui d\u00e9tend et hydrate la peau. Enrichie en actifs naturels\" \/>\n<meta name=\"robots\" content=\"index, follow, max-snippet:-1, max-image-preview:large, max-video-preview:-1\" \/>\n<link rel=\"canonical\" href=\"https:\/\/vitablanca.ma\/ar\/product-2\/nuxe-body-eau-delassante-parfumante-100ml\/\" \/>\n<meta property=\"og:locale\" content=\"ar_AR\" \/>\n<meta property=\"og:type\" content=\"article\" \/>\n<meta property=\"og:title\" content=\"Nuxe Body Eau D\u00e9lassante Parfumante 100ml - Maroc Prix\" \/>\n<meta property=\"og:description\" content=\"La Body Eau D\u00e9lassante Parfumante NUXE 100ml est une brume corps l\u00e9g\u00e8re et parfum\u00e9e qui d\u00e9tend et hydrate la peau. Enrichie en actifs naturels\" \/>\n<meta property=\"og:url\" content=\"https:\/\/vitablanca.ma\/ar\/product-2\/nuxe-body-eau-delassante-parfumante-100ml\/\" \/>\n<meta property=\"og:site_name\" content=\"Vitablanca.ma &ndash; Sant&eacute;, vitalit&eacute; et bien-&ecirc;tre pour tous les Marocains\" \/>\n<meta property=\"article:publisher\" content=\"https:\/\/www.facebook.com\/profile.php?id=61576678196717\" \/>\n<meta property=\"article:modified_time\" content=\"2026-02-22T02:17:51+00:00\" \/>\n<meta property=\"og:image\" content=\"https:\/\/vitablanca.ma\/wp-content\/uploads\/2025\/06\/Nuxe-Body-Eau-Delassante-Parfumante-100ml-Nova-para-prix-Maroc.jpg\" \/>\n\t<meta property=\"og:image:width\" content=\"1000\" \/>\n\t<meta property=\"og:image:height\" content=\"1000\" \/>\n\t<meta property=\"og:image:type\" content=\"image\/jpeg\" \/>\n<meta name=\"twitter:card\" content=\"summary_large_image\" \/>\n<meta name=\"twitter:label1\" content=\"\u0648\u0642\u062a \u0627\u0644\u0642\u0631\u0627\u0621\u0629 \u0627\u0644\u0645\u064f\u0642\u062f\u0651\u0631\" \/>\n\t<meta name=\"twitter:data1\" content=\"\u062f\u0642\u064a\u0642\u0629 \u0648\u0627\u062d\u062f\u0629\" \/>\n<script type=\"application\/ld+json\" class=\"yoast-schema-graph\">{\"@context\":\"https:\\\/\\\/schema.org\",\"@graph\":[{\"@type\":[\"WebPage\",\"ItemPage\"],\"@id\":\"https:\\\/\\\/vitablanca.ma\\\/produit\\\/nuxe-body-eau-delassante-parfumante-100ml\\\/\",\"url\":\"https:\\\/\\\/vitablanca.ma\\\/produit\\\/nuxe-body-eau-delassante-parfumante-100ml\\\/\",\"name\":\"Nuxe Body Eau D\u00e9lassante Parfumante 100ml - Maroc Prix\",\"isPartOf\":{\"@id\":\"https:\\\/\\\/vitablanca.ma\\\/#website\"},\"primaryImageOfPage\":{\"@id\":\"https:\\\/\\\/vitablanca.ma\\\/produit\\\/nuxe-body-eau-delassante-parfumante-100ml\\\/#primaryimage\"},\"image\":{\"@id\":\"https:\\\/\\\/vitablanca.ma\\\/produit\\\/nuxe-body-eau-delassante-parfumante-100ml\\\/#primaryimage\"},\"thumbnailUrl\":\"https:\\\/\\\/vitablanca.ma\\\/wp-content\\\/uploads\\\/2025\\\/06\\\/Nuxe-Body-Eau-Delassante-Parfumante-100ml-Nova-para-prix-Maroc.jpg\",\"datePublished\":\"2025-06-11T20:36:22+00:00\",\"dateModified\":\"2026-02-22T02:17:51+00:00\",\"description\":\"La Body Eau D\u00e9lassante Parfumante NUXE 100ml est une brume corps l\u00e9g\u00e8re et parfum\u00e9e qui d\u00e9tend et hydrate la peau. Enrichie en actifs naturels\",\"breadcrumb\":{\"@id\":\"https:\\\/\\\/vitablanca.ma\\\/produit\\\/nuxe-body-eau-delassante-parfumante-100ml\\\/#breadcrumb\"},\"inLanguage\":\"ar\",\"potentialAction\":[{\"@type\":\"ReadAction\",\"target\":[\"https:\\\/\\\/vitablanca.ma\\\/produit\\\/nuxe-body-eau-delassante-parfumante-100ml\\\/\"]}]},{\"@type\":\"ImageObject\",\"inLanguage\":\"ar\",\"@id\":\"https:\\\/\\\/vitablanca.ma\\\/produit\\\/nuxe-body-eau-delassante-parfumante-100ml\\\/#primaryimage\",\"url\":\"https:\\\/\\\/vitablanca.ma\\\/wp-content\\\/uploads\\\/2025\\\/06\\\/Nuxe-Body-Eau-Delassante-Parfumante-100ml-Nova-para-prix-Maroc.jpg\",\"contentUrl\":\"https:\\\/\\\/vitablanca.ma\\\/wp-content\\\/uploads\\\/2025\\\/06\\\/Nuxe-Body-Eau-Delassante-Parfumante-100ml-Nova-para-prix-Maroc.jpg\",\"width\":1000,\"height\":1000},{\"@type\":\"BreadcrumbList\",\"@id\":\"https:\\\/\\\/vitablanca.ma\\\/produit\\\/nuxe-body-eau-delassante-parfumante-100ml\\\/#breadcrumb\",\"itemListElement\":[{\"@type\":\"ListItem\",\"position\":1,\"name\":\"Home\",\"item\":\"https:\\\/\\\/vitablanca.ma\\\/\"},{\"@type\":\"ListItem\",\"position\":2,\"name\":\"Tous Les Produits\",\"item\":\"https:\\\/\\\/vitablanca.ma\\\/tous-les-produits\\\/\"},{\"@type\":\"ListItem\",\"position\":3,\"name\":\"Nuxe Body Eau D\u00e9lassante Parfumante 100ml\"}]},{\"@type\":\"WebSite\",\"@id\":\"https:\\\/\\\/vitablanca.ma\\\/#website\",\"url\":\"https:\\\/\\\/vitablanca.ma\\\/\",\"name\":\"VitaBlanca.ma | Compl\u00e9ments alimentaires, sant\u00e9 & beaut\u00e9 au Maroc\",\"description\":\"vendre vitamines et compl\u00e9ments premium des USA &amp; Canada, Nouvelle Z\u00e9lande,Maroc (NOW Foods, Solgar, Manuka). Livraison rapide partout au Maroc.\",\"publisher\":{\"@id\":\"https:\\\/\\\/vitablanca.ma\\\/#organization\"},\"alternateName\":\"VitaBlanca.ma\",\"potentialAction\":[{\"@type\":\"SearchAction\",\"target\":{\"@type\":\"EntryPoint\",\"urlTemplate\":\"https:\\\/\\\/vitablanca.ma\\\/?s={search_term_string}\"},\"query-input\":{\"@type\":\"PropertyValueSpecification\",\"valueRequired\":true,\"valueName\":\"search_term_string\"}}],\"inLanguage\":\"ar\"},{\"@type\":\"Organization\",\"@id\":\"https:\\\/\\\/vitablanca.ma\\\/#organization\",\"name\":\"VitaBlanca\",\"url\":\"https:\\\/\\\/vitablanca.ma\\\/\",\"logo\":{\"@type\":\"ImageObject\",\"inLanguage\":\"ar\",\"@id\":\"https:\\\/\\\/vitablanca.ma\\\/#\\\/schema\\\/logo\\\/image\\\/\",\"url\":\"https:\\\/\\\/vitablanca.ma\\\/wp-content\\\/uploads\\\/2025\\\/05\\\/cropped-vitablanca.png\",\"contentUrl\":\"https:\\\/\\\/vitablanca.ma\\\/wp-content\\\/uploads\\\/2025\\\/05\\\/cropped-vitablanca.png\",\"width\":360,\"height\":67,\"caption\":\"VitaBlanca\"},\"image\":{\"@id\":\"https:\\\/\\\/vitablanca.ma\\\/#\\\/schema\\\/logo\\\/image\\\/\"},\"sameAs\":[\"https:\\\/\\\/www.facebook.com\\\/profile.php?id=61576678196717\",\"https:\\\/\\\/www.tiktok.com\\\/@vitablanca.ma\",\"https:\\\/\\\/www.instagram.com\\\/vitablanca.ma\\\/\"]}]}<\/script>\n<!-- \/ Yoast SEO plugin. -->","yoast_head_json":{"title":"\u0645\u0627\u0621 \u0639\u0637\u0631\u064a \u0644\u0644\u0627\u0633\u062a\u0631\u062e\u0627\u0621 \u0644\u0644\u062c\u0633\u0645 \u0645\u0646 \u0646\u0648\u0643\u0633 \u0661\u0660\u0660 \u0645\u0644 - \u0633\u0639\u0631 \u0627\u0644\u0645\u063a\u0631\u0628","description":"La Body Eau D\u00e9lassante Parfumante NUXE 100ml est une brume corps l\u00e9g\u00e8re et parfum\u00e9e qui d\u00e9tend et hydrate la peau. Enrichie en actifs naturels","robots":{"index":"index","follow":"follow","max-snippet":"max-snippet:-1","max-image-preview":"max-image-preview:large","max-video-preview":"max-video-preview:-1"},"canonical":"https:\/\/vitablanca.ma\/ar\/product-2\/nuxe-body-eau-delassante-parfumante-100ml\/","og_locale":"ar_AR","og_type":"article","og_title":"Nuxe Body Eau D\u00e9lassante Parfumante 100ml - Maroc Prix","og_description":"La Body Eau D\u00e9lassante Parfumante NUXE 100ml est une brume corps l\u00e9g\u00e8re et parfum\u00e9e qui d\u00e9tend et hydrate la peau. Enrichie en actifs naturels","og_url":"https:\/\/vitablanca.ma\/ar\/product-2\/nuxe-body-eau-delassante-parfumante-100ml\/","og_site_name":"Vitablanca.ma &ndash; Sant&eacute;, vitalit&eacute; et bien-&ecirc;tre pour tous les Marocains","article_publisher":"https:\/\/www.facebook.com\/profile.php?id=61576678196717","article_modified_time":"2026-02-22T02:17:51+00:00","og_image":[{"width":1000,"height":1000,"url":"https:\/\/vitablanca.ma\/wp-content\/uploads\/2025\/06\/Nuxe-Body-Eau-Delassante-Parfumante-100ml-Nova-para-prix-Maroc.jpg","type":"image\/jpeg"}],"twitter_card":"summary_large_image","twitter_misc":{"\u0648\u0642\u062a \u0627\u0644\u0642\u0631\u0627\u0621\u0629 \u0627\u0644\u0645\u064f\u0642\u062f\u0651\u0631":"\u062f\u0642\u064a\u0642\u0629 \u0648\u0627\u062d\u062f\u0629"},"schema":{"@context":"https:\/\/schema.org","@graph":[{"@type":["WebPage","ItemPage"],"@id":"https:\/\/vitablanca.ma\/produit\/nuxe-body-eau-delassante-parfumante-100ml\/","url":"https:\/\/vitablanca.ma\/produit\/nuxe-body-eau-delassante-parfumante-100ml\/","name":"\u0645\u0627\u0621 \u0639\u0637\u0631\u064a \u0644\u0644\u0627\u0633\u062a\u0631\u062e\u0627\u0621 \u0644\u0644\u062c\u0633\u0645 \u0645\u0646 \u0646\u0648\u0643\u0633 \u0661\u0660\u0660 \u0645\u0644 - \u0633\u0639\u0631 \u0627\u0644\u0645\u063a\u0631\u0628","isPartOf":{"@id":"https:\/\/vitablanca.ma\/#website"},"primaryImageOfPage":{"@id":"https:\/\/vitablanca.ma\/produit\/nuxe-body-eau-delassante-parfumante-100ml\/#primaryimage"},"image":{"@id":"https:\/\/vitablanca.ma\/produit\/nuxe-body-eau-delassante-parfumante-100ml\/#primaryimage"},"thumbnailUrl":"https:\/\/vitablanca.ma\/wp-content\/uploads\/2025\/06\/Nuxe-Body-Eau-Delassante-Parfumante-100ml-Nova-para-prix-Maroc.jpg","datePublished":"2025-06-11T20:36:22+00:00","dateModified":"2026-02-22T02:17:51+00:00","description":"La Body Eau D\u00e9lassante Parfumante NUXE 100ml est une brume corps l\u00e9g\u00e8re et parfum\u00e9e qui d\u00e9tend et hydrate la peau. Enrichie en actifs naturels","breadcrumb":{"@id":"https:\/\/vitablanca.ma\/produit\/nuxe-body-eau-delassante-parfumante-100ml\/#breadcrumb"},"inLanguage":"ar","potentialAction":[{"@type":"ReadAction","target":["https:\/\/vitablanca.ma\/produit\/nuxe-body-eau-delassante-parfumante-100ml\/"]}]},{"@type":"ImageObject","inLanguage":"ar","@id":"https:\/\/vitablanca.ma\/produit\/nuxe-body-eau-delassante-parfumante-100ml\/#primaryimage","url":"https:\/\/vitablanca.ma\/wp-content\/uploads\/2025\/06\/Nuxe-Body-Eau-Delassante-Parfumante-100ml-Nova-para-prix-Maroc.jpg","contentUrl":"https:\/\/vitablanca.ma\/wp-content\/uploads\/2025\/06\/Nuxe-Body-Eau-Delassante-Parfumante-100ml-Nova-para-prix-Maroc.jpg","width":1000,"height":1000},{"@type":"BreadcrumbList","@id":"https:\/\/vitablanca.ma\/produit\/nuxe-body-eau-delassante-parfumante-100ml\/#breadcrumb","itemListElement":[{"@type":"ListItem","position":1,"name":"Home","item":"https:\/\/vitablanca.ma\/"},{"@type":"ListItem","position":2,"name":"Tous Les Produits","item":"https:\/\/vitablanca.ma\/tous-les-produits\/"},{"@type":"ListItem","position":3,"name":"Nuxe Body Eau D\u00e9lassante Parfumante 100ml"}]},{"@type":"WebSite","@id":"https:\/\/vitablanca.ma\/#website","url":"https:\/\/vitablanca.ma\/","name":"VitaBlanca.ma | \u0627\u0644\u0645\u0643\u0645\u0644\u0627\u062a \u0627\u0644\u063a\u0630\u0627\u0626\u064a\u0629\u060c \u0627\u0644\u0635\u062d\u0629 \u0648\u0627\u0644\u062c\u0645\u0627\u0644 \u0641\u064a \u0627\u0644\u0645\u063a\u0631\u0628","description":"\u0646\u0628\u064a\u0639 \u0641\u064a\u062a\u0627\u0645\u064a\u0646\u0627\u062a \u0648\u0645\u0643\u0645\u0644\u0627\u062a \u063a\u0630\u0627\u0626\u064a\u0629 \u0641\u0627\u062e\u0631\u0629 \u0645\u0646 \u0627\u0644\u0648\u0644\u0627\u064a\u0627\u062a \u0627\u0644\u0645\u062a\u062d\u062f\u0629 \u0627\u0644\u0623\u0645\u0631\u064a\u0643\u064a\u0629 \u0648\u0643\u0646\u062f\u0627 \u0648\u0646\u064a\u0648\u0632\u064a\u0644\u0646\u062f\u0627 \u0648\u0627\u0644\u0645\u063a\u0631\u0628 (\u0646\u0627\u0648 \u0641\u0648\u062f\u0632\u060c \u0633\u0648\u0644\u062c\u0627\u0631\u060c \u0645\u0627\u0646\u0648\u0643\u0627). \u062a\u0648\u0635\u064a\u0644 \u0633\u0631\u064a\u0639 \u0625\u0644\u0649 \u062c\u0645\u064a\u0639 \u0623\u0646\u062d\u0627\u0621 \u0627\u0644\u0645\u063a\u0631\u0628.","publisher":{"@id":"https:\/\/vitablanca.ma\/#organization"},"alternateName":"VitaBlanca.ma","potentialAction":[{"@type":"SearchAction","target":{"@type":"EntryPoint","urlTemplate":"https:\/\/vitablanca.ma\/?s={search_term_string}"},"query-input":{"@type":"PropertyValueSpecification","valueRequired":true,"valueName":"search_term_string"}}],"inLanguage":"ar"},{"@type":"Organization","@id":"https:\/\/vitablanca.ma\/#organization","name":"\u0641\u064a\u062a\u0627\u0628\u0644\u0627\u0646\u0643\u0627","url":"https:\/\/vitablanca.ma\/","logo":{"@type":"ImageObject","inLanguage":"ar","@id":"https:\/\/vitablanca.ma\/#\/schema\/logo\/image\/","url":"https:\/\/vitablanca.ma\/wp-content\/uploads\/2025\/05\/cropped-vitablanca.png","contentUrl":"https:\/\/vitablanca.ma\/wp-content\/uploads\/2025\/05\/cropped-vitablanca.png","width":360,"height":67,"caption":"VitaBlanca"},"image":{"@id":"https:\/\/vitablanca.ma\/#\/schema\/logo\/image\/"},"sameAs":["https:\/\/www.facebook.com\/profile.php?id=61576678196717","https:\/\/www.tiktok.com\/@vitablanca.ma","https:\/\/www.instagram.com\/vitablanca.ma\/"]}]}},"jetpack_sharing_enabled":true,"_links":{"self":[{"href":"https:\/\/vitablanca.ma\/ar\/wp-json\/wp\/v2\/product\/20772","targetHints":{"allow":["GET"]}}],"collection":[{"href":"https:\/\/vitablanca.ma\/ar\/wp-json\/wp\/v2\/product"}],"about":[{"href":"https:\/\/vitablanca.ma\/ar\/wp-json\/wp\/v2\/types\/product"}],"wp:featuredmedia":[{"embeddable":true,"href":"https:\/\/vitablanca.ma\/ar\/wp-json\/wp\/v2\/media\/20771"}],"wp:attachment":[{"href":"https:\/\/vitablanca.ma\/ar\/wp-json\/wp\/v2\/media?parent=20772"}],"wp:term":[{"taxonomy":"product_brand","embeddable":true,"href":"https:\/\/vitablanca.ma\/ar\/wp-json\/wp\/v2\/product_brand?post=20772"},{"taxonomy":"product_cat","embeddable":true,"href":"https:\/\/vitablanca.ma\/ar\/wp-json\/wp\/v2\/product_cat?post=20772"},{"taxonomy":"product_tag","embeddable":true,"href":"https:\/\/vitablanca.ma\/ar\/wp-json\/wp\/v2\/product_tag?post=20772"}],"curies":[{"name":"wp","href":"https:\/\/api.w.org\/{rel}","templated":true}]}}