{"id":20768,"date":"2025-06-11T20:36:14","date_gmt":"2025-06-11T20:36:14","guid":{"rendered":"https:\/\/vitablanca.ma\/product\/nuxe-reve-de-miel-creme-mains-et-ongles-50ml\/"},"modified":"2026-02-22T02:26:10","modified_gmt":"2026-02-22T02:26:10","slug":"nuxe-reve-de-miel-creme-mains-et-ongles-50ml","status":"publish","type":"product","link":"https:\/\/vitablanca.ma\/ar\/product-2\/nuxe-reve-de-miel-creme-mains-et-ongles-50ml\/","title":{"rendered":"Nuxe R\u00eave de Miel Cr\u00e8me Mains et Ongles  50ml"},"content":{"rendered":"<h2 class=\"productName_title\" data-product-name=\"title\" data-mce-fragment=\"1\">Nuxe Cr\u00e8me mains et ongles, R\u00eave de Miel\u00a0R\u00e9pare, nourrit, prot\u00e8ge.\u00a0Mains dess\u00e9ch\u00e9es.<\/h2>\n<div class=\"productDescription_contentPropertyListItem productDescription_contentPropertyListItem_synopsis productDescription_contentPropertyListItem-active\" data-item=\"\">\n<h3 class=\"productDescription_contentPropertyHeading productDescription_contentPropertyHeading-tabbed\" data-tab-title=\"Portrait\">\u0644\u064e\u0648\u062d\u064e\u0629<\/h3>\n<div id=\"product-description-content-lg-2\" class=\"productDescription_contentProperties productDescription_contentProperties_list\" aria-labelledby=\"product-description-heading-lg-2\" data-item-content=\"\">\n<div class=\"productDescription_synopsisContent\">Cette cr\u00e8me hydratante mains, au Miel et Huiles V\u00e9g\u00e9tales pr\u00e9cieuses nourrit et r\u00e9pare les mains s\u00e8ches. Sa texture soyeuse au doux parfum de miel enveloppe les mains de douceur sans effet gras.<\/p>\n<p>&#8211; 91% des femmes trouvent leurs mains nourries, r\u00e9par\u00e9es et prot\u00e9g\u00e9es des agressions. ext\u00e9rieures (vent, froid)*.<br \/>\n&#8211; +66% d\u2019hydratation apr\u00e8s 2h**.<\/p><\/div>\n<div class=\"productDescription_synopsisContent\">\nJour apr\u00e8s jour, les mains redeviennent douces.<br \/>\nFormul\u00e9 et fabriqu\u00e9 en France.<\/p>\n<\/div>\n<\/div>\n<\/div>\n<div class=\"productDescription_contentPropertyListItem productDescription_contentPropertyListItem_directions\" data-item=\"\">\n<h3 class=\"productDescription_contentPropertyHeading productDescription_contentPropertyHeading-tabbed\" data-tab-title=\"Conseils beaut\u00e9\">\u0646\u0635\u0627\u0626\u062d \u0627\u0644\u062c\u0645\u0627\u0644<\/h3>\n<p>Appliquez la Cr\u00e8me Mains et Ongles d\u00e8s que vous en ressentez le besoin, en insistant sur le contour des ongles.<\/p>\n<\/div>","protected":false},"excerpt":{"rendered":"<p>Nuxe Cr\u00e8me mains et ongles, R\u00eave de Miel\u00a0R\u00e9pare, nourrit, prot\u00e8ge.\u00a0Mains dess\u00e9ch\u00e9es. Portrait Cette cr\u00e8me hydratante mains, au Miel et Huiles V\u00e9g\u00e9tales pr\u00e9cieuses nourrit et r\u00e9pare les mains s\u00e8ches. Sa texture soyeuse au doux parfum de miel enveloppe les mains de douceur sans effet gras. &#8211; 91% des femmes trouvent leurs mains nourries, r\u00e9par\u00e9es et prot\u00e9g\u00e9es [&hellip;]<\/p>\n","protected":false},"featured_media":20767,"template":"","meta":{"om_disable_all_campaigns":false},"product_brand":[5409],"product_cat":[18],"product_tag":[10087,10094,8179,10093,9615,10086,10089,10091,10092,10088,10090],"class_list":{"0":"post-20768","1":"product","2":"type-product","3":"status-publish","4":"has-post-thumbnail","6":"product_brand-nuxe-maroc-prix","7":"product_cat-beaute-sante","8":"product_tag-creme-mains-et-ongles-hydratante","9":"product_tag-creme-mains-miel-karite","10":"product_tag-creme-nourrissante-mains","11":"product_tag-creme-parfumee-mains","12":"product_tag-nuxe-maroc","13":"product_tag-nuxe-reve-de-miel-creme-mains","14":"product_tag-ongles-renforces-et-proteges","15":"product_tag-peau-douce-et-confortable","16":"product_tag-routine-mains-et-ongles","17":"product_tag-soin-mains-peau-seche","18":"product_tag-soin-quotidien-mains-et-ongles","20":"first","21":"instock","22":"sale","23":"taxable","24":"shipping-taxable","25":"purchasable","26":"product-type-simple"},"yoast_head":"<!-- This site is optimized with the Yoast SEO plugin v27.4 - https:\/\/yoast.com\/product\/yoast-seo-wordpress\/ -->\n<title>Nuxe R\u00eave de Miel Cr\u00e8me Mains et Ongles 50ml - Maroc Prix<\/title>\n<meta name=\"description\" content=\"La Cr\u00e8me Mains et Ongles NUXE R\u00eave de Miel 50ml hydrate intens\u00e9ment et prot\u00e8ge les mains s\u00e8ches et ab\u00eem\u00e9es. Enrichie en miel, beurre de karite,\" \/>\n<meta name=\"robots\" content=\"index, follow, max-snippet:-1, max-image-preview:large, max-video-preview:-1\" \/>\n<link rel=\"canonical\" href=\"https:\/\/vitablanca.ma\/ar\/product-2\/nuxe-reve-de-miel-creme-mains-et-ongles-50ml\/\" \/>\n<meta property=\"og:locale\" content=\"ar_AR\" \/>\n<meta property=\"og:type\" content=\"article\" \/>\n<meta property=\"og:title\" content=\"Nuxe R\u00eave de Miel Cr\u00e8me Mains et Ongles 50ml - Maroc Prix\" \/>\n<meta property=\"og:description\" content=\"La Cr\u00e8me Mains et Ongles NUXE R\u00eave de Miel 50ml hydrate intens\u00e9ment et prot\u00e8ge les mains s\u00e8ches et ab\u00eem\u00e9es. Enrichie en miel, beurre de karite,\" \/>\n<meta property=\"og:url\" content=\"https:\/\/vitablanca.ma\/ar\/product-2\/nuxe-reve-de-miel-creme-mains-et-ongles-50ml\/\" \/>\n<meta property=\"og:site_name\" content=\"Vitablanca.ma &ndash; Sant&eacute;, vitalit&eacute; et bien-&ecirc;tre pour tous les Marocains\" \/>\n<meta property=\"article:publisher\" content=\"https:\/\/www.facebook.com\/profile.php?id=61576678196717\" \/>\n<meta property=\"article:modified_time\" content=\"2026-02-22T02:26:10+00:00\" \/>\n<meta property=\"og:image\" content=\"https:\/\/vitablanca.ma\/wp-content\/uploads\/2025\/06\/Nuxe-Reve-de-Miel-Creme-Mains-et-Ongles-50ml-nova-parapharmacie-maroc.jpg\" \/>\n\t<meta property=\"og:image:width\" content=\"1000\" \/>\n\t<meta property=\"og:image:height\" content=\"1000\" \/>\n\t<meta property=\"og:image:type\" content=\"image\/jpeg\" \/>\n<meta name=\"twitter:card\" content=\"summary_large_image\" \/>\n<meta name=\"twitter:label1\" content=\"\u0648\u0642\u062a \u0627\u0644\u0642\u0631\u0627\u0621\u0629 \u0627\u0644\u0645\u064f\u0642\u062f\u0651\u0631\" \/>\n\t<meta name=\"twitter:data1\" content=\"\u062f\u0642\u064a\u0642\u0629 \u0648\u0627\u062d\u062f\u0629\" \/>\n<script type=\"application\/ld+json\" class=\"yoast-schema-graph\">{\"@context\":\"https:\\\/\\\/schema.org\",\"@graph\":[{\"@type\":[\"WebPage\",\"ItemPage\"],\"@id\":\"https:\\\/\\\/vitablanca.ma\\\/produit\\\/nuxe-reve-de-miel-creme-mains-et-ongles-50ml\\\/\",\"url\":\"https:\\\/\\\/vitablanca.ma\\\/produit\\\/nuxe-reve-de-miel-creme-mains-et-ongles-50ml\\\/\",\"name\":\"Nuxe R\u00eave de Miel Cr\u00e8me Mains et Ongles 50ml - Maroc Prix\",\"isPartOf\":{\"@id\":\"https:\\\/\\\/vitablanca.ma\\\/#website\"},\"primaryImageOfPage\":{\"@id\":\"https:\\\/\\\/vitablanca.ma\\\/produit\\\/nuxe-reve-de-miel-creme-mains-et-ongles-50ml\\\/#primaryimage\"},\"image\":{\"@id\":\"https:\\\/\\\/vitablanca.ma\\\/produit\\\/nuxe-reve-de-miel-creme-mains-et-ongles-50ml\\\/#primaryimage\"},\"thumbnailUrl\":\"https:\\\/\\\/vitablanca.ma\\\/wp-content\\\/uploads\\\/2025\\\/06\\\/Nuxe-Reve-de-Miel-Creme-Mains-et-Ongles-50ml-nova-parapharmacie-maroc.jpg\",\"datePublished\":\"2025-06-11T20:36:14+00:00\",\"dateModified\":\"2026-02-22T02:26:10+00:00\",\"description\":\"La Cr\u00e8me Mains et Ongles NUXE R\u00eave de Miel 50ml hydrate intens\u00e9ment et prot\u00e8ge les mains s\u00e8ches et ab\u00eem\u00e9es. Enrichie en miel, beurre de karite,\",\"breadcrumb\":{\"@id\":\"https:\\\/\\\/vitablanca.ma\\\/produit\\\/nuxe-reve-de-miel-creme-mains-et-ongles-50ml\\\/#breadcrumb\"},\"inLanguage\":\"ar\",\"potentialAction\":[{\"@type\":\"ReadAction\",\"target\":[\"https:\\\/\\\/vitablanca.ma\\\/produit\\\/nuxe-reve-de-miel-creme-mains-et-ongles-50ml\\\/\"]}]},{\"@type\":\"ImageObject\",\"inLanguage\":\"ar\",\"@id\":\"https:\\\/\\\/vitablanca.ma\\\/produit\\\/nuxe-reve-de-miel-creme-mains-et-ongles-50ml\\\/#primaryimage\",\"url\":\"https:\\\/\\\/vitablanca.ma\\\/wp-content\\\/uploads\\\/2025\\\/06\\\/Nuxe-Reve-de-Miel-Creme-Mains-et-Ongles-50ml-nova-parapharmacie-maroc.jpg\",\"contentUrl\":\"https:\\\/\\\/vitablanca.ma\\\/wp-content\\\/uploads\\\/2025\\\/06\\\/Nuxe-Reve-de-Miel-Creme-Mains-et-Ongles-50ml-nova-parapharmacie-maroc.jpg\",\"width\":1000,\"height\":1000},{\"@type\":\"BreadcrumbList\",\"@id\":\"https:\\\/\\\/vitablanca.ma\\\/produit\\\/nuxe-reve-de-miel-creme-mains-et-ongles-50ml\\\/#breadcrumb\",\"itemListElement\":[{\"@type\":\"ListItem\",\"position\":1,\"name\":\"Home\",\"item\":\"https:\\\/\\\/vitablanca.ma\\\/\"},{\"@type\":\"ListItem\",\"position\":2,\"name\":\"Tous Les Produits\",\"item\":\"https:\\\/\\\/vitablanca.ma\\\/tous-les-produits\\\/\"},{\"@type\":\"ListItem\",\"position\":3,\"name\":\"Nuxe R\u00eave de Miel Cr\u00e8me Mains et Ongles 50ml\"}]},{\"@type\":\"WebSite\",\"@id\":\"https:\\\/\\\/vitablanca.ma\\\/#website\",\"url\":\"https:\\\/\\\/vitablanca.ma\\\/\",\"name\":\"VitaBlanca.ma | Compl\u00e9ments alimentaires, sant\u00e9 & beaut\u00e9 au Maroc\",\"description\":\"vendre vitamines et compl\u00e9ments premium des USA &amp; Canada, Nouvelle Z\u00e9lande,Maroc (NOW Foods, Solgar, Manuka). Livraison rapide partout au Maroc.\",\"publisher\":{\"@id\":\"https:\\\/\\\/vitablanca.ma\\\/#organization\"},\"alternateName\":\"VitaBlanca.ma\",\"potentialAction\":[{\"@type\":\"SearchAction\",\"target\":{\"@type\":\"EntryPoint\",\"urlTemplate\":\"https:\\\/\\\/vitablanca.ma\\\/?s={search_term_string}\"},\"query-input\":{\"@type\":\"PropertyValueSpecification\",\"valueRequired\":true,\"valueName\":\"search_term_string\"}}],\"inLanguage\":\"ar\"},{\"@type\":\"Organization\",\"@id\":\"https:\\\/\\\/vitablanca.ma\\\/#organization\",\"name\":\"VitaBlanca\",\"url\":\"https:\\\/\\\/vitablanca.ma\\\/\",\"logo\":{\"@type\":\"ImageObject\",\"inLanguage\":\"ar\",\"@id\":\"https:\\\/\\\/vitablanca.ma\\\/#\\\/schema\\\/logo\\\/image\\\/\",\"url\":\"https:\\\/\\\/vitablanca.ma\\\/wp-content\\\/uploads\\\/2025\\\/05\\\/cropped-vitablanca.png\",\"contentUrl\":\"https:\\\/\\\/vitablanca.ma\\\/wp-content\\\/uploads\\\/2025\\\/05\\\/cropped-vitablanca.png\",\"width\":360,\"height\":67,\"caption\":\"VitaBlanca\"},\"image\":{\"@id\":\"https:\\\/\\\/vitablanca.ma\\\/#\\\/schema\\\/logo\\\/image\\\/\"},\"sameAs\":[\"https:\\\/\\\/www.facebook.com\\\/profile.php?id=61576678196717\",\"https:\\\/\\\/www.tiktok.com\\\/@vitablanca.ma\",\"https:\\\/\\\/www.instagram.com\\\/vitablanca.ma\\\/\"]}]}<\/script>\n<!-- \/ Yoast SEO plugin. -->","yoast_head_json":{"title":"Nuxe R\u00eave de Miel Cr\u00e8me Mains et Ongles 50ml - Maroc Prix","description":"La Cr\u00e8me Mains et Ongles NUXE R\u00eave de Miel 50ml hydrate intens\u00e9ment et prot\u00e8ge les mains s\u00e8ches et ab\u00eem\u00e9es. Enrichie en miel, beurre de karite,","robots":{"index":"index","follow":"follow","max-snippet":"max-snippet:-1","max-image-preview":"max-image-preview:large","max-video-preview":"max-video-preview:-1"},"canonical":"https:\/\/vitablanca.ma\/ar\/product-2\/nuxe-reve-de-miel-creme-mains-et-ongles-50ml\/","og_locale":"ar_AR","og_type":"article","og_title":"Nuxe R\u00eave de Miel Cr\u00e8me Mains et Ongles 50ml - Maroc Prix","og_description":"La Cr\u00e8me Mains et Ongles NUXE R\u00eave de Miel 50ml hydrate intens\u00e9ment et prot\u00e8ge les mains s\u00e8ches et ab\u00eem\u00e9es. Enrichie en miel, beurre de karite,","og_url":"https:\/\/vitablanca.ma\/ar\/product-2\/nuxe-reve-de-miel-creme-mains-et-ongles-50ml\/","og_site_name":"Vitablanca.ma &ndash; Sant&eacute;, vitalit&eacute; et bien-&ecirc;tre pour tous les Marocains","article_publisher":"https:\/\/www.facebook.com\/profile.php?id=61576678196717","article_modified_time":"2026-02-22T02:26:10+00:00","og_image":[{"width":1000,"height":1000,"url":"https:\/\/vitablanca.ma\/wp-content\/uploads\/2025\/06\/Nuxe-Reve-de-Miel-Creme-Mains-et-Ongles-50ml-nova-parapharmacie-maroc.jpg","type":"image\/jpeg"}],"twitter_card":"summary_large_image","twitter_misc":{"\u0648\u0642\u062a \u0627\u0644\u0642\u0631\u0627\u0621\u0629 \u0627\u0644\u0645\u064f\u0642\u062f\u0651\u0631":"\u062f\u0642\u064a\u0642\u0629 \u0648\u0627\u062d\u062f\u0629"},"schema":{"@context":"https:\/\/schema.org","@graph":[{"@type":["WebPage","ItemPage"],"@id":"https:\/\/vitablanca.ma\/produit\/nuxe-reve-de-miel-creme-mains-et-ongles-50ml\/","url":"https:\/\/vitablanca.ma\/produit\/nuxe-reve-de-miel-creme-mains-et-ongles-50ml\/","name":"Nuxe R\u00eave de Miel Cr\u00e8me Mains et Ongles 50ml - Maroc Prix","isPartOf":{"@id":"https:\/\/vitablanca.ma\/#website"},"primaryImageOfPage":{"@id":"https:\/\/vitablanca.ma\/produit\/nuxe-reve-de-miel-creme-mains-et-ongles-50ml\/#primaryimage"},"image":{"@id":"https:\/\/vitablanca.ma\/produit\/nuxe-reve-de-miel-creme-mains-et-ongles-50ml\/#primaryimage"},"thumbnailUrl":"https:\/\/vitablanca.ma\/wp-content\/uploads\/2025\/06\/Nuxe-Reve-de-Miel-Creme-Mains-et-Ongles-50ml-nova-parapharmacie-maroc.jpg","datePublished":"2025-06-11T20:36:14+00:00","dateModified":"2026-02-22T02:26:10+00:00","description":"La Cr\u00e8me Mains et Ongles NUXE R\u00eave de Miel 50ml hydrate intens\u00e9ment et prot\u00e8ge les mains s\u00e8ches et ab\u00eem\u00e9es. Enrichie en miel, beurre de karite,","breadcrumb":{"@id":"https:\/\/vitablanca.ma\/produit\/nuxe-reve-de-miel-creme-mains-et-ongles-50ml\/#breadcrumb"},"inLanguage":"ar","potentialAction":[{"@type":"ReadAction","target":["https:\/\/vitablanca.ma\/produit\/nuxe-reve-de-miel-creme-mains-et-ongles-50ml\/"]}]},{"@type":"ImageObject","inLanguage":"ar","@id":"https:\/\/vitablanca.ma\/produit\/nuxe-reve-de-miel-creme-mains-et-ongles-50ml\/#primaryimage","url":"https:\/\/vitablanca.ma\/wp-content\/uploads\/2025\/06\/Nuxe-Reve-de-Miel-Creme-Mains-et-Ongles-50ml-nova-parapharmacie-maroc.jpg","contentUrl":"https:\/\/vitablanca.ma\/wp-content\/uploads\/2025\/06\/Nuxe-Reve-de-Miel-Creme-Mains-et-Ongles-50ml-nova-parapharmacie-maroc.jpg","width":1000,"height":1000},{"@type":"BreadcrumbList","@id":"https:\/\/vitablanca.ma\/produit\/nuxe-reve-de-miel-creme-mains-et-ongles-50ml\/#breadcrumb","itemListElement":[{"@type":"ListItem","position":1,"name":"Home","item":"https:\/\/vitablanca.ma\/"},{"@type":"ListItem","position":2,"name":"Tous Les Produits","item":"https:\/\/vitablanca.ma\/tous-les-produits\/"},{"@type":"ListItem","position":3,"name":"Nuxe R\u00eave de Miel Cr\u00e8me Mains et Ongles 50ml"}]},{"@type":"WebSite","@id":"https:\/\/vitablanca.ma\/#website","url":"https:\/\/vitablanca.ma\/","name":"VitaBlanca.ma | \u0627\u0644\u0645\u0643\u0645\u0644\u0627\u062a \u0627\u0644\u063a\u0630\u0627\u0626\u064a\u0629\u060c \u0627\u0644\u0635\u062d\u0629 \u0648\u0627\u0644\u062c\u0645\u0627\u0644 \u0641\u064a \u0627\u0644\u0645\u063a\u0631\u0628","description":"\u0646\u0628\u064a\u0639 \u0641\u064a\u062a\u0627\u0645\u064a\u0646\u0627\u062a \u0648\u0645\u0643\u0645\u0644\u0627\u062a \u063a\u0630\u0627\u0626\u064a\u0629 \u0641\u0627\u062e\u0631\u0629 \u0645\u0646 \u0627\u0644\u0648\u0644\u0627\u064a\u0627\u062a \u0627\u0644\u0645\u062a\u062d\u062f\u0629 \u0627\u0644\u0623\u0645\u0631\u064a\u0643\u064a\u0629 \u0648\u0643\u0646\u062f\u0627 \u0648\u0646\u064a\u0648\u0632\u064a\u0644\u0646\u062f\u0627 \u0648\u0627\u0644\u0645\u063a\u0631\u0628 (\u0646\u0627\u0648 \u0641\u0648\u062f\u0632\u060c \u0633\u0648\u0644\u062c\u0627\u0631\u060c \u0645\u0627\u0646\u0648\u0643\u0627). \u062a\u0648\u0635\u064a\u0644 \u0633\u0631\u064a\u0639 \u0625\u0644\u0649 \u062c\u0645\u064a\u0639 \u0623\u0646\u062d\u0627\u0621 \u0627\u0644\u0645\u063a\u0631\u0628.","publisher":{"@id":"https:\/\/vitablanca.ma\/#organization"},"alternateName":"VitaBlanca.ma","potentialAction":[{"@type":"SearchAction","target":{"@type":"EntryPoint","urlTemplate":"https:\/\/vitablanca.ma\/?s={search_term_string}"},"query-input":{"@type":"PropertyValueSpecification","valueRequired":true,"valueName":"search_term_string"}}],"inLanguage":"ar"},{"@type":"Organization","@id":"https:\/\/vitablanca.ma\/#organization","name":"\u0641\u064a\u062a\u0627\u0628\u0644\u0627\u0646\u0643\u0627","url":"https:\/\/vitablanca.ma\/","logo":{"@type":"ImageObject","inLanguage":"ar","@id":"https:\/\/vitablanca.ma\/#\/schema\/logo\/image\/","url":"https:\/\/vitablanca.ma\/wp-content\/uploads\/2025\/05\/cropped-vitablanca.png","contentUrl":"https:\/\/vitablanca.ma\/wp-content\/uploads\/2025\/05\/cropped-vitablanca.png","width":360,"height":67,"caption":"VitaBlanca"},"image":{"@id":"https:\/\/vitablanca.ma\/#\/schema\/logo\/image\/"},"sameAs":["https:\/\/www.facebook.com\/profile.php?id=61576678196717","https:\/\/www.tiktok.com\/@vitablanca.ma","https:\/\/www.instagram.com\/vitablanca.ma\/"]}]}},"jetpack_sharing_enabled":true,"_links":{"self":[{"href":"https:\/\/vitablanca.ma\/ar\/wp-json\/wp\/v2\/product\/20768","targetHints":{"allow":["GET"]}}],"collection":[{"href":"https:\/\/vitablanca.ma\/ar\/wp-json\/wp\/v2\/product"}],"about":[{"href":"https:\/\/vitablanca.ma\/ar\/wp-json\/wp\/v2\/types\/product"}],"wp:featuredmedia":[{"embeddable":true,"href":"https:\/\/vitablanca.ma\/ar\/wp-json\/wp\/v2\/media\/20767"}],"wp:attachment":[{"href":"https:\/\/vitablanca.ma\/ar\/wp-json\/wp\/v2\/media?parent=20768"}],"wp:term":[{"taxonomy":"product_brand","embeddable":true,"href":"https:\/\/vitablanca.ma\/ar\/wp-json\/wp\/v2\/product_brand?post=20768"},{"taxonomy":"product_cat","embeddable":true,"href":"https:\/\/vitablanca.ma\/ar\/wp-json\/wp\/v2\/product_cat?post=20768"},{"taxonomy":"product_tag","embeddable":true,"href":"https:\/\/vitablanca.ma\/ar\/wp-json\/wp\/v2\/product_tag?post=20768"}],"curies":[{"name":"wp","href":"https:\/\/api.w.org\/{rel}","templated":true}]}}