{"id":20752,"date":"2025-06-11T20:35:11","date_gmt":"2025-06-11T20:35:11","guid":{"rendered":"https:\/\/vitablanca.ma\/product\/nutricap-nutrisante-croissance-anti-chute-1-mois-60-gelules\/"},"modified":"2026-02-22T03:08:59","modified_gmt":"2026-02-22T03:08:59","slug":"nutricap-nutrisante-croissance-anti-chute-1-mois-60-gelules","status":"publish","type":"product","link":"https:\/\/vitablanca.ma\/ar\/product-2\/nutricap-nutrisante-croissance-anti-chute-1-mois-60-gelules\/","title":{"rendered":"Nutricap Nutrisante Croissance Anti-Chute 1 Mois 60 G\u00e9lules"},"content":{"rendered":"<h2><span data-mce-fragment=\"1\">Nutricap Nutrisante Croissance Anti-Chute 1 Mois<\/span><\/h2>\n<p>Le prosilium, extrait v\u00e9g\u00e9tal de pr\u00eale, aide \u00e0 renforcer les cheveux et les ongles.<\/p>\n<p>Le fer et les vitamines B5, B2 et PP aident \u00e0 lutter contre la fatigue qui peut \u00eatre responsable des cheveux ternes et fragiles.<\/p>\n<p>Le vitamine B8 et le zinc participent au maintien des cheveux et du cuir chevelu en pleine sant\u00e9.<\/p>\n<p>La vitamine E compl\u00e8te la formule par son action anti-radicalaire. Elle contribue \u00e0 prot\u00e9ger les cellules contre le stress oxydatif.<\/p>\n<p>2 g\u00e9lules par jour au cours du petit d\u00e9jeuner.<br \/>\n60 \u0643\u0628\u0633\u0648\u0644\u0629<\/p>\n<p>Pour une efficacit\u00e9 optimale, compl\u00e9ter l&rsquo;action du compl\u00e9ment alimentaire par: le shampooing et le s\u00e9rum.<\/p>\n<p>\u0644\u0627 \u062a\u062a\u062c\u0627\u0648\u0632 \u0627\u0644\u062c\u0631\u0639\u0629 \u0627\u0644\u0645\u0648\u0635\u0649 \u0628\u0647\u0627.<br \/>\n\u064a\u062d\u0641\u0638 \u0641\u064a \u0645\u0643\u0627\u0646 \u0628\u0627\u0631\u062f \u0648\u062c\u0627\u0641.<br \/>\nA consommer dans le cadre d&rsquo;une alimentation vari\u00e9e, \u00e9quilibr\u00e9e et d&rsquo;un mode de vie sain.<br \/>\nA garder hors de port\u00e9e des enfants.<\/p>\n<h3>\u062a\u0639\u0628\u064a\u0631:<\/h3>\n<p>Ingr\u00e9dients: extrait de bl\u00e9 riche en cystine, g\u00e9lule (g\u00e9latine de poisson, colorant: caramel naturel), extrait de citrus riche en flavono\u00efdes, prosilium (extrait de pr\u00eale riche en silice), min\u00e9ral: diphosphate ferrique, vitamine E naturelle, vitamine PP, min\u00e9ral: oxyde de zinc, anti-agglom\u00e9rants: dioxyde de silicium, sels de magn\u00e9sium d&rsquo;acides gras, vitamines B5, B6, B2, B8.<\/p>\n<p>Ce produit contient du gluten.<\/p>\n<p>Analyse nutritionnelle pour 2 g\u00e9lules<\/p>\n<p>Valeur \u00e9nerg\u00e9tique 2 kcal\/9 kL<\/p>\n<p>Prot\u00e9ines 0.37 g<br \/>\nGlucides 0.06 g<br \/>\nLipides 0.02 g<\/p>\n<p>Vitamine E 10 mg (83,3% AJR)<br \/>\nVitamine B2 1.6 mg (114.3% AJR)<br \/>\nVitamine PP 18 mg (112.5% AJR)<br \/>\nVitamine B6 2 mg (142.8% AJR)<br \/>\nVitamine B8 0.15 mg (300% AJR)<br \/>\nVitamine B5 6 mg (100% AJR)<br \/>\nFer 12 mg (85.7% AJR)<br \/>\nZinc 15 mg (150% AJR)<\/p>\n<p>Extrait de bl\u00e9 250 mg<br \/>\nDont cystine 20 mg<br \/>\nExtrait de citrus 130 mg<br \/>\nDont flavono\u00efdes 65 mg<br \/>\nProsilium 60 mg<br \/>\nDont silice 4.2 mg<\/p>","protected":false},"excerpt":{"rendered":"<p>Nutricap Nutrisante Croissance Anti-Chute 1 Mois Le prosilium, extrait v\u00e9g\u00e9tal de pr\u00eale, aide \u00e0 renforcer les cheveux et les ongles. Le fer et les vitamines B5, B2 et PP aident \u00e0 lutter contre la fatigue qui peut \u00eatre responsable des cheveux ternes et fragiles. Le vitamine B8 et le zinc participent au maintien des cheveux [&hellip;]<\/p>\n","protected":false},"featured_media":20751,"template":"","meta":{"om_disable_all_campaigns":false},"product_brand":[],"product_cat":[15],"product_tag":[4836,6729,10145,10147,10143,10152,10149,10150,10142,10146,10151,10148],"class_list":{"0":"post-20752","1":"product","2":"type-product","3":"status-publish","4":"has-post-thumbnail","6":"product_cat-beaute-sante-complements-alimentaires-soins-et-bien-etre-au-meilleur-prix","7":"product_tag-anti-chute-cheveux","8":"product_tag-cheveux-fragiles","9":"product_tag-cheveux-plus-forts-et-densifies","10":"product_tag-cheveux-sains-et-resistants","11":"product_tag-complement-alimentaire-cheveux","12":"product_tag-cure-1-mois-cheveux","13":"product_tag-fortifiant-capillaire","14":"product_tag-gelules-anti-chute-cheveux","15":"product_tag-nutricap-nutrisante-croissance","16":"product_tag-nutriments-cheveux","17":"product_tag-routine-sante-cheveux","18":"product_tag-soin-capillaire-interne","20":"first","21":"instock","22":"sale","23":"taxable","24":"shipping-taxable","25":"purchasable","26":"product-type-simple"},"yoast_head":"<!-- This site is optimized with the Yoast SEO plugin v27.4 - https:\/\/yoast.com\/product\/yoast-seo-wordpress\/ -->\n<title>Nutricap Nutrisante Croissance 60 G\u00e9lules - Maroc Prix<\/title>\n<meta name=\"description\" content=\"Nutricap Nutrisante Croissance Anti-Chute 60 G\u00e9lules est un compl\u00e9ment alimentaire formul\u00e9 pour stimuler la croissance, renforcer et limiter la chute\" \/>\n<meta name=\"robots\" content=\"index, follow, max-snippet:-1, max-image-preview:large, max-video-preview:-1\" \/>\n<link rel=\"canonical\" href=\"https:\/\/vitablanca.ma\/ar\/product-2\/nutricap-nutrisante-croissance-anti-chute-1-mois-60-gelules\/\" \/>\n<meta property=\"og:locale\" content=\"ar_AR\" \/>\n<meta property=\"og:type\" content=\"article\" \/>\n<meta property=\"og:title\" content=\"Nutricap Nutrisante Croissance 60 G\u00e9lules - Maroc Prix\" \/>\n<meta property=\"og:description\" content=\"Nutricap Nutrisante Croissance Anti-Chute 60 G\u00e9lules est un compl\u00e9ment alimentaire formul\u00e9 pour stimuler la croissance, renforcer et limiter la chute\" \/>\n<meta property=\"og:url\" content=\"https:\/\/vitablanca.ma\/ar\/product-2\/nutricap-nutrisante-croissance-anti-chute-1-mois-60-gelules\/\" \/>\n<meta property=\"og:site_name\" content=\"Vitablanca.ma &ndash; Sant&eacute;, vitalit&eacute; et bien-&ecirc;tre pour tous les Marocains\" \/>\n<meta property=\"article:publisher\" content=\"https:\/\/www.facebook.com\/profile.php?id=61576678196717\" \/>\n<meta property=\"article:modified_time\" content=\"2026-02-22T03:08:59+00:00\" \/>\n<meta property=\"og:image\" content=\"https:\/\/vitablanca.ma\/wp-content\/uploads\/2025\/06\/Nutricap-Nutrisante-Croissance-Anti-Chute-1-Mois-60-Gelules-nova-parapharmacie-casablanca.jpg\" \/>\n\t<meta property=\"og:image:width\" content=\"1000\" \/>\n\t<meta property=\"og:image:height\" content=\"1000\" \/>\n\t<meta property=\"og:image:type\" content=\"image\/jpeg\" \/>\n<meta name=\"twitter:card\" content=\"summary_large_image\" \/>\n<meta name=\"twitter:label1\" content=\"\u0648\u0642\u062a \u0627\u0644\u0642\u0631\u0627\u0621\u0629 \u0627\u0644\u0645\u064f\u0642\u062f\u0651\u0631\" \/>\n\t<meta name=\"twitter:data1\" content=\"\u062f\u0642\u064a\u0642\u062a\u0627\u0646\" \/>\n<script type=\"application\/ld+json\" class=\"yoast-schema-graph\">{\"@context\":\"https:\\\/\\\/schema.org\",\"@graph\":[{\"@type\":[\"WebPage\",\"ItemPage\"],\"@id\":\"https:\\\/\\\/vitablanca.ma\\\/produit\\\/nutricap-nutrisante-croissance-anti-chute-1-mois-60-gelules\\\/\",\"url\":\"https:\\\/\\\/vitablanca.ma\\\/produit\\\/nutricap-nutrisante-croissance-anti-chute-1-mois-60-gelules\\\/\",\"name\":\"Nutricap Nutrisante Croissance 60 G\u00e9lules - Maroc Prix\",\"isPartOf\":{\"@id\":\"https:\\\/\\\/vitablanca.ma\\\/#website\"},\"primaryImageOfPage\":{\"@id\":\"https:\\\/\\\/vitablanca.ma\\\/produit\\\/nutricap-nutrisante-croissance-anti-chute-1-mois-60-gelules\\\/#primaryimage\"},\"image\":{\"@id\":\"https:\\\/\\\/vitablanca.ma\\\/produit\\\/nutricap-nutrisante-croissance-anti-chute-1-mois-60-gelules\\\/#primaryimage\"},\"thumbnailUrl\":\"https:\\\/\\\/vitablanca.ma\\\/wp-content\\\/uploads\\\/2025\\\/06\\\/Nutricap-Nutrisante-Croissance-Anti-Chute-1-Mois-60-Gelules-nova-parapharmacie-casablanca.jpg\",\"datePublished\":\"2025-06-11T20:35:11+00:00\",\"dateModified\":\"2026-02-22T03:08:59+00:00\",\"description\":\"Nutricap Nutrisante Croissance Anti-Chute 60 G\u00e9lules est un compl\u00e9ment alimentaire formul\u00e9 pour stimuler la croissance, renforcer et limiter la chute\",\"breadcrumb\":{\"@id\":\"https:\\\/\\\/vitablanca.ma\\\/produit\\\/nutricap-nutrisante-croissance-anti-chute-1-mois-60-gelules\\\/#breadcrumb\"},\"inLanguage\":\"ar\",\"potentialAction\":[{\"@type\":\"ReadAction\",\"target\":[\"https:\\\/\\\/vitablanca.ma\\\/produit\\\/nutricap-nutrisante-croissance-anti-chute-1-mois-60-gelules\\\/\"]}]},{\"@type\":\"ImageObject\",\"inLanguage\":\"ar\",\"@id\":\"https:\\\/\\\/vitablanca.ma\\\/produit\\\/nutricap-nutrisante-croissance-anti-chute-1-mois-60-gelules\\\/#primaryimage\",\"url\":\"https:\\\/\\\/vitablanca.ma\\\/wp-content\\\/uploads\\\/2025\\\/06\\\/Nutricap-Nutrisante-Croissance-Anti-Chute-1-Mois-60-Gelules-nova-parapharmacie-casablanca.jpg\",\"contentUrl\":\"https:\\\/\\\/vitablanca.ma\\\/wp-content\\\/uploads\\\/2025\\\/06\\\/Nutricap-Nutrisante-Croissance-Anti-Chute-1-Mois-60-Gelules-nova-parapharmacie-casablanca.jpg\",\"width\":1000,\"height\":1000},{\"@type\":\"BreadcrumbList\",\"@id\":\"https:\\\/\\\/vitablanca.ma\\\/produit\\\/nutricap-nutrisante-croissance-anti-chute-1-mois-60-gelules\\\/#breadcrumb\",\"itemListElement\":[{\"@type\":\"ListItem\",\"position\":1,\"name\":\"Home\",\"item\":\"https:\\\/\\\/vitablanca.ma\\\/\"},{\"@type\":\"ListItem\",\"position\":2,\"name\":\"Tous Les Produits\",\"item\":\"https:\\\/\\\/vitablanca.ma\\\/tous-les-produits\\\/\"},{\"@type\":\"ListItem\",\"position\":3,\"name\":\"Nutricap Nutrisante Croissance Anti-Chute 1 Mois 60 G\u00e9lules\"}]},{\"@type\":\"WebSite\",\"@id\":\"https:\\\/\\\/vitablanca.ma\\\/#website\",\"url\":\"https:\\\/\\\/vitablanca.ma\\\/\",\"name\":\"VitaBlanca.ma | Compl\u00e9ments alimentaires, sant\u00e9 & beaut\u00e9 au Maroc\",\"description\":\"vendre vitamines et compl\u00e9ments premium des USA &amp; Canada, Nouvelle Z\u00e9lande,Maroc (NOW Foods, Solgar, Manuka). Livraison rapide partout au Maroc.\",\"publisher\":{\"@id\":\"https:\\\/\\\/vitablanca.ma\\\/#organization\"},\"alternateName\":\"VitaBlanca.ma\",\"potentialAction\":[{\"@type\":\"SearchAction\",\"target\":{\"@type\":\"EntryPoint\",\"urlTemplate\":\"https:\\\/\\\/vitablanca.ma\\\/?s={search_term_string}\"},\"query-input\":{\"@type\":\"PropertyValueSpecification\",\"valueRequired\":true,\"valueName\":\"search_term_string\"}}],\"inLanguage\":\"ar\"},{\"@type\":\"Organization\",\"@id\":\"https:\\\/\\\/vitablanca.ma\\\/#organization\",\"name\":\"VitaBlanca\",\"url\":\"https:\\\/\\\/vitablanca.ma\\\/\",\"logo\":{\"@type\":\"ImageObject\",\"inLanguage\":\"ar\",\"@id\":\"https:\\\/\\\/vitablanca.ma\\\/#\\\/schema\\\/logo\\\/image\\\/\",\"url\":\"https:\\\/\\\/vitablanca.ma\\\/wp-content\\\/uploads\\\/2025\\\/05\\\/cropped-vitablanca.png\",\"contentUrl\":\"https:\\\/\\\/vitablanca.ma\\\/wp-content\\\/uploads\\\/2025\\\/05\\\/cropped-vitablanca.png\",\"width\":360,\"height\":67,\"caption\":\"VitaBlanca\"},\"image\":{\"@id\":\"https:\\\/\\\/vitablanca.ma\\\/#\\\/schema\\\/logo\\\/image\\\/\"},\"sameAs\":[\"https:\\\/\\\/www.facebook.com\\\/profile.php?id=61576678196717\",\"https:\\\/\\\/www.tiktok.com\\\/@vitablanca.ma\",\"https:\\\/\\\/www.instagram.com\\\/vitablanca.ma\\\/\"]}]}<\/script>\n<!-- \/ Yoast SEO plugin. -->","yoast_head_json":{"title":"Nutricap Nutrisante Croissance 60 G\u00e9lules - Maroc Prix","description":"Nutricap Nutrisante Croissance Anti-Chute 60 G\u00e9lules est un compl\u00e9ment alimentaire formul\u00e9 pour stimuler la croissance, renforcer et limiter la chute","robots":{"index":"index","follow":"follow","max-snippet":"max-snippet:-1","max-image-preview":"max-image-preview:large","max-video-preview":"max-video-preview:-1"},"canonical":"https:\/\/vitablanca.ma\/ar\/product-2\/nutricap-nutrisante-croissance-anti-chute-1-mois-60-gelules\/","og_locale":"ar_AR","og_type":"article","og_title":"Nutricap Nutrisante Croissance 60 G\u00e9lules - Maroc Prix","og_description":"Nutricap Nutrisante Croissance Anti-Chute 60 G\u00e9lules est un compl\u00e9ment alimentaire formul\u00e9 pour stimuler la croissance, renforcer et limiter la chute","og_url":"https:\/\/vitablanca.ma\/ar\/product-2\/nutricap-nutrisante-croissance-anti-chute-1-mois-60-gelules\/","og_site_name":"Vitablanca.ma &ndash; Sant&eacute;, vitalit&eacute; et bien-&ecirc;tre pour tous les Marocains","article_publisher":"https:\/\/www.facebook.com\/profile.php?id=61576678196717","article_modified_time":"2026-02-22T03:08:59+00:00","og_image":[{"width":1000,"height":1000,"url":"https:\/\/vitablanca.ma\/wp-content\/uploads\/2025\/06\/Nutricap-Nutrisante-Croissance-Anti-Chute-1-Mois-60-Gelules-nova-parapharmacie-casablanca.jpg","type":"image\/jpeg"}],"twitter_card":"summary_large_image","twitter_misc":{"\u0648\u0642\u062a \u0627\u0644\u0642\u0631\u0627\u0621\u0629 \u0627\u0644\u0645\u064f\u0642\u062f\u0651\u0631":"\u062f\u0642\u064a\u0642\u062a\u0627\u0646"},"schema":{"@context":"https:\/\/schema.org","@graph":[{"@type":["WebPage","ItemPage"],"@id":"https:\/\/vitablanca.ma\/produit\/nutricap-nutrisante-croissance-anti-chute-1-mois-60-gelules\/","url":"https:\/\/vitablanca.ma\/produit\/nutricap-nutrisante-croissance-anti-chute-1-mois-60-gelules\/","name":"Nutricap Nutrisante Croissance 60 G\u00e9lules - Maroc Prix","isPartOf":{"@id":"https:\/\/vitablanca.ma\/#website"},"primaryImageOfPage":{"@id":"https:\/\/vitablanca.ma\/produit\/nutricap-nutrisante-croissance-anti-chute-1-mois-60-gelules\/#primaryimage"},"image":{"@id":"https:\/\/vitablanca.ma\/produit\/nutricap-nutrisante-croissance-anti-chute-1-mois-60-gelules\/#primaryimage"},"thumbnailUrl":"https:\/\/vitablanca.ma\/wp-content\/uploads\/2025\/06\/Nutricap-Nutrisante-Croissance-Anti-Chute-1-Mois-60-Gelules-nova-parapharmacie-casablanca.jpg","datePublished":"2025-06-11T20:35:11+00:00","dateModified":"2026-02-22T03:08:59+00:00","description":"Nutricap Nutrisante Croissance Anti-Chute 60 G\u00e9lules est un compl\u00e9ment alimentaire formul\u00e9 pour stimuler la croissance, renforcer et limiter la chute","breadcrumb":{"@id":"https:\/\/vitablanca.ma\/produit\/nutricap-nutrisante-croissance-anti-chute-1-mois-60-gelules\/#breadcrumb"},"inLanguage":"ar","potentialAction":[{"@type":"ReadAction","target":["https:\/\/vitablanca.ma\/produit\/nutricap-nutrisante-croissance-anti-chute-1-mois-60-gelules\/"]}]},{"@type":"ImageObject","inLanguage":"ar","@id":"https:\/\/vitablanca.ma\/produit\/nutricap-nutrisante-croissance-anti-chute-1-mois-60-gelules\/#primaryimage","url":"https:\/\/vitablanca.ma\/wp-content\/uploads\/2025\/06\/Nutricap-Nutrisante-Croissance-Anti-Chute-1-Mois-60-Gelules-nova-parapharmacie-casablanca.jpg","contentUrl":"https:\/\/vitablanca.ma\/wp-content\/uploads\/2025\/06\/Nutricap-Nutrisante-Croissance-Anti-Chute-1-Mois-60-Gelules-nova-parapharmacie-casablanca.jpg","width":1000,"height":1000},{"@type":"BreadcrumbList","@id":"https:\/\/vitablanca.ma\/produit\/nutricap-nutrisante-croissance-anti-chute-1-mois-60-gelules\/#breadcrumb","itemListElement":[{"@type":"ListItem","position":1,"name":"Home","item":"https:\/\/vitablanca.ma\/"},{"@type":"ListItem","position":2,"name":"Tous Les Produits","item":"https:\/\/vitablanca.ma\/tous-les-produits\/"},{"@type":"ListItem","position":3,"name":"Nutricap Nutrisante Croissance Anti-Chute 1 Mois 60 G\u00e9lules"}]},{"@type":"WebSite","@id":"https:\/\/vitablanca.ma\/#website","url":"https:\/\/vitablanca.ma\/","name":"VitaBlanca.ma | \u0627\u0644\u0645\u0643\u0645\u0644\u0627\u062a \u0627\u0644\u063a\u0630\u0627\u0626\u064a\u0629\u060c \u0627\u0644\u0635\u062d\u0629 \u0648\u0627\u0644\u062c\u0645\u0627\u0644 \u0641\u064a \u0627\u0644\u0645\u063a\u0631\u0628","description":"\u0646\u0628\u064a\u0639 \u0641\u064a\u062a\u0627\u0645\u064a\u0646\u0627\u062a \u0648\u0645\u0643\u0645\u0644\u0627\u062a \u063a\u0630\u0627\u0626\u064a\u0629 \u0641\u0627\u062e\u0631\u0629 \u0645\u0646 \u0627\u0644\u0648\u0644\u0627\u064a\u0627\u062a \u0627\u0644\u0645\u062a\u062d\u062f\u0629 \u0627\u0644\u0623\u0645\u0631\u064a\u0643\u064a\u0629 \u0648\u0643\u0646\u062f\u0627 \u0648\u0646\u064a\u0648\u0632\u064a\u0644\u0646\u062f\u0627 \u0648\u0627\u0644\u0645\u063a\u0631\u0628 (\u0646\u0627\u0648 \u0641\u0648\u062f\u0632\u060c \u0633\u0648\u0644\u062c\u0627\u0631\u060c \u0645\u0627\u0646\u0648\u0643\u0627). \u062a\u0648\u0635\u064a\u0644 \u0633\u0631\u064a\u0639 \u0625\u0644\u0649 \u062c\u0645\u064a\u0639 \u0623\u0646\u062d\u0627\u0621 \u0627\u0644\u0645\u063a\u0631\u0628.","publisher":{"@id":"https:\/\/vitablanca.ma\/#organization"},"alternateName":"VitaBlanca.ma","potentialAction":[{"@type":"SearchAction","target":{"@type":"EntryPoint","urlTemplate":"https:\/\/vitablanca.ma\/?s={search_term_string}"},"query-input":{"@type":"PropertyValueSpecification","valueRequired":true,"valueName":"search_term_string"}}],"inLanguage":"ar"},{"@type":"Organization","@id":"https:\/\/vitablanca.ma\/#organization","name":"\u0641\u064a\u062a\u0627\u0628\u0644\u0627\u0646\u0643\u0627","url":"https:\/\/vitablanca.ma\/","logo":{"@type":"ImageObject","inLanguage":"ar","@id":"https:\/\/vitablanca.ma\/#\/schema\/logo\/image\/","url":"https:\/\/vitablanca.ma\/wp-content\/uploads\/2025\/05\/cropped-vitablanca.png","contentUrl":"https:\/\/vitablanca.ma\/wp-content\/uploads\/2025\/05\/cropped-vitablanca.png","width":360,"height":67,"caption":"VitaBlanca"},"image":{"@id":"https:\/\/vitablanca.ma\/#\/schema\/logo\/image\/"},"sameAs":["https:\/\/www.facebook.com\/profile.php?id=61576678196717","https:\/\/www.tiktok.com\/@vitablanca.ma","https:\/\/www.instagram.com\/vitablanca.ma\/"]}]}},"jetpack_sharing_enabled":true,"_links":{"self":[{"href":"https:\/\/vitablanca.ma\/ar\/wp-json\/wp\/v2\/product\/20752","targetHints":{"allow":["GET"]}}],"collection":[{"href":"https:\/\/vitablanca.ma\/ar\/wp-json\/wp\/v2\/product"}],"about":[{"href":"https:\/\/vitablanca.ma\/ar\/wp-json\/wp\/v2\/types\/product"}],"wp:featuredmedia":[{"embeddable":true,"href":"https:\/\/vitablanca.ma\/ar\/wp-json\/wp\/v2\/media\/20751"}],"wp:attachment":[{"href":"https:\/\/vitablanca.ma\/ar\/wp-json\/wp\/v2\/media?parent=20752"}],"wp:term":[{"taxonomy":"product_brand","embeddable":true,"href":"https:\/\/vitablanca.ma\/ar\/wp-json\/wp\/v2\/product_brand?post=20752"},{"taxonomy":"product_cat","embeddable":true,"href":"https:\/\/vitablanca.ma\/ar\/wp-json\/wp\/v2\/product_cat?post=20752"},{"taxonomy":"product_tag","embeddable":true,"href":"https:\/\/vitablanca.ma\/ar\/wp-json\/wp\/v2\/product_tag?post=20752"}],"curies":[{"name":"wp","href":"https:\/\/api.w.org\/{rel}","templated":true}]}}