{"id":20748,"date":"2025-06-11T20:34:56","date_gmt":"2025-06-11T20:34:56","guid":{"rendered":"https:\/\/vitablanca.ma\/product\/nutrimax-curcuma-poivre-noir-60-gelules\/"},"modified":"2026-02-22T03:11:54","modified_gmt":"2026-02-22T03:11:54","slug":"nutrimax-curcuma-poivre-noir-60-gelules","status":"publish","type":"product","link":"https:\/\/vitablanca.ma\/ar\/product-2\/nutrimax-curcuma-poivre-noir-60-gelules\/","title":{"rendered":"Nutrimax Curcuma + Poivre Noir 60 G\u00e9lules"},"content":{"rendered":"<h2 class=\"product_title entry-title\">Nutrimax Curcuma + Poivre Noir<\/h2>\n<p class=\"product_title entry-title\">60 \u0643\u0628\u0633\u0648\u0644\u0629<\/p>\n<h3>\u0648\u0635\u0641:<\/h3>\n<p>Originaire d\u2019Asie du Sud-Est, le\u00a0<strong>Curcuma<\/strong>\u00a0est depuis longtemps utilis\u00e9 pour soulager les maladies inflammatoires, comme l\u2019arthrite ou l\u2019arthrose. Tr\u00e8s pr\u00e9sente dans la m\u00e9decine Ayurv\u00e9dique, c\u2019est la racine de cette \u00e9pice (rhizome) qui est utilis\u00e9e pour ses vertus sur le confort articulaire.<\/p>\n<div id=\"description\" class=\"wc-tab tab-pane active js-product-tab-active\">\n<div class=\"product-description\">\n<p>Il est \u00e9galement utilis\u00e9 comme additif alimentaire pour traiter les troubles digestifs comme les maux d\u2019estomac, les naus\u00e9es, la perte d\u2019app\u00e9tit ou les sensations de lourdeur.<\/p>\n<p><strong>Contribue \u00e0 la flexibilit\u00e9 et \u00e0 la souplesse des articulations.<\/strong><\/p>\n<p><strong>Aide \u00e0 traiter les troubles digestifs.<\/strong><\/p>\n<h3><strong>\u0637\u0631\u064a\u0642\u0629 \u0627\u0644\u0627\u0633\u062a\u062e\u062f\u0627\u0645:<\/strong><\/h3>\n<p>2 g\u00e9lules par jour, le matin et le midi avant le repas.<\/p>\n<p>Contre-indiqu\u00e9 en cas d\u2019obstruction des voies biliaires, d\u2019alt\u00e9rations de la fonction h\u00e9pato-biliaire, d\u2019ulc\u00e8re gastrique ou d\u2019hyperacidit\u00e9.<\/p>\n<\/div>\n<\/div>","protected":false},"excerpt":{"rendered":"<p>Nutrimax Curcuma + Poivre Noir 60 G\u00e9lules DESCRIPTION: Originaire d\u2019Asie du Sud-Est, le\u00a0Curcuma\u00a0est depuis longtemps utilis\u00e9 pour soulager les maladies inflammatoires, comme l\u2019arthrite ou l\u2019arthrose. Tr\u00e8s pr\u00e9sente dans la m\u00e9decine Ayurv\u00e9dique, c\u2019est la racine de cette \u00e9pice (rhizome) qui est utilis\u00e9e pour ses vertus sur le confort articulaire. Il est \u00e9galement utilis\u00e9 comme additif alimentaire [&hellip;]<\/p>\n","protected":false},"featured_media":20747,"template":"","meta":{"om_disable_all_campaigns":false},"product_brand":[],"product_cat":[15],"product_tag":[936,10169,10164,10168,5175,10163,10166,10167,791,10162,10165],"class_list":{"0":"post-20748","1":"product","2":"type-product","3":"status-publish","4":"has-post-thumbnail","6":"product_cat-beaute-sante-complements-alimentaires-soins-et-bien-etre-au-meilleur-prix","7":"product_tag-anti-inflammatoire-naturel","8":"product_tag-bien-etre-articulaire-quotidien","9":"product_tag-complement-alimentaire-articulations","10":"product_tag-complement-curcuma-60-gelules","11":"product_tag-confort-articulaire","12":"product_tag-curcuma-piperine-gelules","13":"product_tag-curcumine-absorption-optimale","14":"product_tag-cure-articulations","15":"product_tag-immunite-naturelle","16":"product_tag-nutrimax-curcuma-poivre-noir","17":"product_tag-nutrimax-maroc","19":"first","20":"instock","21":"sale","22":"taxable","23":"shipping-taxable","24":"purchasable","25":"product-type-simple"},"yoast_head":"<!-- This site is optimized with the Yoast SEO plugin v27.5 - https:\/\/yoast.com\/product\/yoast-seo-wordpress\/ -->\n<title>Nutrimax Curcuma + Poivre Noir 60 G\u00e9lules - Maroc Prix<\/title>\n<meta name=\"description\" content=\"Nutrimax Curcuma + Poivre Noir 60 G\u00e9lules est un compl\u00e9ment alimentaire formul\u00e9 pour soutenir les articulations, renforcer l\u2019immunit\u00e9 .\" \/>\n<meta name=\"robots\" content=\"index, follow, max-snippet:-1, max-image-preview:large, max-video-preview:-1\" \/>\n<link rel=\"canonical\" href=\"https:\/\/vitablanca.ma\/ar\/product-2\/nutrimax-curcuma-poivre-noir-60-gelules\/\" \/>\n<meta property=\"og:locale\" content=\"ar_AR\" \/>\n<meta property=\"og:type\" content=\"article\" \/>\n<meta property=\"og:title\" content=\"Nutrimax Curcuma + Poivre Noir 60 G\u00e9lules - Maroc Prix\" \/>\n<meta property=\"og:description\" content=\"Nutrimax Curcuma + Poivre Noir 60 G\u00e9lules est un compl\u00e9ment alimentaire formul\u00e9 pour soutenir les articulations, renforcer l\u2019immunit\u00e9 .\" \/>\n<meta property=\"og:url\" content=\"https:\/\/vitablanca.ma\/ar\/product-2\/nutrimax-curcuma-poivre-noir-60-gelules\/\" \/>\n<meta property=\"og:site_name\" content=\"Vitablanca.ma &ndash; Sant&eacute;, vitalit&eacute; et bien-&ecirc;tre pour tous les Marocains\" \/>\n<meta property=\"article:publisher\" content=\"https:\/\/www.facebook.com\/profile.php?id=61576678196717\" \/>\n<meta property=\"article:modified_time\" content=\"2026-02-22T03:11:54+00:00\" \/>\n<meta property=\"og:image\" content=\"https:\/\/vitablanca.ma\/wp-content\/uploads\/2025\/06\/Nutrimax-Curcuma-_-Poivre-Noir-60-Gelules-prix-maroc-parapharmacie-casablanca.jpg\" \/>\n\t<meta property=\"og:image:width\" content=\"1000\" \/>\n\t<meta property=\"og:image:height\" content=\"1000\" \/>\n\t<meta property=\"og:image:type\" content=\"image\/jpeg\" \/>\n<meta name=\"twitter:card\" content=\"summary_large_image\" \/>\n<meta name=\"twitter:label1\" content=\"\u0648\u0642\u062a \u0627\u0644\u0642\u0631\u0627\u0621\u0629 \u0627\u0644\u0645\u064f\u0642\u062f\u0651\u0631\" \/>\n\t<meta name=\"twitter:data1\" content=\"\u062f\u0642\u064a\u0642\u0629 \u0648\u0627\u062d\u062f\u0629\" \/>\n<script type=\"application\/ld+json\" class=\"yoast-schema-graph\">{\"@context\":\"https:\\\/\\\/schema.org\",\"@graph\":[{\"@type\":[\"WebPage\",\"ItemPage\"],\"@id\":\"https:\\\/\\\/vitablanca.ma\\\/produit\\\/nutrimax-curcuma-poivre-noir-60-gelules\\\/\",\"url\":\"https:\\\/\\\/vitablanca.ma\\\/produit\\\/nutrimax-curcuma-poivre-noir-60-gelules\\\/\",\"name\":\"Nutrimax Curcuma + Poivre Noir 60 G\u00e9lules - Maroc Prix\",\"isPartOf\":{\"@id\":\"https:\\\/\\\/vitablanca.ma\\\/#website\"},\"primaryImageOfPage\":{\"@id\":\"https:\\\/\\\/vitablanca.ma\\\/produit\\\/nutrimax-curcuma-poivre-noir-60-gelules\\\/#primaryimage\"},\"image\":{\"@id\":\"https:\\\/\\\/vitablanca.ma\\\/produit\\\/nutrimax-curcuma-poivre-noir-60-gelules\\\/#primaryimage\"},\"thumbnailUrl\":\"https:\\\/\\\/vitablanca.ma\\\/wp-content\\\/uploads\\\/2025\\\/06\\\/Nutrimax-Curcuma-_-Poivre-Noir-60-Gelules-prix-maroc-parapharmacie-casablanca.jpg\",\"datePublished\":\"2025-06-11T20:34:56+00:00\",\"dateModified\":\"2026-02-22T03:11:54+00:00\",\"description\":\"Nutrimax Curcuma + Poivre Noir 60 G\u00e9lules est un compl\u00e9ment alimentaire formul\u00e9 pour soutenir les articulations, renforcer l\u2019immunit\u00e9 .\",\"breadcrumb\":{\"@id\":\"https:\\\/\\\/vitablanca.ma\\\/produit\\\/nutrimax-curcuma-poivre-noir-60-gelules\\\/#breadcrumb\"},\"inLanguage\":\"ar\",\"potentialAction\":[{\"@type\":\"ReadAction\",\"target\":[\"https:\\\/\\\/vitablanca.ma\\\/produit\\\/nutrimax-curcuma-poivre-noir-60-gelules\\\/\"]}]},{\"@type\":\"ImageObject\",\"inLanguage\":\"ar\",\"@id\":\"https:\\\/\\\/vitablanca.ma\\\/produit\\\/nutrimax-curcuma-poivre-noir-60-gelules\\\/#primaryimage\",\"url\":\"https:\\\/\\\/vitablanca.ma\\\/wp-content\\\/uploads\\\/2025\\\/06\\\/Nutrimax-Curcuma-_-Poivre-Noir-60-Gelules-prix-maroc-parapharmacie-casablanca.jpg\",\"contentUrl\":\"https:\\\/\\\/vitablanca.ma\\\/wp-content\\\/uploads\\\/2025\\\/06\\\/Nutrimax-Curcuma-_-Poivre-Noir-60-Gelules-prix-maroc-parapharmacie-casablanca.jpg\",\"width\":1000,\"height\":1000},{\"@type\":\"BreadcrumbList\",\"@id\":\"https:\\\/\\\/vitablanca.ma\\\/produit\\\/nutrimax-curcuma-poivre-noir-60-gelules\\\/#breadcrumb\",\"itemListElement\":[{\"@type\":\"ListItem\",\"position\":1,\"name\":\"Home\",\"item\":\"https:\\\/\\\/vitablanca.ma\\\/\"},{\"@type\":\"ListItem\",\"position\":2,\"name\":\"Tous Les Produits\",\"item\":\"https:\\\/\\\/vitablanca.ma\\\/tous-les-produits\\\/\"},{\"@type\":\"ListItem\",\"position\":3,\"name\":\"Nutrimax Curcuma + Poivre Noir 60 G\u00e9lules\"}]},{\"@type\":\"WebSite\",\"@id\":\"https:\\\/\\\/vitablanca.ma\\\/#website\",\"url\":\"https:\\\/\\\/vitablanca.ma\\\/\",\"name\":\"VitaBlanca.ma | Compl\u00e9ments alimentaires, sant\u00e9 & beaut\u00e9 au Maroc\",\"description\":\"vendre vitamines et compl\u00e9ments premium des USA &amp; Canada, Nouvelle Z\u00e9lande,Maroc (NOW Foods, Solgar, Manuka). Livraison rapide partout au Maroc.\",\"publisher\":{\"@id\":\"https:\\\/\\\/vitablanca.ma\\\/#organization\"},\"alternateName\":\"VitaBlanca.ma\",\"potentialAction\":[{\"@type\":\"SearchAction\",\"target\":{\"@type\":\"EntryPoint\",\"urlTemplate\":\"https:\\\/\\\/vitablanca.ma\\\/?s={search_term_string}\"},\"query-input\":{\"@type\":\"PropertyValueSpecification\",\"valueRequired\":true,\"valueName\":\"search_term_string\"}}],\"inLanguage\":\"ar\"},{\"@type\":\"Organization\",\"@id\":\"https:\\\/\\\/vitablanca.ma\\\/#organization\",\"name\":\"VitaBlanca\",\"url\":\"https:\\\/\\\/vitablanca.ma\\\/\",\"logo\":{\"@type\":\"ImageObject\",\"inLanguage\":\"ar\",\"@id\":\"https:\\\/\\\/vitablanca.ma\\\/#\\\/schema\\\/logo\\\/image\\\/\",\"url\":\"https:\\\/\\\/vitablanca.ma\\\/wp-content\\\/uploads\\\/2025\\\/05\\\/cropped-vitablanca.png\",\"contentUrl\":\"https:\\\/\\\/vitablanca.ma\\\/wp-content\\\/uploads\\\/2025\\\/05\\\/cropped-vitablanca.png\",\"width\":360,\"height\":67,\"caption\":\"VitaBlanca\"},\"image\":{\"@id\":\"https:\\\/\\\/vitablanca.ma\\\/#\\\/schema\\\/logo\\\/image\\\/\"},\"sameAs\":[\"https:\\\/\\\/www.facebook.com\\\/profile.php?id=61576678196717\",\"https:\\\/\\\/www.tiktok.com\\\/@vitablanca.ma\",\"https:\\\/\\\/www.instagram.com\\\/vitablanca.ma\\\/\"]}]}<\/script>\n<!-- \/ Yoast SEO plugin. -->","yoast_head_json":{"title":"Nutrimax Curcuma + Poivre Noir 60 G\u00e9lules - Maroc Prix","description":"Nutrimax Curcuma + Poivre Noir 60 G\u00e9lules est un compl\u00e9ment alimentaire formul\u00e9 pour soutenir les articulations, renforcer l\u2019immunit\u00e9 .","robots":{"index":"index","follow":"follow","max-snippet":"max-snippet:-1","max-image-preview":"max-image-preview:large","max-video-preview":"max-video-preview:-1"},"canonical":"https:\/\/vitablanca.ma\/ar\/product-2\/nutrimax-curcuma-poivre-noir-60-gelules\/","og_locale":"ar_AR","og_type":"article","og_title":"Nutrimax Curcuma + Poivre Noir 60 G\u00e9lules - Maroc Prix","og_description":"Nutrimax Curcuma + Poivre Noir 60 G\u00e9lules est un compl\u00e9ment alimentaire formul\u00e9 pour soutenir les articulations, renforcer l\u2019immunit\u00e9 .","og_url":"https:\/\/vitablanca.ma\/ar\/product-2\/nutrimax-curcuma-poivre-noir-60-gelules\/","og_site_name":"Vitablanca.ma &ndash; Sant&eacute;, vitalit&eacute; et bien-&ecirc;tre pour tous les Marocains","article_publisher":"https:\/\/www.facebook.com\/profile.php?id=61576678196717","article_modified_time":"2026-02-22T03:11:54+00:00","og_image":[{"width":1000,"height":1000,"url":"https:\/\/vitablanca.ma\/wp-content\/uploads\/2025\/06\/Nutrimax-Curcuma-_-Poivre-Noir-60-Gelules-prix-maroc-parapharmacie-casablanca.jpg","type":"image\/jpeg"}],"twitter_card":"summary_large_image","twitter_misc":{"\u0648\u0642\u062a \u0627\u0644\u0642\u0631\u0627\u0621\u0629 \u0627\u0644\u0645\u064f\u0642\u062f\u0651\u0631":"\u062f\u0642\u064a\u0642\u0629 \u0648\u0627\u062d\u062f\u0629"},"schema":{"@context":"https:\/\/schema.org","@graph":[{"@type":["WebPage","ItemPage"],"@id":"https:\/\/vitablanca.ma\/produit\/nutrimax-curcuma-poivre-noir-60-gelules\/","url":"https:\/\/vitablanca.ma\/produit\/nutrimax-curcuma-poivre-noir-60-gelules\/","name":"Nutrimax Curcuma + Poivre Noir 60 G\u00e9lules - Maroc Prix","isPartOf":{"@id":"https:\/\/vitablanca.ma\/#website"},"primaryImageOfPage":{"@id":"https:\/\/vitablanca.ma\/produit\/nutrimax-curcuma-poivre-noir-60-gelules\/#primaryimage"},"image":{"@id":"https:\/\/vitablanca.ma\/produit\/nutrimax-curcuma-poivre-noir-60-gelules\/#primaryimage"},"thumbnailUrl":"https:\/\/vitablanca.ma\/wp-content\/uploads\/2025\/06\/Nutrimax-Curcuma-_-Poivre-Noir-60-Gelules-prix-maroc-parapharmacie-casablanca.jpg","datePublished":"2025-06-11T20:34:56+00:00","dateModified":"2026-02-22T03:11:54+00:00","description":"Nutrimax Curcuma + Poivre Noir 60 G\u00e9lules est un compl\u00e9ment alimentaire formul\u00e9 pour soutenir les articulations, renforcer l\u2019immunit\u00e9 .","breadcrumb":{"@id":"https:\/\/vitablanca.ma\/produit\/nutrimax-curcuma-poivre-noir-60-gelules\/#breadcrumb"},"inLanguage":"ar","potentialAction":[{"@type":"ReadAction","target":["https:\/\/vitablanca.ma\/produit\/nutrimax-curcuma-poivre-noir-60-gelules\/"]}]},{"@type":"ImageObject","inLanguage":"ar","@id":"https:\/\/vitablanca.ma\/produit\/nutrimax-curcuma-poivre-noir-60-gelules\/#primaryimage","url":"https:\/\/vitablanca.ma\/wp-content\/uploads\/2025\/06\/Nutrimax-Curcuma-_-Poivre-Noir-60-Gelules-prix-maroc-parapharmacie-casablanca.jpg","contentUrl":"https:\/\/vitablanca.ma\/wp-content\/uploads\/2025\/06\/Nutrimax-Curcuma-_-Poivre-Noir-60-Gelules-prix-maroc-parapharmacie-casablanca.jpg","width":1000,"height":1000},{"@type":"BreadcrumbList","@id":"https:\/\/vitablanca.ma\/produit\/nutrimax-curcuma-poivre-noir-60-gelules\/#breadcrumb","itemListElement":[{"@type":"ListItem","position":1,"name":"Home","item":"https:\/\/vitablanca.ma\/"},{"@type":"ListItem","position":2,"name":"Tous Les Produits","item":"https:\/\/vitablanca.ma\/tous-les-produits\/"},{"@type":"ListItem","position":3,"name":"Nutrimax Curcuma + Poivre Noir 60 G\u00e9lules"}]},{"@type":"WebSite","@id":"https:\/\/vitablanca.ma\/#website","url":"https:\/\/vitablanca.ma\/","name":"VitaBlanca.ma | \u0627\u0644\u0645\u0643\u0645\u0644\u0627\u062a \u0627\u0644\u063a\u0630\u0627\u0626\u064a\u0629\u060c \u0627\u0644\u0635\u062d\u0629 \u0648\u0627\u0644\u062c\u0645\u0627\u0644 \u0641\u064a \u0627\u0644\u0645\u063a\u0631\u0628","description":"\u0646\u0628\u064a\u0639 \u0641\u064a\u062a\u0627\u0645\u064a\u0646\u0627\u062a \u0648\u0645\u0643\u0645\u0644\u0627\u062a \u063a\u0630\u0627\u0626\u064a\u0629 \u0641\u0627\u062e\u0631\u0629 \u0645\u0646 \u0627\u0644\u0648\u0644\u0627\u064a\u0627\u062a \u0627\u0644\u0645\u062a\u062d\u062f\u0629 \u0627\u0644\u0623\u0645\u0631\u064a\u0643\u064a\u0629 \u0648\u0643\u0646\u062f\u0627 \u0648\u0646\u064a\u0648\u0632\u064a\u0644\u0646\u062f\u0627 \u0648\u0627\u0644\u0645\u063a\u0631\u0628 (\u0646\u0627\u0648 \u0641\u0648\u062f\u0632\u060c \u0633\u0648\u0644\u062c\u0627\u0631\u060c \u0645\u0627\u0646\u0648\u0643\u0627). \u062a\u0648\u0635\u064a\u0644 \u0633\u0631\u064a\u0639 \u0625\u0644\u0649 \u062c\u0645\u064a\u0639 \u0623\u0646\u062d\u0627\u0621 \u0627\u0644\u0645\u063a\u0631\u0628.","publisher":{"@id":"https:\/\/vitablanca.ma\/#organization"},"alternateName":"VitaBlanca.ma","potentialAction":[{"@type":"SearchAction","target":{"@type":"EntryPoint","urlTemplate":"https:\/\/vitablanca.ma\/?s={search_term_string}"},"query-input":{"@type":"PropertyValueSpecification","valueRequired":true,"valueName":"search_term_string"}}],"inLanguage":"ar"},{"@type":"Organization","@id":"https:\/\/vitablanca.ma\/#organization","name":"\u0641\u064a\u062a\u0627\u0628\u0644\u0627\u0646\u0643\u0627","url":"https:\/\/vitablanca.ma\/","logo":{"@type":"ImageObject","inLanguage":"ar","@id":"https:\/\/vitablanca.ma\/#\/schema\/logo\/image\/","url":"https:\/\/vitablanca.ma\/wp-content\/uploads\/2025\/05\/cropped-vitablanca.png","contentUrl":"https:\/\/vitablanca.ma\/wp-content\/uploads\/2025\/05\/cropped-vitablanca.png","width":360,"height":67,"caption":"VitaBlanca"},"image":{"@id":"https:\/\/vitablanca.ma\/#\/schema\/logo\/image\/"},"sameAs":["https:\/\/www.facebook.com\/profile.php?id=61576678196717","https:\/\/www.tiktok.com\/@vitablanca.ma","https:\/\/www.instagram.com\/vitablanca.ma\/"]}]}},"jetpack_sharing_enabled":true,"_links":{"self":[{"href":"https:\/\/vitablanca.ma\/ar\/wp-json\/wp\/v2\/product\/20748","targetHints":{"allow":["GET"]}}],"collection":[{"href":"https:\/\/vitablanca.ma\/ar\/wp-json\/wp\/v2\/product"}],"about":[{"href":"https:\/\/vitablanca.ma\/ar\/wp-json\/wp\/v2\/types\/product"}],"wp:featuredmedia":[{"embeddable":true,"href":"https:\/\/vitablanca.ma\/ar\/wp-json\/wp\/v2\/media\/20747"}],"wp:attachment":[{"href":"https:\/\/vitablanca.ma\/ar\/wp-json\/wp\/v2\/media?parent=20748"}],"wp:term":[{"taxonomy":"product_brand","embeddable":true,"href":"https:\/\/vitablanca.ma\/ar\/wp-json\/wp\/v2\/product_brand?post=20748"},{"taxonomy":"product_cat","embeddable":true,"href":"https:\/\/vitablanca.ma\/ar\/wp-json\/wp\/v2\/product_cat?post=20748"},{"taxonomy":"product_tag","embeddable":true,"href":"https:\/\/vitablanca.ma\/ar\/wp-json\/wp\/v2\/product_tag?post=20748"}],"curies":[{"name":"wp","href":"https:\/\/api.w.org\/{rel}","templated":true}]}}