{"id":20740,"date":"2025-06-11T20:34:39","date_gmt":"2025-06-11T20:34:39","guid":{"rendered":"https:\/\/vitablanca.ma\/product\/nutrimax-spiruline-120-comprimes\/"},"modified":"2026-02-22T03:23:04","modified_gmt":"2026-02-22T03:23:04","slug":"nutrimax-spiruline-120-comprimes","status":"publish","type":"product","link":"https:\/\/vitablanca.ma\/ar\/product-2\/nutrimax-spiruline-120-comprimes\/","title":{"rendered":"\u0646\u0648\u062a\u0631\u064a\u0645\u0627\u0643\u0633 \u0633\u0628\u064a\u0631\u0648\u0644\u064a\u0646\u0627 120 \u0642\u0631\u0635"},"content":{"rendered":"<h2><span data-mce-fragment=\"1\">\u0625\u0646\u0631\u062c\u064a\u0641\u064a\u062a \u0633\u0628\u064a\u0631\u0648\u0644\u064a\u0646\u0627\u00a0<\/span><\/h2>\n<h3><strong>\u0645\u0644\u0643\u064a\u0627\u062a:<\/strong><\/h3>\n<p>\u0627\u0644\u0633\u0628\u064a\u0631\u0648\u0644\u064a\u0646\u0627\u060c \u0647\u0630\u0647 \u0627\u0644\u0637\u062d\u0627\u0644\u0628 \u0627\u0644\u0645\u062c\u0647\u0631\u064a\u0629 \u0647\u064a \u0645\u0643\u0645\u0644 \u063a\u0630\u0627\u0626\u064a \u0645\u0641\u0636\u0644 \u063a\u0646\u064a \u0628\u0627\u0644\u062d\u062f\u064a\u062f \u0627\u0644\u0642\u0627\u0628\u0644 \u0644\u0644\u0627\u0645\u062a\u0635\u0627\u0635.<\/p>\n<p>100% \u0637\u0628\u064a\u0639\u064a \u0648\u0639\u0636\u0648\u064a\u060c \u0633\u0628\u064a\u0631\u0648\u0644\u064a\u0646\u0627 \u063a\u0646\u064a\u0629 \u0628\u0628\u064a\u062a\u0627 \u0643\u0627\u0631\u0648\u062a\u064a\u0646\u060c \u0648\u0627\u0644\u062d\u062f\u064a\u062f\u060c \u0648\u0641\u064a\u062a\u0627\u0645\u064a\u0646 \u062812\u060c \u0648\u062d\u0645\u0636 \u062c\u0627\u0645\u0627 \u0644\u064a\u0646\u0648\u0644\u064a\u0643.<\/p>\n<p>\u0641\u0647\u0648 \u063a\u0646\u064a \u0628\u0641\u064a\u062a\u0627\u0645\u064a\u0646 E \u0645\u062b\u0644 \u0627\u0644\u0642\u0645\u062d\u060c \u0648\u063a\u0646\u064a \u0628\u0627\u0644\u0643\u0627\u0644\u0633\u064a\u0648\u0645 \u0648\u0627\u0644\u0641\u0648\u0633\u0641\u0648\u0631 \u0648\u0627\u0644\u0645\u063a\u0646\u064a\u0633\u064a\u0648\u0645 \u0645\u062b\u0644 \u0627\u0644\u062d\u0644\u064a\u0628.<\/p>\n<h3><strong>\u0627\u0644\u0627\u062a\u062c\u0627\u0647\u0627\u062a:<\/strong><\/h3>\n<p><span class=\"texte_catalogue\">\u0645\u0646\u0627\u0633\u0628 \u0644\u0639\u0644\u0627\u062c \u0627\u0644\u062a\u0639\u0628 \u0648\u0646\u0642\u0635 \u0627\u0644\u0637\u0627\u0642\u0629 \u0648\u0627\u0644\u0627\u0643\u062a\u0626\u0627\u0628 \u0648\u0627\u0644\u0625\u0631\u0647\u0627\u0642 \u0648\u0627\u0644\u062a\u0631\u0643\u064a\u0632 \u0648\u0627\u0644\u0631\u064a\u0627\u0636\u0629 \u0648\u064a\u0645\u0646\u0639 \u0627\u0644\u0631\u063a\u0628\u0629 \u0627\u0644\u0634\u062f\u064a\u062f\u0629 \u0641\u064a \u062a\u0646\u0627\u0648\u0644 \u0627\u0644\u0637\u0639\u0627\u0645.<br \/>\n\u064a\u062a\u0645 \u062a\u0646\u0627\u0648\u0644\u0647 \u0642\u0628\u0644 \u0627\u0644\u0648\u062c\u0628\u0627\u062a \u0639\u0646\u062f \u0627\u062a\u0628\u0627\u0639 \u0646\u0638\u0627\u0645 \u063a\u0630\u0627\u0626\u064a \u0644\u0625\u0646\u0642\u0627\u0635 \u0627\u0644\u0648\u0632\u0646.<br \/>\n<\/span>\u0645\u0635\u062f\u0631 \u0644\u0641\u064a\u062a\u0627\u0645\u064a\u0646 \u062812 \u0648\u0628\u064a\u062a\u0627 \u0643\u0627\u0631\u0648\u062a\u064a\u0646 \u0648\u0627\u0644\u062d\u062f\u064a\u062f \u0648\u062d\u0645\u0636 \u062c\u0627\u0645\u0627 \u0644\u064a\u0646\u0648\u0644\u064a\u0646\u064a\u0643 \u0648\u0641\u064a\u062a\u0627\u0645\u064a\u0646 \u0647\u0640 \u0648\u0627\u0644\u0643\u0627\u0644\u0633\u064a\u0648\u0645 \u0648\u0627\u0644\u0641\u0648\u0633\u0641\u0648\u0631 \u0648\u0627\u0644\u0645\u063a\u0646\u064a\u0633\u064a\u0648\u0645.<\/p>\n<h3><strong>\u0637\u0631\u064a\u0642\u0629 \u0627\u0644\u0627\u0633\u062a\u062e\u062f\u0627\u0645:<\/strong><\/h3>\n<p>\u062c\u0631\u0639\u0629 \u0648\u0627\u062d\u062f\u0629 \u064a\u0648\u0645\u064a\u0627\u064b\u060c \u064a\u062a\u0645 \u0628\u0644\u0639\u0647\u0627 \u0645\u0639 \u0643\u0648\u0628 \u0643\u0628\u064a\u0631 \u0645\u0646 \u0627\u0644\u0645\u0627\u0621\u060c \u0623\u0648 \u0645\u062e\u0641\u0641\u0629 \u0641\u064a \u0643\u0648\u0628 \u0645\u0646 \u0627\u0644\u062d\u0644\u064a\u0628 \u0623\u0648 \u0627\u0644\u0632\u0628\u0627\u062f\u064a \u0623\u0648 \u0639\u0635\u064a\u0631 \u0627\u0644\u0641\u0627\u0643\u0647\u0629\u060c \u0648\u064a\u0641\u0636\u0644 \u062a\u0646\u0627\u0648\u0644\u0647\u0627 \u0641\u064a \u0627\u0644\u0635\u0628\u0627\u062d.<\/p>\n<p>\u0627\u0633\u062a\u0645\u0631 \u0641\u064a \u062a\u0646\u0627\u0648\u0644\u0647 \u0625\u0644\u0649 \u0623\u062c\u0644 \u063a\u064a\u0631 \u0645\u0633\u0645\u0649 \u0644\u0644\u062d\u0641\u0627\u0638 \u0639\u0644\u0649 \u0647\u062f\u0641\u0643 \u0641\u064a \u0627\u0644\u0646\u063a\u0645\u0629 \u0648\u0627\u0644\u062d\u064a\u0648\u064a\u0629 \u0628\u0634\u0643\u0644 \u0645\u0633\u062a\u0645\u0631 \u0648\u062f\u0627\u0626\u0645.<\/p>","protected":false},"excerpt":{"rendered":"<p>Energivit Spiruline\u00a0 Propri\u00e9t\u00e9s: La Spiruline, Cette algue microscopique constitue un compl\u00e9ment alimentaire de choix riche en fer assimilable. 100% naturelle et Biologique, la spiruline est riche en b\u00eata-carot\u00e8ne, fer, vitamine B12, et acide gamma-linol\u00e9ique. Elle est aussi riche en vitamine E que le bl\u00e9, aussi riche en calcium, phosphore et magn\u00e9sium que le lait. Indications: [&hellip;]<\/p>\n","protected":false},"featured_media":20739,"template":"","meta":{"om_disable_all_campaigns":false},"product_brand":[],"product_cat":[15],"product_tag":[748,10185,10194,10196,10165,10190,10192,10195,10191,10193,4300],"class_list":{"0":"post-20740","1":"product","2":"type-product","3":"status-publish","4":"has-post-thumbnail","6":"product_cat-beaute-sante-complements-alimentaires-soins-et-bien-etre-au-meilleur-prix","7":"product_tag-antioxydant-naturel","8":"product_tag-complement-alimentaire-energie","9":"product_tag-cure-spiruline-120-comprimes","10":"product_tag-energie-et-bien-etre-quotidien","11":"product_tag-nutrimax-maroc","12":"product_tag-nutrimax-spiruline","13":"product_tag-renforcement-defenses-naturelles","14":"product_tag-soutien-nutritionnel-naturel","15":"product_tag-spiruline-comprimes","16":"product_tag-spiruline-riche-en-proteines","17":"product_tag-vitalite-naturelle","19":"first","20":"instock","21":"sale","22":"taxable","23":"shipping-taxable","24":"purchasable","25":"product-type-simple"},"yoast_head":"<!-- This site is optimized with the Yoast SEO plugin v27.3 - https:\/\/yoast.com\/product\/yoast-seo-wordpress\/ -->\n<title>Nutrimax Spiruline 120 Comprimes - Maroc Prix<\/title>\n<meta name=\"description\" content=\"Nutrimax Spiruline 120 Comprim\u00e9s est un compl\u00e9ment alimentaire \u00e0 base de spiruline, une micro-algue reconnue pour ses propri\u00e9t\u00e9s \u00e9nergisantes\" \/>\n<meta name=\"robots\" content=\"index, follow, max-snippet:-1, max-image-preview:large, max-video-preview:-1\" \/>\n<link rel=\"canonical\" href=\"https:\/\/vitablanca.ma\/ar\/product-2\/nutrimax-spiruline-120-comprimes\/\" \/>\n<meta property=\"og:locale\" content=\"ar_AR\" \/>\n<meta property=\"og:type\" content=\"article\" \/>\n<meta property=\"og:title\" content=\"Nutrimax Spiruline 120 Comprimes - Maroc Prix\" \/>\n<meta property=\"og:description\" content=\"Nutrimax Spiruline 120 Comprim\u00e9s est un compl\u00e9ment alimentaire \u00e0 base de spiruline, une micro-algue reconnue pour ses propri\u00e9t\u00e9s \u00e9nergisantes\" \/>\n<meta property=\"og:url\" content=\"https:\/\/vitablanca.ma\/ar\/product-2\/nutrimax-spiruline-120-comprimes\/\" \/>\n<meta property=\"og:site_name\" content=\"Vitablanca.ma &ndash; Sant&eacute;, vitalit&eacute; et bien-&ecirc;tre pour tous les Marocains\" \/>\n<meta property=\"article:publisher\" content=\"https:\/\/www.facebook.com\/profile.php?id=61576678196717\" \/>\n<meta property=\"article:modified_time\" content=\"2026-02-22T03:23:04+00:00\" \/>\n<meta property=\"og:image\" content=\"https:\/\/vitablanca.ma\/wp-content\/uploads\/2025\/06\/6111251850055-2-Nova-para-prix-Maroc-1.jpg\" \/>\n\t<meta property=\"og:image:width\" content=\"595\" \/>\n\t<meta property=\"og:image:height\" content=\"655\" \/>\n\t<meta property=\"og:image:type\" content=\"image\/jpeg\" \/>\n<meta name=\"twitter:card\" content=\"summary_large_image\" \/>\n<meta name=\"twitter:label1\" content=\"\u0648\u0642\u062a \u0627\u0644\u0642\u0631\u0627\u0621\u0629 \u0627\u0644\u0645\u064f\u0642\u062f\u0651\u0631\" \/>\n\t<meta name=\"twitter:data1\" content=\"\u062f\u0642\u064a\u0642\u0629 \u0648\u0627\u062d\u062f\u0629\" \/>\n<script type=\"application\/ld+json\" class=\"yoast-schema-graph\">{\"@context\":\"https:\\\/\\\/schema.org\",\"@graph\":[{\"@type\":[\"WebPage\",\"ItemPage\"],\"@id\":\"https:\\\/\\\/vitablanca.ma\\\/produit\\\/nutrimax-spiruline-120-comprimes\\\/\",\"url\":\"https:\\\/\\\/vitablanca.ma\\\/produit\\\/nutrimax-spiruline-120-comprimes\\\/\",\"name\":\"Nutrimax Spiruline 120 Comprimes - Maroc Prix\",\"isPartOf\":{\"@id\":\"https:\\\/\\\/vitablanca.ma\\\/#website\"},\"primaryImageOfPage\":{\"@id\":\"https:\\\/\\\/vitablanca.ma\\\/produit\\\/nutrimax-spiruline-120-comprimes\\\/#primaryimage\"},\"image\":{\"@id\":\"https:\\\/\\\/vitablanca.ma\\\/produit\\\/nutrimax-spiruline-120-comprimes\\\/#primaryimage\"},\"thumbnailUrl\":\"https:\\\/\\\/vitablanca.ma\\\/wp-content\\\/uploads\\\/2025\\\/06\\\/6111251850055-2-Nova-para-prix-Maroc-1.jpg\",\"datePublished\":\"2025-06-11T20:34:39+00:00\",\"dateModified\":\"2026-02-22T03:23:04+00:00\",\"description\":\"Nutrimax Spiruline 120 Comprim\u00e9s est un compl\u00e9ment alimentaire \u00e0 base de spiruline, une micro-algue reconnue pour ses propri\u00e9t\u00e9s \u00e9nergisantes\",\"breadcrumb\":{\"@id\":\"https:\\\/\\\/vitablanca.ma\\\/produit\\\/nutrimax-spiruline-120-comprimes\\\/#breadcrumb\"},\"inLanguage\":\"ar\",\"potentialAction\":[{\"@type\":\"ReadAction\",\"target\":[\"https:\\\/\\\/vitablanca.ma\\\/produit\\\/nutrimax-spiruline-120-comprimes\\\/\"]}]},{\"@type\":\"ImageObject\",\"inLanguage\":\"ar\",\"@id\":\"https:\\\/\\\/vitablanca.ma\\\/produit\\\/nutrimax-spiruline-120-comprimes\\\/#primaryimage\",\"url\":\"https:\\\/\\\/vitablanca.ma\\\/wp-content\\\/uploads\\\/2025\\\/06\\\/6111251850055-2-Nova-para-prix-Maroc-1.jpg\",\"contentUrl\":\"https:\\\/\\\/vitablanca.ma\\\/wp-content\\\/uploads\\\/2025\\\/06\\\/6111251850055-2-Nova-para-prix-Maroc-1.jpg\",\"width\":595,\"height\":655},{\"@type\":\"BreadcrumbList\",\"@id\":\"https:\\\/\\\/vitablanca.ma\\\/produit\\\/nutrimax-spiruline-120-comprimes\\\/#breadcrumb\",\"itemListElement\":[{\"@type\":\"ListItem\",\"position\":1,\"name\":\"Home\",\"item\":\"https:\\\/\\\/vitablanca.ma\\\/\"},{\"@type\":\"ListItem\",\"position\":2,\"name\":\"Tous Les Produits\",\"item\":\"https:\\\/\\\/vitablanca.ma\\\/tous-les-produits\\\/\"},{\"@type\":\"ListItem\",\"position\":3,\"name\":\"Nutrimax Spiruline 120 Comprimes\"}]},{\"@type\":\"WebSite\",\"@id\":\"https:\\\/\\\/vitablanca.ma\\\/#website\",\"url\":\"https:\\\/\\\/vitablanca.ma\\\/\",\"name\":\"VitaBlanca.ma | Compl\u00e9ments alimentaires, sant\u00e9 & beaut\u00e9 au Maroc\",\"description\":\"vendre vitamines et compl\u00e9ments premium des USA &amp; Canada, Nouvelle Z\u00e9lande,Maroc (NOW Foods, Solgar, Manuka). Livraison rapide partout au Maroc.\",\"publisher\":{\"@id\":\"https:\\\/\\\/vitablanca.ma\\\/#organization\"},\"alternateName\":\"VitaBlanca.ma\",\"potentialAction\":[{\"@type\":\"SearchAction\",\"target\":{\"@type\":\"EntryPoint\",\"urlTemplate\":\"https:\\\/\\\/vitablanca.ma\\\/?s={search_term_string}\"},\"query-input\":{\"@type\":\"PropertyValueSpecification\",\"valueRequired\":true,\"valueName\":\"search_term_string\"}}],\"inLanguage\":\"ar\"},{\"@type\":\"Organization\",\"@id\":\"https:\\\/\\\/vitablanca.ma\\\/#organization\",\"name\":\"VitaBlanca\",\"url\":\"https:\\\/\\\/vitablanca.ma\\\/\",\"logo\":{\"@type\":\"ImageObject\",\"inLanguage\":\"ar\",\"@id\":\"https:\\\/\\\/vitablanca.ma\\\/#\\\/schema\\\/logo\\\/image\\\/\",\"url\":\"https:\\\/\\\/vitablanca.ma\\\/wp-content\\\/uploads\\\/2025\\\/05\\\/cropped-vitablanca.png\",\"contentUrl\":\"https:\\\/\\\/vitablanca.ma\\\/wp-content\\\/uploads\\\/2025\\\/05\\\/cropped-vitablanca.png\",\"width\":360,\"height\":67,\"caption\":\"VitaBlanca\"},\"image\":{\"@id\":\"https:\\\/\\\/vitablanca.ma\\\/#\\\/schema\\\/logo\\\/image\\\/\"},\"sameAs\":[\"https:\\\/\\\/www.facebook.com\\\/profile.php?id=61576678196717\",\"https:\\\/\\\/www.tiktok.com\\\/@vitablanca.ma\",\"https:\\\/\\\/www.instagram.com\\\/vitablanca.ma\\\/\"]}]}<\/script>\n<!-- \/ Yoast SEO plugin. -->","yoast_head_json":{"title":"\u0646\u064a\u0648\u062a\u0631\u064a\u0645\u0627\u0643\u0633 \u0633\u0628\u064a\u0631\u0648\u0644\u064a\u0646\u0627 \u0661\u0662\u0660 \u0642\u0631\u0635\u064b\u0627 - \u0633\u0639\u0631 \u0627\u0644\u0645\u063a\u0631\u0628","description":"Nutrimax Spiruline 120 Comprim\u00e9s est un compl\u00e9ment alimentaire \u00e0 base de spiruline, une micro-algue reconnue pour ses propri\u00e9t\u00e9s \u00e9nergisantes","robots":{"index":"index","follow":"follow","max-snippet":"max-snippet:-1","max-image-preview":"max-image-preview:large","max-video-preview":"max-video-preview:-1"},"canonical":"https:\/\/vitablanca.ma\/ar\/product-2\/nutrimax-spiruline-120-comprimes\/","og_locale":"ar_AR","og_type":"article","og_title":"Nutrimax Spiruline 120 Comprimes - Maroc Prix","og_description":"Nutrimax Spiruline 120 Comprim\u00e9s est un compl\u00e9ment alimentaire \u00e0 base de spiruline, une micro-algue reconnue pour ses propri\u00e9t\u00e9s \u00e9nergisantes","og_url":"https:\/\/vitablanca.ma\/ar\/product-2\/nutrimax-spiruline-120-comprimes\/","og_site_name":"Vitablanca.ma &ndash; Sant&eacute;, vitalit&eacute; et bien-&ecirc;tre pour tous les Marocains","article_publisher":"https:\/\/www.facebook.com\/profile.php?id=61576678196717","article_modified_time":"2026-02-22T03:23:04+00:00","og_image":[{"width":595,"height":655,"url":"https:\/\/vitablanca.ma\/wp-content\/uploads\/2025\/06\/6111251850055-2-Nova-para-prix-Maroc-1.jpg","type":"image\/jpeg"}],"twitter_card":"summary_large_image","twitter_misc":{"\u0648\u0642\u062a \u0627\u0644\u0642\u0631\u0627\u0621\u0629 \u0627\u0644\u0645\u064f\u0642\u062f\u0651\u0631":"\u062f\u0642\u064a\u0642\u0629 \u0648\u0627\u062d\u062f\u0629"},"schema":{"@context":"https:\/\/schema.org","@graph":[{"@type":["WebPage","ItemPage"],"@id":"https:\/\/vitablanca.ma\/produit\/nutrimax-spiruline-120-comprimes\/","url":"https:\/\/vitablanca.ma\/produit\/nutrimax-spiruline-120-comprimes\/","name":"\u0646\u064a\u0648\u062a\u0631\u064a\u0645\u0627\u0643\u0633 \u0633\u0628\u064a\u0631\u0648\u0644\u064a\u0646\u0627 \u0661\u0662\u0660 \u0642\u0631\u0635\u064b\u0627 - \u0633\u0639\u0631 \u0627\u0644\u0645\u063a\u0631\u0628","isPartOf":{"@id":"https:\/\/vitablanca.ma\/#website"},"primaryImageOfPage":{"@id":"https:\/\/vitablanca.ma\/produit\/nutrimax-spiruline-120-comprimes\/#primaryimage"},"image":{"@id":"https:\/\/vitablanca.ma\/produit\/nutrimax-spiruline-120-comprimes\/#primaryimage"},"thumbnailUrl":"https:\/\/vitablanca.ma\/wp-content\/uploads\/2025\/06\/6111251850055-2-Nova-para-prix-Maroc-1.jpg","datePublished":"2025-06-11T20:34:39+00:00","dateModified":"2026-02-22T03:23:04+00:00","description":"Nutrimax Spiruline 120 Comprim\u00e9s est un compl\u00e9ment alimentaire \u00e0 base de spiruline, une micro-algue reconnue pour ses propri\u00e9t\u00e9s \u00e9nergisantes","breadcrumb":{"@id":"https:\/\/vitablanca.ma\/produit\/nutrimax-spiruline-120-comprimes\/#breadcrumb"},"inLanguage":"ar","potentialAction":[{"@type":"ReadAction","target":["https:\/\/vitablanca.ma\/produit\/nutrimax-spiruline-120-comprimes\/"]}]},{"@type":"ImageObject","inLanguage":"ar","@id":"https:\/\/vitablanca.ma\/produit\/nutrimax-spiruline-120-comprimes\/#primaryimage","url":"https:\/\/vitablanca.ma\/wp-content\/uploads\/2025\/06\/6111251850055-2-Nova-para-prix-Maroc-1.jpg","contentUrl":"https:\/\/vitablanca.ma\/wp-content\/uploads\/2025\/06\/6111251850055-2-Nova-para-prix-Maroc-1.jpg","width":595,"height":655},{"@type":"BreadcrumbList","@id":"https:\/\/vitablanca.ma\/produit\/nutrimax-spiruline-120-comprimes\/#breadcrumb","itemListElement":[{"@type":"ListItem","position":1,"name":"Home","item":"https:\/\/vitablanca.ma\/"},{"@type":"ListItem","position":2,"name":"Tous Les Produits","item":"https:\/\/vitablanca.ma\/tous-les-produits\/"},{"@type":"ListItem","position":3,"name":"Nutrimax Spiruline 120 Comprimes"}]},{"@type":"WebSite","@id":"https:\/\/vitablanca.ma\/#website","url":"https:\/\/vitablanca.ma\/","name":"VitaBlanca.ma | \u0627\u0644\u0645\u0643\u0645\u0644\u0627\u062a \u0627\u0644\u063a\u0630\u0627\u0626\u064a\u0629\u060c \u0627\u0644\u0635\u062d\u0629 \u0648\u0627\u0644\u062c\u0645\u0627\u0644 \u0641\u064a \u0627\u0644\u0645\u063a\u0631\u0628","description":"\u0646\u0628\u064a\u0639 \u0641\u064a\u062a\u0627\u0645\u064a\u0646\u0627\u062a \u0648\u0645\u0643\u0645\u0644\u0627\u062a \u063a\u0630\u0627\u0626\u064a\u0629 \u0641\u0627\u062e\u0631\u0629 \u0645\u0646 \u0627\u0644\u0648\u0644\u0627\u064a\u0627\u062a \u0627\u0644\u0645\u062a\u062d\u062f\u0629 \u0627\u0644\u0623\u0645\u0631\u064a\u0643\u064a\u0629 \u0648\u0643\u0646\u062f\u0627 \u0648\u0646\u064a\u0648\u0632\u064a\u0644\u0646\u062f\u0627 \u0648\u0627\u0644\u0645\u063a\u0631\u0628 (\u0646\u0627\u0648 \u0641\u0648\u062f\u0632\u060c \u0633\u0648\u0644\u062c\u0627\u0631\u060c \u0645\u0627\u0646\u0648\u0643\u0627). \u062a\u0648\u0635\u064a\u0644 \u0633\u0631\u064a\u0639 \u0625\u0644\u0649 \u062c\u0645\u064a\u0639 \u0623\u0646\u062d\u0627\u0621 \u0627\u0644\u0645\u063a\u0631\u0628.","publisher":{"@id":"https:\/\/vitablanca.ma\/#organization"},"alternateName":"VitaBlanca.ma","potentialAction":[{"@type":"SearchAction","target":{"@type":"EntryPoint","urlTemplate":"https:\/\/vitablanca.ma\/?s={search_term_string}"},"query-input":{"@type":"PropertyValueSpecification","valueRequired":true,"valueName":"search_term_string"}}],"inLanguage":"ar"},{"@type":"Organization","@id":"https:\/\/vitablanca.ma\/#organization","name":"\u0641\u064a\u062a\u0627\u0628\u0644\u0627\u0646\u0643\u0627","url":"https:\/\/vitablanca.ma\/","logo":{"@type":"ImageObject","inLanguage":"ar","@id":"https:\/\/vitablanca.ma\/#\/schema\/logo\/image\/","url":"https:\/\/vitablanca.ma\/wp-content\/uploads\/2025\/05\/cropped-vitablanca.png","contentUrl":"https:\/\/vitablanca.ma\/wp-content\/uploads\/2025\/05\/cropped-vitablanca.png","width":360,"height":67,"caption":"VitaBlanca"},"image":{"@id":"https:\/\/vitablanca.ma\/#\/schema\/logo\/image\/"},"sameAs":["https:\/\/www.facebook.com\/profile.php?id=61576678196717","https:\/\/www.tiktok.com\/@vitablanca.ma","https:\/\/www.instagram.com\/vitablanca.ma\/"]}]}},"jetpack_sharing_enabled":true,"_links":{"self":[{"href":"https:\/\/vitablanca.ma\/ar\/wp-json\/wp\/v2\/product\/20740","targetHints":{"allow":["GET"]}}],"collection":[{"href":"https:\/\/vitablanca.ma\/ar\/wp-json\/wp\/v2\/product"}],"about":[{"href":"https:\/\/vitablanca.ma\/ar\/wp-json\/wp\/v2\/types\/product"}],"wp:featuredmedia":[{"embeddable":true,"href":"https:\/\/vitablanca.ma\/ar\/wp-json\/wp\/v2\/media\/20739"}],"wp:attachment":[{"href":"https:\/\/vitablanca.ma\/ar\/wp-json\/wp\/v2\/media?parent=20740"}],"wp:term":[{"taxonomy":"product_brand","embeddable":true,"href":"https:\/\/vitablanca.ma\/ar\/wp-json\/wp\/v2\/product_brand?post=20740"},{"taxonomy":"product_cat","embeddable":true,"href":"https:\/\/vitablanca.ma\/ar\/wp-json\/wp\/v2\/product_cat?post=20740"},{"taxonomy":"product_tag","embeddable":true,"href":"https:\/\/vitablanca.ma\/ar\/wp-json\/wp\/v2\/product_tag?post=20740"}],"curies":[{"name":"wp","href":"https:\/\/api.w.org\/{rel}","templated":true}]}}