{"id":20722,"date":"2025-06-11T20:33:54","date_gmt":"2025-06-11T20:33:54","guid":{"rendered":"https:\/\/vitablanca.ma\/product\/nutrilab-collagene-marin-90-gelules\/"},"modified":"2026-02-22T21:00:40","modified_gmt":"2026-02-22T21:00:40","slug":"nutrilab-collagene-marin-90-gelules","status":"publish","type":"product","link":"https:\/\/vitablanca.ma\/ar\/product-2\/nutrilab-collagene-marin-90-gelules\/","title":{"rendered":"Nutrilab Collagene Marin 90 G\u00e9lules"},"content":{"rendered":"<h1>Nutrilab Collagene Marin 90 G\u00e9lules<\/h1>\n<div class=\"card aim -mtm\">\n<div class=\"markup -mhm -pvl -oxa -sc\">Les g\u00e9lules Nutrilab Collag\u00e8ne Marin sont un compl\u00e9ment alimentaire formul\u00e9 pour soutenir la sant\u00e9 de la peau, des cheveux, des ongles et des articulations. Elles contiennent du collag\u00e8ne marin, une prot\u00e9ine naturellement pr\u00e9sente dans la peau et les tissus conjonctifs. Le collag\u00e8ne marin est r\u00e9put\u00e9 pour ses propri\u00e9t\u00e9s hydratantes et raffermissantes, contribuant ainsi \u00e0 maintenir une peau jeune et \u00e9clatante, des cheveux forts et des ongles sains. De plus, le collag\u00e8ne marin peut aider \u00e0 am\u00e9liorer la sant\u00e9 des articulations en renfor\u00e7ant les cartilages.<\/div>\n<div class=\"markup -mhm -pvl -oxa -sc\"><\/div>\n<h3 class=\"markup -mhm -pvl -oxa -sc\">\u0637\u0631\u064a\u0642\u0629 \u0627\u0644\u0627\u0633\u062a\u062e\u062f\u0627\u0645:<\/h3>\n<div class=\"markup -mhm -pvl -oxa -sc\">Prenez 3 g\u00e9lules par jour avec un verre d&rsquo;eau, de pr\u00e9f\u00e9rence pendant un repas. Il est recommand\u00e9 de respecter la dose quotidienne recommand\u00e9e et de ne pas d\u00e9passer la posologie indiqu\u00e9e. Pour de meilleurs r\u00e9sultats, il est conseill\u00e9 de prendre ce compl\u00e9ment alimentaire de mani\u00e8re r\u00e9guli\u00e8re et continue, sur une p\u00e9riode prolong\u00e9e.<\/div>\n<div class=\"markup -mhm -pvl -oxa -sc\"><\/div>\n<h3 class=\"markup -mhm -pvl -oxa -sc\">\u0645\u0643\u0648\u0646\u0627\u062a :<\/h3>\n<div class=\"markup -mhm -pvl -oxa -sc\">Collag\u00e8ne marin hydrolys\u00e9, agent de charge (cellulose microcristalline), enveloppe de la g\u00e9lule (g\u00e9latine), anti-agglom\u00e9rant (st\u00e9arate de magn\u00e9sium).<\/div>\n<\/div>","protected":false},"excerpt":{"rendered":"<p>Nutrilab Collagene Marin 90 G\u00e9lules Les g\u00e9lules Nutrilab Collag\u00e8ne Marin sont un compl\u00e9ment alimentaire formul\u00e9 pour soutenir la sant\u00e9 de la peau, des cheveux, des ongles et des articulations. Elles contiennent du collag\u00e8ne marin, une prot\u00e9ine naturellement pr\u00e9sente dans la peau et les tissus conjonctifs. Le collag\u00e8ne marin est r\u00e9put\u00e9 pour ses propri\u00e9t\u00e9s hydratantes et [&hellip;]<\/p>\n","protected":false},"featured_media":20721,"template":"","meta":{"om_disable_all_campaigns":false},"product_brand":[],"product_cat":[15],"product_tag":[7744,10279,10272,4771,10273,10262,10276,10274,10271,10277,10275,9276,10280,10281,10278],"class_list":{"0":"post-20722","1":"product","2":"type-product","3":"status-publish","4":"has-post-thumbnail","6":"product_cat-beaute-sante-complements-alimentaires-soins-et-bien-etre-au-meilleur-prix","7":"product_tag-cheveux-et-ongles","8":"product_tag-collagene-bio-maroc","9":"product_tag-collagene-marin-90-gelules","10":"product_tag-collagene-peau","11":"product_tag-complement-alimentaire-collagene","12":"product_tag-complement-naturel-quotidien","13":"product_tag-cure-collagene-naturelle","14":"product_tag-fermete-et-elasticite-peau","15":"product_tag-nutrilab-collagene-marin","16":"product_tag-peptides-collagene-assimilable","17":"product_tag-sante-articulations-et-os","18":"product_tag-soin-anti-age-naturel","19":"product_tag-soutien-articulations","20":"product_tag-tonus-et-bien-etre","21":"product_tag-vitalite-et-jeunesse","23":"first","24":"instock","25":"sale","26":"taxable","27":"shipping-taxable","28":"purchasable","29":"product-type-simple"},"yoast_head":"<!-- This site is optimized with the Yoast SEO plugin v27.4 - https:\/\/yoast.com\/product\/yoast-seo-wordpress\/ -->\n<title>Nutrilab Collagene Marin 90 G\u00e9lules - Maroc Prix<\/title>\n<meta name=\"description\" content=\"Nutrilab Collag\u00e8ne Marin 90 g\u00e9lules, compl\u00e9ment alimentaire naturel pour peau, cheveux, ongles et articulations. Soutient fermet\u00e9, \u00e9lasticit\u00e9 et vitalite.\" \/>\n<meta name=\"robots\" content=\"index, follow, max-snippet:-1, max-image-preview:large, max-video-preview:-1\" \/>\n<link rel=\"canonical\" href=\"https:\/\/vitablanca.ma\/ar\/product-2\/nutrilab-collagene-marin-90-gelules\/\" \/>\n<meta property=\"og:locale\" content=\"ar_AR\" \/>\n<meta property=\"og:type\" content=\"article\" \/>\n<meta property=\"og:title\" content=\"Nutrilab Collagene Marin 90 G\u00e9lules - Maroc Prix\" \/>\n<meta property=\"og:description\" content=\"Nutrilab Collag\u00e8ne Marin 90 g\u00e9lules, compl\u00e9ment alimentaire naturel pour peau, cheveux, ongles et articulations. Soutient fermet\u00e9, \u00e9lasticit\u00e9 et vitalite.\" \/>\n<meta property=\"og:url\" content=\"https:\/\/vitablanca.ma\/ar\/product-2\/nutrilab-collagene-marin-90-gelules\/\" \/>\n<meta property=\"og:site_name\" content=\"Vitablanca.ma &ndash; Sant&eacute;, vitalit&eacute; et bien-&ecirc;tre pour tous les Marocains\" \/>\n<meta property=\"article:publisher\" content=\"https:\/\/www.facebook.com\/profile.php?id=61576678196717\" \/>\n<meta property=\"article:modified_time\" content=\"2026-02-22T21:00:40+00:00\" \/>\n<meta property=\"og:image\" content=\"https:\/\/vitablanca.ma\/wp-content\/uploads\/2025\/06\/Nutrilab-collagene-marin-90-gelules.jpg\" \/>\n\t<meta property=\"og:image:width\" content=\"1080\" \/>\n\t<meta property=\"og:image:height\" content=\"1080\" \/>\n\t<meta property=\"og:image:type\" content=\"image\/jpeg\" \/>\n<meta name=\"twitter:card\" content=\"summary_large_image\" \/>\n<meta name=\"twitter:label1\" content=\"\u0648\u0642\u062a \u0627\u0644\u0642\u0631\u0627\u0621\u0629 \u0627\u0644\u0645\u064f\u0642\u062f\u0651\u0631\" \/>\n\t<meta name=\"twitter:data1\" content=\"\u062f\u0642\u064a\u0642\u062a\u0627\u0646\" \/>\n<script type=\"application\/ld+json\" class=\"yoast-schema-graph\">{\"@context\":\"https:\\\/\\\/schema.org\",\"@graph\":[{\"@type\":[\"WebPage\",\"ItemPage\"],\"@id\":\"https:\\\/\\\/vitablanca.ma\\\/produit\\\/nutrilab-collagene-marin-90-gelules\\\/\",\"url\":\"https:\\\/\\\/vitablanca.ma\\\/produit\\\/nutrilab-collagene-marin-90-gelules\\\/\",\"name\":\"Nutrilab Collagene Marin 90 G\u00e9lules - Maroc Prix\",\"isPartOf\":{\"@id\":\"https:\\\/\\\/vitablanca.ma\\\/#website\"},\"primaryImageOfPage\":{\"@id\":\"https:\\\/\\\/vitablanca.ma\\\/produit\\\/nutrilab-collagene-marin-90-gelules\\\/#primaryimage\"},\"image\":{\"@id\":\"https:\\\/\\\/vitablanca.ma\\\/produit\\\/nutrilab-collagene-marin-90-gelules\\\/#primaryimage\"},\"thumbnailUrl\":\"https:\\\/\\\/vitablanca.ma\\\/wp-content\\\/uploads\\\/2025\\\/06\\\/Nutrilab-collagene-marin-90-gelules.jpg\",\"datePublished\":\"2025-06-11T20:33:54+00:00\",\"dateModified\":\"2026-02-22T21:00:40+00:00\",\"description\":\"Nutrilab Collag\u00e8ne Marin 90 g\u00e9lules, compl\u00e9ment alimentaire naturel pour peau, cheveux, ongles et articulations. Soutient fermet\u00e9, \u00e9lasticit\u00e9 et vitalite.\",\"breadcrumb\":{\"@id\":\"https:\\\/\\\/vitablanca.ma\\\/produit\\\/nutrilab-collagene-marin-90-gelules\\\/#breadcrumb\"},\"inLanguage\":\"ar\",\"potentialAction\":[{\"@type\":\"ReadAction\",\"target\":[\"https:\\\/\\\/vitablanca.ma\\\/produit\\\/nutrilab-collagene-marin-90-gelules\\\/\"]}]},{\"@type\":\"ImageObject\",\"inLanguage\":\"ar\",\"@id\":\"https:\\\/\\\/vitablanca.ma\\\/produit\\\/nutrilab-collagene-marin-90-gelules\\\/#primaryimage\",\"url\":\"https:\\\/\\\/vitablanca.ma\\\/wp-content\\\/uploads\\\/2025\\\/06\\\/Nutrilab-collagene-marin-90-gelules.jpg\",\"contentUrl\":\"https:\\\/\\\/vitablanca.ma\\\/wp-content\\\/uploads\\\/2025\\\/06\\\/Nutrilab-collagene-marin-90-gelules.jpg\",\"width\":1080,\"height\":1080},{\"@type\":\"BreadcrumbList\",\"@id\":\"https:\\\/\\\/vitablanca.ma\\\/produit\\\/nutrilab-collagene-marin-90-gelules\\\/#breadcrumb\",\"itemListElement\":[{\"@type\":\"ListItem\",\"position\":1,\"name\":\"Home\",\"item\":\"https:\\\/\\\/vitablanca.ma\\\/\"},{\"@type\":\"ListItem\",\"position\":2,\"name\":\"Tous Les Produits\",\"item\":\"https:\\\/\\\/vitablanca.ma\\\/tous-les-produits\\\/\"},{\"@type\":\"ListItem\",\"position\":3,\"name\":\"Nutrilab Collagene Marin 90 G\u00e9lules\"}]},{\"@type\":\"WebSite\",\"@id\":\"https:\\\/\\\/vitablanca.ma\\\/#website\",\"url\":\"https:\\\/\\\/vitablanca.ma\\\/\",\"name\":\"VitaBlanca.ma | Compl\u00e9ments alimentaires, sant\u00e9 & beaut\u00e9 au Maroc\",\"description\":\"vendre vitamines et compl\u00e9ments premium des USA &amp; Canada, Nouvelle Z\u00e9lande,Maroc (NOW Foods, Solgar, Manuka). Livraison rapide partout au Maroc.\",\"publisher\":{\"@id\":\"https:\\\/\\\/vitablanca.ma\\\/#organization\"},\"alternateName\":\"VitaBlanca.ma\",\"potentialAction\":[{\"@type\":\"SearchAction\",\"target\":{\"@type\":\"EntryPoint\",\"urlTemplate\":\"https:\\\/\\\/vitablanca.ma\\\/?s={search_term_string}\"},\"query-input\":{\"@type\":\"PropertyValueSpecification\",\"valueRequired\":true,\"valueName\":\"search_term_string\"}}],\"inLanguage\":\"ar\"},{\"@type\":\"Organization\",\"@id\":\"https:\\\/\\\/vitablanca.ma\\\/#organization\",\"name\":\"VitaBlanca\",\"url\":\"https:\\\/\\\/vitablanca.ma\\\/\",\"logo\":{\"@type\":\"ImageObject\",\"inLanguage\":\"ar\",\"@id\":\"https:\\\/\\\/vitablanca.ma\\\/#\\\/schema\\\/logo\\\/image\\\/\",\"url\":\"https:\\\/\\\/vitablanca.ma\\\/wp-content\\\/uploads\\\/2025\\\/05\\\/cropped-vitablanca.png\",\"contentUrl\":\"https:\\\/\\\/vitablanca.ma\\\/wp-content\\\/uploads\\\/2025\\\/05\\\/cropped-vitablanca.png\",\"width\":360,\"height\":67,\"caption\":\"VitaBlanca\"},\"image\":{\"@id\":\"https:\\\/\\\/vitablanca.ma\\\/#\\\/schema\\\/logo\\\/image\\\/\"},\"sameAs\":[\"https:\\\/\\\/www.facebook.com\\\/profile.php?id=61576678196717\",\"https:\\\/\\\/www.tiktok.com\\\/@vitablanca.ma\",\"https:\\\/\\\/www.instagram.com\\\/vitablanca.ma\\\/\"]}]}<\/script>\n<!-- \/ Yoast SEO plugin. -->","yoast_head_json":{"title":"Nutrilab Collagene Marin 90 G\u00e9lules - Maroc Prix","description":"Nutrilab Collag\u00e8ne Marin 90 g\u00e9lules, compl\u00e9ment alimentaire naturel pour peau, cheveux, ongles et articulations. Soutient fermet\u00e9, \u00e9lasticit\u00e9 et vitalite.","robots":{"index":"index","follow":"follow","max-snippet":"max-snippet:-1","max-image-preview":"max-image-preview:large","max-video-preview":"max-video-preview:-1"},"canonical":"https:\/\/vitablanca.ma\/ar\/product-2\/nutrilab-collagene-marin-90-gelules\/","og_locale":"ar_AR","og_type":"article","og_title":"Nutrilab Collagene Marin 90 G\u00e9lules - Maroc Prix","og_description":"Nutrilab Collag\u00e8ne Marin 90 g\u00e9lules, compl\u00e9ment alimentaire naturel pour peau, cheveux, ongles et articulations. Soutient fermet\u00e9, \u00e9lasticit\u00e9 et vitalite.","og_url":"https:\/\/vitablanca.ma\/ar\/product-2\/nutrilab-collagene-marin-90-gelules\/","og_site_name":"Vitablanca.ma &ndash; Sant&eacute;, vitalit&eacute; et bien-&ecirc;tre pour tous les Marocains","article_publisher":"https:\/\/www.facebook.com\/profile.php?id=61576678196717","article_modified_time":"2026-02-22T21:00:40+00:00","og_image":[{"width":1080,"height":1080,"url":"https:\/\/vitablanca.ma\/wp-content\/uploads\/2025\/06\/Nutrilab-collagene-marin-90-gelules.jpg","type":"image\/jpeg"}],"twitter_card":"summary_large_image","twitter_misc":{"\u0648\u0642\u062a \u0627\u0644\u0642\u0631\u0627\u0621\u0629 \u0627\u0644\u0645\u064f\u0642\u062f\u0651\u0631":"\u062f\u0642\u064a\u0642\u062a\u0627\u0646"},"schema":{"@context":"https:\/\/schema.org","@graph":[{"@type":["WebPage","ItemPage"],"@id":"https:\/\/vitablanca.ma\/produit\/nutrilab-collagene-marin-90-gelules\/","url":"https:\/\/vitablanca.ma\/produit\/nutrilab-collagene-marin-90-gelules\/","name":"Nutrilab Collagene Marin 90 G\u00e9lules - Maroc Prix","isPartOf":{"@id":"https:\/\/vitablanca.ma\/#website"},"primaryImageOfPage":{"@id":"https:\/\/vitablanca.ma\/produit\/nutrilab-collagene-marin-90-gelules\/#primaryimage"},"image":{"@id":"https:\/\/vitablanca.ma\/produit\/nutrilab-collagene-marin-90-gelules\/#primaryimage"},"thumbnailUrl":"https:\/\/vitablanca.ma\/wp-content\/uploads\/2025\/06\/Nutrilab-collagene-marin-90-gelules.jpg","datePublished":"2025-06-11T20:33:54+00:00","dateModified":"2026-02-22T21:00:40+00:00","description":"Nutrilab Collag\u00e8ne Marin 90 g\u00e9lules, compl\u00e9ment alimentaire naturel pour peau, cheveux, ongles et articulations. Soutient fermet\u00e9, \u00e9lasticit\u00e9 et vitalite.","breadcrumb":{"@id":"https:\/\/vitablanca.ma\/produit\/nutrilab-collagene-marin-90-gelules\/#breadcrumb"},"inLanguage":"ar","potentialAction":[{"@type":"ReadAction","target":["https:\/\/vitablanca.ma\/produit\/nutrilab-collagene-marin-90-gelules\/"]}]},{"@type":"ImageObject","inLanguage":"ar","@id":"https:\/\/vitablanca.ma\/produit\/nutrilab-collagene-marin-90-gelules\/#primaryimage","url":"https:\/\/vitablanca.ma\/wp-content\/uploads\/2025\/06\/Nutrilab-collagene-marin-90-gelules.jpg","contentUrl":"https:\/\/vitablanca.ma\/wp-content\/uploads\/2025\/06\/Nutrilab-collagene-marin-90-gelules.jpg","width":1080,"height":1080},{"@type":"BreadcrumbList","@id":"https:\/\/vitablanca.ma\/produit\/nutrilab-collagene-marin-90-gelules\/#breadcrumb","itemListElement":[{"@type":"ListItem","position":1,"name":"Home","item":"https:\/\/vitablanca.ma\/"},{"@type":"ListItem","position":2,"name":"Tous Les Produits","item":"https:\/\/vitablanca.ma\/tous-les-produits\/"},{"@type":"ListItem","position":3,"name":"Nutrilab Collagene Marin 90 G\u00e9lules"}]},{"@type":"WebSite","@id":"https:\/\/vitablanca.ma\/#website","url":"https:\/\/vitablanca.ma\/","name":"VitaBlanca.ma | \u0627\u0644\u0645\u0643\u0645\u0644\u0627\u062a \u0627\u0644\u063a\u0630\u0627\u0626\u064a\u0629\u060c \u0627\u0644\u0635\u062d\u0629 \u0648\u0627\u0644\u062c\u0645\u0627\u0644 \u0641\u064a \u0627\u0644\u0645\u063a\u0631\u0628","description":"\u0646\u0628\u064a\u0639 \u0641\u064a\u062a\u0627\u0645\u064a\u0646\u0627\u062a \u0648\u0645\u0643\u0645\u0644\u0627\u062a \u063a\u0630\u0627\u0626\u064a\u0629 \u0641\u0627\u062e\u0631\u0629 \u0645\u0646 \u0627\u0644\u0648\u0644\u0627\u064a\u0627\u062a \u0627\u0644\u0645\u062a\u062d\u062f\u0629 \u0627\u0644\u0623\u0645\u0631\u064a\u0643\u064a\u0629 \u0648\u0643\u0646\u062f\u0627 \u0648\u0646\u064a\u0648\u0632\u064a\u0644\u0646\u062f\u0627 \u0648\u0627\u0644\u0645\u063a\u0631\u0628 (\u0646\u0627\u0648 \u0641\u0648\u062f\u0632\u060c \u0633\u0648\u0644\u062c\u0627\u0631\u060c \u0645\u0627\u0646\u0648\u0643\u0627). \u062a\u0648\u0635\u064a\u0644 \u0633\u0631\u064a\u0639 \u0625\u0644\u0649 \u062c\u0645\u064a\u0639 \u0623\u0646\u062d\u0627\u0621 \u0627\u0644\u0645\u063a\u0631\u0628.","publisher":{"@id":"https:\/\/vitablanca.ma\/#organization"},"alternateName":"VitaBlanca.ma","potentialAction":[{"@type":"SearchAction","target":{"@type":"EntryPoint","urlTemplate":"https:\/\/vitablanca.ma\/?s={search_term_string}"},"query-input":{"@type":"PropertyValueSpecification","valueRequired":true,"valueName":"search_term_string"}}],"inLanguage":"ar"},{"@type":"Organization","@id":"https:\/\/vitablanca.ma\/#organization","name":"\u0641\u064a\u062a\u0627\u0628\u0644\u0627\u0646\u0643\u0627","url":"https:\/\/vitablanca.ma\/","logo":{"@type":"ImageObject","inLanguage":"ar","@id":"https:\/\/vitablanca.ma\/#\/schema\/logo\/image\/","url":"https:\/\/vitablanca.ma\/wp-content\/uploads\/2025\/05\/cropped-vitablanca.png","contentUrl":"https:\/\/vitablanca.ma\/wp-content\/uploads\/2025\/05\/cropped-vitablanca.png","width":360,"height":67,"caption":"VitaBlanca"},"image":{"@id":"https:\/\/vitablanca.ma\/#\/schema\/logo\/image\/"},"sameAs":["https:\/\/www.facebook.com\/profile.php?id=61576678196717","https:\/\/www.tiktok.com\/@vitablanca.ma","https:\/\/www.instagram.com\/vitablanca.ma\/"]}]}},"jetpack_sharing_enabled":true,"_links":{"self":[{"href":"https:\/\/vitablanca.ma\/ar\/wp-json\/wp\/v2\/product\/20722","targetHints":{"allow":["GET"]}}],"collection":[{"href":"https:\/\/vitablanca.ma\/ar\/wp-json\/wp\/v2\/product"}],"about":[{"href":"https:\/\/vitablanca.ma\/ar\/wp-json\/wp\/v2\/types\/product"}],"wp:featuredmedia":[{"embeddable":true,"href":"https:\/\/vitablanca.ma\/ar\/wp-json\/wp\/v2\/media\/20721"}],"wp:attachment":[{"href":"https:\/\/vitablanca.ma\/ar\/wp-json\/wp\/v2\/media?parent=20722"}],"wp:term":[{"taxonomy":"product_brand","embeddable":true,"href":"https:\/\/vitablanca.ma\/ar\/wp-json\/wp\/v2\/product_brand?post=20722"},{"taxonomy":"product_cat","embeddable":true,"href":"https:\/\/vitablanca.ma\/ar\/wp-json\/wp\/v2\/product_cat?post=20722"},{"taxonomy":"product_tag","embeddable":true,"href":"https:\/\/vitablanca.ma\/ar\/wp-json\/wp\/v2\/product_tag?post=20722"}],"curies":[{"name":"wp","href":"https:\/\/api.w.org\/{rel}","templated":true}]}}