{"id":20709,"date":"2025-06-11T20:33:10","date_gmt":"2025-06-11T20:33:10","guid":{"rendered":"https:\/\/vitablanca.ma\/product\/neutrogena-formule-norvegienne-creme-pieds-tres-secs-et-abimes-100ml\/"},"modified":"2026-02-22T21:30:56","modified_gmt":"2026-02-22T21:30:56","slug":"neutrogena-formule-norvegienne-creme-pieds-tres-secs-et-abimes-100ml","status":"publish","type":"product","link":"https:\/\/vitablanca.ma\/ar\/product-2\/neutrogena-formule-norvegienne-creme-pieds-tres-secs-et-abimes-100ml\/","title":{"rendered":"Neutrogena Formule Norv\u00e9gienne Cr\u00e8me Pieds Tr\u00e8s Secs Et Ab\u00eem\u00e9s 100ml"},"content":{"rendered":"<h2 data-mce-fragment=\"1\">\u00a0Neutrogena Formule Norv\u00e9gienne Cr\u00e8me Pieds Tr\u00e8s Secs Et Ab\u00eem\u00e9s<\/h2>\n<p data-mce-fragment=\"1\">La cr\u00e8me pieds tr\u00e8s secs et ab\u00eem\u00e9s FORMULE NORVEGIENNE<sup data-mce-fragment=\"1\">\u00ae<\/sup><span data-mce-fragment=\"1\">\u00a0<\/span>hydrate intens\u00e9ment pour soulager imm\u00e9diatement m\u00eame la peau des pieds les plus secs. D\u00e9velopp\u00e9e avec nos dermatologues, sa formule enrichie en glyc\u00e9rine aide \u00e0 r\u00e9parer la peau de vos pieds d\u00e8s le 1er jour, et:<\/p>\n<p data-mce-fragment=\"1\">\u00a0\u00a0 \u00a0 \u00a0 \u00a0\u25cf \u00a0 \u00a0 Assure une hydratation pendant 24h<br data-mce-fragment=\"1\" \/>\u00a0\u00a0 \u00a0 \u00a0 \u00a0\u25cf \u00a0 \u00a0 Aide \u00e0 pr\u00e9venir la formation de rugosit\u00e9s<\/p>\n<p data-mce-fragment=\"1\">\u00a0\u00a0 \u00a0D\u00e8s la premi\u00e8re application, vos pieds sont soulag\u00e9s, votre peau est visiblement plus douce et plus souple. Sa texture non collante est rapidement absorb\u00e9e.<\/p>\n<h3 data-mce-fragment=\"1\">\u0646\u0635\u0627\u0626\u062d \u0627\u0644\u062a\u0642\u062f\u064a\u0645<\/h3>\n<p data-mce-fragment=\"1\">Appliquer 2 fois par jour sur des pieds propres et secs. Faire p\u00e9n\u00e9trer en massant doucement. Insister au niveau des talons et entre les orteils.<\/p>\n<h3 data-mce-fragment=\"1\">\u0645\u0643\u0648\u0646\u0627\u062a<\/h3>\n<p data-mce-fragment=\"1\">Aqua, Glycerin, Cetearyl Alcohol, Paraffinum Liquidum, Cyclopentasiloxane, Dimethicone, Panthenol, Cera Microcristallina, Bisabolol, Allantoin, Paraffin, Sodium Cetearyl Sulfate, Sodium Sulfate, Palmitic Acid, Stearic Acid, Menthol, Tocopheryl Linoleate, Dilauryl Thiodipropionate, Methylparaben, Propylparaben, Parfum<\/p>\n<p data-mce-fragment=\"1\">","protected":false},"excerpt":{"rendered":"<p>\u00a0Neutrogena Formule Norv\u00e9gienne Cr\u00e8me Pieds Tr\u00e8s Secs Et Ab\u00eem\u00e9s La cr\u00e8me pieds tr\u00e8s secs et ab\u00eem\u00e9s FORMULE NORVEGIENNE\u00ae\u00a0hydrate intens\u00e9ment pour soulager imm\u00e9diatement m\u00eame la peau des pieds les plus secs. D\u00e9velopp\u00e9e avec nos dermatologues, sa formule enrichie en glyc\u00e9rine aide \u00e0 r\u00e9parer la peau de vos pieds d\u00e8s le 1er jour, et: \u00a0\u00a0 \u00a0 \u00a0 [&hellip;]<\/p>\n","protected":false},"featured_media":20708,"template":"","meta":{"om_disable_all_campaigns":false},"product_brand":[],"product_cat":[15],"product_tag":[10327,10329,10331,10325,10319,10321,10318,10298,10323,10326,10330,10322,10320,10328,10324],"class_list":{"0":"post-20709","1":"product","2":"type-product","3":"status-publish","4":"has-post-thumbnail","6":"product_cat-beaute-sante-complements-alimentaires-soins-et-bien-etre-au-meilleur-prix","7":"product_tag-confort-pieds-secs","8":"product_tag-creme-nourrissante-pieds","9":"product_tag-creme-pieds-100-ml","10":"product_tag-creme-pieds-rapide-absorption","11":"product_tag-creme-pieds-tres-secs","12":"product_tag-hydratation-intense-pieds","13":"product_tag-neutrogena-creme-pieds","14":"product_tag-neutrogena-maroc","15":"product_tag-pieds-doux-et-souples","16":"product_tag-prevention-gercures","17":"product_tag-protection-pieds-froid","18":"product_tag-reparation-pieds-rugueux","19":"product_tag-soin-pieds-abimes","20":"product_tag-soin-pieds-sensibles","21":"product_tag-soin-quotidien-pieds","23":"first","24":"instock","25":"sale","26":"taxable","27":"shipping-taxable","28":"purchasable","29":"product-type-simple"},"yoast_head":"<!-- This site is optimized with the Yoast SEO plugin v27.4 - https:\/\/yoast.com\/product\/yoast-seo-wordpress\/ -->\n<title>Neutrogena Formule Norv\u00e9gienne Cr\u00e8me 100ml - Maroc Prix<\/title>\n<meta name=\"description\" content=\"Neutrogena Formule Norv\u00e9gienne Cr\u00e8me Pieds Tr\u00e8s Secs et Ab\u00eem\u00e9s 100\u202fml. R\u00e9pare, hydrate et adoucit intens\u00e9ment les pieds rugueux et craquel\u00e9s\" \/>\n<meta name=\"robots\" content=\"index, follow, max-snippet:-1, max-image-preview:large, max-video-preview:-1\" \/>\n<link rel=\"canonical\" href=\"https:\/\/vitablanca.ma\/ar\/product-2\/neutrogena-formule-norvegienne-creme-pieds-tres-secs-et-abimes-100ml\/\" \/>\n<meta property=\"og:locale\" content=\"ar_AR\" \/>\n<meta property=\"og:type\" content=\"article\" \/>\n<meta property=\"og:title\" content=\"Neutrogena Formule Norv\u00e9gienne Cr\u00e8me 100ml - Maroc Prix\" \/>\n<meta property=\"og:description\" content=\"Neutrogena Formule Norv\u00e9gienne Cr\u00e8me Pieds Tr\u00e8s Secs et Ab\u00eem\u00e9s 100\u202fml. R\u00e9pare, hydrate et adoucit intens\u00e9ment les pieds rugueux et craquel\u00e9s\" \/>\n<meta property=\"og:url\" content=\"https:\/\/vitablanca.ma\/ar\/product-2\/neutrogena-formule-norvegienne-creme-pieds-tres-secs-et-abimes-100ml\/\" \/>\n<meta property=\"og:site_name\" content=\"Vitablanca.ma &ndash; Sant&eacute;, vitalit&eacute; et bien-&ecirc;tre pour tous les Marocains\" \/>\n<meta property=\"article:publisher\" content=\"https:\/\/www.facebook.com\/profile.php?id=61576678196717\" \/>\n<meta property=\"article:modified_time\" content=\"2026-02-22T21:30:56+00:00\" \/>\n<meta property=\"og:image\" content=\"https:\/\/vitablanca.ma\/wp-content\/uploads\/2025\/06\/Neutrogena-Formule-Norvegienne-Creme-Pieds-Tres-Secs-Et-Abimes-100ml-novaparapharmacie-maroc.jpg\" \/>\n\t<meta property=\"og:image:width\" content=\"1000\" \/>\n\t<meta property=\"og:image:height\" content=\"1000\" \/>\n\t<meta property=\"og:image:type\" content=\"image\/jpeg\" \/>\n<meta name=\"twitter:card\" content=\"summary_large_image\" \/>\n<meta name=\"twitter:label1\" content=\"\u0648\u0642\u062a \u0627\u0644\u0642\u0631\u0627\u0621\u0629 \u0627\u0644\u0645\u064f\u0642\u062f\u0651\u0631\" \/>\n\t<meta name=\"twitter:data1\" content=\"\u062f\u0642\u064a\u0642\u0629 \u0648\u0627\u062d\u062f\u0629\" \/>\n<script type=\"application\/ld+json\" class=\"yoast-schema-graph\">{\"@context\":\"https:\\\/\\\/schema.org\",\"@graph\":[{\"@type\":[\"WebPage\",\"ItemPage\"],\"@id\":\"https:\\\/\\\/vitablanca.ma\\\/produit\\\/neutrogena-formule-norvegienne-creme-pieds-tres-secs-et-abimes-100ml\\\/\",\"url\":\"https:\\\/\\\/vitablanca.ma\\\/produit\\\/neutrogena-formule-norvegienne-creme-pieds-tres-secs-et-abimes-100ml\\\/\",\"name\":\"Neutrogena Formule Norv\u00e9gienne Cr\u00e8me 100ml - Maroc Prix\",\"isPartOf\":{\"@id\":\"https:\\\/\\\/vitablanca.ma\\\/#website\"},\"primaryImageOfPage\":{\"@id\":\"https:\\\/\\\/vitablanca.ma\\\/produit\\\/neutrogena-formule-norvegienne-creme-pieds-tres-secs-et-abimes-100ml\\\/#primaryimage\"},\"image\":{\"@id\":\"https:\\\/\\\/vitablanca.ma\\\/produit\\\/neutrogena-formule-norvegienne-creme-pieds-tres-secs-et-abimes-100ml\\\/#primaryimage\"},\"thumbnailUrl\":\"https:\\\/\\\/vitablanca.ma\\\/wp-content\\\/uploads\\\/2025\\\/06\\\/Neutrogena-Formule-Norvegienne-Creme-Pieds-Tres-Secs-Et-Abimes-100ml-novaparapharmacie-maroc.jpg\",\"datePublished\":\"2025-06-11T20:33:10+00:00\",\"dateModified\":\"2026-02-22T21:30:56+00:00\",\"description\":\"Neutrogena Formule Norv\u00e9gienne Cr\u00e8me Pieds Tr\u00e8s Secs et Ab\u00eem\u00e9s 100\u202fml. R\u00e9pare, hydrate et adoucit intens\u00e9ment les pieds rugueux et craquel\u00e9s\",\"breadcrumb\":{\"@id\":\"https:\\\/\\\/vitablanca.ma\\\/produit\\\/neutrogena-formule-norvegienne-creme-pieds-tres-secs-et-abimes-100ml\\\/#breadcrumb\"},\"inLanguage\":\"ar\",\"potentialAction\":[{\"@type\":\"ReadAction\",\"target\":[\"https:\\\/\\\/vitablanca.ma\\\/produit\\\/neutrogena-formule-norvegienne-creme-pieds-tres-secs-et-abimes-100ml\\\/\"]}]},{\"@type\":\"ImageObject\",\"inLanguage\":\"ar\",\"@id\":\"https:\\\/\\\/vitablanca.ma\\\/produit\\\/neutrogena-formule-norvegienne-creme-pieds-tres-secs-et-abimes-100ml\\\/#primaryimage\",\"url\":\"https:\\\/\\\/vitablanca.ma\\\/wp-content\\\/uploads\\\/2025\\\/06\\\/Neutrogena-Formule-Norvegienne-Creme-Pieds-Tres-Secs-Et-Abimes-100ml-novaparapharmacie-maroc.jpg\",\"contentUrl\":\"https:\\\/\\\/vitablanca.ma\\\/wp-content\\\/uploads\\\/2025\\\/06\\\/Neutrogena-Formule-Norvegienne-Creme-Pieds-Tres-Secs-Et-Abimes-100ml-novaparapharmacie-maroc.jpg\",\"width\":1000,\"height\":1000},{\"@type\":\"BreadcrumbList\",\"@id\":\"https:\\\/\\\/vitablanca.ma\\\/produit\\\/neutrogena-formule-norvegienne-creme-pieds-tres-secs-et-abimes-100ml\\\/#breadcrumb\",\"itemListElement\":[{\"@type\":\"ListItem\",\"position\":1,\"name\":\"Home\",\"item\":\"https:\\\/\\\/vitablanca.ma\\\/\"},{\"@type\":\"ListItem\",\"position\":2,\"name\":\"Tous Les Produits\",\"item\":\"https:\\\/\\\/vitablanca.ma\\\/tous-les-produits\\\/\"},{\"@type\":\"ListItem\",\"position\":3,\"name\":\"Neutrogena Formule Norv\u00e9gienne Cr\u00e8me Pieds Tr\u00e8s Secs Et Ab\u00eem\u00e9s 100ml\"}]},{\"@type\":\"WebSite\",\"@id\":\"https:\\\/\\\/vitablanca.ma\\\/#website\",\"url\":\"https:\\\/\\\/vitablanca.ma\\\/\",\"name\":\"VitaBlanca.ma | Compl\u00e9ments alimentaires, sant\u00e9 & beaut\u00e9 au Maroc\",\"description\":\"vendre vitamines et compl\u00e9ments premium des USA &amp; Canada, Nouvelle Z\u00e9lande,Maroc (NOW Foods, Solgar, Manuka). Livraison rapide partout au Maroc.\",\"publisher\":{\"@id\":\"https:\\\/\\\/vitablanca.ma\\\/#organization\"},\"alternateName\":\"VitaBlanca.ma\",\"potentialAction\":[{\"@type\":\"SearchAction\",\"target\":{\"@type\":\"EntryPoint\",\"urlTemplate\":\"https:\\\/\\\/vitablanca.ma\\\/?s={search_term_string}\"},\"query-input\":{\"@type\":\"PropertyValueSpecification\",\"valueRequired\":true,\"valueName\":\"search_term_string\"}}],\"inLanguage\":\"ar\"},{\"@type\":\"Organization\",\"@id\":\"https:\\\/\\\/vitablanca.ma\\\/#organization\",\"name\":\"VitaBlanca\",\"url\":\"https:\\\/\\\/vitablanca.ma\\\/\",\"logo\":{\"@type\":\"ImageObject\",\"inLanguage\":\"ar\",\"@id\":\"https:\\\/\\\/vitablanca.ma\\\/#\\\/schema\\\/logo\\\/image\\\/\",\"url\":\"https:\\\/\\\/vitablanca.ma\\\/wp-content\\\/uploads\\\/2025\\\/05\\\/cropped-vitablanca.png\",\"contentUrl\":\"https:\\\/\\\/vitablanca.ma\\\/wp-content\\\/uploads\\\/2025\\\/05\\\/cropped-vitablanca.png\",\"width\":360,\"height\":67,\"caption\":\"VitaBlanca\"},\"image\":{\"@id\":\"https:\\\/\\\/vitablanca.ma\\\/#\\\/schema\\\/logo\\\/image\\\/\"},\"sameAs\":[\"https:\\\/\\\/www.facebook.com\\\/profile.php?id=61576678196717\",\"https:\\\/\\\/www.tiktok.com\\\/@vitablanca.ma\",\"https:\\\/\\\/www.instagram.com\\\/vitablanca.ma\\\/\"]}]}<\/script>\n<!-- \/ Yoast SEO plugin. -->","yoast_head_json":{"title":"Neutrogena Formule Norv\u00e9gienne Cr\u00e8me 100ml - Maroc Prix","description":"Neutrogena Formule Norv\u00e9gienne Cr\u00e8me Pieds Tr\u00e8s Secs et Ab\u00eem\u00e9s 100\u202fml. R\u00e9pare, hydrate et adoucit intens\u00e9ment les pieds rugueux et craquel\u00e9s","robots":{"index":"index","follow":"follow","max-snippet":"max-snippet:-1","max-image-preview":"max-image-preview:large","max-video-preview":"max-video-preview:-1"},"canonical":"https:\/\/vitablanca.ma\/ar\/product-2\/neutrogena-formule-norvegienne-creme-pieds-tres-secs-et-abimes-100ml\/","og_locale":"ar_AR","og_type":"article","og_title":"Neutrogena Formule Norv\u00e9gienne Cr\u00e8me 100ml - Maroc Prix","og_description":"Neutrogena Formule Norv\u00e9gienne Cr\u00e8me Pieds Tr\u00e8s Secs et Ab\u00eem\u00e9s 100\u202fml. R\u00e9pare, hydrate et adoucit intens\u00e9ment les pieds rugueux et craquel\u00e9s","og_url":"https:\/\/vitablanca.ma\/ar\/product-2\/neutrogena-formule-norvegienne-creme-pieds-tres-secs-et-abimes-100ml\/","og_site_name":"Vitablanca.ma &ndash; Sant&eacute;, vitalit&eacute; et bien-&ecirc;tre pour tous les Marocains","article_publisher":"https:\/\/www.facebook.com\/profile.php?id=61576678196717","article_modified_time":"2026-02-22T21:30:56+00:00","og_image":[{"width":1000,"height":1000,"url":"https:\/\/vitablanca.ma\/wp-content\/uploads\/2025\/06\/Neutrogena-Formule-Norvegienne-Creme-Pieds-Tres-Secs-Et-Abimes-100ml-novaparapharmacie-maroc.jpg","type":"image\/jpeg"}],"twitter_card":"summary_large_image","twitter_misc":{"\u0648\u0642\u062a \u0627\u0644\u0642\u0631\u0627\u0621\u0629 \u0627\u0644\u0645\u064f\u0642\u062f\u0651\u0631":"\u062f\u0642\u064a\u0642\u0629 \u0648\u0627\u062d\u062f\u0629"},"schema":{"@context":"https:\/\/schema.org","@graph":[{"@type":["WebPage","ItemPage"],"@id":"https:\/\/vitablanca.ma\/produit\/neutrogena-formule-norvegienne-creme-pieds-tres-secs-et-abimes-100ml\/","url":"https:\/\/vitablanca.ma\/produit\/neutrogena-formule-norvegienne-creme-pieds-tres-secs-et-abimes-100ml\/","name":"Neutrogena Formule Norv\u00e9gienne Cr\u00e8me 100ml - Maroc Prix","isPartOf":{"@id":"https:\/\/vitablanca.ma\/#website"},"primaryImageOfPage":{"@id":"https:\/\/vitablanca.ma\/produit\/neutrogena-formule-norvegienne-creme-pieds-tres-secs-et-abimes-100ml\/#primaryimage"},"image":{"@id":"https:\/\/vitablanca.ma\/produit\/neutrogena-formule-norvegienne-creme-pieds-tres-secs-et-abimes-100ml\/#primaryimage"},"thumbnailUrl":"https:\/\/vitablanca.ma\/wp-content\/uploads\/2025\/06\/Neutrogena-Formule-Norvegienne-Creme-Pieds-Tres-Secs-Et-Abimes-100ml-novaparapharmacie-maroc.jpg","datePublished":"2025-06-11T20:33:10+00:00","dateModified":"2026-02-22T21:30:56+00:00","description":"Neutrogena Formule Norv\u00e9gienne Cr\u00e8me Pieds Tr\u00e8s Secs et Ab\u00eem\u00e9s 100\u202fml. R\u00e9pare, hydrate et adoucit intens\u00e9ment les pieds rugueux et craquel\u00e9s","breadcrumb":{"@id":"https:\/\/vitablanca.ma\/produit\/neutrogena-formule-norvegienne-creme-pieds-tres-secs-et-abimes-100ml\/#breadcrumb"},"inLanguage":"ar","potentialAction":[{"@type":"ReadAction","target":["https:\/\/vitablanca.ma\/produit\/neutrogena-formule-norvegienne-creme-pieds-tres-secs-et-abimes-100ml\/"]}]},{"@type":"ImageObject","inLanguage":"ar","@id":"https:\/\/vitablanca.ma\/produit\/neutrogena-formule-norvegienne-creme-pieds-tres-secs-et-abimes-100ml\/#primaryimage","url":"https:\/\/vitablanca.ma\/wp-content\/uploads\/2025\/06\/Neutrogena-Formule-Norvegienne-Creme-Pieds-Tres-Secs-Et-Abimes-100ml-novaparapharmacie-maroc.jpg","contentUrl":"https:\/\/vitablanca.ma\/wp-content\/uploads\/2025\/06\/Neutrogena-Formule-Norvegienne-Creme-Pieds-Tres-Secs-Et-Abimes-100ml-novaparapharmacie-maroc.jpg","width":1000,"height":1000},{"@type":"BreadcrumbList","@id":"https:\/\/vitablanca.ma\/produit\/neutrogena-formule-norvegienne-creme-pieds-tres-secs-et-abimes-100ml\/#breadcrumb","itemListElement":[{"@type":"ListItem","position":1,"name":"Home","item":"https:\/\/vitablanca.ma\/"},{"@type":"ListItem","position":2,"name":"Tous Les Produits","item":"https:\/\/vitablanca.ma\/tous-les-produits\/"},{"@type":"ListItem","position":3,"name":"Neutrogena Formule Norv\u00e9gienne Cr\u00e8me Pieds Tr\u00e8s Secs Et Ab\u00eem\u00e9s 100ml"}]},{"@type":"WebSite","@id":"https:\/\/vitablanca.ma\/#website","url":"https:\/\/vitablanca.ma\/","name":"VitaBlanca.ma | \u0627\u0644\u0645\u0643\u0645\u0644\u0627\u062a \u0627\u0644\u063a\u0630\u0627\u0626\u064a\u0629\u060c \u0627\u0644\u0635\u062d\u0629 \u0648\u0627\u0644\u062c\u0645\u0627\u0644 \u0641\u064a \u0627\u0644\u0645\u063a\u0631\u0628","description":"\u0646\u0628\u064a\u0639 \u0641\u064a\u062a\u0627\u0645\u064a\u0646\u0627\u062a \u0648\u0645\u0643\u0645\u0644\u0627\u062a \u063a\u0630\u0627\u0626\u064a\u0629 \u0641\u0627\u062e\u0631\u0629 \u0645\u0646 \u0627\u0644\u0648\u0644\u0627\u064a\u0627\u062a \u0627\u0644\u0645\u062a\u062d\u062f\u0629 \u0627\u0644\u0623\u0645\u0631\u064a\u0643\u064a\u0629 \u0648\u0643\u0646\u062f\u0627 \u0648\u0646\u064a\u0648\u0632\u064a\u0644\u0646\u062f\u0627 \u0648\u0627\u0644\u0645\u063a\u0631\u0628 (\u0646\u0627\u0648 \u0641\u0648\u062f\u0632\u060c \u0633\u0648\u0644\u062c\u0627\u0631\u060c \u0645\u0627\u0646\u0648\u0643\u0627). \u062a\u0648\u0635\u064a\u0644 \u0633\u0631\u064a\u0639 \u0625\u0644\u0649 \u062c\u0645\u064a\u0639 \u0623\u0646\u062d\u0627\u0621 \u0627\u0644\u0645\u063a\u0631\u0628.","publisher":{"@id":"https:\/\/vitablanca.ma\/#organization"},"alternateName":"VitaBlanca.ma","potentialAction":[{"@type":"SearchAction","target":{"@type":"EntryPoint","urlTemplate":"https:\/\/vitablanca.ma\/?s={search_term_string}"},"query-input":{"@type":"PropertyValueSpecification","valueRequired":true,"valueName":"search_term_string"}}],"inLanguage":"ar"},{"@type":"Organization","@id":"https:\/\/vitablanca.ma\/#organization","name":"\u0641\u064a\u062a\u0627\u0628\u0644\u0627\u0646\u0643\u0627","url":"https:\/\/vitablanca.ma\/","logo":{"@type":"ImageObject","inLanguage":"ar","@id":"https:\/\/vitablanca.ma\/#\/schema\/logo\/image\/","url":"https:\/\/vitablanca.ma\/wp-content\/uploads\/2025\/05\/cropped-vitablanca.png","contentUrl":"https:\/\/vitablanca.ma\/wp-content\/uploads\/2025\/05\/cropped-vitablanca.png","width":360,"height":67,"caption":"VitaBlanca"},"image":{"@id":"https:\/\/vitablanca.ma\/#\/schema\/logo\/image\/"},"sameAs":["https:\/\/www.facebook.com\/profile.php?id=61576678196717","https:\/\/www.tiktok.com\/@vitablanca.ma","https:\/\/www.instagram.com\/vitablanca.ma\/"]}]}},"jetpack_sharing_enabled":true,"_links":{"self":[{"href":"https:\/\/vitablanca.ma\/ar\/wp-json\/wp\/v2\/product\/20709","targetHints":{"allow":["GET"]}}],"collection":[{"href":"https:\/\/vitablanca.ma\/ar\/wp-json\/wp\/v2\/product"}],"about":[{"href":"https:\/\/vitablanca.ma\/ar\/wp-json\/wp\/v2\/types\/product"}],"wp:featuredmedia":[{"embeddable":true,"href":"https:\/\/vitablanca.ma\/ar\/wp-json\/wp\/v2\/media\/20708"}],"wp:attachment":[{"href":"https:\/\/vitablanca.ma\/ar\/wp-json\/wp\/v2\/media?parent=20709"}],"wp:term":[{"taxonomy":"product_brand","embeddable":true,"href":"https:\/\/vitablanca.ma\/ar\/wp-json\/wp\/v2\/product_brand?post=20709"},{"taxonomy":"product_cat","embeddable":true,"href":"https:\/\/vitablanca.ma\/ar\/wp-json\/wp\/v2\/product_cat?post=20709"},{"taxonomy":"product_tag","embeddable":true,"href":"https:\/\/vitablanca.ma\/ar\/wp-json\/wp\/v2\/product_tag?post=20709"}],"curies":[{"name":"wp","href":"https:\/\/api.w.org\/{rel}","templated":true}]}}