{"id":20646,"date":"2025-06-10T18:41:57","date_gmt":"2025-06-10T18:41:57","guid":{"rendered":"https:\/\/vitablanca.ma\/product\/la-roche-posay-mela-b3-gel-micro-peeling-anti-taches-unifiant-eclat-200-ml\/"},"modified":"2025-12-17T19:08:28","modified_gmt":"2025-12-17T19:08:28","slug":"la-roche-posay-mela-b3-gel-micro-peeling-anti-taches-unifiant-eclat-200-ml","status":"publish","type":"product","link":"https:\/\/vitablanca.ma\/ar\/product-2\/la-roche-posay-mela-b3-gel-micro-peeling-anti-taches-unifiant-eclat-200-ml\/","title":{"rendered":"\u062c\u0644 \u0627\u0644\u062a\u0642\u0634\u064a\u0631 \u0627\u0644\u062f\u0642\u064a\u0642 \u0645\u064a\u0644\u0627 \u0628\u064a 3 \u0627\u0644\u0645\u0636\u0627\u062f \u0644\u0644\u0628\u0642\u0639 \u0627\u0644\u062f\u0627\u0643\u0646\u0629 \u0645\u0646 \u0644\u0627 \u0631\u0648\u0634 \u0628\u0648\u0632\u064a\u0647\u060c 200 \u0645\u0644"},"content":{"rendered":"<h1>\u062c\u0644 \u0627\u0644\u062a\u0642\u0634\u064a\u0631 \u0627\u0644\u062f\u0642\u064a\u0642 \u0645\u064a\u0644\u0627 \u0628\u064a 3 \u0627\u0644\u0645\u0636\u0627\u062f \u0644\u0644\u0628\u0642\u0639 \u0627\u0644\u062f\u0627\u0643\u0646\u0629 \u0645\u0646 \u0644\u0627 \u0631\u0648\u0634 \u0628\u0648\u0632\u064a\u0647\u060c 200 \u0645\u0644<\/h1>\n<p><span>Le Gel Micro Peeling Anti-T\u00e2ches Unifiant \u00c9clat Mela B3 de La Roche Posay, en flacon de 200 ml, est con\u00e7u pour am\u00e9liorer l\u2019\u00e9clat et l\u2019uniformit\u00e9 du teint tout en r\u00e9duisant visiblement les taches pigmentaires. Ce gel doux est parfait pour une utilisation quotidienne, offrant une action exfoliante sans agresser la peau. Sa formule enrichie en actifs puissants favorise un renouvellement cellulaire, laissant la peau plus lisse et radieuse.<\/span><\/p>\n<h3>\n<span>\u200b<\/span><b>\u0627\u0644\u0641\u0648\u0627\u0626\u062f:<\/b><br \/>\n<\/h3>\n<p><span>\u0645\u0646 \u0627\u0644\u0635\u0628\u0627\u062d \u0627\u0644\u0623\u0648\u0644 \u064a\u062a\u0645 \u062a\u062c\u062f\u064a\u062f \u0627\u0644\u0628\u0634\u0631\u0629.<\/span><br \/><span>\u0627\u0628\u062a\u062f\u0627\u0621\u064b \u0645\u0646 \u0627\u0644\u0623\u0633\u0628\u0648\u0639 \u0627\u0644\u0631\u0627\u0628\u0639\u060c \u064a\u0628\u062f\u0648 \u0644\u0648\u0646 \u0627\u0644\u0628\u0634\u0631\u0629 \u0623\u0643\u062b\u0631 \u062a\u0646\u0627\u0633\u0642\u064b\u0627:<\/span><br \/><span>83% \u062a\u0635\u0628\u062d \u0627\u0644\u0628\u0634\u0631\u0629 \u0623\u0643\u062b\u0631 \u0625\u0634\u0631\u0627\u0642\u064b\u0627 \u0628\u0634\u0643\u0644 \u0648\u0627\u0636\u062d<\/span><sup>2\u200b<\/sup><span>\u200b<\/span><br \/><span>94% \u062a\u0628\u062f\u0648 \u0627\u0644\u0628\u0642\u0639 \u0623\u0642\u0644 \u0648\u0636\u0648\u062d\u064b\u0627<\/span><sup>3<\/sup><br \/><span>-36% \u0631\u0624\u064a\u0629 \u0627\u0644\u0628\u0642\u0639 \u0645\u062b\u0628\u062a\u0629 \u0633\u0631\u064a\u0631\u064a\u064b\u0627<\/span><sup>4<\/sup><\/p>\n<h3><strong>\u0637\u0631\u064a\u0642\u0629 \u0627\u0644\u0627\u0633\u062a\u062e\u062f\u0627\u0645:<\/strong><\/h3>\n<ol>\n<li>\u064a\u062a\u0645 \u062a\u0637\u0628\u064a\u0642\u0647 \u0639\u0644\u0649 \u0627\u0644\u0628\u0634\u0631\u0629 \u0627\u0644\u0631\u0637\u0628\u0629 \u0643\u0644 \u0645\u0633\u0627\u0621.<\/li>\n<li>Massez doucement en mouvements circulaires, puis rincez abondamment \u00e0 l\u2019eau.<\/li>\n<li>\u062a\u062c\u0646\u0628\u064a \u0645\u0644\u0627\u0645\u0633\u0629 \u0627\u0644\u0639\u064a\u0646\u064a\u0646. \u0641\u064a \u062d\u0627\u0644\u0629 \u0645\u0644\u0627\u0645\u0633\u0629 \u0627\u0644\u0639\u064a\u0646\u064a\u0646\u060c \u0627\u0634\u0637\u0641\u064a\u0647\u0645\u0627 \u0641\u0648\u0631\u064b\u0627.<\/li>\n<li>\u0627\u0633\u062a\u062e\u062f\u0645\u064a \u0648\u0627\u0642\u064a \u0627\u0644\u0634\u0645\u0633 \u0641\u064a \u0627\u0644\u0635\u0628\u0627\u062d \u0644\u062d\u0645\u0627\u064a\u0629 \u0628\u0634\u0631\u062a\u0643 \u0645\u0646 \u0627\u0644\u062a\u0623\u062b\u064a\u0631\u0627\u062a \u0627\u0644\u0635\u0628\u063a\u064a\u0629 \u0644\u0644\u0634\u0645\u0633.<\/li>\n<li>\u0645\u0646 \u0627\u0644\u0645\u0633\u062a\u062d\u0633\u0646 \u0627\u062e\u062a\u0628\u0627\u0631 \u0627\u0644\u0645\u0646\u062a\u062c \u0639\u0644\u0649 \u0645\u0633\u0627\u062d\u0629 \u0635\u063a\u064a\u0631\u0629 \u0645\u0646 \u0627\u0644\u062c\u0644\u062f \u0642\u0628\u0644 \u0627\u0644\u0627\u0633\u062a\u062e\u062f\u0627\u0645 \u0627\u0644\u0623\u0648\u0644 \u0644\u062a\u062c\u0646\u0628 \u0623\u064a \u0631\u062f \u0641\u0639\u0644 \u062a\u062d\u0633\u0633\u064a.<\/li>\n<\/ol>\n<ul><\/ul>\n<h3><strong><span>\u200b<\/span><b>\u0627\u0644\u0645\u0634\u0627\u0643\u0644 \u0627\u0644\u0645\u0633\u062a\u0647\u062f\u0641\u0629 <\/b>:\u00a0<\/strong><\/h3>\n<p>\u0627\u0644\u0628\u0642\u0639 \u0627\u0644\u062f\u0627\u0643\u0646\u0629\u060c \u0628\u0642\u0639 \u0627\u0644\u0634\u064a\u062e\u0648\u062e\u0629\u060c \u0628\u0642\u0639 \u0627\u0644\u0634\u0645\u0633\u060c \u0627\u0644\u0643\u0644\u0641\u060c \u0641\u0631\u0637 \u0627\u0644\u062a\u0635\u0628\u063a\u060c \u0639\u0644\u0627\u0645\u0627\u062a \u0645\u0627 \u0628\u0639\u062f \u062d\u0628 \u0627\u0644\u0634\u0628\u0627\u0628\u060c \u0644\u0648\u0646 \u0627\u0644\u0628\u0634\u0631\u0629 \u0627\u0644\u0628\u0627\u0647\u062a \u0648\u063a\u064a\u0631 \u0627\u0644\u0645\u062a\u0633\u0627\u0648\u064a.<\/p>\n<h3>\n<span>\u200b\u200b<\/span><b>\u0646\u0648\u0639 \u0627\u0644\u0628\u0634\u0631\u0629:<\/b><br \/>\n<\/h3>\n<p><b><span>\u0644\u062c\u0645\u064a\u0639 \u0623\u0646\u0648\u0627\u0639 \u0627\u0644\u0628\u0634\u0631\u0629 \u0648\u062f\u0631\u062c\u0627\u062a\u0647\u0627. \u0644\u0644\u0648\u062c\u0647\u060c \u0648\u0627\u0644\u0631\u0642\u0628\u0629\u060c \u0648\u0645\u0646\u0637\u0642\u0629 \u0623\u0639\u0644\u0649 \u0627\u0644\u0635\u062f\u0631\u060c \u0648\u0627\u0644\u064a\u062f\u064a\u0646 \u0639\u0646\u062f \u0627\u0644\u062d\u0627\u062c\u0629.<\/span><\/b><strong><\/strong><\/p>\n<p style=\"text-align: center\">D\u00e9couvrez Rp Mela B3 gel micro-peeling, un produit soigneusement s\u00e9lectionn\u00e9 pour r\u00e9pondre \u00e0 vos besoins sp\u00e9cifiques, et vivez une exp\u00e9rience d\u2019achat exceptionnelle sur notre site, <strong>Vita Blanca Parapharmacie Maroc<\/strong><\/p>\n<ul><\/ul>","protected":false},"excerpt":{"rendered":"<p>La Roche Posay Mela B3 Gel Micro Peeling Anti-T\u00e2ches Unifiant \u00c9clat 200 Ml Le Gel Micro Peeling Anti-T\u00e2ches Unifiant \u00c9clat Mela B3 de La Roche Posay, en flacon de 200 ml, est con\u00e7u pour am\u00e9liorer l\u2019\u00e9clat et l\u2019uniformit\u00e9 du teint tout en r\u00e9duisant visiblement les taches pigmentaires. Ce gel doux est parfait pour une utilisation [&hellip;]<\/p>\n","protected":false},"featured_media":20639,"template":"","meta":[],"product_brand":[3456],"product_cat":[18],"product_tag":[3459,3471,3473,3468,3472,3470,3474,3462,3464,3460,3465,3461,3457,3466,3469,3458,3463,3467],"class_list":{"0":"post-20646","1":"product","2":"type-product","3":"status-publish","4":"has-post-thumbnail","6":"product_brand-la-roche-posay-maroc-prix","7":"product_cat-beaute-sante","8":"product_tag-acheter-la-roche-posay-en-ligne-maroc","9":"product_tag-anthelios-maroc","10":"product_tag-cosmetiques-maroc","11":"product_tag-creme-solaire-maroc","12":"product_tag-dermatologie-maroc","13":"product_tag-effaclar-maroc","14":"product_tag-hydratation-peau","15":"product_tag-la-roche-posay-acne-maroc","16":"product_tag-la-roche-posay-anthelios-maroc","17":"product_tag-la-roche-posay-creme-solaire-maroc","18":"product_tag-la-roche-posay-effaclar-maroc","19":"product_tag-la-roche-posay-hydratant-visage-maroc","20":"product_tag-la-roche-posay-maroc","21":"product_tag-la-roche-posay-maroc-prix","22":"product_tag-peau-sensible-maroc","23":"product_tag-produits-la-roche-posay-maroc","24":"product_tag-serum-la-roche-posay-maroc","25":"product_tag-soins-visage-maroc","27":"first","28":"instock","29":"sale","30":"taxable","31":"shipping-taxable","32":"purchasable","33":"product-type-simple"},"yoast_head":"<!-- This site is optimized with the Yoast SEO plugin v27.6 - https:\/\/yoast.com\/product\/yoast-seo-wordpress\/ -->\n<title>La Roche Posay Mela B3 Gel Micro Peeling Anti-T\u00e2ches Unifiant \u00c9clat 200 Ml - Maroc Prix<\/title>\n<meta name=\"description\" content=\"D\u00e9couvrez le La Roche-Posay Mela B3 Gel Micro Peeling Anti-T\u00e2ches Unifiant \u00c9clat 200 ml. R\u00e9duit les taches, uniformise le teint et illumine la peau au Maroc\" \/>\n<meta name=\"robots\" content=\"index, follow, max-snippet:-1, max-image-preview:large, max-video-preview:-1\" \/>\n<link rel=\"canonical\" href=\"https:\/\/vitablanca.ma\/ar\/product-2\/la-roche-posay-mela-b3-gel-micro-peeling-anti-taches-unifiant-eclat-200-ml\/\" \/>\n<meta property=\"og:locale\" content=\"ar_AR\" \/>\n<meta property=\"og:type\" content=\"article\" \/>\n<meta property=\"og:title\" content=\"La Roche Posay Mela B3 Gel Micro Peeling Anti-T\u00e2ches Unifiant \u00c9clat 200 Ml - Maroc Prix\" \/>\n<meta property=\"og:description\" content=\"D\u00e9couvrez le La Roche-Posay Mela B3 Gel Micro Peeling Anti-T\u00e2ches Unifiant \u00c9clat 200 ml. R\u00e9duit les taches, uniformise le teint et illumine la peau au Maroc\" \/>\n<meta property=\"og:url\" content=\"https:\/\/vitablanca.ma\/ar\/product-2\/la-roche-posay-mela-b3-gel-micro-peeling-anti-taches-unifiant-eclat-200-ml\/\" \/>\n<meta property=\"og:site_name\" content=\"Vitablanca.ma &ndash; Sant&eacute;, vitalit&eacute; et bien-&ecirc;tre pour tous les Marocains\" \/>\n<meta property=\"article:publisher\" content=\"https:\/\/www.facebook.com\/profile.php?id=61576678196717\" \/>\n<meta property=\"article:modified_time\" content=\"2025-12-17T19:08:28+00:00\" \/>\n<meta property=\"og:image\" content=\"https:\/\/vitablanca.ma\/wp-content\/uploads\/2025\/06\/2099745564-Nova-para-prix-Maroc.jpg\" \/>\n\t<meta property=\"og:image:width\" content=\"1578\" \/>\n\t<meta property=\"og:image:height\" content=\"1578\" \/>\n\t<meta property=\"og:image:type\" content=\"image\/jpeg\" \/>\n<meta name=\"twitter:card\" content=\"summary_large_image\" \/>\n<meta name=\"twitter:label1\" content=\"\u0648\u0642\u062a \u0627\u0644\u0642\u0631\u0627\u0621\u0629 \u0627\u0644\u0645\u064f\u0642\u062f\u0651\u0631\" \/>\n\t<meta name=\"twitter:data1\" content=\"\u062f\u0642\u064a\u0642\u062a\u0627\u0646\" \/>\n<script type=\"application\/ld+json\" class=\"yoast-schema-graph\">{\"@context\":\"https:\\\/\\\/schema.org\",\"@graph\":[{\"@type\":[\"WebPage\",\"ItemPage\"],\"@id\":\"https:\\\/\\\/vitablanca.ma\\\/produit\\\/la-roche-posay-mela-b3-gel-micro-peeling-anti-taches-unifiant-eclat-200-ml\\\/\",\"url\":\"https:\\\/\\\/vitablanca.ma\\\/produit\\\/la-roche-posay-mela-b3-gel-micro-peeling-anti-taches-unifiant-eclat-200-ml\\\/\",\"name\":\"La Roche Posay Mela B3 Gel Micro Peeling Anti-T\u00e2ches Unifiant \u00c9clat 200 Ml - Maroc Prix\",\"isPartOf\":{\"@id\":\"https:\\\/\\\/vitablanca.ma\\\/#website\"},\"primaryImageOfPage\":{\"@id\":\"https:\\\/\\\/vitablanca.ma\\\/produit\\\/la-roche-posay-mela-b3-gel-micro-peeling-anti-taches-unifiant-eclat-200-ml\\\/#primaryimage\"},\"image\":{\"@id\":\"https:\\\/\\\/vitablanca.ma\\\/produit\\\/la-roche-posay-mela-b3-gel-micro-peeling-anti-taches-unifiant-eclat-200-ml\\\/#primaryimage\"},\"thumbnailUrl\":\"https:\\\/\\\/vitablanca.ma\\\/wp-content\\\/uploads\\\/2025\\\/06\\\/2099745564-Nova-para-prix-Maroc.jpg\",\"datePublished\":\"2025-06-10T18:41:57+00:00\",\"dateModified\":\"2025-12-17T19:08:28+00:00\",\"description\":\"D\u00e9couvrez le La Roche-Posay Mela B3 Gel Micro Peeling Anti-T\u00e2ches Unifiant \u00c9clat 200 ml. R\u00e9duit les taches, uniformise le teint et illumine la peau au Maroc\",\"breadcrumb\":{\"@id\":\"https:\\\/\\\/vitablanca.ma\\\/produit\\\/la-roche-posay-mela-b3-gel-micro-peeling-anti-taches-unifiant-eclat-200-ml\\\/#breadcrumb\"},\"inLanguage\":\"ar\",\"potentialAction\":[{\"@type\":\"ReadAction\",\"target\":[\"https:\\\/\\\/vitablanca.ma\\\/produit\\\/la-roche-posay-mela-b3-gel-micro-peeling-anti-taches-unifiant-eclat-200-ml\\\/\"]}]},{\"@type\":\"ImageObject\",\"inLanguage\":\"ar\",\"@id\":\"https:\\\/\\\/vitablanca.ma\\\/produit\\\/la-roche-posay-mela-b3-gel-micro-peeling-anti-taches-unifiant-eclat-200-ml\\\/#primaryimage\",\"url\":\"https:\\\/\\\/vitablanca.ma\\\/wp-content\\\/uploads\\\/2025\\\/06\\\/2099745564-Nova-para-prix-Maroc.jpg\",\"contentUrl\":\"https:\\\/\\\/vitablanca.ma\\\/wp-content\\\/uploads\\\/2025\\\/06\\\/2099745564-Nova-para-prix-Maroc.jpg\",\"width\":1578,\"height\":1578},{\"@type\":\"BreadcrumbList\",\"@id\":\"https:\\\/\\\/vitablanca.ma\\\/produit\\\/la-roche-posay-mela-b3-gel-micro-peeling-anti-taches-unifiant-eclat-200-ml\\\/#breadcrumb\",\"itemListElement\":[{\"@type\":\"ListItem\",\"position\":1,\"name\":\"Home\",\"item\":\"https:\\\/\\\/vitablanca.ma\\\/\"},{\"@type\":\"ListItem\",\"position\":2,\"name\":\"Tous Les Produits\",\"item\":\"https:\\\/\\\/vitablanca.ma\\\/tous-les-produits\\\/\"},{\"@type\":\"ListItem\",\"position\":3,\"name\":\"La Roche Posay Mela B3 Gel Micro Peeling Anti-T\u00e2ches Unifiant \u00c9clat 200 Ml\"}]},{\"@type\":\"WebSite\",\"@id\":\"https:\\\/\\\/vitablanca.ma\\\/#website\",\"url\":\"https:\\\/\\\/vitablanca.ma\\\/\",\"name\":\"VitaBlanca.ma | Compl\u00e9ments alimentaires, sant\u00e9 & beaut\u00e9 au Maroc\",\"description\":\"vendre vitamines et compl\u00e9ments premium des USA &amp; Canada, Nouvelle Z\u00e9lande,Maroc (NOW Foods, Solgar, Manuka). Livraison rapide partout au Maroc.\",\"publisher\":{\"@id\":\"https:\\\/\\\/vitablanca.ma\\\/#organization\"},\"alternateName\":\"VitaBlanca.ma\",\"potentialAction\":[{\"@type\":\"SearchAction\",\"target\":{\"@type\":\"EntryPoint\",\"urlTemplate\":\"https:\\\/\\\/vitablanca.ma\\\/?s={search_term_string}\"},\"query-input\":{\"@type\":\"PropertyValueSpecification\",\"valueRequired\":true,\"valueName\":\"search_term_string\"}}],\"inLanguage\":\"ar\"},{\"@type\":\"Organization\",\"@id\":\"https:\\\/\\\/vitablanca.ma\\\/#organization\",\"name\":\"VitaBlanca\",\"url\":\"https:\\\/\\\/vitablanca.ma\\\/\",\"logo\":{\"@type\":\"ImageObject\",\"inLanguage\":\"ar\",\"@id\":\"https:\\\/\\\/vitablanca.ma\\\/#\\\/schema\\\/logo\\\/image\\\/\",\"url\":\"https:\\\/\\\/vitablanca.ma\\\/wp-content\\\/uploads\\\/2025\\\/05\\\/cropped-vitablanca.png\",\"contentUrl\":\"https:\\\/\\\/vitablanca.ma\\\/wp-content\\\/uploads\\\/2025\\\/05\\\/cropped-vitablanca.png\",\"width\":360,\"height\":67,\"caption\":\"VitaBlanca\"},\"image\":{\"@id\":\"https:\\\/\\\/vitablanca.ma\\\/#\\\/schema\\\/logo\\\/image\\\/\"},\"sameAs\":[\"https:\\\/\\\/www.facebook.com\\\/profile.php?id=61576678196717\",\"https:\\\/\\\/www.tiktok.com\\\/@vitablanca.ma\",\"https:\\\/\\\/www.instagram.com\\\/vitablanca.ma\\\/\"]}]}<\/script>\n<!-- \/ Yoast SEO plugin. -->","yoast_head_json":{"title":"\u062c\u0644 \u0627\u0644\u062a\u0642\u0634\u064a\u0631 \u0627\u0644\u062f\u0642\u064a\u0642 \u0645\u064a\u0644\u0627 \u0628\u064a 3 \u0627\u0644\u0645\u0636\u0627\u062f \u0644\u0644\u0628\u0642\u0639 \u0627\u0644\u062f\u0627\u0643\u0646\u0629 \u0645\u0646 \u0644\u0627\u0631\u0648\u0634 \u0628\u0648\u0632\u064a\u0647\u060c 200 \u0645\u0644 - \u0633\u0639\u0631 \u0627\u0644\u0645\u063a\u0631\u0628","description":"D\u00e9couvrez le La Roche-Posay Mela B3 Gel Micro Peeling Anti-T\u00e2ches Unifiant \u00c9clat 200 ml. R\u00e9duit les taches, uniformise le teint et illumine la peau au Maroc","robots":{"index":"index","follow":"follow","max-snippet":"max-snippet:-1","max-image-preview":"max-image-preview:large","max-video-preview":"max-video-preview:-1"},"canonical":"https:\/\/vitablanca.ma\/ar\/product-2\/la-roche-posay-mela-b3-gel-micro-peeling-anti-taches-unifiant-eclat-200-ml\/","og_locale":"ar_AR","og_type":"article","og_title":"La Roche Posay Mela B3 Gel Micro Peeling Anti-T\u00e2ches Unifiant \u00c9clat 200 Ml - Maroc Prix","og_description":"D\u00e9couvrez le La Roche-Posay Mela B3 Gel Micro Peeling Anti-T\u00e2ches Unifiant \u00c9clat 200 ml. R\u00e9duit les taches, uniformise le teint et illumine la peau au Maroc","og_url":"https:\/\/vitablanca.ma\/ar\/product-2\/la-roche-posay-mela-b3-gel-micro-peeling-anti-taches-unifiant-eclat-200-ml\/","og_site_name":"Vitablanca.ma &ndash; Sant&eacute;, vitalit&eacute; et bien-&ecirc;tre pour tous les Marocains","article_publisher":"https:\/\/www.facebook.com\/profile.php?id=61576678196717","article_modified_time":"2025-12-17T19:08:28+00:00","og_image":[{"width":1578,"height":1578,"url":"https:\/\/vitablanca.ma\/wp-content\/uploads\/2025\/06\/2099745564-Nova-para-prix-Maroc.jpg","type":"image\/jpeg"}],"twitter_card":"summary_large_image","twitter_misc":{"\u0648\u0642\u062a \u0627\u0644\u0642\u0631\u0627\u0621\u0629 \u0627\u0644\u0645\u064f\u0642\u062f\u0651\u0631":"\u062f\u0642\u064a\u0642\u062a\u0627\u0646"},"schema":{"@context":"https:\/\/schema.org","@graph":[{"@type":["WebPage","ItemPage"],"@id":"https:\/\/vitablanca.ma\/produit\/la-roche-posay-mela-b3-gel-micro-peeling-anti-taches-unifiant-eclat-200-ml\/","url":"https:\/\/vitablanca.ma\/produit\/la-roche-posay-mela-b3-gel-micro-peeling-anti-taches-unifiant-eclat-200-ml\/","name":"\u062c\u0644 \u0627\u0644\u062a\u0642\u0634\u064a\u0631 \u0627\u0644\u062f\u0642\u064a\u0642 \u0645\u064a\u0644\u0627 \u0628\u064a 3 \u0627\u0644\u0645\u0636\u0627\u062f \u0644\u0644\u0628\u0642\u0639 \u0627\u0644\u062f\u0627\u0643\u0646\u0629 \u0645\u0646 \u0644\u0627\u0631\u0648\u0634 \u0628\u0648\u0632\u064a\u0647\u060c 200 \u0645\u0644 - \u0633\u0639\u0631 \u0627\u0644\u0645\u063a\u0631\u0628","isPartOf":{"@id":"https:\/\/vitablanca.ma\/#website"},"primaryImageOfPage":{"@id":"https:\/\/vitablanca.ma\/produit\/la-roche-posay-mela-b3-gel-micro-peeling-anti-taches-unifiant-eclat-200-ml\/#primaryimage"},"image":{"@id":"https:\/\/vitablanca.ma\/produit\/la-roche-posay-mela-b3-gel-micro-peeling-anti-taches-unifiant-eclat-200-ml\/#primaryimage"},"thumbnailUrl":"https:\/\/vitablanca.ma\/wp-content\/uploads\/2025\/06\/2099745564-Nova-para-prix-Maroc.jpg","datePublished":"2025-06-10T18:41:57+00:00","dateModified":"2025-12-17T19:08:28+00:00","description":"D\u00e9couvrez le La Roche-Posay Mela B3 Gel Micro Peeling Anti-T\u00e2ches Unifiant \u00c9clat 200 ml. R\u00e9duit les taches, uniformise le teint et illumine la peau au Maroc","breadcrumb":{"@id":"https:\/\/vitablanca.ma\/produit\/la-roche-posay-mela-b3-gel-micro-peeling-anti-taches-unifiant-eclat-200-ml\/#breadcrumb"},"inLanguage":"ar","potentialAction":[{"@type":"ReadAction","target":["https:\/\/vitablanca.ma\/produit\/la-roche-posay-mela-b3-gel-micro-peeling-anti-taches-unifiant-eclat-200-ml\/"]}]},{"@type":"ImageObject","inLanguage":"ar","@id":"https:\/\/vitablanca.ma\/produit\/la-roche-posay-mela-b3-gel-micro-peeling-anti-taches-unifiant-eclat-200-ml\/#primaryimage","url":"https:\/\/vitablanca.ma\/wp-content\/uploads\/2025\/06\/2099745564-Nova-para-prix-Maroc.jpg","contentUrl":"https:\/\/vitablanca.ma\/wp-content\/uploads\/2025\/06\/2099745564-Nova-para-prix-Maroc.jpg","width":1578,"height":1578},{"@type":"BreadcrumbList","@id":"https:\/\/vitablanca.ma\/produit\/la-roche-posay-mela-b3-gel-micro-peeling-anti-taches-unifiant-eclat-200-ml\/#breadcrumb","itemListElement":[{"@type":"ListItem","position":1,"name":"Home","item":"https:\/\/vitablanca.ma\/"},{"@type":"ListItem","position":2,"name":"Tous Les Produits","item":"https:\/\/vitablanca.ma\/tous-les-produits\/"},{"@type":"ListItem","position":3,"name":"La Roche Posay Mela B3 Gel Micro Peeling Anti-T\u00e2ches Unifiant \u00c9clat 200 Ml"}]},{"@type":"WebSite","@id":"https:\/\/vitablanca.ma\/#website","url":"https:\/\/vitablanca.ma\/","name":"VitaBlanca.ma | \u0627\u0644\u0645\u0643\u0645\u0644\u0627\u062a \u0627\u0644\u063a\u0630\u0627\u0626\u064a\u0629\u060c \u0627\u0644\u0635\u062d\u0629 \u0648\u0627\u0644\u062c\u0645\u0627\u0644 \u0641\u064a \u0627\u0644\u0645\u063a\u0631\u0628","description":"\u0646\u0628\u064a\u0639 \u0641\u064a\u062a\u0627\u0645\u064a\u0646\u0627\u062a \u0648\u0645\u0643\u0645\u0644\u0627\u062a \u063a\u0630\u0627\u0626\u064a\u0629 \u0641\u0627\u062e\u0631\u0629 \u0645\u0646 \u0627\u0644\u0648\u0644\u0627\u064a\u0627\u062a \u0627\u0644\u0645\u062a\u062d\u062f\u0629 \u0627\u0644\u0623\u0645\u0631\u064a\u0643\u064a\u0629 \u0648\u0643\u0646\u062f\u0627 \u0648\u0646\u064a\u0648\u0632\u064a\u0644\u0646\u062f\u0627 \u0648\u0627\u0644\u0645\u063a\u0631\u0628 (\u0646\u0627\u0648 \u0641\u0648\u062f\u0632\u060c \u0633\u0648\u0644\u062c\u0627\u0631\u060c \u0645\u0627\u0646\u0648\u0643\u0627). \u062a\u0648\u0635\u064a\u0644 \u0633\u0631\u064a\u0639 \u0625\u0644\u0649 \u062c\u0645\u064a\u0639 \u0623\u0646\u062d\u0627\u0621 \u0627\u0644\u0645\u063a\u0631\u0628.","publisher":{"@id":"https:\/\/vitablanca.ma\/#organization"},"alternateName":"VitaBlanca.ma","potentialAction":[{"@type":"SearchAction","target":{"@type":"EntryPoint","urlTemplate":"https:\/\/vitablanca.ma\/?s={search_term_string}"},"query-input":{"@type":"PropertyValueSpecification","valueRequired":true,"valueName":"search_term_string"}}],"inLanguage":"ar"},{"@type":"Organization","@id":"https:\/\/vitablanca.ma\/#organization","name":"\u0641\u064a\u062a\u0627\u0628\u0644\u0627\u0646\u0643\u0627","url":"https:\/\/vitablanca.ma\/","logo":{"@type":"ImageObject","inLanguage":"ar","@id":"https:\/\/vitablanca.ma\/#\/schema\/logo\/image\/","url":"https:\/\/vitablanca.ma\/wp-content\/uploads\/2025\/05\/cropped-vitablanca.png","contentUrl":"https:\/\/vitablanca.ma\/wp-content\/uploads\/2025\/05\/cropped-vitablanca.png","width":360,"height":67,"caption":"VitaBlanca"},"image":{"@id":"https:\/\/vitablanca.ma\/#\/schema\/logo\/image\/"},"sameAs":["https:\/\/www.facebook.com\/profile.php?id=61576678196717","https:\/\/www.tiktok.com\/@vitablanca.ma","https:\/\/www.instagram.com\/vitablanca.ma\/"]}]}},"jetpack_sharing_enabled":true,"_links":{"self":[{"href":"https:\/\/vitablanca.ma\/ar\/wp-json\/wp\/v2\/product\/20646","targetHints":{"allow":["GET"]}}],"collection":[{"href":"https:\/\/vitablanca.ma\/ar\/wp-json\/wp\/v2\/product"}],"about":[{"href":"https:\/\/vitablanca.ma\/ar\/wp-json\/wp\/v2\/types\/product"}],"wp:featuredmedia":[{"embeddable":true,"href":"https:\/\/vitablanca.ma\/ar\/wp-json\/wp\/v2\/media\/20639"}],"wp:attachment":[{"href":"https:\/\/vitablanca.ma\/ar\/wp-json\/wp\/v2\/media?parent=20646"}],"wp:term":[{"taxonomy":"product_brand","embeddable":true,"href":"https:\/\/vitablanca.ma\/ar\/wp-json\/wp\/v2\/product_brand?post=20646"},{"taxonomy":"product_cat","embeddable":true,"href":"https:\/\/vitablanca.ma\/ar\/wp-json\/wp\/v2\/product_cat?post=20646"},{"taxonomy":"product_tag","embeddable":true,"href":"https:\/\/vitablanca.ma\/ar\/wp-json\/wp\/v2\/product_tag?post=20646"}],"curies":[{"name":"wp","href":"https:\/\/api.w.org\/{rel}","templated":true}]}}