{"id":20628,"date":"2025-06-10T18:41:25","date_gmt":"2025-06-10T18:41:25","guid":{"rendered":"https:\/\/vitablanca.ma\/product\/manix-gel-massage-stimulant-200ml\/"},"modified":"2026-02-22T21:46:27","modified_gmt":"2026-02-22T21:46:27","slug":"manix-gel-massage-stimulant-200ml","status":"publish","type":"product","link":"https:\/\/vitablanca.ma\/ar\/product-2\/manix-gel-massage-stimulant-200ml\/","title":{"rendered":"\u062c\u0644 \u0627\u0644\u062a\u062f\u0644\u064a\u0643 \u0627\u0644\u0645\u062d\u0641\u0632 \u0645\u0627\u0646\u064a\u0643\u0633 200 \u0645\u0644"},"content":{"rendered":"<h2>\u062c\u0644 \u0627\u0644\u062a\u062f\u0644\u064a\u0643 \u0627\u0644\u0645\u062d\u0641\u0632 \u0645\u0627\u0646\u064a\u0643\u0633 200 \u0645\u0644<\/h2>\n<p>\u062c\u0644 \u0627\u0644\u062a\u062f\u0644\u064a\u0643 \u0627\u0644\u0645\u062d\u0641\u0632 \u0645\u0646 \u0645\u0627\u0646\u064a\u0643\u0633 \u0645\u062b\u0627\u0644\u064a \u0644\u062a\u0633\u0647\u064a\u0644 \u062a\u062f\u0644\u064a\u0643 \u0627\u0644\u062c\u0633\u0645\u060c \u0648\u064a\u0645\u0643\u0646 \u062a\u0637\u0628\u064a\u0642\u0647 \u0639\u0644\u0649 \u062c\u0645\u064a\u0639 \u0623\u062c\u0632\u0627\u0621 \u0627\u0644\u062c\u0633\u0645\u060c \u062d\u062a\u0649 \u0627\u0644\u0623\u062c\u0632\u0627\u0621 \u0627\u0644\u0623\u0643\u062b\u0631 \u062d\u0645\u064a\u0645\u064a\u0629.<\/p>\n<p>\u062a\u0631\u0643\u064a\u0628\u062a\u0647 \u062a\u0645\u0646\u062d \u0625\u062d\u0633\u0627\u0633\u064b\u0627 \u062f\u0627\u0641\u0626\u064b\u0627 \u0648\u0644\u0637\u064a\u0641\u064b\u0627 \u0644\u062a\u062d\u0641\u064a\u0632 \u0627\u0644\u0634\u0631\u064a\u0643\u064a\u0646. \u062a\u0631\u0643\u064a\u0628\u062a\u0647\u060c \u0627\u0644\u0645\u064f\u0633\u062a\u062e\u0644\u0635\u0629 \u0645\u0646 \u0627\u0644\u0632\u0646\u062c\u0628\u064a\u0644\u060c \u062a\u0636\u0645\u0646 \u0644\u062d\u0638\u0627\u062a \u0645\u0646 \u0627\u0644\u0645\u062a\u0639\u0629 \u0648\u0627\u0644\u0625\u062b\u0627\u0631\u0629.<\/p>\n<ul>\n<li>\u062a\u0623\u062b\u064a\u0631 \u062f\u0627\u0641\u0626 \u0648\u0645\u062d\u0641\u0632<\/li>\n<li>\u0642\u0627\u0628\u0644 \u0644\u0644\u0630\u0648\u0628\u0627\u0646 \u0641\u064a \u0627\u0644\u0645\u0627\u0621<\/li>\n<li>\u0644\u0627 \u064a\u0644\u062a\u0635\u0642<\/li>\n<li>\u062e\u0627\u0644\u064a \u0645\u0646 \u0627\u0644\u0645\u0648\u0627\u062f \u0627\u0644\u062d\u0627\u0641\u0638\u0629<\/li>\n<li>\u0645\u062a\u0648\u0627\u0641\u0642 \u0645\u0639 \u0627\u0644\u0648\u0627\u0642\u064a \u0627\u0644\u0630\u0643\u0631\u064a<\/li>\n<li>\u062a\u0645 \u0627\u062e\u062a\u0628\u0627\u0631\u0647 \u0645\u0646 \u0642\u0628\u0644 \u0623\u0637\u0628\u0627\u0621 \u0627\u0644\u062c\u0644\u062f\u064a\u0629<\/li>\n<li>\u062f\u0631\u062c\u0629 \u0627\u0644\u062d\u0645\u0648\u0636\u0629 \u0627\u0644\u0645\u062d\u0627\u064a\u062f\u0629<\/li>\n<\/ul>","protected":false},"excerpt":{"rendered":"<p>Manix Gel Massage Stimulant 200ml Id\u00e9al pour faciliter les massages corporels, le gel de massage stimulant Manix peut \u00eatre appliqu\u00e9 sur toutes les parties du corps m\u00eame les plus intimes. Sa formule offre une douce sensation de chaleur pour stimuler les deux partenaires. Sa composition \u00e0 base d&rsquo;extrait de gingembre promet des moments de plaisir [&hellip;]<\/p>\n","protected":false},"featured_media":20626,"template":"","meta":{"om_disable_all_campaigns":false},"product_brand":[5519],"product_cat":[15],"product_tag":[5523,5520,5522,5527,5528,5521,5524,5526,5525],"class_list":{"0":"post-20628","1":"product","2":"type-product","3":"status-publish","4":"has-post-thumbnail","6":"product_brand-manix-maroc-prix","7":"product_cat-beaute-sante-complements-alimentaires-soins-et-bien-etre-au-meilleur-prix","8":"product_tag-acheter-manix-maroc","9":"product_tag-manix-maroc","10":"product_tag-manix-original-maroc","11":"product_tag-manix-prix-maroc","12":"product_tag-marque-manix-maroc","13":"product_tag-preservatif-manix-maroc","14":"product_tag-preservatifs-maroc","15":"product_tag-protection-intime-maroc","16":"product_tag-sexualite-responsable-maroc","18":"first","19":"instock","20":"sale","21":"taxable","22":"shipping-taxable","23":"purchasable","24":"product-type-simple"},"yoast_head":"<!-- This site is optimized with the Yoast SEO plugin v27.4 - https:\/\/yoast.com\/product\/yoast-seo-wordpress\/ -->\n<title>Manix Gel Massage Stimulant 200ml - Maroc Prix<\/title>\n<meta name=\"description\" content=\"Manix Gel Massage Stimulant 200\u202fml, gel sensuel pour massage intime. Hydrate, adoucit la peau et offre une glisse douce pour des moments intimes prolong\u00e9s.\" \/>\n<meta name=\"robots\" content=\"index, follow, max-snippet:-1, max-image-preview:large, max-video-preview:-1\" \/>\n<link rel=\"canonical\" href=\"https:\/\/vitablanca.ma\/ar\/product-2\/manix-gel-massage-stimulant-200ml\/\" \/>\n<meta property=\"og:locale\" content=\"ar_AR\" \/>\n<meta property=\"og:type\" content=\"article\" \/>\n<meta property=\"og:title\" content=\"Manix Gel Massage Stimulant 200ml - Maroc Prix\" \/>\n<meta property=\"og:description\" content=\"Manix Gel Massage Stimulant 200\u202fml, gel sensuel pour massage intime. Hydrate, adoucit la peau et offre une glisse douce pour des moments intimes prolong\u00e9s.\" \/>\n<meta property=\"og:url\" content=\"https:\/\/vitablanca.ma\/ar\/product-2\/manix-gel-massage-stimulant-200ml\/\" \/>\n<meta property=\"og:site_name\" content=\"Vitablanca.ma &ndash; Sant&eacute;, vitalit&eacute; et bien-&ecirc;tre pour tous les Marocains\" \/>\n<meta property=\"article:publisher\" content=\"https:\/\/www.facebook.com\/profile.php?id=61576678196717\" \/>\n<meta property=\"article:modified_time\" content=\"2026-02-22T21:46:27+00:00\" \/>\n<meta property=\"og:image\" content=\"https:\/\/vitablanca.ma\/wp-content\/uploads\/2025\/06\/Manix-Gel-Massage-Stimulant-200ml-Parapharmacie-Casablanca-Maroc-Prix.jpg\" \/>\n\t<meta property=\"og:image:width\" content=\"1000\" \/>\n\t<meta property=\"og:image:height\" content=\"1000\" \/>\n\t<meta property=\"og:image:type\" content=\"image\/jpeg\" \/>\n<meta name=\"twitter:card\" content=\"summary_large_image\" \/>\n<meta name=\"twitter:label1\" content=\"\u0648\u0642\u062a \u0627\u0644\u0642\u0631\u0627\u0621\u0629 \u0627\u0644\u0645\u064f\u0642\u062f\u0651\u0631\" \/>\n\t<meta name=\"twitter:data1\" content=\"\u062f\u0642\u064a\u0642\u0629 \u0648\u0627\u062d\u062f\u0629\" \/>\n<script type=\"application\/ld+json\" class=\"yoast-schema-graph\">{\"@context\":\"https:\\\/\\\/schema.org\",\"@graph\":[{\"@type\":[\"WebPage\",\"ItemPage\"],\"@id\":\"https:\\\/\\\/vitablanca.ma\\\/produit\\\/manix-gel-massage-stimulant-200ml\\\/\",\"url\":\"https:\\\/\\\/vitablanca.ma\\\/produit\\\/manix-gel-massage-stimulant-200ml\\\/\",\"name\":\"Manix Gel Massage Stimulant 200ml - Maroc Prix\",\"isPartOf\":{\"@id\":\"https:\\\/\\\/vitablanca.ma\\\/#website\"},\"primaryImageOfPage\":{\"@id\":\"https:\\\/\\\/vitablanca.ma\\\/produit\\\/manix-gel-massage-stimulant-200ml\\\/#primaryimage\"},\"image\":{\"@id\":\"https:\\\/\\\/vitablanca.ma\\\/produit\\\/manix-gel-massage-stimulant-200ml\\\/#primaryimage\"},\"thumbnailUrl\":\"https:\\\/\\\/vitablanca.ma\\\/wp-content\\\/uploads\\\/2025\\\/06\\\/Manix-Gel-Massage-Stimulant-200ml-Parapharmacie-Casablanca-Maroc-Prix.jpg\",\"datePublished\":\"2025-06-10T18:41:25+00:00\",\"dateModified\":\"2026-02-22T21:46:27+00:00\",\"description\":\"Manix Gel Massage Stimulant 200\u202fml, gel sensuel pour massage intime. Hydrate, adoucit la peau et offre une glisse douce pour des moments intimes prolong\u00e9s.\",\"breadcrumb\":{\"@id\":\"https:\\\/\\\/vitablanca.ma\\\/produit\\\/manix-gel-massage-stimulant-200ml\\\/#breadcrumb\"},\"inLanguage\":\"ar\",\"potentialAction\":[{\"@type\":\"ReadAction\",\"target\":[\"https:\\\/\\\/vitablanca.ma\\\/produit\\\/manix-gel-massage-stimulant-200ml\\\/\"]}]},{\"@type\":\"ImageObject\",\"inLanguage\":\"ar\",\"@id\":\"https:\\\/\\\/vitablanca.ma\\\/produit\\\/manix-gel-massage-stimulant-200ml\\\/#primaryimage\",\"url\":\"https:\\\/\\\/vitablanca.ma\\\/wp-content\\\/uploads\\\/2025\\\/06\\\/Manix-Gel-Massage-Stimulant-200ml-Parapharmacie-Casablanca-Maroc-Prix.jpg\",\"contentUrl\":\"https:\\\/\\\/vitablanca.ma\\\/wp-content\\\/uploads\\\/2025\\\/06\\\/Manix-Gel-Massage-Stimulant-200ml-Parapharmacie-Casablanca-Maroc-Prix.jpg\",\"width\":1000,\"height\":1000},{\"@type\":\"BreadcrumbList\",\"@id\":\"https:\\\/\\\/vitablanca.ma\\\/produit\\\/manix-gel-massage-stimulant-200ml\\\/#breadcrumb\",\"itemListElement\":[{\"@type\":\"ListItem\",\"position\":1,\"name\":\"Home\",\"item\":\"https:\\\/\\\/vitablanca.ma\\\/\"},{\"@type\":\"ListItem\",\"position\":2,\"name\":\"Tous Les Produits\",\"item\":\"https:\\\/\\\/vitablanca.ma\\\/tous-les-produits\\\/\"},{\"@type\":\"ListItem\",\"position\":3,\"name\":\"Manix Gel Massage Stimulant 200ml\"}]},{\"@type\":\"WebSite\",\"@id\":\"https:\\\/\\\/vitablanca.ma\\\/#website\",\"url\":\"https:\\\/\\\/vitablanca.ma\\\/\",\"name\":\"VitaBlanca.ma | Compl\u00e9ments alimentaires, sant\u00e9 & beaut\u00e9 au Maroc\",\"description\":\"vendre vitamines et compl\u00e9ments premium des USA &amp; Canada, Nouvelle Z\u00e9lande,Maroc (NOW Foods, Solgar, Manuka). Livraison rapide partout au Maroc.\",\"publisher\":{\"@id\":\"https:\\\/\\\/vitablanca.ma\\\/#organization\"},\"alternateName\":\"VitaBlanca.ma\",\"potentialAction\":[{\"@type\":\"SearchAction\",\"target\":{\"@type\":\"EntryPoint\",\"urlTemplate\":\"https:\\\/\\\/vitablanca.ma\\\/?s={search_term_string}\"},\"query-input\":{\"@type\":\"PropertyValueSpecification\",\"valueRequired\":true,\"valueName\":\"search_term_string\"}}],\"inLanguage\":\"ar\"},{\"@type\":\"Organization\",\"@id\":\"https:\\\/\\\/vitablanca.ma\\\/#organization\",\"name\":\"VitaBlanca\",\"url\":\"https:\\\/\\\/vitablanca.ma\\\/\",\"logo\":{\"@type\":\"ImageObject\",\"inLanguage\":\"ar\",\"@id\":\"https:\\\/\\\/vitablanca.ma\\\/#\\\/schema\\\/logo\\\/image\\\/\",\"url\":\"https:\\\/\\\/vitablanca.ma\\\/wp-content\\\/uploads\\\/2025\\\/05\\\/cropped-vitablanca.png\",\"contentUrl\":\"https:\\\/\\\/vitablanca.ma\\\/wp-content\\\/uploads\\\/2025\\\/05\\\/cropped-vitablanca.png\",\"width\":360,\"height\":67,\"caption\":\"VitaBlanca\"},\"image\":{\"@id\":\"https:\\\/\\\/vitablanca.ma\\\/#\\\/schema\\\/logo\\\/image\\\/\"},\"sameAs\":[\"https:\\\/\\\/www.facebook.com\\\/profile.php?id=61576678196717\",\"https:\\\/\\\/www.tiktok.com\\\/@vitablanca.ma\",\"https:\\\/\\\/www.instagram.com\\\/vitablanca.ma\\\/\"]}]}<\/script>\n<!-- \/ Yoast SEO plugin. -->","yoast_head_json":{"title":"\u062c\u0644 \u0627\u0644\u062a\u062f\u0644\u064a\u0643 \u0627\u0644\u0645\u0646\u0634\u0637 \u0645\u0627\u0646\u064a\u0643\u0633 200 \u0645\u0644 - \u0633\u0639\u0631 \u0627\u0644\u0645\u063a\u0631\u0628","description":"Manix Gel Massage Stimulant 200\u202fml, gel sensuel pour massage intime. Hydrate, adoucit la peau et offre une glisse douce pour des moments intimes prolong\u00e9s.","robots":{"index":"index","follow":"follow","max-snippet":"max-snippet:-1","max-image-preview":"max-image-preview:large","max-video-preview":"max-video-preview:-1"},"canonical":"https:\/\/vitablanca.ma\/ar\/product-2\/manix-gel-massage-stimulant-200ml\/","og_locale":"ar_AR","og_type":"article","og_title":"Manix Gel Massage Stimulant 200ml - Maroc Prix","og_description":"Manix Gel Massage Stimulant 200\u202fml, gel sensuel pour massage intime. Hydrate, adoucit la peau et offre une glisse douce pour des moments intimes prolong\u00e9s.","og_url":"https:\/\/vitablanca.ma\/ar\/product-2\/manix-gel-massage-stimulant-200ml\/","og_site_name":"Vitablanca.ma &ndash; Sant&eacute;, vitalit&eacute; et bien-&ecirc;tre pour tous les Marocains","article_publisher":"https:\/\/www.facebook.com\/profile.php?id=61576678196717","article_modified_time":"2026-02-22T21:46:27+00:00","og_image":[{"width":1000,"height":1000,"url":"https:\/\/vitablanca.ma\/wp-content\/uploads\/2025\/06\/Manix-Gel-Massage-Stimulant-200ml-Parapharmacie-Casablanca-Maroc-Prix.jpg","type":"image\/jpeg"}],"twitter_card":"summary_large_image","twitter_misc":{"\u0648\u0642\u062a \u0627\u0644\u0642\u0631\u0627\u0621\u0629 \u0627\u0644\u0645\u064f\u0642\u062f\u0651\u0631":"\u062f\u0642\u064a\u0642\u0629 \u0648\u0627\u062d\u062f\u0629"},"schema":{"@context":"https:\/\/schema.org","@graph":[{"@type":["WebPage","ItemPage"],"@id":"https:\/\/vitablanca.ma\/produit\/manix-gel-massage-stimulant-200ml\/","url":"https:\/\/vitablanca.ma\/produit\/manix-gel-massage-stimulant-200ml\/","name":"\u062c\u0644 \u0627\u0644\u062a\u062f\u0644\u064a\u0643 \u0627\u0644\u0645\u0646\u0634\u0637 \u0645\u0627\u0646\u064a\u0643\u0633 200 \u0645\u0644 - \u0633\u0639\u0631 \u0627\u0644\u0645\u063a\u0631\u0628","isPartOf":{"@id":"https:\/\/vitablanca.ma\/#website"},"primaryImageOfPage":{"@id":"https:\/\/vitablanca.ma\/produit\/manix-gel-massage-stimulant-200ml\/#primaryimage"},"image":{"@id":"https:\/\/vitablanca.ma\/produit\/manix-gel-massage-stimulant-200ml\/#primaryimage"},"thumbnailUrl":"https:\/\/vitablanca.ma\/wp-content\/uploads\/2025\/06\/Manix-Gel-Massage-Stimulant-200ml-Parapharmacie-Casablanca-Maroc-Prix.jpg","datePublished":"2025-06-10T18:41:25+00:00","dateModified":"2026-02-22T21:46:27+00:00","description":"Manix Gel Massage Stimulant 200\u202fml, gel sensuel pour massage intime. Hydrate, adoucit la peau et offre une glisse douce pour des moments intimes prolong\u00e9s.","breadcrumb":{"@id":"https:\/\/vitablanca.ma\/produit\/manix-gel-massage-stimulant-200ml\/#breadcrumb"},"inLanguage":"ar","potentialAction":[{"@type":"ReadAction","target":["https:\/\/vitablanca.ma\/produit\/manix-gel-massage-stimulant-200ml\/"]}]},{"@type":"ImageObject","inLanguage":"ar","@id":"https:\/\/vitablanca.ma\/produit\/manix-gel-massage-stimulant-200ml\/#primaryimage","url":"https:\/\/vitablanca.ma\/wp-content\/uploads\/2025\/06\/Manix-Gel-Massage-Stimulant-200ml-Parapharmacie-Casablanca-Maroc-Prix.jpg","contentUrl":"https:\/\/vitablanca.ma\/wp-content\/uploads\/2025\/06\/Manix-Gel-Massage-Stimulant-200ml-Parapharmacie-Casablanca-Maroc-Prix.jpg","width":1000,"height":1000},{"@type":"BreadcrumbList","@id":"https:\/\/vitablanca.ma\/produit\/manix-gel-massage-stimulant-200ml\/#breadcrumb","itemListElement":[{"@type":"ListItem","position":1,"name":"Home","item":"https:\/\/vitablanca.ma\/"},{"@type":"ListItem","position":2,"name":"Tous Les Produits","item":"https:\/\/vitablanca.ma\/tous-les-produits\/"},{"@type":"ListItem","position":3,"name":"Manix Gel Massage Stimulant 200ml"}]},{"@type":"WebSite","@id":"https:\/\/vitablanca.ma\/#website","url":"https:\/\/vitablanca.ma\/","name":"VitaBlanca.ma | \u0627\u0644\u0645\u0643\u0645\u0644\u0627\u062a \u0627\u0644\u063a\u0630\u0627\u0626\u064a\u0629\u060c \u0627\u0644\u0635\u062d\u0629 \u0648\u0627\u0644\u062c\u0645\u0627\u0644 \u0641\u064a \u0627\u0644\u0645\u063a\u0631\u0628","description":"\u0646\u0628\u064a\u0639 \u0641\u064a\u062a\u0627\u0645\u064a\u0646\u0627\u062a \u0648\u0645\u0643\u0645\u0644\u0627\u062a \u063a\u0630\u0627\u0626\u064a\u0629 \u0641\u0627\u062e\u0631\u0629 \u0645\u0646 \u0627\u0644\u0648\u0644\u0627\u064a\u0627\u062a \u0627\u0644\u0645\u062a\u062d\u062f\u0629 \u0627\u0644\u0623\u0645\u0631\u064a\u0643\u064a\u0629 \u0648\u0643\u0646\u062f\u0627 \u0648\u0646\u064a\u0648\u0632\u064a\u0644\u0646\u062f\u0627 \u0648\u0627\u0644\u0645\u063a\u0631\u0628 (\u0646\u0627\u0648 \u0641\u0648\u062f\u0632\u060c \u0633\u0648\u0644\u062c\u0627\u0631\u060c \u0645\u0627\u0646\u0648\u0643\u0627). \u062a\u0648\u0635\u064a\u0644 \u0633\u0631\u064a\u0639 \u0625\u0644\u0649 \u062c\u0645\u064a\u0639 \u0623\u0646\u062d\u0627\u0621 \u0627\u0644\u0645\u063a\u0631\u0628.","publisher":{"@id":"https:\/\/vitablanca.ma\/#organization"},"alternateName":"VitaBlanca.ma","potentialAction":[{"@type":"SearchAction","target":{"@type":"EntryPoint","urlTemplate":"https:\/\/vitablanca.ma\/?s={search_term_string}"},"query-input":{"@type":"PropertyValueSpecification","valueRequired":true,"valueName":"search_term_string"}}],"inLanguage":"ar"},{"@type":"Organization","@id":"https:\/\/vitablanca.ma\/#organization","name":"\u0641\u064a\u062a\u0627\u0628\u0644\u0627\u0646\u0643\u0627","url":"https:\/\/vitablanca.ma\/","logo":{"@type":"ImageObject","inLanguage":"ar","@id":"https:\/\/vitablanca.ma\/#\/schema\/logo\/image\/","url":"https:\/\/vitablanca.ma\/wp-content\/uploads\/2025\/05\/cropped-vitablanca.png","contentUrl":"https:\/\/vitablanca.ma\/wp-content\/uploads\/2025\/05\/cropped-vitablanca.png","width":360,"height":67,"caption":"VitaBlanca"},"image":{"@id":"https:\/\/vitablanca.ma\/#\/schema\/logo\/image\/"},"sameAs":["https:\/\/www.facebook.com\/profile.php?id=61576678196717","https:\/\/www.tiktok.com\/@vitablanca.ma","https:\/\/www.instagram.com\/vitablanca.ma\/"]}]}},"jetpack_sharing_enabled":true,"_links":{"self":[{"href":"https:\/\/vitablanca.ma\/ar\/wp-json\/wp\/v2\/product\/20628","targetHints":{"allow":["GET"]}}],"collection":[{"href":"https:\/\/vitablanca.ma\/ar\/wp-json\/wp\/v2\/product"}],"about":[{"href":"https:\/\/vitablanca.ma\/ar\/wp-json\/wp\/v2\/types\/product"}],"wp:featuredmedia":[{"embeddable":true,"href":"https:\/\/vitablanca.ma\/ar\/wp-json\/wp\/v2\/media\/20626"}],"wp:attachment":[{"href":"https:\/\/vitablanca.ma\/ar\/wp-json\/wp\/v2\/media?parent=20628"}],"wp:term":[{"taxonomy":"product_brand","embeddable":true,"href":"https:\/\/vitablanca.ma\/ar\/wp-json\/wp\/v2\/product_brand?post=20628"},{"taxonomy":"product_cat","embeddable":true,"href":"https:\/\/vitablanca.ma\/ar\/wp-json\/wp\/v2\/product_cat?post=20628"},{"taxonomy":"product_tag","embeddable":true,"href":"https:\/\/vitablanca.ma\/ar\/wp-json\/wp\/v2\/product_tag?post=20628"}],"curies":[{"name":"wp","href":"https:\/\/api.w.org\/{rel}","templated":true}]}}