{"id":20585,"date":"2025-06-10T18:40:03","date_gmt":"2025-06-10T18:40:03","guid":{"rendered":"https:\/\/vitablanca.ma\/product\/la-roche-posay-pure-niacinamide-10-serum-30ml\/"},"modified":"2025-12-17T23:58:56","modified_gmt":"2025-12-17T23:58:56","slug":"la-roche-posay-pure-niacinamide-10-serum-30ml","status":"publish","type":"product","link":"https:\/\/vitablanca.ma\/ar\/product-2\/la-roche-posay-pure-niacinamide-10-serum-30ml\/","title":{"rendered":"\u0633\u064a\u0631\u0648\u0645 \u0644\u0627\u0631\u0648\u0634 \u0628\u0648\u0633\u0627\u064a \u0628\u064a\u0648\u0631 \u0646\u064a\u0627\u0633\u064a\u0646\u0627\u0645\u064a\u062f 10 30 \u0645\u0644"},"content":{"rendered":"<h2>La Roche Posay Pure Niacinamide 10 S\u00e9rum anti-taches tous types de peaux Corrige et pr\u00e9vient l\u2019apparition des taches pigmentaires. Restaure l\u2019\u00e9clat.<\/h2>\n<p><strong>\u0641\u0648\u0627\u0626\u062f<\/strong><br \/><span>Le s\u00e9rum Pure Niacinamide 10 est un s\u00e9rum visage anti-taches dermatologique formul\u00e9 avec\u00a0<\/span><strong>10 % de Niacinamide pure<span>\u00a0<\/span><\/strong><span>con\u00e7u pour corriger les probl\u00e8mes d\u2019hyperpigmentation et pr\u00e9venir l\u2019apparition de\u00a0<\/span>troubles pigmentaires<span>, comme les taches li\u00e9es \u00e0 l\u2019\u00e2ge (lentigo solaire), m\u00e9lasma et l\u2019hyperpigmentation r\u00e9siduelle. Il est formul\u00e9 avec de la Niacinamide pure qui agit en surface et en profondeur, de l\u2019HEPES, de l\u2019Acide hyaluronique et du PhE-R\u00e9sorcinol, des actifs reconnus pour leur efficacit\u00e9 sur le contr\u00f4le de la production de m\u00e9lanine et l\u2019am\u00e9lioration de l\u2019\u00e9clat de la peau. Le teint redevient plus homog\u00e8ne et l\u2019hyperpigmentation est ma\u00eetris\u00e9e.<\/span><\/p>\n<p><strong>\u0627\u0644\u0645\u0624\u0634\u0631\u0627\u062a<\/strong><br \/><span>\u0647\u0630\u0627\u00a0<\/span>s\u00e9rum visage<span>\u00a0concentr\u00e9 en Niacinamide convient \u00e0 toutes les carnations et tous les types de peaux sujets aux taches pigmentaires, m\u00eame les plus sensibles.<br \/>30\u0645\u0644.<\/span><\/p>\n<h3>\u0645\u0644\u0643\u064a\u0627\u062a<\/h3>\n<p>Ce s\u00e9rum \u00e0 la niacinamide est formul\u00e9 avec des actifs dermatologiques haute efficacit\u00e9 pour aider \u00e0 corriger et pr\u00e9venir tous les types de taches pigmentaires tout en restaurant l\u2019\u00e9clat de la peau.<\/p>\n<p><strong>1\/ CORRIGE ET PR\u00c9VIENT L\u2019APPARITION DES TACHES PIGMENTAIRES<\/strong><br \/>Ce s\u00e9rum anti-taches contient un trio d\u2019actifs pour corriger l\u2019hyperpigmentation. La<span>\u00a0<\/span>\u0627\u0644\u0646\u064a\u0627\u0633\u064a\u0646\u0627\u0645\u064a\u062f<span>\u00a0<\/span>permet de r\u00e9duire les micro-inflammations \u00e0 l\u2019origine des taches brunes. Le PhE-R\u00e9sorcinol, une mol\u00e9cule d\u00e9pigmentante d\u2019origine naturelle, aide \u00e0 \u00e9claircir les taches. L\u2019HEPES, un actif exfoliant, \u00e9limine les cellules cutan\u00e9es charg\u00e9es en m\u00e9lanine et lisse la peau. Le<span>\u00a0<\/span>teint est plus uniforme<span>\u00a0<\/span>et le grain de peau plus homog\u00e8ne.<\/p>\n<p><strong>2\/ RESTAURE L\u2019\u00c9CLAT DE LA PEAU<\/strong><br \/>Polyvalente, la Niacinamide renforce la perm\u00e9abilit\u00e9 de la barri\u00e8re cutan\u00e9e en apportant des lipides essentiels \u00e0 son bon fonctionnement. La d\u00e9shydratation de la peau est ainsi r\u00e9duite. Cette vitamine est associ\u00e9e \u00e0 de l\u2019Acide hyaluronique d\u2019origine naturelle de haut poids mol\u00e9culaire. Ce dernier reste \u00e0 la surface de l\u2019\u00e9piderme pour r\u00e9parer le film protecteur, hydrater et repulper la peau. Le teint devient plus lumineux.<\/p>\n<p><strong>3\/ FORMULE HAUTE TOL\u00c9RANCE<\/strong><br \/>Le s\u00e9rum Pure Niacinamide 10 est formul\u00e9 avec des actifs s\u00e9lectionn\u00e9s pour leur action cliniquement test\u00e9e sur toutes les carnations et leur tol\u00e9rance sur tous les types de peaux, m\u00eames les plus sensibles<\/p>\n<h3>TEXTURE & APPLICATION<\/h3>\n<div>\n<strong>\u0646\u064e\u0633\u0650\u064a\u062c<\/strong><br \/>Texture gel ultra fra\u00eeche rapidement absorb\u00e9e par la peau.<\/p>\n<p><strong>\u0637\u0644\u0628<\/strong><br \/>Le soir, appliquez 4 gouttes de s\u00e9rum du bout des doigts sur les zones concern\u00e9es par les troubles de la pigmentation (visage, d\u00e9collet\u00e9 et dessus des mains). Compl\u00e9tez avec une<span>\u00a0<\/span>protection solaire visage UVA\/UVB<span>\u00a0<\/span>SPF 30 minimum le lendemain matin pour optimiser les effets.<\/p>\n<p><strong>\u0631\u0648\u062a\u064a\u0646 \u0627\u0644\u0639\u0646\u0627\u064a\u0629 \u0628\u0627\u0644\u0628\u0634\u0631\u0629<\/strong><br \/>Compl\u00e9tez votre routine de soins anti-taches avec le<span>\u00a0<\/span>soin correcteur contour des yeux Pigmentclar<span>\u00a0<\/span>et la cr\u00e8me solaire visage<span>\u00a0<\/span>Pigment Correct SPF50+ Anthelios.<\/div>","protected":false},"excerpt":{"rendered":"<p>La Roche Posay Pure Niacinamide 10 S\u00e9rum anti-taches tous types de peaux Corrige et pr\u00e9vient l\u2019apparition des taches pigmentaires. Restaure l\u2019\u00e9clat. B\u00c9N\u00c9FICESLe s\u00e9rum Pure Niacinamide 10 est un s\u00e9rum visage anti-taches dermatologique formul\u00e9 avec\u00a010 % de Niacinamide pure\u00a0con\u00e7u pour corriger les probl\u00e8mes d\u2019hyperpigmentation et pr\u00e9venir l\u2019apparition de\u00a0troubles pigmentaires, comme les taches li\u00e9es \u00e0 l\u2019\u00e2ge (lentigo [&hellip;]<\/p>\n","protected":false},"featured_media":20578,"template":"","meta":[],"product_brand":[3456],"product_cat":[18],"product_tag":[3459,3471,3473,3468,5432,3472,3470,3474,5411,3462,3464,3460,3465,3461,3457,3466,5428,5434,3469,3458,5430,5429,3463,5431,5433,5427,3467],"class_list":{"0":"post-20585","1":"product","2":"type-product","3":"status-publish","4":"has-post-thumbnail","6":"product_brand-la-roche-posay-maroc-prix","7":"product_cat-beaute-sante","8":"product_tag-acheter-la-roche-posay-en-ligne-maroc","9":"product_tag-anthelios-maroc","10":"product_tag-cosmetiques-maroc","11":"product_tag-creme-solaire-maroc","12":"product_tag-dermatologie-la-roche-posay-maroc","13":"product_tag-dermatologie-maroc","14":"product_tag-effaclar-maroc","15":"product_tag-hydratation-peau","16":"product_tag-la-roche-posay-maroc-2","17":"product_tag-la-roche-posay-acne-maroc","18":"product_tag-la-roche-posay-anthelios-maroc","19":"product_tag-la-roche-posay-creme-solaire-maroc","20":"product_tag-la-roche-posay-effaclar-maroc","21":"product_tag-la-roche-posay-hydratant-visage-maroc","22":"product_tag-la-roche-posay-maroc","23":"product_tag-la-roche-posay-maroc-prix","24":"product_tag-niacinamide-10-maroc","25":"product_tag-niacinamide-serum-original-maroc","26":"product_tag-peau-sensible-maroc","27":"product_tag-produits-la-roche-posay-maroc","28":"product_tag-pure-niacinamide-la-roche-posay","29":"product_tag-serum-anti-taches-maroc","30":"product_tag-serum-la-roche-posay-maroc","31":"product_tag-serum-niacinamide-maroc","32":"product_tag-serum-unifiant-teint-maroc","33":"product_tag-soin-visage-peaux-sensibles-maroc","34":"product_tag-soins-visage-maroc","36":"first","37":"instock","38":"sale","39":"taxable","40":"shipping-taxable","41":"purchasable","42":"product-type-simple"},"yoast_head":"<!-- This site is optimized with the Yoast SEO plugin v27.6 - https:\/\/yoast.com\/product\/yoast-seo-wordpress\/ -->\n<title>La Roche Posay Pure Niacinamide 10 S\u00e9rum 30ml - Maroc Prix<\/title>\n<meta name=\"description\" content=\"S\u00e9rum La Roche-Posay Pure Niacinamide 10 \u00e0 10% pour corriger les taches, unifier le teint et apaiser les peaux sensibles. Disponible au Maroc .\" \/>\n<meta name=\"robots\" content=\"index, follow, max-snippet:-1, max-image-preview:large, max-video-preview:-1\" \/>\n<link rel=\"canonical\" href=\"https:\/\/vitablanca.ma\/ar\/product-2\/la-roche-posay-pure-niacinamide-10-serum-30ml\/\" \/>\n<meta property=\"og:locale\" content=\"ar_AR\" \/>\n<meta property=\"og:type\" content=\"article\" \/>\n<meta property=\"og:title\" content=\"La Roche Posay Pure Niacinamide 10 S\u00e9rum 30ml - Maroc Prix\" \/>\n<meta property=\"og:description\" content=\"S\u00e9rum La Roche-Posay Pure Niacinamide 10 \u00e0 10% pour corriger les taches, unifier le teint et apaiser les peaux sensibles. Disponible au Maroc .\" \/>\n<meta property=\"og:url\" content=\"https:\/\/vitablanca.ma\/ar\/product-2\/la-roche-posay-pure-niacinamide-10-serum-30ml\/\" \/>\n<meta property=\"og:site_name\" content=\"Vitablanca.ma &ndash; Sant&eacute;, vitalit&eacute; et bien-&ecirc;tre pour tous les Marocains\" \/>\n<meta property=\"article:publisher\" content=\"https:\/\/www.facebook.com\/profile.php?id=61576678196717\" \/>\n<meta property=\"article:modified_time\" content=\"2025-12-17T23:58:56+00:00\" \/>\n<meta property=\"og:image\" content=\"https:\/\/vitablanca.ma\/wp-content\/uploads\/2025\/06\/La-Roche-Posay-Pure-Niacinamide-10-Serum-nova-parapharmacie-casablanca.jpg\" \/>\n\t<meta property=\"og:image:width\" content=\"1000\" \/>\n\t<meta property=\"og:image:height\" content=\"1000\" \/>\n\t<meta property=\"og:image:type\" content=\"image\/jpeg\" \/>\n<meta name=\"twitter:card\" content=\"summary_large_image\" \/>\n<meta name=\"twitter:label1\" content=\"\u0648\u0642\u062a \u0627\u0644\u0642\u0631\u0627\u0621\u0629 \u0627\u0644\u0645\u064f\u0642\u062f\u0651\u0631\" \/>\n\t<meta name=\"twitter:data1\" content=\"3 \u062f\u0642\u0627\u0626\u0642\" \/>\n<script type=\"application\/ld+json\" class=\"yoast-schema-graph\">{\"@context\":\"https:\\\/\\\/schema.org\",\"@graph\":[{\"@type\":[\"WebPage\",\"ItemPage\"],\"@id\":\"https:\\\/\\\/vitablanca.ma\\\/produit\\\/la-roche-posay-pure-niacinamide-10-serum-30ml\\\/\",\"url\":\"https:\\\/\\\/vitablanca.ma\\\/produit\\\/la-roche-posay-pure-niacinamide-10-serum-30ml\\\/\",\"name\":\"La Roche Posay Pure Niacinamide 10 S\u00e9rum 30ml - Maroc Prix\",\"isPartOf\":{\"@id\":\"https:\\\/\\\/vitablanca.ma\\\/#website\"},\"primaryImageOfPage\":{\"@id\":\"https:\\\/\\\/vitablanca.ma\\\/produit\\\/la-roche-posay-pure-niacinamide-10-serum-30ml\\\/#primaryimage\"},\"image\":{\"@id\":\"https:\\\/\\\/vitablanca.ma\\\/produit\\\/la-roche-posay-pure-niacinamide-10-serum-30ml\\\/#primaryimage\"},\"thumbnailUrl\":\"https:\\\/\\\/vitablanca.ma\\\/wp-content\\\/uploads\\\/2025\\\/06\\\/La-Roche-Posay-Pure-Niacinamide-10-Serum-nova-parapharmacie-casablanca.jpg\",\"datePublished\":\"2025-06-10T18:40:03+00:00\",\"dateModified\":\"2025-12-17T23:58:56+00:00\",\"description\":\"S\u00e9rum La Roche-Posay Pure Niacinamide 10 \u00e0 10% pour corriger les taches, unifier le teint et apaiser les peaux sensibles. Disponible au Maroc .\",\"breadcrumb\":{\"@id\":\"https:\\\/\\\/vitablanca.ma\\\/produit\\\/la-roche-posay-pure-niacinamide-10-serum-30ml\\\/#breadcrumb\"},\"inLanguage\":\"ar\",\"potentialAction\":[{\"@type\":\"ReadAction\",\"target\":[\"https:\\\/\\\/vitablanca.ma\\\/produit\\\/la-roche-posay-pure-niacinamide-10-serum-30ml\\\/\"]}]},{\"@type\":\"ImageObject\",\"inLanguage\":\"ar\",\"@id\":\"https:\\\/\\\/vitablanca.ma\\\/produit\\\/la-roche-posay-pure-niacinamide-10-serum-30ml\\\/#primaryimage\",\"url\":\"https:\\\/\\\/vitablanca.ma\\\/wp-content\\\/uploads\\\/2025\\\/06\\\/La-Roche-Posay-Pure-Niacinamide-10-Serum-nova-parapharmacie-casablanca.jpg\",\"contentUrl\":\"https:\\\/\\\/vitablanca.ma\\\/wp-content\\\/uploads\\\/2025\\\/06\\\/La-Roche-Posay-Pure-Niacinamide-10-Serum-nova-parapharmacie-casablanca.jpg\",\"width\":1000,\"height\":1000},{\"@type\":\"BreadcrumbList\",\"@id\":\"https:\\\/\\\/vitablanca.ma\\\/produit\\\/la-roche-posay-pure-niacinamide-10-serum-30ml\\\/#breadcrumb\",\"itemListElement\":[{\"@type\":\"ListItem\",\"position\":1,\"name\":\"Home\",\"item\":\"https:\\\/\\\/vitablanca.ma\\\/\"},{\"@type\":\"ListItem\",\"position\":2,\"name\":\"Tous Les Produits\",\"item\":\"https:\\\/\\\/vitablanca.ma\\\/tous-les-produits\\\/\"},{\"@type\":\"ListItem\",\"position\":3,\"name\":\"La Roche Posay Pure Niacinamide 10 S\u00e9rum 30ml\"}]},{\"@type\":\"WebSite\",\"@id\":\"https:\\\/\\\/vitablanca.ma\\\/#website\",\"url\":\"https:\\\/\\\/vitablanca.ma\\\/\",\"name\":\"VitaBlanca.ma | Compl\u00e9ments alimentaires, sant\u00e9 & beaut\u00e9 au Maroc\",\"description\":\"vendre vitamines et compl\u00e9ments premium des USA &amp; Canada, Nouvelle Z\u00e9lande,Maroc (NOW Foods, Solgar, Manuka). Livraison rapide partout au Maroc.\",\"publisher\":{\"@id\":\"https:\\\/\\\/vitablanca.ma\\\/#organization\"},\"alternateName\":\"VitaBlanca.ma\",\"potentialAction\":[{\"@type\":\"SearchAction\",\"target\":{\"@type\":\"EntryPoint\",\"urlTemplate\":\"https:\\\/\\\/vitablanca.ma\\\/?s={search_term_string}\"},\"query-input\":{\"@type\":\"PropertyValueSpecification\",\"valueRequired\":true,\"valueName\":\"search_term_string\"}}],\"inLanguage\":\"ar\"},{\"@type\":\"Organization\",\"@id\":\"https:\\\/\\\/vitablanca.ma\\\/#organization\",\"name\":\"VitaBlanca\",\"url\":\"https:\\\/\\\/vitablanca.ma\\\/\",\"logo\":{\"@type\":\"ImageObject\",\"inLanguage\":\"ar\",\"@id\":\"https:\\\/\\\/vitablanca.ma\\\/#\\\/schema\\\/logo\\\/image\\\/\",\"url\":\"https:\\\/\\\/vitablanca.ma\\\/wp-content\\\/uploads\\\/2025\\\/05\\\/cropped-vitablanca.png\",\"contentUrl\":\"https:\\\/\\\/vitablanca.ma\\\/wp-content\\\/uploads\\\/2025\\\/05\\\/cropped-vitablanca.png\",\"width\":360,\"height\":67,\"caption\":\"VitaBlanca\"},\"image\":{\"@id\":\"https:\\\/\\\/vitablanca.ma\\\/#\\\/schema\\\/logo\\\/image\\\/\"},\"sameAs\":[\"https:\\\/\\\/www.facebook.com\\\/profile.php?id=61576678196717\",\"https:\\\/\\\/www.tiktok.com\\\/@vitablanca.ma\",\"https:\\\/\\\/www.instagram.com\\\/vitablanca.ma\\\/\"]}]}<\/script>\n<!-- \/ Yoast SEO plugin. -->","yoast_head_json":{"title":"La Roche Posay Pure Niacinamide 10 S\u00e9rum 30ml - Maroc Prix","description":"S\u00e9rum La Roche-Posay Pure Niacinamide 10 \u00e0 10% pour corriger les taches, unifier le teint et apaiser les peaux sensibles. Disponible au Maroc .","robots":{"index":"index","follow":"follow","max-snippet":"max-snippet:-1","max-image-preview":"max-image-preview:large","max-video-preview":"max-video-preview:-1"},"canonical":"https:\/\/vitablanca.ma\/ar\/product-2\/la-roche-posay-pure-niacinamide-10-serum-30ml\/","og_locale":"ar_AR","og_type":"article","og_title":"La Roche Posay Pure Niacinamide 10 S\u00e9rum 30ml - Maroc Prix","og_description":"S\u00e9rum La Roche-Posay Pure Niacinamide 10 \u00e0 10% pour corriger les taches, unifier le teint et apaiser les peaux sensibles. Disponible au Maroc .","og_url":"https:\/\/vitablanca.ma\/ar\/product-2\/la-roche-posay-pure-niacinamide-10-serum-30ml\/","og_site_name":"Vitablanca.ma &ndash; Sant&eacute;, vitalit&eacute; et bien-&ecirc;tre pour tous les Marocains","article_publisher":"https:\/\/www.facebook.com\/profile.php?id=61576678196717","article_modified_time":"2025-12-17T23:58:56+00:00","og_image":[{"width":1000,"height":1000,"url":"https:\/\/vitablanca.ma\/wp-content\/uploads\/2025\/06\/La-Roche-Posay-Pure-Niacinamide-10-Serum-nova-parapharmacie-casablanca.jpg","type":"image\/jpeg"}],"twitter_card":"summary_large_image","twitter_misc":{"\u0648\u0642\u062a \u0627\u0644\u0642\u0631\u0627\u0621\u0629 \u0627\u0644\u0645\u064f\u0642\u062f\u0651\u0631":"3 \u062f\u0642\u0627\u0626\u0642"},"schema":{"@context":"https:\/\/schema.org","@graph":[{"@type":["WebPage","ItemPage"],"@id":"https:\/\/vitablanca.ma\/produit\/la-roche-posay-pure-niacinamide-10-serum-30ml\/","url":"https:\/\/vitablanca.ma\/produit\/la-roche-posay-pure-niacinamide-10-serum-30ml\/","name":"La Roche Posay Pure Niacinamide 10 S\u00e9rum 30ml - Maroc Prix","isPartOf":{"@id":"https:\/\/vitablanca.ma\/#website"},"primaryImageOfPage":{"@id":"https:\/\/vitablanca.ma\/produit\/la-roche-posay-pure-niacinamide-10-serum-30ml\/#primaryimage"},"image":{"@id":"https:\/\/vitablanca.ma\/produit\/la-roche-posay-pure-niacinamide-10-serum-30ml\/#primaryimage"},"thumbnailUrl":"https:\/\/vitablanca.ma\/wp-content\/uploads\/2025\/06\/La-Roche-Posay-Pure-Niacinamide-10-Serum-nova-parapharmacie-casablanca.jpg","datePublished":"2025-06-10T18:40:03+00:00","dateModified":"2025-12-17T23:58:56+00:00","description":"S\u00e9rum La Roche-Posay Pure Niacinamide 10 \u00e0 10% pour corriger les taches, unifier le teint et apaiser les peaux sensibles. Disponible au Maroc .","breadcrumb":{"@id":"https:\/\/vitablanca.ma\/produit\/la-roche-posay-pure-niacinamide-10-serum-30ml\/#breadcrumb"},"inLanguage":"ar","potentialAction":[{"@type":"ReadAction","target":["https:\/\/vitablanca.ma\/produit\/la-roche-posay-pure-niacinamide-10-serum-30ml\/"]}]},{"@type":"ImageObject","inLanguage":"ar","@id":"https:\/\/vitablanca.ma\/produit\/la-roche-posay-pure-niacinamide-10-serum-30ml\/#primaryimage","url":"https:\/\/vitablanca.ma\/wp-content\/uploads\/2025\/06\/La-Roche-Posay-Pure-Niacinamide-10-Serum-nova-parapharmacie-casablanca.jpg","contentUrl":"https:\/\/vitablanca.ma\/wp-content\/uploads\/2025\/06\/La-Roche-Posay-Pure-Niacinamide-10-Serum-nova-parapharmacie-casablanca.jpg","width":1000,"height":1000},{"@type":"BreadcrumbList","@id":"https:\/\/vitablanca.ma\/produit\/la-roche-posay-pure-niacinamide-10-serum-30ml\/#breadcrumb","itemListElement":[{"@type":"ListItem","position":1,"name":"Home","item":"https:\/\/vitablanca.ma\/"},{"@type":"ListItem","position":2,"name":"Tous Les Produits","item":"https:\/\/vitablanca.ma\/tous-les-produits\/"},{"@type":"ListItem","position":3,"name":"La Roche Posay Pure Niacinamide 10 S\u00e9rum 30ml"}]},{"@type":"WebSite","@id":"https:\/\/vitablanca.ma\/#website","url":"https:\/\/vitablanca.ma\/","name":"VitaBlanca.ma | \u0627\u0644\u0645\u0643\u0645\u0644\u0627\u062a \u0627\u0644\u063a\u0630\u0627\u0626\u064a\u0629\u060c \u0627\u0644\u0635\u062d\u0629 \u0648\u0627\u0644\u062c\u0645\u0627\u0644 \u0641\u064a \u0627\u0644\u0645\u063a\u0631\u0628","description":"\u0646\u0628\u064a\u0639 \u0641\u064a\u062a\u0627\u0645\u064a\u0646\u0627\u062a \u0648\u0645\u0643\u0645\u0644\u0627\u062a \u063a\u0630\u0627\u0626\u064a\u0629 \u0641\u0627\u062e\u0631\u0629 \u0645\u0646 \u0627\u0644\u0648\u0644\u0627\u064a\u0627\u062a \u0627\u0644\u0645\u062a\u062d\u062f\u0629 \u0627\u0644\u0623\u0645\u0631\u064a\u0643\u064a\u0629 \u0648\u0643\u0646\u062f\u0627 \u0648\u0646\u064a\u0648\u0632\u064a\u0644\u0646\u062f\u0627 \u0648\u0627\u0644\u0645\u063a\u0631\u0628 (\u0646\u0627\u0648 \u0641\u0648\u062f\u0632\u060c \u0633\u0648\u0644\u062c\u0627\u0631\u060c \u0645\u0627\u0646\u0648\u0643\u0627). \u062a\u0648\u0635\u064a\u0644 \u0633\u0631\u064a\u0639 \u0625\u0644\u0649 \u062c\u0645\u064a\u0639 \u0623\u0646\u062d\u0627\u0621 \u0627\u0644\u0645\u063a\u0631\u0628.","publisher":{"@id":"https:\/\/vitablanca.ma\/#organization"},"alternateName":"VitaBlanca.ma","potentialAction":[{"@type":"SearchAction","target":{"@type":"EntryPoint","urlTemplate":"https:\/\/vitablanca.ma\/?s={search_term_string}"},"query-input":{"@type":"PropertyValueSpecification","valueRequired":true,"valueName":"search_term_string"}}],"inLanguage":"ar"},{"@type":"Organization","@id":"https:\/\/vitablanca.ma\/#organization","name":"\u0641\u064a\u062a\u0627\u0628\u0644\u0627\u0646\u0643\u0627","url":"https:\/\/vitablanca.ma\/","logo":{"@type":"ImageObject","inLanguage":"ar","@id":"https:\/\/vitablanca.ma\/#\/schema\/logo\/image\/","url":"https:\/\/vitablanca.ma\/wp-content\/uploads\/2025\/05\/cropped-vitablanca.png","contentUrl":"https:\/\/vitablanca.ma\/wp-content\/uploads\/2025\/05\/cropped-vitablanca.png","width":360,"height":67,"caption":"VitaBlanca"},"image":{"@id":"https:\/\/vitablanca.ma\/#\/schema\/logo\/image\/"},"sameAs":["https:\/\/www.facebook.com\/profile.php?id=61576678196717","https:\/\/www.tiktok.com\/@vitablanca.ma","https:\/\/www.instagram.com\/vitablanca.ma\/"]}]}},"jetpack_sharing_enabled":true,"_links":{"self":[{"href":"https:\/\/vitablanca.ma\/ar\/wp-json\/wp\/v2\/product\/20585","targetHints":{"allow":["GET"]}}],"collection":[{"href":"https:\/\/vitablanca.ma\/ar\/wp-json\/wp\/v2\/product"}],"about":[{"href":"https:\/\/vitablanca.ma\/ar\/wp-json\/wp\/v2\/types\/product"}],"wp:featuredmedia":[{"embeddable":true,"href":"https:\/\/vitablanca.ma\/ar\/wp-json\/wp\/v2\/media\/20578"}],"wp:attachment":[{"href":"https:\/\/vitablanca.ma\/ar\/wp-json\/wp\/v2\/media?parent=20585"}],"wp:term":[{"taxonomy":"product_brand","embeddable":true,"href":"https:\/\/vitablanca.ma\/ar\/wp-json\/wp\/v2\/product_brand?post=20585"},{"taxonomy":"product_cat","embeddable":true,"href":"https:\/\/vitablanca.ma\/ar\/wp-json\/wp\/v2\/product_cat?post=20585"},{"taxonomy":"product_tag","embeddable":true,"href":"https:\/\/vitablanca.ma\/ar\/wp-json\/wp\/v2\/product_tag?post=20585"}],"curies":[{"name":"wp","href":"https:\/\/api.w.org\/{rel}","templated":true}]}}