{"id":20570,"date":"2025-06-10T18:39:25","date_gmt":"2025-06-10T18:39:25","guid":{"rendered":"https:\/\/vitablanca.ma\/product\/lierac-demaquillant-leau-micellaire-200ml\/"},"modified":"2026-02-22T23:03:25","modified_gmt":"2026-02-22T23:03:25","slug":"lierac-demaquillant-leau-micellaire-200ml","status":"publish","type":"product","link":"https:\/\/vitablanca.ma\/ar\/product-2\/lierac-demaquillant-leau-micellaire-200ml\/","title":{"rendered":"\u0645\u0632\u064a\u0644 \u0645\u0643\u064a\u0627\u062c \u0644\u064a\u0631\u0627\u0643 \u0645\u064a\u0633\u064a\u0644\u0627\u0631 200 \u0645\u0644"},"content":{"rendered":"<h2>Lierac D\u00e9maquillant L&rsquo;Eau Micellaire\u00a0nettoie et d\u00e9maquille en douceur le visage et les yeux.<\/h2>\n<p class=\"p\">Compos\u00e9e \u00e0 96% d&rsquo;ingr\u00e9dients d&rsquo;origine naturelle, l&rsquo;Eau Micellaire nettoie et d\u00e9maquille en douceur le visage et les yeux. Au coeur de sa formule, le Complexe Pr\u00e9biotiques Marin pr\u00e9serve et renforce le microbiote cutan\u00e9.<\/p>\n<p>Sa texture fra\u00eeche et d\u00e9licatement parfum\u00e9e laisse la peau parfaitement nette, douce et lumineuse.<\/p>\n<p>Convient \u00e0 tous les types de peaux, m\u00eame sensibles.<\/p>\n<h3 class=\"p\"><strong data-mce-fragment=\"1\">B\u00e9n\u00e9fices<\/strong><\/h3>\n<p>LE COMPLEXE PR\u00c9BIOTIQUES<br \/>\nIl offre un apport nutritif complet et \u00e9quilibr\u00e9, adapt\u00e9 aux besoins de tous les microbiotes.<br \/>\nCompos\u00e9 de 3 ingr\u00e9dients actifs [eau de mer &#8211; algues vertes et brunes &#8211; sucre], il fournit les nutriments essentiels au maintien d&rsquo;un microbiote cutan\u00e9 \u00e9quilibr\u00e9.<\/p>\n<h4><b>Eau de mer<\/b><b><\/b><\/h4>\n<p class=\"p\">Apporte une grande vari\u00e9t\u00e9 de min\u00e9raux et oligo\u00e9l\u00e9ments essentiels \u00e0 la bonne diversit\u00e9 du microbiote<\/p>\n<h4><b>Algues vertes et brunes<\/b><b><\/b><\/h4>\n<p class=\"p\">sources de sucres et d&rsquo;acides amin\u00e9s qui vont respectivement apporter du carbone et de l&rsquo;azote, deux \u00e9l\u00e9ments indispensables \u00e0 la croissance des bact\u00e9ries du microbiote.<\/p>\n<h4><b>Sucre<\/b><b><\/b><\/h4>\n<p class=\"p\">Permet de maintenir des conditions environnementales stables en prot\u00e9geant les bact\u00e9ries.<\/p>\n<h3>Conseils d&rsquo;application<\/h3>\n<p>Appliquer matin et soir \u00e0 l&rsquo;aide d&rsquo;un coton sur le visage et les yeux. Sans rin\u00e7age<\/p>\n<h3>Ingredients<\/h3>\n<p>AQUA \/ WATER \/ EAU. POLOXAMER 184. PROPANEDIOL. PENTYLENE GLYCOL. GLYCERIN. CAPRYLYL\/CAPRYL GLUCOSIDE. PARFUM \/ FRAGRANCE. ETHYLHEXYLGLYCERIN. SODIUM BENZOATE. MARIS AQUA \/ SEA WATER \/ EAU DE MER. CITRIC ACID. PHENETHYL ALCOHOL. LAMINARIA DIGITATA EXTRACT. CHLORELLA VULGARIS EXTRACT. SACCHARIDE ISOMERATE. 4089A.<\/p>\n","protected":false},"excerpt":{"rendered":"<p>Lierac D\u00e9maquillant L&rsquo;Eau Micellaire\u00a0nettoie et d\u00e9maquille en douceur le visage et les yeux. Compos\u00e9e \u00e0 96% d&rsquo;ingr\u00e9dients d&rsquo;origine naturelle, l&rsquo;Eau Micellaire nettoie et d\u00e9maquille en douceur le visage et les yeux. Au coeur de sa formule, le Complexe Pr\u00e9biotiques Marin pr\u00e9serve et renforce le microbiote cutan\u00e9. Sa texture fra\u00eeche et d\u00e9licatement parfum\u00e9e laisse la peau [&hellip;]<\/p>\n","protected":false},"featured_media":20562,"template":"","meta":{"om_disable_all_campaigns":false},"product_brand":[],"product_cat":[15],"product_tag":[10392,7370,10396,8168,10391,10390,10393,9788,7363,6381,6176,7367,10394,6551,10395],"class_list":{"0":"post-20570","1":"product","2":"type-product","3":"status-publish","4":"has-post-thumbnail","6":"product_cat-beaute-sante-complements-alimentaires-soins-et-bien-etre-au-meilleur-prix","7":"product_tag-demaquillage-efficace","8":"product_tag-demaquillant-doux","9":"product_tag-demaquillant-hypoallergenique","10":"product_tag-demaquillant-visage","11":"product_tag-eau-micellaire-200-ml","12":"product_tag-lierac-eau-micellaire","13":"product_tag-lierac-maroc","14":"product_tag-nettoyage-doux-peau","15":"product_tag-nettoyant-visage-doux","16":"product_tag-peau-purifiee","17":"product_tag-peau-sensible","18":"product_tag-routine-beaute-visage","19":"product_tag-soin-peau-equilibree","20":"product_tag-soin-visage-quotidien","21":"product_tag-teint-frais-et-lumineux","23":"first","24":"instock","25":"sale","26":"taxable","27":"shipping-taxable","28":"purchasable","29":"product-type-simple"},"yoast_head":"<!-- This site is optimized with the Yoast SEO plugin v27.4 - https:\/\/yoast.com\/product\/yoast-seo-wordpress\/ -->\n<title>Lierac D\u00e9maquillant L&#039;Eau Micellaire 200ml - Maroc Prix<\/title>\n<meta name=\"description\" content=\"Lierac D\u00e9maquillant L&#039;Eau Micellaire 200\u202fml, nettoie et d\u00e9maquille efficacement tout en respectant la peau, pour un teint pur et frais.\" \/>\n<meta name=\"robots\" content=\"index, follow, max-snippet:-1, max-image-preview:large, max-video-preview:-1\" \/>\n<link rel=\"canonical\" href=\"https:\/\/vitablanca.ma\/ar\/product-2\/lierac-demaquillant-leau-micellaire-200ml\/\" \/>\n<meta property=\"og:locale\" content=\"ar_AR\" \/>\n<meta property=\"og:type\" content=\"article\" \/>\n<meta property=\"og:title\" content=\"Lierac D\u00e9maquillant L&#039;Eau Micellaire 200ml - Maroc Prix\" \/>\n<meta property=\"og:description\" content=\"Lierac D\u00e9maquillant L&#039;Eau Micellaire 200\u202fml, nettoie et d\u00e9maquille efficacement tout en respectant la peau, pour un teint pur et frais.\" \/>\n<meta property=\"og:url\" content=\"https:\/\/vitablanca.ma\/ar\/product-2\/lierac-demaquillant-leau-micellaire-200ml\/\" \/>\n<meta property=\"og:site_name\" content=\"Vitablanca.ma &ndash; Sant&eacute;, vitalit&eacute; et bien-&ecirc;tre pour tous les Marocains\" \/>\n<meta property=\"article:publisher\" content=\"https:\/\/www.facebook.com\/profile.php?id=61576678196717\" \/>\n<meta property=\"article:modified_time\" content=\"2026-02-22T23:03:25+00:00\" \/>\n<meta property=\"og:image\" content=\"https:\/\/vitablanca.ma\/wp-content\/uploads\/2025\/06\/Lierac-Demaquillant-L_Eau-Micellaire-novapara-maroc.jpg\" \/>\n\t<meta property=\"og:image:width\" content=\"1000\" \/>\n\t<meta property=\"og:image:height\" content=\"1000\" \/>\n\t<meta property=\"og:image:type\" content=\"image\/jpeg\" \/>\n<meta name=\"twitter:card\" content=\"summary_large_image\" \/>\n<meta name=\"twitter:label1\" content=\"\u0648\u0642\u062a \u0627\u0644\u0642\u0631\u0627\u0621\u0629 \u0627\u0644\u0645\u064f\u0642\u062f\u0651\u0631\" \/>\n\t<meta name=\"twitter:data1\" content=\"\u062f\u0642\u064a\u0642\u062a\u0627\u0646\" \/>\n<script type=\"application\/ld+json\" class=\"yoast-schema-graph\">{\"@context\":\"https:\\\/\\\/schema.org\",\"@graph\":[{\"@type\":[\"WebPage\",\"ItemPage\"],\"@id\":\"https:\\\/\\\/vitablanca.ma\\\/produit\\\/lierac-demaquillant-leau-micellaire-200ml\\\/\",\"url\":\"https:\\\/\\\/vitablanca.ma\\\/produit\\\/lierac-demaquillant-leau-micellaire-200ml\\\/\",\"name\":\"Lierac D\u00e9maquillant L'Eau Micellaire 200ml - Maroc Prix\",\"isPartOf\":{\"@id\":\"https:\\\/\\\/vitablanca.ma\\\/#website\"},\"primaryImageOfPage\":{\"@id\":\"https:\\\/\\\/vitablanca.ma\\\/produit\\\/lierac-demaquillant-leau-micellaire-200ml\\\/#primaryimage\"},\"image\":{\"@id\":\"https:\\\/\\\/vitablanca.ma\\\/produit\\\/lierac-demaquillant-leau-micellaire-200ml\\\/#primaryimage\"},\"thumbnailUrl\":\"https:\\\/\\\/vitablanca.ma\\\/wp-content\\\/uploads\\\/2025\\\/06\\\/Lierac-Demaquillant-L_Eau-Micellaire-novapara-maroc.jpg\",\"datePublished\":\"2025-06-10T18:39:25+00:00\",\"dateModified\":\"2026-02-22T23:03:25+00:00\",\"description\":\"Lierac D\u00e9maquillant L'Eau Micellaire 200\u202fml, nettoie et d\u00e9maquille efficacement tout en respectant la peau, pour un teint pur et frais.\",\"breadcrumb\":{\"@id\":\"https:\\\/\\\/vitablanca.ma\\\/produit\\\/lierac-demaquillant-leau-micellaire-200ml\\\/#breadcrumb\"},\"inLanguage\":\"ar\",\"potentialAction\":[{\"@type\":\"ReadAction\",\"target\":[\"https:\\\/\\\/vitablanca.ma\\\/produit\\\/lierac-demaquillant-leau-micellaire-200ml\\\/\"]}]},{\"@type\":\"ImageObject\",\"inLanguage\":\"ar\",\"@id\":\"https:\\\/\\\/vitablanca.ma\\\/produit\\\/lierac-demaquillant-leau-micellaire-200ml\\\/#primaryimage\",\"url\":\"https:\\\/\\\/vitablanca.ma\\\/wp-content\\\/uploads\\\/2025\\\/06\\\/Lierac-Demaquillant-L_Eau-Micellaire-novapara-maroc.jpg\",\"contentUrl\":\"https:\\\/\\\/vitablanca.ma\\\/wp-content\\\/uploads\\\/2025\\\/06\\\/Lierac-Demaquillant-L_Eau-Micellaire-novapara-maroc.jpg\",\"width\":1000,\"height\":1000},{\"@type\":\"BreadcrumbList\",\"@id\":\"https:\\\/\\\/vitablanca.ma\\\/produit\\\/lierac-demaquillant-leau-micellaire-200ml\\\/#breadcrumb\",\"itemListElement\":[{\"@type\":\"ListItem\",\"position\":1,\"name\":\"Home\",\"item\":\"https:\\\/\\\/vitablanca.ma\\\/\"},{\"@type\":\"ListItem\",\"position\":2,\"name\":\"Tous Les Produits\",\"item\":\"https:\\\/\\\/vitablanca.ma\\\/tous-les-produits\\\/\"},{\"@type\":\"ListItem\",\"position\":3,\"name\":\"Lierac D\u00e9maquillant L&#8217;Eau Micellaire 200ml\"}]},{\"@type\":\"WebSite\",\"@id\":\"https:\\\/\\\/vitablanca.ma\\\/#website\",\"url\":\"https:\\\/\\\/vitablanca.ma\\\/\",\"name\":\"VitaBlanca.ma | Compl\u00e9ments alimentaires, sant\u00e9 & beaut\u00e9 au Maroc\",\"description\":\"vendre vitamines et compl\u00e9ments premium des USA &amp; Canada, Nouvelle Z\u00e9lande,Maroc (NOW Foods, Solgar, Manuka). Livraison rapide partout au Maroc.\",\"publisher\":{\"@id\":\"https:\\\/\\\/vitablanca.ma\\\/#organization\"},\"alternateName\":\"VitaBlanca.ma\",\"potentialAction\":[{\"@type\":\"SearchAction\",\"target\":{\"@type\":\"EntryPoint\",\"urlTemplate\":\"https:\\\/\\\/vitablanca.ma\\\/?s={search_term_string}\"},\"query-input\":{\"@type\":\"PropertyValueSpecification\",\"valueRequired\":true,\"valueName\":\"search_term_string\"}}],\"inLanguage\":\"ar\"},{\"@type\":\"Organization\",\"@id\":\"https:\\\/\\\/vitablanca.ma\\\/#organization\",\"name\":\"VitaBlanca\",\"url\":\"https:\\\/\\\/vitablanca.ma\\\/\",\"logo\":{\"@type\":\"ImageObject\",\"inLanguage\":\"ar\",\"@id\":\"https:\\\/\\\/vitablanca.ma\\\/#\\\/schema\\\/logo\\\/image\\\/\",\"url\":\"https:\\\/\\\/vitablanca.ma\\\/wp-content\\\/uploads\\\/2025\\\/05\\\/cropped-vitablanca.png\",\"contentUrl\":\"https:\\\/\\\/vitablanca.ma\\\/wp-content\\\/uploads\\\/2025\\\/05\\\/cropped-vitablanca.png\",\"width\":360,\"height\":67,\"caption\":\"VitaBlanca\"},\"image\":{\"@id\":\"https:\\\/\\\/vitablanca.ma\\\/#\\\/schema\\\/logo\\\/image\\\/\"},\"sameAs\":[\"https:\\\/\\\/www.facebook.com\\\/profile.php?id=61576678196717\",\"https:\\\/\\\/www.tiktok.com\\\/@vitablanca.ma\",\"https:\\\/\\\/www.instagram.com\\\/vitablanca.ma\\\/\"]}]}<\/script>\n<!-- \/ Yoast SEO plugin. -->","yoast_head_json":{"title":"\u0645\u0632\u064a\u0644 \u0645\u0643\u064a\u0627\u062c \u0644\u064a\u0631\u0627\u0643 \u0645\u064a\u0633\u064a\u0644\u0627\u0631 200 \u0645\u0644 - \u0633\u0639\u0631 \u0627\u0644\u0645\u063a\u0631\u0628","description":"Lierac D\u00e9maquillant L'Eau Micellaire 200\u202fml, nettoie et d\u00e9maquille efficacement tout en respectant la peau, pour un teint pur et frais.","robots":{"index":"index","follow":"follow","max-snippet":"max-snippet:-1","max-image-preview":"max-image-preview:large","max-video-preview":"max-video-preview:-1"},"canonical":"https:\/\/vitablanca.ma\/ar\/product-2\/lierac-demaquillant-leau-micellaire-200ml\/","og_locale":"ar_AR","og_type":"article","og_title":"Lierac D\u00e9maquillant L'Eau Micellaire 200ml - Maroc Prix","og_description":"Lierac D\u00e9maquillant L'Eau Micellaire 200\u202fml, nettoie et d\u00e9maquille efficacement tout en respectant la peau, pour un teint pur et frais.","og_url":"https:\/\/vitablanca.ma\/ar\/product-2\/lierac-demaquillant-leau-micellaire-200ml\/","og_site_name":"Vitablanca.ma &ndash; Sant&eacute;, vitalit&eacute; et bien-&ecirc;tre pour tous les Marocains","article_publisher":"https:\/\/www.facebook.com\/profile.php?id=61576678196717","article_modified_time":"2026-02-22T23:03:25+00:00","og_image":[{"width":1000,"height":1000,"url":"https:\/\/vitablanca.ma\/wp-content\/uploads\/2025\/06\/Lierac-Demaquillant-L_Eau-Micellaire-novapara-maroc.jpg","type":"image\/jpeg"}],"twitter_card":"summary_large_image","twitter_misc":{"\u0648\u0642\u062a \u0627\u0644\u0642\u0631\u0627\u0621\u0629 \u0627\u0644\u0645\u064f\u0642\u062f\u0651\u0631":"\u062f\u0642\u064a\u0642\u062a\u0627\u0646"},"schema":{"@context":"https:\/\/schema.org","@graph":[{"@type":["WebPage","ItemPage"],"@id":"https:\/\/vitablanca.ma\/produit\/lierac-demaquillant-leau-micellaire-200ml\/","url":"https:\/\/vitablanca.ma\/produit\/lierac-demaquillant-leau-micellaire-200ml\/","name":"\u0645\u0632\u064a\u0644 \u0645\u0643\u064a\u0627\u062c \u0644\u064a\u0631\u0627\u0643 \u0645\u064a\u0633\u064a\u0644\u0627\u0631 200 \u0645\u0644 - \u0633\u0639\u0631 \u0627\u0644\u0645\u063a\u0631\u0628","isPartOf":{"@id":"https:\/\/vitablanca.ma\/#website"},"primaryImageOfPage":{"@id":"https:\/\/vitablanca.ma\/produit\/lierac-demaquillant-leau-micellaire-200ml\/#primaryimage"},"image":{"@id":"https:\/\/vitablanca.ma\/produit\/lierac-demaquillant-leau-micellaire-200ml\/#primaryimage"},"thumbnailUrl":"https:\/\/vitablanca.ma\/wp-content\/uploads\/2025\/06\/Lierac-Demaquillant-L_Eau-Micellaire-novapara-maroc.jpg","datePublished":"2025-06-10T18:39:25+00:00","dateModified":"2026-02-22T23:03:25+00:00","description":"Lierac D\u00e9maquillant L'Eau Micellaire 200\u202fml, nettoie et d\u00e9maquille efficacement tout en respectant la peau, pour un teint pur et frais.","breadcrumb":{"@id":"https:\/\/vitablanca.ma\/produit\/lierac-demaquillant-leau-micellaire-200ml\/#breadcrumb"},"inLanguage":"ar","potentialAction":[{"@type":"ReadAction","target":["https:\/\/vitablanca.ma\/produit\/lierac-demaquillant-leau-micellaire-200ml\/"]}]},{"@type":"ImageObject","inLanguage":"ar","@id":"https:\/\/vitablanca.ma\/produit\/lierac-demaquillant-leau-micellaire-200ml\/#primaryimage","url":"https:\/\/vitablanca.ma\/wp-content\/uploads\/2025\/06\/Lierac-Demaquillant-L_Eau-Micellaire-novapara-maroc.jpg","contentUrl":"https:\/\/vitablanca.ma\/wp-content\/uploads\/2025\/06\/Lierac-Demaquillant-L_Eau-Micellaire-novapara-maroc.jpg","width":1000,"height":1000},{"@type":"BreadcrumbList","@id":"https:\/\/vitablanca.ma\/produit\/lierac-demaquillant-leau-micellaire-200ml\/#breadcrumb","itemListElement":[{"@type":"ListItem","position":1,"name":"Home","item":"https:\/\/vitablanca.ma\/"},{"@type":"ListItem","position":2,"name":"Tous Les Produits","item":"https:\/\/vitablanca.ma\/tous-les-produits\/"},{"@type":"ListItem","position":3,"name":"Lierac D\u00e9maquillant L&#8217;Eau Micellaire 200ml"}]},{"@type":"WebSite","@id":"https:\/\/vitablanca.ma\/#website","url":"https:\/\/vitablanca.ma\/","name":"VitaBlanca.ma | \u0627\u0644\u0645\u0643\u0645\u0644\u0627\u062a \u0627\u0644\u063a\u0630\u0627\u0626\u064a\u0629\u060c \u0627\u0644\u0635\u062d\u0629 \u0648\u0627\u0644\u062c\u0645\u0627\u0644 \u0641\u064a \u0627\u0644\u0645\u063a\u0631\u0628","description":"\u0646\u0628\u064a\u0639 \u0641\u064a\u062a\u0627\u0645\u064a\u0646\u0627\u062a \u0648\u0645\u0643\u0645\u0644\u0627\u062a \u063a\u0630\u0627\u0626\u064a\u0629 \u0641\u0627\u062e\u0631\u0629 \u0645\u0646 \u0627\u0644\u0648\u0644\u0627\u064a\u0627\u062a \u0627\u0644\u0645\u062a\u062d\u062f\u0629 \u0627\u0644\u0623\u0645\u0631\u064a\u0643\u064a\u0629 \u0648\u0643\u0646\u062f\u0627 \u0648\u0646\u064a\u0648\u0632\u064a\u0644\u0646\u062f\u0627 \u0648\u0627\u0644\u0645\u063a\u0631\u0628 (\u0646\u0627\u0648 \u0641\u0648\u062f\u0632\u060c \u0633\u0648\u0644\u062c\u0627\u0631\u060c \u0645\u0627\u0646\u0648\u0643\u0627). \u062a\u0648\u0635\u064a\u0644 \u0633\u0631\u064a\u0639 \u0625\u0644\u0649 \u062c\u0645\u064a\u0639 \u0623\u0646\u062d\u0627\u0621 \u0627\u0644\u0645\u063a\u0631\u0628.","publisher":{"@id":"https:\/\/vitablanca.ma\/#organization"},"alternateName":"VitaBlanca.ma","potentialAction":[{"@type":"SearchAction","target":{"@type":"EntryPoint","urlTemplate":"https:\/\/vitablanca.ma\/?s={search_term_string}"},"query-input":{"@type":"PropertyValueSpecification","valueRequired":true,"valueName":"search_term_string"}}],"inLanguage":"ar"},{"@type":"Organization","@id":"https:\/\/vitablanca.ma\/#organization","name":"\u0641\u064a\u062a\u0627\u0628\u0644\u0627\u0646\u0643\u0627","url":"https:\/\/vitablanca.ma\/","logo":{"@type":"ImageObject","inLanguage":"ar","@id":"https:\/\/vitablanca.ma\/#\/schema\/logo\/image\/","url":"https:\/\/vitablanca.ma\/wp-content\/uploads\/2025\/05\/cropped-vitablanca.png","contentUrl":"https:\/\/vitablanca.ma\/wp-content\/uploads\/2025\/05\/cropped-vitablanca.png","width":360,"height":67,"caption":"VitaBlanca"},"image":{"@id":"https:\/\/vitablanca.ma\/#\/schema\/logo\/image\/"},"sameAs":["https:\/\/www.facebook.com\/profile.php?id=61576678196717","https:\/\/www.tiktok.com\/@vitablanca.ma","https:\/\/www.instagram.com\/vitablanca.ma\/"]}]}},"jetpack_sharing_enabled":true,"_links":{"self":[{"href":"https:\/\/vitablanca.ma\/ar\/wp-json\/wp\/v2\/product\/20570","targetHints":{"allow":["GET"]}}],"collection":[{"href":"https:\/\/vitablanca.ma\/ar\/wp-json\/wp\/v2\/product"}],"about":[{"href":"https:\/\/vitablanca.ma\/ar\/wp-json\/wp\/v2\/types\/product"}],"wp:featuredmedia":[{"embeddable":true,"href":"https:\/\/vitablanca.ma\/ar\/wp-json\/wp\/v2\/media\/20562"}],"wp:attachment":[{"href":"https:\/\/vitablanca.ma\/ar\/wp-json\/wp\/v2\/media?parent=20570"}],"wp:term":[{"taxonomy":"product_brand","embeddable":true,"href":"https:\/\/vitablanca.ma\/ar\/wp-json\/wp\/v2\/product_brand?post=20570"},{"taxonomy":"product_cat","embeddable":true,"href":"https:\/\/vitablanca.ma\/ar\/wp-json\/wp\/v2\/product_cat?post=20570"},{"taxonomy":"product_tag","embeddable":true,"href":"https:\/\/vitablanca.ma\/ar\/wp-json\/wp\/v2\/product_tag?post=20570"}],"curies":[{"name":"wp","href":"https:\/\/api.w.org\/{rel}","templated":true}]}}