{"id":20560,"date":"2025-06-10T18:39:08","date_gmt":"2025-06-10T18:39:08","guid":{"rendered":"https:\/\/vitablanca.ma\/product\/lierac-le-lait-demaquillant-200ml\/"},"modified":"2026-02-22T23:22:00","modified_gmt":"2026-02-22T23:22:00","slug":"lierac-le-lait-demaquillant-200ml","status":"publish","type":"product","link":"https:\/\/vitablanca.ma\/ar\/product-2\/lierac-le-lait-demaquillant-200ml\/","title":{"rendered":"Lierac Le Lait d\u00e9maquillant 200ml"},"content":{"rendered":"<h2>Lierac Lait d\u00e9maquillant nettoie et d\u00e9maquille en douceur le visage et les yeux.<\/h2>\n<p class=\"MsoNormal\">Compos\u00e9e \u00e0 97% d&rsquo;ingr\u00e9dients d&rsquo;origine naturelle, Le Lait D\u00e9maquillant nettoie et d\u00e9maquille en douceur le visage et les yeux en apportant un confort imm\u00e9diat \u00e0 la peau. Au coeur de sa formule, le Complexe Pr\u00e9biotiques Marin pr\u00e9serve le microbiote cutan\u00e9.<\/p>\n<p>Sa texture velout\u00e9e l\u00e9g\u00e8re et non grasse enveloppe la peau d&rsquo;un voile de douceur. Elle est parfaitement propre, confortable et nourrie.<\/p>\n<p>Convient \u00e0 tous les types de peaux.<\/p>\n<h3 class=\"p\"><strong data-mce-fragment=\"1\">B\u00e9n\u00e9fices<\/strong><\/h3>\n<p>LE COMPLEXE PR\u00c9BIOTIQUES<br \/>\nIl offre un apport nutritif complet et \u00e9quilibr\u00e9, adapt\u00e9 aux besoins de tous les microbiotes. Compos\u00e9 de 3 ingr\u00e9dients actifs [eau de mer &#8211; algues vertes et brunes &#8211; sucre], il fournit les nutriments essentiels au maintien d&rsquo;un microbiote cutan\u00e9 \u00e9quilibr\u00e9.<\/p>\n<h4><b>Eau de mer<\/b><b><\/b><\/h4>\n<p class=\"p\">Apporte une grande vari\u00e9t\u00e9 de min\u00e9raux et oligo\u00e9l\u00e9ments essentiels \u00e0 la bonne diversit\u00e9 du microbiote<\/p>\n<h4><b>Algues vertes et brunes<\/b><b><\/b><\/h4>\n<p class=\"p\">sources de sucres et d&rsquo;acides amin\u00e9s qui vont respectivement apporter du carbone et de l&rsquo;azote, deux \u00e9l\u00e9ments indispensables \u00e0 la croissance des bact\u00e9ries du microbiote.<\/p>\n<h4><b>Sucre<\/b><b><\/b><\/h4>\n<p class=\"p\">Permet de maintenir des conditions environnementales stables en prot\u00e9geant les bact\u00e9ries.<\/p>\n<h3>Conseils d&rsquo;application<\/h3>\n<p>Appliquer matin et soir \u00e0 l&rsquo;aide d&rsquo;un coton sur le visage et les yeux. Sans rin\u00e7age<\/p>\n<p><strong>Compos\u00e9 \u00e0 97% d&rsquo;ingr\u00e9dients d&rsquo;origine naturelle<\/strong>, le Lait D\u00e9maquillant \u00e9limine efficacement le maquillage et les impuret\u00e9s en apportant douceur et nutrition \u00e0 la peau<\/p>\n<h3>Ingredients<\/h3>\n<p>AQUA \/ WATER \/ EAU. C15-19 ALKANE. CETEARYL ALCOHOL. POLOXAMER 184. PROPANEDIOL. DICAPRYLYL ETHER. ARACHIDYL ALCOHOL. CAPRYLIC\/CAPRIC TRIGLYCERIDE. ETHYLHEXYL STEARATE. BEHENYL ALCOHOL. GLYCERIN. ARACHIDYL GLUCOSIDE. ETHYLHEXYLGLYCERIN. PARFUM \/ FRAGRANCE. SODIUM BENZOATE. XANTHAN GUM. MARIS AQUA \/ SEA WATER \/ EAU DE MER. TOCOPHEROL. CITRIC ACID. HELIANTHUS ANNUUS (SUNFLOWER) SEED OIL. PHENETHYL ALCOHOL. LAMINARIA DIGITATA EXTRACT. CHLORELLA VULGARIS EXTRACT. SACCHARIDE ISOMERATE. 4090A<\/p>\n","protected":false},"excerpt":{"rendered":"<p>Lierac Lait d\u00e9maquillant nettoie et d\u00e9maquille en douceur le visage et les yeux. Compos\u00e9e \u00e0 97% d&rsquo;ingr\u00e9dients d&rsquo;origine naturelle, Le Lait D\u00e9maquillant nettoie et d\u00e9maquille en douceur le visage et les yeux en apportant un confort imm\u00e9diat \u00e0 la peau. Au coeur de sa formule, le Complexe Pr\u00e9biotiques Marin pr\u00e9serve le microbiote cutan\u00e9. Sa texture [&hellip;]<\/p>\n","protected":false},"featured_media":20555,"template":"","meta":{"om_disable_all_campaigns":false},"product_brand":[],"product_cat":[15],"product_tag":[10392,7370,10421,10419,10423,10425,10418,10393,8635,10420,6176,7367,10424,10422,10395],"class_list":{"0":"post-20560","1":"product","2":"type-product","3":"status-publish","4":"has-post-thumbnail","6":"product_cat-beaute-sante-complements-alimentaires-soins-et-bien-etre-au-meilleur-prix","7":"product_tag-demaquillage-efficace","8":"product_tag-demaquillant-doux","9":"product_tag-elimine-maquillage-et-impuretes","10":"product_tag-lait-demaquillant-200-ml","11":"product_tag-lait-demaquillant-onctueux","12":"product_tag-lait-visage-douceur","13":"product_tag-lierac-lait-demaquillant","14":"product_tag-lierac-maroc","15":"product_tag-nettoyage-visage-quotidien","16":"product_tag-peau-hydratee-et-douce","17":"product_tag-peau-sensible","18":"product_tag-routine-beaute-visage","19":"product_tag-soin-nettoyage-visage","20":"product_tag-soin-visage-lierac","21":"product_tag-teint-frais-et-lumineux","23":"first","24":"instock","25":"sale","26":"taxable","27":"shipping-taxable","28":"purchasable","29":"product-type-simple"},"yoast_head":"<!-- This site is optimized with the Yoast SEO plugin v27.4 - https:\/\/yoast.com\/product\/yoast-seo-wordpress\/ -->\n<title>Lierac Le Lait d\u00e9maquillant 200ml - Maroc Prix<\/title>\n<meta name=\"description\" content=\"Lierac Le Lait D\u00e9maquillant 200\u202fml, nettoie et \u00e9limine maquillage et impuret\u00e9s tout en hydratant et adoucissant la peau pour un teint frais et lumineux.\" \/>\n<meta name=\"robots\" content=\"index, follow, max-snippet:-1, max-image-preview:large, max-video-preview:-1\" \/>\n<link rel=\"canonical\" href=\"https:\/\/vitablanca.ma\/ar\/product-2\/lierac-le-lait-demaquillant-200ml\/\" \/>\n<meta property=\"og:locale\" content=\"ar_AR\" \/>\n<meta property=\"og:type\" content=\"article\" \/>\n<meta property=\"og:title\" content=\"Lierac Le Lait d\u00e9maquillant 200ml - Maroc Prix\" \/>\n<meta property=\"og:description\" content=\"Lierac Le Lait D\u00e9maquillant 200\u202fml, nettoie et \u00e9limine maquillage et impuret\u00e9s tout en hydratant et adoucissant la peau pour un teint frais et lumineux.\" \/>\n<meta property=\"og:url\" content=\"https:\/\/vitablanca.ma\/ar\/product-2\/lierac-le-lait-demaquillant-200ml\/\" \/>\n<meta property=\"og:site_name\" content=\"Vitablanca.ma &ndash; Sant&eacute;, vitalit&eacute; et bien-&ecirc;tre pour tous les Marocains\" \/>\n<meta property=\"article:publisher\" content=\"https:\/\/www.facebook.com\/profile.php?id=61576678196717\" \/>\n<meta property=\"article:modified_time\" content=\"2026-02-22T23:22:00+00:00\" \/>\n<meta property=\"og:image\" content=\"https:\/\/vitablanca.ma\/wp-content\/uploads\/2025\/06\/Lierac-Demaquillant-l_ait-Micellaire-novapara-maroc2-jpg.jpg\" \/>\n\t<meta property=\"og:image:width\" content=\"1000\" \/>\n\t<meta property=\"og:image:height\" content=\"1000\" \/>\n\t<meta property=\"og:image:type\" content=\"image\/jpeg\" \/>\n<meta name=\"twitter:card\" content=\"summary_large_image\" \/>\n<meta name=\"twitter:label1\" content=\"\u0648\u0642\u062a \u0627\u0644\u0642\u0631\u0627\u0621\u0629 \u0627\u0644\u0645\u064f\u0642\u062f\u0651\u0631\" \/>\n\t<meta name=\"twitter:data1\" content=\"\u062f\u0642\u064a\u0642\u062a\u0627\u0646\" \/>\n<script type=\"application\/ld+json\" class=\"yoast-schema-graph\">{\"@context\":\"https:\\\/\\\/schema.org\",\"@graph\":[{\"@type\":[\"WebPage\",\"ItemPage\"],\"@id\":\"https:\\\/\\\/vitablanca.ma\\\/produit\\\/lierac-le-lait-demaquillant-200ml\\\/\",\"url\":\"https:\\\/\\\/vitablanca.ma\\\/produit\\\/lierac-le-lait-demaquillant-200ml\\\/\",\"name\":\"Lierac Le Lait d\u00e9maquillant 200ml - Maroc Prix\",\"isPartOf\":{\"@id\":\"https:\\\/\\\/vitablanca.ma\\\/#website\"},\"primaryImageOfPage\":{\"@id\":\"https:\\\/\\\/vitablanca.ma\\\/produit\\\/lierac-le-lait-demaquillant-200ml\\\/#primaryimage\"},\"image\":{\"@id\":\"https:\\\/\\\/vitablanca.ma\\\/produit\\\/lierac-le-lait-demaquillant-200ml\\\/#primaryimage\"},\"thumbnailUrl\":\"https:\\\/\\\/vitablanca.ma\\\/wp-content\\\/uploads\\\/2025\\\/06\\\/Lierac-Demaquillant-l_ait-Micellaire-novapara-maroc2-jpg.jpg\",\"datePublished\":\"2025-06-10T18:39:08+00:00\",\"dateModified\":\"2026-02-22T23:22:00+00:00\",\"description\":\"Lierac Le Lait D\u00e9maquillant 200\u202fml, nettoie et \u00e9limine maquillage et impuret\u00e9s tout en hydratant et adoucissant la peau pour un teint frais et lumineux.\",\"breadcrumb\":{\"@id\":\"https:\\\/\\\/vitablanca.ma\\\/produit\\\/lierac-le-lait-demaquillant-200ml\\\/#breadcrumb\"},\"inLanguage\":\"ar\",\"potentialAction\":[{\"@type\":\"ReadAction\",\"target\":[\"https:\\\/\\\/vitablanca.ma\\\/produit\\\/lierac-le-lait-demaquillant-200ml\\\/\"]}]},{\"@type\":\"ImageObject\",\"inLanguage\":\"ar\",\"@id\":\"https:\\\/\\\/vitablanca.ma\\\/produit\\\/lierac-le-lait-demaquillant-200ml\\\/#primaryimage\",\"url\":\"https:\\\/\\\/vitablanca.ma\\\/wp-content\\\/uploads\\\/2025\\\/06\\\/Lierac-Demaquillant-l_ait-Micellaire-novapara-maroc2-jpg.jpg\",\"contentUrl\":\"https:\\\/\\\/vitablanca.ma\\\/wp-content\\\/uploads\\\/2025\\\/06\\\/Lierac-Demaquillant-l_ait-Micellaire-novapara-maroc2-jpg.jpg\",\"width\":1000,\"height\":1000},{\"@type\":\"BreadcrumbList\",\"@id\":\"https:\\\/\\\/vitablanca.ma\\\/produit\\\/lierac-le-lait-demaquillant-200ml\\\/#breadcrumb\",\"itemListElement\":[{\"@type\":\"ListItem\",\"position\":1,\"name\":\"Home\",\"item\":\"https:\\\/\\\/vitablanca.ma\\\/\"},{\"@type\":\"ListItem\",\"position\":2,\"name\":\"Tous Les Produits\",\"item\":\"https:\\\/\\\/vitablanca.ma\\\/tous-les-produits\\\/\"},{\"@type\":\"ListItem\",\"position\":3,\"name\":\"Lierac Le Lait d\u00e9maquillant 200ml\"}]},{\"@type\":\"WebSite\",\"@id\":\"https:\\\/\\\/vitablanca.ma\\\/#website\",\"url\":\"https:\\\/\\\/vitablanca.ma\\\/\",\"name\":\"VitaBlanca.ma | Compl\u00e9ments alimentaires, sant\u00e9 & beaut\u00e9 au Maroc\",\"description\":\"vendre vitamines et compl\u00e9ments premium des USA &amp; Canada, Nouvelle Z\u00e9lande,Maroc (NOW Foods, Solgar, Manuka). Livraison rapide partout au Maroc.\",\"publisher\":{\"@id\":\"https:\\\/\\\/vitablanca.ma\\\/#organization\"},\"alternateName\":\"VitaBlanca.ma\",\"potentialAction\":[{\"@type\":\"SearchAction\",\"target\":{\"@type\":\"EntryPoint\",\"urlTemplate\":\"https:\\\/\\\/vitablanca.ma\\\/?s={search_term_string}\"},\"query-input\":{\"@type\":\"PropertyValueSpecification\",\"valueRequired\":true,\"valueName\":\"search_term_string\"}}],\"inLanguage\":\"ar\"},{\"@type\":\"Organization\",\"@id\":\"https:\\\/\\\/vitablanca.ma\\\/#organization\",\"name\":\"VitaBlanca\",\"url\":\"https:\\\/\\\/vitablanca.ma\\\/\",\"logo\":{\"@type\":\"ImageObject\",\"inLanguage\":\"ar\",\"@id\":\"https:\\\/\\\/vitablanca.ma\\\/#\\\/schema\\\/logo\\\/image\\\/\",\"url\":\"https:\\\/\\\/vitablanca.ma\\\/wp-content\\\/uploads\\\/2025\\\/05\\\/cropped-vitablanca.png\",\"contentUrl\":\"https:\\\/\\\/vitablanca.ma\\\/wp-content\\\/uploads\\\/2025\\\/05\\\/cropped-vitablanca.png\",\"width\":360,\"height\":67,\"caption\":\"VitaBlanca\"},\"image\":{\"@id\":\"https:\\\/\\\/vitablanca.ma\\\/#\\\/schema\\\/logo\\\/image\\\/\"},\"sameAs\":[\"https:\\\/\\\/www.facebook.com\\\/profile.php?id=61576678196717\",\"https:\\\/\\\/www.tiktok.com\\\/@vitablanca.ma\",\"https:\\\/\\\/www.instagram.com\\\/vitablanca.ma\\\/\"]}]}<\/script>\n<!-- \/ Yoast SEO plugin. -->","yoast_head_json":{"title":"Lierac Le Lait d\u00e9maquillant 200ml - Maroc Prix","description":"Lierac Le Lait D\u00e9maquillant 200\u202fml, nettoie et \u00e9limine maquillage et impuret\u00e9s tout en hydratant et adoucissant la peau pour un teint frais et lumineux.","robots":{"index":"index","follow":"follow","max-snippet":"max-snippet:-1","max-image-preview":"max-image-preview:large","max-video-preview":"max-video-preview:-1"},"canonical":"https:\/\/vitablanca.ma\/ar\/product-2\/lierac-le-lait-demaquillant-200ml\/","og_locale":"ar_AR","og_type":"article","og_title":"Lierac Le Lait d\u00e9maquillant 200ml - Maroc Prix","og_description":"Lierac Le Lait D\u00e9maquillant 200\u202fml, nettoie et \u00e9limine maquillage et impuret\u00e9s tout en hydratant et adoucissant la peau pour un teint frais et lumineux.","og_url":"https:\/\/vitablanca.ma\/ar\/product-2\/lierac-le-lait-demaquillant-200ml\/","og_site_name":"Vitablanca.ma &ndash; Sant&eacute;, vitalit&eacute; et bien-&ecirc;tre pour tous les Marocains","article_publisher":"https:\/\/www.facebook.com\/profile.php?id=61576678196717","article_modified_time":"2026-02-22T23:22:00+00:00","og_image":[{"width":1000,"height":1000,"url":"https:\/\/vitablanca.ma\/wp-content\/uploads\/2025\/06\/Lierac-Demaquillant-l_ait-Micellaire-novapara-maroc2-jpg.jpg","type":"image\/jpeg"}],"twitter_card":"summary_large_image","twitter_misc":{"\u0648\u0642\u062a \u0627\u0644\u0642\u0631\u0627\u0621\u0629 \u0627\u0644\u0645\u064f\u0642\u062f\u0651\u0631":"\u062f\u0642\u064a\u0642\u062a\u0627\u0646"},"schema":{"@context":"https:\/\/schema.org","@graph":[{"@type":["WebPage","ItemPage"],"@id":"https:\/\/vitablanca.ma\/produit\/lierac-le-lait-demaquillant-200ml\/","url":"https:\/\/vitablanca.ma\/produit\/lierac-le-lait-demaquillant-200ml\/","name":"Lierac Le Lait d\u00e9maquillant 200ml - Maroc Prix","isPartOf":{"@id":"https:\/\/vitablanca.ma\/#website"},"primaryImageOfPage":{"@id":"https:\/\/vitablanca.ma\/produit\/lierac-le-lait-demaquillant-200ml\/#primaryimage"},"image":{"@id":"https:\/\/vitablanca.ma\/produit\/lierac-le-lait-demaquillant-200ml\/#primaryimage"},"thumbnailUrl":"https:\/\/vitablanca.ma\/wp-content\/uploads\/2025\/06\/Lierac-Demaquillant-l_ait-Micellaire-novapara-maroc2-jpg.jpg","datePublished":"2025-06-10T18:39:08+00:00","dateModified":"2026-02-22T23:22:00+00:00","description":"Lierac Le Lait D\u00e9maquillant 200\u202fml, nettoie et \u00e9limine maquillage et impuret\u00e9s tout en hydratant et adoucissant la peau pour un teint frais et lumineux.","breadcrumb":{"@id":"https:\/\/vitablanca.ma\/produit\/lierac-le-lait-demaquillant-200ml\/#breadcrumb"},"inLanguage":"ar","potentialAction":[{"@type":"ReadAction","target":["https:\/\/vitablanca.ma\/produit\/lierac-le-lait-demaquillant-200ml\/"]}]},{"@type":"ImageObject","inLanguage":"ar","@id":"https:\/\/vitablanca.ma\/produit\/lierac-le-lait-demaquillant-200ml\/#primaryimage","url":"https:\/\/vitablanca.ma\/wp-content\/uploads\/2025\/06\/Lierac-Demaquillant-l_ait-Micellaire-novapara-maroc2-jpg.jpg","contentUrl":"https:\/\/vitablanca.ma\/wp-content\/uploads\/2025\/06\/Lierac-Demaquillant-l_ait-Micellaire-novapara-maroc2-jpg.jpg","width":1000,"height":1000},{"@type":"BreadcrumbList","@id":"https:\/\/vitablanca.ma\/produit\/lierac-le-lait-demaquillant-200ml\/#breadcrumb","itemListElement":[{"@type":"ListItem","position":1,"name":"Home","item":"https:\/\/vitablanca.ma\/"},{"@type":"ListItem","position":2,"name":"Tous Les Produits","item":"https:\/\/vitablanca.ma\/tous-les-produits\/"},{"@type":"ListItem","position":3,"name":"Lierac Le Lait d\u00e9maquillant 200ml"}]},{"@type":"WebSite","@id":"https:\/\/vitablanca.ma\/#website","url":"https:\/\/vitablanca.ma\/","name":"VitaBlanca.ma | \u0627\u0644\u0645\u0643\u0645\u0644\u0627\u062a \u0627\u0644\u063a\u0630\u0627\u0626\u064a\u0629\u060c \u0627\u0644\u0635\u062d\u0629 \u0648\u0627\u0644\u062c\u0645\u0627\u0644 \u0641\u064a \u0627\u0644\u0645\u063a\u0631\u0628","description":"\u0646\u0628\u064a\u0639 \u0641\u064a\u062a\u0627\u0645\u064a\u0646\u0627\u062a \u0648\u0645\u0643\u0645\u0644\u0627\u062a \u063a\u0630\u0627\u0626\u064a\u0629 \u0641\u0627\u062e\u0631\u0629 \u0645\u0646 \u0627\u0644\u0648\u0644\u0627\u064a\u0627\u062a \u0627\u0644\u0645\u062a\u062d\u062f\u0629 \u0627\u0644\u0623\u0645\u0631\u064a\u0643\u064a\u0629 \u0648\u0643\u0646\u062f\u0627 \u0648\u0646\u064a\u0648\u0632\u064a\u0644\u0646\u062f\u0627 \u0648\u0627\u0644\u0645\u063a\u0631\u0628 (\u0646\u0627\u0648 \u0641\u0648\u062f\u0632\u060c \u0633\u0648\u0644\u062c\u0627\u0631\u060c \u0645\u0627\u0646\u0648\u0643\u0627). \u062a\u0648\u0635\u064a\u0644 \u0633\u0631\u064a\u0639 \u0625\u0644\u0649 \u062c\u0645\u064a\u0639 \u0623\u0646\u062d\u0627\u0621 \u0627\u0644\u0645\u063a\u0631\u0628.","publisher":{"@id":"https:\/\/vitablanca.ma\/#organization"},"alternateName":"VitaBlanca.ma","potentialAction":[{"@type":"SearchAction","target":{"@type":"EntryPoint","urlTemplate":"https:\/\/vitablanca.ma\/?s={search_term_string}"},"query-input":{"@type":"PropertyValueSpecification","valueRequired":true,"valueName":"search_term_string"}}],"inLanguage":"ar"},{"@type":"Organization","@id":"https:\/\/vitablanca.ma\/#organization","name":"\u0641\u064a\u062a\u0627\u0628\u0644\u0627\u0646\u0643\u0627","url":"https:\/\/vitablanca.ma\/","logo":{"@type":"ImageObject","inLanguage":"ar","@id":"https:\/\/vitablanca.ma\/#\/schema\/logo\/image\/","url":"https:\/\/vitablanca.ma\/wp-content\/uploads\/2025\/05\/cropped-vitablanca.png","contentUrl":"https:\/\/vitablanca.ma\/wp-content\/uploads\/2025\/05\/cropped-vitablanca.png","width":360,"height":67,"caption":"VitaBlanca"},"image":{"@id":"https:\/\/vitablanca.ma\/#\/schema\/logo\/image\/"},"sameAs":["https:\/\/www.facebook.com\/profile.php?id=61576678196717","https:\/\/www.tiktok.com\/@vitablanca.ma","https:\/\/www.instagram.com\/vitablanca.ma\/"]}]}},"jetpack_sharing_enabled":true,"_links":{"self":[{"href":"https:\/\/vitablanca.ma\/ar\/wp-json\/wp\/v2\/product\/20560","targetHints":{"allow":["GET"]}}],"collection":[{"href":"https:\/\/vitablanca.ma\/ar\/wp-json\/wp\/v2\/product"}],"about":[{"href":"https:\/\/vitablanca.ma\/ar\/wp-json\/wp\/v2\/types\/product"}],"wp:featuredmedia":[{"embeddable":true,"href":"https:\/\/vitablanca.ma\/ar\/wp-json\/wp\/v2\/media\/20555"}],"wp:attachment":[{"href":"https:\/\/vitablanca.ma\/ar\/wp-json\/wp\/v2\/media?parent=20560"}],"wp:term":[{"taxonomy":"product_brand","embeddable":true,"href":"https:\/\/vitablanca.ma\/ar\/wp-json\/wp\/v2\/product_brand?post=20560"},{"taxonomy":"product_cat","embeddable":true,"href":"https:\/\/vitablanca.ma\/ar\/wp-json\/wp\/v2\/product_cat?post=20560"},{"taxonomy":"product_tag","embeddable":true,"href":"https:\/\/vitablanca.ma\/ar\/wp-json\/wp\/v2\/product_tag?post=20560"}],"curies":[{"name":"wp","href":"https:\/\/api.w.org\/{rel}","templated":true}]}}