{"id":20559,"date":"2025-06-10T18:39:07","date_gmt":"2025-06-10T18:39:07","guid":{"rendered":"https:\/\/vitablanca.ma\/product\/manix-skyn-elite-10-preservatifs\/"},"modified":"2026-02-22T23:23:23","modified_gmt":"2026-02-22T23:23:23","slug":"manix-skyn-elite-10-preservatifs","status":"publish","type":"product","link":"https:\/\/vitablanca.ma\/ar\/product-2\/manix-skyn-elite-10-preservatifs\/","title":{"rendered":"Manix Skyn Elite 10 Pr\u00e9servatifs"},"content":{"rendered":"<h2>Manix Skyn Elite<span data-mce-fragment=\"1\">\u00a0affiche les normes les plus exigeantes pour votre s\u00e9r\u00e9nit\u00e9.<\/span><\/h2>\n<div class=\"text\" data-mce-fragment=\"1\">\n<p>Le plus fin des pr\u00e9servatifs SKYN\u00ae.<br data-mce-fragment=\"1\" \/>Pour ceux qui souhaitent profiter des avantages de SKYN\u00ae ORIGINAL avec un pr\u00e9servatif encore plus fin.<\/p>\n<ul data-mce-fragment=\"1\">\n<li data-mce-fragment=\"1\">Sensation ultime* : due \u00e0 sa formulation unique, SKYN\u00ae restitue un effet \u00ab seconde peau \u00bb<\/li>\n<li data-mce-fragment=\"1\">Souplesse* : plus confortable, SKYN\u00ae \u00e9pouse mieux l&rsquo;anatomie<\/li>\n<li data-mce-fragment=\"1\">Simplicit\u00e9* : SKYN\u00ae est plus facile \u00e0 d\u00e9rouler<\/li>\n<li data-mce-fragment=\"1\">Surface extr\u00eamement douce*<\/li>\n<li data-mce-fragment=\"1\">S\u00e9curit\u00e9 maximale* : \u00e9gale la r\u00e9sistance des pr\u00e9servatifs en latex d&rsquo;\u00e9paisseur standard.<\/li>\n<li data-mce-fragment=\"1\">Sans latex<\/li>\n<\/ul>\n<p>* Prouv\u00e9 par une \u00e9tude<br data-mce-fragment=\"1\" \/><br data-mce-fragment=\"1\" \/>\u062a\u0645 \u0627\u062e\u062a\u0628\u0627\u0631\u0647 \u0625\u0644\u0643\u062a\u0631\u0648\u0646\u064a\u064b\u0627 \u0648\u0641\u0642\u064b\u0627 \u0644\u0645\u0639\u064a\u0627\u0631 100%\u060c \u0648\u064a\u0639\u0631\u0636 \u0623\u0639\u0644\u0649 \u0627\u0644\u0645\u0639\u0627\u064a\u064a\u0631 \u0627\u0644\u0635\u0627\u0631\u0645\u0629 \u0644\u0631\u0627\u062d\u0629 \u0628\u0627\u0644\u0643.<\/p>\n<ul data-mce-fragment=\"1\">\n<li data-mce-fragment=\"1\">Extra-lubrifi\u00e9 avec r\u00e9servoir<\/li>\n<li data-mce-fragment=\"1\">Largeur nominale : 53 mm<\/li>\n<\/ul>\n<p>Disponible en bo\u00eete de 10 ou 20 pr\u00e9servatifs.<\/p>\n<h3 data-mce-fragment=\"1\">ACHAT DE PR\u00c9SERVATIFS SKYN ELITE<\/h3>\n<p>Pour ressentir un maximum de sensations entre les 2 partenaires, les pr\u00e9servatifs Manix et Skyn se font de moins en moins \u00e9pais. Et pour un max de plaisir, certains preservatifs Manix et Skyn sont recouvert de perles et de nervures. Evidemment toute la gamme respecte la norme CE. Ceux qui ont achet\u00e9s SKYN Elite aiment sa finesse et les sensations procur\u00e9es. Suivez nos avis d&rsquo;utilisateurs sur SKYN Elite et comparez nos offres en Les Pr\u00e9servatifs Manix et SKYN.<\/p>\n<h3 data-mce-fragment=\"1\">SKYN FEEL EVERYTHING\u2122 LE PRESERVATIF SANS LATEX NUM\u00c9RO 1 AU MONDE<\/h3>\n<p>\u062a\u0623\u0633\u0633\u062a \u0641\u064a \u0639\u0627\u0645 2009\u060c<span data-mce-fragment=\"1\">\u00a0<\/span>\u0648\u0627\u0642\u064a\u0627\u062a \u0630\u0643\u0631\u064a\u0629 SKYN<span data-mce-fragment=\"1\">\u00a0<\/span>sont d\u00e9velopp\u00e9s \u00e0 base de SKYNFEEL\u2122, un mat\u00e9riau r\u00e9volutionnaire en polyisopr\u00e8ne sans latex : ils sont beaucoup plus doux \u00e0 porter qu&rsquo;un preservatif en latex naturel. SKYNFEEL\u2122 permet aux deux partenaires des sensations de confort et de sensualit\u00e9 uniques et procurent la sensation de ne rien porter, tout en \u00e9tant compl\u00e8tement s\u00fbre pour les gens allergiques au latex. Les pr\u00e9servatifs SKYN sont soumis \u00e0 des tests s\u00e9v\u00e8res et r\u00e9pondent aux normes de s\u00e9curit\u00e9 les plus draconiennes. Et pour encore plus de s\u00e9curit\u00e9, les pr\u00e9servatifs SKYN sont fabriqu\u00e9s dans une usine compl\u00e8tement isol\u00e9e de toute installation traitant du latex de caoutchouc naturel. 98% des gens ayant test\u00e9 les capotes SKYN les recommandent ! Pour de vraies sensations, essaye aussi les nouveaux gels SKYN.<\/p>\n<\/div>\n<ul class=\"productSpecifications\" data-mce-fragment=\"1\">\n<li data-mce-fragment=\"1\">\u0627\u0644\u0637\u0648\u0644: 180 \u0645\u0644\u0645<\/li>\n<li data-mce-fragment=\"1\">\u0627\u0644\u0639\u0631\u0636: 53 \u0645\u0644\u0645<\/li>\n<li data-mce-fragment=\"1\">\u0627\u0644\u0645\u0648\u0627\u062f: \u0628\u0648\u0644\u064a \u0625\u064a\u0632\u0648\u0628\u0631\u064a\u0646<\/li>\n<li data-mce-fragment=\"1\">Surface : Lisse<\/li>\n<li data-mce-fragment=\"1\">\u0627\u0644\u062e\u0632\u0627\u0646: \u0646\u0639\u0645<\/li>\n<li data-mce-fragment=\"1\">\u0645\u0634\u062d\u0645: \u0646\u0639\u0645<\/li>\n<li data-mce-fragment=\"1\">\u0627\u0644\u0644\u0648\u0646: \u0634\u0641\u0627\u0641<\/li>\n<li data-mce-fragment=\"1\">\u0627\u0644\u0645\u0639\u064a\u0627\u0631: CE<\/li>\n<li data-mce-fragment=\"1\">Contenance : 10<\/li>\n<\/ul>","protected":false},"excerpt":{"rendered":"<p>Manix Skyn Elite\u00a0affiche les normes les plus exigeantes pour votre s\u00e9r\u00e9nit\u00e9. Le plus fin des pr\u00e9servatifs SKYN\u00ae.Pour ceux qui souhaitent profiter des avantages de SKYN\u00ae ORIGINAL avec un pr\u00e9servatif encore plus fin. Sensation ultime* : due \u00e0 sa formulation unique, SKYN\u00ae restitue un effet \u00ab seconde peau \u00bb Souplesse* : plus confortable, SKYN\u00ae \u00e9pouse mieux [&hellip;]<\/p>\n","protected":false},"featured_media":20545,"template":"","meta":{"om_disable_all_campaigns":false},"product_brand":[5519],"product_cat":[15],"product_tag":[5523,5520,5522,5527,5528,5521,5524,5526,5525],"class_list":{"0":"post-20559","1":"product","2":"type-product","3":"status-publish","4":"has-post-thumbnail","6":"product_brand-manix-maroc-prix","7":"product_cat-beaute-sante-complements-alimentaires-soins-et-bien-etre-au-meilleur-prix","8":"product_tag-acheter-manix-maroc","9":"product_tag-manix-maroc","10":"product_tag-manix-original-maroc","11":"product_tag-manix-prix-maroc","12":"product_tag-marque-manix-maroc","13":"product_tag-preservatif-manix-maroc","14":"product_tag-preservatifs-maroc","15":"product_tag-protection-intime-maroc","16":"product_tag-sexualite-responsable-maroc","18":"first","19":"instock","20":"sale","21":"taxable","22":"shipping-taxable","23":"purchasable","24":"product-type-simple"},"yoast_head":"<!-- This site is optimized with the Yoast SEO plugin v27.4 - https:\/\/yoast.com\/product\/yoast-seo-wordpress\/ -->\n<title>Manix Skyn Elite 10 Pr\u00e9servatifs - Maroc Prix<\/title>\n<meta name=\"description\" content=\"Manix Skyn Elite 10 Pr\u00e9servatifs ultra-fins et lubrifi\u00e9s. Protection fiable et sensations naturelles pour des moments intimes confortables et s\u00e9curis\u00e9s.\" \/>\n<meta name=\"robots\" content=\"index, follow, max-snippet:-1, max-image-preview:large, max-video-preview:-1\" \/>\n<link rel=\"canonical\" href=\"https:\/\/vitablanca.ma\/ar\/product-2\/manix-skyn-elite-10-preservatifs\/\" \/>\n<meta property=\"og:locale\" content=\"ar_AR\" \/>\n<meta property=\"og:type\" content=\"article\" \/>\n<meta property=\"og:title\" content=\"Manix Skyn Elite 10 Pr\u00e9servatifs - Maroc Prix\" \/>\n<meta property=\"og:description\" content=\"Manix Skyn Elite 10 Pr\u00e9servatifs ultra-fins et lubrifi\u00e9s. Protection fiable et sensations naturelles pour des moments intimes confortables et s\u00e9curis\u00e9s.\" \/>\n<meta property=\"og:url\" content=\"https:\/\/vitablanca.ma\/ar\/product-2\/manix-skyn-elite-10-preservatifs\/\" \/>\n<meta property=\"og:site_name\" content=\"Vitablanca.ma &ndash; Sant&eacute;, vitalit&eacute; et bien-&ecirc;tre pour tous les Marocains\" \/>\n<meta property=\"article:publisher\" content=\"https:\/\/www.facebook.com\/profile.php?id=61576678196717\" \/>\n<meta property=\"article:modified_time\" content=\"2026-02-22T23:23:23+00:00\" \/>\n<meta property=\"og:image\" content=\"https:\/\/vitablanca.ma\/wp-content\/uploads\/2025\/06\/Manix-Skyn-Elite-10-Preservatifs-nova-parapharmacie-maroc.png\" \/>\n\t<meta property=\"og:image:width\" content=\"1000\" \/>\n\t<meta property=\"og:image:height\" content=\"1000\" \/>\n\t<meta property=\"og:image:type\" content=\"image\/png\" \/>\n<meta name=\"twitter:card\" content=\"summary_large_image\" \/>\n<meta name=\"twitter:label1\" content=\"\u0648\u0642\u062a \u0627\u0644\u0642\u0631\u0627\u0621\u0629 \u0627\u0644\u0645\u064f\u0642\u062f\u0651\u0631\" \/>\n\t<meta name=\"twitter:data1\" content=\"\u062f\u0642\u064a\u0642\u062a\u0627\u0646\" \/>\n<script type=\"application\/ld+json\" class=\"yoast-schema-graph\">{\"@context\":\"https:\\\/\\\/schema.org\",\"@graph\":[{\"@type\":[\"WebPage\",\"ItemPage\"],\"@id\":\"https:\\\/\\\/vitablanca.ma\\\/produit\\\/manix-skyn-elite-10-preservatifs\\\/\",\"url\":\"https:\\\/\\\/vitablanca.ma\\\/produit\\\/manix-skyn-elite-10-preservatifs\\\/\",\"name\":\"Manix Skyn Elite 10 Pr\u00e9servatifs - Maroc Prix\",\"isPartOf\":{\"@id\":\"https:\\\/\\\/vitablanca.ma\\\/#website\"},\"primaryImageOfPage\":{\"@id\":\"https:\\\/\\\/vitablanca.ma\\\/produit\\\/manix-skyn-elite-10-preservatifs\\\/#primaryimage\"},\"image\":{\"@id\":\"https:\\\/\\\/vitablanca.ma\\\/produit\\\/manix-skyn-elite-10-preservatifs\\\/#primaryimage\"},\"thumbnailUrl\":\"https:\\\/\\\/vitablanca.ma\\\/wp-content\\\/uploads\\\/2025\\\/06\\\/Manix-Skyn-Elite-10-Preservatifs-nova-parapharmacie-maroc.png\",\"datePublished\":\"2025-06-10T18:39:07+00:00\",\"dateModified\":\"2026-02-22T23:23:23+00:00\",\"description\":\"Manix Skyn Elite 10 Pr\u00e9servatifs ultra-fins et lubrifi\u00e9s. Protection fiable et sensations naturelles pour des moments intimes confortables et s\u00e9curis\u00e9s.\",\"breadcrumb\":{\"@id\":\"https:\\\/\\\/vitablanca.ma\\\/produit\\\/manix-skyn-elite-10-preservatifs\\\/#breadcrumb\"},\"inLanguage\":\"ar\",\"potentialAction\":[{\"@type\":\"ReadAction\",\"target\":[\"https:\\\/\\\/vitablanca.ma\\\/produit\\\/manix-skyn-elite-10-preservatifs\\\/\"]}]},{\"@type\":\"ImageObject\",\"inLanguage\":\"ar\",\"@id\":\"https:\\\/\\\/vitablanca.ma\\\/produit\\\/manix-skyn-elite-10-preservatifs\\\/#primaryimage\",\"url\":\"https:\\\/\\\/vitablanca.ma\\\/wp-content\\\/uploads\\\/2025\\\/06\\\/Manix-Skyn-Elite-10-Preservatifs-nova-parapharmacie-maroc.png\",\"contentUrl\":\"https:\\\/\\\/vitablanca.ma\\\/wp-content\\\/uploads\\\/2025\\\/06\\\/Manix-Skyn-Elite-10-Preservatifs-nova-parapharmacie-maroc.png\",\"width\":1000,\"height\":1000},{\"@type\":\"BreadcrumbList\",\"@id\":\"https:\\\/\\\/vitablanca.ma\\\/produit\\\/manix-skyn-elite-10-preservatifs\\\/#breadcrumb\",\"itemListElement\":[{\"@type\":\"ListItem\",\"position\":1,\"name\":\"Home\",\"item\":\"https:\\\/\\\/vitablanca.ma\\\/\"},{\"@type\":\"ListItem\",\"position\":2,\"name\":\"Tous Les Produits\",\"item\":\"https:\\\/\\\/vitablanca.ma\\\/tous-les-produits\\\/\"},{\"@type\":\"ListItem\",\"position\":3,\"name\":\"Manix Skyn Elite 10 Pr\u00e9servatifs\"}]},{\"@type\":\"WebSite\",\"@id\":\"https:\\\/\\\/vitablanca.ma\\\/#website\",\"url\":\"https:\\\/\\\/vitablanca.ma\\\/\",\"name\":\"VitaBlanca.ma | Compl\u00e9ments alimentaires, sant\u00e9 & beaut\u00e9 au Maroc\",\"description\":\"vendre vitamines et compl\u00e9ments premium des USA &amp; Canada, Nouvelle Z\u00e9lande,Maroc (NOW Foods, Solgar, Manuka). Livraison rapide partout au Maroc.\",\"publisher\":{\"@id\":\"https:\\\/\\\/vitablanca.ma\\\/#organization\"},\"alternateName\":\"VitaBlanca.ma\",\"potentialAction\":[{\"@type\":\"SearchAction\",\"target\":{\"@type\":\"EntryPoint\",\"urlTemplate\":\"https:\\\/\\\/vitablanca.ma\\\/?s={search_term_string}\"},\"query-input\":{\"@type\":\"PropertyValueSpecification\",\"valueRequired\":true,\"valueName\":\"search_term_string\"}}],\"inLanguage\":\"ar\"},{\"@type\":\"Organization\",\"@id\":\"https:\\\/\\\/vitablanca.ma\\\/#organization\",\"name\":\"VitaBlanca\",\"url\":\"https:\\\/\\\/vitablanca.ma\\\/\",\"logo\":{\"@type\":\"ImageObject\",\"inLanguage\":\"ar\",\"@id\":\"https:\\\/\\\/vitablanca.ma\\\/#\\\/schema\\\/logo\\\/image\\\/\",\"url\":\"https:\\\/\\\/vitablanca.ma\\\/wp-content\\\/uploads\\\/2025\\\/05\\\/cropped-vitablanca.png\",\"contentUrl\":\"https:\\\/\\\/vitablanca.ma\\\/wp-content\\\/uploads\\\/2025\\\/05\\\/cropped-vitablanca.png\",\"width\":360,\"height\":67,\"caption\":\"VitaBlanca\"},\"image\":{\"@id\":\"https:\\\/\\\/vitablanca.ma\\\/#\\\/schema\\\/logo\\\/image\\\/\"},\"sameAs\":[\"https:\\\/\\\/www.facebook.com\\\/profile.php?id=61576678196717\",\"https:\\\/\\\/www.tiktok.com\\\/@vitablanca.ma\",\"https:\\\/\\\/www.instagram.com\\\/vitablanca.ma\\\/\"]}]}<\/script>\n<!-- \/ Yoast SEO plugin. -->","yoast_head_json":{"title":"Manix Skyn Elite 10 Pr\u00e9servatifs - Maroc Prix","description":"Manix Skyn Elite 10 Pr\u00e9servatifs ultra-fins et lubrifi\u00e9s. Protection fiable et sensations naturelles pour des moments intimes confortables et s\u00e9curis\u00e9s.","robots":{"index":"index","follow":"follow","max-snippet":"max-snippet:-1","max-image-preview":"max-image-preview:large","max-video-preview":"max-video-preview:-1"},"canonical":"https:\/\/vitablanca.ma\/ar\/product-2\/manix-skyn-elite-10-preservatifs\/","og_locale":"ar_AR","og_type":"article","og_title":"Manix Skyn Elite 10 Pr\u00e9servatifs - Maroc Prix","og_description":"Manix Skyn Elite 10 Pr\u00e9servatifs ultra-fins et lubrifi\u00e9s. Protection fiable et sensations naturelles pour des moments intimes confortables et s\u00e9curis\u00e9s.","og_url":"https:\/\/vitablanca.ma\/ar\/product-2\/manix-skyn-elite-10-preservatifs\/","og_site_name":"Vitablanca.ma &ndash; Sant&eacute;, vitalit&eacute; et bien-&ecirc;tre pour tous les Marocains","article_publisher":"https:\/\/www.facebook.com\/profile.php?id=61576678196717","article_modified_time":"2026-02-22T23:23:23+00:00","og_image":[{"width":1000,"height":1000,"url":"https:\/\/vitablanca.ma\/wp-content\/uploads\/2025\/06\/Manix-Skyn-Elite-10-Preservatifs-nova-parapharmacie-maroc.png","type":"image\/png"}],"twitter_card":"summary_large_image","twitter_misc":{"\u0648\u0642\u062a \u0627\u0644\u0642\u0631\u0627\u0621\u0629 \u0627\u0644\u0645\u064f\u0642\u062f\u0651\u0631":"\u062f\u0642\u064a\u0642\u062a\u0627\u0646"},"schema":{"@context":"https:\/\/schema.org","@graph":[{"@type":["WebPage","ItemPage"],"@id":"https:\/\/vitablanca.ma\/produit\/manix-skyn-elite-10-preservatifs\/","url":"https:\/\/vitablanca.ma\/produit\/manix-skyn-elite-10-preservatifs\/","name":"Manix Skyn Elite 10 Pr\u00e9servatifs - Maroc Prix","isPartOf":{"@id":"https:\/\/vitablanca.ma\/#website"},"primaryImageOfPage":{"@id":"https:\/\/vitablanca.ma\/produit\/manix-skyn-elite-10-preservatifs\/#primaryimage"},"image":{"@id":"https:\/\/vitablanca.ma\/produit\/manix-skyn-elite-10-preservatifs\/#primaryimage"},"thumbnailUrl":"https:\/\/vitablanca.ma\/wp-content\/uploads\/2025\/06\/Manix-Skyn-Elite-10-Preservatifs-nova-parapharmacie-maroc.png","datePublished":"2025-06-10T18:39:07+00:00","dateModified":"2026-02-22T23:23:23+00:00","description":"Manix Skyn Elite 10 Pr\u00e9servatifs ultra-fins et lubrifi\u00e9s. Protection fiable et sensations naturelles pour des moments intimes confortables et s\u00e9curis\u00e9s.","breadcrumb":{"@id":"https:\/\/vitablanca.ma\/produit\/manix-skyn-elite-10-preservatifs\/#breadcrumb"},"inLanguage":"ar","potentialAction":[{"@type":"ReadAction","target":["https:\/\/vitablanca.ma\/produit\/manix-skyn-elite-10-preservatifs\/"]}]},{"@type":"ImageObject","inLanguage":"ar","@id":"https:\/\/vitablanca.ma\/produit\/manix-skyn-elite-10-preservatifs\/#primaryimage","url":"https:\/\/vitablanca.ma\/wp-content\/uploads\/2025\/06\/Manix-Skyn-Elite-10-Preservatifs-nova-parapharmacie-maroc.png","contentUrl":"https:\/\/vitablanca.ma\/wp-content\/uploads\/2025\/06\/Manix-Skyn-Elite-10-Preservatifs-nova-parapharmacie-maroc.png","width":1000,"height":1000},{"@type":"BreadcrumbList","@id":"https:\/\/vitablanca.ma\/produit\/manix-skyn-elite-10-preservatifs\/#breadcrumb","itemListElement":[{"@type":"ListItem","position":1,"name":"Home","item":"https:\/\/vitablanca.ma\/"},{"@type":"ListItem","position":2,"name":"Tous Les Produits","item":"https:\/\/vitablanca.ma\/tous-les-produits\/"},{"@type":"ListItem","position":3,"name":"Manix Skyn Elite 10 Pr\u00e9servatifs"}]},{"@type":"WebSite","@id":"https:\/\/vitablanca.ma\/#website","url":"https:\/\/vitablanca.ma\/","name":"VitaBlanca.ma | \u0627\u0644\u0645\u0643\u0645\u0644\u0627\u062a \u0627\u0644\u063a\u0630\u0627\u0626\u064a\u0629\u060c \u0627\u0644\u0635\u062d\u0629 \u0648\u0627\u0644\u062c\u0645\u0627\u0644 \u0641\u064a \u0627\u0644\u0645\u063a\u0631\u0628","description":"\u0646\u0628\u064a\u0639 \u0641\u064a\u062a\u0627\u0645\u064a\u0646\u0627\u062a \u0648\u0645\u0643\u0645\u0644\u0627\u062a \u063a\u0630\u0627\u0626\u064a\u0629 \u0641\u0627\u062e\u0631\u0629 \u0645\u0646 \u0627\u0644\u0648\u0644\u0627\u064a\u0627\u062a \u0627\u0644\u0645\u062a\u062d\u062f\u0629 \u0627\u0644\u0623\u0645\u0631\u064a\u0643\u064a\u0629 \u0648\u0643\u0646\u062f\u0627 \u0648\u0646\u064a\u0648\u0632\u064a\u0644\u0646\u062f\u0627 \u0648\u0627\u0644\u0645\u063a\u0631\u0628 (\u0646\u0627\u0648 \u0641\u0648\u062f\u0632\u060c \u0633\u0648\u0644\u062c\u0627\u0631\u060c \u0645\u0627\u0646\u0648\u0643\u0627). \u062a\u0648\u0635\u064a\u0644 \u0633\u0631\u064a\u0639 \u0625\u0644\u0649 \u062c\u0645\u064a\u0639 \u0623\u0646\u062d\u0627\u0621 \u0627\u0644\u0645\u063a\u0631\u0628.","publisher":{"@id":"https:\/\/vitablanca.ma\/#organization"},"alternateName":"VitaBlanca.ma","potentialAction":[{"@type":"SearchAction","target":{"@type":"EntryPoint","urlTemplate":"https:\/\/vitablanca.ma\/?s={search_term_string}"},"query-input":{"@type":"PropertyValueSpecification","valueRequired":true,"valueName":"search_term_string"}}],"inLanguage":"ar"},{"@type":"Organization","@id":"https:\/\/vitablanca.ma\/#organization","name":"\u0641\u064a\u062a\u0627\u0628\u0644\u0627\u0646\u0643\u0627","url":"https:\/\/vitablanca.ma\/","logo":{"@type":"ImageObject","inLanguage":"ar","@id":"https:\/\/vitablanca.ma\/#\/schema\/logo\/image\/","url":"https:\/\/vitablanca.ma\/wp-content\/uploads\/2025\/05\/cropped-vitablanca.png","contentUrl":"https:\/\/vitablanca.ma\/wp-content\/uploads\/2025\/05\/cropped-vitablanca.png","width":360,"height":67,"caption":"VitaBlanca"},"image":{"@id":"https:\/\/vitablanca.ma\/#\/schema\/logo\/image\/"},"sameAs":["https:\/\/www.facebook.com\/profile.php?id=61576678196717","https:\/\/www.tiktok.com\/@vitablanca.ma","https:\/\/www.instagram.com\/vitablanca.ma\/"]}]}},"jetpack_sharing_enabled":true,"_links":{"self":[{"href":"https:\/\/vitablanca.ma\/ar\/wp-json\/wp\/v2\/product\/20559","targetHints":{"allow":["GET"]}}],"collection":[{"href":"https:\/\/vitablanca.ma\/ar\/wp-json\/wp\/v2\/product"}],"about":[{"href":"https:\/\/vitablanca.ma\/ar\/wp-json\/wp\/v2\/types\/product"}],"wp:featuredmedia":[{"embeddable":true,"href":"https:\/\/vitablanca.ma\/ar\/wp-json\/wp\/v2\/media\/20545"}],"wp:attachment":[{"href":"https:\/\/vitablanca.ma\/ar\/wp-json\/wp\/v2\/media?parent=20559"}],"wp:term":[{"taxonomy":"product_brand","embeddable":true,"href":"https:\/\/vitablanca.ma\/ar\/wp-json\/wp\/v2\/product_brand?post=20559"},{"taxonomy":"product_cat","embeddable":true,"href":"https:\/\/vitablanca.ma\/ar\/wp-json\/wp\/v2\/product_cat?post=20559"},{"taxonomy":"product_tag","embeddable":true,"href":"https:\/\/vitablanca.ma\/ar\/wp-json\/wp\/v2\/product_tag?post=20559"}],"curies":[{"name":"wp","href":"https:\/\/api.w.org\/{rel}","templated":true}]}}