{"id":20556,"date":"2025-06-10T18:38:47","date_gmt":"2025-06-10T18:38:47","guid":{"rendered":"https:\/\/vitablanca.ma\/product\/mustela-lingettes-nettoyantes-apaisantes-70-pieces\/"},"modified":"2026-02-22T23:33:59","modified_gmt":"2026-02-22T23:33:59","slug":"mustela-lingettes-nettoyantes-apaisantes-70-pieces","status":"publish","type":"product","link":"https:\/\/vitablanca.ma\/ar\/product-2\/mustela-lingettes-nettoyantes-apaisantes-70-pieces\/","title":{"rendered":"Mustela Lingettes Nettoyantes Apaisantes 70 Pi\u00e8ces"},"content":{"rendered":"<h2>Mustela Lingettes Nettoyantes Apaisantes.<\/h2>\n<p>Les Lingettes nettoyantes apaisantes, sans parfum, sont con\u00e7ues pour les peaux tr\u00e8s sensibles.<br \/>\nDouces et moelleuses, elles nettoient le visage, le corps et le si\u00e8ge des nouveaux-n\u00e9s* et des enfants et apaisent les petites rougeurs.<\/p>\n<p>99% d&rsquo;ingr\u00e9dients d&rsquo;origine naturelle.<br \/>\n70 Pi\u00e8ces.<\/p>\n<h3>\u0645\u0641\u064a\u062f \u0644\u0644\u0628\u0634\u0631\u0629 \u0648\u0627\u0644\u0643\u0648\u0643\u0628<\/h3>\n<p>Une main poisseuse, une couche \u00e0 changer chez les copains, des pieds pleins de sable en sortant du square : les lingettes sont au rendez-vous pour tous les petits incidents du quotidien.<\/p>\n<p>Ultra-pratiques, et con\u00e7ues sans parfum pour les peaux tr\u00e8s sensibles, elles nettoient en douceur le visage, corps ou si\u00e8ge de b\u00e9b\u00e9.<\/p>\n<p>Mieux, elles apaisent les petites rougeurs et les sensations de picotement ou tiraillement gr\u00e2ce au schisandra, un actif naturel apaisant cuieilli\u00a0de mani\u00e8re traditionnelle \u00e0 la main dans des fili\u00e8res durables et responsables.<\/p>\n<h3>\u0627\u0644\u0633\u0644\u0627\u0645\u0629 \u0648\u0627\u0644\u0643\u0641\u0627\u0621\u0629<\/h3>\n<p>\u0648\u0644\u0636\u0645\u0627\u0646 \u0627\u0644\u0633\u0644\u0627\u0645\u0629 \u0645\u0646\u0630 \u0627\u0644\u0648\u0644\u0627\u062f\u0629\u060c \u062a\u0645 \u062a\u0637\u0648\u064a\u0631 \u0631\u0639\u0627\u064a\u062a\u0646\u0627 \u0628\u0627\u0644\u062a\u0639\u0627\u0648\u0646 \u0645\u0639 \u0645\u062a\u062e\u0635\u0635\u064a\u0646 \u0641\u064a \u0627\u0644\u0631\u0639\u0627\u064a\u0629 \u0627\u0644\u0635\u062d\u064a\u0629 \u0648\u064a\u062c\u0628 \u0623\u0646 \u062a\u062c\u062a\u0627\u0632 \u0628\u0646\u062c\u0627\u062d \u0623\u0643\u062b\u0631 \u0645\u0646 450 \u0642\u064a\u0627\u0633\u064b\u0627 \u0648\u0627\u062e\u062a\u0628\u0627\u0631\u064b\u0627.<\/p>\n<h3>\u0637\u0631\u064a\u0642\u0629 \u0627\u0644\u0627\u0633\u062a\u062e\u062f\u0627\u0645<\/h3>\n<p>Ces lingettes sont con\u00e7ues pour le visage, le corps et le si\u00e8ge.<\/p>\n<ol>\n<li>Prendre une lingette dans le paquet. Une seule suffit.<\/li>\n<li>Nettoyer d\u00e9clicatement la zone.<\/li>\n<li>Refermer le paquet apr\u00e8s usage pour qu&rsquo;elles conservent leur moelleux.<\/li>\n<li>Ne pas oublier le tri : jeter la lingette dans la poubelle d&rsquo;ordures m\u00e9nag\u00e8re. Jamais dans les toilettes.<\/li>\n<\/ol>\n<h3>Nos principaux ingr\u00e9dients<\/h3>\n<p>Nos ingr\u00e9dients phares, l&rsquo;avocat et le shisandra sp\u00e9cifiquement choisis pour les peaux tr\u00e8s sensibles, sont issus de fili\u00e8res d&rsquo;approvisionnement durables et responsables.<\/p>","protected":false},"excerpt":{"rendered":"<p>Mustela Lingettes Nettoyantes Apaisantes. Les Lingettes nettoyantes apaisantes, sans parfum, sont con\u00e7ues pour les peaux tr\u00e8s sensibles. Douces et moelleuses, elles nettoient le visage, le corps et le si\u00e8ge des nouveaux-n\u00e9s* et des enfants et apaisent les petites rougeurs. 99% d&rsquo;ingr\u00e9dients d&rsquo;origine naturelle. 70 Pi\u00e8ces. Bon pour la peau et la plan\u00e8te Une main poisseuse, [&hellip;]<\/p>\n","protected":false},"featured_media":20553,"template":"","meta":{"om_disable_all_campaigns":false},"product_brand":[],"product_cat":[15],"product_tag":[10448,10445,8857,10442,10449,10444,10405,10443,10447,10441,10388,10380,10446,10406,5873],"class_list":{"0":"post-20556","1":"product","2":"type-product","3":"status-publish","4":"has-post-thumbnail","6":"product_cat-beaute-sante-complements-alimentaires-soins-et-bien-etre-au-meilleur-prix","7":"product_tag-hygiene-bebe-quotidienne","8":"product_tag-hypoallergeniques-bebe","9":"product_tag-lingettes-apaisantes","10":"product_tag-lingettes-bebe","11":"product_tag-lingettes-bebe-efficaces","12":"product_tag-lingettes-change-pratique","13":"product_tag-lingettes-douces-et-sures","14":"product_tag-lingettes-nettoyantes-bebe","15":"product_tag-mustela-70-pieces","16":"product_tag-mustela-lingettes-apaisantes","17":"product_tag-mustela-maroc","18":"product_tag-nettoyage-doux-bebe","19":"product_tag-protection-peau-delicate","20":"product_tag-soin-bebe-quotidien","21":"product_tag-soin-peau-sensible","23":"first","24":"instock","25":"sale","26":"taxable","27":"shipping-taxable","28":"purchasable","29":"product-type-simple"},"yoast_head":"<!-- This site is optimized with the Yoast SEO plugin v27.4 - https:\/\/yoast.com\/product\/yoast-seo-wordpress\/ -->\n<title>Mustela Lingettes Nettoyantes Apaisantes 70 Pi\u00e8ces - Maroc Prix<\/title>\n<meta name=\"description\" content=\"Mustela Lingettes Nettoyantes Apaisantes 70 Pi\u00e8ces, lingettes douces pour b\u00e9b\u00e9 qui nettoient, apaisent et prot\u00e8gent la peau sensible au quotidien.\" \/>\n<meta name=\"robots\" content=\"index, follow, max-snippet:-1, max-image-preview:large, max-video-preview:-1\" \/>\n<link rel=\"canonical\" href=\"https:\/\/vitablanca.ma\/ar\/product-2\/mustela-lingettes-nettoyantes-apaisantes-70-pieces\/\" \/>\n<meta property=\"og:locale\" content=\"ar_AR\" \/>\n<meta property=\"og:type\" content=\"article\" \/>\n<meta property=\"og:title\" content=\"Mustela Lingettes Nettoyantes Apaisantes 70 Pi\u00e8ces - Maroc Prix\" \/>\n<meta property=\"og:description\" content=\"Mustela Lingettes Nettoyantes Apaisantes 70 Pi\u00e8ces, lingettes douces pour b\u00e9b\u00e9 qui nettoient, apaisent et prot\u00e8gent la peau sensible au quotidien.\" \/>\n<meta property=\"og:url\" content=\"https:\/\/vitablanca.ma\/ar\/product-2\/mustela-lingettes-nettoyantes-apaisantes-70-pieces\/\" \/>\n<meta property=\"og:site_name\" content=\"Vitablanca.ma &ndash; Sant&eacute;, vitalit&eacute; et bien-&ecirc;tre pour tous les Marocains\" \/>\n<meta property=\"article:publisher\" content=\"https:\/\/www.facebook.com\/profile.php?id=61576678196717\" \/>\n<meta property=\"article:modified_time\" content=\"2026-02-22T23:33:59+00:00\" \/>\n<meta property=\"og:image\" content=\"https:\/\/vitablanca.ma\/wp-content\/uploads\/2025\/06\/Mustela-Lingettes-Nettoyantes-Apaisantes-70-Pieces-nova-parapharmacie-casablanca.jpg\" \/>\n\t<meta property=\"og:image:width\" content=\"1000\" \/>\n\t<meta property=\"og:image:height\" content=\"1000\" \/>\n\t<meta property=\"og:image:type\" content=\"image\/jpeg\" \/>\n<meta name=\"twitter:card\" content=\"summary_large_image\" \/>\n<meta name=\"twitter:label1\" content=\"\u0648\u0642\u062a \u0627\u0644\u0642\u0631\u0627\u0621\u0629 \u0627\u0644\u0645\u064f\u0642\u062f\u0651\u0631\" \/>\n\t<meta name=\"twitter:data1\" content=\"\u062f\u0642\u064a\u0642\u062a\u0627\u0646\" \/>\n<script type=\"application\/ld+json\" class=\"yoast-schema-graph\">{\"@context\":\"https:\\\/\\\/schema.org\",\"@graph\":[{\"@type\":[\"WebPage\",\"ItemPage\"],\"@id\":\"https:\\\/\\\/vitablanca.ma\\\/produit\\\/mustela-lingettes-nettoyantes-apaisantes-70-pieces\\\/\",\"url\":\"https:\\\/\\\/vitablanca.ma\\\/produit\\\/mustela-lingettes-nettoyantes-apaisantes-70-pieces\\\/\",\"name\":\"Mustela Lingettes Nettoyantes Apaisantes 70 Pi\u00e8ces - Maroc Prix\",\"isPartOf\":{\"@id\":\"https:\\\/\\\/vitablanca.ma\\\/#website\"},\"primaryImageOfPage\":{\"@id\":\"https:\\\/\\\/vitablanca.ma\\\/produit\\\/mustela-lingettes-nettoyantes-apaisantes-70-pieces\\\/#primaryimage\"},\"image\":{\"@id\":\"https:\\\/\\\/vitablanca.ma\\\/produit\\\/mustela-lingettes-nettoyantes-apaisantes-70-pieces\\\/#primaryimage\"},\"thumbnailUrl\":\"https:\\\/\\\/vitablanca.ma\\\/wp-content\\\/uploads\\\/2025\\\/06\\\/Mustela-Lingettes-Nettoyantes-Apaisantes-70-Pieces-nova-parapharmacie-casablanca.jpg\",\"datePublished\":\"2025-06-10T18:38:47+00:00\",\"dateModified\":\"2026-02-22T23:33:59+00:00\",\"description\":\"Mustela Lingettes Nettoyantes Apaisantes 70 Pi\u00e8ces, lingettes douces pour b\u00e9b\u00e9 qui nettoient, apaisent et prot\u00e8gent la peau sensible au quotidien.\",\"breadcrumb\":{\"@id\":\"https:\\\/\\\/vitablanca.ma\\\/produit\\\/mustela-lingettes-nettoyantes-apaisantes-70-pieces\\\/#breadcrumb\"},\"inLanguage\":\"ar\",\"potentialAction\":[{\"@type\":\"ReadAction\",\"target\":[\"https:\\\/\\\/vitablanca.ma\\\/produit\\\/mustela-lingettes-nettoyantes-apaisantes-70-pieces\\\/\"]}]},{\"@type\":\"ImageObject\",\"inLanguage\":\"ar\",\"@id\":\"https:\\\/\\\/vitablanca.ma\\\/produit\\\/mustela-lingettes-nettoyantes-apaisantes-70-pieces\\\/#primaryimage\",\"url\":\"https:\\\/\\\/vitablanca.ma\\\/wp-content\\\/uploads\\\/2025\\\/06\\\/Mustela-Lingettes-Nettoyantes-Apaisantes-70-Pieces-nova-parapharmacie-casablanca.jpg\",\"contentUrl\":\"https:\\\/\\\/vitablanca.ma\\\/wp-content\\\/uploads\\\/2025\\\/06\\\/Mustela-Lingettes-Nettoyantes-Apaisantes-70-Pieces-nova-parapharmacie-casablanca.jpg\",\"width\":1000,\"height\":1000},{\"@type\":\"BreadcrumbList\",\"@id\":\"https:\\\/\\\/vitablanca.ma\\\/produit\\\/mustela-lingettes-nettoyantes-apaisantes-70-pieces\\\/#breadcrumb\",\"itemListElement\":[{\"@type\":\"ListItem\",\"position\":1,\"name\":\"Home\",\"item\":\"https:\\\/\\\/vitablanca.ma\\\/\"},{\"@type\":\"ListItem\",\"position\":2,\"name\":\"Tous Les Produits\",\"item\":\"https:\\\/\\\/vitablanca.ma\\\/tous-les-produits\\\/\"},{\"@type\":\"ListItem\",\"position\":3,\"name\":\"Mustela Lingettes Nettoyantes Apaisantes 70 Pi\u00e8ces\"}]},{\"@type\":\"WebSite\",\"@id\":\"https:\\\/\\\/vitablanca.ma\\\/#website\",\"url\":\"https:\\\/\\\/vitablanca.ma\\\/\",\"name\":\"VitaBlanca.ma | Compl\u00e9ments alimentaires, sant\u00e9 & beaut\u00e9 au Maroc\",\"description\":\"vendre vitamines et compl\u00e9ments premium des USA &amp; Canada, Nouvelle Z\u00e9lande,Maroc (NOW Foods, Solgar, Manuka). Livraison rapide partout au Maroc.\",\"publisher\":{\"@id\":\"https:\\\/\\\/vitablanca.ma\\\/#organization\"},\"alternateName\":\"VitaBlanca.ma\",\"potentialAction\":[{\"@type\":\"SearchAction\",\"target\":{\"@type\":\"EntryPoint\",\"urlTemplate\":\"https:\\\/\\\/vitablanca.ma\\\/?s={search_term_string}\"},\"query-input\":{\"@type\":\"PropertyValueSpecification\",\"valueRequired\":true,\"valueName\":\"search_term_string\"}}],\"inLanguage\":\"ar\"},{\"@type\":\"Organization\",\"@id\":\"https:\\\/\\\/vitablanca.ma\\\/#organization\",\"name\":\"VitaBlanca\",\"url\":\"https:\\\/\\\/vitablanca.ma\\\/\",\"logo\":{\"@type\":\"ImageObject\",\"inLanguage\":\"ar\",\"@id\":\"https:\\\/\\\/vitablanca.ma\\\/#\\\/schema\\\/logo\\\/image\\\/\",\"url\":\"https:\\\/\\\/vitablanca.ma\\\/wp-content\\\/uploads\\\/2025\\\/05\\\/cropped-vitablanca.png\",\"contentUrl\":\"https:\\\/\\\/vitablanca.ma\\\/wp-content\\\/uploads\\\/2025\\\/05\\\/cropped-vitablanca.png\",\"width\":360,\"height\":67,\"caption\":\"VitaBlanca\"},\"image\":{\"@id\":\"https:\\\/\\\/vitablanca.ma\\\/#\\\/schema\\\/logo\\\/image\\\/\"},\"sameAs\":[\"https:\\\/\\\/www.facebook.com\\\/profile.php?id=61576678196717\",\"https:\\\/\\\/www.tiktok.com\\\/@vitablanca.ma\",\"https:\\\/\\\/www.instagram.com\\\/vitablanca.ma\\\/\"]}]}<\/script>\n<!-- \/ Yoast SEO plugin. -->","yoast_head_json":{"title":"Mustela Lingettes Nettoyantes Apaisantes 70 Pi\u00e8ces - Maroc Prix","description":"Mustela Lingettes Nettoyantes Apaisantes 70 Pi\u00e8ces, lingettes douces pour b\u00e9b\u00e9 qui nettoient, apaisent et prot\u00e8gent la peau sensible au quotidien.","robots":{"index":"index","follow":"follow","max-snippet":"max-snippet:-1","max-image-preview":"max-image-preview:large","max-video-preview":"max-video-preview:-1"},"canonical":"https:\/\/vitablanca.ma\/ar\/product-2\/mustela-lingettes-nettoyantes-apaisantes-70-pieces\/","og_locale":"ar_AR","og_type":"article","og_title":"Mustela Lingettes Nettoyantes Apaisantes 70 Pi\u00e8ces - Maroc Prix","og_description":"Mustela Lingettes Nettoyantes Apaisantes 70 Pi\u00e8ces, lingettes douces pour b\u00e9b\u00e9 qui nettoient, apaisent et prot\u00e8gent la peau sensible au quotidien.","og_url":"https:\/\/vitablanca.ma\/ar\/product-2\/mustela-lingettes-nettoyantes-apaisantes-70-pieces\/","og_site_name":"Vitablanca.ma &ndash; Sant&eacute;, vitalit&eacute; et bien-&ecirc;tre pour tous les Marocains","article_publisher":"https:\/\/www.facebook.com\/profile.php?id=61576678196717","article_modified_time":"2026-02-22T23:33:59+00:00","og_image":[{"width":1000,"height":1000,"url":"https:\/\/vitablanca.ma\/wp-content\/uploads\/2025\/06\/Mustela-Lingettes-Nettoyantes-Apaisantes-70-Pieces-nova-parapharmacie-casablanca.jpg","type":"image\/jpeg"}],"twitter_card":"summary_large_image","twitter_misc":{"\u0648\u0642\u062a \u0627\u0644\u0642\u0631\u0627\u0621\u0629 \u0627\u0644\u0645\u064f\u0642\u062f\u0651\u0631":"\u062f\u0642\u064a\u0642\u062a\u0627\u0646"},"schema":{"@context":"https:\/\/schema.org","@graph":[{"@type":["WebPage","ItemPage"],"@id":"https:\/\/vitablanca.ma\/produit\/mustela-lingettes-nettoyantes-apaisantes-70-pieces\/","url":"https:\/\/vitablanca.ma\/produit\/mustela-lingettes-nettoyantes-apaisantes-70-pieces\/","name":"Mustela Lingettes Nettoyantes Apaisantes 70 Pi\u00e8ces - Maroc Prix","isPartOf":{"@id":"https:\/\/vitablanca.ma\/#website"},"primaryImageOfPage":{"@id":"https:\/\/vitablanca.ma\/produit\/mustela-lingettes-nettoyantes-apaisantes-70-pieces\/#primaryimage"},"image":{"@id":"https:\/\/vitablanca.ma\/produit\/mustela-lingettes-nettoyantes-apaisantes-70-pieces\/#primaryimage"},"thumbnailUrl":"https:\/\/vitablanca.ma\/wp-content\/uploads\/2025\/06\/Mustela-Lingettes-Nettoyantes-Apaisantes-70-Pieces-nova-parapharmacie-casablanca.jpg","datePublished":"2025-06-10T18:38:47+00:00","dateModified":"2026-02-22T23:33:59+00:00","description":"Mustela Lingettes Nettoyantes Apaisantes 70 Pi\u00e8ces, lingettes douces pour b\u00e9b\u00e9 qui nettoient, apaisent et prot\u00e8gent la peau sensible au quotidien.","breadcrumb":{"@id":"https:\/\/vitablanca.ma\/produit\/mustela-lingettes-nettoyantes-apaisantes-70-pieces\/#breadcrumb"},"inLanguage":"ar","potentialAction":[{"@type":"ReadAction","target":["https:\/\/vitablanca.ma\/produit\/mustela-lingettes-nettoyantes-apaisantes-70-pieces\/"]}]},{"@type":"ImageObject","inLanguage":"ar","@id":"https:\/\/vitablanca.ma\/produit\/mustela-lingettes-nettoyantes-apaisantes-70-pieces\/#primaryimage","url":"https:\/\/vitablanca.ma\/wp-content\/uploads\/2025\/06\/Mustela-Lingettes-Nettoyantes-Apaisantes-70-Pieces-nova-parapharmacie-casablanca.jpg","contentUrl":"https:\/\/vitablanca.ma\/wp-content\/uploads\/2025\/06\/Mustela-Lingettes-Nettoyantes-Apaisantes-70-Pieces-nova-parapharmacie-casablanca.jpg","width":1000,"height":1000},{"@type":"BreadcrumbList","@id":"https:\/\/vitablanca.ma\/produit\/mustela-lingettes-nettoyantes-apaisantes-70-pieces\/#breadcrumb","itemListElement":[{"@type":"ListItem","position":1,"name":"Home","item":"https:\/\/vitablanca.ma\/"},{"@type":"ListItem","position":2,"name":"Tous Les Produits","item":"https:\/\/vitablanca.ma\/tous-les-produits\/"},{"@type":"ListItem","position":3,"name":"Mustela Lingettes Nettoyantes Apaisantes 70 Pi\u00e8ces"}]},{"@type":"WebSite","@id":"https:\/\/vitablanca.ma\/#website","url":"https:\/\/vitablanca.ma\/","name":"VitaBlanca.ma | \u0627\u0644\u0645\u0643\u0645\u0644\u0627\u062a \u0627\u0644\u063a\u0630\u0627\u0626\u064a\u0629\u060c \u0627\u0644\u0635\u062d\u0629 \u0648\u0627\u0644\u062c\u0645\u0627\u0644 \u0641\u064a \u0627\u0644\u0645\u063a\u0631\u0628","description":"\u0646\u0628\u064a\u0639 \u0641\u064a\u062a\u0627\u0645\u064a\u0646\u0627\u062a \u0648\u0645\u0643\u0645\u0644\u0627\u062a \u063a\u0630\u0627\u0626\u064a\u0629 \u0641\u0627\u062e\u0631\u0629 \u0645\u0646 \u0627\u0644\u0648\u0644\u0627\u064a\u0627\u062a \u0627\u0644\u0645\u062a\u062d\u062f\u0629 \u0627\u0644\u0623\u0645\u0631\u064a\u0643\u064a\u0629 \u0648\u0643\u0646\u062f\u0627 \u0648\u0646\u064a\u0648\u0632\u064a\u0644\u0646\u062f\u0627 \u0648\u0627\u0644\u0645\u063a\u0631\u0628 (\u0646\u0627\u0648 \u0641\u0648\u062f\u0632\u060c \u0633\u0648\u0644\u062c\u0627\u0631\u060c \u0645\u0627\u0646\u0648\u0643\u0627). \u062a\u0648\u0635\u064a\u0644 \u0633\u0631\u064a\u0639 \u0625\u0644\u0649 \u062c\u0645\u064a\u0639 \u0623\u0646\u062d\u0627\u0621 \u0627\u0644\u0645\u063a\u0631\u0628.","publisher":{"@id":"https:\/\/vitablanca.ma\/#organization"},"alternateName":"VitaBlanca.ma","potentialAction":[{"@type":"SearchAction","target":{"@type":"EntryPoint","urlTemplate":"https:\/\/vitablanca.ma\/?s={search_term_string}"},"query-input":{"@type":"PropertyValueSpecification","valueRequired":true,"valueName":"search_term_string"}}],"inLanguage":"ar"},{"@type":"Organization","@id":"https:\/\/vitablanca.ma\/#organization","name":"\u0641\u064a\u062a\u0627\u0628\u0644\u0627\u0646\u0643\u0627","url":"https:\/\/vitablanca.ma\/","logo":{"@type":"ImageObject","inLanguage":"ar","@id":"https:\/\/vitablanca.ma\/#\/schema\/logo\/image\/","url":"https:\/\/vitablanca.ma\/wp-content\/uploads\/2025\/05\/cropped-vitablanca.png","contentUrl":"https:\/\/vitablanca.ma\/wp-content\/uploads\/2025\/05\/cropped-vitablanca.png","width":360,"height":67,"caption":"VitaBlanca"},"image":{"@id":"https:\/\/vitablanca.ma\/#\/schema\/logo\/image\/"},"sameAs":["https:\/\/www.facebook.com\/profile.php?id=61576678196717","https:\/\/www.tiktok.com\/@vitablanca.ma","https:\/\/www.instagram.com\/vitablanca.ma\/"]}]}},"jetpack_sharing_enabled":true,"_links":{"self":[{"href":"https:\/\/vitablanca.ma\/ar\/wp-json\/wp\/v2\/product\/20556","targetHints":{"allow":["GET"]}}],"collection":[{"href":"https:\/\/vitablanca.ma\/ar\/wp-json\/wp\/v2\/product"}],"about":[{"href":"https:\/\/vitablanca.ma\/ar\/wp-json\/wp\/v2\/types\/product"}],"wp:featuredmedia":[{"embeddable":true,"href":"https:\/\/vitablanca.ma\/ar\/wp-json\/wp\/v2\/media\/20553"}],"wp:attachment":[{"href":"https:\/\/vitablanca.ma\/ar\/wp-json\/wp\/v2\/media?parent=20556"}],"wp:term":[{"taxonomy":"product_brand","embeddable":true,"href":"https:\/\/vitablanca.ma\/ar\/wp-json\/wp\/v2\/product_brand?post=20556"},{"taxonomy":"product_cat","embeddable":true,"href":"https:\/\/vitablanca.ma\/ar\/wp-json\/wp\/v2\/product_cat?post=20556"},{"taxonomy":"product_tag","embeddable":true,"href":"https:\/\/vitablanca.ma\/ar\/wp-json\/wp\/v2\/product_tag?post=20556"}],"curies":[{"name":"wp","href":"https:\/\/api.w.org\/{rel}","templated":true}]}}