{"id":20550,"date":"2025-06-10T18:38:33","date_gmt":"2025-06-10T18:38:33","guid":{"rendered":"https:\/\/vitablanca.ma\/product\/mustela-bio-creme-change-certifiee-75ml\/"},"modified":"2026-02-23T00:22:05","modified_gmt":"2026-02-23T00:22:05","slug":"mustela-bio-creme-change-certifiee-75ml","status":"publish","type":"product","link":"https:\/\/vitablanca.ma\/ar\/product-2\/mustela-bio-creme-change-certifiee-75ml\/","title":{"rendered":"\u0643\u0631\u064a\u0645 \u062d\u0641\u0627\u0636\u0627\u062a \u0645\u0648\u0633\u062a\u064a\u0644\u0627 \u0627\u0644\u0645\u0639\u062a\u0645\u062f \u0628\u064a\u0648\u0644\u0648\u062c\u064a\u064b\u0627 75 \u0645\u0644"},"content":{"rendered":"<h1>\u0643\u0631\u064a\u0645 \u062d\u0641\u0627\u0636\u0627\u062a \u0645\u0648\u0633\u062a\u064a\u0644\u0627 \u0627\u0644\u0645\u0639\u062a\u0645\u062f \u0628\u064a\u0648\u0644\u0648\u062c\u064a\u064b\u0627 75 \u0645\u0644<\/h1>\n<p>Imaginez un soin doux et naturel pour votre b\u00e9b\u00e9, \u00e0 chaque changement de couche. La Cr\u00e8me de Change certifi\u00e9e Bio Mustela est con\u00e7ue pour prendre soin de la peau d\u00e9licate de votre petit tr\u00e9sor d\u00e8s la naissance. Elle est vegan, sans parfum, et contient 99% d\u2019ingr\u00e9dients d\u2019origine naturelle. Cette formule magique, \u00e0 base d\u2019huile d\u2019olive bio, apaise, r\u00e9pare et fait dispara\u00eetre les rougeurs du si\u00e8ge. Apr\u00e8s le bain, c\u2019est le moment de choyer votre b\u00e9b\u00e9. Cette cr\u00e8me change deviendra votre meilleure alli\u00e9e. Elle apaise la peau, laissant une couche protectrice sur les fesses de b\u00e9b\u00e9. Formul\u00e9e avec de l\u2019oxyde de zinc, un ingr\u00e9dient naturel aux propri\u00e9t\u00e9s protectrices, et de l\u2019huile d\u2019olive BIO fran\u00e7aise, riche en Om\u00e9ga 6 et 9, reconnue pour ses propri\u00e9t\u00e9s nourrissantes, cette cr\u00e8me r\u00e9pare les irritations et favorise la disparition des rougeurs du si\u00e8ge. Un bonus pour les parents : elle ne t\u00e2che pas les v\u00eatements. Et pour couronner le tout, ce produit est \u00e9co-con\u00e7u, sa formule est vegan, et son tube est d\u2019origine v\u00e9g\u00e9tale, fabriqu\u00e9 \u00e0 partir de canne \u00e0 sucre.<\/p>\n<h3 class=\"h2 h3\"><strong>\u0637\u0631\u064a\u0642\u0629 \u0627\u0644\u0627\u0633\u062a\u062e\u062f\u0627\u0645:\u00a0<\/strong><\/h3>\n<ul>\n<li>Nettoyez d\u00e9licatement les fesses de b\u00e9b\u00e9.<\/li>\n<li>Appuyez l\u00e9g\u00e8rement sur le tube.<\/li>\n<li>Appliquez la cr\u00e8me sur les fesses propres et s\u00e8ches de b\u00e9b\u00e9.<\/li>\n<li>Proc\u00e9dez \u00e0 la mise en place d\u2019une nouvelle couche.<\/li>\n<\/ul>\n<h3><strong>\u0645\u0643\u0648\u0646\u0627\u062a :<\/strong><\/h3>\n<p>Eau, Huile de Tournesol, Dioxyde de Titane, Oxyde de Zinc, Cire d&rsquo;Abeille, Glyc\u00e9rine, Huile de Coco, Esters de Glyc\u00e9rine et d&rsquo;Acides Gras, Huile de Ricin, Parfum, Beurre de Karit\u00e9, Extrait de Feuille d&rsquo;Aloe Vera, Acide Lactique.<\/p>\n<div class=\"large-2 col pb-0 mb-0\">\n<h3 class=\"uppercase mt\">\u0645\u0639\u0644\u0648\u0645\u0629:<\/h3>\n<\/div>\n<div class=\"large-10 col pb-0 mb-0\">\n<div class=\"panel entry-content\">\n<table class=\"woocommerce-product-attributes shop_attributes\">\n<tbody>\n<tr class=\"woocommerce-product-attributes-item woocommerce-product-attributes-item--attribute_pa_marque\">\n<th class=\"woocommerce-product-attributes-item__label\">\u0645\u0627\u0631\u0643\u0629<\/th>\n<td class=\"woocommerce-product-attributes-item__value\">\u0645\u0648\u0633\u062a\u064a\u0644\u0627<\/td>\n<\/tr>\n<tr class=\"woocommerce-product-attributes-item woocommerce-product-attributes-item--attribute_pa_etat\">\n<th class=\"woocommerce-product-attributes-item__label\">\u0648\u0644\u0627\u064a\u0629<\/th>\n<td class=\"woocommerce-product-attributes-item__value\">\u062a\u0633\u0639\u0629<\/td>\n<\/tr>\n<tr class=\"woocommerce-product-attributes-item woocommerce-product-attributes-item--attribute_pa_gamme\">\n<th class=\"woocommerce-product-attributes-item__label\">\u064a\u062a\u0631\u0627\u0648\u062d<\/th>\n<td class=\"woocommerce-product-attributes-item__value\">Mustela Bio<\/td>\n<\/tr>\n<tr class=\"woocommerce-product-attributes-item woocommerce-product-attributes-item--attribute_pa_couleur\">\n<th class=\"woocommerce-product-attributes-item__label\">\u0644\u0648\u0646<\/th>\n<td class=\"woocommerce-product-attributes-item__value\">\u063a\u064a\u0631 \u0645\u0631\u0626\u064a \/ \u0634\u0641\u0627\u0641<\/td>\n<\/tr>\n<tr class=\"woocommerce-product-attributes-item woocommerce-product-attributes-item--attribute_pa_texture\">\n<th class=\"woocommerce-product-attributes-item__label\">\u0646\u064e\u0633\u0650\u064a\u062c<\/th>\n<td class=\"woocommerce-product-attributes-item__value\">\u0643\u0631\u064a\u0645<\/td>\n<\/tr>\n<tr class=\"woocommerce-product-attributes-item woocommerce-product-attributes-item--attribute_pa_type-de-peau\">\n<th class=\"woocommerce-product-attributes-item__label\">\u0646\u0648\u0639 \u0627\u0644\u0628\u0634\u0631\u0629<\/th>\n<td class=\"woocommerce-product-attributes-item__value\">\u0627\u0644\u0628\u0634\u0631\u0629 \u0627\u0644\u0623\u062a\u0648\u0628\u064a\u0629 \u0648\u0627\u0644\u062d\u0633\u0627\u0633\u0629\u060c \u0627\u0644\u0628\u0634\u0631\u0629 \u0627\u0644\u0645\u062e\u062a\u0644\u0637\u0629 \u0648\u0627\u0644\u062f\u0647\u0646\u064a\u0629 \u0648\u0627\u0644\u0645\u0639\u0631\u0636\u0629 \u0644\u062d\u0628 \u0627\u0644\u0634\u0628\u0627\u0628\u060c \u0627\u0644\u0628\u0634\u0631\u0629 \u0627\u0644\u0639\u0627\u062f\u064a\u0629\u060c \u0627\u0644\u0628\u0634\u0631\u0629 \u0627\u0644\u062c\u0627\u0641\u0629<\/td>\n<\/tr>\n<tr class=\"woocommerce-product-attributes-item woocommerce-product-attributes-item--attribute_pa_zone\">\n<th class=\"woocommerce-product-attributes-item__label\">\u0645\u0646\u0637\u0642\u0629<\/th>\n<td class=\"woocommerce-product-attributes-item__value\">\u062c\u0633\u0645<\/td>\n<\/tr>\n<tr class=\"woocommerce-product-attributes-item woocommerce-product-attributes-item--attribute_pa_profil\">\n<th class=\"woocommerce-product-attributes-item__label\">\u062d\u0633\u0627\u0628 \u062a\u0639\u0631\u064a\u0641\u064a<\/th>\n<td class=\"woocommerce-product-attributes-item__value\">B\u00e9b\u00e9s<\/td>\n<\/tr>\n<\/tbody>\n<\/table>\n<\/div>\n<\/div>","protected":false},"excerpt":{"rendered":"<p>Mustela BIO Cr\u00e8me Change Certifi\u00e9e 75ml Imaginez un soin doux et naturel pour votre b\u00e9b\u00e9, \u00e0 chaque changement de couche. La Cr\u00e8me de Change certifi\u00e9e Bio Mustela est con\u00e7ue pour prendre soin de la peau d\u00e9licate de votre petit tr\u00e9sor d\u00e8s la naissance. Elle est vegan, sans parfum, et contient 99% d\u2019ingr\u00e9dients d\u2019origine naturelle. Cette [&hellip;]<\/p>\n","protected":false},"featured_media":20547,"template":"","meta":{"om_disable_all_campaigns":false},"product_brand":[],"product_cat":[15],"product_tag":[10482,10481,10489,10484,10487,10485,10480,10388,10483,10486,10488,8200,5873,10452,10490],"class_list":{"0":"post-20550","1":"product","2":"type-product","3":"status-publish","4":"has-post-thumbnail","6":"product_cat-beaute-sante-complements-alimentaires-soins-et-bien-etre-au-meilleur-prix","7":"product_tag-creme-apaisante-siege-bebe","8":"product_tag-creme-change-bebe","9":"product_tag-creme-change-certifiee-bio","10":"product_tag-creme-change-hypoallergenique","11":"product_tag-creme-change-naturelle","12":"product_tag-mustela-bio-75ml","13":"product_tag-mustela-creme-change-bio","14":"product_tag-mustela-maroc","15":"product_tag-protection-irritation-bebe","16":"product_tag-rougeurs-siege-bebe","17":"product_tag-soin-bebe-doux","18":"product_tag-soin-peau-delicate","19":"product_tag-soin-peau-sensible","20":"product_tag-soin-quotidien-bebe","21":"product_tag-soin-quotidien-peaux-fragiles","23":"first","24":"instock","25":"sale","26":"taxable","27":"shipping-taxable","28":"purchasable","29":"product-type-simple"},"yoast_head":"<!-- This site is optimized with the Yoast SEO plugin v27.3 - https:\/\/yoast.com\/product\/yoast-seo-wordpress\/ -->\n<title>Mustela BIO Cr\u00e8me Change Certifi\u00e9e 75ml - Maroc Prix<\/title>\n<meta name=\"description\" content=\"Mustela BIO Cr\u00e8me Change Certifi\u00e9e 75\u202fml, prot\u00e8ge et apaise les rougeurs du si\u00e8ge. Cr\u00e8me douce et naturelle pour le soin quotidien de la peau sensible .\" \/>\n<meta name=\"robots\" content=\"index, follow, max-snippet:-1, max-image-preview:large, max-video-preview:-1\" \/>\n<link rel=\"canonical\" href=\"https:\/\/vitablanca.ma\/ar\/product-2\/mustela-bio-creme-change-certifiee-75ml\/\" \/>\n<meta property=\"og:locale\" content=\"ar_AR\" \/>\n<meta property=\"og:type\" content=\"article\" \/>\n<meta property=\"og:title\" content=\"Mustela BIO Cr\u00e8me Change Certifi\u00e9e 75ml - Maroc Prix\" \/>\n<meta property=\"og:description\" content=\"Mustela BIO Cr\u00e8me Change Certifi\u00e9e 75\u202fml, prot\u00e8ge et apaise les rougeurs du si\u00e8ge. Cr\u00e8me douce et naturelle pour le soin quotidien de la peau sensible .\" \/>\n<meta property=\"og:url\" content=\"https:\/\/vitablanca.ma\/ar\/product-2\/mustela-bio-creme-change-certifiee-75ml\/\" \/>\n<meta property=\"og:site_name\" content=\"Vitablanca.ma &ndash; Sant&eacute;, vitalit&eacute; et bien-&ecirc;tre pour tous les Marocains\" \/>\n<meta property=\"article:publisher\" content=\"https:\/\/www.facebook.com\/profile.php?id=61576678196717\" \/>\n<meta property=\"article:modified_time\" content=\"2026-02-23T00:22:05+00:00\" \/>\n<meta property=\"og:image\" content=\"https:\/\/vitablanca.ma\/wp-content\/uploads\/2025\/06\/mustela-creme-de-change-bio-75ml.jpg\" \/>\n\t<meta property=\"og:image:width\" content=\"700\" \/>\n\t<meta property=\"og:image:height\" content=\"700\" \/>\n\t<meta property=\"og:image:type\" content=\"image\/jpeg\" \/>\n<meta name=\"twitter:card\" content=\"summary_large_image\" \/>\n<meta name=\"twitter:label1\" content=\"\u0648\u0642\u062a \u0627\u0644\u0642\u0631\u0627\u0621\u0629 \u0627\u0644\u0645\u064f\u0642\u062f\u0651\u0631\" \/>\n\t<meta name=\"twitter:data1\" content=\"\u062f\u0642\u064a\u0642\u062a\u0627\u0646\" \/>\n<script type=\"application\/ld+json\" class=\"yoast-schema-graph\">{\"@context\":\"https:\\\/\\\/schema.org\",\"@graph\":[{\"@type\":[\"WebPage\",\"ItemPage\"],\"@id\":\"https:\\\/\\\/vitablanca.ma\\\/produit\\\/mustela-bio-creme-change-certifiee-75ml\\\/\",\"url\":\"https:\\\/\\\/vitablanca.ma\\\/produit\\\/mustela-bio-creme-change-certifiee-75ml\\\/\",\"name\":\"Mustela BIO Cr\u00e8me Change Certifi\u00e9e 75ml - Maroc Prix\",\"isPartOf\":{\"@id\":\"https:\\\/\\\/vitablanca.ma\\\/#website\"},\"primaryImageOfPage\":{\"@id\":\"https:\\\/\\\/vitablanca.ma\\\/produit\\\/mustela-bio-creme-change-certifiee-75ml\\\/#primaryimage\"},\"image\":{\"@id\":\"https:\\\/\\\/vitablanca.ma\\\/produit\\\/mustela-bio-creme-change-certifiee-75ml\\\/#primaryimage\"},\"thumbnailUrl\":\"https:\\\/\\\/vitablanca.ma\\\/wp-content\\\/uploads\\\/2025\\\/06\\\/mustela-creme-de-change-bio-75ml.jpg\",\"datePublished\":\"2025-06-10T18:38:33+00:00\",\"dateModified\":\"2026-02-23T00:22:05+00:00\",\"description\":\"Mustela BIO Cr\u00e8me Change Certifi\u00e9e 75\u202fml, prot\u00e8ge et apaise les rougeurs du si\u00e8ge. Cr\u00e8me douce et naturelle pour le soin quotidien de la peau sensible .\",\"breadcrumb\":{\"@id\":\"https:\\\/\\\/vitablanca.ma\\\/produit\\\/mustela-bio-creme-change-certifiee-75ml\\\/#breadcrumb\"},\"inLanguage\":\"ar\",\"potentialAction\":[{\"@type\":\"ReadAction\",\"target\":[\"https:\\\/\\\/vitablanca.ma\\\/produit\\\/mustela-bio-creme-change-certifiee-75ml\\\/\"]}]},{\"@type\":\"ImageObject\",\"inLanguage\":\"ar\",\"@id\":\"https:\\\/\\\/vitablanca.ma\\\/produit\\\/mustela-bio-creme-change-certifiee-75ml\\\/#primaryimage\",\"url\":\"https:\\\/\\\/vitablanca.ma\\\/wp-content\\\/uploads\\\/2025\\\/06\\\/mustela-creme-de-change-bio-75ml.jpg\",\"contentUrl\":\"https:\\\/\\\/vitablanca.ma\\\/wp-content\\\/uploads\\\/2025\\\/06\\\/mustela-creme-de-change-bio-75ml.jpg\",\"width\":700,\"height\":700},{\"@type\":\"BreadcrumbList\",\"@id\":\"https:\\\/\\\/vitablanca.ma\\\/produit\\\/mustela-bio-creme-change-certifiee-75ml\\\/#breadcrumb\",\"itemListElement\":[{\"@type\":\"ListItem\",\"position\":1,\"name\":\"Home\",\"item\":\"https:\\\/\\\/vitablanca.ma\\\/\"},{\"@type\":\"ListItem\",\"position\":2,\"name\":\"Tous Les Produits\",\"item\":\"https:\\\/\\\/vitablanca.ma\\\/tous-les-produits\\\/\"},{\"@type\":\"ListItem\",\"position\":3,\"name\":\"Mustela BIO Cr\u00e8me Change Certifi\u00e9e 75ml\"}]},{\"@type\":\"WebSite\",\"@id\":\"https:\\\/\\\/vitablanca.ma\\\/#website\",\"url\":\"https:\\\/\\\/vitablanca.ma\\\/\",\"name\":\"VitaBlanca.ma | Compl\u00e9ments alimentaires, sant\u00e9 & beaut\u00e9 au Maroc\",\"description\":\"vendre vitamines et compl\u00e9ments premium des USA &amp; Canada, Nouvelle Z\u00e9lande,Maroc (NOW Foods, Solgar, Manuka). Livraison rapide partout au Maroc.\",\"publisher\":{\"@id\":\"https:\\\/\\\/vitablanca.ma\\\/#organization\"},\"alternateName\":\"VitaBlanca.ma\",\"potentialAction\":[{\"@type\":\"SearchAction\",\"target\":{\"@type\":\"EntryPoint\",\"urlTemplate\":\"https:\\\/\\\/vitablanca.ma\\\/?s={search_term_string}\"},\"query-input\":{\"@type\":\"PropertyValueSpecification\",\"valueRequired\":true,\"valueName\":\"search_term_string\"}}],\"inLanguage\":\"ar\"},{\"@type\":\"Organization\",\"@id\":\"https:\\\/\\\/vitablanca.ma\\\/#organization\",\"name\":\"VitaBlanca\",\"url\":\"https:\\\/\\\/vitablanca.ma\\\/\",\"logo\":{\"@type\":\"ImageObject\",\"inLanguage\":\"ar\",\"@id\":\"https:\\\/\\\/vitablanca.ma\\\/#\\\/schema\\\/logo\\\/image\\\/\",\"url\":\"https:\\\/\\\/vitablanca.ma\\\/wp-content\\\/uploads\\\/2025\\\/05\\\/cropped-vitablanca.png\",\"contentUrl\":\"https:\\\/\\\/vitablanca.ma\\\/wp-content\\\/uploads\\\/2025\\\/05\\\/cropped-vitablanca.png\",\"width\":360,\"height\":67,\"caption\":\"VitaBlanca\"},\"image\":{\"@id\":\"https:\\\/\\\/vitablanca.ma\\\/#\\\/schema\\\/logo\\\/image\\\/\"},\"sameAs\":[\"https:\\\/\\\/www.facebook.com\\\/profile.php?id=61576678196717\",\"https:\\\/\\\/www.tiktok.com\\\/@vitablanca.ma\",\"https:\\\/\\\/www.instagram.com\\\/vitablanca.ma\\\/\"]}]}<\/script>\n<!-- \/ Yoast SEO plugin. -->","yoast_head_json":{"title":"Mustela BIO Cr\u00e8me Change Certifi\u00e9e 75ml - Maroc Prix","description":"Mustela BIO Cr\u00e8me Change Certifi\u00e9e 75\u202fml, prot\u00e8ge et apaise les rougeurs du si\u00e8ge. Cr\u00e8me douce et naturelle pour le soin quotidien de la peau sensible .","robots":{"index":"index","follow":"follow","max-snippet":"max-snippet:-1","max-image-preview":"max-image-preview:large","max-video-preview":"max-video-preview:-1"},"canonical":"https:\/\/vitablanca.ma\/ar\/product-2\/mustela-bio-creme-change-certifiee-75ml\/","og_locale":"ar_AR","og_type":"article","og_title":"Mustela BIO Cr\u00e8me Change Certifi\u00e9e 75ml - Maroc Prix","og_description":"Mustela BIO Cr\u00e8me Change Certifi\u00e9e 75\u202fml, prot\u00e8ge et apaise les rougeurs du si\u00e8ge. Cr\u00e8me douce et naturelle pour le soin quotidien de la peau sensible .","og_url":"https:\/\/vitablanca.ma\/ar\/product-2\/mustela-bio-creme-change-certifiee-75ml\/","og_site_name":"Vitablanca.ma &ndash; Sant&eacute;, vitalit&eacute; et bien-&ecirc;tre pour tous les Marocains","article_publisher":"https:\/\/www.facebook.com\/profile.php?id=61576678196717","article_modified_time":"2026-02-23T00:22:05+00:00","og_image":[{"width":700,"height":700,"url":"https:\/\/vitablanca.ma\/wp-content\/uploads\/2025\/06\/mustela-creme-de-change-bio-75ml.jpg","type":"image\/jpeg"}],"twitter_card":"summary_large_image","twitter_misc":{"\u0648\u0642\u062a \u0627\u0644\u0642\u0631\u0627\u0621\u0629 \u0627\u0644\u0645\u064f\u0642\u062f\u0651\u0631":"\u062f\u0642\u064a\u0642\u062a\u0627\u0646"},"schema":{"@context":"https:\/\/schema.org","@graph":[{"@type":["WebPage","ItemPage"],"@id":"https:\/\/vitablanca.ma\/produit\/mustela-bio-creme-change-certifiee-75ml\/","url":"https:\/\/vitablanca.ma\/produit\/mustela-bio-creme-change-certifiee-75ml\/","name":"Mustela BIO Cr\u00e8me Change Certifi\u00e9e 75ml - Maroc Prix","isPartOf":{"@id":"https:\/\/vitablanca.ma\/#website"},"primaryImageOfPage":{"@id":"https:\/\/vitablanca.ma\/produit\/mustela-bio-creme-change-certifiee-75ml\/#primaryimage"},"image":{"@id":"https:\/\/vitablanca.ma\/produit\/mustela-bio-creme-change-certifiee-75ml\/#primaryimage"},"thumbnailUrl":"https:\/\/vitablanca.ma\/wp-content\/uploads\/2025\/06\/mustela-creme-de-change-bio-75ml.jpg","datePublished":"2025-06-10T18:38:33+00:00","dateModified":"2026-02-23T00:22:05+00:00","description":"Mustela BIO Cr\u00e8me Change Certifi\u00e9e 75\u202fml, prot\u00e8ge et apaise les rougeurs du si\u00e8ge. Cr\u00e8me douce et naturelle pour le soin quotidien de la peau sensible .","breadcrumb":{"@id":"https:\/\/vitablanca.ma\/produit\/mustela-bio-creme-change-certifiee-75ml\/#breadcrumb"},"inLanguage":"ar","potentialAction":[{"@type":"ReadAction","target":["https:\/\/vitablanca.ma\/produit\/mustela-bio-creme-change-certifiee-75ml\/"]}]},{"@type":"ImageObject","inLanguage":"ar","@id":"https:\/\/vitablanca.ma\/produit\/mustela-bio-creme-change-certifiee-75ml\/#primaryimage","url":"https:\/\/vitablanca.ma\/wp-content\/uploads\/2025\/06\/mustela-creme-de-change-bio-75ml.jpg","contentUrl":"https:\/\/vitablanca.ma\/wp-content\/uploads\/2025\/06\/mustela-creme-de-change-bio-75ml.jpg","width":700,"height":700},{"@type":"BreadcrumbList","@id":"https:\/\/vitablanca.ma\/produit\/mustela-bio-creme-change-certifiee-75ml\/#breadcrumb","itemListElement":[{"@type":"ListItem","position":1,"name":"Home","item":"https:\/\/vitablanca.ma\/"},{"@type":"ListItem","position":2,"name":"Tous Les Produits","item":"https:\/\/vitablanca.ma\/tous-les-produits\/"},{"@type":"ListItem","position":3,"name":"Mustela BIO Cr\u00e8me Change Certifi\u00e9e 75ml"}]},{"@type":"WebSite","@id":"https:\/\/vitablanca.ma\/#website","url":"https:\/\/vitablanca.ma\/","name":"VitaBlanca.ma | \u0627\u0644\u0645\u0643\u0645\u0644\u0627\u062a \u0627\u0644\u063a\u0630\u0627\u0626\u064a\u0629\u060c \u0627\u0644\u0635\u062d\u0629 \u0648\u0627\u0644\u062c\u0645\u0627\u0644 \u0641\u064a \u0627\u0644\u0645\u063a\u0631\u0628","description":"\u0646\u0628\u064a\u0639 \u0641\u064a\u062a\u0627\u0645\u064a\u0646\u0627\u062a \u0648\u0645\u0643\u0645\u0644\u0627\u062a \u063a\u0630\u0627\u0626\u064a\u0629 \u0641\u0627\u062e\u0631\u0629 \u0645\u0646 \u0627\u0644\u0648\u0644\u0627\u064a\u0627\u062a \u0627\u0644\u0645\u062a\u062d\u062f\u0629 \u0627\u0644\u0623\u0645\u0631\u064a\u0643\u064a\u0629 \u0648\u0643\u0646\u062f\u0627 \u0648\u0646\u064a\u0648\u0632\u064a\u0644\u0646\u062f\u0627 \u0648\u0627\u0644\u0645\u063a\u0631\u0628 (\u0646\u0627\u0648 \u0641\u0648\u062f\u0632\u060c \u0633\u0648\u0644\u062c\u0627\u0631\u060c \u0645\u0627\u0646\u0648\u0643\u0627). \u062a\u0648\u0635\u064a\u0644 \u0633\u0631\u064a\u0639 \u0625\u0644\u0649 \u062c\u0645\u064a\u0639 \u0623\u0646\u062d\u0627\u0621 \u0627\u0644\u0645\u063a\u0631\u0628.","publisher":{"@id":"https:\/\/vitablanca.ma\/#organization"},"alternateName":"VitaBlanca.ma","potentialAction":[{"@type":"SearchAction","target":{"@type":"EntryPoint","urlTemplate":"https:\/\/vitablanca.ma\/?s={search_term_string}"},"query-input":{"@type":"PropertyValueSpecification","valueRequired":true,"valueName":"search_term_string"}}],"inLanguage":"ar"},{"@type":"Organization","@id":"https:\/\/vitablanca.ma\/#organization","name":"\u0641\u064a\u062a\u0627\u0628\u0644\u0627\u0646\u0643\u0627","url":"https:\/\/vitablanca.ma\/","logo":{"@type":"ImageObject","inLanguage":"ar","@id":"https:\/\/vitablanca.ma\/#\/schema\/logo\/image\/","url":"https:\/\/vitablanca.ma\/wp-content\/uploads\/2025\/05\/cropped-vitablanca.png","contentUrl":"https:\/\/vitablanca.ma\/wp-content\/uploads\/2025\/05\/cropped-vitablanca.png","width":360,"height":67,"caption":"VitaBlanca"},"image":{"@id":"https:\/\/vitablanca.ma\/#\/schema\/logo\/image\/"},"sameAs":["https:\/\/www.facebook.com\/profile.php?id=61576678196717","https:\/\/www.tiktok.com\/@vitablanca.ma","https:\/\/www.instagram.com\/vitablanca.ma\/"]}]}},"jetpack_sharing_enabled":true,"_links":{"self":[{"href":"https:\/\/vitablanca.ma\/ar\/wp-json\/wp\/v2\/product\/20550","targetHints":{"allow":["GET"]}}],"collection":[{"href":"https:\/\/vitablanca.ma\/ar\/wp-json\/wp\/v2\/product"}],"about":[{"href":"https:\/\/vitablanca.ma\/ar\/wp-json\/wp\/v2\/types\/product"}],"wp:featuredmedia":[{"embeddable":true,"href":"https:\/\/vitablanca.ma\/ar\/wp-json\/wp\/v2\/media\/20547"}],"wp:attachment":[{"href":"https:\/\/vitablanca.ma\/ar\/wp-json\/wp\/v2\/media?parent=20550"}],"wp:term":[{"taxonomy":"product_brand","embeddable":true,"href":"https:\/\/vitablanca.ma\/ar\/wp-json\/wp\/v2\/product_brand?post=20550"},{"taxonomy":"product_cat","embeddable":true,"href":"https:\/\/vitablanca.ma\/ar\/wp-json\/wp\/v2\/product_cat?post=20550"},{"taxonomy":"product_tag","embeddable":true,"href":"https:\/\/vitablanca.ma\/ar\/wp-json\/wp\/v2\/product_tag?post=20550"}],"curies":[{"name":"wp","href":"https:\/\/api.w.org\/{rel}","templated":true}]}}