{"id":20546,"date":"2025-06-10T18:38:26","date_gmt":"2025-06-10T18:38:26","guid":{"rendered":"https:\/\/vitablanca.ma\/product\/mustela-bio-gel-lavant-sans-parfum-400ml\/"},"modified":"2026-02-22T23:36:00","modified_gmt":"2026-02-22T23:36:00","slug":"mustela-bio-gel-lavant-sans-parfum-400ml","status":"publish","type":"product","link":"https:\/\/vitablanca.ma\/ar\/product-2\/mustela-bio-gel-lavant-sans-parfum-400ml\/","title":{"rendered":"Mustela Bio Gel Lavant Sans Parfum 400ml"},"content":{"rendered":"<h1>Mustela Bio Gel Lavant Sans Parfum 400ml<\/h1>\n<p>Ce gel lavant 2 en 1, certifi\u00e9 Bio, est adapt\u00e9 d\u00e8s la naissance* et convient \u00e0 tous les membres de la famille. Compos\u00e9 de 97% d\u2019ingr\u00e9dients d\u2019origine naturelle, dont de l\u2019huile d\u2019olive bio, il nettoie en douceur et compense les effets dess\u00e9chants de l\u2019eau calcaire. Sans parfum, cette formule est \u00e9galement vegan**. L\u2019heure du bain est un moment privil\u00e9gi\u00e9, et ce gel lavant certifi\u00e9 bio \u00e0 l\u2019huile d\u2019olive bio le rend encore plus sp\u00e9cial. Il nettoie efficacement tout en respectant la peau d\u00e9licate de votre enfant, y compris son cuir chevelu. M\u00eame l\u2019eau calcaire ne lui fait pas peur, car il compense ses effets dess\u00e9chants. R\u00e9sultat : votre b\u00e9b\u00e9 a la peau propre et douce comme de la soie. De plus, la formule de ce gel lavant est vegan* et enti\u00e8rement biod\u00e9gradable**. Son flacon d\u2019origine v\u00e9g\u00e9tale, fabriqu\u00e9 \u00e0 partir de canne \u00e0 sucre, est recyclable.<\/p>\n<h3 class=\"h2 h3\"><strong>\u0637\u0631\u064a\u0642\u0629 \u0627\u0644\u0627\u0633\u062a\u062e\u062f\u0627\u0645:\u00a0<\/strong><\/h3>\n<ul>\n<li>Le format pompe est pratique, assurez-vous de ne pas perdre une goutte du produit.<\/li>\n<li>Appuyez sur la pompe 2 \u00e0 4 fois et versez dans votre main.<\/li>\n<li>Lavez d\u00e9licatement les cheveux et le corps, pr\u00e9alablement mouill\u00e9s.<\/li>\n<li>Rincez soigneusement.<\/li>\n<\/ul>\n<h3><strong>\u0645\u0643\u0648\u0646\u0627\u062a :<\/strong><\/h3>\n<p>L\u2019huile d\u2019olive bio fran\u00e7aise est la star de cette formule, reconnue pour ses propri\u00e9t\u00e9s nourrissantes gr\u00e2ce \u00e0 ses Om\u00e9ga 6 et 9. Nous l\u2019avons associ\u00e9e \u00e0 :<\/p>\n<ul>\n<li>L\u2019aloe vera bio, pour adoucir et apaiser la peau.<\/li>\n<li>La glyc\u00e9rine d\u2019origine naturelle, pour hydrater et prot\u00e9ger la peau.<\/li>\n<li>L\u2019huile de tournesol certifi\u00e9e Bio, issue de fili\u00e8res biologiques fran\u00e7aises.<\/li>\n<\/ul>\n<div class=\"large-2 col pb-0 mb-0\">\n<h3 class=\"uppercase mt\">\u0645\u0639\u0644\u0648\u0645\u0629:<\/h3>\n<\/div>\n<div class=\"large-10 col pb-0 mb-0\">\n<div class=\"panel entry-content\">\n<table class=\"woocommerce-product-attributes shop_attributes\" data-mce-fragment=\"1\">\n<tbody data-mce-fragment=\"1\">\n<tr class=\"woocommerce-product-attributes-item woocommerce-product-attributes-item--attribute_pa_marque\" data-mce-fragment=\"1\">\n<th class=\"woocommerce-product-attributes-item__label\" data-mce-fragment=\"1\">\u0645\u0627\u0631\u0643\u0629<\/th>\n<td class=\"woocommerce-product-attributes-item__value\" data-mce-fragment=\"1\">\n<p data-mce-fragment=\"1\">\u0645\u0648\u0633\u062a\u064a\u0644\u0627<\/p>\n<\/td>\n<\/tr>\n<tr class=\"woocommerce-product-attributes-item woocommerce-product-attributes-item--attribute_pa_etat\" data-mce-fragment=\"1\">\n<th class=\"woocommerce-product-attributes-item__label\" data-mce-fragment=\"1\">\u0648\u0644\u0627\u064a\u0629<\/th>\n<td class=\"woocommerce-product-attributes-item__value\" data-mce-fragment=\"1\">\n<p data-mce-fragment=\"1\">\u062a\u0633\u0639\u0629<\/p>\n<\/td>\n<\/tr>\n<tr class=\"woocommerce-product-attributes-item woocommerce-product-attributes-item--attribute_pa_gamme\" data-mce-fragment=\"1\">\n<th class=\"woocommerce-product-attributes-item__label\" data-mce-fragment=\"1\">\u064a\u062a\u0631\u0627\u0648\u062d<\/th>\n<td class=\"woocommerce-product-attributes-item__value\" data-mce-fragment=\"1\">\n<p data-mce-fragment=\"1\">Mustela Bio<\/p>\n<\/td>\n<\/tr>\n<tr class=\"woocommerce-product-attributes-item woocommerce-product-attributes-item--attribute_pa_couleur\" data-mce-fragment=\"1\">\n<th class=\"woocommerce-product-attributes-item__label\" data-mce-fragment=\"1\">\u0644\u0648\u0646<\/th>\n<td class=\"woocommerce-product-attributes-item__value\" data-mce-fragment=\"1\">\n<p data-mce-fragment=\"1\">\u063a\u064a\u0631 \u0645\u0631\u0626\u064a \/ \u0634\u0641\u0627\u0641<\/p>\n<\/td>\n<\/tr>\n<tr class=\"woocommerce-product-attributes-item woocommerce-product-attributes-item--attribute_pa_texture\" data-mce-fragment=\"1\">\n<th class=\"woocommerce-product-attributes-item__label\" data-mce-fragment=\"1\">\u0646\u064e\u0633\u0650\u064a\u062c<\/th>\n<td class=\"woocommerce-product-attributes-item__value\" data-mce-fragment=\"1\">\n<p data-mce-fragment=\"1\">\u062a\u062c\u0645\u064a\u062f<\/p>\n<\/td>\n<\/tr>\n<tr class=\"woocommerce-product-attributes-item woocommerce-product-attributes-item--attribute_pa_type-de-peau\" data-mce-fragment=\"1\">\n<th class=\"woocommerce-product-attributes-item__label\" data-mce-fragment=\"1\">\u0646\u0648\u0639 \u0627\u0644\u0628\u0634\u0631\u0629<\/th>\n<td class=\"woocommerce-product-attributes-item__value\" data-mce-fragment=\"1\">\n<p data-mce-fragment=\"1\">\u0627\u0644\u0628\u0634\u0631\u0629 \u0627\u0644\u0623\u062a\u0648\u0628\u064a\u0629 \u0648\u0627\u0644\u062d\u0633\u0627\u0633\u0629\u060c \u0627\u0644\u0628\u0634\u0631\u0629 \u0627\u0644\u0645\u062e\u062a\u0644\u0637\u0629 \u0648\u0627\u0644\u062f\u0647\u0646\u064a\u0629 \u0648\u0627\u0644\u0645\u0639\u0631\u0636\u0629 \u0644\u062d\u0628 \u0627\u0644\u0634\u0628\u0627\u0628\u060c \u0627\u0644\u0628\u0634\u0631\u0629 \u0627\u0644\u0639\u0627\u062f\u064a\u0629\u060c \u0627\u0644\u0628\u0634\u0631\u0629 \u0627\u0644\u062c\u0627\u0641\u0629<\/p>\n<\/td>\n<\/tr>\n<tr class=\"woocommerce-product-attributes-item woocommerce-product-attributes-item--attribute_pa_zone\" data-mce-fragment=\"1\">\n<th class=\"woocommerce-product-attributes-item__label\" data-mce-fragment=\"1\">\u0645\u0646\u0637\u0642\u0629<\/th>\n<td class=\"woocommerce-product-attributes-item__value\" data-mce-fragment=\"1\">\n<p data-mce-fragment=\"1\">Corps, Visage<\/p>\n<\/td>\n<\/tr>\n<tr class=\"woocommerce-product-attributes-item woocommerce-product-attributes-item--attribute_pa_profil\" data-mce-fragment=\"1\">\n<th class=\"woocommerce-product-attributes-item__label\" data-mce-fragment=\"1\">\u062d\u0633\u0627\u0628 \u062a\u0639\u0631\u064a\u0641\u064a<\/th>\n<td class=\"woocommerce-product-attributes-item__value\" data-mce-fragment=\"1\">\n<p data-mce-fragment=\"1\">Adolescents, Adultes, B\u00e9b\u00e9s, Enfants<\/p>\n<\/td>\n<\/tr>\n<\/tbody>\n<\/table>\n<p>&nbsp;<\/p>\n<\/div>\n<\/div>","protected":false},"excerpt":{"rendered":"<p>Mustela Bio Gel Lavant Sans Parfum 400ml Ce gel lavant 2 en 1, certifi\u00e9 Bio, est adapt\u00e9 d\u00e8s la naissance* et convient \u00e0 tous les membres de la famille. Compos\u00e9 de 97% d\u2019ingr\u00e9dients d\u2019origine naturelle, dont de l\u2019huile d\u2019olive bio, il nettoie en douceur et compense les effets dess\u00e9chants de l\u2019eau calcaire. Sans parfum, cette [&hellip;]<\/p>\n","protected":false},"featured_media":20534,"template":"","meta":{"om_disable_all_campaigns":false},"product_brand":[],"product_cat":[15],"product_tag":[10377,8250,10456,10415,10451,6546,10454,10453,10450,10388,10380,10455,10406,5873,10452],"class_list":{"0":"post-20546","1":"product","2":"type-product","3":"status-publish","4":"has-post-thumbnail","6":"product_cat-beaute-sante-complements-alimentaires-soins-et-bien-etre-au-meilleur-prix","7":"product_tag-gel-douche-bebe-bio","8":"product_tag-gel-douche-naturel","9":"product_tag-gel-douche-peau-sensible","10":"product_tag-gel-lavant-hypoallergenique","11":"product_tag-gel-lavant-sans-parfum","12":"product_tag-hydratation-peau-delicate","13":"product_tag-hygiene-bebe-douce","14":"product_tag-mustela-bio-400ml","15":"product_tag-mustela-gel-lavant-bio","16":"product_tag-mustela-maroc","17":"product_tag-nettoyage-doux-bebe","18":"product_tag-routine-bebe-bio","19":"product_tag-soin-bebe-quotidien","20":"product_tag-soin-peau-sensible","21":"product_tag-soin-quotidien-bebe","23":"first","24":"instock","25":"sale","26":"taxable","27":"shipping-taxable","28":"purchasable","29":"product-type-simple"},"yoast_head":"<!-- This site is optimized with the Yoast SEO plugin v27.4 - https:\/\/yoast.com\/product\/yoast-seo-wordpress\/ -->\n<title>Mustela Bio Gel Lavant Sans Parfum 400ml - Maroc Prix<\/title>\n<meta name=\"description\" content=\"Mustela Bio Gel Lavant Sans Parfum 400\u202fml, gel douche doux pour b\u00e9b\u00e9. Nettoie, hydrate et respecte la peau sensible au quotidien sans parfum.\" \/>\n<meta name=\"robots\" content=\"index, follow, max-snippet:-1, max-image-preview:large, max-video-preview:-1\" \/>\n<link rel=\"canonical\" href=\"https:\/\/vitablanca.ma\/ar\/product-2\/mustela-bio-gel-lavant-sans-parfum-400ml\/\" \/>\n<meta property=\"og:locale\" content=\"ar_AR\" \/>\n<meta property=\"og:type\" content=\"article\" \/>\n<meta property=\"og:title\" content=\"Mustela Bio Gel Lavant Sans Parfum 400ml - Maroc Prix\" \/>\n<meta property=\"og:description\" content=\"Mustela Bio Gel Lavant Sans Parfum 400\u202fml, gel douche doux pour b\u00e9b\u00e9. Nettoie, hydrate et respecte la peau sensible au quotidien sans parfum.\" \/>\n<meta property=\"og:url\" content=\"https:\/\/vitablanca.ma\/ar\/product-2\/mustela-bio-gel-lavant-sans-parfum-400ml\/\" \/>\n<meta property=\"og:site_name\" content=\"Vitablanca.ma &ndash; Sant&eacute;, vitalit&eacute; et bien-&ecirc;tre pour tous les Marocains\" \/>\n<meta property=\"article:publisher\" content=\"https:\/\/www.facebook.com\/profile.php?id=61576678196717\" \/>\n<meta property=\"article:modified_time\" content=\"2026-02-22T23:36:00+00:00\" \/>\n<meta property=\"og:image\" content=\"https:\/\/vitablanca.ma\/wp-content\/uploads\/2025\/06\/Untitleddesign_c6cccd5c-9485-4ce5-9048-16965e500918.png\" \/>\n\t<meta property=\"og:image:width\" content=\"1000\" \/>\n\t<meta property=\"og:image:height\" content=\"1000\" \/>\n\t<meta property=\"og:image:type\" content=\"image\/png\" \/>\n<meta name=\"twitter:card\" content=\"summary_large_image\" \/>\n<meta name=\"twitter:label1\" content=\"\u0648\u0642\u062a \u0627\u0644\u0642\u0631\u0627\u0621\u0629 \u0627\u0644\u0645\u064f\u0642\u062f\u0651\u0631\" \/>\n\t<meta name=\"twitter:data1\" content=\"\u062f\u0642\u064a\u0642\u062a\u0627\u0646\" \/>\n<script type=\"application\/ld+json\" class=\"yoast-schema-graph\">{\"@context\":\"https:\\\/\\\/schema.org\",\"@graph\":[{\"@type\":[\"WebPage\",\"ItemPage\"],\"@id\":\"https:\\\/\\\/vitablanca.ma\\\/produit\\\/mustela-bio-gel-lavant-sans-parfum-400ml\\\/\",\"url\":\"https:\\\/\\\/vitablanca.ma\\\/produit\\\/mustela-bio-gel-lavant-sans-parfum-400ml\\\/\",\"name\":\"Mustela Bio Gel Lavant Sans Parfum 400ml - Maroc Prix\",\"isPartOf\":{\"@id\":\"https:\\\/\\\/vitablanca.ma\\\/#website\"},\"primaryImageOfPage\":{\"@id\":\"https:\\\/\\\/vitablanca.ma\\\/produit\\\/mustela-bio-gel-lavant-sans-parfum-400ml\\\/#primaryimage\"},\"image\":{\"@id\":\"https:\\\/\\\/vitablanca.ma\\\/produit\\\/mustela-bio-gel-lavant-sans-parfum-400ml\\\/#primaryimage\"},\"thumbnailUrl\":\"https:\\\/\\\/vitablanca.ma\\\/wp-content\\\/uploads\\\/2025\\\/06\\\/Untitleddesign_c6cccd5c-9485-4ce5-9048-16965e500918.png\",\"datePublished\":\"2025-06-10T18:38:26+00:00\",\"dateModified\":\"2026-02-22T23:36:00+00:00\",\"description\":\"Mustela Bio Gel Lavant Sans Parfum 400\u202fml, gel douche doux pour b\u00e9b\u00e9. Nettoie, hydrate et respecte la peau sensible au quotidien sans parfum.\",\"breadcrumb\":{\"@id\":\"https:\\\/\\\/vitablanca.ma\\\/produit\\\/mustela-bio-gel-lavant-sans-parfum-400ml\\\/#breadcrumb\"},\"inLanguage\":\"ar\",\"potentialAction\":[{\"@type\":\"ReadAction\",\"target\":[\"https:\\\/\\\/vitablanca.ma\\\/produit\\\/mustela-bio-gel-lavant-sans-parfum-400ml\\\/\"]}]},{\"@type\":\"ImageObject\",\"inLanguage\":\"ar\",\"@id\":\"https:\\\/\\\/vitablanca.ma\\\/produit\\\/mustela-bio-gel-lavant-sans-parfum-400ml\\\/#primaryimage\",\"url\":\"https:\\\/\\\/vitablanca.ma\\\/wp-content\\\/uploads\\\/2025\\\/06\\\/Untitleddesign_c6cccd5c-9485-4ce5-9048-16965e500918.png\",\"contentUrl\":\"https:\\\/\\\/vitablanca.ma\\\/wp-content\\\/uploads\\\/2025\\\/06\\\/Untitleddesign_c6cccd5c-9485-4ce5-9048-16965e500918.png\",\"width\":1000,\"height\":1000},{\"@type\":\"BreadcrumbList\",\"@id\":\"https:\\\/\\\/vitablanca.ma\\\/produit\\\/mustela-bio-gel-lavant-sans-parfum-400ml\\\/#breadcrumb\",\"itemListElement\":[{\"@type\":\"ListItem\",\"position\":1,\"name\":\"Home\",\"item\":\"https:\\\/\\\/vitablanca.ma\\\/\"},{\"@type\":\"ListItem\",\"position\":2,\"name\":\"Tous Les Produits\",\"item\":\"https:\\\/\\\/vitablanca.ma\\\/tous-les-produits\\\/\"},{\"@type\":\"ListItem\",\"position\":3,\"name\":\"Mustela Bio Gel Lavant Sans Parfum 400ml\"}]},{\"@type\":\"WebSite\",\"@id\":\"https:\\\/\\\/vitablanca.ma\\\/#website\",\"url\":\"https:\\\/\\\/vitablanca.ma\\\/\",\"name\":\"VitaBlanca.ma | Compl\u00e9ments alimentaires, sant\u00e9 & beaut\u00e9 au Maroc\",\"description\":\"vendre vitamines et compl\u00e9ments premium des USA &amp; Canada, Nouvelle Z\u00e9lande,Maroc (NOW Foods, Solgar, Manuka). Livraison rapide partout au Maroc.\",\"publisher\":{\"@id\":\"https:\\\/\\\/vitablanca.ma\\\/#organization\"},\"alternateName\":\"VitaBlanca.ma\",\"potentialAction\":[{\"@type\":\"SearchAction\",\"target\":{\"@type\":\"EntryPoint\",\"urlTemplate\":\"https:\\\/\\\/vitablanca.ma\\\/?s={search_term_string}\"},\"query-input\":{\"@type\":\"PropertyValueSpecification\",\"valueRequired\":true,\"valueName\":\"search_term_string\"}}],\"inLanguage\":\"ar\"},{\"@type\":\"Organization\",\"@id\":\"https:\\\/\\\/vitablanca.ma\\\/#organization\",\"name\":\"VitaBlanca\",\"url\":\"https:\\\/\\\/vitablanca.ma\\\/\",\"logo\":{\"@type\":\"ImageObject\",\"inLanguage\":\"ar\",\"@id\":\"https:\\\/\\\/vitablanca.ma\\\/#\\\/schema\\\/logo\\\/image\\\/\",\"url\":\"https:\\\/\\\/vitablanca.ma\\\/wp-content\\\/uploads\\\/2025\\\/05\\\/cropped-vitablanca.png\",\"contentUrl\":\"https:\\\/\\\/vitablanca.ma\\\/wp-content\\\/uploads\\\/2025\\\/05\\\/cropped-vitablanca.png\",\"width\":360,\"height\":67,\"caption\":\"VitaBlanca\"},\"image\":{\"@id\":\"https:\\\/\\\/vitablanca.ma\\\/#\\\/schema\\\/logo\\\/image\\\/\"},\"sameAs\":[\"https:\\\/\\\/www.facebook.com\\\/profile.php?id=61576678196717\",\"https:\\\/\\\/www.tiktok.com\\\/@vitablanca.ma\",\"https:\\\/\\\/www.instagram.com\\\/vitablanca.ma\\\/\"]}]}<\/script>\n<!-- \/ Yoast SEO plugin. -->","yoast_head_json":{"title":"Mustela Bio Gel Lavant Sans Parfum 400ml - Maroc Prix","description":"Mustela Bio Gel Lavant Sans Parfum 400\u202fml, gel douche doux pour b\u00e9b\u00e9. Nettoie, hydrate et respecte la peau sensible au quotidien sans parfum.","robots":{"index":"index","follow":"follow","max-snippet":"max-snippet:-1","max-image-preview":"max-image-preview:large","max-video-preview":"max-video-preview:-1"},"canonical":"https:\/\/vitablanca.ma\/ar\/product-2\/mustela-bio-gel-lavant-sans-parfum-400ml\/","og_locale":"ar_AR","og_type":"article","og_title":"Mustela Bio Gel Lavant Sans Parfum 400ml - Maroc Prix","og_description":"Mustela Bio Gel Lavant Sans Parfum 400\u202fml, gel douche doux pour b\u00e9b\u00e9. Nettoie, hydrate et respecte la peau sensible au quotidien sans parfum.","og_url":"https:\/\/vitablanca.ma\/ar\/product-2\/mustela-bio-gel-lavant-sans-parfum-400ml\/","og_site_name":"Vitablanca.ma &ndash; Sant&eacute;, vitalit&eacute; et bien-&ecirc;tre pour tous les Marocains","article_publisher":"https:\/\/www.facebook.com\/profile.php?id=61576678196717","article_modified_time":"2026-02-22T23:36:00+00:00","og_image":[{"width":1000,"height":1000,"url":"https:\/\/vitablanca.ma\/wp-content\/uploads\/2025\/06\/Untitleddesign_c6cccd5c-9485-4ce5-9048-16965e500918.png","type":"image\/png"}],"twitter_card":"summary_large_image","twitter_misc":{"\u0648\u0642\u062a \u0627\u0644\u0642\u0631\u0627\u0621\u0629 \u0627\u0644\u0645\u064f\u0642\u062f\u0651\u0631":"\u062f\u0642\u064a\u0642\u062a\u0627\u0646"},"schema":{"@context":"https:\/\/schema.org","@graph":[{"@type":["WebPage","ItemPage"],"@id":"https:\/\/vitablanca.ma\/produit\/mustela-bio-gel-lavant-sans-parfum-400ml\/","url":"https:\/\/vitablanca.ma\/produit\/mustela-bio-gel-lavant-sans-parfum-400ml\/","name":"Mustela Bio Gel Lavant Sans Parfum 400ml - Maroc Prix","isPartOf":{"@id":"https:\/\/vitablanca.ma\/#website"},"primaryImageOfPage":{"@id":"https:\/\/vitablanca.ma\/produit\/mustela-bio-gel-lavant-sans-parfum-400ml\/#primaryimage"},"image":{"@id":"https:\/\/vitablanca.ma\/produit\/mustela-bio-gel-lavant-sans-parfum-400ml\/#primaryimage"},"thumbnailUrl":"https:\/\/vitablanca.ma\/wp-content\/uploads\/2025\/06\/Untitleddesign_c6cccd5c-9485-4ce5-9048-16965e500918.png","datePublished":"2025-06-10T18:38:26+00:00","dateModified":"2026-02-22T23:36:00+00:00","description":"Mustela Bio Gel Lavant Sans Parfum 400\u202fml, gel douche doux pour b\u00e9b\u00e9. Nettoie, hydrate et respecte la peau sensible au quotidien sans parfum.","breadcrumb":{"@id":"https:\/\/vitablanca.ma\/produit\/mustela-bio-gel-lavant-sans-parfum-400ml\/#breadcrumb"},"inLanguage":"ar","potentialAction":[{"@type":"ReadAction","target":["https:\/\/vitablanca.ma\/produit\/mustela-bio-gel-lavant-sans-parfum-400ml\/"]}]},{"@type":"ImageObject","inLanguage":"ar","@id":"https:\/\/vitablanca.ma\/produit\/mustela-bio-gel-lavant-sans-parfum-400ml\/#primaryimage","url":"https:\/\/vitablanca.ma\/wp-content\/uploads\/2025\/06\/Untitleddesign_c6cccd5c-9485-4ce5-9048-16965e500918.png","contentUrl":"https:\/\/vitablanca.ma\/wp-content\/uploads\/2025\/06\/Untitleddesign_c6cccd5c-9485-4ce5-9048-16965e500918.png","width":1000,"height":1000},{"@type":"BreadcrumbList","@id":"https:\/\/vitablanca.ma\/produit\/mustela-bio-gel-lavant-sans-parfum-400ml\/#breadcrumb","itemListElement":[{"@type":"ListItem","position":1,"name":"Home","item":"https:\/\/vitablanca.ma\/"},{"@type":"ListItem","position":2,"name":"Tous Les Produits","item":"https:\/\/vitablanca.ma\/tous-les-produits\/"},{"@type":"ListItem","position":3,"name":"Mustela Bio Gel Lavant Sans Parfum 400ml"}]},{"@type":"WebSite","@id":"https:\/\/vitablanca.ma\/#website","url":"https:\/\/vitablanca.ma\/","name":"VitaBlanca.ma | \u0627\u0644\u0645\u0643\u0645\u0644\u0627\u062a \u0627\u0644\u063a\u0630\u0627\u0626\u064a\u0629\u060c \u0627\u0644\u0635\u062d\u0629 \u0648\u0627\u0644\u062c\u0645\u0627\u0644 \u0641\u064a \u0627\u0644\u0645\u063a\u0631\u0628","description":"\u0646\u0628\u064a\u0639 \u0641\u064a\u062a\u0627\u0645\u064a\u0646\u0627\u062a \u0648\u0645\u0643\u0645\u0644\u0627\u062a \u063a\u0630\u0627\u0626\u064a\u0629 \u0641\u0627\u062e\u0631\u0629 \u0645\u0646 \u0627\u0644\u0648\u0644\u0627\u064a\u0627\u062a \u0627\u0644\u0645\u062a\u062d\u062f\u0629 \u0627\u0644\u0623\u0645\u0631\u064a\u0643\u064a\u0629 \u0648\u0643\u0646\u062f\u0627 \u0648\u0646\u064a\u0648\u0632\u064a\u0644\u0646\u062f\u0627 \u0648\u0627\u0644\u0645\u063a\u0631\u0628 (\u0646\u0627\u0648 \u0641\u0648\u062f\u0632\u060c \u0633\u0648\u0644\u062c\u0627\u0631\u060c \u0645\u0627\u0646\u0648\u0643\u0627). \u062a\u0648\u0635\u064a\u0644 \u0633\u0631\u064a\u0639 \u0625\u0644\u0649 \u062c\u0645\u064a\u0639 \u0623\u0646\u062d\u0627\u0621 \u0627\u0644\u0645\u063a\u0631\u0628.","publisher":{"@id":"https:\/\/vitablanca.ma\/#organization"},"alternateName":"VitaBlanca.ma","potentialAction":[{"@type":"SearchAction","target":{"@type":"EntryPoint","urlTemplate":"https:\/\/vitablanca.ma\/?s={search_term_string}"},"query-input":{"@type":"PropertyValueSpecification","valueRequired":true,"valueName":"search_term_string"}}],"inLanguage":"ar"},{"@type":"Organization","@id":"https:\/\/vitablanca.ma\/#organization","name":"\u0641\u064a\u062a\u0627\u0628\u0644\u0627\u0646\u0643\u0627","url":"https:\/\/vitablanca.ma\/","logo":{"@type":"ImageObject","inLanguage":"ar","@id":"https:\/\/vitablanca.ma\/#\/schema\/logo\/image\/","url":"https:\/\/vitablanca.ma\/wp-content\/uploads\/2025\/05\/cropped-vitablanca.png","contentUrl":"https:\/\/vitablanca.ma\/wp-content\/uploads\/2025\/05\/cropped-vitablanca.png","width":360,"height":67,"caption":"VitaBlanca"},"image":{"@id":"https:\/\/vitablanca.ma\/#\/schema\/logo\/image\/"},"sameAs":["https:\/\/www.facebook.com\/profile.php?id=61576678196717","https:\/\/www.tiktok.com\/@vitablanca.ma","https:\/\/www.instagram.com\/vitablanca.ma\/"]}]}},"jetpack_sharing_enabled":true,"_links":{"self":[{"href":"https:\/\/vitablanca.ma\/ar\/wp-json\/wp\/v2\/product\/20546","targetHints":{"allow":["GET"]}}],"collection":[{"href":"https:\/\/vitablanca.ma\/ar\/wp-json\/wp\/v2\/product"}],"about":[{"href":"https:\/\/vitablanca.ma\/ar\/wp-json\/wp\/v2\/types\/product"}],"wp:featuredmedia":[{"embeddable":true,"href":"https:\/\/vitablanca.ma\/ar\/wp-json\/wp\/v2\/media\/20534"}],"wp:attachment":[{"href":"https:\/\/vitablanca.ma\/ar\/wp-json\/wp\/v2\/media?parent=20546"}],"wp:term":[{"taxonomy":"product_brand","embeddable":true,"href":"https:\/\/vitablanca.ma\/ar\/wp-json\/wp\/v2\/product_brand?post=20546"},{"taxonomy":"product_cat","embeddable":true,"href":"https:\/\/vitablanca.ma\/ar\/wp-json\/wp\/v2\/product_cat?post=20546"},{"taxonomy":"product_tag","embeddable":true,"href":"https:\/\/vitablanca.ma\/ar\/wp-json\/wp\/v2\/product_tag?post=20546"}],"curies":[{"name":"wp","href":"https:\/\/api.w.org\/{rel}","templated":true}]}}