{"id":20530,"date":"2025-06-10T18:38:05","date_gmt":"2025-06-10T18:38:05","guid":{"rendered":"https:\/\/vitablanca.ma\/product\/mustela-bio-creme-hydratante-sans-parfum-150ml\/"},"modified":"2026-02-22T23:42:48","modified_gmt":"2026-02-22T23:42:48","slug":"mustela-bio-creme-hydratante-sans-parfum-150ml","status":"publish","type":"product","link":"https:\/\/vitablanca.ma\/ar\/product-2\/mustela-bio-creme-hydratante-sans-parfum-150ml\/","title":{"rendered":"\u0643\u0631\u064a\u0645 \u0645\u0648\u0633\u062a\u064a\u0644\u0627 \u0628\u064a\u0648 \u0627\u0644\u0645\u0631\u0637\u0628 \u0627\u0644\u062e\u0627\u0644\u064a \u0645\u0646 \u0627\u0644\u0639\u0637\u0648\u0631 150 \u0645\u0644"},"content":{"rendered":"<h1>\u0643\u0631\u064a\u0645 \u0645\u0648\u0633\u062a\u064a\u0644\u0627 \u0628\u064a\u0648 \u0627\u0644\u0645\u0631\u0637\u0628 \u0627\u0644\u062e\u0627\u0644\u064a \u0645\u0646 \u0627\u0644\u0639\u0637\u0648\u0631 150 \u0645\u0644<\/h1>\n<p>Cette cr\u00e8me hydratante visage et corps, certifi\u00e9e Bio, prend soin des peaux d\u00e9licates de toute la famille. Elle est exempte de parfum, 100% vegan, et convient m\u00eame aux b\u00e9b\u00e9s d\u00e8s la naissance. Avec 99% d\u2019ingr\u00e9dients d\u2019origine naturelle, cette cr\u00e8me offre une protection et un respect complets pour la peau. Apr\u00e8s le bain, offrez-vous un moment de tendresse. Cette cr\u00e8me certifi\u00e9e bio hydrate en profondeur le visage et le corps, en particulier les zones les plus sensibles. Sa texture fondante permet un massage doux, elle s\u2019absorbe rapidement et ne laisse aucune sensation collante. Gr\u00e2ce \u00e0 l\u2019huile d\u2019olive bio, riche en om\u00e9ga 6 et 9, elle prot\u00e8ge la peau des agressions quotidiennes. L\u2019huile d\u2019olive bio provient d\u2019oliveraies de N\u00eemes, ce qui garantit sa qualit\u00e9. De plus, ce produit est con\u00e7u de mani\u00e8re \u00e9co-responsable pour minimiser son impact sur l\u2019environnement.<\/p>\n<h3 class=\"h2 h3\"><strong>\u0637\u0631\u064a\u0642\u0629 \u0627\u0644\u0627\u0633\u062a\u062e\u062f\u0627\u0645:\u00a0<\/strong><\/h3>\n<p>Appliquez la cr\u00e8me hydratante sur la peau propre et s\u00e8che de b\u00e9b\u00e9 en massant d\u00e9licatement. Utilisez-la aussi souvent que n\u00e9cessaire, de pr\u00e9f\u00e9rence apr\u00e8s le bain ou \u00e0 tout moment o\u00f9 la peau de b\u00e9b\u00e9 a besoin d&rsquo;hydratation et de protection.<\/p>\n<h3><strong>\u0645\u0643\u0648\u0646\u0627\u062a :<\/strong><\/h3>\n<p>L\u2019ingr\u00e9dient phare est l\u2019huile d\u2019olive bio fran\u00e7aise, issue de sources durables et responsables. Riche en Om\u00e9ga 6 et 9, elle nourrit en profondeur. Les deux autres ingr\u00e9dients cl\u00e9s de cette cr\u00e8me sont :<\/p>\n<ul>\n<li>La glyc\u00e9rine d\u2019origine naturelle : hydrate et prot\u00e8ge la peau.<\/li>\n<li>L\u2019aloe vera bio : apaise et adoucit la peau.<\/li>\n<\/ul>\n<div class=\"large-2 col pb-0 mb-0\">\n<h3 class=\"uppercase mt\">\u0645\u0639\u0644\u0648\u0645\u0629:<\/h3>\n<\/div>\n<div class=\"large-10 col pb-0 mb-0\">\n<div class=\"panel entry-content\">\n<table class=\"woocommerce-product-attributes shop_attributes\">\n<tbody>\n<tr class=\"woocommerce-product-attributes-item woocommerce-product-attributes-item--attribute_pa_marque\">\n<th class=\"woocommerce-product-attributes-item__label\">\u0645\u0627\u0631\u0643\u0629<\/th>\n<td class=\"woocommerce-product-attributes-item__value\">\u0645\u0648\u0633\u062a\u064a\u0644\u0627<\/td>\n<\/tr>\n<tr class=\"woocommerce-product-attributes-item woocommerce-product-attributes-item--attribute_pa_etat\">\n<th class=\"woocommerce-product-attributes-item__label\">\u0648\u0644\u0627\u064a\u0629<\/th>\n<td class=\"woocommerce-product-attributes-item__value\">\u062a\u0633\u0639\u0629<\/td>\n<\/tr>\n<tr class=\"woocommerce-product-attributes-item woocommerce-product-attributes-item--attribute_pa_gamme\">\n<th class=\"woocommerce-product-attributes-item__label\">\u064a\u062a\u0631\u0627\u0648\u062d<\/th>\n<td class=\"woocommerce-product-attributes-item__value\">Mustela Bio<\/td>\n<\/tr>\n<tr class=\"woocommerce-product-attributes-item woocommerce-product-attributes-item--attribute_pa_couleur\">\n<th class=\"woocommerce-product-attributes-item__label\">\u0644\u0648\u0646<\/th>\n<td class=\"woocommerce-product-attributes-item__value\">\u063a\u064a\u0631 \u0645\u0631\u0626\u064a \/ \u0634\u0641\u0627\u0641<\/td>\n<\/tr>\n<tr class=\"woocommerce-product-attributes-item woocommerce-product-attributes-item--attribute_pa_texture\">\n<th class=\"woocommerce-product-attributes-item__label\">\u0646\u064e\u0633\u0650\u064a\u062c<\/th>\n<td class=\"woocommerce-product-attributes-item__value\">\u0643\u0631\u064a\u0645<\/td>\n<\/tr>\n<tr class=\"woocommerce-product-attributes-item woocommerce-product-attributes-item--attribute_pa_type-de-peau\">\n<th class=\"woocommerce-product-attributes-item__label\">\u0646\u0648\u0639 \u0627\u0644\u0628\u0634\u0631\u0629<\/th>\n<td class=\"woocommerce-product-attributes-item__value\">\u0627\u0644\u0628\u0634\u0631\u0629 \u0627\u0644\u0623\u062a\u0648\u0628\u064a\u0629 \u0648\u0627\u0644\u062d\u0633\u0627\u0633\u0629\u060c \u0627\u0644\u0628\u0634\u0631\u0629 \u0627\u0644\u0645\u062e\u062a\u0644\u0637\u0629 \u0648\u0627\u0644\u062f\u0647\u0646\u064a\u0629 \u0648\u0627\u0644\u0645\u0639\u0631\u0636\u0629 \u0644\u062d\u0628 \u0627\u0644\u0634\u0628\u0627\u0628\u060c \u0627\u0644\u0628\u0634\u0631\u0629 \u0627\u0644\u0639\u0627\u062f\u064a\u0629\u060c \u0627\u0644\u0628\u0634\u0631\u0629 \u0627\u0644\u062c\u0627\u0641\u0629<\/td>\n<\/tr>\n<tr class=\"woocommerce-product-attributes-item woocommerce-product-attributes-item--attribute_pa_zone\">\n<th class=\"woocommerce-product-attributes-item__label\">\u0645\u0646\u0637\u0642\u0629<\/th>\n<td class=\"woocommerce-product-attributes-item__value\">Corps, Visage<\/td>\n<\/tr>\n<tr class=\"woocommerce-product-attributes-item woocommerce-product-attributes-item--attribute_pa_profil\">\n<th class=\"woocommerce-product-attributes-item__label\">\u062d\u0633\u0627\u0628 \u062a\u0639\u0631\u064a\u0641\u064a<\/th>\n<td class=\"woocommerce-product-attributes-item__value\">Adolescents, Adultes, B\u00e9b\u00e9s, Enfants<\/td>\n<\/tr>\n<\/tbody>\n<\/table>\n<\/div>\n<\/div>","protected":false},"excerpt":{"rendered":"<p>Mustela Bio Cr\u00e8me Hydratante Sans Parfum 150ml Cette cr\u00e8me hydratante visage et corps, certifi\u00e9e Bio, prend soin des peaux d\u00e9licates de toute la famille. Elle est exempte de parfum, 100% vegan, et convient m\u00eame aux b\u00e9b\u00e9s d\u00e8s la naissance. Avec 99% d\u2019ingr\u00e9dients d\u2019origine naturelle, cette cr\u00e8me offre une protection et un respect complets pour la [&hellip;]<\/p>\n","protected":false},"featured_media":20528,"template":"","meta":{"om_disable_all_campaigns":false},"product_brand":[],"product_cat":[15],"product_tag":[10463,10465,10470,10464,10467,10469,6546,10466,10462,10388,9239,10468,8669,5873,10452],"class_list":{"0":"post-20530","1":"product","2":"type-product","3":"status-publish","4":"has-post-thumbnail","6":"product_cat-beaute-sante-complements-alimentaires-soins-et-bien-etre-au-meilleur-prix","7":"product_tag-creme-bebe-bio","8":"product_tag-creme-bebe-hypoallergenique","9":"product_tag-creme-bio-bebe","10":"product_tag-creme-hydratante-sans-parfum","11":"product_tag-creme-nourrissante-bebe","12":"product_tag-hydratation-naturelle","13":"product_tag-hydratation-peau-delicate","14":"product_tag-mustela-bio-150ml","15":"product_tag-mustela-creme-hydratante-bio","16":"product_tag-mustela-maroc","17":"product_tag-protection-barriere-cutanee","18":"product_tag-soin-doux-bebe","19":"product_tag-soin-peau-fragile","20":"product_tag-soin-peau-sensible","21":"product_tag-soin-quotidien-bebe","23":"first","24":"instock","25":"sale","26":"taxable","27":"shipping-taxable","28":"purchasable","29":"product-type-simple"},"yoast_head":"<!-- This site is optimized with the Yoast SEO plugin v27.4 - https:\/\/yoast.com\/product\/yoast-seo-wordpress\/ -->\n<title>Mustela Bio Cr\u00e8me Hydratante Sans Parfum 150ml - Maroc Prix<\/title>\n<meta name=\"description\" content=\"Mustela Bio Cr\u00e8me Hydratante Sans Parfum 150\u202fml, cr\u00e8me douce pour b\u00e9b\u00e9 qui hydrate, apaise et prot\u00e8ge la peau sensible au quotidien sans parfum\" \/>\n<meta name=\"robots\" content=\"index, follow, max-snippet:-1, max-image-preview:large, max-video-preview:-1\" \/>\n<link rel=\"canonical\" href=\"https:\/\/vitablanca.ma\/ar\/product-2\/mustela-bio-creme-hydratante-sans-parfum-150ml\/\" \/>\n<meta property=\"og:locale\" content=\"ar_AR\" \/>\n<meta property=\"og:type\" content=\"article\" \/>\n<meta property=\"og:title\" content=\"Mustela Bio Cr\u00e8me Hydratante Sans Parfum 150ml - Maroc Prix\" \/>\n<meta property=\"og:description\" content=\"Mustela Bio Cr\u00e8me Hydratante Sans Parfum 150\u202fml, cr\u00e8me douce pour b\u00e9b\u00e9 qui hydrate, apaise et prot\u00e8ge la peau sensible au quotidien sans parfum\" \/>\n<meta property=\"og:url\" content=\"https:\/\/vitablanca.ma\/ar\/product-2\/mustela-bio-creme-hydratante-sans-parfum-150ml\/\" \/>\n<meta property=\"og:site_name\" content=\"Vitablanca.ma &ndash; Sant&eacute;, vitalit&eacute; et bien-&ecirc;tre pour tous les Marocains\" \/>\n<meta property=\"article:publisher\" content=\"https:\/\/www.facebook.com\/profile.php?id=61576678196717\" \/>\n<meta property=\"article:modified_time\" content=\"2026-02-22T23:42:48+00:00\" \/>\n<meta property=\"og:image\" content=\"https:\/\/vitablanca.ma\/wp-content\/uploads\/2025\/06\/mustela-creme-hydratante-bio-150ml.jpg\" \/>\n\t<meta property=\"og:image:width\" content=\"800\" \/>\n\t<meta property=\"og:image:height\" content=\"800\" \/>\n\t<meta property=\"og:image:type\" content=\"image\/jpeg\" \/>\n<meta name=\"twitter:card\" content=\"summary_large_image\" \/>\n<meta name=\"twitter:label1\" content=\"\u0648\u0642\u062a \u0627\u0644\u0642\u0631\u0627\u0621\u0629 \u0627\u0644\u0645\u064f\u0642\u062f\u0651\u0631\" \/>\n\t<meta name=\"twitter:data1\" content=\"\u062f\u0642\u064a\u0642\u062a\u0627\u0646\" \/>\n<script type=\"application\/ld+json\" class=\"yoast-schema-graph\">{\"@context\":\"https:\\\/\\\/schema.org\",\"@graph\":[{\"@type\":[\"WebPage\",\"ItemPage\"],\"@id\":\"https:\\\/\\\/vitablanca.ma\\\/produit\\\/mustela-bio-creme-hydratante-sans-parfum-150ml\\\/\",\"url\":\"https:\\\/\\\/vitablanca.ma\\\/produit\\\/mustela-bio-creme-hydratante-sans-parfum-150ml\\\/\",\"name\":\"Mustela Bio Cr\u00e8me Hydratante Sans Parfum 150ml - Maroc Prix\",\"isPartOf\":{\"@id\":\"https:\\\/\\\/vitablanca.ma\\\/#website\"},\"primaryImageOfPage\":{\"@id\":\"https:\\\/\\\/vitablanca.ma\\\/produit\\\/mustela-bio-creme-hydratante-sans-parfum-150ml\\\/#primaryimage\"},\"image\":{\"@id\":\"https:\\\/\\\/vitablanca.ma\\\/produit\\\/mustela-bio-creme-hydratante-sans-parfum-150ml\\\/#primaryimage\"},\"thumbnailUrl\":\"https:\\\/\\\/vitablanca.ma\\\/wp-content\\\/uploads\\\/2025\\\/06\\\/mustela-creme-hydratante-bio-150ml.jpg\",\"datePublished\":\"2025-06-10T18:38:05+00:00\",\"dateModified\":\"2026-02-22T23:42:48+00:00\",\"description\":\"Mustela Bio Cr\u00e8me Hydratante Sans Parfum 150\u202fml, cr\u00e8me douce pour b\u00e9b\u00e9 qui hydrate, apaise et prot\u00e8ge la peau sensible au quotidien sans parfum\",\"breadcrumb\":{\"@id\":\"https:\\\/\\\/vitablanca.ma\\\/produit\\\/mustela-bio-creme-hydratante-sans-parfum-150ml\\\/#breadcrumb\"},\"inLanguage\":\"ar\",\"potentialAction\":[{\"@type\":\"ReadAction\",\"target\":[\"https:\\\/\\\/vitablanca.ma\\\/produit\\\/mustela-bio-creme-hydratante-sans-parfum-150ml\\\/\"]}]},{\"@type\":\"ImageObject\",\"inLanguage\":\"ar\",\"@id\":\"https:\\\/\\\/vitablanca.ma\\\/produit\\\/mustela-bio-creme-hydratante-sans-parfum-150ml\\\/#primaryimage\",\"url\":\"https:\\\/\\\/vitablanca.ma\\\/wp-content\\\/uploads\\\/2025\\\/06\\\/mustela-creme-hydratante-bio-150ml.jpg\",\"contentUrl\":\"https:\\\/\\\/vitablanca.ma\\\/wp-content\\\/uploads\\\/2025\\\/06\\\/mustela-creme-hydratante-bio-150ml.jpg\",\"width\":800,\"height\":800},{\"@type\":\"BreadcrumbList\",\"@id\":\"https:\\\/\\\/vitablanca.ma\\\/produit\\\/mustela-bio-creme-hydratante-sans-parfum-150ml\\\/#breadcrumb\",\"itemListElement\":[{\"@type\":\"ListItem\",\"position\":1,\"name\":\"Home\",\"item\":\"https:\\\/\\\/vitablanca.ma\\\/\"},{\"@type\":\"ListItem\",\"position\":2,\"name\":\"Tous Les Produits\",\"item\":\"https:\\\/\\\/vitablanca.ma\\\/tous-les-produits\\\/\"},{\"@type\":\"ListItem\",\"position\":3,\"name\":\"Mustela Bio Cr\u00e8me Hydratante Sans Parfum 150ml\"}]},{\"@type\":\"WebSite\",\"@id\":\"https:\\\/\\\/vitablanca.ma\\\/#website\",\"url\":\"https:\\\/\\\/vitablanca.ma\\\/\",\"name\":\"VitaBlanca.ma | Compl\u00e9ments alimentaires, sant\u00e9 & beaut\u00e9 au Maroc\",\"description\":\"vendre vitamines et compl\u00e9ments premium des USA &amp; Canada, Nouvelle Z\u00e9lande,Maroc (NOW Foods, Solgar, Manuka). Livraison rapide partout au Maroc.\",\"publisher\":{\"@id\":\"https:\\\/\\\/vitablanca.ma\\\/#organization\"},\"alternateName\":\"VitaBlanca.ma\",\"potentialAction\":[{\"@type\":\"SearchAction\",\"target\":{\"@type\":\"EntryPoint\",\"urlTemplate\":\"https:\\\/\\\/vitablanca.ma\\\/?s={search_term_string}\"},\"query-input\":{\"@type\":\"PropertyValueSpecification\",\"valueRequired\":true,\"valueName\":\"search_term_string\"}}],\"inLanguage\":\"ar\"},{\"@type\":\"Organization\",\"@id\":\"https:\\\/\\\/vitablanca.ma\\\/#organization\",\"name\":\"VitaBlanca\",\"url\":\"https:\\\/\\\/vitablanca.ma\\\/\",\"logo\":{\"@type\":\"ImageObject\",\"inLanguage\":\"ar\",\"@id\":\"https:\\\/\\\/vitablanca.ma\\\/#\\\/schema\\\/logo\\\/image\\\/\",\"url\":\"https:\\\/\\\/vitablanca.ma\\\/wp-content\\\/uploads\\\/2025\\\/05\\\/cropped-vitablanca.png\",\"contentUrl\":\"https:\\\/\\\/vitablanca.ma\\\/wp-content\\\/uploads\\\/2025\\\/05\\\/cropped-vitablanca.png\",\"width\":360,\"height\":67,\"caption\":\"VitaBlanca\"},\"image\":{\"@id\":\"https:\\\/\\\/vitablanca.ma\\\/#\\\/schema\\\/logo\\\/image\\\/\"},\"sameAs\":[\"https:\\\/\\\/www.facebook.com\\\/profile.php?id=61576678196717\",\"https:\\\/\\\/www.tiktok.com\\\/@vitablanca.ma\",\"https:\\\/\\\/www.instagram.com\\\/vitablanca.ma\\\/\"]}]}<\/script>\n<!-- \/ Yoast SEO plugin. -->","yoast_head_json":{"title":"Mustela Bio Cr\u00e8me Hydratante Sans Parfum 150ml - Maroc Prix","description":"Mustela Bio Cr\u00e8me Hydratante Sans Parfum 150\u202fml, cr\u00e8me douce pour b\u00e9b\u00e9 qui hydrate, apaise et prot\u00e8ge la peau sensible au quotidien sans parfum","robots":{"index":"index","follow":"follow","max-snippet":"max-snippet:-1","max-image-preview":"max-image-preview:large","max-video-preview":"max-video-preview:-1"},"canonical":"https:\/\/vitablanca.ma\/ar\/product-2\/mustela-bio-creme-hydratante-sans-parfum-150ml\/","og_locale":"ar_AR","og_type":"article","og_title":"Mustela Bio Cr\u00e8me Hydratante Sans Parfum 150ml - Maroc Prix","og_description":"Mustela Bio Cr\u00e8me Hydratante Sans Parfum 150\u202fml, cr\u00e8me douce pour b\u00e9b\u00e9 qui hydrate, apaise et prot\u00e8ge la peau sensible au quotidien sans parfum","og_url":"https:\/\/vitablanca.ma\/ar\/product-2\/mustela-bio-creme-hydratante-sans-parfum-150ml\/","og_site_name":"Vitablanca.ma &ndash; Sant&eacute;, vitalit&eacute; et bien-&ecirc;tre pour tous les Marocains","article_publisher":"https:\/\/www.facebook.com\/profile.php?id=61576678196717","article_modified_time":"2026-02-22T23:42:48+00:00","og_image":[{"width":800,"height":800,"url":"https:\/\/vitablanca.ma\/wp-content\/uploads\/2025\/06\/mustela-creme-hydratante-bio-150ml.jpg","type":"image\/jpeg"}],"twitter_card":"summary_large_image","twitter_misc":{"\u0648\u0642\u062a \u0627\u0644\u0642\u0631\u0627\u0621\u0629 \u0627\u0644\u0645\u064f\u0642\u062f\u0651\u0631":"\u062f\u0642\u064a\u0642\u062a\u0627\u0646"},"schema":{"@context":"https:\/\/schema.org","@graph":[{"@type":["WebPage","ItemPage"],"@id":"https:\/\/vitablanca.ma\/produit\/mustela-bio-creme-hydratante-sans-parfum-150ml\/","url":"https:\/\/vitablanca.ma\/produit\/mustela-bio-creme-hydratante-sans-parfum-150ml\/","name":"Mustela Bio Cr\u00e8me Hydratante Sans Parfum 150ml - Maroc Prix","isPartOf":{"@id":"https:\/\/vitablanca.ma\/#website"},"primaryImageOfPage":{"@id":"https:\/\/vitablanca.ma\/produit\/mustela-bio-creme-hydratante-sans-parfum-150ml\/#primaryimage"},"image":{"@id":"https:\/\/vitablanca.ma\/produit\/mustela-bio-creme-hydratante-sans-parfum-150ml\/#primaryimage"},"thumbnailUrl":"https:\/\/vitablanca.ma\/wp-content\/uploads\/2025\/06\/mustela-creme-hydratante-bio-150ml.jpg","datePublished":"2025-06-10T18:38:05+00:00","dateModified":"2026-02-22T23:42:48+00:00","description":"Mustela Bio Cr\u00e8me Hydratante Sans Parfum 150\u202fml, cr\u00e8me douce pour b\u00e9b\u00e9 qui hydrate, apaise et prot\u00e8ge la peau sensible au quotidien sans parfum","breadcrumb":{"@id":"https:\/\/vitablanca.ma\/produit\/mustela-bio-creme-hydratante-sans-parfum-150ml\/#breadcrumb"},"inLanguage":"ar","potentialAction":[{"@type":"ReadAction","target":["https:\/\/vitablanca.ma\/produit\/mustela-bio-creme-hydratante-sans-parfum-150ml\/"]}]},{"@type":"ImageObject","inLanguage":"ar","@id":"https:\/\/vitablanca.ma\/produit\/mustela-bio-creme-hydratante-sans-parfum-150ml\/#primaryimage","url":"https:\/\/vitablanca.ma\/wp-content\/uploads\/2025\/06\/mustela-creme-hydratante-bio-150ml.jpg","contentUrl":"https:\/\/vitablanca.ma\/wp-content\/uploads\/2025\/06\/mustela-creme-hydratante-bio-150ml.jpg","width":800,"height":800},{"@type":"BreadcrumbList","@id":"https:\/\/vitablanca.ma\/produit\/mustela-bio-creme-hydratante-sans-parfum-150ml\/#breadcrumb","itemListElement":[{"@type":"ListItem","position":1,"name":"Home","item":"https:\/\/vitablanca.ma\/"},{"@type":"ListItem","position":2,"name":"Tous Les Produits","item":"https:\/\/vitablanca.ma\/tous-les-produits\/"},{"@type":"ListItem","position":3,"name":"Mustela Bio Cr\u00e8me Hydratante Sans Parfum 150ml"}]},{"@type":"WebSite","@id":"https:\/\/vitablanca.ma\/#website","url":"https:\/\/vitablanca.ma\/","name":"VitaBlanca.ma | \u0627\u0644\u0645\u0643\u0645\u0644\u0627\u062a \u0627\u0644\u063a\u0630\u0627\u0626\u064a\u0629\u060c \u0627\u0644\u0635\u062d\u0629 \u0648\u0627\u0644\u062c\u0645\u0627\u0644 \u0641\u064a \u0627\u0644\u0645\u063a\u0631\u0628","description":"\u0646\u0628\u064a\u0639 \u0641\u064a\u062a\u0627\u0645\u064a\u0646\u0627\u062a \u0648\u0645\u0643\u0645\u0644\u0627\u062a \u063a\u0630\u0627\u0626\u064a\u0629 \u0641\u0627\u062e\u0631\u0629 \u0645\u0646 \u0627\u0644\u0648\u0644\u0627\u064a\u0627\u062a \u0627\u0644\u0645\u062a\u062d\u062f\u0629 \u0627\u0644\u0623\u0645\u0631\u064a\u0643\u064a\u0629 \u0648\u0643\u0646\u062f\u0627 \u0648\u0646\u064a\u0648\u0632\u064a\u0644\u0646\u062f\u0627 \u0648\u0627\u0644\u0645\u063a\u0631\u0628 (\u0646\u0627\u0648 \u0641\u0648\u062f\u0632\u060c \u0633\u0648\u0644\u062c\u0627\u0631\u060c \u0645\u0627\u0646\u0648\u0643\u0627). \u062a\u0648\u0635\u064a\u0644 \u0633\u0631\u064a\u0639 \u0625\u0644\u0649 \u062c\u0645\u064a\u0639 \u0623\u0646\u062d\u0627\u0621 \u0627\u0644\u0645\u063a\u0631\u0628.","publisher":{"@id":"https:\/\/vitablanca.ma\/#organization"},"alternateName":"VitaBlanca.ma","potentialAction":[{"@type":"SearchAction","target":{"@type":"EntryPoint","urlTemplate":"https:\/\/vitablanca.ma\/?s={search_term_string}"},"query-input":{"@type":"PropertyValueSpecification","valueRequired":true,"valueName":"search_term_string"}}],"inLanguage":"ar"},{"@type":"Organization","@id":"https:\/\/vitablanca.ma\/#organization","name":"\u0641\u064a\u062a\u0627\u0628\u0644\u0627\u0646\u0643\u0627","url":"https:\/\/vitablanca.ma\/","logo":{"@type":"ImageObject","inLanguage":"ar","@id":"https:\/\/vitablanca.ma\/#\/schema\/logo\/image\/","url":"https:\/\/vitablanca.ma\/wp-content\/uploads\/2025\/05\/cropped-vitablanca.png","contentUrl":"https:\/\/vitablanca.ma\/wp-content\/uploads\/2025\/05\/cropped-vitablanca.png","width":360,"height":67,"caption":"VitaBlanca"},"image":{"@id":"https:\/\/vitablanca.ma\/#\/schema\/logo\/image\/"},"sameAs":["https:\/\/www.facebook.com\/profile.php?id=61576678196717","https:\/\/www.tiktok.com\/@vitablanca.ma","https:\/\/www.instagram.com\/vitablanca.ma\/"]}]}},"jetpack_sharing_enabled":true,"_links":{"self":[{"href":"https:\/\/vitablanca.ma\/ar\/wp-json\/wp\/v2\/product\/20530","targetHints":{"allow":["GET"]}}],"collection":[{"href":"https:\/\/vitablanca.ma\/ar\/wp-json\/wp\/v2\/product"}],"about":[{"href":"https:\/\/vitablanca.ma\/ar\/wp-json\/wp\/v2\/types\/product"}],"wp:featuredmedia":[{"embeddable":true,"href":"https:\/\/vitablanca.ma\/ar\/wp-json\/wp\/v2\/media\/20528"}],"wp:attachment":[{"href":"https:\/\/vitablanca.ma\/ar\/wp-json\/wp\/v2\/media?parent=20530"}],"wp:term":[{"taxonomy":"product_brand","embeddable":true,"href":"https:\/\/vitablanca.ma\/ar\/wp-json\/wp\/v2\/product_brand?post=20530"},{"taxonomy":"product_cat","embeddable":true,"href":"https:\/\/vitablanca.ma\/ar\/wp-json\/wp\/v2\/product_cat?post=20530"},{"taxonomy":"product_tag","embeddable":true,"href":"https:\/\/vitablanca.ma\/ar\/wp-json\/wp\/v2\/product_tag?post=20530"}],"curies":[{"name":"wp","href":"https:\/\/api.w.org\/{rel}","templated":true}]}}