{"id":20527,"date":"2025-06-10T18:38:01","date_gmt":"2025-06-10T18:38:01","guid":{"rendered":"https:\/\/vitablanca.ma\/product\/lierac-demaquillant-le-masque-gommant-75ml\/"},"modified":"2026-02-23T00:25:23","modified_gmt":"2026-02-23T00:25:23","slug":"lierac-demaquillant-le-masque-gommant-75ml","status":"publish","type":"product","link":"https:\/\/vitablanca.ma\/ar\/product-2\/lierac-demaquillant-le-masque-gommant-75ml\/","title":{"rendered":"\u0642\u0646\u0627\u0639 \u0644\u064a\u0631\u0627\u0643 \u0627\u0644\u0645\u0646\u0638\u0641 \u0648\u0627\u0644\u0645\u0642\u0634\u0631 75 \u0645\u0644"},"content":{"rendered":"<h2>Lierac D\u00e9maquillant La Masque Gommant \u00e9limine les impuret\u00e9s<\/h2>\n<p class=\"p\">Compos\u00e9e \u00e0 98% d&rsquo;ingr\u00e9dients d&rsquo;origine naturelle, Le Masque Gommant \u00e9limine les impuret\u00e9s, lisse le grain de peau et ravive l&rsquo;\u00e9clat du teint. Au coeur de sa formule, le Complexe Pr\u00e9biotiques Marin pr\u00e9serve et renforce le microbiote cutan\u00e9. Enrichi en Kaolin, pour purifier la peau.<\/p>\n<p>Sa texture cr\u00e8meuse laisse la peau purifi\u00e9e, lisse, douce et lumineuse.<\/p>\n<p>Convient \u00e0 tous les types de peaux<\/p>\n<h3 class=\"p\"><strong data-mce-fragment=\"1\">B\u00e9n\u00e9fices<\/strong><\/h3>\n<p>LE COMPLEXE PR\u00c9BIOTIQUES<br \/>\nIl offre un apport nutritif complet et \u00e9quilibr\u00e9, adapt\u00e9 aux besoins de tous les microbiotes. Compos\u00e9 de 3 ingr\u00e9dients actifs [eau de mer &#8211; algues vertes et brunes &#8211; sucre], il fournit les nutriments essentiels au maintien d&rsquo;un microbiote cutan\u00e9 \u00e9quilibr\u00e9.<\/p>\n<h4><b>Eau de mer<\/b><b><\/b><\/h4>\n<p class=\"p\">Apporte une grande vari\u00e9t\u00e9 de min\u00e9raux et oligo\u00e9l\u00e9ments essentiels \u00e0 la bonne diversit\u00e9 du microbiote<\/p>\n<h4><b>Algues vertes et brunes<\/b><b><\/b><\/h4>\n<p class=\"p\">LE COMPLEXE PR\u00c9BIOTIQUES<br \/>\nIl offre un apport nutritif complet et \u00e9quilibr\u00e9, adapt\u00e9 aux besoins de tous les microbiotes. Compos\u00e9 de 3 ingr\u00e9dients actifs [eau de mer &#8211; algues vertes et brunes &#8211; sucre], il fournit les nutriments essentiels au maintien d&rsquo;un microbiote cutan\u00e9 \u00e9quilibr\u00e9.<\/p>\n<h4><b>Sucre<\/b><b><\/b><\/h4>\n<p class=\"p\">Permet de maintenir des conditions environnementales stables en prot\u00e9geant les bact\u00e9ries.<\/p>\n<h3>Conseils d&rsquo;application<\/h3>\n<div class=\"mt-4 mb-2 lg:mb-8 max-w-[1270px] mx-auto px-4\" data-v-c7b8b77c=\"\">\n<div class=\"productTwoBlocks blocksReversed grid grid-cols-1 gap-8 lg:grid-cols-2 items-center text-sm\" data-v-c7b8b77c=\"\">\n<div>\n<div class=\"mt-4 mb-2 lg:mb-8 max-w-[1270px] mx-auto px-4\" data-v-c7b8b77c=\"\">\n<div class=\"productTwoBlocks blocksReversed grid grid-cols-1 gap-8 lg:grid-cols-2 items-center text-sm\" data-v-c7b8b77c=\"\">\n<div>\n<p>Appliquer sur le visage une \u00e0 deux fois par semaine en \u00e9vitant le contour des yeux.<\/p>\n<p>1. En gommage, masser sur visage humide puis rincer.<\/p>\n<p>2. En masque, laisser poser 5 minutes puis rincer.<\/p>\n<\/div>\n<\/div>\n<\/div>\n<div class=\"mt-4 mb-2 lg:mb-8 max-w-[1270px] mx-auto px-4\" data-v-c7b8b77c=\"\">\n<div class=\"productTwoBlocks blocksReversed grid grid-cols-1 gap-8 lg:grid-cols-2 items-center text-sm\" data-v-c7b8b77c=\"\">\n<h3>Ingredients<\/h3>\n<div data-v-c7b8b77c=\"\">AQUA \/ WATER \/ EAU. GLYCERIN. CAPRYLIC\/CAPRIC TRIGLYCERIDE. KAOLIN. ARACHIDYL ALCOHOL. PERLITE. BEHENYL ALCOHOL. BAMBUSA ARUNDINACEA STEM EXTRACT. CETEARYL ALCOHOL. CI 77891 \/ TITANIUM DIOXIDE. AMMONIUM ACRYLOYLDIMETHYLTAURATE\/VP COPOLYMER. ARACHIDYL GLUCOSIDE. SODIUM POLYACRYLATE. PARFUM \/ FRAGRANCE. CHLORPHENESIN. ETHYLHEXYLGLYCERIN. HELIANTHUS ANNUUS (SUNFLOWER) SEED OIL. MARIS AQUA \/ SEA WATER \/ EAU DE MER. TOCOPHEROL. CITRIC ACID. PHENETHYL ALCOHOL. LAMINARIA DIGITATA EXTRACT. CHLORELLA VULGARIS EXTRACT. SACCHARIDE ISOMERATE. ALKANNA TINCTORIA ROOT EXTRACT. 4094A.<\/div>\n<\/div>\n<\/div>\n<div id=\"reviews\" class=\"mb-8 max-w-[950px] mx-auto px-4\" data-v-c7b8b77c=\"\">\n<div class=\"mb-2 lg:mb-8\" data-v-c7b8b77c=\"\"><\/div>\n<\/div>\n<\/div>\n<\/div>\n<\/div>\n<div class=\"mt-4 mb-2 lg:mb-8 max-w-[1270px] mx-auto px-4\" data-v-c7b8b77c=\"\">\n<div class=\"productTwoBlocks blocksReversed grid grid-cols-1 gap-8 lg:grid-cols-2 items-center text-sm\" data-v-c7b8b77c=\"\">\n<div data-v-c7b8b77c=\"\"><\/div>\n<\/div>\n<\/div>\n<div id=\"reviews\" class=\"mb-8 max-w-[950px] mx-auto px-4\" data-v-c7b8b77c=\"\">\n<div class=\"mb-2 lg:mb-8\" data-v-c7b8b77c=\"\"><\/div>\n<\/div>\n","protected":false},"excerpt":{"rendered":"<p>Lierac D\u00e9maquillant La Masque Gommant \u00e9limine les impuret\u00e9s Compos\u00e9e \u00e0 98% d&rsquo;ingr\u00e9dients d&rsquo;origine naturelle, Le Masque Gommant \u00e9limine les impuret\u00e9s, lisse le grain de peau et ravive l&rsquo;\u00e9clat du teint. Au coeur de sa formule, le Complexe Pr\u00e9biotiques Marin pr\u00e9serve et renforce le microbiote cutan\u00e9. Enrichi en Kaolin, pour purifier la peau. Sa texture cr\u00e8meuse [&hellip;]<\/p>\n","protected":false},"featured_media":20515,"template":"","meta":{"om_disable_all_campaigns":false},"product_brand":[],"product_cat":[15],"product_tag":[10498,10492,6271,10393,10491,10493,10494,10499,10496,9475,10497,10495,5873,10422,6109],"class_list":{"0":"post-20527","1":"product","2":"type-product","3":"status-publish","4":"has-post-thumbnail","6":"product_cat-beaute-sante-complements-alimentaires-soins-et-bien-etre-au-meilleur-prix","7":"product_tag-exfoliation-et-demaquillage","8":"product_tag-exfoliation-visage","9":"product_tag-grain-de-peau-affine","10":"product_tag-lierac-maroc","11":"product_tag-lierac-masque-gommant","12":"product_tag-masque-demaquillant-75-ml","13":"product_tag-masque-exfoliant-doux","14":"product_tag-masque-visage-efficace","15":"product_tag-masque-visage-hebdomadaire","16":"product_tag-nettoyage-doux-visage","17":"product_tag-peau-nette-et-eclatante","18":"product_tag-routine-beaute-peau-douce","19":"product_tag-soin-peau-sensible","20":"product_tag-soin-visage-lierac","21":"product_tag-teint-lumineux","23":"first","24":"instock","25":"sale","26":"taxable","27":"shipping-taxable","28":"purchasable","29":"product-type-simple"},"yoast_head":"<!-- This site is optimized with the Yoast SEO plugin v27.4 - https:\/\/yoast.com\/product\/yoast-seo-wordpress\/ -->\n<title>Lierac D\u00e9maquillant Le Masque Gommant 75ml - Maroc Prix<\/title>\n<meta name=\"description\" content=\"Lierac Le Masque Gommant 75\u202fml, exfolie et d\u00e9maquille en douceur. Nettoie la peau, affine le grain et laisse le teint lumineux et doux.\" \/>\n<meta name=\"robots\" content=\"index, follow, max-snippet:-1, max-image-preview:large, max-video-preview:-1\" \/>\n<link rel=\"canonical\" href=\"https:\/\/vitablanca.ma\/ar\/product-2\/lierac-demaquillant-le-masque-gommant-75ml\/\" \/>\n<meta property=\"og:locale\" content=\"ar_AR\" \/>\n<meta property=\"og:type\" content=\"article\" \/>\n<meta property=\"og:title\" content=\"Lierac D\u00e9maquillant Le Masque Gommant 75ml - Maroc Prix\" \/>\n<meta property=\"og:description\" content=\"Lierac Le Masque Gommant 75\u202fml, exfolie et d\u00e9maquille en douceur. Nettoie la peau, affine le grain et laisse le teint lumineux et doux.\" \/>\n<meta property=\"og:url\" content=\"https:\/\/vitablanca.ma\/ar\/product-2\/lierac-demaquillant-le-masque-gommant-75ml\/\" \/>\n<meta property=\"og:site_name\" content=\"Vitablanca.ma &ndash; Sant&eacute;, vitalit&eacute; et bien-&ecirc;tre pour tous les Marocains\" \/>\n<meta property=\"article:publisher\" content=\"https:\/\/www.facebook.com\/profile.php?id=61576678196717\" \/>\n<meta property=\"article:modified_time\" content=\"2026-02-23T00:25:23+00:00\" \/>\n<meta property=\"og:image\" content=\"https:\/\/vitablanca.ma\/wp-content\/uploads\/2025\/06\/Lierac-Demaquillant-La-Masque-Nettoyante-novapara-maroc.jpg\" \/>\n\t<meta property=\"og:image:width\" content=\"1000\" \/>\n\t<meta property=\"og:image:height\" content=\"1000\" \/>\n\t<meta property=\"og:image:type\" content=\"image\/jpeg\" \/>\n<meta name=\"twitter:card\" content=\"summary_large_image\" \/>\n<meta name=\"twitter:label1\" content=\"\u0648\u0642\u062a \u0627\u0644\u0642\u0631\u0627\u0621\u0629 \u0627\u0644\u0645\u064f\u0642\u062f\u0651\u0631\" \/>\n\t<meta name=\"twitter:data1\" content=\"\u062f\u0642\u064a\u0642\u062a\u0627\u0646\" \/>\n<script type=\"application\/ld+json\" class=\"yoast-schema-graph\">{\"@context\":\"https:\\\/\\\/schema.org\",\"@graph\":[{\"@type\":[\"WebPage\",\"ItemPage\"],\"@id\":\"https:\\\/\\\/vitablanca.ma\\\/produit\\\/lierac-demaquillant-le-masque-gommant-75ml\\\/\",\"url\":\"https:\\\/\\\/vitablanca.ma\\\/produit\\\/lierac-demaquillant-le-masque-gommant-75ml\\\/\",\"name\":\"Lierac D\u00e9maquillant Le Masque Gommant 75ml - Maroc Prix\",\"isPartOf\":{\"@id\":\"https:\\\/\\\/vitablanca.ma\\\/#website\"},\"primaryImageOfPage\":{\"@id\":\"https:\\\/\\\/vitablanca.ma\\\/produit\\\/lierac-demaquillant-le-masque-gommant-75ml\\\/#primaryimage\"},\"image\":{\"@id\":\"https:\\\/\\\/vitablanca.ma\\\/produit\\\/lierac-demaquillant-le-masque-gommant-75ml\\\/#primaryimage\"},\"thumbnailUrl\":\"https:\\\/\\\/vitablanca.ma\\\/wp-content\\\/uploads\\\/2025\\\/06\\\/Lierac-Demaquillant-La-Masque-Nettoyante-novapara-maroc.jpg\",\"datePublished\":\"2025-06-10T18:38:01+00:00\",\"dateModified\":\"2026-02-23T00:25:23+00:00\",\"description\":\"Lierac Le Masque Gommant 75\u202fml, exfolie et d\u00e9maquille en douceur. Nettoie la peau, affine le grain et laisse le teint lumineux et doux.\",\"breadcrumb\":{\"@id\":\"https:\\\/\\\/vitablanca.ma\\\/produit\\\/lierac-demaquillant-le-masque-gommant-75ml\\\/#breadcrumb\"},\"inLanguage\":\"ar\",\"potentialAction\":[{\"@type\":\"ReadAction\",\"target\":[\"https:\\\/\\\/vitablanca.ma\\\/produit\\\/lierac-demaquillant-le-masque-gommant-75ml\\\/\"]}]},{\"@type\":\"ImageObject\",\"inLanguage\":\"ar\",\"@id\":\"https:\\\/\\\/vitablanca.ma\\\/produit\\\/lierac-demaquillant-le-masque-gommant-75ml\\\/#primaryimage\",\"url\":\"https:\\\/\\\/vitablanca.ma\\\/wp-content\\\/uploads\\\/2025\\\/06\\\/Lierac-Demaquillant-La-Masque-Nettoyante-novapara-maroc.jpg\",\"contentUrl\":\"https:\\\/\\\/vitablanca.ma\\\/wp-content\\\/uploads\\\/2025\\\/06\\\/Lierac-Demaquillant-La-Masque-Nettoyante-novapara-maroc.jpg\",\"width\":1000,\"height\":1000},{\"@type\":\"BreadcrumbList\",\"@id\":\"https:\\\/\\\/vitablanca.ma\\\/produit\\\/lierac-demaquillant-le-masque-gommant-75ml\\\/#breadcrumb\",\"itemListElement\":[{\"@type\":\"ListItem\",\"position\":1,\"name\":\"Home\",\"item\":\"https:\\\/\\\/vitablanca.ma\\\/\"},{\"@type\":\"ListItem\",\"position\":2,\"name\":\"Tous Les Produits\",\"item\":\"https:\\\/\\\/vitablanca.ma\\\/tous-les-produits\\\/\"},{\"@type\":\"ListItem\",\"position\":3,\"name\":\"Lierac D\u00e9maquillant Le Masque Gommant 75ml\"}]},{\"@type\":\"WebSite\",\"@id\":\"https:\\\/\\\/vitablanca.ma\\\/#website\",\"url\":\"https:\\\/\\\/vitablanca.ma\\\/\",\"name\":\"VitaBlanca.ma | Compl\u00e9ments alimentaires, sant\u00e9 & beaut\u00e9 au Maroc\",\"description\":\"vendre vitamines et compl\u00e9ments premium des USA &amp; Canada, Nouvelle Z\u00e9lande,Maroc (NOW Foods, Solgar, Manuka). Livraison rapide partout au Maroc.\",\"publisher\":{\"@id\":\"https:\\\/\\\/vitablanca.ma\\\/#organization\"},\"alternateName\":\"VitaBlanca.ma\",\"potentialAction\":[{\"@type\":\"SearchAction\",\"target\":{\"@type\":\"EntryPoint\",\"urlTemplate\":\"https:\\\/\\\/vitablanca.ma\\\/?s={search_term_string}\"},\"query-input\":{\"@type\":\"PropertyValueSpecification\",\"valueRequired\":true,\"valueName\":\"search_term_string\"}}],\"inLanguage\":\"ar\"},{\"@type\":\"Organization\",\"@id\":\"https:\\\/\\\/vitablanca.ma\\\/#organization\",\"name\":\"VitaBlanca\",\"url\":\"https:\\\/\\\/vitablanca.ma\\\/\",\"logo\":{\"@type\":\"ImageObject\",\"inLanguage\":\"ar\",\"@id\":\"https:\\\/\\\/vitablanca.ma\\\/#\\\/schema\\\/logo\\\/image\\\/\",\"url\":\"https:\\\/\\\/vitablanca.ma\\\/wp-content\\\/uploads\\\/2025\\\/05\\\/cropped-vitablanca.png\",\"contentUrl\":\"https:\\\/\\\/vitablanca.ma\\\/wp-content\\\/uploads\\\/2025\\\/05\\\/cropped-vitablanca.png\",\"width\":360,\"height\":67,\"caption\":\"VitaBlanca\"},\"image\":{\"@id\":\"https:\\\/\\\/vitablanca.ma\\\/#\\\/schema\\\/logo\\\/image\\\/\"},\"sameAs\":[\"https:\\\/\\\/www.facebook.com\\\/profile.php?id=61576678196717\",\"https:\\\/\\\/www.tiktok.com\\\/@vitablanca.ma\",\"https:\\\/\\\/www.instagram.com\\\/vitablanca.ma\\\/\"]}]}<\/script>\n<!-- \/ Yoast SEO plugin. -->","yoast_head_json":{"title":"\u0642\u0646\u0627\u0639 \u0644\u064a\u0631\u0627\u0643 \u0627\u0644\u0645\u0646\u0638\u0641 \u0648\u0627\u0644\u0645\u0642\u0634\u0631 75 \u0645\u0644 - \u0633\u0639\u0631 \u0627\u0644\u0645\u063a\u0631\u0628","description":"Lierac Le Masque Gommant 75\u202fml, exfolie et d\u00e9maquille en douceur. Nettoie la peau, affine le grain et laisse le teint lumineux et doux.","robots":{"index":"index","follow":"follow","max-snippet":"max-snippet:-1","max-image-preview":"max-image-preview:large","max-video-preview":"max-video-preview:-1"},"canonical":"https:\/\/vitablanca.ma\/ar\/product-2\/lierac-demaquillant-le-masque-gommant-75ml\/","og_locale":"ar_AR","og_type":"article","og_title":"Lierac D\u00e9maquillant Le Masque Gommant 75ml - Maroc Prix","og_description":"Lierac Le Masque Gommant 75\u202fml, exfolie et d\u00e9maquille en douceur. Nettoie la peau, affine le grain et laisse le teint lumineux et doux.","og_url":"https:\/\/vitablanca.ma\/ar\/product-2\/lierac-demaquillant-le-masque-gommant-75ml\/","og_site_name":"Vitablanca.ma &ndash; Sant&eacute;, vitalit&eacute; et bien-&ecirc;tre pour tous les Marocains","article_publisher":"https:\/\/www.facebook.com\/profile.php?id=61576678196717","article_modified_time":"2026-02-23T00:25:23+00:00","og_image":[{"width":1000,"height":1000,"url":"https:\/\/vitablanca.ma\/wp-content\/uploads\/2025\/06\/Lierac-Demaquillant-La-Masque-Nettoyante-novapara-maroc.jpg","type":"image\/jpeg"}],"twitter_card":"summary_large_image","twitter_misc":{"\u0648\u0642\u062a \u0627\u0644\u0642\u0631\u0627\u0621\u0629 \u0627\u0644\u0645\u064f\u0642\u062f\u0651\u0631":"\u062f\u0642\u064a\u0642\u062a\u0627\u0646"},"schema":{"@context":"https:\/\/schema.org","@graph":[{"@type":["WebPage","ItemPage"],"@id":"https:\/\/vitablanca.ma\/produit\/lierac-demaquillant-le-masque-gommant-75ml\/","url":"https:\/\/vitablanca.ma\/produit\/lierac-demaquillant-le-masque-gommant-75ml\/","name":"\u0642\u0646\u0627\u0639 \u0644\u064a\u0631\u0627\u0643 \u0627\u0644\u0645\u0646\u0638\u0641 \u0648\u0627\u0644\u0645\u0642\u0634\u0631 75 \u0645\u0644 - \u0633\u0639\u0631 \u0627\u0644\u0645\u063a\u0631\u0628","isPartOf":{"@id":"https:\/\/vitablanca.ma\/#website"},"primaryImageOfPage":{"@id":"https:\/\/vitablanca.ma\/produit\/lierac-demaquillant-le-masque-gommant-75ml\/#primaryimage"},"image":{"@id":"https:\/\/vitablanca.ma\/produit\/lierac-demaquillant-le-masque-gommant-75ml\/#primaryimage"},"thumbnailUrl":"https:\/\/vitablanca.ma\/wp-content\/uploads\/2025\/06\/Lierac-Demaquillant-La-Masque-Nettoyante-novapara-maroc.jpg","datePublished":"2025-06-10T18:38:01+00:00","dateModified":"2026-02-23T00:25:23+00:00","description":"Lierac Le Masque Gommant 75\u202fml, exfolie et d\u00e9maquille en douceur. Nettoie la peau, affine le grain et laisse le teint lumineux et doux.","breadcrumb":{"@id":"https:\/\/vitablanca.ma\/produit\/lierac-demaquillant-le-masque-gommant-75ml\/#breadcrumb"},"inLanguage":"ar","potentialAction":[{"@type":"ReadAction","target":["https:\/\/vitablanca.ma\/produit\/lierac-demaquillant-le-masque-gommant-75ml\/"]}]},{"@type":"ImageObject","inLanguage":"ar","@id":"https:\/\/vitablanca.ma\/produit\/lierac-demaquillant-le-masque-gommant-75ml\/#primaryimage","url":"https:\/\/vitablanca.ma\/wp-content\/uploads\/2025\/06\/Lierac-Demaquillant-La-Masque-Nettoyante-novapara-maroc.jpg","contentUrl":"https:\/\/vitablanca.ma\/wp-content\/uploads\/2025\/06\/Lierac-Demaquillant-La-Masque-Nettoyante-novapara-maroc.jpg","width":1000,"height":1000},{"@type":"BreadcrumbList","@id":"https:\/\/vitablanca.ma\/produit\/lierac-demaquillant-le-masque-gommant-75ml\/#breadcrumb","itemListElement":[{"@type":"ListItem","position":1,"name":"Home","item":"https:\/\/vitablanca.ma\/"},{"@type":"ListItem","position":2,"name":"Tous Les Produits","item":"https:\/\/vitablanca.ma\/tous-les-produits\/"},{"@type":"ListItem","position":3,"name":"Lierac D\u00e9maquillant Le Masque Gommant 75ml"}]},{"@type":"WebSite","@id":"https:\/\/vitablanca.ma\/#website","url":"https:\/\/vitablanca.ma\/","name":"VitaBlanca.ma | \u0627\u0644\u0645\u0643\u0645\u0644\u0627\u062a \u0627\u0644\u063a\u0630\u0627\u0626\u064a\u0629\u060c \u0627\u0644\u0635\u062d\u0629 \u0648\u0627\u0644\u062c\u0645\u0627\u0644 \u0641\u064a \u0627\u0644\u0645\u063a\u0631\u0628","description":"\u0646\u0628\u064a\u0639 \u0641\u064a\u062a\u0627\u0645\u064a\u0646\u0627\u062a \u0648\u0645\u0643\u0645\u0644\u0627\u062a \u063a\u0630\u0627\u0626\u064a\u0629 \u0641\u0627\u062e\u0631\u0629 \u0645\u0646 \u0627\u0644\u0648\u0644\u0627\u064a\u0627\u062a \u0627\u0644\u0645\u062a\u062d\u062f\u0629 \u0627\u0644\u0623\u0645\u0631\u064a\u0643\u064a\u0629 \u0648\u0643\u0646\u062f\u0627 \u0648\u0646\u064a\u0648\u0632\u064a\u0644\u0646\u062f\u0627 \u0648\u0627\u0644\u0645\u063a\u0631\u0628 (\u0646\u0627\u0648 \u0641\u0648\u062f\u0632\u060c \u0633\u0648\u0644\u062c\u0627\u0631\u060c \u0645\u0627\u0646\u0648\u0643\u0627). \u062a\u0648\u0635\u064a\u0644 \u0633\u0631\u064a\u0639 \u0625\u0644\u0649 \u062c\u0645\u064a\u0639 \u0623\u0646\u062d\u0627\u0621 \u0627\u0644\u0645\u063a\u0631\u0628.","publisher":{"@id":"https:\/\/vitablanca.ma\/#organization"},"alternateName":"VitaBlanca.ma","potentialAction":[{"@type":"SearchAction","target":{"@type":"EntryPoint","urlTemplate":"https:\/\/vitablanca.ma\/?s={search_term_string}"},"query-input":{"@type":"PropertyValueSpecification","valueRequired":true,"valueName":"search_term_string"}}],"inLanguage":"ar"},{"@type":"Organization","@id":"https:\/\/vitablanca.ma\/#organization","name":"\u0641\u064a\u062a\u0627\u0628\u0644\u0627\u0646\u0643\u0627","url":"https:\/\/vitablanca.ma\/","logo":{"@type":"ImageObject","inLanguage":"ar","@id":"https:\/\/vitablanca.ma\/#\/schema\/logo\/image\/","url":"https:\/\/vitablanca.ma\/wp-content\/uploads\/2025\/05\/cropped-vitablanca.png","contentUrl":"https:\/\/vitablanca.ma\/wp-content\/uploads\/2025\/05\/cropped-vitablanca.png","width":360,"height":67,"caption":"VitaBlanca"},"image":{"@id":"https:\/\/vitablanca.ma\/#\/schema\/logo\/image\/"},"sameAs":["https:\/\/www.facebook.com\/profile.php?id=61576678196717","https:\/\/www.tiktok.com\/@vitablanca.ma","https:\/\/www.instagram.com\/vitablanca.ma\/"]}]}},"jetpack_sharing_enabled":true,"_links":{"self":[{"href":"https:\/\/vitablanca.ma\/ar\/wp-json\/wp\/v2\/product\/20527","targetHints":{"allow":["GET"]}}],"collection":[{"href":"https:\/\/vitablanca.ma\/ar\/wp-json\/wp\/v2\/product"}],"about":[{"href":"https:\/\/vitablanca.ma\/ar\/wp-json\/wp\/v2\/types\/product"}],"wp:featuredmedia":[{"embeddable":true,"href":"https:\/\/vitablanca.ma\/ar\/wp-json\/wp\/v2\/media\/20515"}],"wp:attachment":[{"href":"https:\/\/vitablanca.ma\/ar\/wp-json\/wp\/v2\/media?parent=20527"}],"wp:term":[{"taxonomy":"product_brand","embeddable":true,"href":"https:\/\/vitablanca.ma\/ar\/wp-json\/wp\/v2\/product_brand?post=20527"},{"taxonomy":"product_cat","embeddable":true,"href":"https:\/\/vitablanca.ma\/ar\/wp-json\/wp\/v2\/product_cat?post=20527"},{"taxonomy":"product_tag","embeddable":true,"href":"https:\/\/vitablanca.ma\/ar\/wp-json\/wp\/v2\/product_tag?post=20527"}],"curies":[{"name":"wp","href":"https:\/\/api.w.org\/{rel}","templated":true}]}}