{"id":20509,"date":"2025-06-10T18:37:40","date_gmt":"2025-06-10T18:37:40","guid":{"rendered":"https:\/\/vitablanca.ma\/product\/lierac-le-demaquillant-yeux-100ml\/"},"modified":"2026-02-23T01:02:04","modified_gmt":"2026-02-23T01:02:04","slug":"lierac-le-demaquillant-yeux-100ml","status":"publish","type":"product","link":"https:\/\/vitablanca.ma\/ar\/product-2\/lierac-le-demaquillant-yeux-100ml\/","title":{"rendered":"\u0645\u0632\u064a\u0644 \u0645\u0643\u064a\u0627\u062c \u0627\u0644\u0639\u064a\u0648\u0646 \u0644\u064a\u0631\u0627\u0643 100 \u0645\u0644"},"content":{"rendered":"<h2>Lierac Le D\u00e9maquillant Yeux\u00a0\u00e9limine efficacement le maquillage tenace.<\/h2>\n<p class=\"p\">Compos\u00e9e \u00e0 99% d&rsquo;ingr\u00e9dients d&rsquo;origine naturelle, Le D\u00e9maquillant Yeux \u00e9limine efficacement le maquillage tenace, m\u00eame waterproof, tout en prenant soin des cils. Au coeur de sa formule, le Complexe Pr\u00e9biotiques Marin pr\u00e9serve et renforce le microbiote cutan\u00e9. Enrichi en Pro-Vitamine B5, pour hydrater et pr\u00e9venir la d\u00e9gradation et la perte des cils.<\/p>\n<p>Sa texture bi-phase allie l&rsquo;efficacit\u00e9 d\u00e9maquillante de l&rsquo;huile \u00e0 la fra\u00eecheur de l&rsquo;eau, sans laisser de film gras. Le contour des yeux est parfaitement d\u00e9maquill\u00e9, hydrat\u00e9 et apais\u00e9. Les cils sont prot\u00e9g\u00e9s.<\/p>\n<p>Convient aux yeux sensibles et porteurs de lentilles.<\/p>\n<h3 class=\"p\"><strong data-mce-fragment=\"1\">B\u00e9n\u00e9fices<\/strong><\/h3>\n<p>LE COMPLEXE PR\u00c9BIOTIQUES<br \/>\nIl offre un apport nutritif complet et \u00e9quilibr\u00e9, adapt\u00e9 aux besoins de tous les microbiotes. Compos\u00e9 de 3 ingr\u00e9dients actifs [eau de mer &#8211; algues vertes et brunes &#8211; sucre], il fournit les nutriments essentiels au maintien d&rsquo;un microbiote cutan\u00e9 \u00e9quilibr\u00e9.<\/p>\n<h4><b>Eau de mer<\/b><b><\/b><\/h4>\n<p class=\"p\">Apporte une grande vari\u00e9t\u00e9 de min\u00e9raux et oligo\u00e9l\u00e9ments essentiels \u00e0 la bonne diversit\u00e9 du microbiote<\/p>\n<h4><b>Algues vertes et brunes<\/b><b><\/b><\/h4>\n<p class=\"p\">LE COMPLEXE PR\u00c9BIOTIQUES<br \/>\nIl offre un apport nutritif complet et \u00e9quilibr\u00e9, adapt\u00e9 aux besoins de tous les microbiotes. Compos\u00e9 de 3 ingr\u00e9dients actifs [eau de mer &#8211; algues vertes et brunes &#8211; sucre], il fournit les nutriments essentiels au maintien d&rsquo;un microbiote cutan\u00e9 \u00e9quilibr\u00e9.<\/p>\n<h4><b>Sucre<\/b><b><\/b><\/h4>\n<p class=\"p\">Permet de maintenir des conditions environnementales stables en prot\u00e9geant les bact\u00e9ries.<\/p>\n<h3>Conseils d&rsquo;application<\/h3>\n<div class=\"mt-4 mb-2 lg:mb-8 max-w-[1270px] mx-auto px-4\" data-v-c7b8b77c=\"\">\n<div class=\"productTwoBlocks blocksReversed grid grid-cols-1 gap-8 lg:grid-cols-2 items-center text-sm\" data-v-c7b8b77c=\"\">\n<div>\n<div class=\"mt-4 mb-2 lg:mb-8 max-w-[1270px] mx-auto px-4\" data-v-c7b8b77c=\"\">\n<div class=\"productTwoBlocks blocksReversed grid grid-cols-1 gap-8 lg:grid-cols-2 items-center text-sm\" data-v-c7b8b77c=\"\">\n<div>\n<div class=\"mt-4 mb-2 lg:mb-8 max-w-[1270px] mx-auto px-4\" data-v-c7b8b77c=\"\">\n<div class=\"productTwoBlocks blocksReversed grid grid-cols-1 gap-8 lg:grid-cols-2 items-center text-sm\" data-v-c7b8b77c=\"\">\n<div>\n<p>Appliquer sur les yeux et les cils \u00e0 l&rsquo;aide d&rsquo;un coton.<\/p>\n<\/div>\n<\/div>\n<\/div>\n<\/div>\n<\/div>\n<\/div>\n<div class=\"mt-4 mb-2 lg:mb-8 max-w-[1270px] mx-auto px-4\" data-v-c7b8b77c=\"\">\n<div class=\"productTwoBlocks blocksReversed grid grid-cols-1 gap-8 lg:grid-cols-2 items-center text-sm\" data-v-c7b8b77c=\"\">\n<div data-v-c7b8b77c=\"\">\n<div class=\"mt-4 mb-2 lg:mb-8 max-w-[1270px] mx-auto px-4\" data-v-c7b8b77c=\"\">\n<div class=\"productTwoBlocks blocksReversed grid grid-cols-1 gap-8 lg:grid-cols-2 items-center text-sm\" data-v-c7b8b77c=\"\">\n<div>\n<h3>Ingredients<\/h3>\n<p>AQUA \/ WATER \/ EAU. TRIETHYL CITRATE. PROPANEDIOL. GLYCERIN. MACADAMIA TERNIFOLIA SEED OIL. C10-18 TRIGLYCERIDES. CARBOMER. BAMBUSA ARUNDINACEA JUICE. PARFUM \/ FRAGRANCE. SODIUM POLYACRYLATE. ETHYLHEXYLGLYCERIN. SODIUM BENZOATE. SODIUM HYALURONATE. SODIUM HYDROXIDE. TOCOPHEROL. HELIANTHUS ANNUUS (SUNFLOWER) SEED OIL. BACILLUS FERMENT. 4097A.<\/p>\n<\/div>\n<\/div>\n<\/div>\n<div class=\"mt-4 mb-2 lg:mb-8 max-w-[1270px] mx-auto px-4\" data-v-c7b8b77c=\"\">\n<div class=\"productTwoBlocks blocksReversed grid grid-cols-1 gap-8 lg:grid-cols-2 items-center text-sm\" data-v-c7b8b77c=\"\">\n<div data-v-c7b8b77c=\"\"><\/div>\n<\/div>\n<\/div>\n<\/div>\n<\/div>\n<\/div>\n<div id=\"reviews\" class=\"mb-8 max-w-[950px] mx-auto px-4\" data-v-c7b8b77c=\"\">\n<div class=\"mb-2 lg:mb-8\" data-v-c7b8b77c=\"\"><\/div>\n<\/div>\n<\/div>\n<\/div>\n<\/div>\n<div class=\"mt-4 mb-2 lg:mb-8 max-w-[1270px] mx-auto px-4\" data-v-c7b8b77c=\"\">\n<div class=\"productTwoBlocks blocksReversed grid grid-cols-1 gap-8 lg:grid-cols-2 items-center text-sm\" data-v-c7b8b77c=\"\">\n<div data-v-c7b8b77c=\"\"><\/div>\n<\/div>\n<\/div>\n<div id=\"reviews\" class=\"mb-8 max-w-[950px] mx-auto px-4\" data-v-c7b8b77c=\"\">\n<div class=\"mb-2 lg:mb-8\" data-v-c7b8b77c=\"\"><\/div>\n<\/div>\n","protected":false},"excerpt":{"rendered":"<p>Lierac Le D\u00e9maquillant Yeux\u00a0\u00e9limine efficacement le maquillage tenace. Compos\u00e9e \u00e0 99% d&rsquo;ingr\u00e9dients d&rsquo;origine naturelle, Le D\u00e9maquillant Yeux \u00e9limine efficacement le maquillage tenace, m\u00eame waterproof, tout en prenant soin des cils. Au coeur de sa formule, le Complexe Pr\u00e9biotiques Marin pr\u00e9serve et renforce le microbiote cutan\u00e9. Enrichi en Pro-Vitamine B5, pour hydrater et pr\u00e9venir la d\u00e9gradation [&hellip;]<\/p>\n","protected":false},"featured_media":20498,"template":"","meta":{"om_disable_all_campaigns":false},"product_brand":[],"product_cat":[15],"product_tag":[10516,10519,10396,10523,10514,10521,10513,10393,10518,10517,8478,10522,10515,10524,10520],"class_list":{"0":"post-20509","1":"product","2":"type-product","3":"status-publish","4":"has-post-thumbnail","6":"product_cat-beaute-sante-complements-alimentaires-soins-et-bien-etre-au-meilleur-prix","7":"product_tag-demaquillage-doux-yeux","8":"product_tag-demaquillant-cils-et-paupieres","9":"product_tag-demaquillant-hypoallergenique","10":"product_tag-demaquillant-yeux-porteurs-lentilles","11":"product_tag-demaquillant-yeux-sensibles","12":"product_tag-lierac-100ml","13":"product_tag-lierac-demaquillant-yeux","14":"product_tag-lierac-maroc","15":"product_tag-lotion-demaquillante-yeux","16":"product_tag-maquillage-yeux-efficace","17":"product_tag-peau-fragile-contour-yeux","18":"product_tag-routine-beaute-yeux","19":"product_tag-soin-contour-yeux","20":"product_tag-soin-yeux-doux","21":"product_tag-soin-yeux-quotidien","23":"first","24":"instock","25":"sale","26":"taxable","27":"shipping-taxable","28":"purchasable","29":"product-type-simple"},"yoast_head":"<!-- This site is optimized with the Yoast SEO plugin v27.4 - https:\/\/yoast.com\/product\/yoast-seo-wordpress\/ -->\n<title>Lierac Le D\u00e9maquillant Yeux 100ml - Maroc Prix<\/title>\n<meta name=\"description\" content=\"Lierac Le D\u00e9maquillant Yeux 100\u202fml, \u00e9limine maquillage et impuret\u00e9s en douceur. Respecte la peau sensible et les cils pour un regard frais et net.\" \/>\n<meta name=\"robots\" content=\"index, follow, max-snippet:-1, max-image-preview:large, max-video-preview:-1\" \/>\n<link rel=\"canonical\" href=\"https:\/\/vitablanca.ma\/ar\/product-2\/lierac-le-demaquillant-yeux-100ml\/\" \/>\n<meta property=\"og:locale\" content=\"ar_AR\" \/>\n<meta property=\"og:type\" content=\"article\" \/>\n<meta property=\"og:title\" content=\"Lierac Le D\u00e9maquillant Yeux 100ml - Maroc Prix\" \/>\n<meta property=\"og:description\" content=\"Lierac Le D\u00e9maquillant Yeux 100\u202fml, \u00e9limine maquillage et impuret\u00e9s en douceur. Respecte la peau sensible et les cils pour un regard frais et net.\" \/>\n<meta property=\"og:url\" content=\"https:\/\/vitablanca.ma\/ar\/product-2\/lierac-le-demaquillant-yeux-100ml\/\" \/>\n<meta property=\"og:site_name\" content=\"Vitablanca.ma &ndash; Sant&eacute;, vitalit&eacute; et bien-&ecirc;tre pour tous les Marocains\" \/>\n<meta property=\"article:publisher\" content=\"https:\/\/www.facebook.com\/profile.php?id=61576678196717\" \/>\n<meta property=\"article:modified_time\" content=\"2026-02-23T01:02:04+00:00\" \/>\n<meta property=\"og:image\" content=\"https:\/\/vitablanca.ma\/wp-content\/uploads\/2025\/06\/Lierac-Demaquillant-Yeux-150ml-novapara-maroc.jpg\" \/>\n\t<meta property=\"og:image:width\" content=\"1000\" \/>\n\t<meta property=\"og:image:height\" content=\"1000\" \/>\n\t<meta property=\"og:image:type\" content=\"image\/jpeg\" \/>\n<meta name=\"twitter:card\" content=\"summary_large_image\" \/>\n<meta name=\"twitter:label1\" content=\"\u0648\u0642\u062a \u0627\u0644\u0642\u0631\u0627\u0621\u0629 \u0627\u0644\u0645\u064f\u0642\u062f\u0651\u0631\" \/>\n\t<meta name=\"twitter:data1\" content=\"\u062f\u0642\u064a\u0642\u062a\u0627\u0646\" \/>\n<script type=\"application\/ld+json\" class=\"yoast-schema-graph\">{\"@context\":\"https:\\\/\\\/schema.org\",\"@graph\":[{\"@type\":[\"WebPage\",\"ItemPage\"],\"@id\":\"https:\\\/\\\/vitablanca.ma\\\/produit\\\/lierac-le-demaquillant-yeux-100ml\\\/\",\"url\":\"https:\\\/\\\/vitablanca.ma\\\/produit\\\/lierac-le-demaquillant-yeux-100ml\\\/\",\"name\":\"Lierac Le D\u00e9maquillant Yeux 100ml - Maroc Prix\",\"isPartOf\":{\"@id\":\"https:\\\/\\\/vitablanca.ma\\\/#website\"},\"primaryImageOfPage\":{\"@id\":\"https:\\\/\\\/vitablanca.ma\\\/produit\\\/lierac-le-demaquillant-yeux-100ml\\\/#primaryimage\"},\"image\":{\"@id\":\"https:\\\/\\\/vitablanca.ma\\\/produit\\\/lierac-le-demaquillant-yeux-100ml\\\/#primaryimage\"},\"thumbnailUrl\":\"https:\\\/\\\/vitablanca.ma\\\/wp-content\\\/uploads\\\/2025\\\/06\\\/Lierac-Demaquillant-Yeux-150ml-novapara-maroc.jpg\",\"datePublished\":\"2025-06-10T18:37:40+00:00\",\"dateModified\":\"2026-02-23T01:02:04+00:00\",\"description\":\"Lierac Le D\u00e9maquillant Yeux 100\u202fml, \u00e9limine maquillage et impuret\u00e9s en douceur. Respecte la peau sensible et les cils pour un regard frais et net.\",\"breadcrumb\":{\"@id\":\"https:\\\/\\\/vitablanca.ma\\\/produit\\\/lierac-le-demaquillant-yeux-100ml\\\/#breadcrumb\"},\"inLanguage\":\"ar\",\"potentialAction\":[{\"@type\":\"ReadAction\",\"target\":[\"https:\\\/\\\/vitablanca.ma\\\/produit\\\/lierac-le-demaquillant-yeux-100ml\\\/\"]}]},{\"@type\":\"ImageObject\",\"inLanguage\":\"ar\",\"@id\":\"https:\\\/\\\/vitablanca.ma\\\/produit\\\/lierac-le-demaquillant-yeux-100ml\\\/#primaryimage\",\"url\":\"https:\\\/\\\/vitablanca.ma\\\/wp-content\\\/uploads\\\/2025\\\/06\\\/Lierac-Demaquillant-Yeux-150ml-novapara-maroc.jpg\",\"contentUrl\":\"https:\\\/\\\/vitablanca.ma\\\/wp-content\\\/uploads\\\/2025\\\/06\\\/Lierac-Demaquillant-Yeux-150ml-novapara-maroc.jpg\",\"width\":1000,\"height\":1000},{\"@type\":\"BreadcrumbList\",\"@id\":\"https:\\\/\\\/vitablanca.ma\\\/produit\\\/lierac-le-demaquillant-yeux-100ml\\\/#breadcrumb\",\"itemListElement\":[{\"@type\":\"ListItem\",\"position\":1,\"name\":\"Home\",\"item\":\"https:\\\/\\\/vitablanca.ma\\\/\"},{\"@type\":\"ListItem\",\"position\":2,\"name\":\"Tous Les Produits\",\"item\":\"https:\\\/\\\/vitablanca.ma\\\/tous-les-produits\\\/\"},{\"@type\":\"ListItem\",\"position\":3,\"name\":\"Lierac Le D\u00e9maquillant Yeux 100ml\"}]},{\"@type\":\"WebSite\",\"@id\":\"https:\\\/\\\/vitablanca.ma\\\/#website\",\"url\":\"https:\\\/\\\/vitablanca.ma\\\/\",\"name\":\"VitaBlanca.ma | Compl\u00e9ments alimentaires, sant\u00e9 & beaut\u00e9 au Maroc\",\"description\":\"vendre vitamines et compl\u00e9ments premium des USA &amp; Canada, Nouvelle Z\u00e9lande,Maroc (NOW Foods, Solgar, Manuka). Livraison rapide partout au Maroc.\",\"publisher\":{\"@id\":\"https:\\\/\\\/vitablanca.ma\\\/#organization\"},\"alternateName\":\"VitaBlanca.ma\",\"potentialAction\":[{\"@type\":\"SearchAction\",\"target\":{\"@type\":\"EntryPoint\",\"urlTemplate\":\"https:\\\/\\\/vitablanca.ma\\\/?s={search_term_string}\"},\"query-input\":{\"@type\":\"PropertyValueSpecification\",\"valueRequired\":true,\"valueName\":\"search_term_string\"}}],\"inLanguage\":\"ar\"},{\"@type\":\"Organization\",\"@id\":\"https:\\\/\\\/vitablanca.ma\\\/#organization\",\"name\":\"VitaBlanca\",\"url\":\"https:\\\/\\\/vitablanca.ma\\\/\",\"logo\":{\"@type\":\"ImageObject\",\"inLanguage\":\"ar\",\"@id\":\"https:\\\/\\\/vitablanca.ma\\\/#\\\/schema\\\/logo\\\/image\\\/\",\"url\":\"https:\\\/\\\/vitablanca.ma\\\/wp-content\\\/uploads\\\/2025\\\/05\\\/cropped-vitablanca.png\",\"contentUrl\":\"https:\\\/\\\/vitablanca.ma\\\/wp-content\\\/uploads\\\/2025\\\/05\\\/cropped-vitablanca.png\",\"width\":360,\"height\":67,\"caption\":\"VitaBlanca\"},\"image\":{\"@id\":\"https:\\\/\\\/vitablanca.ma\\\/#\\\/schema\\\/logo\\\/image\\\/\"},\"sameAs\":[\"https:\\\/\\\/www.facebook.com\\\/profile.php?id=61576678196717\",\"https:\\\/\\\/www.tiktok.com\\\/@vitablanca.ma\",\"https:\\\/\\\/www.instagram.com\\\/vitablanca.ma\\\/\"]}]}<\/script>\n<!-- \/ Yoast SEO plugin. -->","yoast_head_json":{"title":"\u0645\u0632\u064a\u0644 \u0645\u0643\u064a\u0627\u062c \u0627\u0644\u0639\u064a\u0648\u0646 \u0644\u064a\u0631\u0627\u0643 \u0661\u0660\u0660 \u0645\u0644 - \u0633\u0639\u0631 \u0627\u0644\u0645\u063a\u0631\u0628","description":"Lierac Le D\u00e9maquillant Yeux 100\u202fml, \u00e9limine maquillage et impuret\u00e9s en douceur. Respecte la peau sensible et les cils pour un regard frais et net.","robots":{"index":"index","follow":"follow","max-snippet":"max-snippet:-1","max-image-preview":"max-image-preview:large","max-video-preview":"max-video-preview:-1"},"canonical":"https:\/\/vitablanca.ma\/ar\/product-2\/lierac-le-demaquillant-yeux-100ml\/","og_locale":"ar_AR","og_type":"article","og_title":"Lierac Le D\u00e9maquillant Yeux 100ml - Maroc Prix","og_description":"Lierac Le D\u00e9maquillant Yeux 100\u202fml, \u00e9limine maquillage et impuret\u00e9s en douceur. Respecte la peau sensible et les cils pour un regard frais et net.","og_url":"https:\/\/vitablanca.ma\/ar\/product-2\/lierac-le-demaquillant-yeux-100ml\/","og_site_name":"Vitablanca.ma &ndash; Sant&eacute;, vitalit&eacute; et bien-&ecirc;tre pour tous les Marocains","article_publisher":"https:\/\/www.facebook.com\/profile.php?id=61576678196717","article_modified_time":"2026-02-23T01:02:04+00:00","og_image":[{"width":1000,"height":1000,"url":"https:\/\/vitablanca.ma\/wp-content\/uploads\/2025\/06\/Lierac-Demaquillant-Yeux-150ml-novapara-maroc.jpg","type":"image\/jpeg"}],"twitter_card":"summary_large_image","twitter_misc":{"\u0648\u0642\u062a \u0627\u0644\u0642\u0631\u0627\u0621\u0629 \u0627\u0644\u0645\u064f\u0642\u062f\u0651\u0631":"\u062f\u0642\u064a\u0642\u062a\u0627\u0646"},"schema":{"@context":"https:\/\/schema.org","@graph":[{"@type":["WebPage","ItemPage"],"@id":"https:\/\/vitablanca.ma\/produit\/lierac-le-demaquillant-yeux-100ml\/","url":"https:\/\/vitablanca.ma\/produit\/lierac-le-demaquillant-yeux-100ml\/","name":"\u0645\u0632\u064a\u0644 \u0645\u0643\u064a\u0627\u062c \u0627\u0644\u0639\u064a\u0648\u0646 \u0644\u064a\u0631\u0627\u0643 \u0661\u0660\u0660 \u0645\u0644 - \u0633\u0639\u0631 \u0627\u0644\u0645\u063a\u0631\u0628","isPartOf":{"@id":"https:\/\/vitablanca.ma\/#website"},"primaryImageOfPage":{"@id":"https:\/\/vitablanca.ma\/produit\/lierac-le-demaquillant-yeux-100ml\/#primaryimage"},"image":{"@id":"https:\/\/vitablanca.ma\/produit\/lierac-le-demaquillant-yeux-100ml\/#primaryimage"},"thumbnailUrl":"https:\/\/vitablanca.ma\/wp-content\/uploads\/2025\/06\/Lierac-Demaquillant-Yeux-150ml-novapara-maroc.jpg","datePublished":"2025-06-10T18:37:40+00:00","dateModified":"2026-02-23T01:02:04+00:00","description":"Lierac Le D\u00e9maquillant Yeux 100\u202fml, \u00e9limine maquillage et impuret\u00e9s en douceur. Respecte la peau sensible et les cils pour un regard frais et net.","breadcrumb":{"@id":"https:\/\/vitablanca.ma\/produit\/lierac-le-demaquillant-yeux-100ml\/#breadcrumb"},"inLanguage":"ar","potentialAction":[{"@type":"ReadAction","target":["https:\/\/vitablanca.ma\/produit\/lierac-le-demaquillant-yeux-100ml\/"]}]},{"@type":"ImageObject","inLanguage":"ar","@id":"https:\/\/vitablanca.ma\/produit\/lierac-le-demaquillant-yeux-100ml\/#primaryimage","url":"https:\/\/vitablanca.ma\/wp-content\/uploads\/2025\/06\/Lierac-Demaquillant-Yeux-150ml-novapara-maroc.jpg","contentUrl":"https:\/\/vitablanca.ma\/wp-content\/uploads\/2025\/06\/Lierac-Demaquillant-Yeux-150ml-novapara-maroc.jpg","width":1000,"height":1000},{"@type":"BreadcrumbList","@id":"https:\/\/vitablanca.ma\/produit\/lierac-le-demaquillant-yeux-100ml\/#breadcrumb","itemListElement":[{"@type":"ListItem","position":1,"name":"Home","item":"https:\/\/vitablanca.ma\/"},{"@type":"ListItem","position":2,"name":"Tous Les Produits","item":"https:\/\/vitablanca.ma\/tous-les-produits\/"},{"@type":"ListItem","position":3,"name":"Lierac Le D\u00e9maquillant Yeux 100ml"}]},{"@type":"WebSite","@id":"https:\/\/vitablanca.ma\/#website","url":"https:\/\/vitablanca.ma\/","name":"VitaBlanca.ma | \u0627\u0644\u0645\u0643\u0645\u0644\u0627\u062a \u0627\u0644\u063a\u0630\u0627\u0626\u064a\u0629\u060c \u0627\u0644\u0635\u062d\u0629 \u0648\u0627\u0644\u062c\u0645\u0627\u0644 \u0641\u064a \u0627\u0644\u0645\u063a\u0631\u0628","description":"\u0646\u0628\u064a\u0639 \u0641\u064a\u062a\u0627\u0645\u064a\u0646\u0627\u062a \u0648\u0645\u0643\u0645\u0644\u0627\u062a \u063a\u0630\u0627\u0626\u064a\u0629 \u0641\u0627\u062e\u0631\u0629 \u0645\u0646 \u0627\u0644\u0648\u0644\u0627\u064a\u0627\u062a \u0627\u0644\u0645\u062a\u062d\u062f\u0629 \u0627\u0644\u0623\u0645\u0631\u064a\u0643\u064a\u0629 \u0648\u0643\u0646\u062f\u0627 \u0648\u0646\u064a\u0648\u0632\u064a\u0644\u0646\u062f\u0627 \u0648\u0627\u0644\u0645\u063a\u0631\u0628 (\u0646\u0627\u0648 \u0641\u0648\u062f\u0632\u060c \u0633\u0648\u0644\u062c\u0627\u0631\u060c \u0645\u0627\u0646\u0648\u0643\u0627). \u062a\u0648\u0635\u064a\u0644 \u0633\u0631\u064a\u0639 \u0625\u0644\u0649 \u062c\u0645\u064a\u0639 \u0623\u0646\u062d\u0627\u0621 \u0627\u0644\u0645\u063a\u0631\u0628.","publisher":{"@id":"https:\/\/vitablanca.ma\/#organization"},"alternateName":"VitaBlanca.ma","potentialAction":[{"@type":"SearchAction","target":{"@type":"EntryPoint","urlTemplate":"https:\/\/vitablanca.ma\/?s={search_term_string}"},"query-input":{"@type":"PropertyValueSpecification","valueRequired":true,"valueName":"search_term_string"}}],"inLanguage":"ar"},{"@type":"Organization","@id":"https:\/\/vitablanca.ma\/#organization","name":"\u0641\u064a\u062a\u0627\u0628\u0644\u0627\u0646\u0643\u0627","url":"https:\/\/vitablanca.ma\/","logo":{"@type":"ImageObject","inLanguage":"ar","@id":"https:\/\/vitablanca.ma\/#\/schema\/logo\/image\/","url":"https:\/\/vitablanca.ma\/wp-content\/uploads\/2025\/05\/cropped-vitablanca.png","contentUrl":"https:\/\/vitablanca.ma\/wp-content\/uploads\/2025\/05\/cropped-vitablanca.png","width":360,"height":67,"caption":"VitaBlanca"},"image":{"@id":"https:\/\/vitablanca.ma\/#\/schema\/logo\/image\/"},"sameAs":["https:\/\/www.facebook.com\/profile.php?id=61576678196717","https:\/\/www.tiktok.com\/@vitablanca.ma","https:\/\/www.instagram.com\/vitablanca.ma\/"]}]}},"jetpack_sharing_enabled":true,"_links":{"self":[{"href":"https:\/\/vitablanca.ma\/ar\/wp-json\/wp\/v2\/product\/20509","targetHints":{"allow":["GET"]}}],"collection":[{"href":"https:\/\/vitablanca.ma\/ar\/wp-json\/wp\/v2\/product"}],"about":[{"href":"https:\/\/vitablanca.ma\/ar\/wp-json\/wp\/v2\/types\/product"}],"wp:featuredmedia":[{"embeddable":true,"href":"https:\/\/vitablanca.ma\/ar\/wp-json\/wp\/v2\/media\/20498"}],"wp:attachment":[{"href":"https:\/\/vitablanca.ma\/ar\/wp-json\/wp\/v2\/media?parent=20509"}],"wp:term":[{"taxonomy":"product_brand","embeddable":true,"href":"https:\/\/vitablanca.ma\/ar\/wp-json\/wp\/v2\/product_brand?post=20509"},{"taxonomy":"product_cat","embeddable":true,"href":"https:\/\/vitablanca.ma\/ar\/wp-json\/wp\/v2\/product_cat?post=20509"},{"taxonomy":"product_tag","embeddable":true,"href":"https:\/\/vitablanca.ma\/ar\/wp-json\/wp\/v2\/product_tag?post=20509"}],"curies":[{"name":"wp","href":"https:\/\/api.w.org\/{rel}","templated":true}]}}