{"id":20505,"date":"2025-06-10T18:37:35","date_gmt":"2025-06-10T18:37:35","guid":{"rendered":"https:\/\/vitablanca.ma\/product\/mustela-baume-allaitement-certifie-bio-30ml\/"},"modified":"2026-02-23T01:08:10","modified_gmt":"2026-02-23T01:08:10","slug":"mustela-baume-allaitement-certifie-bio-30ml","status":"publish","type":"product","link":"https:\/\/vitablanca.ma\/ar\/product-2\/mustela-baume-allaitement-certifie-bio-30ml\/","title":{"rendered":"Mustela Baume Allaitement Certifi\u00e9 BIO 30ml"},"content":{"rendered":"<h2>Mustela Baume Allaitement Certifi\u00e9 BIO.<\/h2>\n<p>Le Baume allaitement certifi\u00e9 Bio a \u00e9t\u00e9 sp\u00e9cifiquement formul\u00e9 pour prot\u00e9ger les mamelons sensibilis\u00e9s.<\/p>\n<p>Compos\u00e9 \u00e0 100% d&rsquo;ingr\u00e9dients d&rsquo;origine naturelle et v\u00e9g\u00e9tale, sans parfum, il apaise et favorise la r\u00e9paration de la peau pour permettre aux jeunes mamans d&rsquo;allaiter en toute s\u00e9r\u00e9nit\u00e9.<br \/>\nSon ingr\u00e9dient phare : l&rsquo;huile d&rsquo;olive Bio, reconnue pour ses propri\u00e9t\u00e9s hydratantes et nourrissantes.<br \/>\n30\u0645\u0644.<\/p>\n<h3 class=\"h2\">Bon pour la peau, bon pour la plan\u00e8te<\/h3>\n<p>Vous allaitez ? Pour vous accompagner au mieux, nous avons cr\u00e9\u00e9 un Baume certifi\u00e9 Bio, aux ingr\u00e9dients 100% d&rsquo;origine naturelle. Gr\u00e2ce \u00e0 son film hydratant et protecteur, il apaise les irritations et les fendillements dus \u00e0 la t\u00e9t\u00e9e, favorise la r\u00e9paration du mamelon et prot\u00e8ge les zones sensibilis\u00e9es. Formul\u00e9 sans parfum, son odeur neutre ne d\u00e9range pas le b\u00e9b\u00e9 au moment de l&rsquo;allaitement. Bonus, sa texture riche et fondante le rend agr\u00e9able et facile \u00e0 utiliser.<\/p>\n<p>La formule du Baume Allaitement Mustela Maternit\u00e9 est vegan* et sans parfum.<\/p>\n<h3 class=\"h2\">\u0627\u0644\u0633\u0644\u0627\u0645\u0629 \u0648\u0627\u0644\u0643\u0641\u0627\u0621\u0629<\/h3>\n<p>Tous les soins de notre gamme Maternit\u00e9 respectent une charte de formulation stricte: ils sont con\u00e7us pour garantir\u00a0<u>une s\u00e9curit\u00e9 maman-b\u00e9b\u00e9<\/u>\u00a0pendant la grossesse.<\/p>\n<h3>\u0637\u0631\u064a\u0642\u0629 \u0627\u0644\u0627\u0633\u062a\u062e\u062f\u0627\u0645<\/h3>\n<div class=\"usage-left\">\n<p>Avant chaque t\u00e9t\u00e9e, il est n\u00e9cessaire de s&rsquo;assurer que les mamelons sont propres (pas de \u00ab bouloches \u00bb li\u00e9es au soutien-gorge en coton, pas d\u2019amas de cr\u00e8me\u2026) et en cas de besoin, nettoyer les mamelons \u00e0 l\u2019eau avant la t\u00e9t\u00e9e.<\/p>\n<\/div>\n<div class=\"usage-right\">\n<h3 class=\"h2 h3\">\u0643\u064a\u0641\u064a\u0629 \u0627\u0633\u062a\u062e\u062f\u0627\u0645\u0647<\/h3>\n<p>Pratique, le tube permet une application pr\u00e9cise du soin.<\/p>\n<\/div>\n<div class=\"usage-right\"><\/div>\n<div class=\"usage-right\">\n<ol>\n<li>Apr\u00e8s chaque t\u00e9t\u00e9e, appliquer g\u00e9n\u00e9reusement sur les mamelons. Le produit n\u2019a pas besoin d\u2019\u00eatre rinc\u00e9 et prot\u00e8ge le mamelon jusqu\u2019\u00e0 la prochaine t\u00e9t\u00e9e.<\/li>\n<li>R\u00e9p\u00e9ter apr\u00e8s chaque t\u00e9t\u00e9e.<\/li>\n<\/ol>\n<\/div>\n<div class=\"usage-right\">\n<ul>\n<li><b>Une fois le tube termin\u00e9<\/b>, jetez le dans la poubelle d\u2019ordures m\u00e9nag\u00e8res.<\/li>\n<\/ul>\n<\/div>","protected":false},"excerpt":{"rendered":"<p>Mustela Baume Allaitement Certifi\u00e9 BIO. Le Baume allaitement certifi\u00e9 Bio a \u00e9t\u00e9 sp\u00e9cifiquement formul\u00e9 pour prot\u00e9ger les mamelons sensibilis\u00e9s. Compos\u00e9 \u00e0 100% d&rsquo;ingr\u00e9dients d&rsquo;origine naturelle et v\u00e9g\u00e9tale, sans parfum, il apaise et favorise la r\u00e9paration de la peau pour permettre aux jeunes mamans d&rsquo;allaiter en toute s\u00e9r\u00e9nit\u00e9. Son ingr\u00e9dient phare : l&rsquo;huile d&rsquo;olive Bio, reconnue [&hellip;]<\/p>\n","protected":false},"featured_media":20503,"template":"","meta":{"om_disable_all_campaigns":false},"product_brand":[],"product_cat":[15],"product_tag":[10533,10531,10538,10535,10527,10536,10529,10525,10532,10388,10528,10534,10526,10530,10537],"class_list":{"0":"post-20505","1":"product","2":"type-product","3":"status-publish","4":"has-post-thumbnail","6":"product_cat-beaute-sante-complements-alimentaires-soins-et-bien-etre-au-meilleur-prix","7":"product_tag-baume-allaitement-sur-bebe","8":"product_tag-baume-bio-30ml","9":"product_tag-baume-certifie-bio","10":"product_tag-baume-hydratant-mamelons","11":"product_tag-baume-mamelons-sensibles","12":"product_tag-confort-allaitement","13":"product_tag-hydratation-mamelons","14":"product_tag-mustela-baume-allaitement-bio","15":"product_tag-mustela-maman","16":"product_tag-mustela-maroc","17":"product_tag-protection-allaitement","18":"product_tag-soin-doux-mamelons","19":"product_tag-soin-mamelons","20":"product_tag-soin-naturel-allaitement","21":"product_tag-soin-quotidien-maman","23":"first","24":"instock","25":"sale","26":"taxable","27":"shipping-taxable","28":"purchasable","29":"product-type-simple"},"yoast_head":"<!-- This site is optimized with the Yoast SEO plugin v27.4 - https:\/\/yoast.com\/product\/yoast-seo-wordpress\/ -->\n<title>Mustela Baume Allaitement Certifi\u00e9 BIO 30ml - Maroc Prix<\/title>\n<meta name=\"description\" content=\"Mustela Baume Allaitement Certifi\u00e9 BIO 30\u202fml, apaise et prot\u00e8ge les mamelons sensibles. Baume naturel s\u00fbr et hydratant pour un allaitement confortable.\" \/>\n<meta name=\"robots\" content=\"index, follow, max-snippet:-1, max-image-preview:large, max-video-preview:-1\" \/>\n<link rel=\"canonical\" href=\"https:\/\/vitablanca.ma\/ar\/product-2\/mustela-baume-allaitement-certifie-bio-30ml\/\" \/>\n<meta property=\"og:locale\" content=\"ar_AR\" \/>\n<meta property=\"og:type\" content=\"article\" \/>\n<meta property=\"og:title\" content=\"Mustela Baume Allaitement Certifi\u00e9 BIO 30ml - Maroc Prix\" \/>\n<meta property=\"og:description\" content=\"Mustela Baume Allaitement Certifi\u00e9 BIO 30\u202fml, apaise et prot\u00e8ge les mamelons sensibles. Baume naturel s\u00fbr et hydratant pour un allaitement confortable.\" \/>\n<meta property=\"og:url\" content=\"https:\/\/vitablanca.ma\/ar\/product-2\/mustela-baume-allaitement-certifie-bio-30ml\/\" \/>\n<meta property=\"og:site_name\" content=\"Vitablanca.ma &ndash; Sant&eacute;, vitalit&eacute; et bien-&ecirc;tre pour tous les Marocains\" \/>\n<meta property=\"article:publisher\" content=\"https:\/\/www.facebook.com\/profile.php?id=61576678196717\" \/>\n<meta property=\"article:modified_time\" content=\"2026-02-23T01:08:10+00:00\" \/>\n<meta property=\"og:image\" content=\"https:\/\/vitablanca.ma\/wp-content\/uploads\/2025\/06\/Mustela-Baume-Allaitement-Certifie-BIO-30ml-nova-parapharmacie-casablanca.jpg\" \/>\n\t<meta property=\"og:image:width\" content=\"1000\" \/>\n\t<meta property=\"og:image:height\" content=\"1000\" \/>\n\t<meta property=\"og:image:type\" content=\"image\/jpeg\" \/>\n<meta name=\"twitter:card\" content=\"summary_large_image\" \/>\n<meta name=\"twitter:label1\" content=\"\u0648\u0642\u062a \u0627\u0644\u0642\u0631\u0627\u0621\u0629 \u0627\u0644\u0645\u064f\u0642\u062f\u0651\u0631\" \/>\n\t<meta name=\"twitter:data1\" content=\"\u062f\u0642\u064a\u0642\u062a\u0627\u0646\" \/>\n<script type=\"application\/ld+json\" class=\"yoast-schema-graph\">{\"@context\":\"https:\\\/\\\/schema.org\",\"@graph\":[{\"@type\":[\"WebPage\",\"ItemPage\"],\"@id\":\"https:\\\/\\\/vitablanca.ma\\\/produit\\\/mustela-baume-allaitement-certifie-bio-30ml\\\/\",\"url\":\"https:\\\/\\\/vitablanca.ma\\\/produit\\\/mustela-baume-allaitement-certifie-bio-30ml\\\/\",\"name\":\"Mustela Baume Allaitement Certifi\u00e9 BIO 30ml - Maroc Prix\",\"isPartOf\":{\"@id\":\"https:\\\/\\\/vitablanca.ma\\\/#website\"},\"primaryImageOfPage\":{\"@id\":\"https:\\\/\\\/vitablanca.ma\\\/produit\\\/mustela-baume-allaitement-certifie-bio-30ml\\\/#primaryimage\"},\"image\":{\"@id\":\"https:\\\/\\\/vitablanca.ma\\\/produit\\\/mustela-baume-allaitement-certifie-bio-30ml\\\/#primaryimage\"},\"thumbnailUrl\":\"https:\\\/\\\/vitablanca.ma\\\/wp-content\\\/uploads\\\/2025\\\/06\\\/Mustela-Baume-Allaitement-Certifie-BIO-30ml-nova-parapharmacie-casablanca.jpg\",\"datePublished\":\"2025-06-10T18:37:35+00:00\",\"dateModified\":\"2026-02-23T01:08:10+00:00\",\"description\":\"Mustela Baume Allaitement Certifi\u00e9 BIO 30\u202fml, apaise et prot\u00e8ge les mamelons sensibles. Baume naturel s\u00fbr et hydratant pour un allaitement confortable.\",\"breadcrumb\":{\"@id\":\"https:\\\/\\\/vitablanca.ma\\\/produit\\\/mustela-baume-allaitement-certifie-bio-30ml\\\/#breadcrumb\"},\"inLanguage\":\"ar\",\"potentialAction\":[{\"@type\":\"ReadAction\",\"target\":[\"https:\\\/\\\/vitablanca.ma\\\/produit\\\/mustela-baume-allaitement-certifie-bio-30ml\\\/\"]}]},{\"@type\":\"ImageObject\",\"inLanguage\":\"ar\",\"@id\":\"https:\\\/\\\/vitablanca.ma\\\/produit\\\/mustela-baume-allaitement-certifie-bio-30ml\\\/#primaryimage\",\"url\":\"https:\\\/\\\/vitablanca.ma\\\/wp-content\\\/uploads\\\/2025\\\/06\\\/Mustela-Baume-Allaitement-Certifie-BIO-30ml-nova-parapharmacie-casablanca.jpg\",\"contentUrl\":\"https:\\\/\\\/vitablanca.ma\\\/wp-content\\\/uploads\\\/2025\\\/06\\\/Mustela-Baume-Allaitement-Certifie-BIO-30ml-nova-parapharmacie-casablanca.jpg\",\"width\":1000,\"height\":1000},{\"@type\":\"BreadcrumbList\",\"@id\":\"https:\\\/\\\/vitablanca.ma\\\/produit\\\/mustela-baume-allaitement-certifie-bio-30ml\\\/#breadcrumb\",\"itemListElement\":[{\"@type\":\"ListItem\",\"position\":1,\"name\":\"Home\",\"item\":\"https:\\\/\\\/vitablanca.ma\\\/\"},{\"@type\":\"ListItem\",\"position\":2,\"name\":\"Tous Les Produits\",\"item\":\"https:\\\/\\\/vitablanca.ma\\\/tous-les-produits\\\/\"},{\"@type\":\"ListItem\",\"position\":3,\"name\":\"Mustela Baume Allaitement Certifi\u00e9 BIO 30ml\"}]},{\"@type\":\"WebSite\",\"@id\":\"https:\\\/\\\/vitablanca.ma\\\/#website\",\"url\":\"https:\\\/\\\/vitablanca.ma\\\/\",\"name\":\"VitaBlanca.ma | Compl\u00e9ments alimentaires, sant\u00e9 & beaut\u00e9 au Maroc\",\"description\":\"vendre vitamines et compl\u00e9ments premium des USA &amp; Canada, Nouvelle Z\u00e9lande,Maroc (NOW Foods, Solgar, Manuka). Livraison rapide partout au Maroc.\",\"publisher\":{\"@id\":\"https:\\\/\\\/vitablanca.ma\\\/#organization\"},\"alternateName\":\"VitaBlanca.ma\",\"potentialAction\":[{\"@type\":\"SearchAction\",\"target\":{\"@type\":\"EntryPoint\",\"urlTemplate\":\"https:\\\/\\\/vitablanca.ma\\\/?s={search_term_string}\"},\"query-input\":{\"@type\":\"PropertyValueSpecification\",\"valueRequired\":true,\"valueName\":\"search_term_string\"}}],\"inLanguage\":\"ar\"},{\"@type\":\"Organization\",\"@id\":\"https:\\\/\\\/vitablanca.ma\\\/#organization\",\"name\":\"VitaBlanca\",\"url\":\"https:\\\/\\\/vitablanca.ma\\\/\",\"logo\":{\"@type\":\"ImageObject\",\"inLanguage\":\"ar\",\"@id\":\"https:\\\/\\\/vitablanca.ma\\\/#\\\/schema\\\/logo\\\/image\\\/\",\"url\":\"https:\\\/\\\/vitablanca.ma\\\/wp-content\\\/uploads\\\/2025\\\/05\\\/cropped-vitablanca.png\",\"contentUrl\":\"https:\\\/\\\/vitablanca.ma\\\/wp-content\\\/uploads\\\/2025\\\/05\\\/cropped-vitablanca.png\",\"width\":360,\"height\":67,\"caption\":\"VitaBlanca\"},\"image\":{\"@id\":\"https:\\\/\\\/vitablanca.ma\\\/#\\\/schema\\\/logo\\\/image\\\/\"},\"sameAs\":[\"https:\\\/\\\/www.facebook.com\\\/profile.php?id=61576678196717\",\"https:\\\/\\\/www.tiktok.com\\\/@vitablanca.ma\",\"https:\\\/\\\/www.instagram.com\\\/vitablanca.ma\\\/\"]}]}<\/script>\n<!-- \/ Yoast SEO plugin. -->","yoast_head_json":{"title":"Mustela Baume Allaitement Certifi\u00e9 BIO 30ml - Maroc Prix","description":"Mustela Baume Allaitement Certifi\u00e9 BIO 30\u202fml, apaise et prot\u00e8ge les mamelons sensibles. Baume naturel s\u00fbr et hydratant pour un allaitement confortable.","robots":{"index":"index","follow":"follow","max-snippet":"max-snippet:-1","max-image-preview":"max-image-preview:large","max-video-preview":"max-video-preview:-1"},"canonical":"https:\/\/vitablanca.ma\/ar\/product-2\/mustela-baume-allaitement-certifie-bio-30ml\/","og_locale":"ar_AR","og_type":"article","og_title":"Mustela Baume Allaitement Certifi\u00e9 BIO 30ml - Maroc Prix","og_description":"Mustela Baume Allaitement Certifi\u00e9 BIO 30\u202fml, apaise et prot\u00e8ge les mamelons sensibles. Baume naturel s\u00fbr et hydratant pour un allaitement confortable.","og_url":"https:\/\/vitablanca.ma\/ar\/product-2\/mustela-baume-allaitement-certifie-bio-30ml\/","og_site_name":"Vitablanca.ma &ndash; Sant&eacute;, vitalit&eacute; et bien-&ecirc;tre pour tous les Marocains","article_publisher":"https:\/\/www.facebook.com\/profile.php?id=61576678196717","article_modified_time":"2026-02-23T01:08:10+00:00","og_image":[{"width":1000,"height":1000,"url":"https:\/\/vitablanca.ma\/wp-content\/uploads\/2025\/06\/Mustela-Baume-Allaitement-Certifie-BIO-30ml-nova-parapharmacie-casablanca.jpg","type":"image\/jpeg"}],"twitter_card":"summary_large_image","twitter_misc":{"\u0648\u0642\u062a \u0627\u0644\u0642\u0631\u0627\u0621\u0629 \u0627\u0644\u0645\u064f\u0642\u062f\u0651\u0631":"\u062f\u0642\u064a\u0642\u062a\u0627\u0646"},"schema":{"@context":"https:\/\/schema.org","@graph":[{"@type":["WebPage","ItemPage"],"@id":"https:\/\/vitablanca.ma\/produit\/mustela-baume-allaitement-certifie-bio-30ml\/","url":"https:\/\/vitablanca.ma\/produit\/mustela-baume-allaitement-certifie-bio-30ml\/","name":"Mustela Baume Allaitement Certifi\u00e9 BIO 30ml - Maroc Prix","isPartOf":{"@id":"https:\/\/vitablanca.ma\/#website"},"primaryImageOfPage":{"@id":"https:\/\/vitablanca.ma\/produit\/mustela-baume-allaitement-certifie-bio-30ml\/#primaryimage"},"image":{"@id":"https:\/\/vitablanca.ma\/produit\/mustela-baume-allaitement-certifie-bio-30ml\/#primaryimage"},"thumbnailUrl":"https:\/\/vitablanca.ma\/wp-content\/uploads\/2025\/06\/Mustela-Baume-Allaitement-Certifie-BIO-30ml-nova-parapharmacie-casablanca.jpg","datePublished":"2025-06-10T18:37:35+00:00","dateModified":"2026-02-23T01:08:10+00:00","description":"Mustela Baume Allaitement Certifi\u00e9 BIO 30\u202fml, apaise et prot\u00e8ge les mamelons sensibles. Baume naturel s\u00fbr et hydratant pour un allaitement confortable.","breadcrumb":{"@id":"https:\/\/vitablanca.ma\/produit\/mustela-baume-allaitement-certifie-bio-30ml\/#breadcrumb"},"inLanguage":"ar","potentialAction":[{"@type":"ReadAction","target":["https:\/\/vitablanca.ma\/produit\/mustela-baume-allaitement-certifie-bio-30ml\/"]}]},{"@type":"ImageObject","inLanguage":"ar","@id":"https:\/\/vitablanca.ma\/produit\/mustela-baume-allaitement-certifie-bio-30ml\/#primaryimage","url":"https:\/\/vitablanca.ma\/wp-content\/uploads\/2025\/06\/Mustela-Baume-Allaitement-Certifie-BIO-30ml-nova-parapharmacie-casablanca.jpg","contentUrl":"https:\/\/vitablanca.ma\/wp-content\/uploads\/2025\/06\/Mustela-Baume-Allaitement-Certifie-BIO-30ml-nova-parapharmacie-casablanca.jpg","width":1000,"height":1000},{"@type":"BreadcrumbList","@id":"https:\/\/vitablanca.ma\/produit\/mustela-baume-allaitement-certifie-bio-30ml\/#breadcrumb","itemListElement":[{"@type":"ListItem","position":1,"name":"Home","item":"https:\/\/vitablanca.ma\/"},{"@type":"ListItem","position":2,"name":"Tous Les Produits","item":"https:\/\/vitablanca.ma\/tous-les-produits\/"},{"@type":"ListItem","position":3,"name":"Mustela Baume Allaitement Certifi\u00e9 BIO 30ml"}]},{"@type":"WebSite","@id":"https:\/\/vitablanca.ma\/#website","url":"https:\/\/vitablanca.ma\/","name":"VitaBlanca.ma | \u0627\u0644\u0645\u0643\u0645\u0644\u0627\u062a \u0627\u0644\u063a\u0630\u0627\u0626\u064a\u0629\u060c \u0627\u0644\u0635\u062d\u0629 \u0648\u0627\u0644\u062c\u0645\u0627\u0644 \u0641\u064a \u0627\u0644\u0645\u063a\u0631\u0628","description":"\u0646\u0628\u064a\u0639 \u0641\u064a\u062a\u0627\u0645\u064a\u0646\u0627\u062a \u0648\u0645\u0643\u0645\u0644\u0627\u062a \u063a\u0630\u0627\u0626\u064a\u0629 \u0641\u0627\u062e\u0631\u0629 \u0645\u0646 \u0627\u0644\u0648\u0644\u0627\u064a\u0627\u062a \u0627\u0644\u0645\u062a\u062d\u062f\u0629 \u0627\u0644\u0623\u0645\u0631\u064a\u0643\u064a\u0629 \u0648\u0643\u0646\u062f\u0627 \u0648\u0646\u064a\u0648\u0632\u064a\u0644\u0646\u062f\u0627 \u0648\u0627\u0644\u0645\u063a\u0631\u0628 (\u0646\u0627\u0648 \u0641\u0648\u062f\u0632\u060c \u0633\u0648\u0644\u062c\u0627\u0631\u060c \u0645\u0627\u0646\u0648\u0643\u0627). \u062a\u0648\u0635\u064a\u0644 \u0633\u0631\u064a\u0639 \u0625\u0644\u0649 \u062c\u0645\u064a\u0639 \u0623\u0646\u062d\u0627\u0621 \u0627\u0644\u0645\u063a\u0631\u0628.","publisher":{"@id":"https:\/\/vitablanca.ma\/#organization"},"alternateName":"VitaBlanca.ma","potentialAction":[{"@type":"SearchAction","target":{"@type":"EntryPoint","urlTemplate":"https:\/\/vitablanca.ma\/?s={search_term_string}"},"query-input":{"@type":"PropertyValueSpecification","valueRequired":true,"valueName":"search_term_string"}}],"inLanguage":"ar"},{"@type":"Organization","@id":"https:\/\/vitablanca.ma\/#organization","name":"\u0641\u064a\u062a\u0627\u0628\u0644\u0627\u0646\u0643\u0627","url":"https:\/\/vitablanca.ma\/","logo":{"@type":"ImageObject","inLanguage":"ar","@id":"https:\/\/vitablanca.ma\/#\/schema\/logo\/image\/","url":"https:\/\/vitablanca.ma\/wp-content\/uploads\/2025\/05\/cropped-vitablanca.png","contentUrl":"https:\/\/vitablanca.ma\/wp-content\/uploads\/2025\/05\/cropped-vitablanca.png","width":360,"height":67,"caption":"VitaBlanca"},"image":{"@id":"https:\/\/vitablanca.ma\/#\/schema\/logo\/image\/"},"sameAs":["https:\/\/www.facebook.com\/profile.php?id=61576678196717","https:\/\/www.tiktok.com\/@vitablanca.ma","https:\/\/www.instagram.com\/vitablanca.ma\/"]}]}},"jetpack_sharing_enabled":true,"_links":{"self":[{"href":"https:\/\/vitablanca.ma\/ar\/wp-json\/wp\/v2\/product\/20505","targetHints":{"allow":["GET"]}}],"collection":[{"href":"https:\/\/vitablanca.ma\/ar\/wp-json\/wp\/v2\/product"}],"about":[{"href":"https:\/\/vitablanca.ma\/ar\/wp-json\/wp\/v2\/types\/product"}],"wp:featuredmedia":[{"embeddable":true,"href":"https:\/\/vitablanca.ma\/ar\/wp-json\/wp\/v2\/media\/20503"}],"wp:attachment":[{"href":"https:\/\/vitablanca.ma\/ar\/wp-json\/wp\/v2\/media?parent=20505"}],"wp:term":[{"taxonomy":"product_brand","embeddable":true,"href":"https:\/\/vitablanca.ma\/ar\/wp-json\/wp\/v2\/product_brand?post=20505"},{"taxonomy":"product_cat","embeddable":true,"href":"https:\/\/vitablanca.ma\/ar\/wp-json\/wp\/v2\/product_cat?post=20505"},{"taxonomy":"product_tag","embeddable":true,"href":"https:\/\/vitablanca.ma\/ar\/wp-json\/wp\/v2\/product_tag?post=20505"}],"curies":[{"name":"wp","href":"https:\/\/api.w.org\/{rel}","templated":true}]}}