{"id":20499,"date":"2025-06-10T18:37:25","date_gmt":"2025-06-10T18:37:25","guid":{"rendered":"https:\/\/vitablanca.ma\/product\/mustela-creme-emolliente-stelatopia-au-tournesol-bio-200ml\/"},"modified":"2026-02-23T01:11:03","modified_gmt":"2026-02-23T01:11:03","slug":"mustela-creme-emolliente-stelatopia-au-tournesol-bio-200ml","status":"publish","type":"product","link":"https:\/\/vitablanca.ma\/ar\/product-2\/mustela-creme-emolliente-stelatopia-au-tournesol-bio-200ml\/","title":{"rendered":"\u0643\u0631\u064a\u0645 \u0645\u0648\u0633\u062a\u064a\u0644\u0627 \u0633\u062a\u064a\u0644\u0627\u062a\u0648\u0628\u064a\u0627 \u0627\u0644\u0645\u0631\u0637\u0628 \u0628\u0632\u064a\u062a \u062f\u0648\u0627\u0631 \u0627\u0644\u0634\u0645\u0633 \u0627\u0644\u0639\u0636\u0648\u064a 200 \u0645\u0644"},"content":{"rendered":"<h2>Mustela Cr\u00e8me \u00c9molliente Stelatopia au Tournesol BIO\u00a0<span data-mce-fragment=\"1\">pour la peau extr\u00eamement s\u00e8che<\/span><\/h2>\n<p>La Cr\u00e8me \u00e9molliente Stelatopia au Tournesol Bio, \u00e0 la texture douce et fondante, est sp\u00e9cialement con\u00e7ue pour la peau extr\u00eamement s\u00e8che\/tendance \u00e0 l&rsquo;ecz\u00e9ma atopique du b\u00e9b\u00e9 d\u00e8s la naissance* et de l&rsquo;enfant. Elle peut \u00eatre utilis\u00e9e sur le visage et le corps.<br data-mce-fragment=\"1\" \/>Formul\u00e9e sans parfum et avec un actif naturel, l&rsquo;Ol\u00e9odistillat de tournesol, elle hydrate, relipide et apaise les sensations de d\u00e9mangeaisons.<br \/>\n200 \u0645\u0644.<\/p>\n<h3>Bon pour la peau, bon pour la plan\u00e8te<\/h3>\n<p>Votre b\u00e9b\u00e9 a la peau extr\u00eamement s\u00e8che, tendance \u00e0 l&rsquo;ecz\u00e9ma atopique ? Sans parfum, notre Cr\u00e8me \u00e9molliente Stelatopia, au Tournesol Bio, est con\u00e7ue sp\u00e9cifiquement pour lui. Avec sa texture douce et fondante, elle hydrate durablement visage et corps, relipide et apaise les sensations d&rsquo;inconfort.<\/p>\n<p>Mieux, elle restaure \u00e9galement la barri\u00e8re cutan\u00e9e et la prot\u00e8ge des agressions ext\u00e9rieures. R\u00e9sultat : les rougeurs et rugosit\u00e9s diminuent visiblement.<\/p>\n<p>Pour ne rien g\u00e2cher, elle est aussi agr\u00e9able \u00e0 appliquer pour les parents que pour les b\u00e9b\u00e9s.<\/p>\n<p>La cr\u00e8me \u00e9molliente Stelatopia sans parfum est test\u00e9e et approuv\u00e9e par les membres de\u00a0l&rsquo;Association Fran\u00e7aise de l&rsquo;Ecz\u00e9ma.<\/p>\n<h3 class=\"h2 h3\">\u0643\u064a\u0641\u064a\u0629 \u0627\u0633\u062a\u062e\u062f\u0627\u0645\u0647<\/h3>\n<p class=\"h2 h3\">Pratique, la bouteille peut s&rsquo;utiliser sur le visage et le corps. Avec sa valve qui d\u00e9livre juste la dose demand\u00e9e, elle \u00e9vite le g\u00e2chis.<\/p>\n<ol>\n<li>Appuyer d\u00e9licatement sur la pompe, et verser au creux de la main.<\/li>\n<li>Appliquer deux fois par jour sur le visage et le corps, en massant d\u00e9licatement b\u00e9b\u00e9.<\/li>\n<li>Si possible, laisser p\u00e9n\u00e9trer avant de le rhabiller, pour laisser ce moment de bien-\u00eatre durer.<\/li>\n<\/ol>\n<h3>Nos principaux ingr\u00e9dients<\/h3>\n<p>Nous extrayons des graines de tournesol un actif brevet\u00e9,\u00a0l&rsquo;Ol\u00e9odistillat.\u00a0Reconnu pour ses propri\u00e9t\u00e9s apaisantes et relipidantes, il apporte les lipides indispensables \u00e0 la construction de la barri\u00e8re cutan\u00e9e, et aide la peau \u00e0 se renforcer en stimulant sa propre production de lipides : on appelle cela la \u00ab\u00a0relipidation active.<br \/>\nL&rsquo;huile de tournesol certifi\u00e9e BIO provient de fili\u00e8res biologiques fran\u00e7aises.<\/p>","protected":false},"excerpt":{"rendered":"<p>Mustela Cr\u00e8me \u00c9molliente Stelatopia au Tournesol BIO\u00a0pour la peau extr\u00eamement s\u00e8che La Cr\u00e8me \u00e9molliente Stelatopia au Tournesol Bio, \u00e0 la texture douce et fondante, est sp\u00e9cialement con\u00e7ue pour la peau extr\u00eamement s\u00e8che\/tendance \u00e0 l&rsquo;ecz\u00e9ma atopique du b\u00e9b\u00e9 d\u00e8s la naissance* et de l&rsquo;enfant. Elle peut \u00eatre utilis\u00e9e sur le visage et le corps.Formul\u00e9e sans parfum [&hellip;]<\/p>\n","protected":false},"featured_media":20495,"template":"","meta":{"om_disable_all_campaigns":false},"product_brand":[],"product_cat":[15],"product_tag":[10543,10463,10546,10540,10541,10545,10547,7204,10544,10388,10539,8200,5873,10542,10452],"class_list":{"0":"post-20499","1":"product","2":"type-product","3":"status-publish","4":"has-post-thumbnail","6":"product_cat-beaute-sante-complements-alimentaires-soins-et-bien-etre-au-meilleur-prix","7":"product_tag-creme-apaisante-rougeurs","8":"product_tag-creme-bebe-bio","9":"product_tag-creme-bio-tournesol","10":"product_tag-creme-emolliente-bio","11":"product_tag-creme-peau-atopique","12":"product_tag-creme-peaux-atopiques-adultes","13":"product_tag-hydratation-et-apaisement-peau","14":"product_tag-hydratation-intense-peau","15":"product_tag-mustela-200ml","16":"product_tag-mustela-maroc","17":"product_tag-mustela-stelatopia","18":"product_tag-soin-peau-delicate","19":"product_tag-soin-peau-sensible","20":"product_tag-soin-peau-tres-seche","21":"product_tag-soin-quotidien-bebe","23":"first","24":"instock","25":"sale","26":"taxable","27":"shipping-taxable","28":"purchasable","29":"product-type-simple"},"yoast_head":"<!-- This site is optimized with the Yoast SEO plugin v27.4 - https:\/\/yoast.com\/product\/yoast-seo-wordpress\/ -->\n<title>Mustela Cr\u00e8me \u00c9molliente Stelatopia BIO 200ml - Maroc Prix<\/title>\n<meta name=\"description\" content=\"Mustela Cr\u00e8me \u00c9molliente Stelatopia au Tournesol BIO 200\u202fml, hydrate et apaise les peaux tr\u00e8s s\u00e8ches et atopiques. Cr\u00e8me douce pour un confort quotidien .\" \/>\n<meta name=\"robots\" content=\"index, follow, max-snippet:-1, max-image-preview:large, max-video-preview:-1\" \/>\n<link rel=\"canonical\" href=\"https:\/\/vitablanca.ma\/ar\/product-2\/mustela-creme-emolliente-stelatopia-au-tournesol-bio-200ml\/\" \/>\n<meta property=\"og:locale\" content=\"ar_AR\" \/>\n<meta property=\"og:type\" content=\"article\" \/>\n<meta property=\"og:title\" content=\"Mustela Cr\u00e8me \u00c9molliente Stelatopia BIO 200ml - Maroc Prix\" \/>\n<meta property=\"og:description\" content=\"Mustela Cr\u00e8me \u00c9molliente Stelatopia au Tournesol BIO 200\u202fml, hydrate et apaise les peaux tr\u00e8s s\u00e8ches et atopiques. Cr\u00e8me douce pour un confort quotidien .\" \/>\n<meta property=\"og:url\" content=\"https:\/\/vitablanca.ma\/ar\/product-2\/mustela-creme-emolliente-stelatopia-au-tournesol-bio-200ml\/\" \/>\n<meta property=\"og:site_name\" content=\"Vitablanca.ma &ndash; Sant&eacute;, vitalit&eacute; et bien-&ecirc;tre pour tous les Marocains\" \/>\n<meta property=\"article:publisher\" content=\"https:\/\/www.facebook.com\/profile.php?id=61576678196717\" \/>\n<meta property=\"article:modified_time\" content=\"2026-02-23T01:11:03+00:00\" \/>\n<meta property=\"og:image\" content=\"https:\/\/vitablanca.ma\/wp-content\/uploads\/2025\/06\/Mustela-Creme-Emolliente-Stelatopia-au-Tournesol-BIO-200ml-nova-parapharmacie-casablanca_5991ece8-574a-41f7-bae7-be907022ba9c.jpg\" \/>\n\t<meta property=\"og:image:width\" content=\"1000\" \/>\n\t<meta property=\"og:image:height\" content=\"1000\" \/>\n\t<meta property=\"og:image:type\" content=\"image\/jpeg\" \/>\n<meta name=\"twitter:card\" content=\"summary_large_image\" \/>\n<meta name=\"twitter:label1\" content=\"\u0648\u0642\u062a \u0627\u0644\u0642\u0631\u0627\u0621\u0629 \u0627\u0644\u0645\u064f\u0642\u062f\u0651\u0631\" \/>\n\t<meta name=\"twitter:data1\" content=\"\u062f\u0642\u064a\u0642\u062a\u0627\u0646\" \/>\n<script type=\"application\/ld+json\" class=\"yoast-schema-graph\">{\"@context\":\"https:\\\/\\\/schema.org\",\"@graph\":[{\"@type\":[\"WebPage\",\"ItemPage\"],\"@id\":\"https:\\\/\\\/vitablanca.ma\\\/produit\\\/mustela-creme-emolliente-stelatopia-au-tournesol-bio-200ml\\\/\",\"url\":\"https:\\\/\\\/vitablanca.ma\\\/produit\\\/mustela-creme-emolliente-stelatopia-au-tournesol-bio-200ml\\\/\",\"name\":\"Mustela Cr\u00e8me \u00c9molliente Stelatopia BIO 200ml - Maroc Prix\",\"isPartOf\":{\"@id\":\"https:\\\/\\\/vitablanca.ma\\\/#website\"},\"primaryImageOfPage\":{\"@id\":\"https:\\\/\\\/vitablanca.ma\\\/produit\\\/mustela-creme-emolliente-stelatopia-au-tournesol-bio-200ml\\\/#primaryimage\"},\"image\":{\"@id\":\"https:\\\/\\\/vitablanca.ma\\\/produit\\\/mustela-creme-emolliente-stelatopia-au-tournesol-bio-200ml\\\/#primaryimage\"},\"thumbnailUrl\":\"https:\\\/\\\/vitablanca.ma\\\/wp-content\\\/uploads\\\/2025\\\/06\\\/Mustela-Creme-Emolliente-Stelatopia-au-Tournesol-BIO-200ml-nova-parapharmacie-casablanca_5991ece8-574a-41f7-bae7-be907022ba9c.jpg\",\"datePublished\":\"2025-06-10T18:37:25+00:00\",\"dateModified\":\"2026-02-23T01:11:03+00:00\",\"description\":\"Mustela Cr\u00e8me \u00c9molliente Stelatopia au Tournesol BIO 200\u202fml, hydrate et apaise les peaux tr\u00e8s s\u00e8ches et atopiques. Cr\u00e8me douce pour un confort quotidien .\",\"breadcrumb\":{\"@id\":\"https:\\\/\\\/vitablanca.ma\\\/produit\\\/mustela-creme-emolliente-stelatopia-au-tournesol-bio-200ml\\\/#breadcrumb\"},\"inLanguage\":\"ar\",\"potentialAction\":[{\"@type\":\"ReadAction\",\"target\":[\"https:\\\/\\\/vitablanca.ma\\\/produit\\\/mustela-creme-emolliente-stelatopia-au-tournesol-bio-200ml\\\/\"]}]},{\"@type\":\"ImageObject\",\"inLanguage\":\"ar\",\"@id\":\"https:\\\/\\\/vitablanca.ma\\\/produit\\\/mustela-creme-emolliente-stelatopia-au-tournesol-bio-200ml\\\/#primaryimage\",\"url\":\"https:\\\/\\\/vitablanca.ma\\\/wp-content\\\/uploads\\\/2025\\\/06\\\/Mustela-Creme-Emolliente-Stelatopia-au-Tournesol-BIO-200ml-nova-parapharmacie-casablanca_5991ece8-574a-41f7-bae7-be907022ba9c.jpg\",\"contentUrl\":\"https:\\\/\\\/vitablanca.ma\\\/wp-content\\\/uploads\\\/2025\\\/06\\\/Mustela-Creme-Emolliente-Stelatopia-au-Tournesol-BIO-200ml-nova-parapharmacie-casablanca_5991ece8-574a-41f7-bae7-be907022ba9c.jpg\",\"width\":1000,\"height\":1000},{\"@type\":\"BreadcrumbList\",\"@id\":\"https:\\\/\\\/vitablanca.ma\\\/produit\\\/mustela-creme-emolliente-stelatopia-au-tournesol-bio-200ml\\\/#breadcrumb\",\"itemListElement\":[{\"@type\":\"ListItem\",\"position\":1,\"name\":\"Home\",\"item\":\"https:\\\/\\\/vitablanca.ma\\\/\"},{\"@type\":\"ListItem\",\"position\":2,\"name\":\"Tous Les Produits\",\"item\":\"https:\\\/\\\/vitablanca.ma\\\/tous-les-produits\\\/\"},{\"@type\":\"ListItem\",\"position\":3,\"name\":\"Mustela Cr\u00e8me \u00c9molliente Stelatopia au Tournesol BIO 200ml\"}]},{\"@type\":\"WebSite\",\"@id\":\"https:\\\/\\\/vitablanca.ma\\\/#website\",\"url\":\"https:\\\/\\\/vitablanca.ma\\\/\",\"name\":\"VitaBlanca.ma | Compl\u00e9ments alimentaires, sant\u00e9 & beaut\u00e9 au Maroc\",\"description\":\"vendre vitamines et compl\u00e9ments premium des USA &amp; Canada, Nouvelle Z\u00e9lande,Maroc (NOW Foods, Solgar, Manuka). Livraison rapide partout au Maroc.\",\"publisher\":{\"@id\":\"https:\\\/\\\/vitablanca.ma\\\/#organization\"},\"alternateName\":\"VitaBlanca.ma\",\"potentialAction\":[{\"@type\":\"SearchAction\",\"target\":{\"@type\":\"EntryPoint\",\"urlTemplate\":\"https:\\\/\\\/vitablanca.ma\\\/?s={search_term_string}\"},\"query-input\":{\"@type\":\"PropertyValueSpecification\",\"valueRequired\":true,\"valueName\":\"search_term_string\"}}],\"inLanguage\":\"ar\"},{\"@type\":\"Organization\",\"@id\":\"https:\\\/\\\/vitablanca.ma\\\/#organization\",\"name\":\"VitaBlanca\",\"url\":\"https:\\\/\\\/vitablanca.ma\\\/\",\"logo\":{\"@type\":\"ImageObject\",\"inLanguage\":\"ar\",\"@id\":\"https:\\\/\\\/vitablanca.ma\\\/#\\\/schema\\\/logo\\\/image\\\/\",\"url\":\"https:\\\/\\\/vitablanca.ma\\\/wp-content\\\/uploads\\\/2025\\\/05\\\/cropped-vitablanca.png\",\"contentUrl\":\"https:\\\/\\\/vitablanca.ma\\\/wp-content\\\/uploads\\\/2025\\\/05\\\/cropped-vitablanca.png\",\"width\":360,\"height\":67,\"caption\":\"VitaBlanca\"},\"image\":{\"@id\":\"https:\\\/\\\/vitablanca.ma\\\/#\\\/schema\\\/logo\\\/image\\\/\"},\"sameAs\":[\"https:\\\/\\\/www.facebook.com\\\/profile.php?id=61576678196717\",\"https:\\\/\\\/www.tiktok.com\\\/@vitablanca.ma\",\"https:\\\/\\\/www.instagram.com\\\/vitablanca.ma\\\/\"]}]}<\/script>\n<!-- \/ Yoast SEO plugin. -->","yoast_head_json":{"title":"Mustela Cr\u00e8me \u00c9molliente Stelatopia BIO 200ml - Maroc Prix","description":"Mustela Cr\u00e8me \u00c9molliente Stelatopia au Tournesol BIO 200\u202fml, hydrate et apaise les peaux tr\u00e8s s\u00e8ches et atopiques. Cr\u00e8me douce pour un confort quotidien .","robots":{"index":"index","follow":"follow","max-snippet":"max-snippet:-1","max-image-preview":"max-image-preview:large","max-video-preview":"max-video-preview:-1"},"canonical":"https:\/\/vitablanca.ma\/ar\/product-2\/mustela-creme-emolliente-stelatopia-au-tournesol-bio-200ml\/","og_locale":"ar_AR","og_type":"article","og_title":"Mustela Cr\u00e8me \u00c9molliente Stelatopia BIO 200ml - Maroc Prix","og_description":"Mustela Cr\u00e8me \u00c9molliente Stelatopia au Tournesol BIO 200\u202fml, hydrate et apaise les peaux tr\u00e8s s\u00e8ches et atopiques. Cr\u00e8me douce pour un confort quotidien .","og_url":"https:\/\/vitablanca.ma\/ar\/product-2\/mustela-creme-emolliente-stelatopia-au-tournesol-bio-200ml\/","og_site_name":"Vitablanca.ma &ndash; Sant&eacute;, vitalit&eacute; et bien-&ecirc;tre pour tous les Marocains","article_publisher":"https:\/\/www.facebook.com\/profile.php?id=61576678196717","article_modified_time":"2026-02-23T01:11:03+00:00","og_image":[{"width":1000,"height":1000,"url":"https:\/\/vitablanca.ma\/wp-content\/uploads\/2025\/06\/Mustela-Creme-Emolliente-Stelatopia-au-Tournesol-BIO-200ml-nova-parapharmacie-casablanca_5991ece8-574a-41f7-bae7-be907022ba9c.jpg","type":"image\/jpeg"}],"twitter_card":"summary_large_image","twitter_misc":{"\u0648\u0642\u062a \u0627\u0644\u0642\u0631\u0627\u0621\u0629 \u0627\u0644\u0645\u064f\u0642\u062f\u0651\u0631":"\u062f\u0642\u064a\u0642\u062a\u0627\u0646"},"schema":{"@context":"https:\/\/schema.org","@graph":[{"@type":["WebPage","ItemPage"],"@id":"https:\/\/vitablanca.ma\/produit\/mustela-creme-emolliente-stelatopia-au-tournesol-bio-200ml\/","url":"https:\/\/vitablanca.ma\/produit\/mustela-creme-emolliente-stelatopia-au-tournesol-bio-200ml\/","name":"Mustela Cr\u00e8me \u00c9molliente Stelatopia BIO 200ml - Maroc Prix","isPartOf":{"@id":"https:\/\/vitablanca.ma\/#website"},"primaryImageOfPage":{"@id":"https:\/\/vitablanca.ma\/produit\/mustela-creme-emolliente-stelatopia-au-tournesol-bio-200ml\/#primaryimage"},"image":{"@id":"https:\/\/vitablanca.ma\/produit\/mustela-creme-emolliente-stelatopia-au-tournesol-bio-200ml\/#primaryimage"},"thumbnailUrl":"https:\/\/vitablanca.ma\/wp-content\/uploads\/2025\/06\/Mustela-Creme-Emolliente-Stelatopia-au-Tournesol-BIO-200ml-nova-parapharmacie-casablanca_5991ece8-574a-41f7-bae7-be907022ba9c.jpg","datePublished":"2025-06-10T18:37:25+00:00","dateModified":"2026-02-23T01:11:03+00:00","description":"Mustela Cr\u00e8me \u00c9molliente Stelatopia au Tournesol BIO 200\u202fml, hydrate et apaise les peaux tr\u00e8s s\u00e8ches et atopiques. Cr\u00e8me douce pour un confort quotidien .","breadcrumb":{"@id":"https:\/\/vitablanca.ma\/produit\/mustela-creme-emolliente-stelatopia-au-tournesol-bio-200ml\/#breadcrumb"},"inLanguage":"ar","potentialAction":[{"@type":"ReadAction","target":["https:\/\/vitablanca.ma\/produit\/mustela-creme-emolliente-stelatopia-au-tournesol-bio-200ml\/"]}]},{"@type":"ImageObject","inLanguage":"ar","@id":"https:\/\/vitablanca.ma\/produit\/mustela-creme-emolliente-stelatopia-au-tournesol-bio-200ml\/#primaryimage","url":"https:\/\/vitablanca.ma\/wp-content\/uploads\/2025\/06\/Mustela-Creme-Emolliente-Stelatopia-au-Tournesol-BIO-200ml-nova-parapharmacie-casablanca_5991ece8-574a-41f7-bae7-be907022ba9c.jpg","contentUrl":"https:\/\/vitablanca.ma\/wp-content\/uploads\/2025\/06\/Mustela-Creme-Emolliente-Stelatopia-au-Tournesol-BIO-200ml-nova-parapharmacie-casablanca_5991ece8-574a-41f7-bae7-be907022ba9c.jpg","width":1000,"height":1000},{"@type":"BreadcrumbList","@id":"https:\/\/vitablanca.ma\/produit\/mustela-creme-emolliente-stelatopia-au-tournesol-bio-200ml\/#breadcrumb","itemListElement":[{"@type":"ListItem","position":1,"name":"Home","item":"https:\/\/vitablanca.ma\/"},{"@type":"ListItem","position":2,"name":"Tous Les Produits","item":"https:\/\/vitablanca.ma\/tous-les-produits\/"},{"@type":"ListItem","position":3,"name":"Mustela Cr\u00e8me \u00c9molliente Stelatopia au Tournesol BIO 200ml"}]},{"@type":"WebSite","@id":"https:\/\/vitablanca.ma\/#website","url":"https:\/\/vitablanca.ma\/","name":"VitaBlanca.ma | \u0627\u0644\u0645\u0643\u0645\u0644\u0627\u062a \u0627\u0644\u063a\u0630\u0627\u0626\u064a\u0629\u060c \u0627\u0644\u0635\u062d\u0629 \u0648\u0627\u0644\u062c\u0645\u0627\u0644 \u0641\u064a \u0627\u0644\u0645\u063a\u0631\u0628","description":"\u0646\u0628\u064a\u0639 \u0641\u064a\u062a\u0627\u0645\u064a\u0646\u0627\u062a \u0648\u0645\u0643\u0645\u0644\u0627\u062a \u063a\u0630\u0627\u0626\u064a\u0629 \u0641\u0627\u062e\u0631\u0629 \u0645\u0646 \u0627\u0644\u0648\u0644\u0627\u064a\u0627\u062a \u0627\u0644\u0645\u062a\u062d\u062f\u0629 \u0627\u0644\u0623\u0645\u0631\u064a\u0643\u064a\u0629 \u0648\u0643\u0646\u062f\u0627 \u0648\u0646\u064a\u0648\u0632\u064a\u0644\u0646\u062f\u0627 \u0648\u0627\u0644\u0645\u063a\u0631\u0628 (\u0646\u0627\u0648 \u0641\u0648\u062f\u0632\u060c \u0633\u0648\u0644\u062c\u0627\u0631\u060c \u0645\u0627\u0646\u0648\u0643\u0627). \u062a\u0648\u0635\u064a\u0644 \u0633\u0631\u064a\u0639 \u0625\u0644\u0649 \u062c\u0645\u064a\u0639 \u0623\u0646\u062d\u0627\u0621 \u0627\u0644\u0645\u063a\u0631\u0628.","publisher":{"@id":"https:\/\/vitablanca.ma\/#organization"},"alternateName":"VitaBlanca.ma","potentialAction":[{"@type":"SearchAction","target":{"@type":"EntryPoint","urlTemplate":"https:\/\/vitablanca.ma\/?s={search_term_string}"},"query-input":{"@type":"PropertyValueSpecification","valueRequired":true,"valueName":"search_term_string"}}],"inLanguage":"ar"},{"@type":"Organization","@id":"https:\/\/vitablanca.ma\/#organization","name":"\u0641\u064a\u062a\u0627\u0628\u0644\u0627\u0646\u0643\u0627","url":"https:\/\/vitablanca.ma\/","logo":{"@type":"ImageObject","inLanguage":"ar","@id":"https:\/\/vitablanca.ma\/#\/schema\/logo\/image\/","url":"https:\/\/vitablanca.ma\/wp-content\/uploads\/2025\/05\/cropped-vitablanca.png","contentUrl":"https:\/\/vitablanca.ma\/wp-content\/uploads\/2025\/05\/cropped-vitablanca.png","width":360,"height":67,"caption":"VitaBlanca"},"image":{"@id":"https:\/\/vitablanca.ma\/#\/schema\/logo\/image\/"},"sameAs":["https:\/\/www.facebook.com\/profile.php?id=61576678196717","https:\/\/www.tiktok.com\/@vitablanca.ma","https:\/\/www.instagram.com\/vitablanca.ma\/"]}]}},"jetpack_sharing_enabled":true,"_links":{"self":[{"href":"https:\/\/vitablanca.ma\/ar\/wp-json\/wp\/v2\/product\/20499","targetHints":{"allow":["GET"]}}],"collection":[{"href":"https:\/\/vitablanca.ma\/ar\/wp-json\/wp\/v2\/product"}],"about":[{"href":"https:\/\/vitablanca.ma\/ar\/wp-json\/wp\/v2\/types\/product"}],"wp:featuredmedia":[{"embeddable":true,"href":"https:\/\/vitablanca.ma\/ar\/wp-json\/wp\/v2\/media\/20495"}],"wp:attachment":[{"href":"https:\/\/vitablanca.ma\/ar\/wp-json\/wp\/v2\/media?parent=20499"}],"wp:term":[{"taxonomy":"product_brand","embeddable":true,"href":"https:\/\/vitablanca.ma\/ar\/wp-json\/wp\/v2\/product_brand?post=20499"},{"taxonomy":"product_cat","embeddable":true,"href":"https:\/\/vitablanca.ma\/ar\/wp-json\/wp\/v2\/product_cat?post=20499"},{"taxonomy":"product_tag","embeddable":true,"href":"https:\/\/vitablanca.ma\/ar\/wp-json\/wp\/v2\/product_tag?post=20499"}],"curies":[{"name":"wp","href":"https:\/\/api.w.org\/{rel}","templated":true}]}}