{"id":20491,"date":"2025-06-10T18:37:15","date_gmt":"2025-06-10T18:37:15","guid":{"rendered":"https:\/\/vitablanca.ma\/product\/mustela-lait-solaire-tres-haute-protection-spf-50-40ml\/"},"modified":"2026-02-23T01:18:43","modified_gmt":"2026-02-23T01:18:43","slug":"mustela-lait-solaire-tres-haute-protection-spf-50-40ml","status":"publish","type":"product","link":"https:\/\/vitablanca.ma\/ar\/product-2\/mustela-lait-solaire-tres-haute-protection-spf-50-40ml\/","title":{"rendered":"Mustela Lait Solaire tr\u00e8s haute protection SPF 50+ 40ml"},"content":{"rendered":"<h2><span data-mce-fragment=\"1\">Mustela Lait Solaire tr\u00e8s haute protection SPF 50+ prot\u00e8ge des rayons UVA et UVB les peaux sensibles.<\/span><\/h2>\n<p><span data-mce-fragment=\"1\">Le Lait Solaire B\u00e9b\u00e9 et Enfant indice SPF 50+ prot\u00e8ge des rayons UVA et UVB les peaux sensibles, intol\u00e9rantes au soleil et \u00e0 tendance atopique. Ce lait tr\u00e8s haute protection s&rsquo;utilise sur le visage et le corps. Facile \u00e0 \u00e9taler, sans effet blanc, il est tr\u00e8s r\u00e9sistant \u00e0 l&rsquo;eau et au sable.<br data-mce-fragment=\"1\" \/>Filtres UV conformes \u00e0 la r\u00e9glementation d\u2019Hawa\u00ef sur la pr\u00e9servation des coraux.<\/span><\/p>\n<h3><span data-mce-fragment=\"1\">Bienfaits &amp; S\u00e9curit\u00e9<\/span><\/h3>\n<p>Vous voulez profiter des beaux jours avec b\u00e9b\u00e9 ? Voici notre Lait solaire SPF 50+. Formul\u00e9 sans parfum, il convient \u00e0 tous les types de peau, y compris les peaux sensibles, intol\u00e9rantes au soleil et \u00e0 tendance atopique.<br \/>\nIl assure une tr\u00e8s haute protection contre les UVA et UVB et une tr\u00e8s haute r\u00e9sistance \u00e0 l&rsquo;eau, \u00e0 la transpiration et aux frottements des serviettes ou v\u00eatements.<br \/>\nEnfin, nous avons choisi des filtres UV conformes \u00e0 la r\u00e9glementation d\u2019Hawa\u00ef sur la pr\u00e9servation des coraux.<\/p>\n<h3>\u0637\u0631\u064a\u0642\u0629 \u0627\u0644\u0627\u0633\u062a\u062e\u062f\u0627\u0645<\/h3>\n<ul>\n<li><strong>\u00c9tape 1:<\/strong> Appliquer g\u00e9n\u00e9reusement, sur peau s\u00e8che, avant chaque exposition (visage &amp; corps). Et bien s\u00fbr, on n&rsquo;oublie pas le chapeau, les lunettes et le tee-shirt !<\/li>\n<li><strong>\u00c9tape 2:<\/strong> Renouveler l&rsquo;application toutes les deux heures et apr\u00e8s chaque baignade.<\/li>\n<\/ul>\n<p>Il est recommand\u00e9 de ne pas exposer les enfants de moins de 3 ans au soleil.<\/p>\n<h3>\u0645\u0643\u0648\u0646\u0627\u062a<\/h3>\n<div class=\"h2 h3\"><strong>Nos principaux ingr\u00e9dients<\/strong><\/div>\n<p>Notre ingr\u00e9dient phare est le Pers\u00e9ose d&rsquo;avocat\u00ae, actif naturel brevet\u00e9 qui renforce la barri\u00e8re cutan\u00e9e et pr\u00e9serve la richesse cellulaire de la peau des agressions UV. Il est issu de fili\u00e8res d&rsquo;approvisionnement durables et responsables.<\/p>\n<p>Filtres protecteurs organiques s\u00e9lectionn\u00e9s pour leur haute tol\u00e9rance.<\/p>","protected":false},"excerpt":{"rendered":"<p>Mustela Lait Solaire tr\u00e8s haute protection SPF 50+ prot\u00e8ge des rayons UVA et UVB les peaux sensibles. Le Lait Solaire B\u00e9b\u00e9 et Enfant indice SPF 50+ prot\u00e8ge des rayons UVA et UVB les peaux sensibles, intol\u00e9rantes au soleil et \u00e0 tendance atopique. Ce lait tr\u00e8s haute protection s&rsquo;utilise sur le visage et le corps. Facile [&hellip;]<\/p>\n","protected":false},"featured_media":20487,"template":"","meta":{"om_disable_all_campaigns":false},"product_brand":[],"product_cat":[15],"product_tag":[10560,10565,6546,10566,10562,10563,10557,10388,10558,5864,10561,8669,5873,10564,10559],"class_list":{"0":"post-20491","1":"product","2":"type-product","3":"status-publish","4":"has-post-thumbnail","6":"product_cat-beaute-sante-complements-alimentaires-soins-et-bien-etre-au-meilleur-prix","7":"product_tag-creme-solaire-bebe","8":"product_tag-creme-solaire-hypoallergenique","9":"product_tag-hydratation-peau-delicate","10":"product_tag-lait-solaire-facile-application","11":"product_tag-lait-solaire-haute-protection","12":"product_tag-mustela-40ml","13":"product_tag-mustela-lait-solaire","14":"product_tag-mustela-maroc","15":"product_tag-protection-solaire-bebe","16":"product_tag-protection-solaire-quotidienne","17":"product_tag-protection-uv-enfants","18":"product_tag-soin-peau-fragile","19":"product_tag-soin-peau-sensible","20":"product_tag-solaire-bebe-securite","21":"product_tag-spf-50","23":"first","24":"instock","25":"sale","26":"taxable","27":"shipping-taxable","28":"purchasable","29":"product-type-simple"},"yoast_head":"<!-- This site is optimized with the Yoast SEO plugin v27.4 - https:\/\/yoast.com\/product\/yoast-seo-wordpress\/ -->\n<title>Mustela Lait Solaire tr\u00e8s haute protection SPF 50+ - Maroc Prix<\/title>\n<meta name=\"description\" content=\"Mustela Lait Solaire Tr\u00e8s Haute Protection SPF 50+ 40\u202fml, prot\u00e8ge efficacement la peau sensible des b\u00e9b\u00e9s et enfants contre les rayons UV tout en hydratant.\" \/>\n<meta name=\"robots\" content=\"index, follow, max-snippet:-1, max-image-preview:large, max-video-preview:-1\" \/>\n<link rel=\"canonical\" href=\"https:\/\/vitablanca.ma\/ar\/product-2\/mustela-lait-solaire-tres-haute-protection-spf-50-40ml\/\" \/>\n<meta property=\"og:locale\" content=\"ar_AR\" \/>\n<meta property=\"og:type\" content=\"article\" \/>\n<meta property=\"og:title\" content=\"Mustela Lait Solaire tr\u00e8s haute protection SPF 50+ - Maroc Prix\" \/>\n<meta property=\"og:description\" content=\"Mustela Lait Solaire Tr\u00e8s Haute Protection SPF 50+ 40\u202fml, prot\u00e8ge efficacement la peau sensible des b\u00e9b\u00e9s et enfants contre les rayons UV tout en hydratant.\" \/>\n<meta property=\"og:url\" content=\"https:\/\/vitablanca.ma\/ar\/product-2\/mustela-lait-solaire-tres-haute-protection-spf-50-40ml\/\" \/>\n<meta property=\"og:site_name\" content=\"Vitablanca.ma &ndash; Sant&eacute;, vitalit&eacute; et bien-&ecirc;tre pour tous les Marocains\" \/>\n<meta property=\"article:publisher\" content=\"https:\/\/www.facebook.com\/profile.php?id=61576678196717\" \/>\n<meta property=\"article:modified_time\" content=\"2026-02-23T01:18:43+00:00\" \/>\n<meta property=\"og:image\" content=\"https:\/\/vitablanca.ma\/wp-content\/uploads\/2025\/06\/mustelaecran.jpg\" \/>\n\t<meta property=\"og:image:width\" content=\"800\" \/>\n\t<meta property=\"og:image:height\" content=\"1000\" \/>\n\t<meta property=\"og:image:type\" content=\"image\/jpeg\" \/>\n<meta name=\"twitter:card\" content=\"summary_large_image\" \/>\n<meta name=\"twitter:label1\" content=\"\u0648\u0642\u062a \u0627\u0644\u0642\u0631\u0627\u0621\u0629 \u0627\u0644\u0645\u064f\u0642\u062f\u0651\u0631\" \/>\n\t<meta name=\"twitter:data1\" content=\"\u062f\u0642\u064a\u0642\u062a\u0627\u0646\" \/>\n<script type=\"application\/ld+json\" class=\"yoast-schema-graph\">{\"@context\":\"https:\\\/\\\/schema.org\",\"@graph\":[{\"@type\":[\"WebPage\",\"ItemPage\"],\"@id\":\"https:\\\/\\\/vitablanca.ma\\\/produit\\\/mustela-lait-solaire-tres-haute-protection-spf-50-40ml\\\/\",\"url\":\"https:\\\/\\\/vitablanca.ma\\\/produit\\\/mustela-lait-solaire-tres-haute-protection-spf-50-40ml\\\/\",\"name\":\"Mustela Lait Solaire tr\u00e8s haute protection SPF 50+ - Maroc Prix\",\"isPartOf\":{\"@id\":\"https:\\\/\\\/vitablanca.ma\\\/#website\"},\"primaryImageOfPage\":{\"@id\":\"https:\\\/\\\/vitablanca.ma\\\/produit\\\/mustela-lait-solaire-tres-haute-protection-spf-50-40ml\\\/#primaryimage\"},\"image\":{\"@id\":\"https:\\\/\\\/vitablanca.ma\\\/produit\\\/mustela-lait-solaire-tres-haute-protection-spf-50-40ml\\\/#primaryimage\"},\"thumbnailUrl\":\"https:\\\/\\\/vitablanca.ma\\\/wp-content\\\/uploads\\\/2025\\\/06\\\/mustelaecran.jpg\",\"datePublished\":\"2025-06-10T18:37:15+00:00\",\"dateModified\":\"2026-02-23T01:18:43+00:00\",\"description\":\"Mustela Lait Solaire Tr\u00e8s Haute Protection SPF 50+ 40\u202fml, prot\u00e8ge efficacement la peau sensible des b\u00e9b\u00e9s et enfants contre les rayons UV tout en hydratant.\",\"breadcrumb\":{\"@id\":\"https:\\\/\\\/vitablanca.ma\\\/produit\\\/mustela-lait-solaire-tres-haute-protection-spf-50-40ml\\\/#breadcrumb\"},\"inLanguage\":\"ar\",\"potentialAction\":[{\"@type\":\"ReadAction\",\"target\":[\"https:\\\/\\\/vitablanca.ma\\\/produit\\\/mustela-lait-solaire-tres-haute-protection-spf-50-40ml\\\/\"]}]},{\"@type\":\"ImageObject\",\"inLanguage\":\"ar\",\"@id\":\"https:\\\/\\\/vitablanca.ma\\\/produit\\\/mustela-lait-solaire-tres-haute-protection-spf-50-40ml\\\/#primaryimage\",\"url\":\"https:\\\/\\\/vitablanca.ma\\\/wp-content\\\/uploads\\\/2025\\\/06\\\/mustelaecran.jpg\",\"contentUrl\":\"https:\\\/\\\/vitablanca.ma\\\/wp-content\\\/uploads\\\/2025\\\/06\\\/mustelaecran.jpg\",\"width\":800,\"height\":1000},{\"@type\":\"BreadcrumbList\",\"@id\":\"https:\\\/\\\/vitablanca.ma\\\/produit\\\/mustela-lait-solaire-tres-haute-protection-spf-50-40ml\\\/#breadcrumb\",\"itemListElement\":[{\"@type\":\"ListItem\",\"position\":1,\"name\":\"Home\",\"item\":\"https:\\\/\\\/vitablanca.ma\\\/\"},{\"@type\":\"ListItem\",\"position\":2,\"name\":\"Tous Les Produits\",\"item\":\"https:\\\/\\\/vitablanca.ma\\\/tous-les-produits\\\/\"},{\"@type\":\"ListItem\",\"position\":3,\"name\":\"Mustela Lait Solaire tr\u00e8s haute protection SPF 50+ 40ml\"}]},{\"@type\":\"WebSite\",\"@id\":\"https:\\\/\\\/vitablanca.ma\\\/#website\",\"url\":\"https:\\\/\\\/vitablanca.ma\\\/\",\"name\":\"VitaBlanca.ma | Compl\u00e9ments alimentaires, sant\u00e9 & beaut\u00e9 au Maroc\",\"description\":\"vendre vitamines et compl\u00e9ments premium des USA &amp; Canada, Nouvelle Z\u00e9lande,Maroc (NOW Foods, Solgar, Manuka). Livraison rapide partout au Maroc.\",\"publisher\":{\"@id\":\"https:\\\/\\\/vitablanca.ma\\\/#organization\"},\"alternateName\":\"VitaBlanca.ma\",\"potentialAction\":[{\"@type\":\"SearchAction\",\"target\":{\"@type\":\"EntryPoint\",\"urlTemplate\":\"https:\\\/\\\/vitablanca.ma\\\/?s={search_term_string}\"},\"query-input\":{\"@type\":\"PropertyValueSpecification\",\"valueRequired\":true,\"valueName\":\"search_term_string\"}}],\"inLanguage\":\"ar\"},{\"@type\":\"Organization\",\"@id\":\"https:\\\/\\\/vitablanca.ma\\\/#organization\",\"name\":\"VitaBlanca\",\"url\":\"https:\\\/\\\/vitablanca.ma\\\/\",\"logo\":{\"@type\":\"ImageObject\",\"inLanguage\":\"ar\",\"@id\":\"https:\\\/\\\/vitablanca.ma\\\/#\\\/schema\\\/logo\\\/image\\\/\",\"url\":\"https:\\\/\\\/vitablanca.ma\\\/wp-content\\\/uploads\\\/2025\\\/05\\\/cropped-vitablanca.png\",\"contentUrl\":\"https:\\\/\\\/vitablanca.ma\\\/wp-content\\\/uploads\\\/2025\\\/05\\\/cropped-vitablanca.png\",\"width\":360,\"height\":67,\"caption\":\"VitaBlanca\"},\"image\":{\"@id\":\"https:\\\/\\\/vitablanca.ma\\\/#\\\/schema\\\/logo\\\/image\\\/\"},\"sameAs\":[\"https:\\\/\\\/www.facebook.com\\\/profile.php?id=61576678196717\",\"https:\\\/\\\/www.tiktok.com\\\/@vitablanca.ma\",\"https:\\\/\\\/www.instagram.com\\\/vitablanca.ma\\\/\"]}]}<\/script>\n<!-- \/ Yoast SEO plugin. -->","yoast_head_json":{"title":"Mustela Lait Solaire tr\u00e8s haute protection SPF 50+ - Maroc Prix","description":"Mustela Lait Solaire Tr\u00e8s Haute Protection SPF 50+ 40\u202fml, prot\u00e8ge efficacement la peau sensible des b\u00e9b\u00e9s et enfants contre les rayons UV tout en hydratant.","robots":{"index":"index","follow":"follow","max-snippet":"max-snippet:-1","max-image-preview":"max-image-preview:large","max-video-preview":"max-video-preview:-1"},"canonical":"https:\/\/vitablanca.ma\/ar\/product-2\/mustela-lait-solaire-tres-haute-protection-spf-50-40ml\/","og_locale":"ar_AR","og_type":"article","og_title":"Mustela Lait Solaire tr\u00e8s haute protection SPF 50+ - Maroc Prix","og_description":"Mustela Lait Solaire Tr\u00e8s Haute Protection SPF 50+ 40\u202fml, prot\u00e8ge efficacement la peau sensible des b\u00e9b\u00e9s et enfants contre les rayons UV tout en hydratant.","og_url":"https:\/\/vitablanca.ma\/ar\/product-2\/mustela-lait-solaire-tres-haute-protection-spf-50-40ml\/","og_site_name":"Vitablanca.ma &ndash; Sant&eacute;, vitalit&eacute; et bien-&ecirc;tre pour tous les Marocains","article_publisher":"https:\/\/www.facebook.com\/profile.php?id=61576678196717","article_modified_time":"2026-02-23T01:18:43+00:00","og_image":[{"width":800,"height":1000,"url":"https:\/\/vitablanca.ma\/wp-content\/uploads\/2025\/06\/mustelaecran.jpg","type":"image\/jpeg"}],"twitter_card":"summary_large_image","twitter_misc":{"\u0648\u0642\u062a \u0627\u0644\u0642\u0631\u0627\u0621\u0629 \u0627\u0644\u0645\u064f\u0642\u062f\u0651\u0631":"\u062f\u0642\u064a\u0642\u062a\u0627\u0646"},"schema":{"@context":"https:\/\/schema.org","@graph":[{"@type":["WebPage","ItemPage"],"@id":"https:\/\/vitablanca.ma\/produit\/mustela-lait-solaire-tres-haute-protection-spf-50-40ml\/","url":"https:\/\/vitablanca.ma\/produit\/mustela-lait-solaire-tres-haute-protection-spf-50-40ml\/","name":"Mustela Lait Solaire tr\u00e8s haute protection SPF 50+ - Maroc Prix","isPartOf":{"@id":"https:\/\/vitablanca.ma\/#website"},"primaryImageOfPage":{"@id":"https:\/\/vitablanca.ma\/produit\/mustela-lait-solaire-tres-haute-protection-spf-50-40ml\/#primaryimage"},"image":{"@id":"https:\/\/vitablanca.ma\/produit\/mustela-lait-solaire-tres-haute-protection-spf-50-40ml\/#primaryimage"},"thumbnailUrl":"https:\/\/vitablanca.ma\/wp-content\/uploads\/2025\/06\/mustelaecran.jpg","datePublished":"2025-06-10T18:37:15+00:00","dateModified":"2026-02-23T01:18:43+00:00","description":"Mustela Lait Solaire Tr\u00e8s Haute Protection SPF 50+ 40\u202fml, prot\u00e8ge efficacement la peau sensible des b\u00e9b\u00e9s et enfants contre les rayons UV tout en hydratant.","breadcrumb":{"@id":"https:\/\/vitablanca.ma\/produit\/mustela-lait-solaire-tres-haute-protection-spf-50-40ml\/#breadcrumb"},"inLanguage":"ar","potentialAction":[{"@type":"ReadAction","target":["https:\/\/vitablanca.ma\/produit\/mustela-lait-solaire-tres-haute-protection-spf-50-40ml\/"]}]},{"@type":"ImageObject","inLanguage":"ar","@id":"https:\/\/vitablanca.ma\/produit\/mustela-lait-solaire-tres-haute-protection-spf-50-40ml\/#primaryimage","url":"https:\/\/vitablanca.ma\/wp-content\/uploads\/2025\/06\/mustelaecran.jpg","contentUrl":"https:\/\/vitablanca.ma\/wp-content\/uploads\/2025\/06\/mustelaecran.jpg","width":800,"height":1000},{"@type":"BreadcrumbList","@id":"https:\/\/vitablanca.ma\/produit\/mustela-lait-solaire-tres-haute-protection-spf-50-40ml\/#breadcrumb","itemListElement":[{"@type":"ListItem","position":1,"name":"Home","item":"https:\/\/vitablanca.ma\/"},{"@type":"ListItem","position":2,"name":"Tous Les Produits","item":"https:\/\/vitablanca.ma\/tous-les-produits\/"},{"@type":"ListItem","position":3,"name":"Mustela Lait Solaire tr\u00e8s haute protection SPF 50+ 40ml"}]},{"@type":"WebSite","@id":"https:\/\/vitablanca.ma\/#website","url":"https:\/\/vitablanca.ma\/","name":"VitaBlanca.ma | \u0627\u0644\u0645\u0643\u0645\u0644\u0627\u062a \u0627\u0644\u063a\u0630\u0627\u0626\u064a\u0629\u060c \u0627\u0644\u0635\u062d\u0629 \u0648\u0627\u0644\u062c\u0645\u0627\u0644 \u0641\u064a \u0627\u0644\u0645\u063a\u0631\u0628","description":"\u0646\u0628\u064a\u0639 \u0641\u064a\u062a\u0627\u0645\u064a\u0646\u0627\u062a \u0648\u0645\u0643\u0645\u0644\u0627\u062a \u063a\u0630\u0627\u0626\u064a\u0629 \u0641\u0627\u062e\u0631\u0629 \u0645\u0646 \u0627\u0644\u0648\u0644\u0627\u064a\u0627\u062a \u0627\u0644\u0645\u062a\u062d\u062f\u0629 \u0627\u0644\u0623\u0645\u0631\u064a\u0643\u064a\u0629 \u0648\u0643\u0646\u062f\u0627 \u0648\u0646\u064a\u0648\u0632\u064a\u0644\u0646\u062f\u0627 \u0648\u0627\u0644\u0645\u063a\u0631\u0628 (\u0646\u0627\u0648 \u0641\u0648\u062f\u0632\u060c \u0633\u0648\u0644\u062c\u0627\u0631\u060c \u0645\u0627\u0646\u0648\u0643\u0627). \u062a\u0648\u0635\u064a\u0644 \u0633\u0631\u064a\u0639 \u0625\u0644\u0649 \u062c\u0645\u064a\u0639 \u0623\u0646\u062d\u0627\u0621 \u0627\u0644\u0645\u063a\u0631\u0628.","publisher":{"@id":"https:\/\/vitablanca.ma\/#organization"},"alternateName":"VitaBlanca.ma","potentialAction":[{"@type":"SearchAction","target":{"@type":"EntryPoint","urlTemplate":"https:\/\/vitablanca.ma\/?s={search_term_string}"},"query-input":{"@type":"PropertyValueSpecification","valueRequired":true,"valueName":"search_term_string"}}],"inLanguage":"ar"},{"@type":"Organization","@id":"https:\/\/vitablanca.ma\/#organization","name":"\u0641\u064a\u062a\u0627\u0628\u0644\u0627\u0646\u0643\u0627","url":"https:\/\/vitablanca.ma\/","logo":{"@type":"ImageObject","inLanguage":"ar","@id":"https:\/\/vitablanca.ma\/#\/schema\/logo\/image\/","url":"https:\/\/vitablanca.ma\/wp-content\/uploads\/2025\/05\/cropped-vitablanca.png","contentUrl":"https:\/\/vitablanca.ma\/wp-content\/uploads\/2025\/05\/cropped-vitablanca.png","width":360,"height":67,"caption":"VitaBlanca"},"image":{"@id":"https:\/\/vitablanca.ma\/#\/schema\/logo\/image\/"},"sameAs":["https:\/\/www.facebook.com\/profile.php?id=61576678196717","https:\/\/www.tiktok.com\/@vitablanca.ma","https:\/\/www.instagram.com\/vitablanca.ma\/"]}]}},"jetpack_sharing_enabled":true,"_links":{"self":[{"href":"https:\/\/vitablanca.ma\/ar\/wp-json\/wp\/v2\/product\/20491","targetHints":{"allow":["GET"]}}],"collection":[{"href":"https:\/\/vitablanca.ma\/ar\/wp-json\/wp\/v2\/product"}],"about":[{"href":"https:\/\/vitablanca.ma\/ar\/wp-json\/wp\/v2\/types\/product"}],"wp:featuredmedia":[{"embeddable":true,"href":"https:\/\/vitablanca.ma\/ar\/wp-json\/wp\/v2\/media\/20487"}],"wp:attachment":[{"href":"https:\/\/vitablanca.ma\/ar\/wp-json\/wp\/v2\/media?parent=20491"}],"wp:term":[{"taxonomy":"product_brand","embeddable":true,"href":"https:\/\/vitablanca.ma\/ar\/wp-json\/wp\/v2\/product_brand?post=20491"},{"taxonomy":"product_cat","embeddable":true,"href":"https:\/\/vitablanca.ma\/ar\/wp-json\/wp\/v2\/product_cat?post=20491"},{"taxonomy":"product_tag","embeddable":true,"href":"https:\/\/vitablanca.ma\/ar\/wp-json\/wp\/v2\/product_tag?post=20491"}],"curies":[{"name":"wp","href":"https:\/\/api.w.org\/{rel}","templated":true}]}}