{"id":20489,"date":"2025-06-10T18:37:14","date_gmt":"2025-06-10T18:37:14","guid":{"rendered":"https:\/\/vitablanca.ma\/product\/manix-super-6-preservatifs\/"},"modified":"2026-02-23T01:20:45","modified_gmt":"2026-02-23T01:20:45","slug":"manix-super-6-preservatifs","status":"publish","type":"product","link":"https:\/\/vitablanca.ma\/ar\/product-2\/manix-super-6-preservatifs\/","title":{"rendered":"Manix Super 6 Pr\u00e9servatifs"},"content":{"rendered":"<h2 data-mce-fragment=\"1\"><span data-mce-fragment=\"1\">Manix Super\u00a0convient \u00e0 toutes les situations pour un prix \u00e9conomique.<\/span><\/h2>\n<div class=\"text\" data-mce-fragment=\"1\">\n<p>Manix Super est un pr\u00e9servatif classique qui convient \u00e0 toutes les situations.<br data-mce-fragment=\"1\" \/>Le plaisir en toute s\u00e9curit\u00e9.<br data-mce-fragment=\"1\" \/>\u062a\u0645 \u0627\u062e\u062a\u0628\u0627\u0631\u0647 \u0625\u0644\u0643\u062a\u0631\u0648\u0646\u064a\u064b\u0627 \u0648\u0641\u0642\u064b\u0627 \u0644\u0645\u0639\u064a\u0627\u0631 100%\u060c \u0648\u064a\u0639\u0631\u0636 \u0623\u0639\u0644\u0649 \u0627\u0644\u0645\u0639\u0627\u064a\u064a\u0631 \u0627\u0644\u0635\u0627\u0631\u0645\u0629 \u0644\u0631\u0627\u062d\u0629 \u0628\u0627\u0644\u0643.<\/p>\n<ul data-mce-fragment=\"1\">\n<li data-mce-fragment=\"1\">Pr\u00e9servatif fin<\/li>\n<li data-mce-fragment=\"1\">Lubrifi\u00e9 avec r\u00e9servoir<\/li>\n<li data-mce-fragment=\"1\">Dimensions : longueur 177 mm \/ largeur 52 mm<\/li>\n<\/ul>\n<p>Disponible en boite de 12, 24 ou 144 pr\u00e9servatifs.<\/p>\n<h3 data-mce-fragment=\"1\">ACHAT DE PR\u00c9SERVATIFS MANIX SUPER<\/h3>\n<p>Pour ressentir un maximum de sensations entre les 2 partenaires, les condoms Manix et Skyn sont toujours plus fins. Et pour un maximum de plaisir, certains pr\u00e9servatifs Manix et Skyn sont recouvert de perles et de nervures. Evidemment toute la gamme respecte la norme CE. Ceux qui ont achet\u00e9s MANIX Super appr\u00e9cient son extr\u00eame finesse et les sensations qu&rsquo;il procure. Consultez nos tests clients sur MANIX Super et comparez nos offres en Les Pr\u00e9servatifs Manix et SKYN.<\/p>\n<h3 data-mce-fragment=\"1\">MANIX, LA FINESSE DU PR\u00c9SERVATIF POUR PLUS DE PLAISIR<\/h3>\n<p>\u062a\u0623\u0633\u0633\u062a \u0641\u064a \u0639\u0627\u0645 1987\u060c<span data-mce-fragment=\"1\">\u00a0<\/span>\u0645\u0627\u0631\u0643\u0629 \u0645\u0627\u0646\u064a\u0643\u0633<span data-mce-fragment=\"1\">\u00a0<\/span>est connue depuis ses d\u00e9buts pour la finesse de ses pr\u00e9servatifs. Le Manix Infini 002 lanc\u00e9 dans les ann\u00e9es 90 \u00e9tait le pr\u00e9servatif le plus fin du march\u00e9. Manix devient populaire gr\u00e2ce \u00e0 des spots publicitaires d\u00e9cal\u00e9s. En 1992, Manix lance le premier le premier preservatif en latex d\u00e9prot\u00e9inis\u00e9 : il contient moins de prot\u00e9ines de latex, celles qui provoquent l\u2019allergie chez les personnes allergiques. Les pr\u00e9servatifs Manix sont fabriqu\u00e9s dans les usines ultra modernes du groupe Lifestyles, n\u00b02 mondial du preservatif qui poss\u00e8de aussi la marques Skyn. D\u00e9couvre aussi gels lubrifiants MANIX adapt\u00e9s \u00e0 tous les plaisirs.<\/p>\n<\/div>\n<ul class=\"productSpecifications\" data-mce-fragment=\"1\">\n<li data-mce-fragment=\"1\">Longueur : 177mm<\/li>\n<li data-mce-fragment=\"1\">Largeur : 52mm<\/li>\n<li data-mce-fragment=\"1\">\u00c9paisseur : 55 microns<\/li>\n<li data-mce-fragment=\"1\">\u0627\u0644\u0645\u0648\u0627\u062f: \u0627\u0644\u0644\u0627\u062a\u0643\u0633<\/li>\n<li data-mce-fragment=\"1\">Surface : Lisse<\/li>\n<li data-mce-fragment=\"1\">\u0627\u0644\u062e\u0632\u0627\u0646: \u0646\u0639\u0645<\/li>\n<li data-mce-fragment=\"1\">\u0645\u0634\u062d\u0645: \u0646\u0639\u0645<\/li>\n<li data-mce-fragment=\"1\">Norme : CE &amp; NF<\/li>\n<li data-mce-fragment=\"1\">\u0627\u0644\u0644\u0648\u0646: \u0634\u0641\u0627\u0641<\/li>\n<li data-mce-fragment=\"1\">Contenance : 6 \/ 14 \/28 \/144<\/li>\n<\/ul>","protected":false},"excerpt":{"rendered":"<p>Manix Super\u00a0convient \u00e0 toutes les situations pour un prix \u00e9conomique. Manix Super est un pr\u00e9servatif classique qui convient \u00e0 toutes les situations.Le plaisir en toute s\u00e9curit\u00e9.Test\u00e9 \u00e9lectroniquement \u00e0 100%, il affiche les normes les plus exigeantes pour votre s\u00e9r\u00e9nit\u00e9. Pr\u00e9servatif fin Lubrifi\u00e9 avec r\u00e9servoir Dimensions : longueur 177 mm \/ largeur 52 mm Disponible en [&hellip;]<\/p>\n","protected":false},"featured_media":20478,"template":"","meta":{"om_disable_all_campaigns":false},"product_brand":[5519],"product_cat":[15],"product_tag":[5523,5520,5522,5527,5528,5521,5524,5526,5525],"class_list":{"0":"post-20489","1":"product","2":"type-product","3":"status-publish","4":"has-post-thumbnail","6":"product_brand-manix-maroc-prix","7":"product_cat-beaute-sante-complements-alimentaires-soins-et-bien-etre-au-meilleur-prix","8":"product_tag-acheter-manix-maroc","9":"product_tag-manix-maroc","10":"product_tag-manix-original-maroc","11":"product_tag-manix-prix-maroc","12":"product_tag-marque-manix-maroc","13":"product_tag-preservatif-manix-maroc","14":"product_tag-preservatifs-maroc","15":"product_tag-protection-intime-maroc","16":"product_tag-sexualite-responsable-maroc","18":"first","19":"instock","20":"sale","21":"taxable","22":"shipping-taxable","23":"purchasable","24":"product-type-simple"},"yoast_head":"<!-- This site is optimized with the Yoast SEO plugin v27.4 - https:\/\/yoast.com\/product\/yoast-seo-wordpress\/ -->\n<title>Manix Super 6 Pr\u00e9servatifs - Maroc Prix<\/title>\n<meta name=\"description\" content=\"Manix Super 6 Pr\u00e9servatifs, pr\u00e9servatifs ultra-fins et lubrifi\u00e9s. Protection fiable et confort optimal pour des moments intimes s\u00fbrs et agr\u00e9ables.\" \/>\n<meta name=\"robots\" content=\"index, follow, max-snippet:-1, max-image-preview:large, max-video-preview:-1\" \/>\n<link rel=\"canonical\" href=\"https:\/\/vitablanca.ma\/ar\/product-2\/manix-super-6-preservatifs\/\" \/>\n<meta property=\"og:locale\" content=\"ar_AR\" \/>\n<meta property=\"og:type\" content=\"article\" \/>\n<meta property=\"og:title\" content=\"Manix Super 6 Pr\u00e9servatifs - Maroc Prix\" \/>\n<meta property=\"og:description\" content=\"Manix Super 6 Pr\u00e9servatifs, pr\u00e9servatifs ultra-fins et lubrifi\u00e9s. Protection fiable et confort optimal pour des moments intimes s\u00fbrs et agr\u00e9ables.\" \/>\n<meta property=\"og:url\" content=\"https:\/\/vitablanca.ma\/ar\/product-2\/manix-super-6-preservatifs\/\" \/>\n<meta property=\"og:site_name\" content=\"Vitablanca.ma &ndash; Sant&eacute;, vitalit&eacute; et bien-&ecirc;tre pour tous les Marocains\" \/>\n<meta property=\"article:publisher\" content=\"https:\/\/www.facebook.com\/profile.php?id=61576678196717\" \/>\n<meta property=\"article:modified_time\" content=\"2026-02-23T01:20:45+00:00\" \/>\n<meta property=\"og:image\" content=\"https:\/\/vitablanca.ma\/wp-content\/uploads\/2025\/06\/Manix-Super-6-Preservatifs-nova-parapharmacie-maroc.png\" \/>\n\t<meta property=\"og:image:width\" content=\"1000\" \/>\n\t<meta property=\"og:image:height\" content=\"1000\" \/>\n\t<meta property=\"og:image:type\" content=\"image\/png\" \/>\n<meta name=\"twitter:card\" content=\"summary_large_image\" \/>\n<meta name=\"twitter:label1\" content=\"\u0648\u0642\u062a \u0627\u0644\u0642\u0631\u0627\u0621\u0629 \u0627\u0644\u0645\u064f\u0642\u062f\u0651\u0631\" \/>\n\t<meta name=\"twitter:data1\" content=\"\u062f\u0642\u064a\u0642\u062a\u0627\u0646\" \/>\n<script type=\"application\/ld+json\" class=\"yoast-schema-graph\">{\"@context\":\"https:\\\/\\\/schema.org\",\"@graph\":[{\"@type\":[\"WebPage\",\"ItemPage\"],\"@id\":\"https:\\\/\\\/vitablanca.ma\\\/produit\\\/manix-super-6-preservatifs\\\/\",\"url\":\"https:\\\/\\\/vitablanca.ma\\\/produit\\\/manix-super-6-preservatifs\\\/\",\"name\":\"Manix Super 6 Pr\u00e9servatifs - Maroc Prix\",\"isPartOf\":{\"@id\":\"https:\\\/\\\/vitablanca.ma\\\/#website\"},\"primaryImageOfPage\":{\"@id\":\"https:\\\/\\\/vitablanca.ma\\\/produit\\\/manix-super-6-preservatifs\\\/#primaryimage\"},\"image\":{\"@id\":\"https:\\\/\\\/vitablanca.ma\\\/produit\\\/manix-super-6-preservatifs\\\/#primaryimage\"},\"thumbnailUrl\":\"https:\\\/\\\/vitablanca.ma\\\/wp-content\\\/uploads\\\/2025\\\/06\\\/Manix-Super-6-Preservatifs-nova-parapharmacie-maroc.png\",\"datePublished\":\"2025-06-10T18:37:14+00:00\",\"dateModified\":\"2026-02-23T01:20:45+00:00\",\"description\":\"Manix Super 6 Pr\u00e9servatifs, pr\u00e9servatifs ultra-fins et lubrifi\u00e9s. Protection fiable et confort optimal pour des moments intimes s\u00fbrs et agr\u00e9ables.\",\"breadcrumb\":{\"@id\":\"https:\\\/\\\/vitablanca.ma\\\/produit\\\/manix-super-6-preservatifs\\\/#breadcrumb\"},\"inLanguage\":\"ar\",\"potentialAction\":[{\"@type\":\"ReadAction\",\"target\":[\"https:\\\/\\\/vitablanca.ma\\\/produit\\\/manix-super-6-preservatifs\\\/\"]}]},{\"@type\":\"ImageObject\",\"inLanguage\":\"ar\",\"@id\":\"https:\\\/\\\/vitablanca.ma\\\/produit\\\/manix-super-6-preservatifs\\\/#primaryimage\",\"url\":\"https:\\\/\\\/vitablanca.ma\\\/wp-content\\\/uploads\\\/2025\\\/06\\\/Manix-Super-6-Preservatifs-nova-parapharmacie-maroc.png\",\"contentUrl\":\"https:\\\/\\\/vitablanca.ma\\\/wp-content\\\/uploads\\\/2025\\\/06\\\/Manix-Super-6-Preservatifs-nova-parapharmacie-maroc.png\",\"width\":1000,\"height\":1000},{\"@type\":\"BreadcrumbList\",\"@id\":\"https:\\\/\\\/vitablanca.ma\\\/produit\\\/manix-super-6-preservatifs\\\/#breadcrumb\",\"itemListElement\":[{\"@type\":\"ListItem\",\"position\":1,\"name\":\"Home\",\"item\":\"https:\\\/\\\/vitablanca.ma\\\/\"},{\"@type\":\"ListItem\",\"position\":2,\"name\":\"Tous Les Produits\",\"item\":\"https:\\\/\\\/vitablanca.ma\\\/tous-les-produits\\\/\"},{\"@type\":\"ListItem\",\"position\":3,\"name\":\"Manix Super 6 Pr\u00e9servatifs\"}]},{\"@type\":\"WebSite\",\"@id\":\"https:\\\/\\\/vitablanca.ma\\\/#website\",\"url\":\"https:\\\/\\\/vitablanca.ma\\\/\",\"name\":\"VitaBlanca.ma | Compl\u00e9ments alimentaires, sant\u00e9 & beaut\u00e9 au Maroc\",\"description\":\"vendre vitamines et compl\u00e9ments premium des USA &amp; Canada, Nouvelle Z\u00e9lande,Maroc (NOW Foods, Solgar, Manuka). Livraison rapide partout au Maroc.\",\"publisher\":{\"@id\":\"https:\\\/\\\/vitablanca.ma\\\/#organization\"},\"alternateName\":\"VitaBlanca.ma\",\"potentialAction\":[{\"@type\":\"SearchAction\",\"target\":{\"@type\":\"EntryPoint\",\"urlTemplate\":\"https:\\\/\\\/vitablanca.ma\\\/?s={search_term_string}\"},\"query-input\":{\"@type\":\"PropertyValueSpecification\",\"valueRequired\":true,\"valueName\":\"search_term_string\"}}],\"inLanguage\":\"ar\"},{\"@type\":\"Organization\",\"@id\":\"https:\\\/\\\/vitablanca.ma\\\/#organization\",\"name\":\"VitaBlanca\",\"url\":\"https:\\\/\\\/vitablanca.ma\\\/\",\"logo\":{\"@type\":\"ImageObject\",\"inLanguage\":\"ar\",\"@id\":\"https:\\\/\\\/vitablanca.ma\\\/#\\\/schema\\\/logo\\\/image\\\/\",\"url\":\"https:\\\/\\\/vitablanca.ma\\\/wp-content\\\/uploads\\\/2025\\\/05\\\/cropped-vitablanca.png\",\"contentUrl\":\"https:\\\/\\\/vitablanca.ma\\\/wp-content\\\/uploads\\\/2025\\\/05\\\/cropped-vitablanca.png\",\"width\":360,\"height\":67,\"caption\":\"VitaBlanca\"},\"image\":{\"@id\":\"https:\\\/\\\/vitablanca.ma\\\/#\\\/schema\\\/logo\\\/image\\\/\"},\"sameAs\":[\"https:\\\/\\\/www.facebook.com\\\/profile.php?id=61576678196717\",\"https:\\\/\\\/www.tiktok.com\\\/@vitablanca.ma\",\"https:\\\/\\\/www.instagram.com\\\/vitablanca.ma\\\/\"]}]}<\/script>\n<!-- \/ Yoast SEO plugin. -->","yoast_head_json":{"title":"Manix Super 6 Pr\u00e9servatifs - Maroc Prix","description":"Manix Super 6 Pr\u00e9servatifs, pr\u00e9servatifs ultra-fins et lubrifi\u00e9s. Protection fiable et confort optimal pour des moments intimes s\u00fbrs et agr\u00e9ables.","robots":{"index":"index","follow":"follow","max-snippet":"max-snippet:-1","max-image-preview":"max-image-preview:large","max-video-preview":"max-video-preview:-1"},"canonical":"https:\/\/vitablanca.ma\/ar\/product-2\/manix-super-6-preservatifs\/","og_locale":"ar_AR","og_type":"article","og_title":"Manix Super 6 Pr\u00e9servatifs - Maroc Prix","og_description":"Manix Super 6 Pr\u00e9servatifs, pr\u00e9servatifs ultra-fins et lubrifi\u00e9s. Protection fiable et confort optimal pour des moments intimes s\u00fbrs et agr\u00e9ables.","og_url":"https:\/\/vitablanca.ma\/ar\/product-2\/manix-super-6-preservatifs\/","og_site_name":"Vitablanca.ma &ndash; Sant&eacute;, vitalit&eacute; et bien-&ecirc;tre pour tous les Marocains","article_publisher":"https:\/\/www.facebook.com\/profile.php?id=61576678196717","article_modified_time":"2026-02-23T01:20:45+00:00","og_image":[{"width":1000,"height":1000,"url":"https:\/\/vitablanca.ma\/wp-content\/uploads\/2025\/06\/Manix-Super-6-Preservatifs-nova-parapharmacie-maroc.png","type":"image\/png"}],"twitter_card":"summary_large_image","twitter_misc":{"\u0648\u0642\u062a \u0627\u0644\u0642\u0631\u0627\u0621\u0629 \u0627\u0644\u0645\u064f\u0642\u062f\u0651\u0631":"\u062f\u0642\u064a\u0642\u062a\u0627\u0646"},"schema":{"@context":"https:\/\/schema.org","@graph":[{"@type":["WebPage","ItemPage"],"@id":"https:\/\/vitablanca.ma\/produit\/manix-super-6-preservatifs\/","url":"https:\/\/vitablanca.ma\/produit\/manix-super-6-preservatifs\/","name":"Manix Super 6 Pr\u00e9servatifs - Maroc Prix","isPartOf":{"@id":"https:\/\/vitablanca.ma\/#website"},"primaryImageOfPage":{"@id":"https:\/\/vitablanca.ma\/produit\/manix-super-6-preservatifs\/#primaryimage"},"image":{"@id":"https:\/\/vitablanca.ma\/produit\/manix-super-6-preservatifs\/#primaryimage"},"thumbnailUrl":"https:\/\/vitablanca.ma\/wp-content\/uploads\/2025\/06\/Manix-Super-6-Preservatifs-nova-parapharmacie-maroc.png","datePublished":"2025-06-10T18:37:14+00:00","dateModified":"2026-02-23T01:20:45+00:00","description":"Manix Super 6 Pr\u00e9servatifs, pr\u00e9servatifs ultra-fins et lubrifi\u00e9s. Protection fiable et confort optimal pour des moments intimes s\u00fbrs et agr\u00e9ables.","breadcrumb":{"@id":"https:\/\/vitablanca.ma\/produit\/manix-super-6-preservatifs\/#breadcrumb"},"inLanguage":"ar","potentialAction":[{"@type":"ReadAction","target":["https:\/\/vitablanca.ma\/produit\/manix-super-6-preservatifs\/"]}]},{"@type":"ImageObject","inLanguage":"ar","@id":"https:\/\/vitablanca.ma\/produit\/manix-super-6-preservatifs\/#primaryimage","url":"https:\/\/vitablanca.ma\/wp-content\/uploads\/2025\/06\/Manix-Super-6-Preservatifs-nova-parapharmacie-maroc.png","contentUrl":"https:\/\/vitablanca.ma\/wp-content\/uploads\/2025\/06\/Manix-Super-6-Preservatifs-nova-parapharmacie-maroc.png","width":1000,"height":1000},{"@type":"BreadcrumbList","@id":"https:\/\/vitablanca.ma\/produit\/manix-super-6-preservatifs\/#breadcrumb","itemListElement":[{"@type":"ListItem","position":1,"name":"Home","item":"https:\/\/vitablanca.ma\/"},{"@type":"ListItem","position":2,"name":"Tous Les Produits","item":"https:\/\/vitablanca.ma\/tous-les-produits\/"},{"@type":"ListItem","position":3,"name":"Manix Super 6 Pr\u00e9servatifs"}]},{"@type":"WebSite","@id":"https:\/\/vitablanca.ma\/#website","url":"https:\/\/vitablanca.ma\/","name":"VitaBlanca.ma | \u0627\u0644\u0645\u0643\u0645\u0644\u0627\u062a \u0627\u0644\u063a\u0630\u0627\u0626\u064a\u0629\u060c \u0627\u0644\u0635\u062d\u0629 \u0648\u0627\u0644\u062c\u0645\u0627\u0644 \u0641\u064a \u0627\u0644\u0645\u063a\u0631\u0628","description":"\u0646\u0628\u064a\u0639 \u0641\u064a\u062a\u0627\u0645\u064a\u0646\u0627\u062a \u0648\u0645\u0643\u0645\u0644\u0627\u062a \u063a\u0630\u0627\u0626\u064a\u0629 \u0641\u0627\u062e\u0631\u0629 \u0645\u0646 \u0627\u0644\u0648\u0644\u0627\u064a\u0627\u062a \u0627\u0644\u0645\u062a\u062d\u062f\u0629 \u0627\u0644\u0623\u0645\u0631\u064a\u0643\u064a\u0629 \u0648\u0643\u0646\u062f\u0627 \u0648\u0646\u064a\u0648\u0632\u064a\u0644\u0646\u062f\u0627 \u0648\u0627\u0644\u0645\u063a\u0631\u0628 (\u0646\u0627\u0648 \u0641\u0648\u062f\u0632\u060c \u0633\u0648\u0644\u062c\u0627\u0631\u060c \u0645\u0627\u0646\u0648\u0643\u0627). \u062a\u0648\u0635\u064a\u0644 \u0633\u0631\u064a\u0639 \u0625\u0644\u0649 \u062c\u0645\u064a\u0639 \u0623\u0646\u062d\u0627\u0621 \u0627\u0644\u0645\u063a\u0631\u0628.","publisher":{"@id":"https:\/\/vitablanca.ma\/#organization"},"alternateName":"VitaBlanca.ma","potentialAction":[{"@type":"SearchAction","target":{"@type":"EntryPoint","urlTemplate":"https:\/\/vitablanca.ma\/?s={search_term_string}"},"query-input":{"@type":"PropertyValueSpecification","valueRequired":true,"valueName":"search_term_string"}}],"inLanguage":"ar"},{"@type":"Organization","@id":"https:\/\/vitablanca.ma\/#organization","name":"\u0641\u064a\u062a\u0627\u0628\u0644\u0627\u0646\u0643\u0627","url":"https:\/\/vitablanca.ma\/","logo":{"@type":"ImageObject","inLanguage":"ar","@id":"https:\/\/vitablanca.ma\/#\/schema\/logo\/image\/","url":"https:\/\/vitablanca.ma\/wp-content\/uploads\/2025\/05\/cropped-vitablanca.png","contentUrl":"https:\/\/vitablanca.ma\/wp-content\/uploads\/2025\/05\/cropped-vitablanca.png","width":360,"height":67,"caption":"VitaBlanca"},"image":{"@id":"https:\/\/vitablanca.ma\/#\/schema\/logo\/image\/"},"sameAs":["https:\/\/www.facebook.com\/profile.php?id=61576678196717","https:\/\/www.tiktok.com\/@vitablanca.ma","https:\/\/www.instagram.com\/vitablanca.ma\/"]}]}},"jetpack_sharing_enabled":true,"_links":{"self":[{"href":"https:\/\/vitablanca.ma\/ar\/wp-json\/wp\/v2\/product\/20489","targetHints":{"allow":["GET"]}}],"collection":[{"href":"https:\/\/vitablanca.ma\/ar\/wp-json\/wp\/v2\/product"}],"about":[{"href":"https:\/\/vitablanca.ma\/ar\/wp-json\/wp\/v2\/types\/product"}],"wp:featuredmedia":[{"embeddable":true,"href":"https:\/\/vitablanca.ma\/ar\/wp-json\/wp\/v2\/media\/20478"}],"wp:attachment":[{"href":"https:\/\/vitablanca.ma\/ar\/wp-json\/wp\/v2\/media?parent=20489"}],"wp:term":[{"taxonomy":"product_brand","embeddable":true,"href":"https:\/\/vitablanca.ma\/ar\/wp-json\/wp\/v2\/product_brand?post=20489"},{"taxonomy":"product_cat","embeddable":true,"href":"https:\/\/vitablanca.ma\/ar\/wp-json\/wp\/v2\/product_cat?post=20489"},{"taxonomy":"product_tag","embeddable":true,"href":"https:\/\/vitablanca.ma\/ar\/wp-json\/wp\/v2\/product_tag?post=20489"}],"curies":[{"name":"wp","href":"https:\/\/api.w.org\/{rel}","templated":true}]}}