{"id":20484,"date":"2025-06-10T18:37:06","date_gmt":"2025-06-10T18:37:06","guid":{"rendered":"https:\/\/vitablanca.ma\/product\/mustela-eau-nettoyante-sans-rincage-300-ml\/"},"modified":"2026-02-23T01:23:17","modified_gmt":"2026-02-23T01:23:17","slug":"mustela-eau-nettoyante-sans-rincage-300-ml","status":"publish","type":"product","link":"https:\/\/vitablanca.ma\/ar\/product-2\/mustela-eau-nettoyante-sans-rincage-300-ml\/","title":{"rendered":"Mustela Eau Nettoyante Sans Rin\u00e7age 300 ml"},"content":{"rendered":"<h1>Mustela Eau Nettoyante Sans Rin\u00e7age 300 ml<\/h1>\n<p>Cette eau nettoyante \u00e0 l\u2019avocat bio est parfaite pour d\u00e9barbouiller b\u00e9b\u00e9 sans prendre de bain. Elle nettoie efficacement et en douceur le visage et le si\u00e8ge de votre b\u00e9b\u00e9. Vous n\u2019avez pas besoin de la rincer, et elle laisse la peau douce et non collante. De plus, cette formule est vegan* et la bouteille est recyclable**. Depuis 2010, la quantit\u00e9 de plastique utilis\u00e9e pour la fabriquer a \u00e9t\u00e9 r\u00e9duite de 14% pour le format 500ml et de 11% pour le format 300ml.<\/p>\n<h3 class=\"h2 h3\"><strong>\u0637\u0631\u064a\u0642\u0629 \u0627\u0644\u0627\u0633\u062a\u062e\u062f\u0627\u0645:\u00a0<\/strong><\/h3>\n<ul>\n<li>Son format pompe est particuli\u00e8rement pratique pour la toilette.<\/li>\n<li>Appuyez sur la pompe pour d\u00e9poser du produit sur le coton.<\/li>\n<li>Appliquez le coton imbib\u00e9 d\u2019eau nettoyante sur le visage et\/ou le si\u00e8ge du b\u00e9b\u00e9 ou de l\u2019enfant.<\/li>\n<li>\u0644\u0627 \u062d\u0627\u062c\u0629 \u0644\u0644\u0634\u0637\u0641.<\/li>\n<li>Jetez le coton dans la poubelle.<\/li>\n<\/ul>\n<h3><strong>\u0645\u0643\u0648\u0646\u0627\u062a :<\/strong><\/h3>\n<p>L\u2019ingr\u00e9dient phare est l\u2019avocat bio, cultiv\u00e9 en fili\u00e8re responsable, issu de l\u2019\u00e9conomie circulaire. Il est \u00e9galement associ\u00e9 \u00e0 l\u2019allanto\u00efne, qui adoucit, \u00e0 l\u2019extrait de feuille d\u2019aloe vera, qui apaise la peau, et aux tensio-actifs doux (extraits de feuille et de racine de saponaire) qui nettoient en douceur pour \u00e9viter le dess\u00e8chement de la peau<strong>.<\/strong><\/p>\n<div class=\"large-2 col pb-0 mb-0\">\n<h3 class=\"uppercase mt\">\u0645\u0639\u0644\u0648\u0645\u0629:<\/h3>\n<\/div>\n<div class=\"large-10 col pb-0 mb-0\">\n<div class=\"panel entry-content\">\n<table class=\"woocommerce-product-attributes shop_attributes\" data-mce-fragment=\"1\">\n<tbody data-mce-fragment=\"1\">\n<tr class=\"woocommerce-product-attributes-item woocommerce-product-attributes-item--attribute_pa_marque\" data-mce-fragment=\"1\">\n<th class=\"woocommerce-product-attributes-item__label\" data-mce-fragment=\"1\">\u0645\u0627\u0631\u0643\u0629<\/th>\n<td class=\"woocommerce-product-attributes-item__value\" data-mce-fragment=\"1\">\n<p data-mce-fragment=\"1\">\u0645\u0648\u0633\u062a\u064a\u0644\u0627<\/p>\n<\/td>\n<\/tr>\n<tr class=\"woocommerce-product-attributes-item woocommerce-product-attributes-item--attribute_pa_etat\" data-mce-fragment=\"1\">\n<th class=\"woocommerce-product-attributes-item__label\" data-mce-fragment=\"1\">\u0648\u0644\u0627\u064a\u0629<\/th>\n<td class=\"woocommerce-product-attributes-item__value\" data-mce-fragment=\"1\">\n<p data-mce-fragment=\"1\">\u062a\u0633\u0639\u0629<\/p>\n<\/td>\n<\/tr>\n<tr class=\"woocommerce-product-attributes-item woocommerce-product-attributes-item--attribute_pa_gamme\" data-mce-fragment=\"1\">\n<th class=\"woocommerce-product-attributes-item__label\" data-mce-fragment=\"1\">\u064a\u062a\u0631\u0627\u0648\u062d<\/th>\n<td class=\"woocommerce-product-attributes-item__value\" data-mce-fragment=\"1\">\n<p data-mce-fragment=\"1\">\u0645\u0648\u0633\u062a\u064a\u0644\u0627 \u0644\u0644\u0628\u0634\u0631\u0629 \u0627\u0644\u0639\u0627\u062f\u064a\u0629<\/p>\n<\/td>\n<\/tr>\n<tr class=\"woocommerce-product-attributes-item woocommerce-product-attributes-item--attribute_pa_type-de-peau\" data-mce-fragment=\"1\">\n<th class=\"woocommerce-product-attributes-item__label\" data-mce-fragment=\"1\">\u0646\u0648\u0639 \u0627\u0644\u0628\u0634\u0631\u0629<\/th>\n<td class=\"woocommerce-product-attributes-item__value\" data-mce-fragment=\"1\">\n<p data-mce-fragment=\"1\">\u0627\u0644\u0628\u0634\u0631\u0629 \u0627\u0644\u0639\u0627\u062f\u064a\u0629<\/p>\n<\/td>\n<\/tr>\n<tr class=\"woocommerce-product-attributes-item woocommerce-product-attributes-item--attribute_pa_couleur\" data-mce-fragment=\"1\">\n<th class=\"woocommerce-product-attributes-item__label\" data-mce-fragment=\"1\">\u0644\u0648\u0646<\/th>\n<td class=\"woocommerce-product-attributes-item__value\" data-mce-fragment=\"1\">\n<p data-mce-fragment=\"1\">\u063a\u064a\u0631 \u0645\u0631\u0626\u064a \/ \u0634\u0641\u0627\u0641<\/p>\n<\/td>\n<\/tr>\n<tr class=\"woocommerce-product-attributes-item woocommerce-product-attributes-item--attribute_pa_texture\" data-mce-fragment=\"1\">\n<th class=\"woocommerce-product-attributes-item__label\" data-mce-fragment=\"1\">\u0646\u064e\u0633\u0650\u064a\u062c<\/th>\n<td class=\"woocommerce-product-attributes-item__value\" data-mce-fragment=\"1\">\n<p data-mce-fragment=\"1\">Eau<\/p>\n<\/td>\n<\/tr>\n<tr class=\"woocommerce-product-attributes-item woocommerce-product-attributes-item--attribute_pa_profil\" data-mce-fragment=\"1\">\n<th class=\"woocommerce-product-attributes-item__label\" data-mce-fragment=\"1\">\u062d\u0633\u0627\u0628 \u062a\u0639\u0631\u064a\u0641\u064a<\/th>\n<td class=\"woocommerce-product-attributes-item__value\" data-mce-fragment=\"1\">\n<p data-mce-fragment=\"1\">\u0627\u0644\u0623\u0637\u0641\u0627\u0644 \u0627\u0644\u0631\u0636\u0639<\/p>\n<\/td>\n<\/tr>\n<tr class=\"woocommerce-product-attributes-item woocommerce-product-attributes-item--attribute_pa_zone\" data-mce-fragment=\"1\">\n<th class=\"woocommerce-product-attributes-item__label\" data-mce-fragment=\"1\">\u0645\u0646\u0637\u0642\u0629<\/th>\n<td class=\"woocommerce-product-attributes-item__value\" data-mce-fragment=\"1\">\n<p data-mce-fragment=\"1\">Corps, Visage<\/p>\n<\/td>\n<\/tr>\n<\/tbody>\n<\/table>\n<p>&nbsp;<\/p>\n<\/div>\n<\/div>","protected":false},"excerpt":{"rendered":"<p>Mustela Eau Nettoyante Sans Rin\u00e7age 300 ml Cette eau nettoyante \u00e0 l\u2019avocat bio est parfaite pour d\u00e9barbouiller b\u00e9b\u00e9 sans prendre de bain. Elle nettoie efficacement et en douceur le visage et le si\u00e8ge de votre b\u00e9b\u00e9. Vous n\u2019avez pas besoin de la rincer, et elle laisse la peau douce et non collante. De plus, cette [&hellip;]<\/p>\n","protected":false},"featured_media":20483,"template":"","meta":{"om_disable_all_campaigns":false},"product_brand":[],"product_cat":[15],"product_tag":[10573,5520,10567,10571,10575,10580,10576,10572,10577,10574,10569,10579,10568,10570,10578],"class_list":{"0":"post-20484","1":"product","2":"type-product","3":"status-publish","4":"has-post-thumbnail","6":"product_cat-beaute-sante-complements-alimentaires-soins-et-bien-etre-au-meilleur-prix","7":"product_tag-confort-et-securite","8":"product_tag-manix-maroc","9":"product_tag-manix-super-6","10":"product_tag-moments-intimes-securises","11":"product_tag-pack-preservatifs-6","12":"product_tag-pack-preservatifs-pratique","13":"product_tag-plaisir-et-protection","14":"product_tag-preservatifs-couple","15":"product_tag-preservatifs-fiables","16":"product_tag-preservatifs-hypoallergeniques","17":"product_tag-preservatifs-lubrifies","18":"product_tag-preservatifs-sensibles","19":"product_tag-preservatifs-ultra-fins","20":"product_tag-protection-intime-sure","21":"product_tag-protection-mst-et-grossesse","23":"first","24":"instock","25":"sale","26":"taxable","27":"shipping-taxable","28":"purchasable","29":"product-type-simple"},"yoast_head":"<!-- This site is optimized with the Yoast SEO plugin v27.4 - https:\/\/yoast.com\/product\/yoast-seo-wordpress\/ -->\n<title>Mustela Eau Nettoyante Sans Rin\u00e7age 300 ml - Maroc Prix<\/title>\n<meta name=\"description\" content=\"Manix Super 6 Pr\u00e9servatifs, pr\u00e9servatifs ultra-fins et lubrifi\u00e9s. Protection fiable et confort optimal pour des moments intimes s\u00fbrs et agr\u00e9ables.\" \/>\n<meta name=\"robots\" content=\"index, follow, max-snippet:-1, max-image-preview:large, max-video-preview:-1\" \/>\n<link rel=\"canonical\" href=\"https:\/\/vitablanca.ma\/ar\/product-2\/mustela-eau-nettoyante-sans-rincage-300-ml\/\" \/>\n<meta property=\"og:locale\" content=\"ar_AR\" \/>\n<meta property=\"og:type\" content=\"article\" \/>\n<meta property=\"og:title\" content=\"Mustela Eau Nettoyante Sans Rin\u00e7age 300 ml - Maroc Prix\" \/>\n<meta property=\"og:description\" content=\"Manix Super 6 Pr\u00e9servatifs, pr\u00e9servatifs ultra-fins et lubrifi\u00e9s. Protection fiable et confort optimal pour des moments intimes s\u00fbrs et agr\u00e9ables.\" \/>\n<meta property=\"og:url\" content=\"https:\/\/vitablanca.ma\/ar\/product-2\/mustela-eau-nettoyante-sans-rincage-300-ml\/\" \/>\n<meta property=\"og:site_name\" content=\"Vitablanca.ma &ndash; Sant&eacute;, vitalit&eacute; et bien-&ecirc;tre pour tous les Marocains\" \/>\n<meta property=\"article:publisher\" content=\"https:\/\/www.facebook.com\/profile.php?id=61576678196717\" \/>\n<meta property=\"article:modified_time\" content=\"2026-02-23T01:23:17+00:00\" \/>\n<meta property=\"og:image\" content=\"https:\/\/vitablanca.ma\/wp-content\/uploads\/2025\/06\/3504105028497.jpg\" \/>\n\t<meta property=\"og:image:width\" content=\"595\" \/>\n\t<meta property=\"og:image:height\" content=\"655\" \/>\n\t<meta property=\"og:image:type\" content=\"image\/jpeg\" \/>\n<meta name=\"twitter:card\" content=\"summary_large_image\" \/>\n<meta name=\"twitter:label1\" content=\"\u0648\u0642\u062a \u0627\u0644\u0642\u0631\u0627\u0621\u0629 \u0627\u0644\u0645\u064f\u0642\u062f\u0651\u0631\" \/>\n\t<meta name=\"twitter:data1\" content=\"\u062f\u0642\u064a\u0642\u062a\u0627\u0646\" \/>\n<script type=\"application\/ld+json\" class=\"yoast-schema-graph\">{\"@context\":\"https:\\\/\\\/schema.org\",\"@graph\":[{\"@type\":[\"WebPage\",\"ItemPage\"],\"@id\":\"https:\\\/\\\/vitablanca.ma\\\/produit\\\/mustela-eau-nettoyante-sans-rincage-300-ml\\\/\",\"url\":\"https:\\\/\\\/vitablanca.ma\\\/produit\\\/mustela-eau-nettoyante-sans-rincage-300-ml\\\/\",\"name\":\"Mustela Eau Nettoyante Sans Rin\u00e7age 300 ml - Maroc Prix\",\"isPartOf\":{\"@id\":\"https:\\\/\\\/vitablanca.ma\\\/#website\"},\"primaryImageOfPage\":{\"@id\":\"https:\\\/\\\/vitablanca.ma\\\/produit\\\/mustela-eau-nettoyante-sans-rincage-300-ml\\\/#primaryimage\"},\"image\":{\"@id\":\"https:\\\/\\\/vitablanca.ma\\\/produit\\\/mustela-eau-nettoyante-sans-rincage-300-ml\\\/#primaryimage\"},\"thumbnailUrl\":\"https:\\\/\\\/vitablanca.ma\\\/wp-content\\\/uploads\\\/2025\\\/06\\\/3504105028497.jpg\",\"datePublished\":\"2025-06-10T18:37:06+00:00\",\"dateModified\":\"2026-02-23T01:23:17+00:00\",\"description\":\"Manix Super 6 Pr\u00e9servatifs, pr\u00e9servatifs ultra-fins et lubrifi\u00e9s. Protection fiable et confort optimal pour des moments intimes s\u00fbrs et agr\u00e9ables.\",\"breadcrumb\":{\"@id\":\"https:\\\/\\\/vitablanca.ma\\\/produit\\\/mustela-eau-nettoyante-sans-rincage-300-ml\\\/#breadcrumb\"},\"inLanguage\":\"ar\",\"potentialAction\":[{\"@type\":\"ReadAction\",\"target\":[\"https:\\\/\\\/vitablanca.ma\\\/produit\\\/mustela-eau-nettoyante-sans-rincage-300-ml\\\/\"]}]},{\"@type\":\"ImageObject\",\"inLanguage\":\"ar\",\"@id\":\"https:\\\/\\\/vitablanca.ma\\\/produit\\\/mustela-eau-nettoyante-sans-rincage-300-ml\\\/#primaryimage\",\"url\":\"https:\\\/\\\/vitablanca.ma\\\/wp-content\\\/uploads\\\/2025\\\/06\\\/3504105028497.jpg\",\"contentUrl\":\"https:\\\/\\\/vitablanca.ma\\\/wp-content\\\/uploads\\\/2025\\\/06\\\/3504105028497.jpg\",\"width\":595,\"height\":655},{\"@type\":\"BreadcrumbList\",\"@id\":\"https:\\\/\\\/vitablanca.ma\\\/produit\\\/mustela-eau-nettoyante-sans-rincage-300-ml\\\/#breadcrumb\",\"itemListElement\":[{\"@type\":\"ListItem\",\"position\":1,\"name\":\"Home\",\"item\":\"https:\\\/\\\/vitablanca.ma\\\/\"},{\"@type\":\"ListItem\",\"position\":2,\"name\":\"Tous Les Produits\",\"item\":\"https:\\\/\\\/vitablanca.ma\\\/tous-les-produits\\\/\"},{\"@type\":\"ListItem\",\"position\":3,\"name\":\"Mustela Eau Nettoyante Sans Rin\u00e7age 300 ml\"}]},{\"@type\":\"WebSite\",\"@id\":\"https:\\\/\\\/vitablanca.ma\\\/#website\",\"url\":\"https:\\\/\\\/vitablanca.ma\\\/\",\"name\":\"VitaBlanca.ma | Compl\u00e9ments alimentaires, sant\u00e9 & beaut\u00e9 au Maroc\",\"description\":\"vendre vitamines et compl\u00e9ments premium des USA &amp; Canada, Nouvelle Z\u00e9lande,Maroc (NOW Foods, Solgar, Manuka). Livraison rapide partout au Maroc.\",\"publisher\":{\"@id\":\"https:\\\/\\\/vitablanca.ma\\\/#organization\"},\"alternateName\":\"VitaBlanca.ma\",\"potentialAction\":[{\"@type\":\"SearchAction\",\"target\":{\"@type\":\"EntryPoint\",\"urlTemplate\":\"https:\\\/\\\/vitablanca.ma\\\/?s={search_term_string}\"},\"query-input\":{\"@type\":\"PropertyValueSpecification\",\"valueRequired\":true,\"valueName\":\"search_term_string\"}}],\"inLanguage\":\"ar\"},{\"@type\":\"Organization\",\"@id\":\"https:\\\/\\\/vitablanca.ma\\\/#organization\",\"name\":\"VitaBlanca\",\"url\":\"https:\\\/\\\/vitablanca.ma\\\/\",\"logo\":{\"@type\":\"ImageObject\",\"inLanguage\":\"ar\",\"@id\":\"https:\\\/\\\/vitablanca.ma\\\/#\\\/schema\\\/logo\\\/image\\\/\",\"url\":\"https:\\\/\\\/vitablanca.ma\\\/wp-content\\\/uploads\\\/2025\\\/05\\\/cropped-vitablanca.png\",\"contentUrl\":\"https:\\\/\\\/vitablanca.ma\\\/wp-content\\\/uploads\\\/2025\\\/05\\\/cropped-vitablanca.png\",\"width\":360,\"height\":67,\"caption\":\"VitaBlanca\"},\"image\":{\"@id\":\"https:\\\/\\\/vitablanca.ma\\\/#\\\/schema\\\/logo\\\/image\\\/\"},\"sameAs\":[\"https:\\\/\\\/www.facebook.com\\\/profile.php?id=61576678196717\",\"https:\\\/\\\/www.tiktok.com\\\/@vitablanca.ma\",\"https:\\\/\\\/www.instagram.com\\\/vitablanca.ma\\\/\"]}]}<\/script>\n<!-- \/ Yoast SEO plugin. -->","yoast_head_json":{"title":"Mustela Eau Nettoyante Sans Rin\u00e7age 300 ml - Maroc Prix","description":"Manix Super 6 Pr\u00e9servatifs, pr\u00e9servatifs ultra-fins et lubrifi\u00e9s. Protection fiable et confort optimal pour des moments intimes s\u00fbrs et agr\u00e9ables.","robots":{"index":"index","follow":"follow","max-snippet":"max-snippet:-1","max-image-preview":"max-image-preview:large","max-video-preview":"max-video-preview:-1"},"canonical":"https:\/\/vitablanca.ma\/ar\/product-2\/mustela-eau-nettoyante-sans-rincage-300-ml\/","og_locale":"ar_AR","og_type":"article","og_title":"Mustela Eau Nettoyante Sans Rin\u00e7age 300 ml - Maroc Prix","og_description":"Manix Super 6 Pr\u00e9servatifs, pr\u00e9servatifs ultra-fins et lubrifi\u00e9s. Protection fiable et confort optimal pour des moments intimes s\u00fbrs et agr\u00e9ables.","og_url":"https:\/\/vitablanca.ma\/ar\/product-2\/mustela-eau-nettoyante-sans-rincage-300-ml\/","og_site_name":"Vitablanca.ma &ndash; Sant&eacute;, vitalit&eacute; et bien-&ecirc;tre pour tous les Marocains","article_publisher":"https:\/\/www.facebook.com\/profile.php?id=61576678196717","article_modified_time":"2026-02-23T01:23:17+00:00","og_image":[{"width":595,"height":655,"url":"https:\/\/vitablanca.ma\/wp-content\/uploads\/2025\/06\/3504105028497.jpg","type":"image\/jpeg"}],"twitter_card":"summary_large_image","twitter_misc":{"\u0648\u0642\u062a \u0627\u0644\u0642\u0631\u0627\u0621\u0629 \u0627\u0644\u0645\u064f\u0642\u062f\u0651\u0631":"\u062f\u0642\u064a\u0642\u062a\u0627\u0646"},"schema":{"@context":"https:\/\/schema.org","@graph":[{"@type":["WebPage","ItemPage"],"@id":"https:\/\/vitablanca.ma\/produit\/mustela-eau-nettoyante-sans-rincage-300-ml\/","url":"https:\/\/vitablanca.ma\/produit\/mustela-eau-nettoyante-sans-rincage-300-ml\/","name":"Mustela Eau Nettoyante Sans Rin\u00e7age 300 ml - Maroc Prix","isPartOf":{"@id":"https:\/\/vitablanca.ma\/#website"},"primaryImageOfPage":{"@id":"https:\/\/vitablanca.ma\/produit\/mustela-eau-nettoyante-sans-rincage-300-ml\/#primaryimage"},"image":{"@id":"https:\/\/vitablanca.ma\/produit\/mustela-eau-nettoyante-sans-rincage-300-ml\/#primaryimage"},"thumbnailUrl":"https:\/\/vitablanca.ma\/wp-content\/uploads\/2025\/06\/3504105028497.jpg","datePublished":"2025-06-10T18:37:06+00:00","dateModified":"2026-02-23T01:23:17+00:00","description":"Manix Super 6 Pr\u00e9servatifs, pr\u00e9servatifs ultra-fins et lubrifi\u00e9s. Protection fiable et confort optimal pour des moments intimes s\u00fbrs et agr\u00e9ables.","breadcrumb":{"@id":"https:\/\/vitablanca.ma\/produit\/mustela-eau-nettoyante-sans-rincage-300-ml\/#breadcrumb"},"inLanguage":"ar","potentialAction":[{"@type":"ReadAction","target":["https:\/\/vitablanca.ma\/produit\/mustela-eau-nettoyante-sans-rincage-300-ml\/"]}]},{"@type":"ImageObject","inLanguage":"ar","@id":"https:\/\/vitablanca.ma\/produit\/mustela-eau-nettoyante-sans-rincage-300-ml\/#primaryimage","url":"https:\/\/vitablanca.ma\/wp-content\/uploads\/2025\/06\/3504105028497.jpg","contentUrl":"https:\/\/vitablanca.ma\/wp-content\/uploads\/2025\/06\/3504105028497.jpg","width":595,"height":655},{"@type":"BreadcrumbList","@id":"https:\/\/vitablanca.ma\/produit\/mustela-eau-nettoyante-sans-rincage-300-ml\/#breadcrumb","itemListElement":[{"@type":"ListItem","position":1,"name":"Home","item":"https:\/\/vitablanca.ma\/"},{"@type":"ListItem","position":2,"name":"Tous Les Produits","item":"https:\/\/vitablanca.ma\/tous-les-produits\/"},{"@type":"ListItem","position":3,"name":"Mustela Eau Nettoyante Sans Rin\u00e7age 300 ml"}]},{"@type":"WebSite","@id":"https:\/\/vitablanca.ma\/#website","url":"https:\/\/vitablanca.ma\/","name":"VitaBlanca.ma | \u0627\u0644\u0645\u0643\u0645\u0644\u0627\u062a \u0627\u0644\u063a\u0630\u0627\u0626\u064a\u0629\u060c \u0627\u0644\u0635\u062d\u0629 \u0648\u0627\u0644\u062c\u0645\u0627\u0644 \u0641\u064a \u0627\u0644\u0645\u063a\u0631\u0628","description":"\u0646\u0628\u064a\u0639 \u0641\u064a\u062a\u0627\u0645\u064a\u0646\u0627\u062a \u0648\u0645\u0643\u0645\u0644\u0627\u062a \u063a\u0630\u0627\u0626\u064a\u0629 \u0641\u0627\u062e\u0631\u0629 \u0645\u0646 \u0627\u0644\u0648\u0644\u0627\u064a\u0627\u062a \u0627\u0644\u0645\u062a\u062d\u062f\u0629 \u0627\u0644\u0623\u0645\u0631\u064a\u0643\u064a\u0629 \u0648\u0643\u0646\u062f\u0627 \u0648\u0646\u064a\u0648\u0632\u064a\u0644\u0646\u062f\u0627 \u0648\u0627\u0644\u0645\u063a\u0631\u0628 (\u0646\u0627\u0648 \u0641\u0648\u062f\u0632\u060c \u0633\u0648\u0644\u062c\u0627\u0631\u060c \u0645\u0627\u0646\u0648\u0643\u0627). \u062a\u0648\u0635\u064a\u0644 \u0633\u0631\u064a\u0639 \u0625\u0644\u0649 \u062c\u0645\u064a\u0639 \u0623\u0646\u062d\u0627\u0621 \u0627\u0644\u0645\u063a\u0631\u0628.","publisher":{"@id":"https:\/\/vitablanca.ma\/#organization"},"alternateName":"VitaBlanca.ma","potentialAction":[{"@type":"SearchAction","target":{"@type":"EntryPoint","urlTemplate":"https:\/\/vitablanca.ma\/?s={search_term_string}"},"query-input":{"@type":"PropertyValueSpecification","valueRequired":true,"valueName":"search_term_string"}}],"inLanguage":"ar"},{"@type":"Organization","@id":"https:\/\/vitablanca.ma\/#organization","name":"\u0641\u064a\u062a\u0627\u0628\u0644\u0627\u0646\u0643\u0627","url":"https:\/\/vitablanca.ma\/","logo":{"@type":"ImageObject","inLanguage":"ar","@id":"https:\/\/vitablanca.ma\/#\/schema\/logo\/image\/","url":"https:\/\/vitablanca.ma\/wp-content\/uploads\/2025\/05\/cropped-vitablanca.png","contentUrl":"https:\/\/vitablanca.ma\/wp-content\/uploads\/2025\/05\/cropped-vitablanca.png","width":360,"height":67,"caption":"VitaBlanca"},"image":{"@id":"https:\/\/vitablanca.ma\/#\/schema\/logo\/image\/"},"sameAs":["https:\/\/www.facebook.com\/profile.php?id=61576678196717","https:\/\/www.tiktok.com\/@vitablanca.ma","https:\/\/www.instagram.com\/vitablanca.ma\/"]}]}},"jetpack_sharing_enabled":true,"_links":{"self":[{"href":"https:\/\/vitablanca.ma\/ar\/wp-json\/wp\/v2\/product\/20484","targetHints":{"allow":["GET"]}}],"collection":[{"href":"https:\/\/vitablanca.ma\/ar\/wp-json\/wp\/v2\/product"}],"about":[{"href":"https:\/\/vitablanca.ma\/ar\/wp-json\/wp\/v2\/types\/product"}],"wp:featuredmedia":[{"embeddable":true,"href":"https:\/\/vitablanca.ma\/ar\/wp-json\/wp\/v2\/media\/20483"}],"wp:attachment":[{"href":"https:\/\/vitablanca.ma\/ar\/wp-json\/wp\/v2\/media?parent=20484"}],"wp:term":[{"taxonomy":"product_brand","embeddable":true,"href":"https:\/\/vitablanca.ma\/ar\/wp-json\/wp\/v2\/product_brand?post=20484"},{"taxonomy":"product_cat","embeddable":true,"href":"https:\/\/vitablanca.ma\/ar\/wp-json\/wp\/v2\/product_cat?post=20484"},{"taxonomy":"product_tag","embeddable":true,"href":"https:\/\/vitablanca.ma\/ar\/wp-json\/wp\/v2\/product_tag?post=20484"}],"curies":[{"name":"wp","href":"https:\/\/api.w.org\/{rel}","templated":true}]}}