{"id":20474,"date":"2025-06-10T18:36:55","date_gmt":"2025-06-10T18:36:55","guid":{"rendered":"https:\/\/vitablanca.ma\/product\/manix-skyn-5-sences-preservatifs-5-unites\/"},"modified":"2026-02-23T01:33:09","modified_gmt":"2026-02-23T01:33:09","slug":"manix-skyn-5-sences-preservatifs-5-unites","status":"publish","type":"product","link":"https:\/\/vitablanca.ma\/ar\/product-2\/manix-skyn-5-sences-preservatifs-5-unites\/","title":{"rendered":"\u0648\u0627\u0642\u064a\u0627\u062a \u0630\u0643\u0631\u064a\u0629 \u0645\u0627\u0646\u064a\u0643\u0633 \u0633\u0643\u064a\u0646 5 \u0633\u0646\u0633\u0632 5 \u0648\u062d\u062f\u0627\u062a"},"content":{"rendered":"<h2>\u0648\u0627\u0642\u064a\u0627\u062a \u0630\u0643\u0631\u064a\u0629 \u0645\u0627\u0646\u064a\u0643\u0633 \u0633\u0643\u064a\u0646 5 \u0633\u0646\u0633\u0632\u00a0<span data-mce-fragment=\"1\">\u063a\u064a\u0631 \u0645\u062d\u0633\u0648\u0633 \u0645\u0645\u0627 \u064a\u0639\u0637\u064a \u0625\u062d\u0633\u0627\u0633\u064b\u0627 \u0628\u0639\u062f\u0645 \u0627\u0631\u062a\u062f\u0627\u0621 \u0623\u064a \u0634\u064a\u0621.<\/span><\/h2>\n<div class=\"text\" data-mce-fragment=\"1\">\u0639\u0628\u0648\u0629 \u0645\u0646 5 \u0648\u0627\u0642\u064a\u0627\u062a \u0630\u0643\u0631\u064a\u0629 \u0641\u0627\u062e\u0631\u0629 \u0644\u062a\u062c\u0631\u0628\u0629 \u0623\u062d\u0627\u0633\u064a\u0633 \u062c\u062f\u064a\u062f\u0629 \u0648\u062a\u062d\u0641\u064a\u0632 \u062d\u0648\u0627\u0633\u0643.<\/div>\n<div class=\"text\" data-mce-fragment=\"1\">\n<p>\u0648\u0627\u0642\u064a\u0627\u062a \u0630\u0643\u0631\u064a\u0629 \u062b\u0648\u0631\u064a\u0629 \u0645\u0635\u0646\u0648\u0639\u0629 \u0645\u0646 \u0645\u0627\u062f\u0629 SKYNFEEL\u060c \u0648\u0647\u064a \u0627\u0644\u0645\u0627\u062f\u0629 \u063a\u064a\u0631 \u0627\u0644\u0645\u0631\u0626\u064a\u0629 \u062a\u0642\u0631\u064a\u0628\u064b\u0627 \u0648\u0627\u0644\u062a\u064a \u062a\u0645\u0646\u062d \u0627\u0644\u0634\u0639\u0648\u0631 \u0628\u0639\u062f\u0645 \u0627\u0631\u062a\u062f\u0627\u0621 \u0623\u064a \u0634\u064a\u0621.<\/p>\n<ul data-mce-fragment=\"1\">\n<li data-mce-fragment=\"1\">1 \u0648\u0627\u0642\u064a \u0630\u0643\u0631\u064a SKYN INTENSE FEEL: \u0646\u0633\u064a\u062c \u0645\u0632\u064a\u0646 \u0628\u062e\u0631\u0632 \u0643\u062b\u064a\u0641 \u0645\u0648\u0636\u0648\u0639 \u0639\u0644\u0649 \u0634\u0643\u0644 \u0645\u0648\u062c\u0629 \u0641\u064a \u0627\u0644\u0645\u0646\u0627\u0637\u0642 \u0627\u0644\u0623\u0643\u062b\u0631 \u062d\u0633\u0627\u0633\u064a\u0629 \u0644\u0644\u062d\u0635\u0648\u0644 \u0639\u0644\u0649 \u0623\u0642\u0635\u0649 \u0642\u062f\u0631 \u0645\u0646 \u0627\u0644\u062a\u062d\u0641\u064a\u0632<\/li>\n<li data-mce-fragment=\"1\">1 \u0648\u0627\u0642\u064a \u0630\u0643\u0631\u064a SKYN COCKTAIL CLUB: Daiquiri Passion\u060c \u0646\u0643\u0647\u0629 \u0644\u0630\u064a\u0630\u0629 \u0645\u0633\u062a\u0648\u062d\u0627\u0629 \u0645\u0646 \u0623\u0639\u0638\u0645 \u0627\u0644\u0643\u0648\u0643\u062a\u064a\u0644\u0627\u062a<\/li>\n<li data-mce-fragment=\"1\">\u0648\u0627\u0642\u064a \u0630\u0643\u0631\u064a SKYN ELITE: \u0623\u0646\u062d\u0641 \u0648\u0627\u0642\u064a \u0630\u0643\u0631\u064a \u0645\u0646 SKYN. \u0644\u0645\u0646 \u064a\u0631\u063a\u0628 \u0628\u0627\u0644\u0627\u0633\u062a\u0645\u062a\u0627\u0639 \u0628\u0641\u0648\u0627\u0626\u062f SKYN\u00ae \u0645\u0639 \u0648\u0627\u0642\u064a \u0630\u0643\u0631\u064a \u0623\u0646\u062d\u0641. \u0627\u0644\u062e\u064a\u0627\u0631 \u0627\u0644\u0623\u0645\u062b\u0644 \u0644\u0634\u0639\u0648\u0631 \u0637\u0628\u064a\u0639\u064a. \u0641\u0627\u0626\u0642 \u0627\u0644\u0646\u0639\u0648\u0645\u0629 \u0648\u0627\u0644\u0631\u0642\u0629.<\/li>\n<li data-mce-fragment=\"1\">1 \u0648\u0627\u0642\u064a \u0630\u0643\u0631\u064a SKYN HOT \u0644\u0625\u062d\u0633\u0627\u0633 \u062f\u0627\u0641\u0626 \u0644\u0637\u064a\u0641<\/li>\n<li data-mce-fragment=\"1\">1 \u0648\u0627\u0642\u064a \u0630\u0643\u0631\u064a SKYN COOL \u0644\u0625\u062d\u0633\u0627\u0633 \u0645\u0646\u0639\u0634<\/li>\n<\/ul>\n<p>\u0623\u0642\u0635\u0649 \u062f\u0631\u062c\u0627\u062a \u0627\u0644\u0623\u0645\u0627\u0646. \u062a\u0645 \u0627\u062e\u062a\u0628\u0627\u0631\u0647 \u0625\u0644\u0643\u062a\u0631\u0648\u0646\u064a\u064b\u0627 \u0648\u0641\u0642\u064b\u0627 \u0644\u0645\u0639\u064a\u0627\u0631 100%\u060c \u0648\u0647\u0648 \u064a\u0644\u0628\u064a \u0623\u0639\u0644\u0649 \u0627\u0644\u0645\u0639\u0627\u064a\u064a\u0631 \u0644\u0631\u0627\u062d\u0629 \u0628\u0627\u0644\u0643.<br data-mce-fragment=\"1\" \/>SKYN\u00ae: \u0631\u0642\u0645 1 \u0641\u064a \u0627\u0644\u0639\u0627\u0644\u0645 \u0641\u064a \u0645\u062c\u0627\u0644 \u0627\u0644\u0648\u0627\u0642\u064a\u0627\u062a \u0627\u0644\u0630\u0643\u0631\u064a\u0629 \u0627\u0644\u062e\u0627\u0644\u064a\u0629 \u0645\u0646 \u0627\u0644\u0644\u0627\u062a\u0643\u0633<\/p>\n<h3 data-mce-fragment=\"1\">\u0627\u0634\u062a\u0631\u064a \u0648\u0627\u0642\u064a \u0630\u0643\u0631\u064a SKYN 5 SENSES<\/h3>\n<p>\u0644\u0644\u062d\u0641\u0627\u0638 \u0639\u0644\u0649 \u0623\u0642\u0635\u0649 \u0642\u062f\u0631 \u0645\u0646 \u0627\u0644\u0645\u062a\u0639\u0629 \u0628\u064a\u0646 \u0627\u0644\u0634\u0631\u064a\u0643\u064a\u0646\u060c \u0623\u0635\u0628\u062d\u062a \u0648\u0627\u0642\u064a\u0627\u062a \u0645\u0627\u0646\u064a\u0643\u0633 \u0648\u0633\u0643\u0627\u064a\u0646 \u0627\u0644\u0630\u0643\u0631\u064a\u0629 \u0623\u0631\u0642\u0651 \u0641\u0623\u0631\u0642. \u0648\u0644\u0644\u062d\u0635\u0648\u0644 \u0639\u0644\u0649 \u0623\u0642\u0635\u0649 \u0642\u062f\u0631 \u0645\u0646 \u0627\u0644\u0645\u062a\u0639\u0629\u060c \u062a\u064f\u063a\u0637\u0649 \u0628\u0639\u0636 \u0648\u0627\u0642\u064a\u0627\u062a \u0645\u0627\u0646\u064a\u0643\u0633 \u0648\u0633\u0643\u0627\u064a\u0646 \u0627\u0644\u0630\u0643\u0631\u064a\u0629 \u0628\u062e\u0631\u0632\u0627\u062a \u0648\u0623\u0636\u0644\u0627\u0639. \u0648\u0628\u0627\u0644\u0637\u0628\u0639\u060c \u062a\u062a\u0648\u0627\u0641\u0642 \u0627\u0644\u0645\u062c\u0645\u0648\u0639\u0629 \u0628\u0623\u0643\u0645\u0644\u0647\u0627 \u0645\u0639 \u0645\u0639\u064a\u0627\u0631 CE. \u064a\u064f\u0642\u062f\u0651\u0631 \u0643\u0644 \u0645\u0646 \u0627\u0634\u062a\u0631\u0649 \u0648\u0627\u0642\u064a\u0627\u062a \u0633\u0643\u0627\u064a\u0646 5 \u0633\u064a\u0646\u0633\u0632 \u0631\u0642\u062a\u0647\u0627 \u0627\u0644\u0641\u0627\u0626\u0642\u0629 \u0648\u0627\u0644\u0623\u062d\u0627\u0633\u064a\u0633 \u0627\u0644\u062a\u064a \u062a\u0648\u0641\u0631\u0647\u0627. \u062a\u0627\u0628\u0639\u0648\u0627 \u062a\u0642\u064a\u064a\u0645\u0627\u062a \u0645\u0633\u062a\u062e\u062f\u0645\u064a\u0646\u0627 \u0639\u0644\u0649 \u0633\u0643\u0627\u064a\u0646.<\/p>\n<\/div>\n<div class=\"text\" data-mce-fragment=\"1\">\n<p>5 \u062d\u0648\u0627\u0633 \u0648\u0642\u0627\u0631\u0646 \u0639\u0631\u0648\u0636\u0646\u0627 \u0639\u0644\u0649 \u0627\u0644\u0648\u0627\u0642\u064a\u0627\u062a \u0627\u0644\u0630\u0643\u0631\u064a\u0629 Manix \u0648 SKYN.<\/p>\n<h3 data-mce-fragment=\"1\">SKYN FEEL EVERYTHING\u2122 \u0627\u0644\u0648\u0627\u0642\u064a \u0627\u0644\u0630\u0643\u0631\u064a \u0627\u0644\u062e\u0627\u0644\u064a \u0645\u0646 \u0627\u0644\u0644\u0627\u062a\u0643\u0633 \u0631\u0642\u0645 1 \u0641\u064a \u0627\u0644\u0639\u0627\u0644\u0645<\/h3>\n<p>\u062a\u0623\u0633\u0633\u062a \u0641\u064a \u0639\u0627\u0645 2009\u060c<span data-mce-fragment=\"1\">\u00a0<\/span>\u0648\u0627\u0642\u064a\u0627\u062a \u0630\u0643\u0631\u064a\u0629 SKYN<span data-mce-fragment=\"1\">\u00a0<\/span>\u0637\u064f\u0648\u0650\u0651\u0631\u062a \u0628\u0627\u0633\u062a\u062e\u062f\u0627\u0645 SKYNFEEL\u2122\u060c \u0648\u0647\u064a \u0645\u0627\u062f\u0629 \u062b\u0648\u0631\u064a\u0629 \u0642\u0627\u0626\u0645\u0629 \u0639\u0644\u0649 \u0627\u0644\u0628\u0648\u0644\u064a \u0625\u064a\u0632\u0648\u0628\u0631\u064a\u0646 \u0648\u062e\u0627\u0644\u064a\u0629 \u0645\u0646 \u0627\u0644\u0644\u0627\u062a\u0643\u0633: \u0641\u0647\u064a \u0623\u0643\u062b\u0631 \u0631\u0627\u062d\u0629 \u0641\u064a \u0627\u0644\u0627\u0631\u062a\u062f\u0627\u0621 \u0645\u0646 \u0627\u0644\u0648\u0627\u0642\u064a \u0627\u0644\u0630\u0643\u0631\u064a \u0627\u0644\u0645\u0635\u0646\u0648\u0639 \u0645\u0646 \u0627\u0644\u0644\u0627\u062a\u0643\u0633 \u0627\u0644\u0637\u0628\u064a\u0639\u064a. \u062a\u062a\u064a\u062d SKYNFEEL\u2122 \u0644\u0644\u0637\u0631\u0641\u064a\u0646 \u062a\u062c\u0631\u0628\u0629 \u0634\u0639\u0648\u0631 \u0644\u0627 \u064a\u064f\u0636\u0627\u0647\u0649 \u0645\u0646 \u0627\u0644\u0631\u0627\u062d\u0629 \u0648\u0627\u0644\u0645\u062a\u0639\u0629\u060c \u0648\u062a\u0645\u0646\u062d \u0634\u0639\u0648\u0631\u064b\u0627 \u0628\u0639\u062f\u0645 \u0627\u0631\u062a\u062f\u0627\u0621 \u0623\u064a \u0634\u064a\u0621\u060c \u0645\u0639 \u0643\u0648\u0646\u0647\u0627 \u0645\u064f\u0635\u0645\u064e\u0651\u0645\u0629 \u062e\u0635\u064a\u0635\u064b\u0627 \u0644\u0644\u0623\u0634\u062e\u0627\u0635 \u0627\u0644\u0630\u064a\u0646 \u064a\u0639\u0627\u0646\u0648\u0646 \u0645\u0646 \u062d\u0633\u0627\u0633\u064a\u0629 \u0627\u0644\u0644\u0627\u062a\u0643\u0633. \u062a\u062e\u0636\u0639 \u0648\u0627\u0642\u064a\u0627\u062a SKYN \u0627\u0644\u0630\u0643\u0631\u064a\u0629 \u0644\u0627\u062e\u062a\u0628\u0627\u0631\u0627\u062a \u0635\u0627\u0631\u0645\u0629 \u0648\u062a\u064f\u0644\u0628\u064a \u0623\u0639\u0644\u0649 \u0645\u0639\u0627\u064a\u064a\u0631 \u0627\u0644\u0633\u0644\u0627\u0645\u0629. \u0648\u0644\u0645\u0632\u064a\u062f \u0645\u0646 \u0627\u0644\u0627\u062d\u062a\u064a\u0627\u0637\u0627\u062a\u060c \u062a\u064f\u0635\u0646\u064e\u0651\u0639 \u0648\u0627\u0642\u064a\u0627\u062a SKYN \u0627\u0644\u0630\u0643\u0631\u064a\u0629 \u0641\u064a \u0645\u0635\u0646\u0639 \u0645\u0639\u0632\u0648\u0644 \u062a\u0645\u0627\u0645\u064b\u0627 \u0639\u0646 \u0623\u064a \u0645\u0646\u0634\u0623\u0629 \u062a\u064f\u0635\u0646\u0650\u0651\u0639 \u0627\u0644\u0644\u0627\u062a\u0643\u0633 \u0627\u0644\u0645\u0637\u0627\u0637\u064a \u0627\u0644\u0637\u0628\u064a\u0639\u064a. 98% \u0645\u0646 \u0627\u0644\u0623\u0634\u062e\u0627\u0635 \u0627\u0644\u0630\u064a\u0646 \u0627\u062e\u062a\u0628\u0631\u0648\u0627 \u0648\u0627\u0642\u064a\u0627\u062a SKYN \u0627\u0644\u0630\u0643\u0631\u064a\u0629 \u064a\u064f\u0648\u0635\u0648\u0646 \u0628\u0647\u0627! \u0644\u0634\u0639\u0648\u0631 \u062d\u0642\u064a\u0642\u064a\u060c \u062c\u0631\u0650\u0651\u0628 \u0623\u064a\u0636\u064b\u0627 \u0645\u064f\u0632\u0644\u0642\u0627\u062a SKYN \u0627\u0644\u062c\u062f\u064a\u062f\u0629.<\/p>\n<\/div>\n<ul class=\"productSpecifications\" data-mce-fragment=\"1\">\n<li data-mce-fragment=\"1\">\u0627\u0644\u0637\u0648\u0644: 180 \u0645\u0644\u0645<\/li>\n<li data-mce-fragment=\"1\">\u0627\u0644\u0639\u0631\u0636: 53 \u0645\u0644\u0645<\/li>\n<li data-mce-fragment=\"1\">\u0627\u0644\u0645\u0648\u0627\u062f: \u0628\u0648\u0644\u064a \u0625\u064a\u0632\u0648\u0628\u0631\u064a\u0646<\/li>\n<li data-mce-fragment=\"1\">\u0627\u0644\u0633\u0637\u062d: \u0623\u0645\u0644\u0633 \/ \u0644\u0624\u0644\u0624\u064a<\/li>\n<li data-mce-fragment=\"1\">\u0627\u0644\u062e\u0632\u0627\u0646: \u0646\u0639\u0645<\/li>\n<li data-mce-fragment=\"1\">\u0645\u0634\u062d\u0645: \u0646\u0639\u0645<\/li>\n<li data-mce-fragment=\"1\">\u0627\u0644\u0644\u0648\u0646: \u0634\u0641\u0627\u0641<\/li>\n<li data-mce-fragment=\"1\">\u0627\u0644\u0645\u0639\u064a\u0627\u0631: CE<\/li>\n<li data-mce-fragment=\"1\">\u0627\u0644\u0633\u0639\u0629: 5<\/li>\n<li data-mce-fragment=\"1\">\u0627\u0644\u0646\u0643\u0647\u0629: \u0644\u0627 \/ \u0634\u063a\u0641 \u062f\u0627\u064a\u0642\u0648\u064a\u0631\u064a<\/li>\n<\/ul>","protected":false},"excerpt":{"rendered":"<p>Manix Skyn 5 Sences Pr\u00e9servatifs\u00a0imperceptible qui restitue la sensation de ne rien porter. Pack de 5 pr\u00e9servatifs haut de gamme pour EXPERIMENTER DE NOUVELLES SENSATIONS et STIMULER VOS SENS. Pr\u00e9servatifs r\u00e9volutionnaires con\u00e7us en mati\u00e8re SKYNFEEL, la mati\u00e8re presque imperceptible qui restitue la sensation de ne rien porter. 1 pr\u00e9servatif SKYN INTENSE FEEL : TEXTURE INTENSEMENT [&hellip;]<\/p>\n","protected":false},"featured_media":20456,"template":"","meta":{"om_disable_all_campaigns":false},"product_brand":[5519],"product_cat":[15],"product_tag":[5523,5520,5522,5527,5528,5521,5524,5526,5525],"class_list":{"0":"post-20474","1":"product","2":"type-product","3":"status-publish","4":"has-post-thumbnail","6":"product_brand-manix-maroc-prix","7":"product_cat-beaute-sante-complements-alimentaires-soins-et-bien-etre-au-meilleur-prix","8":"product_tag-acheter-manix-maroc","9":"product_tag-manix-maroc","10":"product_tag-manix-original-maroc","11":"product_tag-manix-prix-maroc","12":"product_tag-marque-manix-maroc","13":"product_tag-preservatif-manix-maroc","14":"product_tag-preservatifs-maroc","15":"product_tag-protection-intime-maroc","16":"product_tag-sexualite-responsable-maroc","18":"first","19":"instock","20":"sale","21":"taxable","22":"shipping-taxable","23":"purchasable","24":"product-type-simple"},"yoast_head":"<!-- This site is optimized with the Yoast SEO plugin v27.4 - https:\/\/yoast.com\/product\/yoast-seo-wordpress\/ -->\n<title>Manix Skyn 5 Sences Pr\u00e9servatifs 5 Unit\u00e9s - Maroc Prix<\/title>\n<meta name=\"description\" content=\"Manix Skyn 5 Sences 5 Pr\u00e9servatifs ultra-fins et lubrifi\u00e9s. Protection fiable et sensations intenses pour des moments intimes confortables et s\u00e9curis\u00e9s.\" \/>\n<meta name=\"robots\" content=\"index, follow, max-snippet:-1, max-image-preview:large, max-video-preview:-1\" \/>\n<link rel=\"canonical\" href=\"https:\/\/vitablanca.ma\/ar\/product-2\/manix-skyn-5-sences-preservatifs-5-unites\/\" \/>\n<meta property=\"og:locale\" content=\"ar_AR\" \/>\n<meta property=\"og:type\" content=\"article\" \/>\n<meta property=\"og:title\" content=\"Manix Skyn 5 Sences Pr\u00e9servatifs 5 Unit\u00e9s - Maroc Prix\" \/>\n<meta property=\"og:description\" content=\"Manix Skyn 5 Sences 5 Pr\u00e9servatifs ultra-fins et lubrifi\u00e9s. Protection fiable et sensations intenses pour des moments intimes confortables et s\u00e9curis\u00e9s.\" \/>\n<meta property=\"og:url\" content=\"https:\/\/vitablanca.ma\/ar\/product-2\/manix-skyn-5-sences-preservatifs-5-unites\/\" \/>\n<meta property=\"og:site_name\" content=\"Vitablanca.ma &ndash; Sant&eacute;, vitalit&eacute; et bien-&ecirc;tre pour tous les Marocains\" \/>\n<meta property=\"article:publisher\" content=\"https:\/\/www.facebook.com\/profile.php?id=61576678196717\" \/>\n<meta property=\"article:modified_time\" content=\"2026-02-23T01:33:09+00:00\" \/>\n<meta property=\"og:image\" content=\"https:\/\/vitablanca.ma\/wp-content\/uploads\/2025\/06\/Manix-Skyn-5-Senses-Preservatifs-5-Unites-nova-parapharmacie-maroc.png\" \/>\n\t<meta property=\"og:image:width\" content=\"1000\" \/>\n\t<meta property=\"og:image:height\" content=\"1000\" \/>\n\t<meta property=\"og:image:type\" content=\"image\/png\" \/>\n<meta name=\"twitter:card\" content=\"summary_large_image\" \/>\n<meta name=\"twitter:label1\" content=\"\u0648\u0642\u062a \u0627\u0644\u0642\u0631\u0627\u0621\u0629 \u0627\u0644\u0645\u064f\u0642\u062f\u0651\u0631\" \/>\n\t<meta name=\"twitter:data1\" content=\"3 \u062f\u0642\u0627\u0626\u0642\" \/>\n<script type=\"application\/ld+json\" class=\"yoast-schema-graph\">{\"@context\":\"https:\\\/\\\/schema.org\",\"@graph\":[{\"@type\":[\"WebPage\",\"ItemPage\"],\"@id\":\"https:\\\/\\\/vitablanca.ma\\\/produit\\\/manix-skyn-5-sences-preservatifs-5-unites\\\/\",\"url\":\"https:\\\/\\\/vitablanca.ma\\\/produit\\\/manix-skyn-5-sences-preservatifs-5-unites\\\/\",\"name\":\"Manix Skyn 5 Sences Pr\u00e9servatifs 5 Unit\u00e9s - Maroc Prix\",\"isPartOf\":{\"@id\":\"https:\\\/\\\/vitablanca.ma\\\/#website\"},\"primaryImageOfPage\":{\"@id\":\"https:\\\/\\\/vitablanca.ma\\\/produit\\\/manix-skyn-5-sences-preservatifs-5-unites\\\/#primaryimage\"},\"image\":{\"@id\":\"https:\\\/\\\/vitablanca.ma\\\/produit\\\/manix-skyn-5-sences-preservatifs-5-unites\\\/#primaryimage\"},\"thumbnailUrl\":\"https:\\\/\\\/vitablanca.ma\\\/wp-content\\\/uploads\\\/2025\\\/06\\\/Manix-Skyn-5-Senses-Preservatifs-5-Unites-nova-parapharmacie-maroc.png\",\"datePublished\":\"2025-06-10T18:36:55+00:00\",\"dateModified\":\"2026-02-23T01:33:09+00:00\",\"description\":\"Manix Skyn 5 Sences 5 Pr\u00e9servatifs ultra-fins et lubrifi\u00e9s. Protection fiable et sensations intenses pour des moments intimes confortables et s\u00e9curis\u00e9s.\",\"breadcrumb\":{\"@id\":\"https:\\\/\\\/vitablanca.ma\\\/produit\\\/manix-skyn-5-sences-preservatifs-5-unites\\\/#breadcrumb\"},\"inLanguage\":\"ar\",\"potentialAction\":[{\"@type\":\"ReadAction\",\"target\":[\"https:\\\/\\\/vitablanca.ma\\\/produit\\\/manix-skyn-5-sences-preservatifs-5-unites\\\/\"]}]},{\"@type\":\"ImageObject\",\"inLanguage\":\"ar\",\"@id\":\"https:\\\/\\\/vitablanca.ma\\\/produit\\\/manix-skyn-5-sences-preservatifs-5-unites\\\/#primaryimage\",\"url\":\"https:\\\/\\\/vitablanca.ma\\\/wp-content\\\/uploads\\\/2025\\\/06\\\/Manix-Skyn-5-Senses-Preservatifs-5-Unites-nova-parapharmacie-maroc.png\",\"contentUrl\":\"https:\\\/\\\/vitablanca.ma\\\/wp-content\\\/uploads\\\/2025\\\/06\\\/Manix-Skyn-5-Senses-Preservatifs-5-Unites-nova-parapharmacie-maroc.png\",\"width\":1000,\"height\":1000},{\"@type\":\"BreadcrumbList\",\"@id\":\"https:\\\/\\\/vitablanca.ma\\\/produit\\\/manix-skyn-5-sences-preservatifs-5-unites\\\/#breadcrumb\",\"itemListElement\":[{\"@type\":\"ListItem\",\"position\":1,\"name\":\"Home\",\"item\":\"https:\\\/\\\/vitablanca.ma\\\/\"},{\"@type\":\"ListItem\",\"position\":2,\"name\":\"Tous Les Produits\",\"item\":\"https:\\\/\\\/vitablanca.ma\\\/tous-les-produits\\\/\"},{\"@type\":\"ListItem\",\"position\":3,\"name\":\"Manix Skyn 5 Sences Pr\u00e9servatifs 5 Unit\u00e9s\"}]},{\"@type\":\"WebSite\",\"@id\":\"https:\\\/\\\/vitablanca.ma\\\/#website\",\"url\":\"https:\\\/\\\/vitablanca.ma\\\/\",\"name\":\"VitaBlanca.ma | Compl\u00e9ments alimentaires, sant\u00e9 & beaut\u00e9 au Maroc\",\"description\":\"vendre vitamines et compl\u00e9ments premium des USA &amp; Canada, Nouvelle Z\u00e9lande,Maroc (NOW Foods, Solgar, Manuka). Livraison rapide partout au Maroc.\",\"publisher\":{\"@id\":\"https:\\\/\\\/vitablanca.ma\\\/#organization\"},\"alternateName\":\"VitaBlanca.ma\",\"potentialAction\":[{\"@type\":\"SearchAction\",\"target\":{\"@type\":\"EntryPoint\",\"urlTemplate\":\"https:\\\/\\\/vitablanca.ma\\\/?s={search_term_string}\"},\"query-input\":{\"@type\":\"PropertyValueSpecification\",\"valueRequired\":true,\"valueName\":\"search_term_string\"}}],\"inLanguage\":\"ar\"},{\"@type\":\"Organization\",\"@id\":\"https:\\\/\\\/vitablanca.ma\\\/#organization\",\"name\":\"VitaBlanca\",\"url\":\"https:\\\/\\\/vitablanca.ma\\\/\",\"logo\":{\"@type\":\"ImageObject\",\"inLanguage\":\"ar\",\"@id\":\"https:\\\/\\\/vitablanca.ma\\\/#\\\/schema\\\/logo\\\/image\\\/\",\"url\":\"https:\\\/\\\/vitablanca.ma\\\/wp-content\\\/uploads\\\/2025\\\/05\\\/cropped-vitablanca.png\",\"contentUrl\":\"https:\\\/\\\/vitablanca.ma\\\/wp-content\\\/uploads\\\/2025\\\/05\\\/cropped-vitablanca.png\",\"width\":360,\"height\":67,\"caption\":\"VitaBlanca\"},\"image\":{\"@id\":\"https:\\\/\\\/vitablanca.ma\\\/#\\\/schema\\\/logo\\\/image\\\/\"},\"sameAs\":[\"https:\\\/\\\/www.facebook.com\\\/profile.php?id=61576678196717\",\"https:\\\/\\\/www.tiktok.com\\\/@vitablanca.ma\",\"https:\\\/\\\/www.instagram.com\\\/vitablanca.ma\\\/\"]}]}<\/script>\n<!-- \/ Yoast SEO plugin. -->","yoast_head_json":{"title":"\u0648\u0627\u0642\u064a \u0630\u0643\u0631\u064a \u0645\u0627\u0646\u064a\u0643\u0633 \u0633\u0643\u064a\u0646 5 \u0633\u0646\u0633\u064a\u0632 5 \u0648\u062d\u062f\u0627\u062a - \u0633\u0639\u0631 \u0627\u0644\u0645\u063a\u0631\u0628","description":"Manix Skyn 5 Sences 5 Pr\u00e9servatifs ultra-fins et lubrifi\u00e9s. Protection fiable et sensations intenses pour des moments intimes confortables et s\u00e9curis\u00e9s.","robots":{"index":"index","follow":"follow","max-snippet":"max-snippet:-1","max-image-preview":"max-image-preview:large","max-video-preview":"max-video-preview:-1"},"canonical":"https:\/\/vitablanca.ma\/ar\/product-2\/manix-skyn-5-sences-preservatifs-5-unites\/","og_locale":"ar_AR","og_type":"article","og_title":"Manix Skyn 5 Sences Pr\u00e9servatifs 5 Unit\u00e9s - Maroc Prix","og_description":"Manix Skyn 5 Sences 5 Pr\u00e9servatifs ultra-fins et lubrifi\u00e9s. Protection fiable et sensations intenses pour des moments intimes confortables et s\u00e9curis\u00e9s.","og_url":"https:\/\/vitablanca.ma\/ar\/product-2\/manix-skyn-5-sences-preservatifs-5-unites\/","og_site_name":"Vitablanca.ma &ndash; Sant&eacute;, vitalit&eacute; et bien-&ecirc;tre pour tous les Marocains","article_publisher":"https:\/\/www.facebook.com\/profile.php?id=61576678196717","article_modified_time":"2026-02-23T01:33:09+00:00","og_image":[{"width":1000,"height":1000,"url":"https:\/\/vitablanca.ma\/wp-content\/uploads\/2025\/06\/Manix-Skyn-5-Senses-Preservatifs-5-Unites-nova-parapharmacie-maroc.png","type":"image\/png"}],"twitter_card":"summary_large_image","twitter_misc":{"\u0648\u0642\u062a \u0627\u0644\u0642\u0631\u0627\u0621\u0629 \u0627\u0644\u0645\u064f\u0642\u062f\u0651\u0631":"3 \u062f\u0642\u0627\u0626\u0642"},"schema":{"@context":"https:\/\/schema.org","@graph":[{"@type":["WebPage","ItemPage"],"@id":"https:\/\/vitablanca.ma\/produit\/manix-skyn-5-sences-preservatifs-5-unites\/","url":"https:\/\/vitablanca.ma\/produit\/manix-skyn-5-sences-preservatifs-5-unites\/","name":"\u0648\u0627\u0642\u064a \u0630\u0643\u0631\u064a \u0645\u0627\u0646\u064a\u0643\u0633 \u0633\u0643\u064a\u0646 5 \u0633\u0646\u0633\u064a\u0632 5 \u0648\u062d\u062f\u0627\u062a - \u0633\u0639\u0631 \u0627\u0644\u0645\u063a\u0631\u0628","isPartOf":{"@id":"https:\/\/vitablanca.ma\/#website"},"primaryImageOfPage":{"@id":"https:\/\/vitablanca.ma\/produit\/manix-skyn-5-sences-preservatifs-5-unites\/#primaryimage"},"image":{"@id":"https:\/\/vitablanca.ma\/produit\/manix-skyn-5-sences-preservatifs-5-unites\/#primaryimage"},"thumbnailUrl":"https:\/\/vitablanca.ma\/wp-content\/uploads\/2025\/06\/Manix-Skyn-5-Senses-Preservatifs-5-Unites-nova-parapharmacie-maroc.png","datePublished":"2025-06-10T18:36:55+00:00","dateModified":"2026-02-23T01:33:09+00:00","description":"Manix Skyn 5 Sences 5 Pr\u00e9servatifs ultra-fins et lubrifi\u00e9s. Protection fiable et sensations intenses pour des moments intimes confortables et s\u00e9curis\u00e9s.","breadcrumb":{"@id":"https:\/\/vitablanca.ma\/produit\/manix-skyn-5-sences-preservatifs-5-unites\/#breadcrumb"},"inLanguage":"ar","potentialAction":[{"@type":"ReadAction","target":["https:\/\/vitablanca.ma\/produit\/manix-skyn-5-sences-preservatifs-5-unites\/"]}]},{"@type":"ImageObject","inLanguage":"ar","@id":"https:\/\/vitablanca.ma\/produit\/manix-skyn-5-sences-preservatifs-5-unites\/#primaryimage","url":"https:\/\/vitablanca.ma\/wp-content\/uploads\/2025\/06\/Manix-Skyn-5-Senses-Preservatifs-5-Unites-nova-parapharmacie-maroc.png","contentUrl":"https:\/\/vitablanca.ma\/wp-content\/uploads\/2025\/06\/Manix-Skyn-5-Senses-Preservatifs-5-Unites-nova-parapharmacie-maroc.png","width":1000,"height":1000},{"@type":"BreadcrumbList","@id":"https:\/\/vitablanca.ma\/produit\/manix-skyn-5-sences-preservatifs-5-unites\/#breadcrumb","itemListElement":[{"@type":"ListItem","position":1,"name":"Home","item":"https:\/\/vitablanca.ma\/"},{"@type":"ListItem","position":2,"name":"Tous Les Produits","item":"https:\/\/vitablanca.ma\/tous-les-produits\/"},{"@type":"ListItem","position":3,"name":"Manix Skyn 5 Sences Pr\u00e9servatifs 5 Unit\u00e9s"}]},{"@type":"WebSite","@id":"https:\/\/vitablanca.ma\/#website","url":"https:\/\/vitablanca.ma\/","name":"VitaBlanca.ma | \u0627\u0644\u0645\u0643\u0645\u0644\u0627\u062a \u0627\u0644\u063a\u0630\u0627\u0626\u064a\u0629\u060c \u0627\u0644\u0635\u062d\u0629 \u0648\u0627\u0644\u062c\u0645\u0627\u0644 \u0641\u064a \u0627\u0644\u0645\u063a\u0631\u0628","description":"\u0646\u0628\u064a\u0639 \u0641\u064a\u062a\u0627\u0645\u064a\u0646\u0627\u062a \u0648\u0645\u0643\u0645\u0644\u0627\u062a \u063a\u0630\u0627\u0626\u064a\u0629 \u0641\u0627\u062e\u0631\u0629 \u0645\u0646 \u0627\u0644\u0648\u0644\u0627\u064a\u0627\u062a \u0627\u0644\u0645\u062a\u062d\u062f\u0629 \u0627\u0644\u0623\u0645\u0631\u064a\u0643\u064a\u0629 \u0648\u0643\u0646\u062f\u0627 \u0648\u0646\u064a\u0648\u0632\u064a\u0644\u0646\u062f\u0627 \u0648\u0627\u0644\u0645\u063a\u0631\u0628 (\u0646\u0627\u0648 \u0641\u0648\u062f\u0632\u060c \u0633\u0648\u0644\u062c\u0627\u0631\u060c \u0645\u0627\u0646\u0648\u0643\u0627). \u062a\u0648\u0635\u064a\u0644 \u0633\u0631\u064a\u0639 \u0625\u0644\u0649 \u062c\u0645\u064a\u0639 \u0623\u0646\u062d\u0627\u0621 \u0627\u0644\u0645\u063a\u0631\u0628.","publisher":{"@id":"https:\/\/vitablanca.ma\/#organization"},"alternateName":"VitaBlanca.ma","potentialAction":[{"@type":"SearchAction","target":{"@type":"EntryPoint","urlTemplate":"https:\/\/vitablanca.ma\/?s={search_term_string}"},"query-input":{"@type":"PropertyValueSpecification","valueRequired":true,"valueName":"search_term_string"}}],"inLanguage":"ar"},{"@type":"Organization","@id":"https:\/\/vitablanca.ma\/#organization","name":"\u0641\u064a\u062a\u0627\u0628\u0644\u0627\u0646\u0643\u0627","url":"https:\/\/vitablanca.ma\/","logo":{"@type":"ImageObject","inLanguage":"ar","@id":"https:\/\/vitablanca.ma\/#\/schema\/logo\/image\/","url":"https:\/\/vitablanca.ma\/wp-content\/uploads\/2025\/05\/cropped-vitablanca.png","contentUrl":"https:\/\/vitablanca.ma\/wp-content\/uploads\/2025\/05\/cropped-vitablanca.png","width":360,"height":67,"caption":"VitaBlanca"},"image":{"@id":"https:\/\/vitablanca.ma\/#\/schema\/logo\/image\/"},"sameAs":["https:\/\/www.facebook.com\/profile.php?id=61576678196717","https:\/\/www.tiktok.com\/@vitablanca.ma","https:\/\/www.instagram.com\/vitablanca.ma\/"]}]}},"jetpack_sharing_enabled":true,"_links":{"self":[{"href":"https:\/\/vitablanca.ma\/ar\/wp-json\/wp\/v2\/product\/20474","targetHints":{"allow":["GET"]}}],"collection":[{"href":"https:\/\/vitablanca.ma\/ar\/wp-json\/wp\/v2\/product"}],"about":[{"href":"https:\/\/vitablanca.ma\/ar\/wp-json\/wp\/v2\/types\/product"}],"wp:featuredmedia":[{"embeddable":true,"href":"https:\/\/vitablanca.ma\/ar\/wp-json\/wp\/v2\/media\/20456"}],"wp:attachment":[{"href":"https:\/\/vitablanca.ma\/ar\/wp-json\/wp\/v2\/media?parent=20474"}],"wp:term":[{"taxonomy":"product_brand","embeddable":true,"href":"https:\/\/vitablanca.ma\/ar\/wp-json\/wp\/v2\/product_brand?post=20474"},{"taxonomy":"product_cat","embeddable":true,"href":"https:\/\/vitablanca.ma\/ar\/wp-json\/wp\/v2\/product_cat?post=20474"},{"taxonomy":"product_tag","embeddable":true,"href":"https:\/\/vitablanca.ma\/ar\/wp-json\/wp\/v2\/product_tag?post=20474"}],"curies":[{"name":"wp","href":"https:\/\/api.w.org\/{rel}","templated":true}]}}