{"id":20468,"date":"2025-06-10T18:36:47","date_gmt":"2025-06-10T18:36:47","guid":{"rendered":"https:\/\/vitablanca.ma\/product\/lierac-hydragenist-le-creme-rehydratant-eclat-recharge-50ml\/"},"modified":"2026-02-23T01:39:46","modified_gmt":"2026-02-23T01:39:46","slug":"lierac-hydragenist-le-creme-rehydratant-eclat-recharge-50ml","status":"publish","type":"product","link":"https:\/\/vitablanca.ma\/ar\/product-2\/lierac-hydragenist-le-creme-rehydratant-eclat-recharge-50ml\/","title":{"rendered":"Lierac Hydragenist Le Cr\u00e8me R\u00e9hydratant \u00c9clat Recharge 50ml"},"content":{"rendered":"<h2>Lierac Hydragenist Le Cr\u00e8me R\u00e9hydratant \u00c9clat\u00a0fond d\u00e9licatement sur la peau pour lui offrir hydratation intense et sensation de confort imm\u00e9diat.<\/h2>\n<p class=\"p\">Formul\u00e9 \u00e0 98% d\u2019ingr\u00e9dients d\u2019origine naturelle, Cr\u00e8me R\u00e9hydratant\u00a0\u00c9clat fond d\u00e9licatement sur la peau pour lui offrir hydratation intense et sensation de confort imm\u00e9diat. Sa texture fine, onctueuse et r\u00e9confortante enveloppe la peau d\u2019un voile de douceur.<br \/>\nLes peaux normales \u00e0 s\u00e8ches peuvent enfin concilier confort et l\u00e9g\u00e8ret\u00e9.<\/p>\n<p>Imm\u00e9diatement apr\u00e8s application, la peau est belle et souple. Elle est durablement hydrat\u00e9e. Les sensations d\u2019inconfort et de tiraillement disparaissent.<br \/>\nFormul\u00e9e pour convenir aux peaux normales \u00e0 s\u00e8ches, m\u00eame sensibles*.<\/p>\n<h3 class=\"p\"><strong data-mce-fragment=\"1\">B\u00e9n\u00e9fices<\/strong><\/h3>\n<p>Issue de la Recherche LIERAC sur les m\u00e9canismes d\u2019hydratation de la peau, la nouvelle gamme Hydragenist est enrichie d\u2019une technologie double action :<br \/>\n&#8211; une action hydratante sur le long terme, gr\u00e2ce \u00e0 un ferment r\u00e9hydratant unique qui booste durablement les m\u00e9canismes naturels d\u2019hydratation de la peau<br \/>\n&#8211; une action hydratante imm\u00e9diate, gr\u00e2ce \u00e0 de l\u2019acide hyaluronique de haut poids mol\u00e9culaire qui apporte du confort et de l\u2019\u00e9clat \u00e0 toutes les peaux, m\u00eames les plus assoiff\u00e9es.<\/p>\n<h3>Conseils d&rsquo;application<\/h3>\n<div class=\"mt-4 mb-2 lg:mb-8 max-w-[1270px] mx-auto px-4\" data-v-c7b8b77c=\"\">\n<div class=\"productTwoBlocks blocksReversed grid grid-cols-1 gap-8 lg:grid-cols-2 items-center text-sm\" data-v-c7b8b77c=\"\">\n<div>\n<div class=\"mt-4 mb-2 lg:mb-8 max-w-[1270px] mx-auto px-4\" data-v-c7b8b77c=\"\">\n<div class=\"productTwoBlocks blocksReversed grid grid-cols-1 gap-8 lg:grid-cols-2 items-center text-sm\" data-v-c7b8b77c=\"\">\n<div>\n<div class=\"mt-4 mb-2 lg:mb-8 max-w-[1270px] mx-auto px-4\" data-v-c7b8b77c=\"\">\n<div class=\"productTwoBlocks blocksReversed grid grid-cols-1 gap-8 lg:grid-cols-2 items-center text-sm\" data-v-c7b8b77c=\"\">\n<div>\n<p>Appliquer le matin et le soir sur le visage et le cou.<\/p>\n<h3>Ingredients<\/h3>\n<\/div>\n<\/div>\n<\/div>\n<div class=\"mt-4 mb-2 lg:mb-8 max-w-[1270px] mx-auto px-4\" data-v-c7b8b77c=\"\">\n<div class=\"productTwoBlocks blocksReversed grid grid-cols-1 gap-8 lg:grid-cols-2 items-center text-sm\" data-v-c7b8b77c=\"\">\n<div data-v-c7b8b77c=\"\">AQUA \/ WATER \/ EAU. GLYCERIN. C15-19 ALKANE. ISOSTEARYL ISOSTEARATE. SQUALANE. PROPANEDIOL. BUTYROSPERMUM PARKII (SHEA) BUTTER. CETYL STEARATE. C10-18 TRIGLYCERIDES. CETYL PALMITATE. CETYL ALCOHOL. POTASSIUM CETYL PHOSPHATE. CARBOMER. PARFUM \/ FRAGRANCE. CAESALPINIA SPINOSA GUM. ETHYLHEXYLGLYCERIN. SODIUM BENZOATE. SODIUM HYALURONATE. TOCOPHEROL. SODIUM HYDROXIDE. STEARIC ACID. HELIANTHUS ANNUUS (SUNFLOWER) SEED OIL. BACILLUS FERMENT. 4101A<\/div>\n<\/div>\n<\/div>\n<div id=\"reviews\" class=\"mb-8 max-w-[950px] mx-auto px-4\" data-v-c7b8b77c=\"\">\n<div class=\"mb-2 lg:mb-8\" data-v-c7b8b77c=\"\"><\/div>\n<\/div>\n<\/div>\n<\/div>\n<\/div>\n<div class=\"mt-4 mb-2 lg:mb-8 max-w-[1270px] mx-auto px-4\" data-v-c7b8b77c=\"\">\n<div class=\"productTwoBlocks blocksReversed grid grid-cols-1 gap-8 lg:grid-cols-2 items-center text-sm\" data-v-c7b8b77c=\"\">\n<div data-v-c7b8b77c=\"\"><\/div>\n<\/div>\n<\/div>\n<div id=\"reviews\" class=\"mb-8 max-w-[950px] mx-auto px-4\" data-v-c7b8b77c=\"\">\n<div class=\"mb-2 lg:mb-8\" data-v-c7b8b77c=\"\"><\/div>\n<\/div>\n<\/div>\n<\/div>\n<\/div>\n<div class=\"mt-4 mb-2 lg:mb-8 max-w-[1270px] mx-auto px-4\" data-v-c7b8b77c=\"\">\n<div class=\"productTwoBlocks blocksReversed grid grid-cols-1 gap-8 lg:grid-cols-2 items-center text-sm\" data-v-c7b8b77c=\"\"><\/div>\n<\/div>\n","protected":false},"excerpt":{"rendered":"<p>Lierac Hydragenist Le Cr\u00e8me R\u00e9hydratant \u00c9clat\u00a0fond d\u00e9licatement sur la peau pour lui offrir hydratation intense et sensation de confort imm\u00e9diat. Formul\u00e9 \u00e0 98% d\u2019ingr\u00e9dients d\u2019origine naturelle, Cr\u00e8me R\u00e9hydratant\u00a0\u00c9clat fond d\u00e9licatement sur la peau pour lui offrir hydratation intense et sensation de confort imm\u00e9diat. Sa texture fine, onctueuse et r\u00e9confortante enveloppe la peau d\u2019un voile de [&hellip;]<\/p>\n","protected":false},"featured_media":20466,"template":"","meta":{"om_disable_all_campaigns":false},"product_brand":[],"product_cat":[15],"product_tag":[10606,10605,10610,10553,10556,7204,10552,10548,10393,10607,10608,10550,10609,6547,10583],"class_list":{"0":"post-20468","1":"product","2":"type-product","3":"status-publish","4":"has-post-thumbnail","6":"product_cat-beaute-sante-complements-alimentaires-soins-et-bien-etre-au-meilleur-prix","7":"product_tag-creme-eclat-visage","8":"product_tag-creme-rehydratante-visage","9":"product_tag-creme-visage-confortable","10":"product_tag-gel-creme-revitalisant","11":"product_tag-hydratation-et-eclat-visage","12":"product_tag-hydratation-intense-peau","13":"product_tag-lierac-50ml","14":"product_tag-lierac-hydragenist","15":"product_tag-lierac-maroc","16":"product_tag-peau-repulpee-et-douce","17":"product_tag-routine-beaute-hydratation","18":"product_tag-soin-peau-deshydratee","19":"product_tag-soin-peau-lumineuse","20":"product_tag-soin-quotidien-visage","21":"product_tag-teint-lumineux-et-frais","23":"first","24":"instock","25":"sale","26":"taxable","27":"shipping-taxable","28":"purchasable","29":"product-type-simple"},"yoast_head":"<!-- This site is optimized with the Yoast SEO plugin v27.4 - https:\/\/yoast.com\/product\/yoast-seo-wordpress\/ -->\n<title>Lierac Hydragenist Le Cr\u00e8me R\u00e9hydratant \u00c9clat 50ml - Maroc Prix<\/title>\n<meta name=\"description\" content=\"Lierac Hydragenist Cr\u00e8me R\u00e9hydratante \u00c9clat Recharge 50\u202fml, hydrate intens\u00e9ment la peau d\u00e9shydrat\u00e9e, repulpe et redonne \u00e9clat pour un teint frais .\" \/>\n<meta name=\"robots\" content=\"index, follow, max-snippet:-1, max-image-preview:large, max-video-preview:-1\" \/>\n<link rel=\"canonical\" href=\"https:\/\/vitablanca.ma\/ar\/product-2\/lierac-hydragenist-le-creme-rehydratant-eclat-recharge-50ml\/\" \/>\n<meta property=\"og:locale\" content=\"ar_AR\" \/>\n<meta property=\"og:type\" content=\"article\" \/>\n<meta property=\"og:title\" content=\"Lierac Hydragenist Le Cr\u00e8me R\u00e9hydratant \u00c9clat 50ml - Maroc Prix\" \/>\n<meta property=\"og:description\" content=\"Lierac Hydragenist Cr\u00e8me R\u00e9hydratante \u00c9clat Recharge 50\u202fml, hydrate intens\u00e9ment la peau d\u00e9shydrat\u00e9e, repulpe et redonne \u00e9clat pour un teint frais .\" \/>\n<meta property=\"og:url\" content=\"https:\/\/vitablanca.ma\/ar\/product-2\/lierac-hydragenist-le-creme-rehydratant-eclat-recharge-50ml\/\" \/>\n<meta property=\"og:site_name\" content=\"Vitablanca.ma &ndash; Sant&eacute;, vitalit&eacute; et bien-&ecirc;tre pour tous les Marocains\" \/>\n<meta property=\"article:publisher\" content=\"https:\/\/www.facebook.com\/profile.php?id=61576678196717\" \/>\n<meta property=\"article:modified_time\" content=\"2026-02-23T01:39:46+00:00\" \/>\n<meta property=\"og:image\" content=\"https:\/\/vitablanca.ma\/wp-content\/uploads\/2025\/06\/Lierac-Hydragenist-Le-Creme-Rehydratant-Eclat-Recharge-50ml-novapara-maroc.jpg\" \/>\n\t<meta property=\"og:image:width\" content=\"1000\" \/>\n\t<meta property=\"og:image:height\" content=\"1000\" \/>\n\t<meta property=\"og:image:type\" content=\"image\/jpeg\" \/>\n<meta name=\"twitter:card\" content=\"summary_large_image\" \/>\n<meta name=\"twitter:label1\" content=\"\u0648\u0642\u062a \u0627\u0644\u0642\u0631\u0627\u0621\u0629 \u0627\u0644\u0645\u064f\u0642\u062f\u0651\u0631\" \/>\n\t<meta name=\"twitter:data1\" content=\"\u062f\u0642\u064a\u0642\u062a\u0627\u0646\" \/>\n<script type=\"application\/ld+json\" class=\"yoast-schema-graph\">{\"@context\":\"https:\\\/\\\/schema.org\",\"@graph\":[{\"@type\":[\"WebPage\",\"ItemPage\"],\"@id\":\"https:\\\/\\\/vitablanca.ma\\\/produit\\\/lierac-hydragenist-le-creme-rehydratant-eclat-recharge-50ml\\\/\",\"url\":\"https:\\\/\\\/vitablanca.ma\\\/produit\\\/lierac-hydragenist-le-creme-rehydratant-eclat-recharge-50ml\\\/\",\"name\":\"Lierac Hydragenist Le Cr\u00e8me R\u00e9hydratant \u00c9clat 50ml - Maroc Prix\",\"isPartOf\":{\"@id\":\"https:\\\/\\\/vitablanca.ma\\\/#website\"},\"primaryImageOfPage\":{\"@id\":\"https:\\\/\\\/vitablanca.ma\\\/produit\\\/lierac-hydragenist-le-creme-rehydratant-eclat-recharge-50ml\\\/#primaryimage\"},\"image\":{\"@id\":\"https:\\\/\\\/vitablanca.ma\\\/produit\\\/lierac-hydragenist-le-creme-rehydratant-eclat-recharge-50ml\\\/#primaryimage\"},\"thumbnailUrl\":\"https:\\\/\\\/vitablanca.ma\\\/wp-content\\\/uploads\\\/2025\\\/06\\\/Lierac-Hydragenist-Le-Creme-Rehydratant-Eclat-Recharge-50ml-novapara-maroc.jpg\",\"datePublished\":\"2025-06-10T18:36:47+00:00\",\"dateModified\":\"2026-02-23T01:39:46+00:00\",\"description\":\"Lierac Hydragenist Cr\u00e8me R\u00e9hydratante \u00c9clat Recharge 50\u202fml, hydrate intens\u00e9ment la peau d\u00e9shydrat\u00e9e, repulpe et redonne \u00e9clat pour un teint frais .\",\"breadcrumb\":{\"@id\":\"https:\\\/\\\/vitablanca.ma\\\/produit\\\/lierac-hydragenist-le-creme-rehydratant-eclat-recharge-50ml\\\/#breadcrumb\"},\"inLanguage\":\"ar\",\"potentialAction\":[{\"@type\":\"ReadAction\",\"target\":[\"https:\\\/\\\/vitablanca.ma\\\/produit\\\/lierac-hydragenist-le-creme-rehydratant-eclat-recharge-50ml\\\/\"]}]},{\"@type\":\"ImageObject\",\"inLanguage\":\"ar\",\"@id\":\"https:\\\/\\\/vitablanca.ma\\\/produit\\\/lierac-hydragenist-le-creme-rehydratant-eclat-recharge-50ml\\\/#primaryimage\",\"url\":\"https:\\\/\\\/vitablanca.ma\\\/wp-content\\\/uploads\\\/2025\\\/06\\\/Lierac-Hydragenist-Le-Creme-Rehydratant-Eclat-Recharge-50ml-novapara-maroc.jpg\",\"contentUrl\":\"https:\\\/\\\/vitablanca.ma\\\/wp-content\\\/uploads\\\/2025\\\/06\\\/Lierac-Hydragenist-Le-Creme-Rehydratant-Eclat-Recharge-50ml-novapara-maroc.jpg\",\"width\":1000,\"height\":1000},{\"@type\":\"BreadcrumbList\",\"@id\":\"https:\\\/\\\/vitablanca.ma\\\/produit\\\/lierac-hydragenist-le-creme-rehydratant-eclat-recharge-50ml\\\/#breadcrumb\",\"itemListElement\":[{\"@type\":\"ListItem\",\"position\":1,\"name\":\"Home\",\"item\":\"https:\\\/\\\/vitablanca.ma\\\/\"},{\"@type\":\"ListItem\",\"position\":2,\"name\":\"Tous Les Produits\",\"item\":\"https:\\\/\\\/vitablanca.ma\\\/tous-les-produits\\\/\"},{\"@type\":\"ListItem\",\"position\":3,\"name\":\"Lierac Hydragenist Le Cr\u00e8me R\u00e9hydratant \u00c9clat Recharge 50ml\"}]},{\"@type\":\"WebSite\",\"@id\":\"https:\\\/\\\/vitablanca.ma\\\/#website\",\"url\":\"https:\\\/\\\/vitablanca.ma\\\/\",\"name\":\"VitaBlanca.ma | Compl\u00e9ments alimentaires, sant\u00e9 & beaut\u00e9 au Maroc\",\"description\":\"vendre vitamines et compl\u00e9ments premium des USA &amp; Canada, Nouvelle Z\u00e9lande,Maroc (NOW Foods, Solgar, Manuka). Livraison rapide partout au Maroc.\",\"publisher\":{\"@id\":\"https:\\\/\\\/vitablanca.ma\\\/#organization\"},\"alternateName\":\"VitaBlanca.ma\",\"potentialAction\":[{\"@type\":\"SearchAction\",\"target\":{\"@type\":\"EntryPoint\",\"urlTemplate\":\"https:\\\/\\\/vitablanca.ma\\\/?s={search_term_string}\"},\"query-input\":{\"@type\":\"PropertyValueSpecification\",\"valueRequired\":true,\"valueName\":\"search_term_string\"}}],\"inLanguage\":\"ar\"},{\"@type\":\"Organization\",\"@id\":\"https:\\\/\\\/vitablanca.ma\\\/#organization\",\"name\":\"VitaBlanca\",\"url\":\"https:\\\/\\\/vitablanca.ma\\\/\",\"logo\":{\"@type\":\"ImageObject\",\"inLanguage\":\"ar\",\"@id\":\"https:\\\/\\\/vitablanca.ma\\\/#\\\/schema\\\/logo\\\/image\\\/\",\"url\":\"https:\\\/\\\/vitablanca.ma\\\/wp-content\\\/uploads\\\/2025\\\/05\\\/cropped-vitablanca.png\",\"contentUrl\":\"https:\\\/\\\/vitablanca.ma\\\/wp-content\\\/uploads\\\/2025\\\/05\\\/cropped-vitablanca.png\",\"width\":360,\"height\":67,\"caption\":\"VitaBlanca\"},\"image\":{\"@id\":\"https:\\\/\\\/vitablanca.ma\\\/#\\\/schema\\\/logo\\\/image\\\/\"},\"sameAs\":[\"https:\\\/\\\/www.facebook.com\\\/profile.php?id=61576678196717\",\"https:\\\/\\\/www.tiktok.com\\\/@vitablanca.ma\",\"https:\\\/\\\/www.instagram.com\\\/vitablanca.ma\\\/\"]}]}<\/script>\n<!-- \/ Yoast SEO plugin. -->","yoast_head_json":{"title":"Lierac Hydragenist Le Cr\u00e8me R\u00e9hydratant \u00c9clat 50ml - Maroc Prix","description":"Lierac Hydragenist Cr\u00e8me R\u00e9hydratante \u00c9clat Recharge 50\u202fml, hydrate intens\u00e9ment la peau d\u00e9shydrat\u00e9e, repulpe et redonne \u00e9clat pour un teint frais .","robots":{"index":"index","follow":"follow","max-snippet":"max-snippet:-1","max-image-preview":"max-image-preview:large","max-video-preview":"max-video-preview:-1"},"canonical":"https:\/\/vitablanca.ma\/ar\/product-2\/lierac-hydragenist-le-creme-rehydratant-eclat-recharge-50ml\/","og_locale":"ar_AR","og_type":"article","og_title":"Lierac Hydragenist Le Cr\u00e8me R\u00e9hydratant \u00c9clat 50ml - Maroc Prix","og_description":"Lierac Hydragenist Cr\u00e8me R\u00e9hydratante \u00c9clat Recharge 50\u202fml, hydrate intens\u00e9ment la peau d\u00e9shydrat\u00e9e, repulpe et redonne \u00e9clat pour un teint frais .","og_url":"https:\/\/vitablanca.ma\/ar\/product-2\/lierac-hydragenist-le-creme-rehydratant-eclat-recharge-50ml\/","og_site_name":"Vitablanca.ma &ndash; Sant&eacute;, vitalit&eacute; et bien-&ecirc;tre pour tous les Marocains","article_publisher":"https:\/\/www.facebook.com\/profile.php?id=61576678196717","article_modified_time":"2026-02-23T01:39:46+00:00","og_image":[{"width":1000,"height":1000,"url":"https:\/\/vitablanca.ma\/wp-content\/uploads\/2025\/06\/Lierac-Hydragenist-Le-Creme-Rehydratant-Eclat-Recharge-50ml-novapara-maroc.jpg","type":"image\/jpeg"}],"twitter_card":"summary_large_image","twitter_misc":{"\u0648\u0642\u062a \u0627\u0644\u0642\u0631\u0627\u0621\u0629 \u0627\u0644\u0645\u064f\u0642\u062f\u0651\u0631":"\u062f\u0642\u064a\u0642\u062a\u0627\u0646"},"schema":{"@context":"https:\/\/schema.org","@graph":[{"@type":["WebPage","ItemPage"],"@id":"https:\/\/vitablanca.ma\/produit\/lierac-hydragenist-le-creme-rehydratant-eclat-recharge-50ml\/","url":"https:\/\/vitablanca.ma\/produit\/lierac-hydragenist-le-creme-rehydratant-eclat-recharge-50ml\/","name":"Lierac Hydragenist Le Cr\u00e8me R\u00e9hydratant \u00c9clat 50ml - Maroc Prix","isPartOf":{"@id":"https:\/\/vitablanca.ma\/#website"},"primaryImageOfPage":{"@id":"https:\/\/vitablanca.ma\/produit\/lierac-hydragenist-le-creme-rehydratant-eclat-recharge-50ml\/#primaryimage"},"image":{"@id":"https:\/\/vitablanca.ma\/produit\/lierac-hydragenist-le-creme-rehydratant-eclat-recharge-50ml\/#primaryimage"},"thumbnailUrl":"https:\/\/vitablanca.ma\/wp-content\/uploads\/2025\/06\/Lierac-Hydragenist-Le-Creme-Rehydratant-Eclat-Recharge-50ml-novapara-maroc.jpg","datePublished":"2025-06-10T18:36:47+00:00","dateModified":"2026-02-23T01:39:46+00:00","description":"Lierac Hydragenist Cr\u00e8me R\u00e9hydratante \u00c9clat Recharge 50\u202fml, hydrate intens\u00e9ment la peau d\u00e9shydrat\u00e9e, repulpe et redonne \u00e9clat pour un teint frais .","breadcrumb":{"@id":"https:\/\/vitablanca.ma\/produit\/lierac-hydragenist-le-creme-rehydratant-eclat-recharge-50ml\/#breadcrumb"},"inLanguage":"ar","potentialAction":[{"@type":"ReadAction","target":["https:\/\/vitablanca.ma\/produit\/lierac-hydragenist-le-creme-rehydratant-eclat-recharge-50ml\/"]}]},{"@type":"ImageObject","inLanguage":"ar","@id":"https:\/\/vitablanca.ma\/produit\/lierac-hydragenist-le-creme-rehydratant-eclat-recharge-50ml\/#primaryimage","url":"https:\/\/vitablanca.ma\/wp-content\/uploads\/2025\/06\/Lierac-Hydragenist-Le-Creme-Rehydratant-Eclat-Recharge-50ml-novapara-maroc.jpg","contentUrl":"https:\/\/vitablanca.ma\/wp-content\/uploads\/2025\/06\/Lierac-Hydragenist-Le-Creme-Rehydratant-Eclat-Recharge-50ml-novapara-maroc.jpg","width":1000,"height":1000},{"@type":"BreadcrumbList","@id":"https:\/\/vitablanca.ma\/produit\/lierac-hydragenist-le-creme-rehydratant-eclat-recharge-50ml\/#breadcrumb","itemListElement":[{"@type":"ListItem","position":1,"name":"Home","item":"https:\/\/vitablanca.ma\/"},{"@type":"ListItem","position":2,"name":"Tous Les Produits","item":"https:\/\/vitablanca.ma\/tous-les-produits\/"},{"@type":"ListItem","position":3,"name":"Lierac Hydragenist Le Cr\u00e8me R\u00e9hydratant \u00c9clat Recharge 50ml"}]},{"@type":"WebSite","@id":"https:\/\/vitablanca.ma\/#website","url":"https:\/\/vitablanca.ma\/","name":"VitaBlanca.ma | \u0627\u0644\u0645\u0643\u0645\u0644\u0627\u062a \u0627\u0644\u063a\u0630\u0627\u0626\u064a\u0629\u060c \u0627\u0644\u0635\u062d\u0629 \u0648\u0627\u0644\u062c\u0645\u0627\u0644 \u0641\u064a \u0627\u0644\u0645\u063a\u0631\u0628","description":"\u0646\u0628\u064a\u0639 \u0641\u064a\u062a\u0627\u0645\u064a\u0646\u0627\u062a \u0648\u0645\u0643\u0645\u0644\u0627\u062a \u063a\u0630\u0627\u0626\u064a\u0629 \u0641\u0627\u062e\u0631\u0629 \u0645\u0646 \u0627\u0644\u0648\u0644\u0627\u064a\u0627\u062a \u0627\u0644\u0645\u062a\u062d\u062f\u0629 \u0627\u0644\u0623\u0645\u0631\u064a\u0643\u064a\u0629 \u0648\u0643\u0646\u062f\u0627 \u0648\u0646\u064a\u0648\u0632\u064a\u0644\u0646\u062f\u0627 \u0648\u0627\u0644\u0645\u063a\u0631\u0628 (\u0646\u0627\u0648 \u0641\u0648\u062f\u0632\u060c \u0633\u0648\u0644\u062c\u0627\u0631\u060c \u0645\u0627\u0646\u0648\u0643\u0627). \u062a\u0648\u0635\u064a\u0644 \u0633\u0631\u064a\u0639 \u0625\u0644\u0649 \u062c\u0645\u064a\u0639 \u0623\u0646\u062d\u0627\u0621 \u0627\u0644\u0645\u063a\u0631\u0628.","publisher":{"@id":"https:\/\/vitablanca.ma\/#organization"},"alternateName":"VitaBlanca.ma","potentialAction":[{"@type":"SearchAction","target":{"@type":"EntryPoint","urlTemplate":"https:\/\/vitablanca.ma\/?s={search_term_string}"},"query-input":{"@type":"PropertyValueSpecification","valueRequired":true,"valueName":"search_term_string"}}],"inLanguage":"ar"},{"@type":"Organization","@id":"https:\/\/vitablanca.ma\/#organization","name":"\u0641\u064a\u062a\u0627\u0628\u0644\u0627\u0646\u0643\u0627","url":"https:\/\/vitablanca.ma\/","logo":{"@type":"ImageObject","inLanguage":"ar","@id":"https:\/\/vitablanca.ma\/#\/schema\/logo\/image\/","url":"https:\/\/vitablanca.ma\/wp-content\/uploads\/2025\/05\/cropped-vitablanca.png","contentUrl":"https:\/\/vitablanca.ma\/wp-content\/uploads\/2025\/05\/cropped-vitablanca.png","width":360,"height":67,"caption":"VitaBlanca"},"image":{"@id":"https:\/\/vitablanca.ma\/#\/schema\/logo\/image\/"},"sameAs":["https:\/\/www.facebook.com\/profile.php?id=61576678196717","https:\/\/www.tiktok.com\/@vitablanca.ma","https:\/\/www.instagram.com\/vitablanca.ma\/"]}]}},"jetpack_sharing_enabled":true,"_links":{"self":[{"href":"https:\/\/vitablanca.ma\/ar\/wp-json\/wp\/v2\/product\/20468","targetHints":{"allow":["GET"]}}],"collection":[{"href":"https:\/\/vitablanca.ma\/ar\/wp-json\/wp\/v2\/product"}],"about":[{"href":"https:\/\/vitablanca.ma\/ar\/wp-json\/wp\/v2\/types\/product"}],"wp:featuredmedia":[{"embeddable":true,"href":"https:\/\/vitablanca.ma\/ar\/wp-json\/wp\/v2\/media\/20466"}],"wp:attachment":[{"href":"https:\/\/vitablanca.ma\/ar\/wp-json\/wp\/v2\/media?parent=20468"}],"wp:term":[{"taxonomy":"product_brand","embeddable":true,"href":"https:\/\/vitablanca.ma\/ar\/wp-json\/wp\/v2\/product_brand?post=20468"},{"taxonomy":"product_cat","embeddable":true,"href":"https:\/\/vitablanca.ma\/ar\/wp-json\/wp\/v2\/product_cat?post=20468"},{"taxonomy":"product_tag","embeddable":true,"href":"https:\/\/vitablanca.ma\/ar\/wp-json\/wp\/v2\/product_tag?post=20468"}],"curies":[{"name":"wp","href":"https:\/\/api.w.org\/{rel}","templated":true}]}}