{"id":20464,"date":"2025-06-10T18:36:41","date_gmt":"2025-06-10T18:36:41","guid":{"rendered":"https:\/\/vitablanca.ma\/product\/mustela-savon-surgras-au-cold-cream-a-la-cire-dabeille-bio-100g\/"},"modified":"2026-02-23T01:42:42","modified_gmt":"2026-02-23T01:42:42","slug":"mustela-savon-surgras-au-cold-cream-a-la-cire-dabeille-bio-100g","status":"publish","type":"product","link":"https:\/\/vitablanca.ma\/ar\/product-2\/mustela-savon-surgras-au-cold-cream-a-la-cire-dabeille-bio-100g\/","title":{"rendered":"\u0635\u0627\u0628\u0648\u0646 \u0645\u0648\u0633\u062a\u064a\u0644\u0627 \u0633\u0648\u0631\u062c\u0631\u0627\u0633 \u0645\u0639 \u0643\u0631\u064a\u0645 \u0628\u0627\u0631\u062f \u0648\u0634\u0645\u0639 \u0627\u0644\u0639\u0633\u0644 \u0627\u0644\u0639\u0636\u0648\u064a 100 \u062c\u0631\u0627\u0645"},"content":{"rendered":"<h2>\u0635\u0627\u0628\u0648\u0646 \u0643\u0631\u064a\u0645 \u0645\u0648\u0633\u062a\u064a\u0644\u0627 \u0633\u0648\u0631\u062c\u0631\u0627\u0633 \u0627\u0644\u0628\u0627\u0631\u062f \u0645\u0639 \u0634\u0645\u0639 \u0627\u0644\u0639\u0633\u0644 \u0627\u0644\u0639\u0636\u0648\u064a.<\/h2>\n<p>\u0635\u0627\u0628\u0648\u0646 \u0641\u0627\u0626\u0642 \u0627\u0644\u062f\u0633\u0645 \u0645\u0639 \u0643\u0631\u064a\u0645 \u0628\u0627\u0631\u062f\u060c \u0645\u0635\u0646\u0648\u0639 \u0645\u0646 \u0634\u0645\u0639 \u0627\u0644\u0639\u0633\u0644 \u0627\u0644\u0639\u0636\u0648\u064a\u060c \u064a\u0633\u0645\u062d \u0644\u0643 \u0628\u063a\u0633\u0644 \u0627\u0644\u062c\u0633\u0645 \u0648\u0634\u0639\u0631 \u0627\u0644\u0623\u0637\u0641\u0627\u0644* \u0648\u0627\u0644\u0631\u0636\u0639 \u0643\u0644 \u064a\u0648\u0645.<br \/>\n\u0647\u0630\u0627 \u0627\u0644\u0635\u0627\u0628\u0648\u0646 \u0639\u0627\u0644\u064a \u0627\u0644\u062a\u062d\u0645\u0644\u060c \u0645\u0646\u0627\u0633\u0628 \u0644\u0644\u0627\u0633\u062a\u062e\u062f\u0627\u0645 \u0645\u0646\u0630 \u0627\u0644\u0648\u0644\u0627\u062f\u0629\u060c \u064a\u0646\u0638\u0641 \u0627\u0644\u062c\u0633\u0645 \u0648\u0627\u0644\u0648\u062c\u0647 \u0628\u0644\u0637\u0641 \u0648\u0641\u0639\u0627\u0644\u064a\u0629. \u064a\u063a\u0630\u064a \u0627\u0644\u0628\u0634\u0631\u0629 \u0648\u064a\u0642\u0627\u0648\u0645 \u0622\u062b\u0627\u0631 \u0627\u0644\u062c\u0641\u0627\u0641 \u0627\u0644\u0646\u0627\u062a\u062c\u0629 \u0639\u0646 \u0627\u0644\u0645\u064a\u0627\u0647 \u0627\u0644\u0639\u0633\u0631\u0629. \u0635\u064f\u0645\u0645 \u062e\u0635\u064a\u0635\u064b\u0627 \u0644\u0628\u0634\u0631\u0629 \u0627\u0644\u0631\u0636\u0639 \u0648\u0627\u0644\u0623\u0637\u0641\u0627\u0644 \u0627\u0644\u062c\u0627\u0641\u0629.<br \/>\n100 \u062c\u0631\u0627\u0645.<\/p>\n<h3>\u0645\u0641\u064a\u062f \u0644\u0644\u0628\u0634\u0631\u0629 \u0648\u0644\u0644\u0643\u0648\u0643\u0628<\/h3>\n<p>\u062d\u0627\u0646 \u0648\u0642\u062a \u0627\u0644\u0627\u0633\u062a\u062d\u0645\u0627\u0645! \u0648\u0644\u062c\u0639\u0644 \u0648\u0642\u062a \u0627\u0644\u0627\u0633\u062a\u062d\u0645\u0627\u0645 \u062a\u062c\u0631\u0628\u0629 \u0645\u0645\u062a\u0639\u0629\u060c \u0633\u064a\u0643\u0648\u0646 \u0635\u0627\u0628\u0648\u0646\u0646\u0627 \u0641\u0627\u0626\u0642 \u0627\u0644\u062f\u0633\u0645 \u0628\u0634\u0645\u0639 \u0627\u0644\u0639\u0633\u0644 \u0627\u0644\u0639\u0636\u0648\u064a \u0627\u0644\u0631\u0641\u064a\u0642 \u0627\u0644\u0623\u0645\u062b\u0644 \u0644\u0637\u0641\u0644\u0643. \u0645\u0646\u0627\u0633\u0628 \u0644\u0644\u0627\u0633\u062a\u062e\u062f\u0627\u0645 \u0645\u0646\u0630 \u0627\u0644\u0648\u0644\u0627\u062f\u0629 \u0639\u0644\u0649 \u0627\u0644\u0648\u062c\u0647 \u0648\u0627\u0644\u062c\u0633\u0645\u060c \u0641\u0647\u0648 \u064a\u0646\u0638\u0641 \u0627\u0644\u0628\u0634\u0631\u0629 \u0627\u0644\u062c\u0627\u0641\u0629 \u0628\u0641\u0639\u0627\u0644\u064a\u0629 \u0648\u0644\u0637\u0641 \u0648\u064a\u063a\u0630\u064a\u0647\u0627. \u0648\u0647\u0648 \u0635\u062f\u064a\u0642 \u0644\u0644\u0628\u064a\u0626\u0629 \u0623\u064a\u0636\u064b\u0627 \u0628\u0641\u0636\u0644 \u062a\u0631\u0643\u064a\u0628\u062a\u0647 \u0627\u0644\u0635\u0644\u0628\u0629. \u062a\u0631\u0643\u064a\u0628\u062a\u0647 \u0642\u0627\u0628\u0644\u0629 \u0644\u0644\u062a\u062d\u0644\u0644 \u0627\u0644\u062d\u064a\u0648\u064a**\u060c \u0648\u0639\u0628\u0648\u062a\u0647 \u0627\u0644\u0642\u0627\u0628\u0644\u0629 \u0644\u0625\u0639\u0627\u062f\u0629 \u0627\u0644\u062a\u062f\u0648\u064a\u0631*** \u0645\u0635\u0646\u0648\u0639\u0629 \u0645\u0646 \u063a\u0627\u0628\u0627\u062a \u0645\u064f\u062f\u0627\u0631\u0629 \u0628\u0634\u0643\u0644 \u0645\u0633\u062a\u062f\u0627\u0645.<\/p>\n<h3>\u0627\u0644\u0633\u0644\u0627\u0645\u0629 \u0648\u0627\u0644\u0643\u0641\u0627\u0621\u0629<\/h3>\n<p>\u0648\u0644\u0636\u0645\u0627\u0646 \u0627\u0644\u0633\u0644\u0627\u0645\u0629 \u0645\u0646\u0630 \u0627\u0644\u0648\u0644\u0627\u062f\u0629\u060c \u062a\u0645 \u062a\u0637\u0648\u064a\u0631 \u0631\u0639\u0627\u064a\u062a\u0646\u0627 \u0628\u0627\u0644\u062a\u0639\u0627\u0648\u0646 \u0645\u0639 \u0645\u062a\u062e\u0635\u0635\u064a\u0646 \u0641\u064a \u0627\u0644\u0631\u0639\u0627\u064a\u0629 \u0627\u0644\u0635\u062d\u064a\u0629 \u0648\u064a\u062c\u0628 \u0623\u0646 \u062a\u062c\u062a\u0627\u0632 \u0628\u0646\u062c\u0627\u062d \u0623\u0643\u062b\u0631 \u0645\u0646 450 \u0642\u064a\u0627\u0633\u064b\u0627 \u0648\u0627\u062e\u062a\u0628\u0627\u0631\u064b\u0627.<\/p>\n<h3 class=\"h2 h3\">\u0643\u064a\u0641\u064a\u0629 \u0627\u0633\u062a\u062e\u062f\u0627\u0645\u0647<\/h3>\n<p>\u064a\u0639\u062a\u0628\u0631 \u0627\u0644\u0635\u0627\u0628\u0648\u0646 \u0635\u062f\u064a\u0642\u064b\u0627 \u0644\u0644\u0628\u064a\u0626\u0629 \u0644\u0644\u063a\u0627\u064a\u0629\u060c \u0648\u0647\u0648 \u0639\u0645\u0644\u064a \u0623\u064a\u0636\u064b\u0627.<\/p>\n<ol>\n<li>\u0627\u0641\u0631\u0643\u064a \u064a\u062f\u064a\u0643 \u0628\u0627\u0644\u0635\u0627\u0628\u0648\u0646.<\/li>\n<li>\u062f\u0644\u0643\u064a\u0647 \u0639\u0644\u0649 \u062c\u0633\u0645 \u0627\u0644\u0637\u0641\u0644. \u0645\u0639 \u063a\u0646\u0627\u0621 \u0623\u063a\u0646\u064a\u0629 \u0625\u0646 \u0623\u0645\u0643\u0646.<\/li>\n<li>\u0634\u0637\u0641.<\/li>\n<\/ol>\n<h3>\u0645\u0643\u0648\u0646\u0627\u062a\u0646\u0627 \u0627\u0644\u0631\u0626\u064a\u0633\u064a\u0629<\/h3>\n<p>Notre pr\u00e9cieuse\u00a0cire d&rsquo;abeille, issue d&rsquo;apiculture biologique, associ\u00e9e au cold cream, nourrit tout en pr\u00e9servant la barri\u00e8re cutan\u00e9e de la peau.<\/p>\n<p>\u062a\u0633\u0627\u0639\u062f \u0627\u0644\u0633\u064a\u0631\u0627\u0645\u064a\u062f\u0627\u062a \u0648\u0627\u0644\u0643\u0631\u064a\u0645 \u0627\u0644\u0628\u0627\u0631\u062f \u0639\u0644\u0649 \u0627\u0633\u062a\u0639\u0627\u062f\u0629 \u0648\u062d\u0645\u0627\u064a\u0629 \u0627\u0644\u0637\u0628\u0642\u0629 \u0627\u0644\u062f\u0647\u0646\u064a\u0629.<\/p>","protected":false},"excerpt":{"rendered":"<p>Mustela Savon Surgras Au Cold Cream \u00e0 La Cire D&rsquo;abeille BIO. Savon surgras au Cold Cream, \u00e0 base de cire d&rsquo;abeille bio, permet de laver au quotidien le corps et les cheveux des b\u00e9b\u00e9s* et enfants. Ce savon \u00e0 haute tol\u00e9rance et utilisable d\u00e8s la naissance nettoie efficacement et en douceur le corps et le [&hellip;]<\/p>\n","protected":false},"featured_media":20463,"template":"","meta":{"om_disable_all_campaigns":false},"product_brand":[],"product_cat":[15],"product_tag":[10613,6546,10615,10388,10611,10380,10600,10616,10612,10614,10617,10618,8669,5873,10452],"class_list":{"0":"post-20464","1":"product","2":"type-product","3":"status-publish","4":"has-post-thumbnail","6":"product_cat-beaute-sante-complements-alimentaires-soins-et-bien-etre-au-meilleur-prix","7":"product_tag-cold-cream-cire-dabeille","8":"product_tag-hydratation-peau-delicate","9":"product_tag-mustela-100g","10":"product_tag-mustela-maroc","11":"product_tag-mustela-savon-surgras","12":"product_tag-nettoyage-doux-bebe","13":"product_tag-peau-douce-et-protegee","14":"product_tag-routine-bain-bebe","15":"product_tag-savon-bebe-bio","16":"product_tag-savon-hypoallergenique","17":"product_tag-savon-naturel-bebe","18":"product_tag-savon-nourrissant-bio","19":"product_tag-soin-peau-fragile","20":"product_tag-soin-peau-sensible","21":"product_tag-soin-quotidien-bebe","23":"first","24":"instock","25":"sale","26":"taxable","27":"shipping-taxable","28":"purchasable","29":"product-type-simple"},"yoast_head":"<!-- This site is optimized with the Yoast SEO plugin v27.4 - https:\/\/yoast.com\/product\/yoast-seo-wordpress\/ -->\n<title>Mustela Savon Surgras Au Cold Cream \u00e0 La Cire - Maroc Prix<\/title>\n<meta name=\"description\" content=\"Mustela Savon Surgras au Cold Cream \u00e0 la Cire d\u2019Abeille BIO 100\u202fg, nettoie en douceur et hydrate la peau sensible des b\u00e9b\u00e9s, tout en respectant .\" \/>\n<meta name=\"robots\" content=\"index, follow, max-snippet:-1, max-image-preview:large, max-video-preview:-1\" \/>\n<link rel=\"canonical\" href=\"https:\/\/vitablanca.ma\/ar\/product-2\/mustela-savon-surgras-au-cold-cream-a-la-cire-dabeille-bio-100g\/\" \/>\n<meta property=\"og:locale\" content=\"ar_AR\" \/>\n<meta property=\"og:type\" content=\"article\" \/>\n<meta property=\"og:title\" content=\"Mustela Savon Surgras Au Cold Cream \u00e0 La Cire - Maroc Prix\" \/>\n<meta property=\"og:description\" content=\"Mustela Savon Surgras au Cold Cream \u00e0 la Cire d\u2019Abeille BIO 100\u202fg, nettoie en douceur et hydrate la peau sensible des b\u00e9b\u00e9s, tout en respectant .\" \/>\n<meta property=\"og:url\" content=\"https:\/\/vitablanca.ma\/ar\/product-2\/mustela-savon-surgras-au-cold-cream-a-la-cire-dabeille-bio-100g\/\" \/>\n<meta property=\"og:site_name\" content=\"Vitablanca.ma &ndash; Sant&eacute;, vitalit&eacute; et bien-&ecirc;tre pour tous les Marocains\" \/>\n<meta property=\"article:publisher\" content=\"https:\/\/www.facebook.com\/profile.php?id=61576678196717\" \/>\n<meta property=\"article:modified_time\" content=\"2026-02-23T01:42:42+00:00\" \/>\n<meta property=\"og:image\" content=\"https:\/\/vitablanca.ma\/wp-content\/uploads\/2025\/06\/Mustela-Savon-Surgras-Au-Cold-Cream-a-La-Cire-D_abeille-BIO-100g-nova-parapharmacie-casablanca.jpg\" \/>\n\t<meta property=\"og:image:width\" content=\"1000\" \/>\n\t<meta property=\"og:image:height\" content=\"1000\" \/>\n\t<meta property=\"og:image:type\" content=\"image\/jpeg\" \/>\n<meta name=\"twitter:card\" content=\"summary_large_image\" \/>\n<meta name=\"twitter:label1\" content=\"\u0648\u0642\u062a \u0627\u0644\u0642\u0631\u0627\u0621\u0629 \u0627\u0644\u0645\u064f\u0642\u062f\u0651\u0631\" \/>\n\t<meta name=\"twitter:data1\" content=\"\u062f\u0642\u064a\u0642\u062a\u0627\u0646\" \/>\n<script type=\"application\/ld+json\" class=\"yoast-schema-graph\">{\"@context\":\"https:\\\/\\\/schema.org\",\"@graph\":[{\"@type\":[\"WebPage\",\"ItemPage\"],\"@id\":\"https:\\\/\\\/vitablanca.ma\\\/produit\\\/mustela-savon-surgras-au-cold-cream-a-la-cire-dabeille-bio-100g\\\/\",\"url\":\"https:\\\/\\\/vitablanca.ma\\\/produit\\\/mustela-savon-surgras-au-cold-cream-a-la-cire-dabeille-bio-100g\\\/\",\"name\":\"Mustela Savon Surgras Au Cold Cream \u00e0 La Cire - Maroc Prix\",\"isPartOf\":{\"@id\":\"https:\\\/\\\/vitablanca.ma\\\/#website\"},\"primaryImageOfPage\":{\"@id\":\"https:\\\/\\\/vitablanca.ma\\\/produit\\\/mustela-savon-surgras-au-cold-cream-a-la-cire-dabeille-bio-100g\\\/#primaryimage\"},\"image\":{\"@id\":\"https:\\\/\\\/vitablanca.ma\\\/produit\\\/mustela-savon-surgras-au-cold-cream-a-la-cire-dabeille-bio-100g\\\/#primaryimage\"},\"thumbnailUrl\":\"https:\\\/\\\/vitablanca.ma\\\/wp-content\\\/uploads\\\/2025\\\/06\\\/Mustela-Savon-Surgras-Au-Cold-Cream-a-La-Cire-D_abeille-BIO-100g-nova-parapharmacie-casablanca.jpg\",\"datePublished\":\"2025-06-10T18:36:41+00:00\",\"dateModified\":\"2026-02-23T01:42:42+00:00\",\"description\":\"Mustela Savon Surgras au Cold Cream \u00e0 la Cire d\u2019Abeille BIO 100\u202fg, nettoie en douceur et hydrate la peau sensible des b\u00e9b\u00e9s, tout en respectant .\",\"breadcrumb\":{\"@id\":\"https:\\\/\\\/vitablanca.ma\\\/produit\\\/mustela-savon-surgras-au-cold-cream-a-la-cire-dabeille-bio-100g\\\/#breadcrumb\"},\"inLanguage\":\"ar\",\"potentialAction\":[{\"@type\":\"ReadAction\",\"target\":[\"https:\\\/\\\/vitablanca.ma\\\/produit\\\/mustela-savon-surgras-au-cold-cream-a-la-cire-dabeille-bio-100g\\\/\"]}]},{\"@type\":\"ImageObject\",\"inLanguage\":\"ar\",\"@id\":\"https:\\\/\\\/vitablanca.ma\\\/produit\\\/mustela-savon-surgras-au-cold-cream-a-la-cire-dabeille-bio-100g\\\/#primaryimage\",\"url\":\"https:\\\/\\\/vitablanca.ma\\\/wp-content\\\/uploads\\\/2025\\\/06\\\/Mustela-Savon-Surgras-Au-Cold-Cream-a-La-Cire-D_abeille-BIO-100g-nova-parapharmacie-casablanca.jpg\",\"contentUrl\":\"https:\\\/\\\/vitablanca.ma\\\/wp-content\\\/uploads\\\/2025\\\/06\\\/Mustela-Savon-Surgras-Au-Cold-Cream-a-La-Cire-D_abeille-BIO-100g-nova-parapharmacie-casablanca.jpg\",\"width\":1000,\"height\":1000},{\"@type\":\"BreadcrumbList\",\"@id\":\"https:\\\/\\\/vitablanca.ma\\\/produit\\\/mustela-savon-surgras-au-cold-cream-a-la-cire-dabeille-bio-100g\\\/#breadcrumb\",\"itemListElement\":[{\"@type\":\"ListItem\",\"position\":1,\"name\":\"Home\",\"item\":\"https:\\\/\\\/vitablanca.ma\\\/\"},{\"@type\":\"ListItem\",\"position\":2,\"name\":\"Tous Les Produits\",\"item\":\"https:\\\/\\\/vitablanca.ma\\\/tous-les-produits\\\/\"},{\"@type\":\"ListItem\",\"position\":3,\"name\":\"Mustela Savon Surgras Au Cold Cream \u00e0 La Cire D&#8217;abeille BIO 100g\"}]},{\"@type\":\"WebSite\",\"@id\":\"https:\\\/\\\/vitablanca.ma\\\/#website\",\"url\":\"https:\\\/\\\/vitablanca.ma\\\/\",\"name\":\"VitaBlanca.ma | Compl\u00e9ments alimentaires, sant\u00e9 & beaut\u00e9 au Maroc\",\"description\":\"vendre vitamines et compl\u00e9ments premium des USA &amp; Canada, Nouvelle Z\u00e9lande,Maroc (NOW Foods, Solgar, Manuka). Livraison rapide partout au Maroc.\",\"publisher\":{\"@id\":\"https:\\\/\\\/vitablanca.ma\\\/#organization\"},\"alternateName\":\"VitaBlanca.ma\",\"potentialAction\":[{\"@type\":\"SearchAction\",\"target\":{\"@type\":\"EntryPoint\",\"urlTemplate\":\"https:\\\/\\\/vitablanca.ma\\\/?s={search_term_string}\"},\"query-input\":{\"@type\":\"PropertyValueSpecification\",\"valueRequired\":true,\"valueName\":\"search_term_string\"}}],\"inLanguage\":\"ar\"},{\"@type\":\"Organization\",\"@id\":\"https:\\\/\\\/vitablanca.ma\\\/#organization\",\"name\":\"VitaBlanca\",\"url\":\"https:\\\/\\\/vitablanca.ma\\\/\",\"logo\":{\"@type\":\"ImageObject\",\"inLanguage\":\"ar\",\"@id\":\"https:\\\/\\\/vitablanca.ma\\\/#\\\/schema\\\/logo\\\/image\\\/\",\"url\":\"https:\\\/\\\/vitablanca.ma\\\/wp-content\\\/uploads\\\/2025\\\/05\\\/cropped-vitablanca.png\",\"contentUrl\":\"https:\\\/\\\/vitablanca.ma\\\/wp-content\\\/uploads\\\/2025\\\/05\\\/cropped-vitablanca.png\",\"width\":360,\"height\":67,\"caption\":\"VitaBlanca\"},\"image\":{\"@id\":\"https:\\\/\\\/vitablanca.ma\\\/#\\\/schema\\\/logo\\\/image\\\/\"},\"sameAs\":[\"https:\\\/\\\/www.facebook.com\\\/profile.php?id=61576678196717\",\"https:\\\/\\\/www.tiktok.com\\\/@vitablanca.ma\",\"https:\\\/\\\/www.instagram.com\\\/vitablanca.ma\\\/\"]}]}<\/script>\n<!-- \/ Yoast SEO plugin. -->","yoast_head_json":{"title":"Mustela Savon Surgras Au Cold Cream \u00e0 La Cire - Maroc Prix","description":"Mustela Savon Surgras au Cold Cream \u00e0 la Cire d\u2019Abeille BIO 100\u202fg, nettoie en douceur et hydrate la peau sensible des b\u00e9b\u00e9s, tout en respectant .","robots":{"index":"index","follow":"follow","max-snippet":"max-snippet:-1","max-image-preview":"max-image-preview:large","max-video-preview":"max-video-preview:-1"},"canonical":"https:\/\/vitablanca.ma\/ar\/product-2\/mustela-savon-surgras-au-cold-cream-a-la-cire-dabeille-bio-100g\/","og_locale":"ar_AR","og_type":"article","og_title":"Mustela Savon Surgras Au Cold Cream \u00e0 La Cire - Maroc Prix","og_description":"Mustela Savon Surgras au Cold Cream \u00e0 la Cire d\u2019Abeille BIO 100\u202fg, nettoie en douceur et hydrate la peau sensible des b\u00e9b\u00e9s, tout en respectant .","og_url":"https:\/\/vitablanca.ma\/ar\/product-2\/mustela-savon-surgras-au-cold-cream-a-la-cire-dabeille-bio-100g\/","og_site_name":"Vitablanca.ma &ndash; Sant&eacute;, vitalit&eacute; et bien-&ecirc;tre pour tous les Marocains","article_publisher":"https:\/\/www.facebook.com\/profile.php?id=61576678196717","article_modified_time":"2026-02-23T01:42:42+00:00","og_image":[{"width":1000,"height":1000,"url":"https:\/\/vitablanca.ma\/wp-content\/uploads\/2025\/06\/Mustela-Savon-Surgras-Au-Cold-Cream-a-La-Cire-D_abeille-BIO-100g-nova-parapharmacie-casablanca.jpg","type":"image\/jpeg"}],"twitter_card":"summary_large_image","twitter_misc":{"\u0648\u0642\u062a \u0627\u0644\u0642\u0631\u0627\u0621\u0629 \u0627\u0644\u0645\u064f\u0642\u062f\u0651\u0631":"\u062f\u0642\u064a\u0642\u062a\u0627\u0646"},"schema":{"@context":"https:\/\/schema.org","@graph":[{"@type":["WebPage","ItemPage"],"@id":"https:\/\/vitablanca.ma\/produit\/mustela-savon-surgras-au-cold-cream-a-la-cire-dabeille-bio-100g\/","url":"https:\/\/vitablanca.ma\/produit\/mustela-savon-surgras-au-cold-cream-a-la-cire-dabeille-bio-100g\/","name":"Mustela Savon Surgras Au Cold Cream \u00e0 La Cire - Maroc Prix","isPartOf":{"@id":"https:\/\/vitablanca.ma\/#website"},"primaryImageOfPage":{"@id":"https:\/\/vitablanca.ma\/produit\/mustela-savon-surgras-au-cold-cream-a-la-cire-dabeille-bio-100g\/#primaryimage"},"image":{"@id":"https:\/\/vitablanca.ma\/produit\/mustela-savon-surgras-au-cold-cream-a-la-cire-dabeille-bio-100g\/#primaryimage"},"thumbnailUrl":"https:\/\/vitablanca.ma\/wp-content\/uploads\/2025\/06\/Mustela-Savon-Surgras-Au-Cold-Cream-a-La-Cire-D_abeille-BIO-100g-nova-parapharmacie-casablanca.jpg","datePublished":"2025-06-10T18:36:41+00:00","dateModified":"2026-02-23T01:42:42+00:00","description":"Mustela Savon Surgras au Cold Cream \u00e0 la Cire d\u2019Abeille BIO 100\u202fg, nettoie en douceur et hydrate la peau sensible des b\u00e9b\u00e9s, tout en respectant .","breadcrumb":{"@id":"https:\/\/vitablanca.ma\/produit\/mustela-savon-surgras-au-cold-cream-a-la-cire-dabeille-bio-100g\/#breadcrumb"},"inLanguage":"ar","potentialAction":[{"@type":"ReadAction","target":["https:\/\/vitablanca.ma\/produit\/mustela-savon-surgras-au-cold-cream-a-la-cire-dabeille-bio-100g\/"]}]},{"@type":"ImageObject","inLanguage":"ar","@id":"https:\/\/vitablanca.ma\/produit\/mustela-savon-surgras-au-cold-cream-a-la-cire-dabeille-bio-100g\/#primaryimage","url":"https:\/\/vitablanca.ma\/wp-content\/uploads\/2025\/06\/Mustela-Savon-Surgras-Au-Cold-Cream-a-La-Cire-D_abeille-BIO-100g-nova-parapharmacie-casablanca.jpg","contentUrl":"https:\/\/vitablanca.ma\/wp-content\/uploads\/2025\/06\/Mustela-Savon-Surgras-Au-Cold-Cream-a-La-Cire-D_abeille-BIO-100g-nova-parapharmacie-casablanca.jpg","width":1000,"height":1000},{"@type":"BreadcrumbList","@id":"https:\/\/vitablanca.ma\/produit\/mustela-savon-surgras-au-cold-cream-a-la-cire-dabeille-bio-100g\/#breadcrumb","itemListElement":[{"@type":"ListItem","position":1,"name":"Home","item":"https:\/\/vitablanca.ma\/"},{"@type":"ListItem","position":2,"name":"Tous Les Produits","item":"https:\/\/vitablanca.ma\/tous-les-produits\/"},{"@type":"ListItem","position":3,"name":"Mustela Savon Surgras Au Cold Cream \u00e0 La Cire D&#8217;abeille BIO 100g"}]},{"@type":"WebSite","@id":"https:\/\/vitablanca.ma\/#website","url":"https:\/\/vitablanca.ma\/","name":"VitaBlanca.ma | \u0627\u0644\u0645\u0643\u0645\u0644\u0627\u062a \u0627\u0644\u063a\u0630\u0627\u0626\u064a\u0629\u060c \u0627\u0644\u0635\u062d\u0629 \u0648\u0627\u0644\u062c\u0645\u0627\u0644 \u0641\u064a \u0627\u0644\u0645\u063a\u0631\u0628","description":"\u0646\u0628\u064a\u0639 \u0641\u064a\u062a\u0627\u0645\u064a\u0646\u0627\u062a \u0648\u0645\u0643\u0645\u0644\u0627\u062a \u063a\u0630\u0627\u0626\u064a\u0629 \u0641\u0627\u062e\u0631\u0629 \u0645\u0646 \u0627\u0644\u0648\u0644\u0627\u064a\u0627\u062a \u0627\u0644\u0645\u062a\u062d\u062f\u0629 \u0627\u0644\u0623\u0645\u0631\u064a\u0643\u064a\u0629 \u0648\u0643\u0646\u062f\u0627 \u0648\u0646\u064a\u0648\u0632\u064a\u0644\u0646\u062f\u0627 \u0648\u0627\u0644\u0645\u063a\u0631\u0628 (\u0646\u0627\u0648 \u0641\u0648\u062f\u0632\u060c \u0633\u0648\u0644\u062c\u0627\u0631\u060c \u0645\u0627\u0646\u0648\u0643\u0627). \u062a\u0648\u0635\u064a\u0644 \u0633\u0631\u064a\u0639 \u0625\u0644\u0649 \u062c\u0645\u064a\u0639 \u0623\u0646\u062d\u0627\u0621 \u0627\u0644\u0645\u063a\u0631\u0628.","publisher":{"@id":"https:\/\/vitablanca.ma\/#organization"},"alternateName":"VitaBlanca.ma","potentialAction":[{"@type":"SearchAction","target":{"@type":"EntryPoint","urlTemplate":"https:\/\/vitablanca.ma\/?s={search_term_string}"},"query-input":{"@type":"PropertyValueSpecification","valueRequired":true,"valueName":"search_term_string"}}],"inLanguage":"ar"},{"@type":"Organization","@id":"https:\/\/vitablanca.ma\/#organization","name":"\u0641\u064a\u062a\u0627\u0628\u0644\u0627\u0646\u0643\u0627","url":"https:\/\/vitablanca.ma\/","logo":{"@type":"ImageObject","inLanguage":"ar","@id":"https:\/\/vitablanca.ma\/#\/schema\/logo\/image\/","url":"https:\/\/vitablanca.ma\/wp-content\/uploads\/2025\/05\/cropped-vitablanca.png","contentUrl":"https:\/\/vitablanca.ma\/wp-content\/uploads\/2025\/05\/cropped-vitablanca.png","width":360,"height":67,"caption":"VitaBlanca"},"image":{"@id":"https:\/\/vitablanca.ma\/#\/schema\/logo\/image\/"},"sameAs":["https:\/\/www.facebook.com\/profile.php?id=61576678196717","https:\/\/www.tiktok.com\/@vitablanca.ma","https:\/\/www.instagram.com\/vitablanca.ma\/"]}]}},"jetpack_sharing_enabled":true,"_links":{"self":[{"href":"https:\/\/vitablanca.ma\/ar\/wp-json\/wp\/v2\/product\/20464","targetHints":{"allow":["GET"]}}],"collection":[{"href":"https:\/\/vitablanca.ma\/ar\/wp-json\/wp\/v2\/product"}],"about":[{"href":"https:\/\/vitablanca.ma\/ar\/wp-json\/wp\/v2\/types\/product"}],"wp:featuredmedia":[{"embeddable":true,"href":"https:\/\/vitablanca.ma\/ar\/wp-json\/wp\/v2\/media\/20463"}],"wp:attachment":[{"href":"https:\/\/vitablanca.ma\/ar\/wp-json\/wp\/v2\/media?parent=20464"}],"wp:term":[{"taxonomy":"product_brand","embeddable":true,"href":"https:\/\/vitablanca.ma\/ar\/wp-json\/wp\/v2\/product_brand?post=20464"},{"taxonomy":"product_cat","embeddable":true,"href":"https:\/\/vitablanca.ma\/ar\/wp-json\/wp\/v2\/product_cat?post=20464"},{"taxonomy":"product_tag","embeddable":true,"href":"https:\/\/vitablanca.ma\/ar\/wp-json\/wp\/v2\/product_tag?post=20464"}],"curies":[{"name":"wp","href":"https:\/\/api.w.org\/{rel}","templated":true}]}}