{"id":20458,"date":"2025-06-10T18:36:29","date_gmt":"2025-06-10T18:36:29","guid":{"rendered":"https:\/\/vitablanca.ma\/product\/mustela-liniment-400ml\/"},"modified":"2026-02-23T01:49:14","modified_gmt":"2026-02-23T01:49:14","slug":"mustela-liniment-400ml","status":"publish","type":"product","link":"https:\/\/vitablanca.ma\/ar\/product-2\/mustela-liniment-400ml\/","title":{"rendered":"\u0645\u0631\u0647\u0645 \u0645\u0648\u0633\u062a\u064a\u0644\u0627 400 \u0645\u0644"},"content":{"rendered":"<h2>Mustela Liniment.<\/h2>\n<p>Le Liniment nettoie en douceur les fesses des b\u00e9b\u00e9s, d\u00e8s la naissance*. Il prot\u00e8ge \u00e9galement leur peau des agressions li\u00e9es \u00e0 l&rsquo;humidit\u00e9 et au frottement des couches.<br \/>\nIssu d\u2019une recette traditionnelle \u00e0 base d\u2019huile d\u2019olive extra-vierge, sans parfum, et \u00e0 99% d&rsquo;ingr\u00e9dients d&rsquo;origine naturelle, ce soin est id\u00e9al pour la toilette du si\u00e8ge apr\u00e8s chaque change.<br \/>\n400\u0645\u0644.<\/p>\n<h3>Bon pour la peau, bon pour la plan\u00e8te<\/h3>\n<p>Encore une couche \u00e0 changer ? Notre liniment est l\u00e0 pour vous faciliter la vie. Ce soin sans parfum s&rsquo;utilise quotidiennement pour nettoyer efficacement et en douceur les fesses des b\u00e9b\u00e9s.<\/p>\n<p>Issue d\u2019une recette traditionnelle \u00e0 base d\u2019huile d\u2019olive extra-vierge, riche en om\u00e9ga 6 et 9, cette pr\u00e9paration naturelle sans parfum forme un film protecteur pour isoler la peau des agressions li\u00e9es \u00e0 l\u2019humidit\u00e9 et au frottement des couches. .<\/p>\n<p>Et ce n&rsquo;est pas tout, son flacon est recyclable, pensez \u00e0 le jeter dans la bonne poubelle!<\/p>\n<h3 class=\"h2 h3\">\u0643\u064a\u0641\u064a\u0629 \u0627\u0633\u062a\u062e\u062f\u0627\u0645\u0647<\/h3>\n<p>A utiliser \u00e0 chaque change.<\/p>\n<ol>\n<li>Agiter avant emploi<\/li>\n<li>D\u00e9poser une dose g\u00e9n\u00e9reuse sur un coton<\/li>\n<li>Nettoyer d\u00e9licatement les fesses de b\u00e9b\u00e9. Inutile de rincer<\/li>\n<li>Et hop, vous pouvez remettre une couche<\/li>\n<\/ol>\n<h3>Nos principaux ingr\u00e9dients<\/h3>\n<p>Notre ingr\u00e9dient phare, une huile d\u2019olive extra-vierge riche en om\u00e9ga 6 et 9 a \u00e9t\u00e9 sp\u00e9cifiquement choisie pour la peau fragile des b\u00e9b\u00e9s.<\/p>","protected":false},"excerpt":{"rendered":"<p>Mustela Liniment. Le Liniment nettoie en douceur les fesses des b\u00e9b\u00e9s, d\u00e8s la naissance*. Il prot\u00e8ge \u00e9galement leur peau des agressions li\u00e9es \u00e0 l&rsquo;humidit\u00e9 et au frottement des couches. Issu d\u2019une recette traditionnelle \u00e0 base d\u2019huile d\u2019olive extra-vierge, sans parfum, et \u00e0 99% d&rsquo;ingr\u00e9dients d&rsquo;origine naturelle, ce soin est id\u00e9al pour la toilette du si\u00e8ge [&hellip;]<\/p>\n","protected":false},"featured_media":20454,"template":"","meta":{"om_disable_all_campaigns":false},"product_brand":[],"product_cat":[15],"product_tag":[10631,10630,10634,10638,10640,10629,10388,10380,10639,10633,10636,10637,10635,10452,10632],"class_list":{"0":"post-20458","1":"product","2":"type-product","3":"status-publish","4":"has-post-thumbnail","6":"product_cat-beaute-sante-complements-alimentaires-soins-et-bien-etre-au-meilleur-prix","7":"product_tag-change-bebe-naturel","8":"product_tag-liniment-bebe","9":"product_tag-liniment-huile-dolive","10":"product_tag-liniment-hypoallergenique","11":"product_tag-liniment-naturel-bebe","12":"product_tag-mustela-liniment-400ml","13":"product_tag-mustela-maroc","14":"product_tag-nettoyage-doux-bebe","15":"product_tag-peau-delicate-nourrisson","16":"product_tag-prevention-rougeurs","17":"product_tag-protection-irritations","18":"product_tag-routine-change-bebe","19":"product_tag-soin-peau-sensible-bebe","20":"product_tag-soin-quotidien-bebe","21":"product_tag-soin-siege-bebe","23":"first","24":"instock","25":"sale","26":"taxable","27":"shipping-taxable","28":"purchasable","29":"product-type-simple"},"yoast_head":"<!-- This site is optimized with the Yoast SEO plugin v27.4 - https:\/\/yoast.com\/product\/yoast-seo-wordpress\/ -->\n<title>Mustela Liniment 400ml - Maroc Prix<\/title>\n<meta name=\"description\" content=\"Mustela Liniment 400 ml nettoie, prot\u00e8ge et apaise le si\u00e8ge de b\u00e9b\u00e9. Formule douce \u00e0 l\u2019huile d\u2019olive pour pr\u00e9venir rougeurs et irritations au quotidien.\" \/>\n<meta name=\"robots\" content=\"index, follow, max-snippet:-1, max-image-preview:large, max-video-preview:-1\" \/>\n<link rel=\"canonical\" href=\"https:\/\/vitablanca.ma\/ar\/product-2\/mustela-liniment-400ml\/\" \/>\n<meta property=\"og:locale\" content=\"ar_AR\" \/>\n<meta property=\"og:type\" content=\"article\" \/>\n<meta property=\"og:title\" content=\"Mustela Liniment 400ml - Maroc Prix\" \/>\n<meta property=\"og:description\" content=\"Mustela Liniment 400 ml nettoie, prot\u00e8ge et apaise le si\u00e8ge de b\u00e9b\u00e9. Formule douce \u00e0 l\u2019huile d\u2019olive pour pr\u00e9venir rougeurs et irritations au quotidien.\" \/>\n<meta property=\"og:url\" content=\"https:\/\/vitablanca.ma\/ar\/product-2\/mustela-liniment-400ml\/\" \/>\n<meta property=\"og:site_name\" content=\"Vitablanca.ma &ndash; Sant&eacute;, vitalit&eacute; et bien-&ecirc;tre pour tous les Marocains\" \/>\n<meta property=\"article:publisher\" content=\"https:\/\/www.facebook.com\/profile.php?id=61576678196717\" \/>\n<meta property=\"article:modified_time\" content=\"2026-02-23T01:49:14+00:00\" \/>\n<meta property=\"og:image\" content=\"https:\/\/vitablanca.ma\/wp-content\/uploads\/2025\/06\/Mustela-Liniment-400ml-nova-parapharmacie-casablanca.jpg\" \/>\n\t<meta property=\"og:image:width\" content=\"1000\" \/>\n\t<meta property=\"og:image:height\" content=\"1000\" \/>\n\t<meta property=\"og:image:type\" content=\"image\/jpeg\" \/>\n<meta name=\"twitter:card\" content=\"summary_large_image\" \/>\n<meta name=\"twitter:label1\" content=\"\u0648\u0642\u062a \u0627\u0644\u0642\u0631\u0627\u0621\u0629 \u0627\u0644\u0645\u064f\u0642\u062f\u0651\u0631\" \/>\n\t<meta name=\"twitter:data1\" content=\"\u062f\u0642\u064a\u0642\u062a\u0627\u0646\" \/>\n<script type=\"application\/ld+json\" class=\"yoast-schema-graph\">{\"@context\":\"https:\\\/\\\/schema.org\",\"@graph\":[{\"@type\":[\"WebPage\",\"ItemPage\"],\"@id\":\"https:\\\/\\\/vitablanca.ma\\\/produit\\\/mustela-liniment-400ml\\\/\",\"url\":\"https:\\\/\\\/vitablanca.ma\\\/produit\\\/mustela-liniment-400ml\\\/\",\"name\":\"Mustela Liniment 400ml - Maroc Prix\",\"isPartOf\":{\"@id\":\"https:\\\/\\\/vitablanca.ma\\\/#website\"},\"primaryImageOfPage\":{\"@id\":\"https:\\\/\\\/vitablanca.ma\\\/produit\\\/mustela-liniment-400ml\\\/#primaryimage\"},\"image\":{\"@id\":\"https:\\\/\\\/vitablanca.ma\\\/produit\\\/mustela-liniment-400ml\\\/#primaryimage\"},\"thumbnailUrl\":\"https:\\\/\\\/vitablanca.ma\\\/wp-content\\\/uploads\\\/2025\\\/06\\\/Mustela-Liniment-400ml-nova-parapharmacie-casablanca.jpg\",\"datePublished\":\"2025-06-10T18:36:29+00:00\",\"dateModified\":\"2026-02-23T01:49:14+00:00\",\"description\":\"Mustela Liniment 400 ml nettoie, prot\u00e8ge et apaise le si\u00e8ge de b\u00e9b\u00e9. Formule douce \u00e0 l\u2019huile d\u2019olive pour pr\u00e9venir rougeurs et irritations au quotidien.\",\"breadcrumb\":{\"@id\":\"https:\\\/\\\/vitablanca.ma\\\/produit\\\/mustela-liniment-400ml\\\/#breadcrumb\"},\"inLanguage\":\"ar\",\"potentialAction\":[{\"@type\":\"ReadAction\",\"target\":[\"https:\\\/\\\/vitablanca.ma\\\/produit\\\/mustela-liniment-400ml\\\/\"]}]},{\"@type\":\"ImageObject\",\"inLanguage\":\"ar\",\"@id\":\"https:\\\/\\\/vitablanca.ma\\\/produit\\\/mustela-liniment-400ml\\\/#primaryimage\",\"url\":\"https:\\\/\\\/vitablanca.ma\\\/wp-content\\\/uploads\\\/2025\\\/06\\\/Mustela-Liniment-400ml-nova-parapharmacie-casablanca.jpg\",\"contentUrl\":\"https:\\\/\\\/vitablanca.ma\\\/wp-content\\\/uploads\\\/2025\\\/06\\\/Mustela-Liniment-400ml-nova-parapharmacie-casablanca.jpg\",\"width\":1000,\"height\":1000},{\"@type\":\"BreadcrumbList\",\"@id\":\"https:\\\/\\\/vitablanca.ma\\\/produit\\\/mustela-liniment-400ml\\\/#breadcrumb\",\"itemListElement\":[{\"@type\":\"ListItem\",\"position\":1,\"name\":\"Home\",\"item\":\"https:\\\/\\\/vitablanca.ma\\\/\"},{\"@type\":\"ListItem\",\"position\":2,\"name\":\"Tous Les Produits\",\"item\":\"https:\\\/\\\/vitablanca.ma\\\/tous-les-produits\\\/\"},{\"@type\":\"ListItem\",\"position\":3,\"name\":\"Mustela Liniment 400ml\"}]},{\"@type\":\"WebSite\",\"@id\":\"https:\\\/\\\/vitablanca.ma\\\/#website\",\"url\":\"https:\\\/\\\/vitablanca.ma\\\/\",\"name\":\"VitaBlanca.ma | Compl\u00e9ments alimentaires, sant\u00e9 & beaut\u00e9 au Maroc\",\"description\":\"vendre vitamines et compl\u00e9ments premium des USA &amp; Canada, Nouvelle Z\u00e9lande,Maroc (NOW Foods, Solgar, Manuka). Livraison rapide partout au Maroc.\",\"publisher\":{\"@id\":\"https:\\\/\\\/vitablanca.ma\\\/#organization\"},\"alternateName\":\"VitaBlanca.ma\",\"potentialAction\":[{\"@type\":\"SearchAction\",\"target\":{\"@type\":\"EntryPoint\",\"urlTemplate\":\"https:\\\/\\\/vitablanca.ma\\\/?s={search_term_string}\"},\"query-input\":{\"@type\":\"PropertyValueSpecification\",\"valueRequired\":true,\"valueName\":\"search_term_string\"}}],\"inLanguage\":\"ar\"},{\"@type\":\"Organization\",\"@id\":\"https:\\\/\\\/vitablanca.ma\\\/#organization\",\"name\":\"VitaBlanca\",\"url\":\"https:\\\/\\\/vitablanca.ma\\\/\",\"logo\":{\"@type\":\"ImageObject\",\"inLanguage\":\"ar\",\"@id\":\"https:\\\/\\\/vitablanca.ma\\\/#\\\/schema\\\/logo\\\/image\\\/\",\"url\":\"https:\\\/\\\/vitablanca.ma\\\/wp-content\\\/uploads\\\/2025\\\/05\\\/cropped-vitablanca.png\",\"contentUrl\":\"https:\\\/\\\/vitablanca.ma\\\/wp-content\\\/uploads\\\/2025\\\/05\\\/cropped-vitablanca.png\",\"width\":360,\"height\":67,\"caption\":\"VitaBlanca\"},\"image\":{\"@id\":\"https:\\\/\\\/vitablanca.ma\\\/#\\\/schema\\\/logo\\\/image\\\/\"},\"sameAs\":[\"https:\\\/\\\/www.facebook.com\\\/profile.php?id=61576678196717\",\"https:\\\/\\\/www.tiktok.com\\\/@vitablanca.ma\",\"https:\\\/\\\/www.instagram.com\\\/vitablanca.ma\\\/\"]}]}<\/script>\n<!-- \/ Yoast SEO plugin. -->","yoast_head_json":{"title":"Mustela Liniment 400ml - Maroc Prix","description":"Mustela Liniment 400 ml nettoie, prot\u00e8ge et apaise le si\u00e8ge de b\u00e9b\u00e9. Formule douce \u00e0 l\u2019huile d\u2019olive pour pr\u00e9venir rougeurs et irritations au quotidien.","robots":{"index":"index","follow":"follow","max-snippet":"max-snippet:-1","max-image-preview":"max-image-preview:large","max-video-preview":"max-video-preview:-1"},"canonical":"https:\/\/vitablanca.ma\/ar\/product-2\/mustela-liniment-400ml\/","og_locale":"ar_AR","og_type":"article","og_title":"Mustela Liniment 400ml - Maroc Prix","og_description":"Mustela Liniment 400 ml nettoie, prot\u00e8ge et apaise le si\u00e8ge de b\u00e9b\u00e9. Formule douce \u00e0 l\u2019huile d\u2019olive pour pr\u00e9venir rougeurs et irritations au quotidien.","og_url":"https:\/\/vitablanca.ma\/ar\/product-2\/mustela-liniment-400ml\/","og_site_name":"Vitablanca.ma &ndash; Sant&eacute;, vitalit&eacute; et bien-&ecirc;tre pour tous les Marocains","article_publisher":"https:\/\/www.facebook.com\/profile.php?id=61576678196717","article_modified_time":"2026-02-23T01:49:14+00:00","og_image":[{"width":1000,"height":1000,"url":"https:\/\/vitablanca.ma\/wp-content\/uploads\/2025\/06\/Mustela-Liniment-400ml-nova-parapharmacie-casablanca.jpg","type":"image\/jpeg"}],"twitter_card":"summary_large_image","twitter_misc":{"\u0648\u0642\u062a \u0627\u0644\u0642\u0631\u0627\u0621\u0629 \u0627\u0644\u0645\u064f\u0642\u062f\u0651\u0631":"\u062f\u0642\u064a\u0642\u062a\u0627\u0646"},"schema":{"@context":"https:\/\/schema.org","@graph":[{"@type":["WebPage","ItemPage"],"@id":"https:\/\/vitablanca.ma\/produit\/mustela-liniment-400ml\/","url":"https:\/\/vitablanca.ma\/produit\/mustela-liniment-400ml\/","name":"Mustela Liniment 400ml - Maroc Prix","isPartOf":{"@id":"https:\/\/vitablanca.ma\/#website"},"primaryImageOfPage":{"@id":"https:\/\/vitablanca.ma\/produit\/mustela-liniment-400ml\/#primaryimage"},"image":{"@id":"https:\/\/vitablanca.ma\/produit\/mustela-liniment-400ml\/#primaryimage"},"thumbnailUrl":"https:\/\/vitablanca.ma\/wp-content\/uploads\/2025\/06\/Mustela-Liniment-400ml-nova-parapharmacie-casablanca.jpg","datePublished":"2025-06-10T18:36:29+00:00","dateModified":"2026-02-23T01:49:14+00:00","description":"Mustela Liniment 400 ml nettoie, prot\u00e8ge et apaise le si\u00e8ge de b\u00e9b\u00e9. Formule douce \u00e0 l\u2019huile d\u2019olive pour pr\u00e9venir rougeurs et irritations au quotidien.","breadcrumb":{"@id":"https:\/\/vitablanca.ma\/produit\/mustela-liniment-400ml\/#breadcrumb"},"inLanguage":"ar","potentialAction":[{"@type":"ReadAction","target":["https:\/\/vitablanca.ma\/produit\/mustela-liniment-400ml\/"]}]},{"@type":"ImageObject","inLanguage":"ar","@id":"https:\/\/vitablanca.ma\/produit\/mustela-liniment-400ml\/#primaryimage","url":"https:\/\/vitablanca.ma\/wp-content\/uploads\/2025\/06\/Mustela-Liniment-400ml-nova-parapharmacie-casablanca.jpg","contentUrl":"https:\/\/vitablanca.ma\/wp-content\/uploads\/2025\/06\/Mustela-Liniment-400ml-nova-parapharmacie-casablanca.jpg","width":1000,"height":1000},{"@type":"BreadcrumbList","@id":"https:\/\/vitablanca.ma\/produit\/mustela-liniment-400ml\/#breadcrumb","itemListElement":[{"@type":"ListItem","position":1,"name":"Home","item":"https:\/\/vitablanca.ma\/"},{"@type":"ListItem","position":2,"name":"Tous Les Produits","item":"https:\/\/vitablanca.ma\/tous-les-produits\/"},{"@type":"ListItem","position":3,"name":"Mustela Liniment 400ml"}]},{"@type":"WebSite","@id":"https:\/\/vitablanca.ma\/#website","url":"https:\/\/vitablanca.ma\/","name":"VitaBlanca.ma | \u0627\u0644\u0645\u0643\u0645\u0644\u0627\u062a \u0627\u0644\u063a\u0630\u0627\u0626\u064a\u0629\u060c \u0627\u0644\u0635\u062d\u0629 \u0648\u0627\u0644\u062c\u0645\u0627\u0644 \u0641\u064a \u0627\u0644\u0645\u063a\u0631\u0628","description":"\u0646\u0628\u064a\u0639 \u0641\u064a\u062a\u0627\u0645\u064a\u0646\u0627\u062a \u0648\u0645\u0643\u0645\u0644\u0627\u062a \u063a\u0630\u0627\u0626\u064a\u0629 \u0641\u0627\u062e\u0631\u0629 \u0645\u0646 \u0627\u0644\u0648\u0644\u0627\u064a\u0627\u062a \u0627\u0644\u0645\u062a\u062d\u062f\u0629 \u0627\u0644\u0623\u0645\u0631\u064a\u0643\u064a\u0629 \u0648\u0643\u0646\u062f\u0627 \u0648\u0646\u064a\u0648\u0632\u064a\u0644\u0646\u062f\u0627 \u0648\u0627\u0644\u0645\u063a\u0631\u0628 (\u0646\u0627\u0648 \u0641\u0648\u062f\u0632\u060c \u0633\u0648\u0644\u062c\u0627\u0631\u060c \u0645\u0627\u0646\u0648\u0643\u0627). \u062a\u0648\u0635\u064a\u0644 \u0633\u0631\u064a\u0639 \u0625\u0644\u0649 \u062c\u0645\u064a\u0639 \u0623\u0646\u062d\u0627\u0621 \u0627\u0644\u0645\u063a\u0631\u0628.","publisher":{"@id":"https:\/\/vitablanca.ma\/#organization"},"alternateName":"VitaBlanca.ma","potentialAction":[{"@type":"SearchAction","target":{"@type":"EntryPoint","urlTemplate":"https:\/\/vitablanca.ma\/?s={search_term_string}"},"query-input":{"@type":"PropertyValueSpecification","valueRequired":true,"valueName":"search_term_string"}}],"inLanguage":"ar"},{"@type":"Organization","@id":"https:\/\/vitablanca.ma\/#organization","name":"\u0641\u064a\u062a\u0627\u0628\u0644\u0627\u0646\u0643\u0627","url":"https:\/\/vitablanca.ma\/","logo":{"@type":"ImageObject","inLanguage":"ar","@id":"https:\/\/vitablanca.ma\/#\/schema\/logo\/image\/","url":"https:\/\/vitablanca.ma\/wp-content\/uploads\/2025\/05\/cropped-vitablanca.png","contentUrl":"https:\/\/vitablanca.ma\/wp-content\/uploads\/2025\/05\/cropped-vitablanca.png","width":360,"height":67,"caption":"VitaBlanca"},"image":{"@id":"https:\/\/vitablanca.ma\/#\/schema\/logo\/image\/"},"sameAs":["https:\/\/www.facebook.com\/profile.php?id=61576678196717","https:\/\/www.tiktok.com\/@vitablanca.ma","https:\/\/www.instagram.com\/vitablanca.ma\/"]}]}},"jetpack_sharing_enabled":true,"_links":{"self":[{"href":"https:\/\/vitablanca.ma\/ar\/wp-json\/wp\/v2\/product\/20458","targetHints":{"allow":["GET"]}}],"collection":[{"href":"https:\/\/vitablanca.ma\/ar\/wp-json\/wp\/v2\/product"}],"about":[{"href":"https:\/\/vitablanca.ma\/ar\/wp-json\/wp\/v2\/types\/product"}],"wp:featuredmedia":[{"embeddable":true,"href":"https:\/\/vitablanca.ma\/ar\/wp-json\/wp\/v2\/media\/20454"}],"wp:attachment":[{"href":"https:\/\/vitablanca.ma\/ar\/wp-json\/wp\/v2\/media?parent=20458"}],"wp:term":[{"taxonomy":"product_brand","embeddable":true,"href":"https:\/\/vitablanca.ma\/ar\/wp-json\/wp\/v2\/product_brand?post=20458"},{"taxonomy":"product_cat","embeddable":true,"href":"https:\/\/vitablanca.ma\/ar\/wp-json\/wp\/v2\/product_cat?post=20458"},{"taxonomy":"product_tag","embeddable":true,"href":"https:\/\/vitablanca.ma\/ar\/wp-json\/wp\/v2\/product_tag?post=20458"}],"curies":[{"name":"wp","href":"https:\/\/api.w.org\/{rel}","templated":true}]}}