{"id":20450,"date":"2025-06-10T18:36:19","date_gmt":"2025-06-10T18:36:19","guid":{"rendered":"https:\/\/vitablanca.ma\/product\/mustela-eau-de-soin-parfumee-musti-50ml\/"},"modified":"2026-02-23T01:51:41","modified_gmt":"2026-02-23T01:51:41","slug":"mustela-eau-de-soin-parfumee-musti-50ml","status":"publish","type":"product","link":"https:\/\/vitablanca.ma\/ar\/product-2\/mustela-eau-de-soin-parfumee-musti-50ml\/","title":{"rendered":"Mustela Eau de soin Parfum\u00e9e Musti 50ml"},"content":{"rendered":"<h2><span data-mce-fragment=\"1\">Mustela Eau de soin\u00a0parfum\u00e9e d\u00e9licatement l&rsquo;enfant et le b\u00e9b\u00e9.<\/span><\/h2>\n<p><span data-mce-fragment=\"1\">L&rsquo;Eau de soin Musti parfume d\u00e9licatement l&rsquo;enfant et le b\u00e9b\u00e9, apportant une touche de fra\u00eecheur et de tendresse, gr\u00e2ce \u00e0 ses notes subtiles d\u2019agrumes, de rose et de lilas. Sans alcool, elle est utilisable d\u00e8s la naissance* en toute s\u00e9curit\u00e9.<\/span><\/p>\n<h3><span data-mce-fragment=\"1\">Bienfaits &amp; S\u00e9curit\u00e9<\/span><\/h3>\n<p>Formul\u00e9e \u00e0 97% d&rsquo;ingr\u00e9dients d&rsquo;origine naturelle, l&rsquo;eau de soin Musti allie des notes subtiles d\u2019agrumes, de rose et de lilas. Rehauss\u00e9es d&rsquo;extraits de miel et camomille aux vertus adoucissante et apaisante, cette eau procure un v\u00e9ritable instant bien-\u00eatre et apporte tendresse et fra\u00eecheur.<\/p>\n<p>L&rsquo;eau de senteur Musti parfume la peau d\u00e9licate des b\u00e9b\u00e9s tout en la respectant. Elle peut \u00eatre utilis\u00e9e d\u00e8s la naissance*, en toute s\u00e9curit\u00e9.<\/p>\n<h3>\u0637\u0631\u064a\u0642\u0629 \u0627\u0644\u0627\u0633\u062a\u062e\u062f\u0627\u0645<\/h3>\n<ul>\n<li><strong>\u00c9tape1:\u00a0<\/strong>Appliquer d\u00e9licatement sur les cheveux, le cou et les v\u00eatements.<\/li>\n<li><strong>\u00c9tape2:\u00a0<\/strong>Peut s&rsquo;utiliser quotidiennement.<\/li>\n<\/ul>\n<p>La flacon de l&rsquo;Eau de Soin est vide ? Jetez-le dans la poubelle de tri s\u00e9lectif* pour permettre le recyclage.<br \/>\nJetez \u00e9galement l&rsquo;\u00e9tui en carton dans la poubelle de tri s\u00e9lectif.*<\/p>\n<h3>\u0645\u0643\u0648\u0646\u0627\u062a<\/h3>\n<div class=\"h2 h3\"><strong>S\u00e9curit\u00e9 maman\/b\u00e9b\u00e9 garantie<\/strong><\/div>\n<div class=\"h2 h3\"><\/div>\n<p>Parce que rien n\u2019est plus pr\u00e9cieux que votre b\u00e9b\u00e9, la s\u00e9curit\u00e9 est le premier engagement de Mustela.<\/p>\n<p>Fort de 60 ans de recherche en dermatologie, Mustela d\u00e9veloppe, en collaboration avec des professionnels de sant\u00e9, des soins sp\u00e9cifiquement con\u00e7us pour la peau fragile des b\u00e9b\u00e9s, pour une s\u00e9curit\u00e9 garantie d\u00e8s la naissance* :<\/p>\n<p>&#8211; Test\u00e9s sous contr\u00f4le dermatologique et p\u00e9diatrique<br \/>\n&#8211; Haute tol\u00e9rance cutan\u00e9e et oculaire<br \/>\n&#8211; Donnant la priorit\u00e9 aux ingr\u00e9dients d&rsquo;origine naturelle<\/p>\n<p>&nbsp;<\/p>","protected":false},"excerpt":{"rendered":"<p>Mustela Eau de soin\u00a0parfum\u00e9e d\u00e9licatement l&rsquo;enfant et le b\u00e9b\u00e9. L&rsquo;Eau de soin Musti parfume d\u00e9licatement l&rsquo;enfant et le b\u00e9b\u00e9, apportant une touche de fra\u00eecheur et de tendresse, gr\u00e2ce \u00e0 ses notes subtiles d\u2019agrumes, de rose et de lilas. Sans alcool, elle est utilisable d\u00e8s la naissance* en toute s\u00e9curit\u00e9. Bienfaits &amp; S\u00e9curit\u00e9 Formul\u00e9e \u00e0 97% [&hellip;]<\/p>\n","protected":false},"featured_media":20445,"template":"","meta":{"om_disable_all_campaigns":false},"product_brand":[],"product_cat":[15],"product_tag":[10642,10651,10645,10644,10388,10641,10653,10652,10643,10654,10646,10649,10650,10648,10647],"class_list":{"0":"post-20450","1":"product","2":"type-product","3":"status-publish","4":"has-post-thumbnail","6":"product_cat-beaute-sante-complements-alimentaires-soins-et-bien-etre-au-meilleur-prix","7":"product_tag-eau-parfumee-bebe","8":"product_tag-eau-parfumee-delicate","9":"product_tag-fragrance-bebe-douce","10":"product_tag-mustela-eau-de-soin","11":"product_tag-mustela-maroc","12":"product_tag-mustela-musti-50ml","13":"product_tag-mustela-musti-prix","14":"product_tag-parfum-bebe-quotidien","15":"product_tag-parfum-bebe-sans-alcool","16":"product_tag-parfum-bebe-sur","17":"product_tag-parfum-enfant-leger","18":"product_tag-parfum-peau-sensible","19":"product_tag-routine-toilette-bebe","20":"product_tag-senteur-fraiche-bebe","21":"product_tag-soin-parfume-nourrisson","23":"first","24":"instock","25":"sale","26":"taxable","27":"shipping-taxable","28":"purchasable","29":"product-type-simple"},"yoast_head":"<!-- This site is optimized with the Yoast SEO plugin v27.4 - https:\/\/yoast.com\/product\/yoast-seo-wordpress\/ -->\n<title>Mustela Eau de soin Parfum\u00e9e Musti 50ml - Maroc Prix<\/title>\n<meta name=\"description\" content=\"Mustela Eau de Soin Parfum\u00e9e Musti 50 ml, parfum doux sans alcool pour b\u00e9b\u00e9. Respecte la peau sensible et laisse une senteur fra\u00eeche et d\u00e9licate.\" \/>\n<meta name=\"robots\" content=\"index, follow, max-snippet:-1, max-image-preview:large, max-video-preview:-1\" \/>\n<link rel=\"canonical\" href=\"https:\/\/vitablanca.ma\/ar\/product-2\/mustela-eau-de-soin-parfumee-musti-50ml\/\" \/>\n<meta property=\"og:locale\" content=\"ar_AR\" \/>\n<meta property=\"og:type\" content=\"article\" \/>\n<meta property=\"og:title\" content=\"Mustela Eau de soin Parfum\u00e9e Musti 50ml - Maroc Prix\" \/>\n<meta property=\"og:description\" content=\"Mustela Eau de Soin Parfum\u00e9e Musti 50 ml, parfum doux sans alcool pour b\u00e9b\u00e9. Respecte la peau sensible et laisse une senteur fra\u00eeche et d\u00e9licate.\" \/>\n<meta property=\"og:url\" content=\"https:\/\/vitablanca.ma\/ar\/product-2\/mustela-eau-de-soin-parfumee-musti-50ml\/\" \/>\n<meta property=\"og:site_name\" content=\"Vitablanca.ma &ndash; Sant&eacute;, vitalit&eacute; et bien-&ecirc;tre pour tous les Marocains\" \/>\n<meta property=\"article:publisher\" content=\"https:\/\/www.facebook.com\/profile.php?id=61576678196717\" \/>\n<meta property=\"article:modified_time\" content=\"2026-02-23T01:51:41+00:00\" \/>\n<meta property=\"og:image\" content=\"https:\/\/vitablanca.ma\/wp-content\/uploads\/2025\/06\/Mustela-Eau-de-soin-Parfumee-Musti-50ml-nova-parapharmacie-maroc._3fe9c0c3-cb3a-4b29-8102-d6c4c6e420c7.jpg\" \/>\n\t<meta property=\"og:image:width\" content=\"1000\" \/>\n\t<meta property=\"og:image:height\" content=\"1000\" \/>\n\t<meta property=\"og:image:type\" content=\"image\/jpeg\" \/>\n<meta name=\"twitter:card\" content=\"summary_large_image\" \/>\n<meta name=\"twitter:label1\" content=\"\u0648\u0642\u062a \u0627\u0644\u0642\u0631\u0627\u0621\u0629 \u0627\u0644\u0645\u064f\u0642\u062f\u0651\u0631\" \/>\n\t<meta name=\"twitter:data1\" content=\"\u062f\u0642\u064a\u0642\u062a\u0627\u0646\" \/>\n<script type=\"application\/ld+json\" class=\"yoast-schema-graph\">{\"@context\":\"https:\\\/\\\/schema.org\",\"@graph\":[{\"@type\":[\"WebPage\",\"ItemPage\"],\"@id\":\"https:\\\/\\\/vitablanca.ma\\\/produit\\\/mustela-eau-de-soin-parfumee-musti-50ml\\\/\",\"url\":\"https:\\\/\\\/vitablanca.ma\\\/produit\\\/mustela-eau-de-soin-parfumee-musti-50ml\\\/\",\"name\":\"Mustela Eau de soin Parfum\u00e9e Musti 50ml - Maroc Prix\",\"isPartOf\":{\"@id\":\"https:\\\/\\\/vitablanca.ma\\\/#website\"},\"primaryImageOfPage\":{\"@id\":\"https:\\\/\\\/vitablanca.ma\\\/produit\\\/mustela-eau-de-soin-parfumee-musti-50ml\\\/#primaryimage\"},\"image\":{\"@id\":\"https:\\\/\\\/vitablanca.ma\\\/produit\\\/mustela-eau-de-soin-parfumee-musti-50ml\\\/#primaryimage\"},\"thumbnailUrl\":\"https:\\\/\\\/vitablanca.ma\\\/wp-content\\\/uploads\\\/2025\\\/06\\\/Mustela-Eau-de-soin-Parfumee-Musti-50ml-nova-parapharmacie-maroc._3fe9c0c3-cb3a-4b29-8102-d6c4c6e420c7.jpg\",\"datePublished\":\"2025-06-10T18:36:19+00:00\",\"dateModified\":\"2026-02-23T01:51:41+00:00\",\"description\":\"Mustela Eau de Soin Parfum\u00e9e Musti 50 ml, parfum doux sans alcool pour b\u00e9b\u00e9. Respecte la peau sensible et laisse une senteur fra\u00eeche et d\u00e9licate.\",\"breadcrumb\":{\"@id\":\"https:\\\/\\\/vitablanca.ma\\\/produit\\\/mustela-eau-de-soin-parfumee-musti-50ml\\\/#breadcrumb\"},\"inLanguage\":\"ar\",\"potentialAction\":[{\"@type\":\"ReadAction\",\"target\":[\"https:\\\/\\\/vitablanca.ma\\\/produit\\\/mustela-eau-de-soin-parfumee-musti-50ml\\\/\"]}]},{\"@type\":\"ImageObject\",\"inLanguage\":\"ar\",\"@id\":\"https:\\\/\\\/vitablanca.ma\\\/produit\\\/mustela-eau-de-soin-parfumee-musti-50ml\\\/#primaryimage\",\"url\":\"https:\\\/\\\/vitablanca.ma\\\/wp-content\\\/uploads\\\/2025\\\/06\\\/Mustela-Eau-de-soin-Parfumee-Musti-50ml-nova-parapharmacie-maroc._3fe9c0c3-cb3a-4b29-8102-d6c4c6e420c7.jpg\",\"contentUrl\":\"https:\\\/\\\/vitablanca.ma\\\/wp-content\\\/uploads\\\/2025\\\/06\\\/Mustela-Eau-de-soin-Parfumee-Musti-50ml-nova-parapharmacie-maroc._3fe9c0c3-cb3a-4b29-8102-d6c4c6e420c7.jpg\",\"width\":1000,\"height\":1000},{\"@type\":\"BreadcrumbList\",\"@id\":\"https:\\\/\\\/vitablanca.ma\\\/produit\\\/mustela-eau-de-soin-parfumee-musti-50ml\\\/#breadcrumb\",\"itemListElement\":[{\"@type\":\"ListItem\",\"position\":1,\"name\":\"Home\",\"item\":\"https:\\\/\\\/vitablanca.ma\\\/\"},{\"@type\":\"ListItem\",\"position\":2,\"name\":\"Tous Les Produits\",\"item\":\"https:\\\/\\\/vitablanca.ma\\\/tous-les-produits\\\/\"},{\"@type\":\"ListItem\",\"position\":3,\"name\":\"Mustela Eau de soin Parfum\u00e9e Musti 50ml\"}]},{\"@type\":\"WebSite\",\"@id\":\"https:\\\/\\\/vitablanca.ma\\\/#website\",\"url\":\"https:\\\/\\\/vitablanca.ma\\\/\",\"name\":\"VitaBlanca.ma | Compl\u00e9ments alimentaires, sant\u00e9 & beaut\u00e9 au Maroc\",\"description\":\"vendre vitamines et compl\u00e9ments premium des USA &amp; Canada, Nouvelle Z\u00e9lande,Maroc (NOW Foods, Solgar, Manuka). Livraison rapide partout au Maroc.\",\"publisher\":{\"@id\":\"https:\\\/\\\/vitablanca.ma\\\/#organization\"},\"alternateName\":\"VitaBlanca.ma\",\"potentialAction\":[{\"@type\":\"SearchAction\",\"target\":{\"@type\":\"EntryPoint\",\"urlTemplate\":\"https:\\\/\\\/vitablanca.ma\\\/?s={search_term_string}\"},\"query-input\":{\"@type\":\"PropertyValueSpecification\",\"valueRequired\":true,\"valueName\":\"search_term_string\"}}],\"inLanguage\":\"ar\"},{\"@type\":\"Organization\",\"@id\":\"https:\\\/\\\/vitablanca.ma\\\/#organization\",\"name\":\"VitaBlanca\",\"url\":\"https:\\\/\\\/vitablanca.ma\\\/\",\"logo\":{\"@type\":\"ImageObject\",\"inLanguage\":\"ar\",\"@id\":\"https:\\\/\\\/vitablanca.ma\\\/#\\\/schema\\\/logo\\\/image\\\/\",\"url\":\"https:\\\/\\\/vitablanca.ma\\\/wp-content\\\/uploads\\\/2025\\\/05\\\/cropped-vitablanca.png\",\"contentUrl\":\"https:\\\/\\\/vitablanca.ma\\\/wp-content\\\/uploads\\\/2025\\\/05\\\/cropped-vitablanca.png\",\"width\":360,\"height\":67,\"caption\":\"VitaBlanca\"},\"image\":{\"@id\":\"https:\\\/\\\/vitablanca.ma\\\/#\\\/schema\\\/logo\\\/image\\\/\"},\"sameAs\":[\"https:\\\/\\\/www.facebook.com\\\/profile.php?id=61576678196717\",\"https:\\\/\\\/www.tiktok.com\\\/@vitablanca.ma\",\"https:\\\/\\\/www.instagram.com\\\/vitablanca.ma\\\/\"]}]}<\/script>\n<!-- \/ Yoast SEO plugin. -->","yoast_head_json":{"title":"Mustela Eau de soin Parfum\u00e9e Musti 50ml - Maroc Prix","description":"Mustela Eau de Soin Parfum\u00e9e Musti 50 ml, parfum doux sans alcool pour b\u00e9b\u00e9. Respecte la peau sensible et laisse une senteur fra\u00eeche et d\u00e9licate.","robots":{"index":"index","follow":"follow","max-snippet":"max-snippet:-1","max-image-preview":"max-image-preview:large","max-video-preview":"max-video-preview:-1"},"canonical":"https:\/\/vitablanca.ma\/ar\/product-2\/mustela-eau-de-soin-parfumee-musti-50ml\/","og_locale":"ar_AR","og_type":"article","og_title":"Mustela Eau de soin Parfum\u00e9e Musti 50ml - Maroc Prix","og_description":"Mustela Eau de Soin Parfum\u00e9e Musti 50 ml, parfum doux sans alcool pour b\u00e9b\u00e9. Respecte la peau sensible et laisse une senteur fra\u00eeche et d\u00e9licate.","og_url":"https:\/\/vitablanca.ma\/ar\/product-2\/mustela-eau-de-soin-parfumee-musti-50ml\/","og_site_name":"Vitablanca.ma &ndash; Sant&eacute;, vitalit&eacute; et bien-&ecirc;tre pour tous les Marocains","article_publisher":"https:\/\/www.facebook.com\/profile.php?id=61576678196717","article_modified_time":"2026-02-23T01:51:41+00:00","og_image":[{"width":1000,"height":1000,"url":"https:\/\/vitablanca.ma\/wp-content\/uploads\/2025\/06\/Mustela-Eau-de-soin-Parfumee-Musti-50ml-nova-parapharmacie-maroc._3fe9c0c3-cb3a-4b29-8102-d6c4c6e420c7.jpg","type":"image\/jpeg"}],"twitter_card":"summary_large_image","twitter_misc":{"\u0648\u0642\u062a \u0627\u0644\u0642\u0631\u0627\u0621\u0629 \u0627\u0644\u0645\u064f\u0642\u062f\u0651\u0631":"\u062f\u0642\u064a\u0642\u062a\u0627\u0646"},"schema":{"@context":"https:\/\/schema.org","@graph":[{"@type":["WebPage","ItemPage"],"@id":"https:\/\/vitablanca.ma\/produit\/mustela-eau-de-soin-parfumee-musti-50ml\/","url":"https:\/\/vitablanca.ma\/produit\/mustela-eau-de-soin-parfumee-musti-50ml\/","name":"Mustela Eau de soin Parfum\u00e9e Musti 50ml - Maroc Prix","isPartOf":{"@id":"https:\/\/vitablanca.ma\/#website"},"primaryImageOfPage":{"@id":"https:\/\/vitablanca.ma\/produit\/mustela-eau-de-soin-parfumee-musti-50ml\/#primaryimage"},"image":{"@id":"https:\/\/vitablanca.ma\/produit\/mustela-eau-de-soin-parfumee-musti-50ml\/#primaryimage"},"thumbnailUrl":"https:\/\/vitablanca.ma\/wp-content\/uploads\/2025\/06\/Mustela-Eau-de-soin-Parfumee-Musti-50ml-nova-parapharmacie-maroc._3fe9c0c3-cb3a-4b29-8102-d6c4c6e420c7.jpg","datePublished":"2025-06-10T18:36:19+00:00","dateModified":"2026-02-23T01:51:41+00:00","description":"Mustela Eau de Soin Parfum\u00e9e Musti 50 ml, parfum doux sans alcool pour b\u00e9b\u00e9. Respecte la peau sensible et laisse une senteur fra\u00eeche et d\u00e9licate.","breadcrumb":{"@id":"https:\/\/vitablanca.ma\/produit\/mustela-eau-de-soin-parfumee-musti-50ml\/#breadcrumb"},"inLanguage":"ar","potentialAction":[{"@type":"ReadAction","target":["https:\/\/vitablanca.ma\/produit\/mustela-eau-de-soin-parfumee-musti-50ml\/"]}]},{"@type":"ImageObject","inLanguage":"ar","@id":"https:\/\/vitablanca.ma\/produit\/mustela-eau-de-soin-parfumee-musti-50ml\/#primaryimage","url":"https:\/\/vitablanca.ma\/wp-content\/uploads\/2025\/06\/Mustela-Eau-de-soin-Parfumee-Musti-50ml-nova-parapharmacie-maroc._3fe9c0c3-cb3a-4b29-8102-d6c4c6e420c7.jpg","contentUrl":"https:\/\/vitablanca.ma\/wp-content\/uploads\/2025\/06\/Mustela-Eau-de-soin-Parfumee-Musti-50ml-nova-parapharmacie-maroc._3fe9c0c3-cb3a-4b29-8102-d6c4c6e420c7.jpg","width":1000,"height":1000},{"@type":"BreadcrumbList","@id":"https:\/\/vitablanca.ma\/produit\/mustela-eau-de-soin-parfumee-musti-50ml\/#breadcrumb","itemListElement":[{"@type":"ListItem","position":1,"name":"Home","item":"https:\/\/vitablanca.ma\/"},{"@type":"ListItem","position":2,"name":"Tous Les Produits","item":"https:\/\/vitablanca.ma\/tous-les-produits\/"},{"@type":"ListItem","position":3,"name":"Mustela Eau de soin Parfum\u00e9e Musti 50ml"}]},{"@type":"WebSite","@id":"https:\/\/vitablanca.ma\/#website","url":"https:\/\/vitablanca.ma\/","name":"VitaBlanca.ma | \u0627\u0644\u0645\u0643\u0645\u0644\u0627\u062a \u0627\u0644\u063a\u0630\u0627\u0626\u064a\u0629\u060c \u0627\u0644\u0635\u062d\u0629 \u0648\u0627\u0644\u062c\u0645\u0627\u0644 \u0641\u064a \u0627\u0644\u0645\u063a\u0631\u0628","description":"\u0646\u0628\u064a\u0639 \u0641\u064a\u062a\u0627\u0645\u064a\u0646\u0627\u062a \u0648\u0645\u0643\u0645\u0644\u0627\u062a \u063a\u0630\u0627\u0626\u064a\u0629 \u0641\u0627\u062e\u0631\u0629 \u0645\u0646 \u0627\u0644\u0648\u0644\u0627\u064a\u0627\u062a \u0627\u0644\u0645\u062a\u062d\u062f\u0629 \u0627\u0644\u0623\u0645\u0631\u064a\u0643\u064a\u0629 \u0648\u0643\u0646\u062f\u0627 \u0648\u0646\u064a\u0648\u0632\u064a\u0644\u0646\u062f\u0627 \u0648\u0627\u0644\u0645\u063a\u0631\u0628 (\u0646\u0627\u0648 \u0641\u0648\u062f\u0632\u060c \u0633\u0648\u0644\u062c\u0627\u0631\u060c \u0645\u0627\u0646\u0648\u0643\u0627). \u062a\u0648\u0635\u064a\u0644 \u0633\u0631\u064a\u0639 \u0625\u0644\u0649 \u062c\u0645\u064a\u0639 \u0623\u0646\u062d\u0627\u0621 \u0627\u0644\u0645\u063a\u0631\u0628.","publisher":{"@id":"https:\/\/vitablanca.ma\/#organization"},"alternateName":"VitaBlanca.ma","potentialAction":[{"@type":"SearchAction","target":{"@type":"EntryPoint","urlTemplate":"https:\/\/vitablanca.ma\/?s={search_term_string}"},"query-input":{"@type":"PropertyValueSpecification","valueRequired":true,"valueName":"search_term_string"}}],"inLanguage":"ar"},{"@type":"Organization","@id":"https:\/\/vitablanca.ma\/#organization","name":"\u0641\u064a\u062a\u0627\u0628\u0644\u0627\u0646\u0643\u0627","url":"https:\/\/vitablanca.ma\/","logo":{"@type":"ImageObject","inLanguage":"ar","@id":"https:\/\/vitablanca.ma\/#\/schema\/logo\/image\/","url":"https:\/\/vitablanca.ma\/wp-content\/uploads\/2025\/05\/cropped-vitablanca.png","contentUrl":"https:\/\/vitablanca.ma\/wp-content\/uploads\/2025\/05\/cropped-vitablanca.png","width":360,"height":67,"caption":"VitaBlanca"},"image":{"@id":"https:\/\/vitablanca.ma\/#\/schema\/logo\/image\/"},"sameAs":["https:\/\/www.facebook.com\/profile.php?id=61576678196717","https:\/\/www.tiktok.com\/@vitablanca.ma","https:\/\/www.instagram.com\/vitablanca.ma\/"]}]}},"jetpack_sharing_enabled":true,"_links":{"self":[{"href":"https:\/\/vitablanca.ma\/ar\/wp-json\/wp\/v2\/product\/20450","targetHints":{"allow":["GET"]}}],"collection":[{"href":"https:\/\/vitablanca.ma\/ar\/wp-json\/wp\/v2\/product"}],"about":[{"href":"https:\/\/vitablanca.ma\/ar\/wp-json\/wp\/v2\/types\/product"}],"wp:featuredmedia":[{"embeddable":true,"href":"https:\/\/vitablanca.ma\/ar\/wp-json\/wp\/v2\/media\/20445"}],"wp:attachment":[{"href":"https:\/\/vitablanca.ma\/ar\/wp-json\/wp\/v2\/media?parent=20450"}],"wp:term":[{"taxonomy":"product_brand","embeddable":true,"href":"https:\/\/vitablanca.ma\/ar\/wp-json\/wp\/v2\/product_brand?post=20450"},{"taxonomy":"product_cat","embeddable":true,"href":"https:\/\/vitablanca.ma\/ar\/wp-json\/wp\/v2\/product_cat?post=20450"},{"taxonomy":"product_tag","embeddable":true,"href":"https:\/\/vitablanca.ma\/ar\/wp-json\/wp\/v2\/product_tag?post=20450"}],"curies":[{"name":"wp","href":"https:\/\/api.w.org\/{rel}","templated":true}]}}