{"id":20446,"date":"2025-06-10T18:36:16","date_gmt":"2025-06-10T18:36:16","guid":{"rendered":"https:\/\/vitablanca.ma\/product\/manix-contact-plus\/"},"modified":"2026-02-23T01:56:37","modified_gmt":"2026-02-23T01:56:37","slug":"manix-contact-plus","status":"publish","type":"product","link":"https:\/\/vitablanca.ma\/ar\/product-2\/manix-contact-plus\/","title":{"rendered":"\u0645\u0627\u0646\u064a\u0643\u0633 \u0643\u0648\u0646\u062a\u0627\u0643\u062a \u0628\u0644\u0633"},"content":{"rendered":"<h2><span data-mce-fragment=\"1\">Manix Contact Plus est une r\u00e9f\u00e9rence incontournable.<\/span><\/h2>\n<p><span data-mce-fragment=\"1\">Sa forme profil\u00e9e est con\u00e7ue pour vous apporter le confort absolu et une sensation incroyable de libert\u00e9.<\/span><br data-mce-fragment=\"1\" \/><span data-mce-fragment=\"1\">Sa finesse restitue une sensibilit\u00e9 intacte et n&rsquo;a d&rsquo;\u00e9gal que sa souplesse qui lui permet de r\u00e9sister en toutes circonstances.<\/span><br data-mce-fragment=\"1\" \/><span data-mce-fragment=\"1\">Test\u00e9 100% \u00e9lectroniquement<\/span><\/p>\n<h3><strong data-mce-fragment=\"1\">\u062f\u0648\u0627\u0639\u064a \u0627\u0644\u0627\u0633\u062a\u0639\u0645\u0627\u0644 <\/strong><\/h3>\n<p><span data-mce-fragment=\"1\">&#8211; Hommes<\/span><br data-mce-fragment=\"1\" \/><span data-mce-fragment=\"1\">&#8211; Pour le contact sexuel<\/span><\/p>\n<h4 class=\"productAlternateDescription\" data-mce-fragment=\"1\">\u0637\u0631\u064a\u0642\u0629 \u0627\u0644\u0627\u0633\u062a\u062e\u062f\u0627\u0645<\/h4>\n<p><span data-mce-fragment=\"1\">Avant utilisation, lire attentivement la notice imprim\u00e9e \u00e0 l&rsquo;int\u00e9rieur de la bo\u00eete.<\/span><br data-mce-fragment=\"1\" \/><span data-mce-fragment=\"1\">V\u00e9rifier que l&#8217;emballage du pr\u00e9servatif (foil en plastique ou aluminium) n&rsquo;est pas ouvert ni ab\u00eem\u00e9, et v\u00e9rifier la date limite d\u2019utilisation.<\/span><br data-mce-fragment=\"1\" \/><span data-mce-fragment=\"1\">A conserver dans un endroit frais et sec, \u00e0 l&rsquo;abri de la lumi\u00e8re directe du soleil.<\/span><br data-mce-fragment=\"1\" \/><span data-mce-fragment=\"1\">Ces pr\u00e9servatifs contiennent du caoutchouc de latex naturel pouvant entra\u00eener des r\u00e9actions allergiques, consulter un m\u00e9decin en cas de doute (apparition de rougeurs ou de d\u00e9mangeaisons).<\/span><\/p>","protected":false},"excerpt":{"rendered":"<p>Manix Contact Plus est une r\u00e9f\u00e9rence incontournable. Sa forme profil\u00e9e est con\u00e7ue pour vous apporter le confort absolu et une sensation incroyable de libert\u00e9.Sa finesse restitue une sensibilit\u00e9 intacte et n&rsquo;a d&rsquo;\u00e9gal que sa souplesse qui lui permet de r\u00e9sister en toutes circonstances.Test\u00e9 100% \u00e9lectroniquement Indications &#8211; Hommes&#8211; Pour le contact sexuel CONSEILS D\u2019UTILISATION Avant [&hellip;]<\/p>\n","protected":false},"featured_media":20432,"template":"","meta":{"om_disable_all_campaigns":false},"product_brand":[5519],"product_cat":[15],"product_tag":[5523,10662,10655,5520,5522,5527,5528,10580,10576,5521,10658,10572,10661,10569,5524,10568,10660,10657,5526,10663,10659,10656,5525],"class_list":{"0":"post-20446","1":"product","2":"type-product","3":"status-publish","4":"has-post-thumbnail","6":"product_brand-manix-maroc-prix","7":"product_cat-beaute-sante-complements-alimentaires-soins-et-bien-etre-au-meilleur-prix","8":"product_tag-acheter-manix-maroc","9":"product_tag-latex-de-qualite","10":"product_tag-manix-contact-plus","11":"product_tag-manix-maroc","12":"product_tag-manix-original-maroc","13":"product_tag-manix-prix-maroc","14":"product_tag-marque-manix-maroc","15":"product_tag-pack-preservatifs-pratique","16":"product_tag-plaisir-et-protection","17":"product_tag-preservatif-manix-maroc","18":"product_tag-preservatifs-confortables","19":"product_tag-preservatifs-couple","20":"product_tag-preservatifs-haute-sensibilite","21":"product_tag-preservatifs-lubrifies","22":"product_tag-preservatifs-maroc","23":"product_tag-preservatifs-ultra-fins","24":"product_tag-prevention-grossesse-et-mst","25":"product_tag-protection-intime-fiable","26":"product_tag-protection-intime-maroc","27":"product_tag-protection-quotidienne","28":"product_tag-securite-rapports-intimes","29":"product_tag-sensations-naturelles","30":"product_tag-sexualite-responsable-maroc","32":"first","33":"instock","34":"sale","35":"taxable","36":"shipping-taxable","37":"purchasable","38":"product-type-variable"},"yoast_head":"<!-- This site is optimized with the Yoast SEO plugin v27.4 - https:\/\/yoast.com\/product\/yoast-seo-wordpress\/ -->\n<title>Manix Contact Plus - Maroc Prix<\/title>\n<meta name=\"description\" content=\"Manix Contact Plus, pr\u00e9servatifs ultra-fins offrant sensations naturelles, confort optimal et protection fiable pour des rapports intimes en toute s\u00e9curit\u00e9.\" \/>\n<meta name=\"robots\" content=\"index, follow, max-snippet:-1, max-image-preview:large, max-video-preview:-1\" \/>\n<link rel=\"canonical\" href=\"https:\/\/vitablanca.ma\/ar\/product-2\/manix-contact-plus\/\" \/>\n<meta property=\"og:locale\" content=\"ar_AR\" \/>\n<meta property=\"og:type\" content=\"article\" \/>\n<meta property=\"og:title\" content=\"Manix Contact Plus - Maroc Prix\" \/>\n<meta property=\"og:description\" content=\"Manix Contact Plus, pr\u00e9servatifs ultra-fins offrant sensations naturelles, confort optimal et protection fiable pour des rapports intimes en toute s\u00e9curit\u00e9.\" \/>\n<meta property=\"og:url\" content=\"https:\/\/vitablanca.ma\/ar\/product-2\/manix-contact-plus\/\" \/>\n<meta property=\"og:site_name\" content=\"Vitablanca.ma &ndash; Sant&eacute;, vitalit&eacute; et bien-&ecirc;tre pour tous les Marocains\" \/>\n<meta property=\"article:publisher\" content=\"https:\/\/www.facebook.com\/profile.php?id=61576678196717\" \/>\n<meta property=\"article:modified_time\" content=\"2026-02-23T01:56:37+00:00\" \/>\n<meta property=\"og:image\" content=\"https:\/\/vitablanca.ma\/wp-content\/uploads\/2025\/06\/Manix-Contact-Plus-3-nova-prapharmacie-maroc.jpg\" \/>\n\t<meta property=\"og:image:width\" content=\"1000\" \/>\n\t<meta property=\"og:image:height\" content=\"1000\" \/>\n\t<meta property=\"og:image:type\" content=\"image\/jpeg\" \/>\n<meta name=\"twitter:card\" content=\"summary_large_image\" \/>\n<meta name=\"twitter:label1\" content=\"\u0648\u0642\u062a \u0627\u0644\u0642\u0631\u0627\u0621\u0629 \u0627\u0644\u0645\u064f\u0642\u062f\u0651\u0631\" \/>\n\t<meta name=\"twitter:data1\" content=\"\u062f\u0642\u064a\u0642\u0629 \u0648\u0627\u062d\u062f\u0629\" \/>\n<script type=\"application\/ld+json\" class=\"yoast-schema-graph\">{\"@context\":\"https:\\\/\\\/schema.org\",\"@graph\":[{\"@type\":[\"WebPage\",\"ItemPage\"],\"@id\":\"https:\\\/\\\/vitablanca.ma\\\/produit\\\/manix-contact-plus\\\/\",\"url\":\"https:\\\/\\\/vitablanca.ma\\\/produit\\\/manix-contact-plus\\\/\",\"name\":\"Manix Contact Plus - Maroc Prix\",\"isPartOf\":{\"@id\":\"https:\\\/\\\/vitablanca.ma\\\/#website\"},\"primaryImageOfPage\":{\"@id\":\"https:\\\/\\\/vitablanca.ma\\\/produit\\\/manix-contact-plus\\\/#primaryimage\"},\"image\":{\"@id\":\"https:\\\/\\\/vitablanca.ma\\\/produit\\\/manix-contact-plus\\\/#primaryimage\"},\"thumbnailUrl\":\"https:\\\/\\\/vitablanca.ma\\\/wp-content\\\/uploads\\\/2025\\\/06\\\/Manix-Contact-Plus-3-nova-prapharmacie-maroc.jpg\",\"datePublished\":\"2025-06-10T18:36:16+00:00\",\"dateModified\":\"2026-02-23T01:56:37+00:00\",\"description\":\"Manix Contact Plus, pr\u00e9servatifs ultra-fins offrant sensations naturelles, confort optimal et protection fiable pour des rapports intimes en toute s\u00e9curit\u00e9.\",\"breadcrumb\":{\"@id\":\"https:\\\/\\\/vitablanca.ma\\\/produit\\\/manix-contact-plus\\\/#breadcrumb\"},\"inLanguage\":\"ar\",\"potentialAction\":[{\"@type\":\"ReadAction\",\"target\":[\"https:\\\/\\\/vitablanca.ma\\\/produit\\\/manix-contact-plus\\\/\"]}]},{\"@type\":\"ImageObject\",\"inLanguage\":\"ar\",\"@id\":\"https:\\\/\\\/vitablanca.ma\\\/produit\\\/manix-contact-plus\\\/#primaryimage\",\"url\":\"https:\\\/\\\/vitablanca.ma\\\/wp-content\\\/uploads\\\/2025\\\/06\\\/Manix-Contact-Plus-3-nova-prapharmacie-maroc.jpg\",\"contentUrl\":\"https:\\\/\\\/vitablanca.ma\\\/wp-content\\\/uploads\\\/2025\\\/06\\\/Manix-Contact-Plus-3-nova-prapharmacie-maroc.jpg\",\"width\":1000,\"height\":1000},{\"@type\":\"BreadcrumbList\",\"@id\":\"https:\\\/\\\/vitablanca.ma\\\/produit\\\/manix-contact-plus\\\/#breadcrumb\",\"itemListElement\":[{\"@type\":\"ListItem\",\"position\":1,\"name\":\"Home\",\"item\":\"https:\\\/\\\/vitablanca.ma\\\/\"},{\"@type\":\"ListItem\",\"position\":2,\"name\":\"Tous Les Produits\",\"item\":\"https:\\\/\\\/vitablanca.ma\\\/tous-les-produits\\\/\"},{\"@type\":\"ListItem\",\"position\":3,\"name\":\"Manix Contact Plus\"}]},{\"@type\":\"WebSite\",\"@id\":\"https:\\\/\\\/vitablanca.ma\\\/#website\",\"url\":\"https:\\\/\\\/vitablanca.ma\\\/\",\"name\":\"VitaBlanca.ma | Compl\u00e9ments alimentaires, sant\u00e9 & beaut\u00e9 au Maroc\",\"description\":\"vendre vitamines et compl\u00e9ments premium des USA &amp; Canada, Nouvelle Z\u00e9lande,Maroc (NOW Foods, Solgar, Manuka). Livraison rapide partout au Maroc.\",\"publisher\":{\"@id\":\"https:\\\/\\\/vitablanca.ma\\\/#organization\"},\"alternateName\":\"VitaBlanca.ma\",\"potentialAction\":[{\"@type\":\"SearchAction\",\"target\":{\"@type\":\"EntryPoint\",\"urlTemplate\":\"https:\\\/\\\/vitablanca.ma\\\/?s={search_term_string}\"},\"query-input\":{\"@type\":\"PropertyValueSpecification\",\"valueRequired\":true,\"valueName\":\"search_term_string\"}}],\"inLanguage\":\"ar\"},{\"@type\":\"Organization\",\"@id\":\"https:\\\/\\\/vitablanca.ma\\\/#organization\",\"name\":\"VitaBlanca\",\"url\":\"https:\\\/\\\/vitablanca.ma\\\/\",\"logo\":{\"@type\":\"ImageObject\",\"inLanguage\":\"ar\",\"@id\":\"https:\\\/\\\/vitablanca.ma\\\/#\\\/schema\\\/logo\\\/image\\\/\",\"url\":\"https:\\\/\\\/vitablanca.ma\\\/wp-content\\\/uploads\\\/2025\\\/05\\\/cropped-vitablanca.png\",\"contentUrl\":\"https:\\\/\\\/vitablanca.ma\\\/wp-content\\\/uploads\\\/2025\\\/05\\\/cropped-vitablanca.png\",\"width\":360,\"height\":67,\"caption\":\"VitaBlanca\"},\"image\":{\"@id\":\"https:\\\/\\\/vitablanca.ma\\\/#\\\/schema\\\/logo\\\/image\\\/\"},\"sameAs\":[\"https:\\\/\\\/www.facebook.com\\\/profile.php?id=61576678196717\",\"https:\\\/\\\/www.tiktok.com\\\/@vitablanca.ma\",\"https:\\\/\\\/www.instagram.com\\\/vitablanca.ma\\\/\"]}]}<\/script>\n<!-- \/ Yoast SEO plugin. -->","yoast_head_json":{"title":"Manix Contact Plus - Maroc Prix","description":"Manix Contact Plus, pr\u00e9servatifs ultra-fins offrant sensations naturelles, confort optimal et protection fiable pour des rapports intimes en toute s\u00e9curit\u00e9.","robots":{"index":"index","follow":"follow","max-snippet":"max-snippet:-1","max-image-preview":"max-image-preview:large","max-video-preview":"max-video-preview:-1"},"canonical":"https:\/\/vitablanca.ma\/ar\/product-2\/manix-contact-plus\/","og_locale":"ar_AR","og_type":"article","og_title":"Manix Contact Plus - Maroc Prix","og_description":"Manix Contact Plus, pr\u00e9servatifs ultra-fins offrant sensations naturelles, confort optimal et protection fiable pour des rapports intimes en toute s\u00e9curit\u00e9.","og_url":"https:\/\/vitablanca.ma\/ar\/product-2\/manix-contact-plus\/","og_site_name":"Vitablanca.ma &ndash; Sant&eacute;, vitalit&eacute; et bien-&ecirc;tre pour tous les Marocains","article_publisher":"https:\/\/www.facebook.com\/profile.php?id=61576678196717","article_modified_time":"2026-02-23T01:56:37+00:00","og_image":[{"width":1000,"height":1000,"url":"https:\/\/vitablanca.ma\/wp-content\/uploads\/2025\/06\/Manix-Contact-Plus-3-nova-prapharmacie-maroc.jpg","type":"image\/jpeg"}],"twitter_card":"summary_large_image","twitter_misc":{"\u0648\u0642\u062a \u0627\u0644\u0642\u0631\u0627\u0621\u0629 \u0627\u0644\u0645\u064f\u0642\u062f\u0651\u0631":"\u062f\u0642\u064a\u0642\u0629 \u0648\u0627\u062d\u062f\u0629"},"schema":{"@context":"https:\/\/schema.org","@graph":[{"@type":["WebPage","ItemPage"],"@id":"https:\/\/vitablanca.ma\/produit\/manix-contact-plus\/","url":"https:\/\/vitablanca.ma\/produit\/manix-contact-plus\/","name":"Manix Contact Plus - Maroc Prix","isPartOf":{"@id":"https:\/\/vitablanca.ma\/#website"},"primaryImageOfPage":{"@id":"https:\/\/vitablanca.ma\/produit\/manix-contact-plus\/#primaryimage"},"image":{"@id":"https:\/\/vitablanca.ma\/produit\/manix-contact-plus\/#primaryimage"},"thumbnailUrl":"https:\/\/vitablanca.ma\/wp-content\/uploads\/2025\/06\/Manix-Contact-Plus-3-nova-prapharmacie-maroc.jpg","datePublished":"2025-06-10T18:36:16+00:00","dateModified":"2026-02-23T01:56:37+00:00","description":"Manix Contact Plus, pr\u00e9servatifs ultra-fins offrant sensations naturelles, confort optimal et protection fiable pour des rapports intimes en toute s\u00e9curit\u00e9.","breadcrumb":{"@id":"https:\/\/vitablanca.ma\/produit\/manix-contact-plus\/#breadcrumb"},"inLanguage":"ar","potentialAction":[{"@type":"ReadAction","target":["https:\/\/vitablanca.ma\/produit\/manix-contact-plus\/"]}]},{"@type":"ImageObject","inLanguage":"ar","@id":"https:\/\/vitablanca.ma\/produit\/manix-contact-plus\/#primaryimage","url":"https:\/\/vitablanca.ma\/wp-content\/uploads\/2025\/06\/Manix-Contact-Plus-3-nova-prapharmacie-maroc.jpg","contentUrl":"https:\/\/vitablanca.ma\/wp-content\/uploads\/2025\/06\/Manix-Contact-Plus-3-nova-prapharmacie-maroc.jpg","width":1000,"height":1000},{"@type":"BreadcrumbList","@id":"https:\/\/vitablanca.ma\/produit\/manix-contact-plus\/#breadcrumb","itemListElement":[{"@type":"ListItem","position":1,"name":"Home","item":"https:\/\/vitablanca.ma\/"},{"@type":"ListItem","position":2,"name":"Tous Les Produits","item":"https:\/\/vitablanca.ma\/tous-les-produits\/"},{"@type":"ListItem","position":3,"name":"Manix Contact Plus"}]},{"@type":"WebSite","@id":"https:\/\/vitablanca.ma\/#website","url":"https:\/\/vitablanca.ma\/","name":"VitaBlanca.ma | \u0627\u0644\u0645\u0643\u0645\u0644\u0627\u062a \u0627\u0644\u063a\u0630\u0627\u0626\u064a\u0629\u060c \u0627\u0644\u0635\u062d\u0629 \u0648\u0627\u0644\u062c\u0645\u0627\u0644 \u0641\u064a \u0627\u0644\u0645\u063a\u0631\u0628","description":"\u0646\u0628\u064a\u0639 \u0641\u064a\u062a\u0627\u0645\u064a\u0646\u0627\u062a \u0648\u0645\u0643\u0645\u0644\u0627\u062a \u063a\u0630\u0627\u0626\u064a\u0629 \u0641\u0627\u062e\u0631\u0629 \u0645\u0646 \u0627\u0644\u0648\u0644\u0627\u064a\u0627\u062a \u0627\u0644\u0645\u062a\u062d\u062f\u0629 \u0627\u0644\u0623\u0645\u0631\u064a\u0643\u064a\u0629 \u0648\u0643\u0646\u062f\u0627 \u0648\u0646\u064a\u0648\u0632\u064a\u0644\u0646\u062f\u0627 \u0648\u0627\u0644\u0645\u063a\u0631\u0628 (\u0646\u0627\u0648 \u0641\u0648\u062f\u0632\u060c \u0633\u0648\u0644\u062c\u0627\u0631\u060c \u0645\u0627\u0646\u0648\u0643\u0627). \u062a\u0648\u0635\u064a\u0644 \u0633\u0631\u064a\u0639 \u0625\u0644\u0649 \u062c\u0645\u064a\u0639 \u0623\u0646\u062d\u0627\u0621 \u0627\u0644\u0645\u063a\u0631\u0628.","publisher":{"@id":"https:\/\/vitablanca.ma\/#organization"},"alternateName":"VitaBlanca.ma","potentialAction":[{"@type":"SearchAction","target":{"@type":"EntryPoint","urlTemplate":"https:\/\/vitablanca.ma\/?s={search_term_string}"},"query-input":{"@type":"PropertyValueSpecification","valueRequired":true,"valueName":"search_term_string"}}],"inLanguage":"ar"},{"@type":"Organization","@id":"https:\/\/vitablanca.ma\/#organization","name":"\u0641\u064a\u062a\u0627\u0628\u0644\u0627\u0646\u0643\u0627","url":"https:\/\/vitablanca.ma\/","logo":{"@type":"ImageObject","inLanguage":"ar","@id":"https:\/\/vitablanca.ma\/#\/schema\/logo\/image\/","url":"https:\/\/vitablanca.ma\/wp-content\/uploads\/2025\/05\/cropped-vitablanca.png","contentUrl":"https:\/\/vitablanca.ma\/wp-content\/uploads\/2025\/05\/cropped-vitablanca.png","width":360,"height":67,"caption":"VitaBlanca"},"image":{"@id":"https:\/\/vitablanca.ma\/#\/schema\/logo\/image\/"},"sameAs":["https:\/\/www.facebook.com\/profile.php?id=61576678196717","https:\/\/www.tiktok.com\/@vitablanca.ma","https:\/\/www.instagram.com\/vitablanca.ma\/"]}]}},"jetpack_sharing_enabled":true,"_links":{"self":[{"href":"https:\/\/vitablanca.ma\/ar\/wp-json\/wp\/v2\/product\/20446","targetHints":{"allow":["GET"]}}],"collection":[{"href":"https:\/\/vitablanca.ma\/ar\/wp-json\/wp\/v2\/product"}],"about":[{"href":"https:\/\/vitablanca.ma\/ar\/wp-json\/wp\/v2\/types\/product"}],"wp:featuredmedia":[{"embeddable":true,"href":"https:\/\/vitablanca.ma\/ar\/wp-json\/wp\/v2\/media\/20432"}],"wp:attachment":[{"href":"https:\/\/vitablanca.ma\/ar\/wp-json\/wp\/v2\/media?parent=20446"}],"wp:term":[{"taxonomy":"product_brand","embeddable":true,"href":"https:\/\/vitablanca.ma\/ar\/wp-json\/wp\/v2\/product_brand?post=20446"},{"taxonomy":"product_cat","embeddable":true,"href":"https:\/\/vitablanca.ma\/ar\/wp-json\/wp\/v2\/product_cat?post=20446"},{"taxonomy":"product_tag","embeddable":true,"href":"https:\/\/vitablanca.ma\/ar\/wp-json\/wp\/v2\/product_tag?post=20446"}],"curies":[{"name":"wp","href":"https:\/\/api.w.org\/{rel}","templated":true}]}}