{"id":20429,"date":"2025-06-10T18:35:56","date_gmt":"2025-06-10T18:35:56","guid":{"rendered":"https:\/\/vitablanca.ma\/product\/manix-xtra-pleasure-3-preservatifs\/"},"modified":"2026-02-24T23:44:36","modified_gmt":"2026-02-24T23:44:36","slug":"manix-xtra-pleasure-3-preservatifs","status":"publish","type":"product","link":"https:\/\/vitablanca.ma\/ar\/product-2\/manix-xtra-pleasure-3-preservatifs\/","title":{"rendered":"\u0648\u0627\u0642\u064a\u0627\u062a \u0630\u0643\u0631\u064a\u0629 \u0645\u0627\u0646\u064a\u0643\u0633 \u0625\u0643\u0633\u062a\u0631\u0627 \u0628\u0644\u064a\u062c\u0631 3"},"content":{"rendered":"<h2 data-mce-fragment=\"1\">\u0645\u0627\u0646\u064a\u0643\u0633 \u0625\u0643\u0633\u062a\u0631\u0627 \u0628\u0644\u064a\u062c\u0631\u00a0<span data-mce-fragment=\"1\">\u0644\u062a\u0648\u0641\u064a\u0631 \u0627\u0647\u062a\u0632\u0627\u0632\u0627\u062a \u0631\u0627\u0626\u0639\u0629 \u0644\u0643\u0644\u0627 \u0627\u0644\u0634\u0631\u064a\u0643\u064a\u0646.<\/span><\/h2>\n<p data-mce-fragment=\"1\">\u0627\u0644\u0634\u0643\u0644 \u0627\u0644\u0645\u062a\u0645\u0648\u062c \u0644\u0644\u063a\u0627\u064a\u0629 \u0644\u0644\u0648\u0627\u0642\u064a \u0627\u0644\u0630\u0643\u0631\u064a Manix Xtra Pleasure\u00ae \u064a\u062c\u0639\u0644 \u0627\u0644\u0645\u0627\u062f\u0629 \u062a\u0645\u0648\u062c \u0644\u062a\u0648\u0641\u064a\u0631 \u0627\u0647\u062a\u0632\u0627\u0632\u0627\u062a \u0631\u0627\u0626\u0639\u0629 \u0644\u0643\u0644\u0627 \u0627\u0644\u0634\u0631\u064a\u0643\u064a\u0646.<\/p>\n<p data-mce-fragment=\"1\">\u0648\u0645\u0639 \u0646\u0633\u064a\u062c\u0647\u0627 \u0627\u0644\u0645\u0636\u0644\u0639\u060c \u0641\u0647\u064a \u0623\u0641\u0636\u0644... \u0643\u0645\u0627 \u0623\u0646 \u0647\u0630\u0647 \u0627\u0644\u0646\u0647\u0627\u064a\u0629 \u0627\u0644\u0645\u062a\u0633\u0639\u0629 \u062a\u0645\u0646\u062d \u0627\u0644\u0631\u062c\u0644 \u062d\u0631\u064a\u0629 \u0623\u0643\u0628\u0631 \u0641\u064a \u0627\u0644\u062d\u0631\u0643\u0629.<\/p>\n<p data-mce-fragment=\"1\">\u062a\u0645 \u0627\u062e\u062a\u0628\u0627\u0631\u0647 \u0625\u0644\u0643\u062a\u0631\u0648\u0646\u064a\u064b\u0627 \u0648\u0641\u0642\u064b\u0627 \u0644\u0645\u0639\u064a\u0627\u0631 100%\u060c \u0648\u064a\u0639\u0631\u0636 \u0623\u0639\u0644\u0649 \u0627\u0644\u0645\u0639\u0627\u064a\u064a\u0631 \u0627\u0644\u0635\u0627\u0631\u0645\u0629 \u0644\u0631\u0627\u062d\u0629 \u0628\u0627\u0644\u0643.<\/p>\n<ul data-mce-fragment=\"1\">\n<li data-mce-fragment=\"1\">\u0634\u0643\u0644 \u0645\u062d\u0641\u0632<\/li>\n<li data-mce-fragment=\"1\">\u0627\u0644\u0644\u0648\u0646 \u0627\u0644\u0637\u0628\u064a\u0639\u064a<\/li>\n<li data-mce-fragment=\"1\">\u0648\u0627\u0642\u064a \u0630\u0643\u0631\u064a \u0645\u064f\u0632\u0644\u0642 \u0645\u0639 \u062e\u0632\u0627\u0646<\/li>\n<li data-mce-fragment=\"1\">\u0627\u0644\u0639\u0631\u0636 \u0627\u0644\u0627\u0633\u0645\u064a: 52 \u0645\u0644\u0645<\/li>\n<\/ul>\n<p data-mce-fragment=\"1\">\u0645\u062a\u0648\u0641\u0631 \u0641\u064a \u0639\u0644\u0628 \u062a\u062d\u062a\u0648\u064a \u0639\u0644\u0649 3 \u0648 14 \u0648\u0627\u0642\u064a\u064b\u0627 \u0630\u0643\u0631\u064a\u064b\u0627\u060c \u0641\u064a \u0627\u0644\u0635\u064a\u062f\u0644\u064a\u0627\u062a \u0648\u0627\u0644\u0622\u0646 \u0623\u064a\u0636\u064b\u0627 \u0641\u064a \u0645\u062d\u0644\u0627\u062a \u0627\u0644\u0633\u0648\u0628\u0631 \u0645\u0627\u0631\u0643\u062a.<\/p>","protected":false},"excerpt":{"rendered":"<p>Manix Xtra Pleasure\u00a0pour procurer d&rsquo;exquises vibrations aux deux partenaires. La forme Xtra \u00e9vas\u00e9e du pr\u00e9servatif Manix Xtra Pleasure\u00ae fait onduler la mati\u00e8re pour procurer d&rsquo;exquises vibrations aux deux partenaires. Et avec sa texture nervur\u00e9e, c&rsquo;est encore meilleur&#8230; Cette extr\u00e9mit\u00e9 \u00e9vas\u00e9e conf\u00e8re \u00e9galement \u00e0 l&rsquo;homme une plus grande libert\u00e9 de mouvement. Test\u00e9 \u00e9lectroniquement \u00e0 100%, il [&hellip;]<\/p>\n","protected":false},"featured_media":20417,"template":"","meta":{"om_disable_all_campaigns":false},"product_brand":[5519],"product_cat":[15],"product_tag":[5523,5520,5522,5527,5528,5521,5524,5526,5525],"class_list":{"0":"post-20429","1":"product","2":"type-product","3":"status-publish","4":"has-post-thumbnail","6":"product_brand-manix-maroc-prix","7":"product_cat-beaute-sante-complements-alimentaires-soins-et-bien-etre-au-meilleur-prix","8":"product_tag-acheter-manix-maroc","9":"product_tag-manix-maroc","10":"product_tag-manix-original-maroc","11":"product_tag-manix-prix-maroc","12":"product_tag-marque-manix-maroc","13":"product_tag-preservatif-manix-maroc","14":"product_tag-preservatifs-maroc","15":"product_tag-protection-intime-maroc","16":"product_tag-sexualite-responsable-maroc","18":"first","19":"instock","20":"sale","21":"taxable","22":"shipping-taxable","23":"purchasable","24":"product-type-simple"},"yoast_head":"<!-- This site is optimized with the Yoast SEO plugin v27.4 - https:\/\/yoast.com\/product\/yoast-seo-wordpress\/ -->\n<title>Manix Xtra Pleasure 3 Pr\u00e9servatifs - Maroc Prix<\/title>\n<meta name=\"description\" content=\"D\u00e9couvrez Manix Xtra Pleasure 3 pr\u00e9servatifs nervur\u00e9s et perl\u00e9s pour un maximum de sensations. Lubrifi\u00e9s, r\u00e9sistants et test\u00e9s \u00e9lectroniquement .\" \/>\n<meta name=\"robots\" content=\"index, follow, max-snippet:-1, max-image-preview:large, max-video-preview:-1\" \/>\n<link rel=\"canonical\" href=\"https:\/\/vitablanca.ma\/ar\/product-2\/manix-xtra-pleasure-3-preservatifs\/\" \/>\n<meta property=\"og:locale\" content=\"ar_AR\" \/>\n<meta property=\"og:type\" content=\"article\" \/>\n<meta property=\"og:title\" content=\"Manix Xtra Pleasure 3 Pr\u00e9servatifs - Maroc Prix\" \/>\n<meta property=\"og:description\" content=\"D\u00e9couvrez Manix Xtra Pleasure 3 pr\u00e9servatifs nervur\u00e9s et perl\u00e9s pour un maximum de sensations. Lubrifi\u00e9s, r\u00e9sistants et test\u00e9s \u00e9lectroniquement .\" \/>\n<meta property=\"og:url\" content=\"https:\/\/vitablanca.ma\/ar\/product-2\/manix-xtra-pleasure-3-preservatifs\/\" \/>\n<meta property=\"og:site_name\" content=\"Vitablanca.ma &ndash; Sant&eacute;, vitalit&eacute; et bien-&ecirc;tre pour tous les Marocains\" \/>\n<meta property=\"article:publisher\" content=\"https:\/\/www.facebook.com\/profile.php?id=61576678196717\" \/>\n<meta property=\"article:modified_time\" content=\"2026-02-24T23:44:36+00:00\" \/>\n<meta property=\"og:image\" content=\"https:\/\/vitablanca.ma\/wp-content\/uploads\/2025\/06\/Manix-Xtra-Pleasure-3-Preservatifs-nova-parapharmacie-maroc.png\" \/>\n\t<meta property=\"og:image:width\" content=\"1000\" \/>\n\t<meta property=\"og:image:height\" content=\"1000\" \/>\n\t<meta property=\"og:image:type\" content=\"image\/png\" \/>\n<meta name=\"twitter:card\" content=\"summary_large_image\" \/>\n<meta name=\"twitter:label1\" content=\"\u0648\u0642\u062a \u0627\u0644\u0642\u0631\u0627\u0621\u0629 \u0627\u0644\u0645\u064f\u0642\u062f\u0651\u0631\" \/>\n\t<meta name=\"twitter:data1\" content=\"\u062f\u0642\u064a\u0642\u0629 \u0648\u0627\u062d\u062f\u0629\" \/>\n<script type=\"application\/ld+json\" class=\"yoast-schema-graph\">{\"@context\":\"https:\\\/\\\/schema.org\",\"@graph\":[{\"@type\":[\"WebPage\",\"ItemPage\"],\"@id\":\"https:\\\/\\\/vitablanca.ma\\\/produit\\\/manix-xtra-pleasure-3-preservatifs\\\/\",\"url\":\"https:\\\/\\\/vitablanca.ma\\\/produit\\\/manix-xtra-pleasure-3-preservatifs\\\/\",\"name\":\"Manix Xtra Pleasure 3 Pr\u00e9servatifs - Maroc Prix\",\"isPartOf\":{\"@id\":\"https:\\\/\\\/vitablanca.ma\\\/#website\"},\"primaryImageOfPage\":{\"@id\":\"https:\\\/\\\/vitablanca.ma\\\/produit\\\/manix-xtra-pleasure-3-preservatifs\\\/#primaryimage\"},\"image\":{\"@id\":\"https:\\\/\\\/vitablanca.ma\\\/produit\\\/manix-xtra-pleasure-3-preservatifs\\\/#primaryimage\"},\"thumbnailUrl\":\"https:\\\/\\\/vitablanca.ma\\\/wp-content\\\/uploads\\\/2025\\\/06\\\/Manix-Xtra-Pleasure-3-Preservatifs-nova-parapharmacie-maroc.png\",\"datePublished\":\"2025-06-10T18:35:56+00:00\",\"dateModified\":\"2026-02-24T23:44:36+00:00\",\"description\":\"D\u00e9couvrez Manix Xtra Pleasure 3 pr\u00e9servatifs nervur\u00e9s et perl\u00e9s pour un maximum de sensations. Lubrifi\u00e9s, r\u00e9sistants et test\u00e9s \u00e9lectroniquement .\",\"breadcrumb\":{\"@id\":\"https:\\\/\\\/vitablanca.ma\\\/produit\\\/manix-xtra-pleasure-3-preservatifs\\\/#breadcrumb\"},\"inLanguage\":\"ar\",\"potentialAction\":[{\"@type\":\"ReadAction\",\"target\":[\"https:\\\/\\\/vitablanca.ma\\\/produit\\\/manix-xtra-pleasure-3-preservatifs\\\/\"]}]},{\"@type\":\"ImageObject\",\"inLanguage\":\"ar\",\"@id\":\"https:\\\/\\\/vitablanca.ma\\\/produit\\\/manix-xtra-pleasure-3-preservatifs\\\/#primaryimage\",\"url\":\"https:\\\/\\\/vitablanca.ma\\\/wp-content\\\/uploads\\\/2025\\\/06\\\/Manix-Xtra-Pleasure-3-Preservatifs-nova-parapharmacie-maroc.png\",\"contentUrl\":\"https:\\\/\\\/vitablanca.ma\\\/wp-content\\\/uploads\\\/2025\\\/06\\\/Manix-Xtra-Pleasure-3-Preservatifs-nova-parapharmacie-maroc.png\",\"width\":1000,\"height\":1000},{\"@type\":\"BreadcrumbList\",\"@id\":\"https:\\\/\\\/vitablanca.ma\\\/produit\\\/manix-xtra-pleasure-3-preservatifs\\\/#breadcrumb\",\"itemListElement\":[{\"@type\":\"ListItem\",\"position\":1,\"name\":\"Home\",\"item\":\"https:\\\/\\\/vitablanca.ma\\\/\"},{\"@type\":\"ListItem\",\"position\":2,\"name\":\"Tous Les Produits\",\"item\":\"https:\\\/\\\/vitablanca.ma\\\/tous-les-produits\\\/\"},{\"@type\":\"ListItem\",\"position\":3,\"name\":\"Manix Xtra Pleasure 3 Pr\u00e9servatifs\"}]},{\"@type\":\"WebSite\",\"@id\":\"https:\\\/\\\/vitablanca.ma\\\/#website\",\"url\":\"https:\\\/\\\/vitablanca.ma\\\/\",\"name\":\"VitaBlanca.ma | Compl\u00e9ments alimentaires, sant\u00e9 & beaut\u00e9 au Maroc\",\"description\":\"vendre vitamines et compl\u00e9ments premium des USA &amp; Canada, Nouvelle Z\u00e9lande,Maroc (NOW Foods, Solgar, Manuka). Livraison rapide partout au Maroc.\",\"publisher\":{\"@id\":\"https:\\\/\\\/vitablanca.ma\\\/#organization\"},\"alternateName\":\"VitaBlanca.ma\",\"potentialAction\":[{\"@type\":\"SearchAction\",\"target\":{\"@type\":\"EntryPoint\",\"urlTemplate\":\"https:\\\/\\\/vitablanca.ma\\\/?s={search_term_string}\"},\"query-input\":{\"@type\":\"PropertyValueSpecification\",\"valueRequired\":true,\"valueName\":\"search_term_string\"}}],\"inLanguage\":\"ar\"},{\"@type\":\"Organization\",\"@id\":\"https:\\\/\\\/vitablanca.ma\\\/#organization\",\"name\":\"VitaBlanca\",\"url\":\"https:\\\/\\\/vitablanca.ma\\\/\",\"logo\":{\"@type\":\"ImageObject\",\"inLanguage\":\"ar\",\"@id\":\"https:\\\/\\\/vitablanca.ma\\\/#\\\/schema\\\/logo\\\/image\\\/\",\"url\":\"https:\\\/\\\/vitablanca.ma\\\/wp-content\\\/uploads\\\/2025\\\/05\\\/cropped-vitablanca.png\",\"contentUrl\":\"https:\\\/\\\/vitablanca.ma\\\/wp-content\\\/uploads\\\/2025\\\/05\\\/cropped-vitablanca.png\",\"width\":360,\"height\":67,\"caption\":\"VitaBlanca\"},\"image\":{\"@id\":\"https:\\\/\\\/vitablanca.ma\\\/#\\\/schema\\\/logo\\\/image\\\/\"},\"sameAs\":[\"https:\\\/\\\/www.facebook.com\\\/profile.php?id=61576678196717\",\"https:\\\/\\\/www.tiktok.com\\\/@vitablanca.ma\",\"https:\\\/\\\/www.instagram.com\\\/vitablanca.ma\\\/\"]}]}<\/script>\n<!-- \/ Yoast SEO plugin. -->","yoast_head_json":{"title":"\u0648\u0627\u0642\u064a\u0627\u062a \u0645\u0627\u0646\u064a\u0643\u0633 \u0625\u0643\u0633\u062a\u0631\u0627 \u0628\u0644\u064a\u062c\u0631 3 \u0627\u0644\u0630\u0643\u0631\u064a\u0629 - \u0633\u0639\u0631 \u0627\u0644\u0645\u063a\u0631\u0628","description":"D\u00e9couvrez Manix Xtra Pleasure 3 pr\u00e9servatifs nervur\u00e9s et perl\u00e9s pour un maximum de sensations. Lubrifi\u00e9s, r\u00e9sistants et test\u00e9s \u00e9lectroniquement .","robots":{"index":"index","follow":"follow","max-snippet":"max-snippet:-1","max-image-preview":"max-image-preview:large","max-video-preview":"max-video-preview:-1"},"canonical":"https:\/\/vitablanca.ma\/ar\/product-2\/manix-xtra-pleasure-3-preservatifs\/","og_locale":"ar_AR","og_type":"article","og_title":"Manix Xtra Pleasure 3 Pr\u00e9servatifs - Maroc Prix","og_description":"D\u00e9couvrez Manix Xtra Pleasure 3 pr\u00e9servatifs nervur\u00e9s et perl\u00e9s pour un maximum de sensations. Lubrifi\u00e9s, r\u00e9sistants et test\u00e9s \u00e9lectroniquement .","og_url":"https:\/\/vitablanca.ma\/ar\/product-2\/manix-xtra-pleasure-3-preservatifs\/","og_site_name":"Vitablanca.ma &ndash; Sant&eacute;, vitalit&eacute; et bien-&ecirc;tre pour tous les Marocains","article_publisher":"https:\/\/www.facebook.com\/profile.php?id=61576678196717","article_modified_time":"2026-02-24T23:44:36+00:00","og_image":[{"width":1000,"height":1000,"url":"https:\/\/vitablanca.ma\/wp-content\/uploads\/2025\/06\/Manix-Xtra-Pleasure-3-Preservatifs-nova-parapharmacie-maroc.png","type":"image\/png"}],"twitter_card":"summary_large_image","twitter_misc":{"\u0648\u0642\u062a \u0627\u0644\u0642\u0631\u0627\u0621\u0629 \u0627\u0644\u0645\u064f\u0642\u062f\u0651\u0631":"\u062f\u0642\u064a\u0642\u0629 \u0648\u0627\u062d\u062f\u0629"},"schema":{"@context":"https:\/\/schema.org","@graph":[{"@type":["WebPage","ItemPage"],"@id":"https:\/\/vitablanca.ma\/produit\/manix-xtra-pleasure-3-preservatifs\/","url":"https:\/\/vitablanca.ma\/produit\/manix-xtra-pleasure-3-preservatifs\/","name":"\u0648\u0627\u0642\u064a\u0627\u062a \u0645\u0627\u0646\u064a\u0643\u0633 \u0625\u0643\u0633\u062a\u0631\u0627 \u0628\u0644\u064a\u062c\u0631 3 \u0627\u0644\u0630\u0643\u0631\u064a\u0629 - \u0633\u0639\u0631 \u0627\u0644\u0645\u063a\u0631\u0628","isPartOf":{"@id":"https:\/\/vitablanca.ma\/#website"},"primaryImageOfPage":{"@id":"https:\/\/vitablanca.ma\/produit\/manix-xtra-pleasure-3-preservatifs\/#primaryimage"},"image":{"@id":"https:\/\/vitablanca.ma\/produit\/manix-xtra-pleasure-3-preservatifs\/#primaryimage"},"thumbnailUrl":"https:\/\/vitablanca.ma\/wp-content\/uploads\/2025\/06\/Manix-Xtra-Pleasure-3-Preservatifs-nova-parapharmacie-maroc.png","datePublished":"2025-06-10T18:35:56+00:00","dateModified":"2026-02-24T23:44:36+00:00","description":"D\u00e9couvrez Manix Xtra Pleasure 3 pr\u00e9servatifs nervur\u00e9s et perl\u00e9s pour un maximum de sensations. Lubrifi\u00e9s, r\u00e9sistants et test\u00e9s \u00e9lectroniquement .","breadcrumb":{"@id":"https:\/\/vitablanca.ma\/produit\/manix-xtra-pleasure-3-preservatifs\/#breadcrumb"},"inLanguage":"ar","potentialAction":[{"@type":"ReadAction","target":["https:\/\/vitablanca.ma\/produit\/manix-xtra-pleasure-3-preservatifs\/"]}]},{"@type":"ImageObject","inLanguage":"ar","@id":"https:\/\/vitablanca.ma\/produit\/manix-xtra-pleasure-3-preservatifs\/#primaryimage","url":"https:\/\/vitablanca.ma\/wp-content\/uploads\/2025\/06\/Manix-Xtra-Pleasure-3-Preservatifs-nova-parapharmacie-maroc.png","contentUrl":"https:\/\/vitablanca.ma\/wp-content\/uploads\/2025\/06\/Manix-Xtra-Pleasure-3-Preservatifs-nova-parapharmacie-maroc.png","width":1000,"height":1000},{"@type":"BreadcrumbList","@id":"https:\/\/vitablanca.ma\/produit\/manix-xtra-pleasure-3-preservatifs\/#breadcrumb","itemListElement":[{"@type":"ListItem","position":1,"name":"Home","item":"https:\/\/vitablanca.ma\/"},{"@type":"ListItem","position":2,"name":"Tous Les Produits","item":"https:\/\/vitablanca.ma\/tous-les-produits\/"},{"@type":"ListItem","position":3,"name":"Manix Xtra Pleasure 3 Pr\u00e9servatifs"}]},{"@type":"WebSite","@id":"https:\/\/vitablanca.ma\/#website","url":"https:\/\/vitablanca.ma\/","name":"VitaBlanca.ma | \u0627\u0644\u0645\u0643\u0645\u0644\u0627\u062a \u0627\u0644\u063a\u0630\u0627\u0626\u064a\u0629\u060c \u0627\u0644\u0635\u062d\u0629 \u0648\u0627\u0644\u062c\u0645\u0627\u0644 \u0641\u064a \u0627\u0644\u0645\u063a\u0631\u0628","description":"\u0646\u0628\u064a\u0639 \u0641\u064a\u062a\u0627\u0645\u064a\u0646\u0627\u062a \u0648\u0645\u0643\u0645\u0644\u0627\u062a \u063a\u0630\u0627\u0626\u064a\u0629 \u0641\u0627\u062e\u0631\u0629 \u0645\u0646 \u0627\u0644\u0648\u0644\u0627\u064a\u0627\u062a \u0627\u0644\u0645\u062a\u062d\u062f\u0629 \u0627\u0644\u0623\u0645\u0631\u064a\u0643\u064a\u0629 \u0648\u0643\u0646\u062f\u0627 \u0648\u0646\u064a\u0648\u0632\u064a\u0644\u0646\u062f\u0627 \u0648\u0627\u0644\u0645\u063a\u0631\u0628 (\u0646\u0627\u0648 \u0641\u0648\u062f\u0632\u060c \u0633\u0648\u0644\u062c\u0627\u0631\u060c \u0645\u0627\u0646\u0648\u0643\u0627). \u062a\u0648\u0635\u064a\u0644 \u0633\u0631\u064a\u0639 \u0625\u0644\u0649 \u062c\u0645\u064a\u0639 \u0623\u0646\u062d\u0627\u0621 \u0627\u0644\u0645\u063a\u0631\u0628.","publisher":{"@id":"https:\/\/vitablanca.ma\/#organization"},"alternateName":"VitaBlanca.ma","potentialAction":[{"@type":"SearchAction","target":{"@type":"EntryPoint","urlTemplate":"https:\/\/vitablanca.ma\/?s={search_term_string}"},"query-input":{"@type":"PropertyValueSpecification","valueRequired":true,"valueName":"search_term_string"}}],"inLanguage":"ar"},{"@type":"Organization","@id":"https:\/\/vitablanca.ma\/#organization","name":"\u0641\u064a\u062a\u0627\u0628\u0644\u0627\u0646\u0643\u0627","url":"https:\/\/vitablanca.ma\/","logo":{"@type":"ImageObject","inLanguage":"ar","@id":"https:\/\/vitablanca.ma\/#\/schema\/logo\/image\/","url":"https:\/\/vitablanca.ma\/wp-content\/uploads\/2025\/05\/cropped-vitablanca.png","contentUrl":"https:\/\/vitablanca.ma\/wp-content\/uploads\/2025\/05\/cropped-vitablanca.png","width":360,"height":67,"caption":"VitaBlanca"},"image":{"@id":"https:\/\/vitablanca.ma\/#\/schema\/logo\/image\/"},"sameAs":["https:\/\/www.facebook.com\/profile.php?id=61576678196717","https:\/\/www.tiktok.com\/@vitablanca.ma","https:\/\/www.instagram.com\/vitablanca.ma\/"]}]}},"jetpack_sharing_enabled":true,"_links":{"self":[{"href":"https:\/\/vitablanca.ma\/ar\/wp-json\/wp\/v2\/product\/20429","targetHints":{"allow":["GET"]}}],"collection":[{"href":"https:\/\/vitablanca.ma\/ar\/wp-json\/wp\/v2\/product"}],"about":[{"href":"https:\/\/vitablanca.ma\/ar\/wp-json\/wp\/v2\/types\/product"}],"wp:featuredmedia":[{"embeddable":true,"href":"https:\/\/vitablanca.ma\/ar\/wp-json\/wp\/v2\/media\/20417"}],"wp:attachment":[{"href":"https:\/\/vitablanca.ma\/ar\/wp-json\/wp\/v2\/media?parent=20429"}],"wp:term":[{"taxonomy":"product_brand","embeddable":true,"href":"https:\/\/vitablanca.ma\/ar\/wp-json\/wp\/v2\/product_brand?post=20429"},{"taxonomy":"product_cat","embeddable":true,"href":"https:\/\/vitablanca.ma\/ar\/wp-json\/wp\/v2\/product_cat?post=20429"},{"taxonomy":"product_tag","embeddable":true,"href":"https:\/\/vitablanca.ma\/ar\/wp-json\/wp\/v2\/product_tag?post=20429"}],"curies":[{"name":"wp","href":"https:\/\/api.w.org\/{rel}","templated":true}]}}