{"id":20405,"date":"2025-06-10T18:35:28","date_gmt":"2025-06-10T18:35:28","guid":{"rendered":"https:\/\/vitablanca.ma\/product\/lierac-lift-integral-serum-regard-yeux-paupieres-15ml\/"},"modified":"2026-02-25T01:21:13","modified_gmt":"2026-02-25T01:21:13","slug":"lierac-lift-integral-serum-regard-yeux-paupieres-15ml","status":"publish","type":"product","link":"https:\/\/vitablanca.ma\/ar\/product-2\/lierac-lift-integral-serum-regard-yeux-paupieres-15ml\/","title":{"rendered":"\u0633\u064a\u0631\u0648\u0645 \u0644\u064a\u0631\u0627\u0643 \u0644\u064a\u0641\u062a \u0625\u0646\u062a\u063a\u0631\u0627\u0644 \u0644\u0644\u0639\u064a\u0646 \u0648\u0627\u0644\u062c\u0641\u0646 \u0661\u0665 \u0645\u0644"},"content":{"rendered":"<h2>Lierac Lift Integral Regard Yeux contient une association in\u00e9dite de 2 biopolym\u00e8res naturels formant un film tenseur dynamique.<\/h2>\n<p><strong>L&rsquo;effet rehausseur paupi\u00e8res<\/strong><br \/>\nBas\u00e9 sur les techniques esth\u00e9tiques combin\u00e9es lifting + injection, ce s\u00e9rum regard associe un coeur d&rsquo;actif liftant [extrait d&rsquo;acajou + extrait de tulipe pourpre] au concentr\u00e9 Hyalu-3 anti-\u00e2ge et est enrichie en complexe anti-poches\/anti-cernes.<br \/>\nSa texture active s\u00e9rum-gel contient une association in\u00e9dite de 2 biopolym\u00e8res naturels formant un film tenseur dynamique.<br \/>\n<strong>Sans parfum<\/strong><\/p>\n<p>3 formes d\u2019acide hyaluronique pour une efficacit\u00e9 optimale en surface et en profondeur :<\/p>\n<ul>\n<li>Acide hyaluronique de haut poids mol\u00e9culaire : hydrate et lisse imm\u00e9diatement.<\/li>\n<li>Acide hyaluronique micro-encapsul\u00e9 : offre une action repulpante \u00e0 lib\u00e9ration prolong\u00e9e.<\/li>\n<li>Extrait de levure d&rsquo;agave : stimule la synth\u00e8se d&rsquo;acide hyaluronique naturellement produit par la peau pour un b\u00e9n\u00e9fice comblement \u00e0 long terme.<\/li>\n<\/ul>\n<h3>Conseils d&rsquo;application<\/h3>\n<div class=\"mt-4 mb-2 lg:mb-8 max-w-[1270px] mx-auto px-4\" data-v-c7b8b77c=\"\">\n<div class=\"productTwoBlocks blocksReversed grid grid-cols-1 gap-8 lg:grid-cols-2 items-center text-sm\" data-v-c7b8b77c=\"\">\n<div>\n<div class=\"mt-4 mb-2 lg:mb-8 max-w-[1270px] mx-auto px-4\" data-v-c7b8b77c=\"\">\n<div class=\"productTwoBlocks blocksReversed grid grid-cols-1 gap-8 lg:grid-cols-2 items-center text-sm\" data-v-c7b8b77c=\"\">\n<div>\n<div class=\"mt-4 mb-2 lg:mb-8 max-w-[1270px] mx-auto px-4\" data-v-c7b8b77c=\"\">\n<div class=\"productTwoBlocks blocksReversed grid grid-cols-1 gap-8 lg:grid-cols-2 items-center text-sm\" data-v-c7b8b77c=\"\">\n<div>\n<div class=\"mt-4 mb-2 lg:mb-8 max-w-[1270px] mx-auto px-4\" data-v-c7b8b77c=\"\">\n<div class=\"productTwoBlocks blocksReversed grid grid-cols-1 gap-8 lg:grid-cols-2 items-center text-sm\" data-v-c7b8b77c=\"\">\n<div>\n<p>Appliquer le matin et le soir sur les paupi\u00e8res et le contour des yeux.<\/p>\n<\/div>\n<\/div>\n<\/div>\n<h3>\u00a0Ingredients<\/h3>\n<p class=\"p\">AQUA \/ WATER \/ EAU. COCO-CAPRYLATE\/CAPRATE. GLYCERIN. BUTYLENE GLYCOL. XYLITYLGLUCOSIDE. CETYL ALCOHOL. GLYCERYL STEARATE. SODIUM STEAROYL GLUTAMATE. XANTHAN GUM. ANHYDROXYLITOL. CAESALPINIA SPINOSA FRUIT EXTRACT. PARFUM \/ FRAGRANCE. CITRIC ACID. ETHYLHEXYLGLYCERIN. SODIUM BENZOATE. XYLITOL. SODIUM POLYACRYLATE. HYDROLYZED HYALURONIC ACID. SODIUM PHYTATE. KAPPAPHYCUS ALVAREZII EXTRACT. MALTODEXTRIN. TOCOPHEROL. LECITHIN. ADENOSINE. HELIANTHUS ANNUUS (SUNFLOWER) SEED OIL. TULIPA GESNERIANA FLOWER EXTRACT. ROSA CENTIFOLIA FLOWER EXTRACT. 4102A.<\/p>\n<\/div>\n<\/div>\n<\/div>\n<div id=\"reviews\" class=\"mb-8 max-w-[950px] mx-auto px-4\" data-v-c7b8b77c=\"\">\n<div class=\"mb-2 lg:mb-8\" data-v-c7b8b77c=\"\"><\/div>\n<\/div>\n<\/div>\n<\/div>\n<\/div>\n<div class=\"mt-4 mb-2 lg:mb-8 max-w-[1270px] mx-auto px-4\" data-v-c7b8b77c=\"\">\n<div class=\"productTwoBlocks blocksReversed grid grid-cols-1 gap-8 lg:grid-cols-2 items-center text-sm\" data-v-c7b8b77c=\"\">\n<div data-v-c7b8b77c=\"\"><\/div>\n<\/div>\n<\/div>\n<div id=\"reviews\" class=\"mb-8 max-w-[950px] mx-auto px-4\" data-v-c7b8b77c=\"\">\n<div class=\"mb-2 lg:mb-8\" data-v-c7b8b77c=\"\"><\/div>\n<\/div>\n<\/div>\n<\/div>\n<\/div>\n<div class=\"mt-4 mb-2 lg:mb-8 max-w-[1270px] mx-auto px-4\" data-v-c7b8b77c=\"\">\n<div class=\"productTwoBlocks blocksReversed grid grid-cols-1 gap-8 lg:grid-cols-2 items-center text-sm\" data-v-c7b8b77c=\"\"><\/div>\n<\/div>\n","protected":false},"excerpt":{"rendered":"<p>Lierac Lift Integral Regard Yeux contient une association in\u00e9dite de 2 biopolym\u00e8res naturels formant un film tenseur dynamique. L&rsquo;effet rehausseur paupi\u00e8res Bas\u00e9 sur les techniques esth\u00e9tiques combin\u00e9es lifting + injection, ce s\u00e9rum regard associe un coeur d&rsquo;actif liftant [extrait d&rsquo;acajou + extrait de tulipe pourpre] au concentr\u00e9 Hyalu-3 anti-\u00e2ge et est enrichie en complexe anti-poches\/anti-cernes. [&hellip;]<\/p>\n","protected":false},"featured_media":20402,"template":"","meta":{"om_disable_all_campaigns":false},"product_brand":[],"product_cat":[15],"product_tag":[5845,6898,10909,10682,10393,10683,7635,10910,10908,6365],"class_list":{"0":"post-20405","1":"product","2":"type-product","3":"status-publish","4":"has-post-thumbnail","6":"product_cat-beaute-sante-complements-alimentaires-soins-et-bien-etre-au-meilleur-prix","7":"product_tag-anti-rides-yeux","8":"product_tag-contour-des-yeux","9":"product_tag-effet-liftant","10":"product_tag-lierac","11":"product_tag-lierac-maroc","12":"product_tag-lift-integral","13":"product_tag-serum-regard","14":"product_tag-serum-yeux-15ml","15":"product_tag-soin-paupieres","16":"product_tag-soin-raffermissant","18":"first","19":"instock","20":"sale","21":"taxable","22":"shipping-taxable","23":"purchasable","24":"product-type-simple"},"yoast_head":"<!-- This site is optimized with the Yoast SEO plugin v27.4 - https:\/\/yoast.com\/product\/yoast-seo-wordpress\/ -->\n<title>Lierac Lift Integral S\u00e9rum Regard Yeux 15ml - Maroc Prix<\/title>\n<meta name=\"description\" content=\"Lierac Lift Integral S\u00e9rum Regard 15ml raffermit, lisse et lifte le contour des yeux et les paupi\u00e8res. R\u00e9duit poches et rides pour un regard plus jeune.\" \/>\n<meta name=\"robots\" content=\"index, follow, max-snippet:-1, max-image-preview:large, max-video-preview:-1\" \/>\n<link rel=\"canonical\" href=\"https:\/\/vitablanca.ma\/ar\/product-2\/lierac-lift-integral-serum-regard-yeux-paupieres-15ml\/\" \/>\n<meta property=\"og:locale\" content=\"ar_AR\" \/>\n<meta property=\"og:type\" content=\"article\" \/>\n<meta property=\"og:title\" content=\"Lierac Lift Integral S\u00e9rum Regard Yeux 15ml - Maroc Prix\" \/>\n<meta property=\"og:description\" content=\"Lierac Lift Integral S\u00e9rum Regard 15ml raffermit, lisse et lifte le contour des yeux et les paupi\u00e8res. R\u00e9duit poches et rides pour un regard plus jeune.\" \/>\n<meta property=\"og:url\" content=\"https:\/\/vitablanca.ma\/ar\/product-2\/lierac-lift-integral-serum-regard-yeux-paupieres-15ml\/\" \/>\n<meta property=\"og:site_name\" content=\"Vitablanca.ma &ndash; Sant&eacute;, vitalit&eacute; et bien-&ecirc;tre pour tous les Marocains\" \/>\n<meta property=\"article:publisher\" content=\"https:\/\/www.facebook.com\/profile.php?id=61576678196717\" \/>\n<meta property=\"article:modified_time\" content=\"2026-02-25T01:21:13+00:00\" \/>\n<meta property=\"og:image\" content=\"https:\/\/vitablanca.ma\/wp-content\/uploads\/2025\/06\/Lierac-Lift-Integral-Serum-Regard-Yeux-_-Paupieres-15ml-novapara-maroc.jpg\" \/>\n\t<meta property=\"og:image:width\" content=\"1000\" \/>\n\t<meta property=\"og:image:height\" content=\"1000\" \/>\n\t<meta property=\"og:image:type\" content=\"image\/jpeg\" \/>\n<meta name=\"twitter:card\" content=\"summary_large_image\" \/>\n<meta name=\"twitter:label1\" content=\"\u0648\u0642\u062a \u0627\u0644\u0642\u0631\u0627\u0621\u0629 \u0627\u0644\u0645\u064f\u0642\u062f\u0651\u0631\" \/>\n\t<meta name=\"twitter:data1\" content=\"\u062f\u0642\u064a\u0642\u062a\u0627\u0646\" \/>\n<script type=\"application\/ld+json\" class=\"yoast-schema-graph\">{\"@context\":\"https:\\\/\\\/schema.org\",\"@graph\":[{\"@type\":[\"WebPage\",\"ItemPage\"],\"@id\":\"https:\\\/\\\/vitablanca.ma\\\/produit\\\/lierac-lift-integral-serum-regard-yeux-paupieres-15ml\\\/\",\"url\":\"https:\\\/\\\/vitablanca.ma\\\/produit\\\/lierac-lift-integral-serum-regard-yeux-paupieres-15ml\\\/\",\"name\":\"Lierac Lift Integral S\u00e9rum Regard Yeux 15ml - Maroc Prix\",\"isPartOf\":{\"@id\":\"https:\\\/\\\/vitablanca.ma\\\/#website\"},\"primaryImageOfPage\":{\"@id\":\"https:\\\/\\\/vitablanca.ma\\\/produit\\\/lierac-lift-integral-serum-regard-yeux-paupieres-15ml\\\/#primaryimage\"},\"image\":{\"@id\":\"https:\\\/\\\/vitablanca.ma\\\/produit\\\/lierac-lift-integral-serum-regard-yeux-paupieres-15ml\\\/#primaryimage\"},\"thumbnailUrl\":\"https:\\\/\\\/vitablanca.ma\\\/wp-content\\\/uploads\\\/2025\\\/06\\\/Lierac-Lift-Integral-Serum-Regard-Yeux-_-Paupieres-15ml-novapara-maroc.jpg\",\"datePublished\":\"2025-06-10T18:35:28+00:00\",\"dateModified\":\"2026-02-25T01:21:13+00:00\",\"description\":\"Lierac Lift Integral S\u00e9rum Regard 15ml raffermit, lisse et lifte le contour des yeux et les paupi\u00e8res. R\u00e9duit poches et rides pour un regard plus jeune.\",\"breadcrumb\":{\"@id\":\"https:\\\/\\\/vitablanca.ma\\\/produit\\\/lierac-lift-integral-serum-regard-yeux-paupieres-15ml\\\/#breadcrumb\"},\"inLanguage\":\"ar\",\"potentialAction\":[{\"@type\":\"ReadAction\",\"target\":[\"https:\\\/\\\/vitablanca.ma\\\/produit\\\/lierac-lift-integral-serum-regard-yeux-paupieres-15ml\\\/\"]}]},{\"@type\":\"ImageObject\",\"inLanguage\":\"ar\",\"@id\":\"https:\\\/\\\/vitablanca.ma\\\/produit\\\/lierac-lift-integral-serum-regard-yeux-paupieres-15ml\\\/#primaryimage\",\"url\":\"https:\\\/\\\/vitablanca.ma\\\/wp-content\\\/uploads\\\/2025\\\/06\\\/Lierac-Lift-Integral-Serum-Regard-Yeux-_-Paupieres-15ml-novapara-maroc.jpg\",\"contentUrl\":\"https:\\\/\\\/vitablanca.ma\\\/wp-content\\\/uploads\\\/2025\\\/06\\\/Lierac-Lift-Integral-Serum-Regard-Yeux-_-Paupieres-15ml-novapara-maroc.jpg\",\"width\":1000,\"height\":1000},{\"@type\":\"BreadcrumbList\",\"@id\":\"https:\\\/\\\/vitablanca.ma\\\/produit\\\/lierac-lift-integral-serum-regard-yeux-paupieres-15ml\\\/#breadcrumb\",\"itemListElement\":[{\"@type\":\"ListItem\",\"position\":1,\"name\":\"Home\",\"item\":\"https:\\\/\\\/vitablanca.ma\\\/\"},{\"@type\":\"ListItem\",\"position\":2,\"name\":\"Tous Les Produits\",\"item\":\"https:\\\/\\\/vitablanca.ma\\\/tous-les-produits\\\/\"},{\"@type\":\"ListItem\",\"position\":3,\"name\":\"Lierac Lift Integral S\u00e9rum Regard Yeux &amp; Paupi\u00e8res 15ml\"}]},{\"@type\":\"WebSite\",\"@id\":\"https:\\\/\\\/vitablanca.ma\\\/#website\",\"url\":\"https:\\\/\\\/vitablanca.ma\\\/\",\"name\":\"VitaBlanca.ma | Compl\u00e9ments alimentaires, sant\u00e9 & beaut\u00e9 au Maroc\",\"description\":\"vendre vitamines et compl\u00e9ments premium des USA &amp; Canada, Nouvelle Z\u00e9lande,Maroc (NOW Foods, Solgar, Manuka). Livraison rapide partout au Maroc.\",\"publisher\":{\"@id\":\"https:\\\/\\\/vitablanca.ma\\\/#organization\"},\"alternateName\":\"VitaBlanca.ma\",\"potentialAction\":[{\"@type\":\"SearchAction\",\"target\":{\"@type\":\"EntryPoint\",\"urlTemplate\":\"https:\\\/\\\/vitablanca.ma\\\/?s={search_term_string}\"},\"query-input\":{\"@type\":\"PropertyValueSpecification\",\"valueRequired\":true,\"valueName\":\"search_term_string\"}}],\"inLanguage\":\"ar\"},{\"@type\":\"Organization\",\"@id\":\"https:\\\/\\\/vitablanca.ma\\\/#organization\",\"name\":\"VitaBlanca\",\"url\":\"https:\\\/\\\/vitablanca.ma\\\/\",\"logo\":{\"@type\":\"ImageObject\",\"inLanguage\":\"ar\",\"@id\":\"https:\\\/\\\/vitablanca.ma\\\/#\\\/schema\\\/logo\\\/image\\\/\",\"url\":\"https:\\\/\\\/vitablanca.ma\\\/wp-content\\\/uploads\\\/2025\\\/05\\\/cropped-vitablanca.png\",\"contentUrl\":\"https:\\\/\\\/vitablanca.ma\\\/wp-content\\\/uploads\\\/2025\\\/05\\\/cropped-vitablanca.png\",\"width\":360,\"height\":67,\"caption\":\"VitaBlanca\"},\"image\":{\"@id\":\"https:\\\/\\\/vitablanca.ma\\\/#\\\/schema\\\/logo\\\/image\\\/\"},\"sameAs\":[\"https:\\\/\\\/www.facebook.com\\\/profile.php?id=61576678196717\",\"https:\\\/\\\/www.tiktok.com\\\/@vitablanca.ma\",\"https:\\\/\\\/www.instagram.com\\\/vitablanca.ma\\\/\"]}]}<\/script>\n<!-- \/ Yoast SEO plugin. -->","yoast_head_json":{"title":"Lierac Lift Integral S\u00e9rum Regard Yeux 15ml - Maroc Prix","description":"Lierac Lift Integral S\u00e9rum Regard 15ml raffermit, lisse et lifte le contour des yeux et les paupi\u00e8res. R\u00e9duit poches et rides pour un regard plus jeune.","robots":{"index":"index","follow":"follow","max-snippet":"max-snippet:-1","max-image-preview":"max-image-preview:large","max-video-preview":"max-video-preview:-1"},"canonical":"https:\/\/vitablanca.ma\/ar\/product-2\/lierac-lift-integral-serum-regard-yeux-paupieres-15ml\/","og_locale":"ar_AR","og_type":"article","og_title":"Lierac Lift Integral S\u00e9rum Regard Yeux 15ml - Maroc Prix","og_description":"Lierac Lift Integral S\u00e9rum Regard 15ml raffermit, lisse et lifte le contour des yeux et les paupi\u00e8res. R\u00e9duit poches et rides pour un regard plus jeune.","og_url":"https:\/\/vitablanca.ma\/ar\/product-2\/lierac-lift-integral-serum-regard-yeux-paupieres-15ml\/","og_site_name":"Vitablanca.ma &ndash; Sant&eacute;, vitalit&eacute; et bien-&ecirc;tre pour tous les Marocains","article_publisher":"https:\/\/www.facebook.com\/profile.php?id=61576678196717","article_modified_time":"2026-02-25T01:21:13+00:00","og_image":[{"width":1000,"height":1000,"url":"https:\/\/vitablanca.ma\/wp-content\/uploads\/2025\/06\/Lierac-Lift-Integral-Serum-Regard-Yeux-_-Paupieres-15ml-novapara-maroc.jpg","type":"image\/jpeg"}],"twitter_card":"summary_large_image","twitter_misc":{"\u0648\u0642\u062a \u0627\u0644\u0642\u0631\u0627\u0621\u0629 \u0627\u0644\u0645\u064f\u0642\u062f\u0651\u0631":"\u062f\u0642\u064a\u0642\u062a\u0627\u0646"},"schema":{"@context":"https:\/\/schema.org","@graph":[{"@type":["WebPage","ItemPage"],"@id":"https:\/\/vitablanca.ma\/produit\/lierac-lift-integral-serum-regard-yeux-paupieres-15ml\/","url":"https:\/\/vitablanca.ma\/produit\/lierac-lift-integral-serum-regard-yeux-paupieres-15ml\/","name":"Lierac Lift Integral S\u00e9rum Regard Yeux 15ml - Maroc Prix","isPartOf":{"@id":"https:\/\/vitablanca.ma\/#website"},"primaryImageOfPage":{"@id":"https:\/\/vitablanca.ma\/produit\/lierac-lift-integral-serum-regard-yeux-paupieres-15ml\/#primaryimage"},"image":{"@id":"https:\/\/vitablanca.ma\/produit\/lierac-lift-integral-serum-regard-yeux-paupieres-15ml\/#primaryimage"},"thumbnailUrl":"https:\/\/vitablanca.ma\/wp-content\/uploads\/2025\/06\/Lierac-Lift-Integral-Serum-Regard-Yeux-_-Paupieres-15ml-novapara-maroc.jpg","datePublished":"2025-06-10T18:35:28+00:00","dateModified":"2026-02-25T01:21:13+00:00","description":"Lierac Lift Integral S\u00e9rum Regard 15ml raffermit, lisse et lifte le contour des yeux et les paupi\u00e8res. R\u00e9duit poches et rides pour un regard plus jeune.","breadcrumb":{"@id":"https:\/\/vitablanca.ma\/produit\/lierac-lift-integral-serum-regard-yeux-paupieres-15ml\/#breadcrumb"},"inLanguage":"ar","potentialAction":[{"@type":"ReadAction","target":["https:\/\/vitablanca.ma\/produit\/lierac-lift-integral-serum-regard-yeux-paupieres-15ml\/"]}]},{"@type":"ImageObject","inLanguage":"ar","@id":"https:\/\/vitablanca.ma\/produit\/lierac-lift-integral-serum-regard-yeux-paupieres-15ml\/#primaryimage","url":"https:\/\/vitablanca.ma\/wp-content\/uploads\/2025\/06\/Lierac-Lift-Integral-Serum-Regard-Yeux-_-Paupieres-15ml-novapara-maroc.jpg","contentUrl":"https:\/\/vitablanca.ma\/wp-content\/uploads\/2025\/06\/Lierac-Lift-Integral-Serum-Regard-Yeux-_-Paupieres-15ml-novapara-maroc.jpg","width":1000,"height":1000},{"@type":"BreadcrumbList","@id":"https:\/\/vitablanca.ma\/produit\/lierac-lift-integral-serum-regard-yeux-paupieres-15ml\/#breadcrumb","itemListElement":[{"@type":"ListItem","position":1,"name":"Home","item":"https:\/\/vitablanca.ma\/"},{"@type":"ListItem","position":2,"name":"Tous Les Produits","item":"https:\/\/vitablanca.ma\/tous-les-produits\/"},{"@type":"ListItem","position":3,"name":"Lierac Lift Integral S\u00e9rum Regard Yeux &amp; Paupi\u00e8res 15ml"}]},{"@type":"WebSite","@id":"https:\/\/vitablanca.ma\/#website","url":"https:\/\/vitablanca.ma\/","name":"VitaBlanca.ma | \u0627\u0644\u0645\u0643\u0645\u0644\u0627\u062a \u0627\u0644\u063a\u0630\u0627\u0626\u064a\u0629\u060c \u0627\u0644\u0635\u062d\u0629 \u0648\u0627\u0644\u062c\u0645\u0627\u0644 \u0641\u064a \u0627\u0644\u0645\u063a\u0631\u0628","description":"\u0646\u0628\u064a\u0639 \u0641\u064a\u062a\u0627\u0645\u064a\u0646\u0627\u062a \u0648\u0645\u0643\u0645\u0644\u0627\u062a \u063a\u0630\u0627\u0626\u064a\u0629 \u0641\u0627\u062e\u0631\u0629 \u0645\u0646 \u0627\u0644\u0648\u0644\u0627\u064a\u0627\u062a \u0627\u0644\u0645\u062a\u062d\u062f\u0629 \u0627\u0644\u0623\u0645\u0631\u064a\u0643\u064a\u0629 \u0648\u0643\u0646\u062f\u0627 \u0648\u0646\u064a\u0648\u0632\u064a\u0644\u0646\u062f\u0627 \u0648\u0627\u0644\u0645\u063a\u0631\u0628 (\u0646\u0627\u0648 \u0641\u0648\u062f\u0632\u060c \u0633\u0648\u0644\u062c\u0627\u0631\u060c \u0645\u0627\u0646\u0648\u0643\u0627). \u062a\u0648\u0635\u064a\u0644 \u0633\u0631\u064a\u0639 \u0625\u0644\u0649 \u062c\u0645\u064a\u0639 \u0623\u0646\u062d\u0627\u0621 \u0627\u0644\u0645\u063a\u0631\u0628.","publisher":{"@id":"https:\/\/vitablanca.ma\/#organization"},"alternateName":"VitaBlanca.ma","potentialAction":[{"@type":"SearchAction","target":{"@type":"EntryPoint","urlTemplate":"https:\/\/vitablanca.ma\/?s={search_term_string}"},"query-input":{"@type":"PropertyValueSpecification","valueRequired":true,"valueName":"search_term_string"}}],"inLanguage":"ar"},{"@type":"Organization","@id":"https:\/\/vitablanca.ma\/#organization","name":"\u0641\u064a\u062a\u0627\u0628\u0644\u0627\u0646\u0643\u0627","url":"https:\/\/vitablanca.ma\/","logo":{"@type":"ImageObject","inLanguage":"ar","@id":"https:\/\/vitablanca.ma\/#\/schema\/logo\/image\/","url":"https:\/\/vitablanca.ma\/wp-content\/uploads\/2025\/05\/cropped-vitablanca.png","contentUrl":"https:\/\/vitablanca.ma\/wp-content\/uploads\/2025\/05\/cropped-vitablanca.png","width":360,"height":67,"caption":"VitaBlanca"},"image":{"@id":"https:\/\/vitablanca.ma\/#\/schema\/logo\/image\/"},"sameAs":["https:\/\/www.facebook.com\/profile.php?id=61576678196717","https:\/\/www.tiktok.com\/@vitablanca.ma","https:\/\/www.instagram.com\/vitablanca.ma\/"]}]}},"jetpack_sharing_enabled":true,"_links":{"self":[{"href":"https:\/\/vitablanca.ma\/ar\/wp-json\/wp\/v2\/product\/20405","targetHints":{"allow":["GET"]}}],"collection":[{"href":"https:\/\/vitablanca.ma\/ar\/wp-json\/wp\/v2\/product"}],"about":[{"href":"https:\/\/vitablanca.ma\/ar\/wp-json\/wp\/v2\/types\/product"}],"wp:featuredmedia":[{"embeddable":true,"href":"https:\/\/vitablanca.ma\/ar\/wp-json\/wp\/v2\/media\/20402"}],"wp:attachment":[{"href":"https:\/\/vitablanca.ma\/ar\/wp-json\/wp\/v2\/media?parent=20405"}],"wp:term":[{"taxonomy":"product_brand","embeddable":true,"href":"https:\/\/vitablanca.ma\/ar\/wp-json\/wp\/v2\/product_brand?post=20405"},{"taxonomy":"product_cat","embeddable":true,"href":"https:\/\/vitablanca.ma\/ar\/wp-json\/wp\/v2\/product_cat?post=20405"},{"taxonomy":"product_tag","embeddable":true,"href":"https:\/\/vitablanca.ma\/ar\/wp-json\/wp\/v2\/product_tag?post=20405"}],"curies":[{"name":"wp","href":"https:\/\/api.w.org\/{rel}","templated":true}]}}