{"id":20391,"date":"2025-06-10T18:35:11","date_gmt":"2025-06-10T18:35:11","guid":{"rendered":"https:\/\/vitablanca.ma\/product\/mustela-creme-change-123\/"},"modified":"2026-02-25T01:35:26","modified_gmt":"2026-02-25T01:35:26","slug":"mustela-creme-change-123","status":"publish","type":"product","link":"https:\/\/vitablanca.ma\/ar\/product-2\/mustela-creme-change-123\/","title":{"rendered":"\u0643\u0631\u064a\u0645 \u0645\u0648\u0633\u062a\u064a\u0644\u0627 \u0644\u0644\u062a\u063a\u064a\u064a\u0631 123"},"content":{"rendered":"<h2 data-mce-fragment=\"1\">Mustela Cr\u00e8me change 123.<\/h2>\n<p data-mce-fragment=\"1\"><span data-mce-fragment=\"1\">La Cr\u00e8me change b\u00e9b\u00e9 123 est un soin complet pour les fesses des b\u00e9b\u00e9s, qui s&rsquo;applique apr\u00e8s chaque changement de couche.<\/span><br data-mce-fragment=\"1\" \/><span data-mce-fragment=\"1\">Elle poss\u00e8de une triple action :\u00a01- pr\u00e9vient les irritations et rougeurs,\u00a02- soulage,\u00a03- r\u00e9pare la peau durablement.<\/span><br data-mce-fragment=\"1\" \/><span data-mce-fragment=\"1\">Elle s&rsquo;applique et se nettoie tr\u00e8s facilement. Elle peut \u00eatre utilis\u00e9e d\u00e8s la naissance* et ne contient pas de parfum.<\/span><br data-mce-fragment=\"1\" \/>50ml-100ml.<\/p>\n<h3 data-mce-fragment=\"1\">Bon pour la peau, bon pour la plan\u00e8te<\/h3>\n<p data-mce-fragment=\"1\">Ni une, ni deux, mais trois actions dans le m\u00eame tube ! La Cr\u00e8me change 123 soulage b\u00e9b\u00e9 d\u00e8s la premi\u00e8re application en apaisant les irritations. Mieux, elle pr\u00e9vient l&rsquo;apparition des rougeurs \u00e0 chaque changement de couche. Et encore mieux, elle r\u00e9pare durablement la barri\u00e8re cutan\u00e9e, et ce, m\u00eame en cas de diarrh\u00e9e ou de pouss\u00e9e dentaire.<\/p>\n<p data-mce-fragment=\"1\">Bonus, elle s&rsquo;applique facilement sur les fesses de b\u00e9b\u00e9.<\/p>\n<p data-mce-fragment=\"1\">Notre soin est formul\u00e9 sans parfum et avec 98% d&rsquo;ingr\u00e9dients d&rsquo;origine naturelle. Il b\u00e9n\u00e9ficie d&rsquo;un complexe exclusif d\u2019actifs d\u2019origine naturelle brevet\u00e9s qui garantie sa triple efficacit\u00e9.<\/p>\n<h3 class=\"h2 h3\" data-mce-fragment=\"1\">\u0643\u064a\u0641\u064a\u0629 \u0627\u0633\u062a\u062e\u062f\u0627\u0645\u0647<\/h3>\n<p data-mce-fragment=\"1\"><span data-mce-fragment=\"1\">La cr\u00e8me change 123 s&rsquo;utilise \u00e0 chaque changement de couche.<\/span><\/p>\n<ol data-mce-fragment=\"1\">\n<li data-mce-fragment=\"1\">Nettoyer les fesses de b\u00e9b\u00e9, sans oublier les plis, et bien s\u00e9cher la peau avant l&rsquo;application de la cr\u00e8me change<\/li>\n<li data-mce-fragment=\"1\">Appliquer la cr\u00e8me en couche \u00e9paisse sur le si\u00e8ge propre et sec.<\/li>\n<li data-mce-fragment=\"1\">Refermer d\u00e9licatement la couche.<\/li>\n<\/ol>\n<p data-mce-fragment=\"1\"><span data-mce-fragment=\"1\">Peut \u00eatre utilis\u00e9e en toutes circonstances, y compris en cas de diarrh\u00e9e et de pouss\u00e9e dentaire.<\/span><\/p>\n<p data-mce-fragment=\"1\"><b data-mce-fragment=\"1\">Une fois le tube termin\u00e9<\/b>, jetez le dans la poubelle d\u2019ordures m\u00e9nag\u00e8res.<\/p>","protected":false},"excerpt":{"rendered":"<p>Mustela Cr\u00e8me change 123. La Cr\u00e8me change b\u00e9b\u00e9 123 est un soin complet pour les fesses des b\u00e9b\u00e9s, qui s&rsquo;applique apr\u00e8s chaque changement de couche.Elle poss\u00e8de une triple action :\u00a01- pr\u00e9vient les irritations et rougeurs,\u00a02- soulage,\u00a03- r\u00e9pare la peau durablement.Elle s&rsquo;applique et se nettoie tr\u00e8s facilement. Elle peut \u00eatre utilis\u00e9e d\u00e8s la naissance* et ne [&hellip;]<\/p>\n","protected":false},"featured_media":20383,"template":"","meta":{"om_disable_all_campaigns":false},"product_brand":[],"product_cat":[15],"product_tag":[10919,10920,10921,10861,10870,10890,10922,10923],"class_list":{"0":"post-20391","1":"product","2":"type-product","3":"status-publish","4":"has-post-thumbnail","6":"product_cat-beaute-sante-complements-alimentaires-soins-et-bien-etre-au-meilleur-prix","7":"product_tag-creme-change-1-2-3","8":"product_tag-creme-siege-bebe","9":"product_tag-erytheme-fessier","10":"product_tag-mustela","11":"product_tag-mustela-bebe","12":"product_tag-peau-delicate-bebe","13":"product_tag-protection-rougeurs-bebe","14":"product_tag-soin-change-nourrisson","16":"first","17":"instock","18":"sale","19":"taxable","20":"shipping-taxable","21":"purchasable","22":"product-type-variable"},"yoast_head":"<!-- This site is optimized with the Yoast SEO plugin v27.4 - https:\/\/yoast.com\/product\/yoast-seo-wordpress\/ -->\n<title>Mustela Cr\u00e8me change 123 - Maroc Prix<\/title>\n<meta name=\"description\" content=\"Mustela Cr\u00e8me Change 1 2 3 pr\u00e9vient, apaise et r\u00e9pare les rougeurs du si\u00e8ge d\u00e8s la premi\u00e8re application. Haute tol\u00e9rance, adapt\u00e9e d\u00e8s la naissance.\" \/>\n<meta name=\"robots\" content=\"index, follow, max-snippet:-1, max-image-preview:large, max-video-preview:-1\" \/>\n<link rel=\"canonical\" href=\"https:\/\/vitablanca.ma\/ar\/product-2\/mustela-creme-change-123\/\" \/>\n<meta property=\"og:locale\" content=\"ar_AR\" \/>\n<meta property=\"og:type\" content=\"article\" \/>\n<meta property=\"og:title\" content=\"Mustela Cr\u00e8me change 123 - Maroc Prix\" \/>\n<meta property=\"og:description\" content=\"Mustela Cr\u00e8me Change 1 2 3 pr\u00e9vient, apaise et r\u00e9pare les rougeurs du si\u00e8ge d\u00e8s la premi\u00e8re application. Haute tol\u00e9rance, adapt\u00e9e d\u00e8s la naissance.\" \/>\n<meta property=\"og:url\" content=\"https:\/\/vitablanca.ma\/ar\/product-2\/mustela-creme-change-123\/\" \/>\n<meta property=\"og:site_name\" content=\"Vitablanca.ma &ndash; Sant&eacute;, vitalit&eacute; et bien-&ecirc;tre pour tous les Marocains\" \/>\n<meta property=\"article:publisher\" content=\"https:\/\/www.facebook.com\/profile.php?id=61576678196717\" \/>\n<meta property=\"article:modified_time\" content=\"2026-02-25T01:35:26+00:00\" \/>\n<meta property=\"og:image\" content=\"https:\/\/vitablanca.ma\/wp-content\/uploads\/2025\/06\/Mustela-Creme-change-123-50ml-nova-parapharmacie-casablanca.jpg\" \/>\n\t<meta property=\"og:image:width\" content=\"1000\" \/>\n\t<meta property=\"og:image:height\" content=\"1000\" \/>\n\t<meta property=\"og:image:type\" content=\"image\/jpeg\" \/>\n<meta name=\"twitter:card\" content=\"summary_large_image\" \/>\n<meta name=\"twitter:label1\" content=\"\u0648\u0642\u062a \u0627\u0644\u0642\u0631\u0627\u0621\u0629 \u0627\u0644\u0645\u064f\u0642\u062f\u0651\u0631\" \/>\n\t<meta name=\"twitter:data1\" content=\"\u062f\u0642\u064a\u0642\u062a\u0627\u0646\" \/>\n<script type=\"application\/ld+json\" class=\"yoast-schema-graph\">{\"@context\":\"https:\\\/\\\/schema.org\",\"@graph\":[{\"@type\":[\"WebPage\",\"ItemPage\"],\"@id\":\"https:\\\/\\\/vitablanca.ma\\\/produit\\\/mustela-creme-change-123\\\/\",\"url\":\"https:\\\/\\\/vitablanca.ma\\\/produit\\\/mustela-creme-change-123\\\/\",\"name\":\"Mustela Cr\u00e8me change 123 - Maroc Prix\",\"isPartOf\":{\"@id\":\"https:\\\/\\\/vitablanca.ma\\\/#website\"},\"primaryImageOfPage\":{\"@id\":\"https:\\\/\\\/vitablanca.ma\\\/produit\\\/mustela-creme-change-123\\\/#primaryimage\"},\"image\":{\"@id\":\"https:\\\/\\\/vitablanca.ma\\\/produit\\\/mustela-creme-change-123\\\/#primaryimage\"},\"thumbnailUrl\":\"https:\\\/\\\/vitablanca.ma\\\/wp-content\\\/uploads\\\/2025\\\/06\\\/Mustela-Creme-change-123-50ml-nova-parapharmacie-casablanca.jpg\",\"datePublished\":\"2025-06-10T18:35:11+00:00\",\"dateModified\":\"2026-02-25T01:35:26+00:00\",\"description\":\"Mustela Cr\u00e8me Change 1 2 3 pr\u00e9vient, apaise et r\u00e9pare les rougeurs du si\u00e8ge d\u00e8s la premi\u00e8re application. Haute tol\u00e9rance, adapt\u00e9e d\u00e8s la naissance.\",\"breadcrumb\":{\"@id\":\"https:\\\/\\\/vitablanca.ma\\\/produit\\\/mustela-creme-change-123\\\/#breadcrumb\"},\"inLanguage\":\"ar\",\"potentialAction\":[{\"@type\":\"ReadAction\",\"target\":[\"https:\\\/\\\/vitablanca.ma\\\/produit\\\/mustela-creme-change-123\\\/\"]}]},{\"@type\":\"ImageObject\",\"inLanguage\":\"ar\",\"@id\":\"https:\\\/\\\/vitablanca.ma\\\/produit\\\/mustela-creme-change-123\\\/#primaryimage\",\"url\":\"https:\\\/\\\/vitablanca.ma\\\/wp-content\\\/uploads\\\/2025\\\/06\\\/Mustela-Creme-change-123-50ml-nova-parapharmacie-casablanca.jpg\",\"contentUrl\":\"https:\\\/\\\/vitablanca.ma\\\/wp-content\\\/uploads\\\/2025\\\/06\\\/Mustela-Creme-change-123-50ml-nova-parapharmacie-casablanca.jpg\",\"width\":1000,\"height\":1000},{\"@type\":\"BreadcrumbList\",\"@id\":\"https:\\\/\\\/vitablanca.ma\\\/produit\\\/mustela-creme-change-123\\\/#breadcrumb\",\"itemListElement\":[{\"@type\":\"ListItem\",\"position\":1,\"name\":\"Home\",\"item\":\"https:\\\/\\\/vitablanca.ma\\\/\"},{\"@type\":\"ListItem\",\"position\":2,\"name\":\"Tous Les Produits\",\"item\":\"https:\\\/\\\/vitablanca.ma\\\/tous-les-produits\\\/\"},{\"@type\":\"ListItem\",\"position\":3,\"name\":\"Mustela Cr\u00e8me change 123\"}]},{\"@type\":\"WebSite\",\"@id\":\"https:\\\/\\\/vitablanca.ma\\\/#website\",\"url\":\"https:\\\/\\\/vitablanca.ma\\\/\",\"name\":\"VitaBlanca.ma | Compl\u00e9ments alimentaires, sant\u00e9 & beaut\u00e9 au Maroc\",\"description\":\"vendre vitamines et compl\u00e9ments premium des USA &amp; Canada, Nouvelle Z\u00e9lande,Maroc (NOW Foods, Solgar, Manuka). Livraison rapide partout au Maroc.\",\"publisher\":{\"@id\":\"https:\\\/\\\/vitablanca.ma\\\/#organization\"},\"alternateName\":\"VitaBlanca.ma\",\"potentialAction\":[{\"@type\":\"SearchAction\",\"target\":{\"@type\":\"EntryPoint\",\"urlTemplate\":\"https:\\\/\\\/vitablanca.ma\\\/?s={search_term_string}\"},\"query-input\":{\"@type\":\"PropertyValueSpecification\",\"valueRequired\":true,\"valueName\":\"search_term_string\"}}],\"inLanguage\":\"ar\"},{\"@type\":\"Organization\",\"@id\":\"https:\\\/\\\/vitablanca.ma\\\/#organization\",\"name\":\"VitaBlanca\",\"url\":\"https:\\\/\\\/vitablanca.ma\\\/\",\"logo\":{\"@type\":\"ImageObject\",\"inLanguage\":\"ar\",\"@id\":\"https:\\\/\\\/vitablanca.ma\\\/#\\\/schema\\\/logo\\\/image\\\/\",\"url\":\"https:\\\/\\\/vitablanca.ma\\\/wp-content\\\/uploads\\\/2025\\\/05\\\/cropped-vitablanca.png\",\"contentUrl\":\"https:\\\/\\\/vitablanca.ma\\\/wp-content\\\/uploads\\\/2025\\\/05\\\/cropped-vitablanca.png\",\"width\":360,\"height\":67,\"caption\":\"VitaBlanca\"},\"image\":{\"@id\":\"https:\\\/\\\/vitablanca.ma\\\/#\\\/schema\\\/logo\\\/image\\\/\"},\"sameAs\":[\"https:\\\/\\\/www.facebook.com\\\/profile.php?id=61576678196717\",\"https:\\\/\\\/www.tiktok.com\\\/@vitablanca.ma\",\"https:\\\/\\\/www.instagram.com\\\/vitablanca.ma\\\/\"]}]}<\/script>\n<!-- \/ Yoast SEO plugin. -->","yoast_head_json":{"title":"Mustela Cr\u00e8me change 123 - Maroc Prix","description":"Mustela Cr\u00e8me Change 1 2 3 pr\u00e9vient, apaise et r\u00e9pare les rougeurs du si\u00e8ge d\u00e8s la premi\u00e8re application. Haute tol\u00e9rance, adapt\u00e9e d\u00e8s la naissance.","robots":{"index":"index","follow":"follow","max-snippet":"max-snippet:-1","max-image-preview":"max-image-preview:large","max-video-preview":"max-video-preview:-1"},"canonical":"https:\/\/vitablanca.ma\/ar\/product-2\/mustela-creme-change-123\/","og_locale":"ar_AR","og_type":"article","og_title":"Mustela Cr\u00e8me change 123 - Maroc Prix","og_description":"Mustela Cr\u00e8me Change 1 2 3 pr\u00e9vient, apaise et r\u00e9pare les rougeurs du si\u00e8ge d\u00e8s la premi\u00e8re application. Haute tol\u00e9rance, adapt\u00e9e d\u00e8s la naissance.","og_url":"https:\/\/vitablanca.ma\/ar\/product-2\/mustela-creme-change-123\/","og_site_name":"Vitablanca.ma &ndash; Sant&eacute;, vitalit&eacute; et bien-&ecirc;tre pour tous les Marocains","article_publisher":"https:\/\/www.facebook.com\/profile.php?id=61576678196717","article_modified_time":"2026-02-25T01:35:26+00:00","og_image":[{"width":1000,"height":1000,"url":"https:\/\/vitablanca.ma\/wp-content\/uploads\/2025\/06\/Mustela-Creme-change-123-50ml-nova-parapharmacie-casablanca.jpg","type":"image\/jpeg"}],"twitter_card":"summary_large_image","twitter_misc":{"\u0648\u0642\u062a \u0627\u0644\u0642\u0631\u0627\u0621\u0629 \u0627\u0644\u0645\u064f\u0642\u062f\u0651\u0631":"\u062f\u0642\u064a\u0642\u062a\u0627\u0646"},"schema":{"@context":"https:\/\/schema.org","@graph":[{"@type":["WebPage","ItemPage"],"@id":"https:\/\/vitablanca.ma\/produit\/mustela-creme-change-123\/","url":"https:\/\/vitablanca.ma\/produit\/mustela-creme-change-123\/","name":"Mustela Cr\u00e8me change 123 - Maroc Prix","isPartOf":{"@id":"https:\/\/vitablanca.ma\/#website"},"primaryImageOfPage":{"@id":"https:\/\/vitablanca.ma\/produit\/mustela-creme-change-123\/#primaryimage"},"image":{"@id":"https:\/\/vitablanca.ma\/produit\/mustela-creme-change-123\/#primaryimage"},"thumbnailUrl":"https:\/\/vitablanca.ma\/wp-content\/uploads\/2025\/06\/Mustela-Creme-change-123-50ml-nova-parapharmacie-casablanca.jpg","datePublished":"2025-06-10T18:35:11+00:00","dateModified":"2026-02-25T01:35:26+00:00","description":"Mustela Cr\u00e8me Change 1 2 3 pr\u00e9vient, apaise et r\u00e9pare les rougeurs du si\u00e8ge d\u00e8s la premi\u00e8re application. Haute tol\u00e9rance, adapt\u00e9e d\u00e8s la naissance.","breadcrumb":{"@id":"https:\/\/vitablanca.ma\/produit\/mustela-creme-change-123\/#breadcrumb"},"inLanguage":"ar","potentialAction":[{"@type":"ReadAction","target":["https:\/\/vitablanca.ma\/produit\/mustela-creme-change-123\/"]}]},{"@type":"ImageObject","inLanguage":"ar","@id":"https:\/\/vitablanca.ma\/produit\/mustela-creme-change-123\/#primaryimage","url":"https:\/\/vitablanca.ma\/wp-content\/uploads\/2025\/06\/Mustela-Creme-change-123-50ml-nova-parapharmacie-casablanca.jpg","contentUrl":"https:\/\/vitablanca.ma\/wp-content\/uploads\/2025\/06\/Mustela-Creme-change-123-50ml-nova-parapharmacie-casablanca.jpg","width":1000,"height":1000},{"@type":"BreadcrumbList","@id":"https:\/\/vitablanca.ma\/produit\/mustela-creme-change-123\/#breadcrumb","itemListElement":[{"@type":"ListItem","position":1,"name":"Home","item":"https:\/\/vitablanca.ma\/"},{"@type":"ListItem","position":2,"name":"Tous Les Produits","item":"https:\/\/vitablanca.ma\/tous-les-produits\/"},{"@type":"ListItem","position":3,"name":"Mustela Cr\u00e8me change 123"}]},{"@type":"WebSite","@id":"https:\/\/vitablanca.ma\/#website","url":"https:\/\/vitablanca.ma\/","name":"VitaBlanca.ma | \u0627\u0644\u0645\u0643\u0645\u0644\u0627\u062a \u0627\u0644\u063a\u0630\u0627\u0626\u064a\u0629\u060c \u0627\u0644\u0635\u062d\u0629 \u0648\u0627\u0644\u062c\u0645\u0627\u0644 \u0641\u064a \u0627\u0644\u0645\u063a\u0631\u0628","description":"\u0646\u0628\u064a\u0639 \u0641\u064a\u062a\u0627\u0645\u064a\u0646\u0627\u062a \u0648\u0645\u0643\u0645\u0644\u0627\u062a \u063a\u0630\u0627\u0626\u064a\u0629 \u0641\u0627\u062e\u0631\u0629 \u0645\u0646 \u0627\u0644\u0648\u0644\u0627\u064a\u0627\u062a \u0627\u0644\u0645\u062a\u062d\u062f\u0629 \u0627\u0644\u0623\u0645\u0631\u064a\u0643\u064a\u0629 \u0648\u0643\u0646\u062f\u0627 \u0648\u0646\u064a\u0648\u0632\u064a\u0644\u0646\u062f\u0627 \u0648\u0627\u0644\u0645\u063a\u0631\u0628 (\u0646\u0627\u0648 \u0641\u0648\u062f\u0632\u060c \u0633\u0648\u0644\u062c\u0627\u0631\u060c \u0645\u0627\u0646\u0648\u0643\u0627). \u062a\u0648\u0635\u064a\u0644 \u0633\u0631\u064a\u0639 \u0625\u0644\u0649 \u062c\u0645\u064a\u0639 \u0623\u0646\u062d\u0627\u0621 \u0627\u0644\u0645\u063a\u0631\u0628.","publisher":{"@id":"https:\/\/vitablanca.ma\/#organization"},"alternateName":"VitaBlanca.ma","potentialAction":[{"@type":"SearchAction","target":{"@type":"EntryPoint","urlTemplate":"https:\/\/vitablanca.ma\/?s={search_term_string}"},"query-input":{"@type":"PropertyValueSpecification","valueRequired":true,"valueName":"search_term_string"}}],"inLanguage":"ar"},{"@type":"Organization","@id":"https:\/\/vitablanca.ma\/#organization","name":"\u0641\u064a\u062a\u0627\u0628\u0644\u0627\u0646\u0643\u0627","url":"https:\/\/vitablanca.ma\/","logo":{"@type":"ImageObject","inLanguage":"ar","@id":"https:\/\/vitablanca.ma\/#\/schema\/logo\/image\/","url":"https:\/\/vitablanca.ma\/wp-content\/uploads\/2025\/05\/cropped-vitablanca.png","contentUrl":"https:\/\/vitablanca.ma\/wp-content\/uploads\/2025\/05\/cropped-vitablanca.png","width":360,"height":67,"caption":"VitaBlanca"},"image":{"@id":"https:\/\/vitablanca.ma\/#\/schema\/logo\/image\/"},"sameAs":["https:\/\/www.facebook.com\/profile.php?id=61576678196717","https:\/\/www.tiktok.com\/@vitablanca.ma","https:\/\/www.instagram.com\/vitablanca.ma\/"]}]}},"jetpack_sharing_enabled":true,"_links":{"self":[{"href":"https:\/\/vitablanca.ma\/ar\/wp-json\/wp\/v2\/product\/20391","targetHints":{"allow":["GET"]}}],"collection":[{"href":"https:\/\/vitablanca.ma\/ar\/wp-json\/wp\/v2\/product"}],"about":[{"href":"https:\/\/vitablanca.ma\/ar\/wp-json\/wp\/v2\/types\/product"}],"wp:featuredmedia":[{"embeddable":true,"href":"https:\/\/vitablanca.ma\/ar\/wp-json\/wp\/v2\/media\/20383"}],"wp:attachment":[{"href":"https:\/\/vitablanca.ma\/ar\/wp-json\/wp\/v2\/media?parent=20391"}],"wp:term":[{"taxonomy":"product_brand","embeddable":true,"href":"https:\/\/vitablanca.ma\/ar\/wp-json\/wp\/v2\/product_brand?post=20391"},{"taxonomy":"product_cat","embeddable":true,"href":"https:\/\/vitablanca.ma\/ar\/wp-json\/wp\/v2\/product_cat?post=20391"},{"taxonomy":"product_tag","embeddable":true,"href":"https:\/\/vitablanca.ma\/ar\/wp-json\/wp\/v2\/product_tag?post=20391"}],"curies":[{"name":"wp","href":"https:\/\/api.w.org\/{rel}","templated":true}]}}