{"id":20373,"date":"2025-06-10T18:34:43","date_gmt":"2025-06-10T18:34:43","guid":{"rendered":"https:\/\/vitablanca.ma\/product\/mustela-eau-rafraichissante-et-coiffante-bebe-a-leau-de-camomille-bio-200ml\/"},"modified":"2026-03-01T19:26:45","modified_gmt":"2026-03-01T19:26:45","slug":"mustela-eau-rafraichissante-et-coiffante-bebe-a-leau-de-camomille-bio-200ml","status":"publish","type":"product","link":"https:\/\/vitablanca.ma\/ar\/product-2\/mustela-eau-rafraichissante-et-coiffante-bebe-a-leau-de-camomille-bio-200ml\/","title":{"rendered":"Mustela Eau Rafraichissante et Coiffante B\u00e9b\u00e9 \u00e0 l&rsquo;eau de Camomille Bio 200ml"},"content":{"rendered":"<h2>Mustela Eau Rafraichissante et Coiffante B\u00e9b\u00e9 \u00e0 l&rsquo;eau de Camomille Bio.<\/h2>\n<p>L&rsquo;Eau Rafraichissante et Coiffante \u00e0 l&rsquo;eau de Camomille Bio, parfume et rafraichit d\u00e9licatement la peau du b\u00e9b\u00e9 et de l&rsquo;enfant. Elle facilite aussi le brossage et illumine les cheveux, d\u00e8s la naissance*.<br \/>\n200 \u0645\u0644.<\/p>\n<h3>Bon pour la peau, bon pour la plan\u00e8te<\/h3>\n<p>Un petit coup de chaud apr\u00e8s la sieste?<\/p>\n<p>L&rsquo;Eau Rafra\u00eechissante et Coiffante, \u00e0 l&rsquo;eau de camomille Bio sera votre parfaite alli\u00e9e. Elle rafra\u00eechit votre b\u00e9b\u00e9 et le parfume d\u00e9licatement. Quelques pschitts dans ses cheveux faciliteront le brossage et ces derniers seront illumin\u00e9s !<\/p>\n<p>L&rsquo;eau de camomille utilis\u00e9e dans ce produit est issue de l&rsquo;agriculture biologique fran\u00e7aise, et son flacon est recyclable**.<\/p>\n<h3>\u0627\u0644\u0633\u0644\u0627\u0645\u0629 \u0648\u0627\u0644\u0643\u0641\u0627\u0621\u0629<\/h3>\n<p>Pour une s\u00e9curit\u00e9 garantie d\u00e8s la naissance, nos soins sont d\u00e9velopp\u00e9s en collaboration avec des professionnels de sant\u00e9 et doivent passer avec succ\u00e8s\u00a0plus de 450 mesures et tests.<\/p>\n<h3 class=\"h2 h3\">\u0643\u064a\u0641\u064a\u0629 \u0627\u0633\u062a\u062e\u062f\u0627\u0645\u0647<\/h3>\n<p class=\"h2 h3\">L&rsquo;eau rafra\u00eechissante et coiffante peut s&rsquo;utiliser \u00e0 la fois sur les cheveux, le corps et le cou du b\u00e9b\u00e9.<\/p>\n<ol>\n<li>Vaporiser pour rafra\u00eechir en douceur la peau de b\u00e9b\u00e9 ou pour coiffer ses cheveux.<\/li>\n<li>L&rsquo;eau rafra\u00eechissante et coiffante peut \u00eatre utilis\u00e9e au quotidien.<\/li>\n<\/ol>\n<p>Le geste de tri :<br \/>\nPour permettre le recyclage du spray vide,\u00a0<strong>jetez-le dans la poubelle de tri.<\/strong><\/p>","protected":false},"excerpt":{"rendered":"<p>Mustela Eau Rafraichissante et Coiffante B\u00e9b\u00e9 \u00e0 l&rsquo;eau de Camomille Bio. L&rsquo;Eau Rafraichissante et Coiffante \u00e0 l&rsquo;eau de Camomille Bio, parfume et rafraichit d\u00e9licatement la peau du b\u00e9b\u00e9 et de l&rsquo;enfant. Elle facilite aussi le brossage et illumine les cheveux, d\u00e8s la naissance*. 200ml. Bon pour la peau, bon pour la plan\u00e8te Un petit coup [&hellip;]<\/p>\n","protected":false},"featured_media":20368,"template":"","meta":{"om_disable_all_campaigns":false},"product_brand":[],"product_cat":[15],"product_tag":[11050,11055,11049,10544,11048,11053,11054,11052,10452,11051],"class_list":{"0":"post-20373","1":"product","2":"type-product","3":"status-publish","4":"has-post-thumbnail","6":"product_cat-beaute-sante-complements-alimentaires-soins-et-bien-etre-au-meilleur-prix","7":"product_tag-camomille-bio-bebe","8":"product_tag-cosmetique-bebe-naturel","9":"product_tag-eau-coiffante-bebe","10":"product_tag-mustela-200ml","11":"product_tag-mustela-eau-rafraichissante-bebe","12":"product_tag-parfum-bebe-leger","13":"product_tag-soin-bebe-haute-tolerance","14":"product_tag-soin-capillaire-bebe","15":"product_tag-soin-quotidien-bebe","16":"product_tag-spray-cheveux-bebe","18":"first","19":"instock","20":"sale","21":"taxable","22":"shipping-taxable","23":"purchasable","24":"product-type-simple"},"yoast_head":"<!-- This site is optimized with the Yoast SEO plugin v27.4 - https:\/\/yoast.com\/product\/yoast-seo-wordpress\/ -->\n<title>Mustela Eau Rafraichissante et Coiffante Bio 200ml - Maroc Prix<\/title>\n<meta name=\"description\" content=\"Mustela Eau Rafra\u00eechissante et Coiffante B\u00e9b\u00e9 200ml \u00e0 la camomille bio. Rafra\u00eechit, parfume d\u00e9licatement et facilite le coiffage des cheveux fins.\" \/>\n<meta name=\"robots\" content=\"index, follow, max-snippet:-1, max-image-preview:large, max-video-preview:-1\" \/>\n<link rel=\"canonical\" href=\"https:\/\/vitablanca.ma\/ar\/product-2\/mustela-eau-rafraichissante-et-coiffante-bebe-a-leau-de-camomille-bio-200ml\/\" \/>\n<meta property=\"og:locale\" content=\"ar_AR\" \/>\n<meta property=\"og:type\" content=\"article\" \/>\n<meta property=\"og:title\" content=\"Mustela Eau Rafraichissante et Coiffante Bio 200ml - Maroc Prix\" \/>\n<meta property=\"og:description\" content=\"Mustela Eau Rafra\u00eechissante et Coiffante B\u00e9b\u00e9 200ml \u00e0 la camomille bio. Rafra\u00eechit, parfume d\u00e9licatement et facilite le coiffage des cheveux fins.\" \/>\n<meta property=\"og:url\" content=\"https:\/\/vitablanca.ma\/ar\/product-2\/mustela-eau-rafraichissante-et-coiffante-bebe-a-leau-de-camomille-bio-200ml\/\" \/>\n<meta property=\"og:site_name\" content=\"Vitablanca.ma &ndash; Sant&eacute;, vitalit&eacute; et bien-&ecirc;tre pour tous les Marocains\" \/>\n<meta property=\"article:publisher\" content=\"https:\/\/www.facebook.com\/profile.php?id=61576678196717\" \/>\n<meta property=\"article:modified_time\" content=\"2026-03-01T19:26:45+00:00\" \/>\n<meta property=\"og:image\" content=\"https:\/\/vitablanca.ma\/wp-content\/uploads\/2025\/06\/Mustela-Eau-Rafraichissante-et-Coiffante-Bebe-a-l_eau-de-Camomille-Bio-200ml-nova-parapharmacie-casablanca.jpg\" \/>\n\t<meta property=\"og:image:width\" content=\"1000\" \/>\n\t<meta property=\"og:image:height\" content=\"1000\" \/>\n\t<meta property=\"og:image:type\" content=\"image\/jpeg\" \/>\n<meta name=\"twitter:card\" content=\"summary_large_image\" \/>\n<meta name=\"twitter:label1\" content=\"\u0648\u0642\u062a \u0627\u0644\u0642\u0631\u0627\u0621\u0629 \u0627\u0644\u0645\u064f\u0642\u062f\u0651\u0631\" \/>\n\t<meta name=\"twitter:data1\" content=\"\u062f\u0642\u064a\u0642\u062a\u0627\u0646\" \/>\n<script type=\"application\/ld+json\" class=\"yoast-schema-graph\">{\"@context\":\"https:\\\/\\\/schema.org\",\"@graph\":[{\"@type\":[\"WebPage\",\"ItemPage\"],\"@id\":\"https:\\\/\\\/vitablanca.ma\\\/produit\\\/mustela-eau-rafraichissante-et-coiffante-bebe-a-leau-de-camomille-bio-200ml\\\/\",\"url\":\"https:\\\/\\\/vitablanca.ma\\\/produit\\\/mustela-eau-rafraichissante-et-coiffante-bebe-a-leau-de-camomille-bio-200ml\\\/\",\"name\":\"Mustela Eau Rafraichissante et Coiffante Bio 200ml - Maroc Prix\",\"isPartOf\":{\"@id\":\"https:\\\/\\\/vitablanca.ma\\\/#website\"},\"primaryImageOfPage\":{\"@id\":\"https:\\\/\\\/vitablanca.ma\\\/produit\\\/mustela-eau-rafraichissante-et-coiffante-bebe-a-leau-de-camomille-bio-200ml\\\/#primaryimage\"},\"image\":{\"@id\":\"https:\\\/\\\/vitablanca.ma\\\/produit\\\/mustela-eau-rafraichissante-et-coiffante-bebe-a-leau-de-camomille-bio-200ml\\\/#primaryimage\"},\"thumbnailUrl\":\"https:\\\/\\\/vitablanca.ma\\\/wp-content\\\/uploads\\\/2025\\\/06\\\/Mustela-Eau-Rafraichissante-et-Coiffante-Bebe-a-l_eau-de-Camomille-Bio-200ml-nova-parapharmacie-casablanca.jpg\",\"datePublished\":\"2025-06-10T18:34:43+00:00\",\"dateModified\":\"2026-03-01T19:26:45+00:00\",\"description\":\"Mustela Eau Rafra\u00eechissante et Coiffante B\u00e9b\u00e9 200ml \u00e0 la camomille bio. Rafra\u00eechit, parfume d\u00e9licatement et facilite le coiffage des cheveux fins.\",\"breadcrumb\":{\"@id\":\"https:\\\/\\\/vitablanca.ma\\\/produit\\\/mustela-eau-rafraichissante-et-coiffante-bebe-a-leau-de-camomille-bio-200ml\\\/#breadcrumb\"},\"inLanguage\":\"ar\",\"potentialAction\":[{\"@type\":\"ReadAction\",\"target\":[\"https:\\\/\\\/vitablanca.ma\\\/produit\\\/mustela-eau-rafraichissante-et-coiffante-bebe-a-leau-de-camomille-bio-200ml\\\/\"]}]},{\"@type\":\"ImageObject\",\"inLanguage\":\"ar\",\"@id\":\"https:\\\/\\\/vitablanca.ma\\\/produit\\\/mustela-eau-rafraichissante-et-coiffante-bebe-a-leau-de-camomille-bio-200ml\\\/#primaryimage\",\"url\":\"https:\\\/\\\/vitablanca.ma\\\/wp-content\\\/uploads\\\/2025\\\/06\\\/Mustela-Eau-Rafraichissante-et-Coiffante-Bebe-a-l_eau-de-Camomille-Bio-200ml-nova-parapharmacie-casablanca.jpg\",\"contentUrl\":\"https:\\\/\\\/vitablanca.ma\\\/wp-content\\\/uploads\\\/2025\\\/06\\\/Mustela-Eau-Rafraichissante-et-Coiffante-Bebe-a-l_eau-de-Camomille-Bio-200ml-nova-parapharmacie-casablanca.jpg\",\"width\":1000,\"height\":1000},{\"@type\":\"BreadcrumbList\",\"@id\":\"https:\\\/\\\/vitablanca.ma\\\/produit\\\/mustela-eau-rafraichissante-et-coiffante-bebe-a-leau-de-camomille-bio-200ml\\\/#breadcrumb\",\"itemListElement\":[{\"@type\":\"ListItem\",\"position\":1,\"name\":\"Home\",\"item\":\"https:\\\/\\\/vitablanca.ma\\\/\"},{\"@type\":\"ListItem\",\"position\":2,\"name\":\"Tous Les Produits\",\"item\":\"https:\\\/\\\/vitablanca.ma\\\/tous-les-produits\\\/\"},{\"@type\":\"ListItem\",\"position\":3,\"name\":\"Mustela Eau Rafraichissante et Coiffante B\u00e9b\u00e9 \u00e0 l&#8217;eau de Camomille Bio 200ml\"}]},{\"@type\":\"WebSite\",\"@id\":\"https:\\\/\\\/vitablanca.ma\\\/#website\",\"url\":\"https:\\\/\\\/vitablanca.ma\\\/\",\"name\":\"VitaBlanca.ma | Compl\u00e9ments alimentaires, sant\u00e9 & beaut\u00e9 au Maroc\",\"description\":\"vendre vitamines et compl\u00e9ments premium des USA &amp; Canada, Nouvelle Z\u00e9lande,Maroc (NOW Foods, Solgar, Manuka). Livraison rapide partout au Maroc.\",\"publisher\":{\"@id\":\"https:\\\/\\\/vitablanca.ma\\\/#organization\"},\"alternateName\":\"VitaBlanca.ma\",\"potentialAction\":[{\"@type\":\"SearchAction\",\"target\":{\"@type\":\"EntryPoint\",\"urlTemplate\":\"https:\\\/\\\/vitablanca.ma\\\/?s={search_term_string}\"},\"query-input\":{\"@type\":\"PropertyValueSpecification\",\"valueRequired\":true,\"valueName\":\"search_term_string\"}}],\"inLanguage\":\"ar\"},{\"@type\":\"Organization\",\"@id\":\"https:\\\/\\\/vitablanca.ma\\\/#organization\",\"name\":\"VitaBlanca\",\"url\":\"https:\\\/\\\/vitablanca.ma\\\/\",\"logo\":{\"@type\":\"ImageObject\",\"inLanguage\":\"ar\",\"@id\":\"https:\\\/\\\/vitablanca.ma\\\/#\\\/schema\\\/logo\\\/image\\\/\",\"url\":\"https:\\\/\\\/vitablanca.ma\\\/wp-content\\\/uploads\\\/2025\\\/05\\\/cropped-vitablanca.png\",\"contentUrl\":\"https:\\\/\\\/vitablanca.ma\\\/wp-content\\\/uploads\\\/2025\\\/05\\\/cropped-vitablanca.png\",\"width\":360,\"height\":67,\"caption\":\"VitaBlanca\"},\"image\":{\"@id\":\"https:\\\/\\\/vitablanca.ma\\\/#\\\/schema\\\/logo\\\/image\\\/\"},\"sameAs\":[\"https:\\\/\\\/www.facebook.com\\\/profile.php?id=61576678196717\",\"https:\\\/\\\/www.tiktok.com\\\/@vitablanca.ma\",\"https:\\\/\\\/www.instagram.com\\\/vitablanca.ma\\\/\"]}]}<\/script>\n<!-- \/ Yoast SEO plugin. -->","yoast_head_json":{"title":"Mustela Eau Rafraichissante et Coiffante Bio 200ml - Maroc Prix","description":"Mustela Eau Rafra\u00eechissante et Coiffante B\u00e9b\u00e9 200ml \u00e0 la camomille bio. Rafra\u00eechit, parfume d\u00e9licatement et facilite le coiffage des cheveux fins.","robots":{"index":"index","follow":"follow","max-snippet":"max-snippet:-1","max-image-preview":"max-image-preview:large","max-video-preview":"max-video-preview:-1"},"canonical":"https:\/\/vitablanca.ma\/ar\/product-2\/mustela-eau-rafraichissante-et-coiffante-bebe-a-leau-de-camomille-bio-200ml\/","og_locale":"ar_AR","og_type":"article","og_title":"Mustela Eau Rafraichissante et Coiffante Bio 200ml - Maroc Prix","og_description":"Mustela Eau Rafra\u00eechissante et Coiffante B\u00e9b\u00e9 200ml \u00e0 la camomille bio. Rafra\u00eechit, parfume d\u00e9licatement et facilite le coiffage des cheveux fins.","og_url":"https:\/\/vitablanca.ma\/ar\/product-2\/mustela-eau-rafraichissante-et-coiffante-bebe-a-leau-de-camomille-bio-200ml\/","og_site_name":"Vitablanca.ma &ndash; Sant&eacute;, vitalit&eacute; et bien-&ecirc;tre pour tous les Marocains","article_publisher":"https:\/\/www.facebook.com\/profile.php?id=61576678196717","article_modified_time":"2026-03-01T19:26:45+00:00","og_image":[{"width":1000,"height":1000,"url":"https:\/\/vitablanca.ma\/wp-content\/uploads\/2025\/06\/Mustela-Eau-Rafraichissante-et-Coiffante-Bebe-a-l_eau-de-Camomille-Bio-200ml-nova-parapharmacie-casablanca.jpg","type":"image\/jpeg"}],"twitter_card":"summary_large_image","twitter_misc":{"\u0648\u0642\u062a \u0627\u0644\u0642\u0631\u0627\u0621\u0629 \u0627\u0644\u0645\u064f\u0642\u062f\u0651\u0631":"\u062f\u0642\u064a\u0642\u062a\u0627\u0646"},"schema":{"@context":"https:\/\/schema.org","@graph":[{"@type":["WebPage","ItemPage"],"@id":"https:\/\/vitablanca.ma\/produit\/mustela-eau-rafraichissante-et-coiffante-bebe-a-leau-de-camomille-bio-200ml\/","url":"https:\/\/vitablanca.ma\/produit\/mustela-eau-rafraichissante-et-coiffante-bebe-a-leau-de-camomille-bio-200ml\/","name":"Mustela Eau Rafraichissante et Coiffante Bio 200ml - Maroc Prix","isPartOf":{"@id":"https:\/\/vitablanca.ma\/#website"},"primaryImageOfPage":{"@id":"https:\/\/vitablanca.ma\/produit\/mustela-eau-rafraichissante-et-coiffante-bebe-a-leau-de-camomille-bio-200ml\/#primaryimage"},"image":{"@id":"https:\/\/vitablanca.ma\/produit\/mustela-eau-rafraichissante-et-coiffante-bebe-a-leau-de-camomille-bio-200ml\/#primaryimage"},"thumbnailUrl":"https:\/\/vitablanca.ma\/wp-content\/uploads\/2025\/06\/Mustela-Eau-Rafraichissante-et-Coiffante-Bebe-a-l_eau-de-Camomille-Bio-200ml-nova-parapharmacie-casablanca.jpg","datePublished":"2025-06-10T18:34:43+00:00","dateModified":"2026-03-01T19:26:45+00:00","description":"Mustela Eau Rafra\u00eechissante et Coiffante B\u00e9b\u00e9 200ml \u00e0 la camomille bio. Rafra\u00eechit, parfume d\u00e9licatement et facilite le coiffage des cheveux fins.","breadcrumb":{"@id":"https:\/\/vitablanca.ma\/produit\/mustela-eau-rafraichissante-et-coiffante-bebe-a-leau-de-camomille-bio-200ml\/#breadcrumb"},"inLanguage":"ar","potentialAction":[{"@type":"ReadAction","target":["https:\/\/vitablanca.ma\/produit\/mustela-eau-rafraichissante-et-coiffante-bebe-a-leau-de-camomille-bio-200ml\/"]}]},{"@type":"ImageObject","inLanguage":"ar","@id":"https:\/\/vitablanca.ma\/produit\/mustela-eau-rafraichissante-et-coiffante-bebe-a-leau-de-camomille-bio-200ml\/#primaryimage","url":"https:\/\/vitablanca.ma\/wp-content\/uploads\/2025\/06\/Mustela-Eau-Rafraichissante-et-Coiffante-Bebe-a-l_eau-de-Camomille-Bio-200ml-nova-parapharmacie-casablanca.jpg","contentUrl":"https:\/\/vitablanca.ma\/wp-content\/uploads\/2025\/06\/Mustela-Eau-Rafraichissante-et-Coiffante-Bebe-a-l_eau-de-Camomille-Bio-200ml-nova-parapharmacie-casablanca.jpg","width":1000,"height":1000},{"@type":"BreadcrumbList","@id":"https:\/\/vitablanca.ma\/produit\/mustela-eau-rafraichissante-et-coiffante-bebe-a-leau-de-camomille-bio-200ml\/#breadcrumb","itemListElement":[{"@type":"ListItem","position":1,"name":"Home","item":"https:\/\/vitablanca.ma\/"},{"@type":"ListItem","position":2,"name":"Tous Les Produits","item":"https:\/\/vitablanca.ma\/tous-les-produits\/"},{"@type":"ListItem","position":3,"name":"Mustela Eau Rafraichissante et Coiffante B\u00e9b\u00e9 \u00e0 l&#8217;eau de Camomille Bio 200ml"}]},{"@type":"WebSite","@id":"https:\/\/vitablanca.ma\/#website","url":"https:\/\/vitablanca.ma\/","name":"VitaBlanca.ma | \u0627\u0644\u0645\u0643\u0645\u0644\u0627\u062a \u0627\u0644\u063a\u0630\u0627\u0626\u064a\u0629\u060c \u0627\u0644\u0635\u062d\u0629 \u0648\u0627\u0644\u062c\u0645\u0627\u0644 \u0641\u064a \u0627\u0644\u0645\u063a\u0631\u0628","description":"\u0646\u0628\u064a\u0639 \u0641\u064a\u062a\u0627\u0645\u064a\u0646\u0627\u062a \u0648\u0645\u0643\u0645\u0644\u0627\u062a \u063a\u0630\u0627\u0626\u064a\u0629 \u0641\u0627\u062e\u0631\u0629 \u0645\u0646 \u0627\u0644\u0648\u0644\u0627\u064a\u0627\u062a \u0627\u0644\u0645\u062a\u062d\u062f\u0629 \u0627\u0644\u0623\u0645\u0631\u064a\u0643\u064a\u0629 \u0648\u0643\u0646\u062f\u0627 \u0648\u0646\u064a\u0648\u0632\u064a\u0644\u0646\u062f\u0627 \u0648\u0627\u0644\u0645\u063a\u0631\u0628 (\u0646\u0627\u0648 \u0641\u0648\u062f\u0632\u060c \u0633\u0648\u0644\u062c\u0627\u0631\u060c \u0645\u0627\u0646\u0648\u0643\u0627). \u062a\u0648\u0635\u064a\u0644 \u0633\u0631\u064a\u0639 \u0625\u0644\u0649 \u062c\u0645\u064a\u0639 \u0623\u0646\u062d\u0627\u0621 \u0627\u0644\u0645\u063a\u0631\u0628.","publisher":{"@id":"https:\/\/vitablanca.ma\/#organization"},"alternateName":"VitaBlanca.ma","potentialAction":[{"@type":"SearchAction","target":{"@type":"EntryPoint","urlTemplate":"https:\/\/vitablanca.ma\/?s={search_term_string}"},"query-input":{"@type":"PropertyValueSpecification","valueRequired":true,"valueName":"search_term_string"}}],"inLanguage":"ar"},{"@type":"Organization","@id":"https:\/\/vitablanca.ma\/#organization","name":"\u0641\u064a\u062a\u0627\u0628\u0644\u0627\u0646\u0643\u0627","url":"https:\/\/vitablanca.ma\/","logo":{"@type":"ImageObject","inLanguage":"ar","@id":"https:\/\/vitablanca.ma\/#\/schema\/logo\/image\/","url":"https:\/\/vitablanca.ma\/wp-content\/uploads\/2025\/05\/cropped-vitablanca.png","contentUrl":"https:\/\/vitablanca.ma\/wp-content\/uploads\/2025\/05\/cropped-vitablanca.png","width":360,"height":67,"caption":"VitaBlanca"},"image":{"@id":"https:\/\/vitablanca.ma\/#\/schema\/logo\/image\/"},"sameAs":["https:\/\/www.facebook.com\/profile.php?id=61576678196717","https:\/\/www.tiktok.com\/@vitablanca.ma","https:\/\/www.instagram.com\/vitablanca.ma\/"]}]}},"jetpack_sharing_enabled":true,"_links":{"self":[{"href":"https:\/\/vitablanca.ma\/ar\/wp-json\/wp\/v2\/product\/20373","targetHints":{"allow":["GET"]}}],"collection":[{"href":"https:\/\/vitablanca.ma\/ar\/wp-json\/wp\/v2\/product"}],"about":[{"href":"https:\/\/vitablanca.ma\/ar\/wp-json\/wp\/v2\/types\/product"}],"wp:featuredmedia":[{"embeddable":true,"href":"https:\/\/vitablanca.ma\/ar\/wp-json\/wp\/v2\/media\/20368"}],"wp:attachment":[{"href":"https:\/\/vitablanca.ma\/ar\/wp-json\/wp\/v2\/media?parent=20373"}],"wp:term":[{"taxonomy":"product_brand","embeddable":true,"href":"https:\/\/vitablanca.ma\/ar\/wp-json\/wp\/v2\/product_brand?post=20373"},{"taxonomy":"product_cat","embeddable":true,"href":"https:\/\/vitablanca.ma\/ar\/wp-json\/wp\/v2\/product_cat?post=20373"},{"taxonomy":"product_tag","embeddable":true,"href":"https:\/\/vitablanca.ma\/ar\/wp-json\/wp\/v2\/product_tag?post=20373"}],"curies":[{"name":"wp","href":"https:\/\/api.w.org\/{rel}","templated":true}]}}