{"id":20367,"date":"2025-06-10T18:34:37","date_gmt":"2025-06-10T18:34:37","guid":{"rendered":"https:\/\/vitablanca.ma\/product\/meridol-brosse-a-dents-protection-gencives-medium\/"},"modified":"2026-03-01T19:30:46","modified_gmt":"2026-03-01T19:30:46","slug":"meridol-brosse-a-dents-protection-gencives-medium","status":"publish","type":"product","link":"https:\/\/vitablanca.ma\/ar\/product-2\/meridol-brosse-a-dents-protection-gencives-medium\/","title":{"rendered":"\u0641\u0631\u0634\u0627\u0629 \u0623\u0633\u0646\u0627\u0646 \u0645\u064a\u0631\u064a\u062f\u0648\u0644 \u0644\u062d\u0645\u0627\u064a\u0629 \u0627\u0644\u0644\u062b\u0629 \u0645\u062a\u0648\u0633\u0637\u0629 \u0627\u0644\u062d\u062c\u0645"},"content":{"rendered":"<h2>Meridol Brosse \u00e0 Dents Protection Gencives\u00a0<span data-mce-fragment=\"1\">\u00a0efficace et en profondeur et d\u2019un soin doux pour les gencives.<\/span><\/h2>\n<p>La brosse \u00e0 dents meridol<span class=\"selectionStyle-sup\">\u00ae<\/span>\u00a0PROTECTION GENCIVES medium combine la performance d\u2019un nettoyage efficace et en profondeur et d\u2019un soin doux pour les gencives.<\/p>\n<h3>\u0633\u0645\u0627\u062a<\/h3>\n<p>Brins medium sur la partie int\u00e9rieure<\/p>\n<div class=\"richText-content\">\n<ul>\n<li>Brins souples aux extr\u00e9mit\u00e9s micro-fines sur le pourtour pour permettre un nettoyage efficace de la dent et du sillon gingival tout en respectant les gencives<\/li>\n<li>T\u00eate de brosse enrob\u00e9e d\u2019une mati\u00e8re souple<\/li>\n<li>Manche ergonomique<\/li>\n<li>D\u00e9velopp\u00e9e en collaboration avec des experts<\/li>\n<li>Scientifiquement prouv\u00e9<\/li>\n<\/ul>\n<h3>\u0645\u062c\u0644\u0633 \u0645\u064a\u0631\u064a\u062f\u0648\u0644<\/h3>\n<p>La brosse \u00e0 dents meridol<span class=\"selectionStyle-sup\">\u00ae<\/span>\u00a0PROTECTION GENCIVES medium est particuli\u00e8rement recommand\u00e9e en association avec le dentifrice et le bain de bouche meridol<span class=\"selectionStyle-sup\">\u00ae<\/span>\u00a0PROTECTION GENCIVES. Demandez conseil \u00e0 votre dentiste.<\/p>\n<\/div>\n<p>&nbsp;<\/p>","protected":false},"excerpt":{"rendered":"<p>Meridol Brosse \u00e0 Dents Protection Gencives\u00a0\u00a0efficace et en profondeur et d\u2019un soin doux pour les gencives. La brosse \u00e0 dents meridol\u00ae\u00a0PROTECTION GENCIVES medium combine la performance d\u2019un nettoyage efficace et en profondeur et d\u2019un soin doux pour les gencives. Caract\u00e9ristiques Brins medium sur la partie int\u00e9rieure Brins souples aux extr\u00e9mit\u00e9s micro-fines sur le pourtour pour [&hellip;]<\/p>\n","protected":false},"featured_media":20363,"template":"","meta":{"om_disable_all_campaigns":false},"product_brand":[],"product_cat":[15],"product_tag":[7904,7721,11058,11061,6254,11056,11057,11060,6257,11059],"class_list":{"0":"post-20367","1":"product","2":"type-product","3":"status-publish","4":"has-post-thumbnail","6":"product_cat-beaute-sante-complements-alimentaires-soins-et-bien-etre-au-meilleur-prix","7":"product_tag-brosse-a-dents-gencives-sensibles","8":"product_tag-brosse-dents-adulte","9":"product_tag-brosse-dents-anti-plaque","10":"product_tag-brosse-dents-medium","11":"product_tag-hygiene-bucco-dentaire","12":"product_tag-meridol-brosse-a-dents","13":"product_tag-meridol-medium","14":"product_tag-meridol-oral-care","15":"product_tag-protection-gencives","16":"product_tag-soin-gencives-quotidien","18":"first","19":"instock","20":"sale","21":"taxable","22":"shipping-taxable","23":"purchasable","24":"product-type-simple"},"yoast_head":"<!-- This site is optimized with the Yoast SEO plugin v27.4 - https:\/\/yoast.com\/product\/yoast-seo-wordpress\/ -->\n<title>Meridol Brosse \u00e0 Dents Protection Gencives Medium - Maroc Prix<\/title>\n<meta name=\"description\" content=\"Meridol Brosse \u00e0 Dents Protection Gencives Medium nettoie efficacement tout en respectant les gencives sensibles. Brins souples \u00e0 medium.\" \/>\n<meta name=\"robots\" content=\"index, follow, max-snippet:-1, max-image-preview:large, max-video-preview:-1\" \/>\n<link rel=\"canonical\" href=\"https:\/\/vitablanca.ma\/ar\/product-2\/meridol-brosse-a-dents-protection-gencives-medium\/\" \/>\n<meta property=\"og:locale\" content=\"ar_AR\" \/>\n<meta property=\"og:type\" content=\"article\" \/>\n<meta property=\"og:title\" content=\"Meridol Brosse \u00e0 Dents Protection Gencives Medium - Maroc Prix\" \/>\n<meta property=\"og:description\" content=\"Meridol Brosse \u00e0 Dents Protection Gencives Medium nettoie efficacement tout en respectant les gencives sensibles. Brins souples \u00e0 medium.\" \/>\n<meta property=\"og:url\" content=\"https:\/\/vitablanca.ma\/ar\/product-2\/meridol-brosse-a-dents-protection-gencives-medium\/\" \/>\n<meta property=\"og:site_name\" content=\"Vitablanca.ma &ndash; Sant&eacute;, vitalit&eacute; et bien-&ecirc;tre pour tous les Marocains\" \/>\n<meta property=\"article:publisher\" content=\"https:\/\/www.facebook.com\/profile.php?id=61576678196717\" \/>\n<meta property=\"article:modified_time\" content=\"2026-03-01T19:30:46+00:00\" \/>\n<meta property=\"og:image\" content=\"https:\/\/vitablanca.ma\/wp-content\/uploads\/2025\/06\/Meridol-Brosse-a-Dents-Protection-Gencives-Medium-nova-parapharmacie-maroc.jpg\" \/>\n\t<meta property=\"og:image:width\" content=\"1000\" \/>\n\t<meta property=\"og:image:height\" content=\"1000\" \/>\n\t<meta property=\"og:image:type\" content=\"image\/jpeg\" \/>\n<meta name=\"twitter:card\" content=\"summary_large_image\" \/>\n<meta name=\"twitter:label1\" content=\"\u0648\u0642\u062a \u0627\u0644\u0642\u0631\u0627\u0621\u0629 \u0627\u0644\u0645\u064f\u0642\u062f\u0651\u0631\" \/>\n\t<meta name=\"twitter:data1\" content=\"\u062f\u0642\u064a\u0642\u0629 \u0648\u0627\u062d\u062f\u0629\" \/>\n<script type=\"application\/ld+json\" class=\"yoast-schema-graph\">{\"@context\":\"https:\\\/\\\/schema.org\",\"@graph\":[{\"@type\":[\"WebPage\",\"ItemPage\"],\"@id\":\"https:\\\/\\\/vitablanca.ma\\\/produit\\\/meridol-brosse-a-dents-protection-gencives-medium\\\/\",\"url\":\"https:\\\/\\\/vitablanca.ma\\\/produit\\\/meridol-brosse-a-dents-protection-gencives-medium\\\/\",\"name\":\"Meridol Brosse \u00e0 Dents Protection Gencives Medium - Maroc Prix\",\"isPartOf\":{\"@id\":\"https:\\\/\\\/vitablanca.ma\\\/#website\"},\"primaryImageOfPage\":{\"@id\":\"https:\\\/\\\/vitablanca.ma\\\/produit\\\/meridol-brosse-a-dents-protection-gencives-medium\\\/#primaryimage\"},\"image\":{\"@id\":\"https:\\\/\\\/vitablanca.ma\\\/produit\\\/meridol-brosse-a-dents-protection-gencives-medium\\\/#primaryimage\"},\"thumbnailUrl\":\"https:\\\/\\\/vitablanca.ma\\\/wp-content\\\/uploads\\\/2025\\\/06\\\/Meridol-Brosse-a-Dents-Protection-Gencives-Medium-nova-parapharmacie-maroc.jpg\",\"datePublished\":\"2025-06-10T18:34:37+00:00\",\"dateModified\":\"2026-03-01T19:30:46+00:00\",\"description\":\"Meridol Brosse \u00e0 Dents Protection Gencives Medium nettoie efficacement tout en respectant les gencives sensibles. Brins souples \u00e0 medium.\",\"breadcrumb\":{\"@id\":\"https:\\\/\\\/vitablanca.ma\\\/produit\\\/meridol-brosse-a-dents-protection-gencives-medium\\\/#breadcrumb\"},\"inLanguage\":\"ar\",\"potentialAction\":[{\"@type\":\"ReadAction\",\"target\":[\"https:\\\/\\\/vitablanca.ma\\\/produit\\\/meridol-brosse-a-dents-protection-gencives-medium\\\/\"]}]},{\"@type\":\"ImageObject\",\"inLanguage\":\"ar\",\"@id\":\"https:\\\/\\\/vitablanca.ma\\\/produit\\\/meridol-brosse-a-dents-protection-gencives-medium\\\/#primaryimage\",\"url\":\"https:\\\/\\\/vitablanca.ma\\\/wp-content\\\/uploads\\\/2025\\\/06\\\/Meridol-Brosse-a-Dents-Protection-Gencives-Medium-nova-parapharmacie-maroc.jpg\",\"contentUrl\":\"https:\\\/\\\/vitablanca.ma\\\/wp-content\\\/uploads\\\/2025\\\/06\\\/Meridol-Brosse-a-Dents-Protection-Gencives-Medium-nova-parapharmacie-maroc.jpg\",\"width\":1000,\"height\":1000},{\"@type\":\"BreadcrumbList\",\"@id\":\"https:\\\/\\\/vitablanca.ma\\\/produit\\\/meridol-brosse-a-dents-protection-gencives-medium\\\/#breadcrumb\",\"itemListElement\":[{\"@type\":\"ListItem\",\"position\":1,\"name\":\"Home\",\"item\":\"https:\\\/\\\/vitablanca.ma\\\/\"},{\"@type\":\"ListItem\",\"position\":2,\"name\":\"Tous Les Produits\",\"item\":\"https:\\\/\\\/vitablanca.ma\\\/tous-les-produits\\\/\"},{\"@type\":\"ListItem\",\"position\":3,\"name\":\"Meridol Brosse \u00e0 Dents Protection Gencives Medium\"}]},{\"@type\":\"WebSite\",\"@id\":\"https:\\\/\\\/vitablanca.ma\\\/#website\",\"url\":\"https:\\\/\\\/vitablanca.ma\\\/\",\"name\":\"VitaBlanca.ma | Compl\u00e9ments alimentaires, sant\u00e9 & beaut\u00e9 au Maroc\",\"description\":\"vendre vitamines et compl\u00e9ments premium des USA &amp; Canada, Nouvelle Z\u00e9lande,Maroc (NOW Foods, Solgar, Manuka). Livraison rapide partout au Maroc.\",\"publisher\":{\"@id\":\"https:\\\/\\\/vitablanca.ma\\\/#organization\"},\"alternateName\":\"VitaBlanca.ma\",\"potentialAction\":[{\"@type\":\"SearchAction\",\"target\":{\"@type\":\"EntryPoint\",\"urlTemplate\":\"https:\\\/\\\/vitablanca.ma\\\/?s={search_term_string}\"},\"query-input\":{\"@type\":\"PropertyValueSpecification\",\"valueRequired\":true,\"valueName\":\"search_term_string\"}}],\"inLanguage\":\"ar\"},{\"@type\":\"Organization\",\"@id\":\"https:\\\/\\\/vitablanca.ma\\\/#organization\",\"name\":\"VitaBlanca\",\"url\":\"https:\\\/\\\/vitablanca.ma\\\/\",\"logo\":{\"@type\":\"ImageObject\",\"inLanguage\":\"ar\",\"@id\":\"https:\\\/\\\/vitablanca.ma\\\/#\\\/schema\\\/logo\\\/image\\\/\",\"url\":\"https:\\\/\\\/vitablanca.ma\\\/wp-content\\\/uploads\\\/2025\\\/05\\\/cropped-vitablanca.png\",\"contentUrl\":\"https:\\\/\\\/vitablanca.ma\\\/wp-content\\\/uploads\\\/2025\\\/05\\\/cropped-vitablanca.png\",\"width\":360,\"height\":67,\"caption\":\"VitaBlanca\"},\"image\":{\"@id\":\"https:\\\/\\\/vitablanca.ma\\\/#\\\/schema\\\/logo\\\/image\\\/\"},\"sameAs\":[\"https:\\\/\\\/www.facebook.com\\\/profile.php?id=61576678196717\",\"https:\\\/\\\/www.tiktok.com\\\/@vitablanca.ma\",\"https:\\\/\\\/www.instagram.com\\\/vitablanca.ma\\\/\"]}]}<\/script>\n<!-- \/ Yoast SEO plugin. -->","yoast_head_json":{"title":"Meridol Brosse \u00e0 Dents Protection Gencives Medium - Maroc Prix","description":"Meridol Brosse \u00e0 Dents Protection Gencives Medium nettoie efficacement tout en respectant les gencives sensibles. Brins souples \u00e0 medium.","robots":{"index":"index","follow":"follow","max-snippet":"max-snippet:-1","max-image-preview":"max-image-preview:large","max-video-preview":"max-video-preview:-1"},"canonical":"https:\/\/vitablanca.ma\/ar\/product-2\/meridol-brosse-a-dents-protection-gencives-medium\/","og_locale":"ar_AR","og_type":"article","og_title":"Meridol Brosse \u00e0 Dents Protection Gencives Medium - Maroc Prix","og_description":"Meridol Brosse \u00e0 Dents Protection Gencives Medium nettoie efficacement tout en respectant les gencives sensibles. Brins souples \u00e0 medium.","og_url":"https:\/\/vitablanca.ma\/ar\/product-2\/meridol-brosse-a-dents-protection-gencives-medium\/","og_site_name":"Vitablanca.ma &ndash; Sant&eacute;, vitalit&eacute; et bien-&ecirc;tre pour tous les Marocains","article_publisher":"https:\/\/www.facebook.com\/profile.php?id=61576678196717","article_modified_time":"2026-03-01T19:30:46+00:00","og_image":[{"width":1000,"height":1000,"url":"https:\/\/vitablanca.ma\/wp-content\/uploads\/2025\/06\/Meridol-Brosse-a-Dents-Protection-Gencives-Medium-nova-parapharmacie-maroc.jpg","type":"image\/jpeg"}],"twitter_card":"summary_large_image","twitter_misc":{"\u0648\u0642\u062a \u0627\u0644\u0642\u0631\u0627\u0621\u0629 \u0627\u0644\u0645\u064f\u0642\u062f\u0651\u0631":"\u062f\u0642\u064a\u0642\u0629 \u0648\u0627\u062d\u062f\u0629"},"schema":{"@context":"https:\/\/schema.org","@graph":[{"@type":["WebPage","ItemPage"],"@id":"https:\/\/vitablanca.ma\/produit\/meridol-brosse-a-dents-protection-gencives-medium\/","url":"https:\/\/vitablanca.ma\/produit\/meridol-brosse-a-dents-protection-gencives-medium\/","name":"Meridol Brosse \u00e0 Dents Protection Gencives Medium - Maroc Prix","isPartOf":{"@id":"https:\/\/vitablanca.ma\/#website"},"primaryImageOfPage":{"@id":"https:\/\/vitablanca.ma\/produit\/meridol-brosse-a-dents-protection-gencives-medium\/#primaryimage"},"image":{"@id":"https:\/\/vitablanca.ma\/produit\/meridol-brosse-a-dents-protection-gencives-medium\/#primaryimage"},"thumbnailUrl":"https:\/\/vitablanca.ma\/wp-content\/uploads\/2025\/06\/Meridol-Brosse-a-Dents-Protection-Gencives-Medium-nova-parapharmacie-maroc.jpg","datePublished":"2025-06-10T18:34:37+00:00","dateModified":"2026-03-01T19:30:46+00:00","description":"Meridol Brosse \u00e0 Dents Protection Gencives Medium nettoie efficacement tout en respectant les gencives sensibles. Brins souples \u00e0 medium.","breadcrumb":{"@id":"https:\/\/vitablanca.ma\/produit\/meridol-brosse-a-dents-protection-gencives-medium\/#breadcrumb"},"inLanguage":"ar","potentialAction":[{"@type":"ReadAction","target":["https:\/\/vitablanca.ma\/produit\/meridol-brosse-a-dents-protection-gencives-medium\/"]}]},{"@type":"ImageObject","inLanguage":"ar","@id":"https:\/\/vitablanca.ma\/produit\/meridol-brosse-a-dents-protection-gencives-medium\/#primaryimage","url":"https:\/\/vitablanca.ma\/wp-content\/uploads\/2025\/06\/Meridol-Brosse-a-Dents-Protection-Gencives-Medium-nova-parapharmacie-maroc.jpg","contentUrl":"https:\/\/vitablanca.ma\/wp-content\/uploads\/2025\/06\/Meridol-Brosse-a-Dents-Protection-Gencives-Medium-nova-parapharmacie-maroc.jpg","width":1000,"height":1000},{"@type":"BreadcrumbList","@id":"https:\/\/vitablanca.ma\/produit\/meridol-brosse-a-dents-protection-gencives-medium\/#breadcrumb","itemListElement":[{"@type":"ListItem","position":1,"name":"Home","item":"https:\/\/vitablanca.ma\/"},{"@type":"ListItem","position":2,"name":"Tous Les Produits","item":"https:\/\/vitablanca.ma\/tous-les-produits\/"},{"@type":"ListItem","position":3,"name":"Meridol Brosse \u00e0 Dents Protection Gencives Medium"}]},{"@type":"WebSite","@id":"https:\/\/vitablanca.ma\/#website","url":"https:\/\/vitablanca.ma\/","name":"VitaBlanca.ma | \u0627\u0644\u0645\u0643\u0645\u0644\u0627\u062a \u0627\u0644\u063a\u0630\u0627\u0626\u064a\u0629\u060c \u0627\u0644\u0635\u062d\u0629 \u0648\u0627\u0644\u062c\u0645\u0627\u0644 \u0641\u064a \u0627\u0644\u0645\u063a\u0631\u0628","description":"\u0646\u0628\u064a\u0639 \u0641\u064a\u062a\u0627\u0645\u064a\u0646\u0627\u062a \u0648\u0645\u0643\u0645\u0644\u0627\u062a \u063a\u0630\u0627\u0626\u064a\u0629 \u0641\u0627\u062e\u0631\u0629 \u0645\u0646 \u0627\u0644\u0648\u0644\u0627\u064a\u0627\u062a \u0627\u0644\u0645\u062a\u062d\u062f\u0629 \u0627\u0644\u0623\u0645\u0631\u064a\u0643\u064a\u0629 \u0648\u0643\u0646\u062f\u0627 \u0648\u0646\u064a\u0648\u0632\u064a\u0644\u0646\u062f\u0627 \u0648\u0627\u0644\u0645\u063a\u0631\u0628 (\u0646\u0627\u0648 \u0641\u0648\u062f\u0632\u060c \u0633\u0648\u0644\u062c\u0627\u0631\u060c \u0645\u0627\u0646\u0648\u0643\u0627). \u062a\u0648\u0635\u064a\u0644 \u0633\u0631\u064a\u0639 \u0625\u0644\u0649 \u062c\u0645\u064a\u0639 \u0623\u0646\u062d\u0627\u0621 \u0627\u0644\u0645\u063a\u0631\u0628.","publisher":{"@id":"https:\/\/vitablanca.ma\/#organization"},"alternateName":"VitaBlanca.ma","potentialAction":[{"@type":"SearchAction","target":{"@type":"EntryPoint","urlTemplate":"https:\/\/vitablanca.ma\/?s={search_term_string}"},"query-input":{"@type":"PropertyValueSpecification","valueRequired":true,"valueName":"search_term_string"}}],"inLanguage":"ar"},{"@type":"Organization","@id":"https:\/\/vitablanca.ma\/#organization","name":"\u0641\u064a\u062a\u0627\u0628\u0644\u0627\u0646\u0643\u0627","url":"https:\/\/vitablanca.ma\/","logo":{"@type":"ImageObject","inLanguage":"ar","@id":"https:\/\/vitablanca.ma\/#\/schema\/logo\/image\/","url":"https:\/\/vitablanca.ma\/wp-content\/uploads\/2025\/05\/cropped-vitablanca.png","contentUrl":"https:\/\/vitablanca.ma\/wp-content\/uploads\/2025\/05\/cropped-vitablanca.png","width":360,"height":67,"caption":"VitaBlanca"},"image":{"@id":"https:\/\/vitablanca.ma\/#\/schema\/logo\/image\/"},"sameAs":["https:\/\/www.facebook.com\/profile.php?id=61576678196717","https:\/\/www.tiktok.com\/@vitablanca.ma","https:\/\/www.instagram.com\/vitablanca.ma\/"]}]}},"jetpack_sharing_enabled":true,"_links":{"self":[{"href":"https:\/\/vitablanca.ma\/ar\/wp-json\/wp\/v2\/product\/20367","targetHints":{"allow":["GET"]}}],"collection":[{"href":"https:\/\/vitablanca.ma\/ar\/wp-json\/wp\/v2\/product"}],"about":[{"href":"https:\/\/vitablanca.ma\/ar\/wp-json\/wp\/v2\/types\/product"}],"wp:featuredmedia":[{"embeddable":true,"href":"https:\/\/vitablanca.ma\/ar\/wp-json\/wp\/v2\/media\/20363"}],"wp:attachment":[{"href":"https:\/\/vitablanca.ma\/ar\/wp-json\/wp\/v2\/media?parent=20367"}],"wp:term":[{"taxonomy":"product_brand","embeddable":true,"href":"https:\/\/vitablanca.ma\/ar\/wp-json\/wp\/v2\/product_brand?post=20367"},{"taxonomy":"product_cat","embeddable":true,"href":"https:\/\/vitablanca.ma\/ar\/wp-json\/wp\/v2\/product_cat?post=20367"},{"taxonomy":"product_tag","embeddable":true,"href":"https:\/\/vitablanca.ma\/ar\/wp-json\/wp\/v2\/product_tag?post=20367"}],"curies":[{"name":"wp","href":"https:\/\/api.w.org\/{rel}","templated":true}]}}