{"id":20365,"date":"2025-06-10T18:34:32","date_gmt":"2025-06-10T18:34:32","guid":{"rendered":"https:\/\/vitablanca.ma\/product\/lierac-arkeskin-la-creme-jour-menopause-recharge-50ml\/"},"modified":"2026-03-01T19:32:45","modified_gmt":"2026-03-01T19:32:45","slug":"lierac-arkeskin-la-creme-jour-menopause-recharge-50ml","status":"publish","type":"product","link":"https:\/\/vitablanca.ma\/ar\/product-2\/lierac-arkeskin-la-creme-jour-menopause-recharge-50ml\/","title":{"rendered":"\u0643\u0631\u064a\u0645 \u0644\u064a\u0631\u0627\u0643 \u0623\u0631\u0643\u064a\u0633\u0643\u064a\u0646 \u0627\u0644\u0646\u0647\u0627\u0631\u064a \u0644\u0639\u0644\u0627\u062c \u0627\u0646\u0642\u0637\u0627\u0639 \u0627\u0644\u0637\u0645\u062b\u060c \u0639\u0628\u0648\u0629 \u0625\u0639\u0627\u062f\u0629 \u062a\u0639\u0628\u0626\u0629 \u0665\u0660 \u0645\u0644"},"content":{"rendered":"<h2>Lierac Ark\u00e9skin La Cr\u00e8me Jour M\u00e9nopause Recharge corrige les signes visibles de la m\u00e9nopause sur la peau : s\u00e9cheresse<\/h2>\n<p class=\"p\">Formul\u00e9e \u00e0 97% d\u2019ingr\u00e9dients d\u2019origine naturelle, La Cr\u00e8me Jour M\u00e9nopause corrige les signes visibles de la m\u00e9nopause sur la peau : s\u00e9cheresse, perte de densit\u00e9 et de fermet\u00e9. Inspir\u00e9e des rythmes biologiques de la peau, La Cr\u00e8me Jour renforce la protection cutan\u00e9e et nourrit durablement la peau. Sp\u00e9cifiquement d\u00e9velopp\u00e9e pour les femmes qui traversent la m\u00e9nopause, sa texture fond d\u00e9licatement sur la peau pour lui apporter un confort imm\u00e9diat. Jour apr\u00e8s jour la peau retrouve densit\u00e9, fermet\u00e9 et confort.<\/p>\n<div class=\"productIngredients\" data-v-c7b8b77c=\"\">\n<div class=\"_2ingredients\">\n<div>\n<p>100% d\u2019origine naturelle, L\u2019Acide Hyaluronique de haut poids mol\u00e9culaire maintient l\u2019\u00e9quilibre hydrique de la peau gr\u00e2ce \u00e0 son fort pouvoir hygroscopique, pour une action imm\u00e9diate sur l\u2019hydratation. La peau est intens\u00e9ment hydrat\u00e9e, repulp\u00e9e et plus confortable.<\/p>\n<\/div>\n<\/div>\n<\/div>\n<h3>Conseils d&rsquo;application<\/h3>\n<div class=\"mt-4 mb-2 lg:mb-8 max-w-[1270px] mx-auto px-4\" data-v-c7b8b77c=\"\">\n<div class=\"productTwoBlocks blocksReversed grid grid-cols-1 gap-8 lg:grid-cols-2 items-center text-sm\" data-v-c7b8b77c=\"\">\n<div>\n<div class=\"mt-4 mb-2 lg:mb-8 max-w-[1270px] mx-auto px-4\" data-v-c7b8b77c=\"\">\n<div class=\"productTwoBlocks blocksReversed grid grid-cols-1 gap-8 lg:grid-cols-2 items-center text-sm\" data-v-c7b8b77c=\"\">\n<div>\n<div class=\"mt-4 mb-2 lg:mb-8 max-w-[1270px] mx-auto px-4\" data-v-c7b8b77c=\"\">\n<div class=\"productTwoBlocks blocksReversed grid grid-cols-1 gap-8 lg:grid-cols-2 items-center text-sm\" data-v-c7b8b77c=\"\">\n<div>\n<div class=\"mt-4 mb-2 lg:mb-8 max-w-[1270px] mx-auto px-4\" data-v-c7b8b77c=\"\">\n<div class=\"productTwoBlocks blocksReversed grid grid-cols-1 gap-8 lg:grid-cols-2 items-center text-sm\" data-v-c7b8b77c=\"\">\n<div>\n<p>Appliquer le matin sur le visage et le cou. Pour une meilleure efficacit\u00e9, utiliser en compl\u00e9ment La Cr\u00e8me Nuit M\u00e9nopause.<\/p>\n<\/div>\n<\/div>\n<\/div>\n<h3>Ingredients<\/h3>\n<p class=\"p\">AQUA \/ WATER \/ EAU. COCO-CAPRYLATE\/CAPRATE. GLYCERIN. BUTYLENE GLYCOL. XYLITYLGLUCOSIDE. CETYL ALCOHOL. GLYCERYL STEARATE. SODIUM STEAROYL GLUTAMATE. XANTHAN GUM. ANHYDROXYLITOL. CAESALPINIA SPINOSA FRUIT EXTRACT. PARFUM \/ FRAGRANCE. CITRIC ACID. ETHYLHEXYLGLYCERIN. SODIUM BENZOATE. XYLITOL. SODIUM POLYACRYLATE. HYDROLYZED HYALURONIC ACID. SODIUM PHYTATE. KAPPAPHYCUS ALVAREZII EXTRACT. MALTODEXTRIN. TOCOPHEROL. LECITHIN. ADENOSINE. HELIANTHUS ANNUUS (SUNFLOWER) SEED OIL. TULIPA GESNERIANA FLOWER EXTRACT. ROSA CENTIFOLIA FLOWER EXTRACT. 4102A.<\/p>\n<\/div>\n<\/div>\n<\/div>\n<div id=\"reviews\" class=\"mb-8 max-w-[950px] mx-auto px-4\" data-v-c7b8b77c=\"\">\n<div class=\"mb-2 lg:mb-8\" data-v-c7b8b77c=\"\"><\/div>\n<\/div>\n<\/div>\n<\/div>\n<\/div>\n<div class=\"mt-4 mb-2 lg:mb-8 max-w-[1270px] mx-auto px-4\" data-v-c7b8b77c=\"\">\n<div class=\"productTwoBlocks blocksReversed grid grid-cols-1 gap-8 lg:grid-cols-2 items-center text-sm\" data-v-c7b8b77c=\"\">\n<div data-v-c7b8b77c=\"\"><\/div>\n<\/div>\n<\/div>\n<div id=\"reviews\" class=\"mb-8 max-w-[950px] mx-auto px-4\" data-v-c7b8b77c=\"\">\n<div class=\"mb-2 lg:mb-8\" data-v-c7b8b77c=\"\"><\/div>\n<\/div>\n<\/div>\n<\/div>\n<\/div>\n<div class=\"mt-4 mb-2 lg:mb-8 max-w-[1270px] mx-auto px-4\" data-v-c7b8b77c=\"\">\n<div class=\"productTwoBlocks blocksReversed grid grid-cols-1 gap-8 lg:grid-cols-2 items-center text-sm\" data-v-c7b8b77c=\"\"><\/div>\n<\/div>\n","protected":false},"excerpt":{"rendered":"<p>Lierac Ark\u00e9skin La Cr\u00e8me Jour M\u00e9nopause Recharge corrige les signes visibles de la m\u00e9nopause sur la peau : s\u00e9cheresse Formul\u00e9e \u00e0 97% d\u2019ingr\u00e9dients d\u2019origine naturelle, La Cr\u00e8me Jour M\u00e9nopause corrige les signes visibles de la m\u00e9nopause sur la peau : s\u00e9cheresse, perte de densit\u00e9 et de fermet\u00e9. Inspir\u00e9e des rythmes biologiques de la peau, La [&hellip;]<\/p>\n","protected":false},"featured_media":20354,"template":"","meta":{"om_disable_all_campaigns":false},"product_brand":[],"product_cat":[15],"product_tag":[11063,11067,11064,10914,10552,11062,11069,11068,11065,11066,10013],"class_list":{"0":"post-20365","1":"product","2":"type-product","3":"status-publish","4":"has-post-thumbnail","6":"product_cat-beaute-sante-complements-alimentaires-soins-et-bien-etre-au-meilleur-prix","7":"product_tag-anti-age-menopause","8":"product_tag-cosmetique-anti-age-femme","9":"product_tag-creme-hydratante-peaux-matures","10":"product_tag-creme-jour-menopause","11":"product_tag-lierac-50ml","12":"product_tag-lierac-arkeskin","13":"product_tag-lierac-france","14":"product_tag-recharge-creme-jour","15":"product_tag-soin-anti-rides-menopause","16":"product_tag-soin-confort-peau","17":"product_tag-soin-peau-mature","19":"first","20":"instock","21":"sale","22":"taxable","23":"shipping-taxable","24":"purchasable","25":"product-type-simple"},"yoast_head":"<!-- This site is optimized with the Yoast SEO plugin v27.4 - https:\/\/yoast.com\/product\/yoast-seo-wordpress\/ -->\n<title>Lierac Ark\u00e9skin La Cr\u00e8me Jour M\u00e9nopause 50ml - Maroc Prix<\/title>\n<meta name=\"description\" content=\"Lierac Ark\u00e9skin La Cr\u00e8me Jour M\u00e9nopause Recharge 50ml : cr\u00e8me jour anti\u2011\u00e2ge sp\u00e9cialement formul\u00e9e pour les peaux en p\u00e9riode de m\u00e9nopause. R\u00e9hydrate.\" \/>\n<meta name=\"robots\" content=\"index, follow, max-snippet:-1, max-image-preview:large, max-video-preview:-1\" \/>\n<link rel=\"canonical\" href=\"https:\/\/vitablanca.ma\/ar\/product-2\/lierac-arkeskin-la-creme-jour-menopause-recharge-50ml\/\" \/>\n<meta property=\"og:locale\" content=\"ar_AR\" \/>\n<meta property=\"og:type\" content=\"article\" \/>\n<meta property=\"og:title\" content=\"Lierac Ark\u00e9skin La Cr\u00e8me Jour M\u00e9nopause 50ml - Maroc Prix\" \/>\n<meta property=\"og:description\" content=\"Lierac Ark\u00e9skin La Cr\u00e8me Jour M\u00e9nopause Recharge 50ml : cr\u00e8me jour anti\u2011\u00e2ge sp\u00e9cialement formul\u00e9e pour les peaux en p\u00e9riode de m\u00e9nopause. R\u00e9hydrate.\" \/>\n<meta property=\"og:url\" content=\"https:\/\/vitablanca.ma\/ar\/product-2\/lierac-arkeskin-la-creme-jour-menopause-recharge-50ml\/\" \/>\n<meta property=\"og:site_name\" content=\"Vitablanca.ma &ndash; Sant&eacute;, vitalit&eacute; et bien-&ecirc;tre pour tous les Marocains\" \/>\n<meta property=\"article:publisher\" content=\"https:\/\/www.facebook.com\/profile.php?id=61576678196717\" \/>\n<meta property=\"article:modified_time\" content=\"2026-03-01T19:32:45+00:00\" \/>\n<meta property=\"og:image\" content=\"https:\/\/vitablanca.ma\/wp-content\/uploads\/2025\/06\/Lierac-Arkeskin-La-Creme-Jour-Menopause-Recharge-50ml-novapara-maroc.jpg\" \/>\n\t<meta property=\"og:image:width\" content=\"1000\" \/>\n\t<meta property=\"og:image:height\" content=\"1000\" \/>\n\t<meta property=\"og:image:type\" content=\"image\/jpeg\" \/>\n<meta name=\"twitter:card\" content=\"summary_large_image\" \/>\n<meta name=\"twitter:label1\" content=\"\u0648\u0642\u062a \u0627\u0644\u0642\u0631\u0627\u0621\u0629 \u0627\u0644\u0645\u064f\u0642\u062f\u0651\u0631\" \/>\n\t<meta name=\"twitter:data1\" content=\"\u062f\u0642\u064a\u0642\u062a\u0627\u0646\" \/>\n<script type=\"application\/ld+json\" class=\"yoast-schema-graph\">{\"@context\":\"https:\\\/\\\/schema.org\",\"@graph\":[{\"@type\":[\"WebPage\",\"ItemPage\"],\"@id\":\"https:\\\/\\\/vitablanca.ma\\\/produit\\\/lierac-arkeskin-la-creme-jour-menopause-recharge-50ml\\\/\",\"url\":\"https:\\\/\\\/vitablanca.ma\\\/produit\\\/lierac-arkeskin-la-creme-jour-menopause-recharge-50ml\\\/\",\"name\":\"Lierac Ark\u00e9skin La Cr\u00e8me Jour M\u00e9nopause 50ml - Maroc Prix\",\"isPartOf\":{\"@id\":\"https:\\\/\\\/vitablanca.ma\\\/#website\"},\"primaryImageOfPage\":{\"@id\":\"https:\\\/\\\/vitablanca.ma\\\/produit\\\/lierac-arkeskin-la-creme-jour-menopause-recharge-50ml\\\/#primaryimage\"},\"image\":{\"@id\":\"https:\\\/\\\/vitablanca.ma\\\/produit\\\/lierac-arkeskin-la-creme-jour-menopause-recharge-50ml\\\/#primaryimage\"},\"thumbnailUrl\":\"https:\\\/\\\/vitablanca.ma\\\/wp-content\\\/uploads\\\/2025\\\/06\\\/Lierac-Arkeskin-La-Creme-Jour-Menopause-Recharge-50ml-novapara-maroc.jpg\",\"datePublished\":\"2025-06-10T18:34:32+00:00\",\"dateModified\":\"2026-03-01T19:32:45+00:00\",\"description\":\"Lierac Ark\u00e9skin La Cr\u00e8me Jour M\u00e9nopause Recharge 50ml : cr\u00e8me jour anti\u2011\u00e2ge sp\u00e9cialement formul\u00e9e pour les peaux en p\u00e9riode de m\u00e9nopause. R\u00e9hydrate.\",\"breadcrumb\":{\"@id\":\"https:\\\/\\\/vitablanca.ma\\\/produit\\\/lierac-arkeskin-la-creme-jour-menopause-recharge-50ml\\\/#breadcrumb\"},\"inLanguage\":\"ar\",\"potentialAction\":[{\"@type\":\"ReadAction\",\"target\":[\"https:\\\/\\\/vitablanca.ma\\\/produit\\\/lierac-arkeskin-la-creme-jour-menopause-recharge-50ml\\\/\"]}]},{\"@type\":\"ImageObject\",\"inLanguage\":\"ar\",\"@id\":\"https:\\\/\\\/vitablanca.ma\\\/produit\\\/lierac-arkeskin-la-creme-jour-menopause-recharge-50ml\\\/#primaryimage\",\"url\":\"https:\\\/\\\/vitablanca.ma\\\/wp-content\\\/uploads\\\/2025\\\/06\\\/Lierac-Arkeskin-La-Creme-Jour-Menopause-Recharge-50ml-novapara-maroc.jpg\",\"contentUrl\":\"https:\\\/\\\/vitablanca.ma\\\/wp-content\\\/uploads\\\/2025\\\/06\\\/Lierac-Arkeskin-La-Creme-Jour-Menopause-Recharge-50ml-novapara-maroc.jpg\",\"width\":1000,\"height\":1000},{\"@type\":\"BreadcrumbList\",\"@id\":\"https:\\\/\\\/vitablanca.ma\\\/produit\\\/lierac-arkeskin-la-creme-jour-menopause-recharge-50ml\\\/#breadcrumb\",\"itemListElement\":[{\"@type\":\"ListItem\",\"position\":1,\"name\":\"Home\",\"item\":\"https:\\\/\\\/vitablanca.ma\\\/\"},{\"@type\":\"ListItem\",\"position\":2,\"name\":\"Tous Les Produits\",\"item\":\"https:\\\/\\\/vitablanca.ma\\\/tous-les-produits\\\/\"},{\"@type\":\"ListItem\",\"position\":3,\"name\":\"Lierac Ark\u00e9skin La Cr\u00e8me Jour M\u00e9nopause Recharge 50ml\"}]},{\"@type\":\"WebSite\",\"@id\":\"https:\\\/\\\/vitablanca.ma\\\/#website\",\"url\":\"https:\\\/\\\/vitablanca.ma\\\/\",\"name\":\"VitaBlanca.ma | Compl\u00e9ments alimentaires, sant\u00e9 & beaut\u00e9 au Maroc\",\"description\":\"vendre vitamines et compl\u00e9ments premium des USA &amp; Canada, Nouvelle Z\u00e9lande,Maroc (NOW Foods, Solgar, Manuka). Livraison rapide partout au Maroc.\",\"publisher\":{\"@id\":\"https:\\\/\\\/vitablanca.ma\\\/#organization\"},\"alternateName\":\"VitaBlanca.ma\",\"potentialAction\":[{\"@type\":\"SearchAction\",\"target\":{\"@type\":\"EntryPoint\",\"urlTemplate\":\"https:\\\/\\\/vitablanca.ma\\\/?s={search_term_string}\"},\"query-input\":{\"@type\":\"PropertyValueSpecification\",\"valueRequired\":true,\"valueName\":\"search_term_string\"}}],\"inLanguage\":\"ar\"},{\"@type\":\"Organization\",\"@id\":\"https:\\\/\\\/vitablanca.ma\\\/#organization\",\"name\":\"VitaBlanca\",\"url\":\"https:\\\/\\\/vitablanca.ma\\\/\",\"logo\":{\"@type\":\"ImageObject\",\"inLanguage\":\"ar\",\"@id\":\"https:\\\/\\\/vitablanca.ma\\\/#\\\/schema\\\/logo\\\/image\\\/\",\"url\":\"https:\\\/\\\/vitablanca.ma\\\/wp-content\\\/uploads\\\/2025\\\/05\\\/cropped-vitablanca.png\",\"contentUrl\":\"https:\\\/\\\/vitablanca.ma\\\/wp-content\\\/uploads\\\/2025\\\/05\\\/cropped-vitablanca.png\",\"width\":360,\"height\":67,\"caption\":\"VitaBlanca\"},\"image\":{\"@id\":\"https:\\\/\\\/vitablanca.ma\\\/#\\\/schema\\\/logo\\\/image\\\/\"},\"sameAs\":[\"https:\\\/\\\/www.facebook.com\\\/profile.php?id=61576678196717\",\"https:\\\/\\\/www.tiktok.com\\\/@vitablanca.ma\",\"https:\\\/\\\/www.instagram.com\\\/vitablanca.ma\\\/\"]}]}<\/script>\n<!-- \/ Yoast SEO plugin. -->","yoast_head_json":{"title":"\u0643\u0631\u064a\u0645 \u0644\u064a\u0631\u0627\u0643 \u0623\u0631\u0643\u064a\u0633\u0643\u064a\u0646 \u0627\u0644\u0646\u0647\u0627\u0631\u064a \u0644\u0639\u0644\u0627\u062c \u0627\u0646\u0642\u0637\u0627\u0639 \u0627\u0644\u0637\u0645\u062b \u0665\u0660 \u0645\u0644 - \u0633\u0639\u0631 \u0627\u0644\u0645\u063a\u0631\u0628","description":"Lierac Ark\u00e9skin La Cr\u00e8me Jour M\u00e9nopause Recharge 50ml : cr\u00e8me jour anti\u2011\u00e2ge sp\u00e9cialement formul\u00e9e pour les peaux en p\u00e9riode de m\u00e9nopause. R\u00e9hydrate.","robots":{"index":"index","follow":"follow","max-snippet":"max-snippet:-1","max-image-preview":"max-image-preview:large","max-video-preview":"max-video-preview:-1"},"canonical":"https:\/\/vitablanca.ma\/ar\/product-2\/lierac-arkeskin-la-creme-jour-menopause-recharge-50ml\/","og_locale":"ar_AR","og_type":"article","og_title":"Lierac Ark\u00e9skin La Cr\u00e8me Jour M\u00e9nopause 50ml - Maroc Prix","og_description":"Lierac Ark\u00e9skin La Cr\u00e8me Jour M\u00e9nopause Recharge 50ml : cr\u00e8me jour anti\u2011\u00e2ge sp\u00e9cialement formul\u00e9e pour les peaux en p\u00e9riode de m\u00e9nopause. R\u00e9hydrate.","og_url":"https:\/\/vitablanca.ma\/ar\/product-2\/lierac-arkeskin-la-creme-jour-menopause-recharge-50ml\/","og_site_name":"Vitablanca.ma &ndash; Sant&eacute;, vitalit&eacute; et bien-&ecirc;tre pour tous les Marocains","article_publisher":"https:\/\/www.facebook.com\/profile.php?id=61576678196717","article_modified_time":"2026-03-01T19:32:45+00:00","og_image":[{"width":1000,"height":1000,"url":"https:\/\/vitablanca.ma\/wp-content\/uploads\/2025\/06\/Lierac-Arkeskin-La-Creme-Jour-Menopause-Recharge-50ml-novapara-maroc.jpg","type":"image\/jpeg"}],"twitter_card":"summary_large_image","twitter_misc":{"\u0648\u0642\u062a \u0627\u0644\u0642\u0631\u0627\u0621\u0629 \u0627\u0644\u0645\u064f\u0642\u062f\u0651\u0631":"\u062f\u0642\u064a\u0642\u062a\u0627\u0646"},"schema":{"@context":"https:\/\/schema.org","@graph":[{"@type":["WebPage","ItemPage"],"@id":"https:\/\/vitablanca.ma\/produit\/lierac-arkeskin-la-creme-jour-menopause-recharge-50ml\/","url":"https:\/\/vitablanca.ma\/produit\/lierac-arkeskin-la-creme-jour-menopause-recharge-50ml\/","name":"\u0643\u0631\u064a\u0645 \u0644\u064a\u0631\u0627\u0643 \u0623\u0631\u0643\u064a\u0633\u0643\u064a\u0646 \u0627\u0644\u0646\u0647\u0627\u0631\u064a \u0644\u0639\u0644\u0627\u062c \u0627\u0646\u0642\u0637\u0627\u0639 \u0627\u0644\u0637\u0645\u062b \u0665\u0660 \u0645\u0644 - \u0633\u0639\u0631 \u0627\u0644\u0645\u063a\u0631\u0628","isPartOf":{"@id":"https:\/\/vitablanca.ma\/#website"},"primaryImageOfPage":{"@id":"https:\/\/vitablanca.ma\/produit\/lierac-arkeskin-la-creme-jour-menopause-recharge-50ml\/#primaryimage"},"image":{"@id":"https:\/\/vitablanca.ma\/produit\/lierac-arkeskin-la-creme-jour-menopause-recharge-50ml\/#primaryimage"},"thumbnailUrl":"https:\/\/vitablanca.ma\/wp-content\/uploads\/2025\/06\/Lierac-Arkeskin-La-Creme-Jour-Menopause-Recharge-50ml-novapara-maroc.jpg","datePublished":"2025-06-10T18:34:32+00:00","dateModified":"2026-03-01T19:32:45+00:00","description":"Lierac Ark\u00e9skin La Cr\u00e8me Jour M\u00e9nopause Recharge 50ml : cr\u00e8me jour anti\u2011\u00e2ge sp\u00e9cialement formul\u00e9e pour les peaux en p\u00e9riode de m\u00e9nopause. R\u00e9hydrate.","breadcrumb":{"@id":"https:\/\/vitablanca.ma\/produit\/lierac-arkeskin-la-creme-jour-menopause-recharge-50ml\/#breadcrumb"},"inLanguage":"ar","potentialAction":[{"@type":"ReadAction","target":["https:\/\/vitablanca.ma\/produit\/lierac-arkeskin-la-creme-jour-menopause-recharge-50ml\/"]}]},{"@type":"ImageObject","inLanguage":"ar","@id":"https:\/\/vitablanca.ma\/produit\/lierac-arkeskin-la-creme-jour-menopause-recharge-50ml\/#primaryimage","url":"https:\/\/vitablanca.ma\/wp-content\/uploads\/2025\/06\/Lierac-Arkeskin-La-Creme-Jour-Menopause-Recharge-50ml-novapara-maroc.jpg","contentUrl":"https:\/\/vitablanca.ma\/wp-content\/uploads\/2025\/06\/Lierac-Arkeskin-La-Creme-Jour-Menopause-Recharge-50ml-novapara-maroc.jpg","width":1000,"height":1000},{"@type":"BreadcrumbList","@id":"https:\/\/vitablanca.ma\/produit\/lierac-arkeskin-la-creme-jour-menopause-recharge-50ml\/#breadcrumb","itemListElement":[{"@type":"ListItem","position":1,"name":"Home","item":"https:\/\/vitablanca.ma\/"},{"@type":"ListItem","position":2,"name":"Tous Les Produits","item":"https:\/\/vitablanca.ma\/tous-les-produits\/"},{"@type":"ListItem","position":3,"name":"Lierac Ark\u00e9skin La Cr\u00e8me Jour M\u00e9nopause Recharge 50ml"}]},{"@type":"WebSite","@id":"https:\/\/vitablanca.ma\/#website","url":"https:\/\/vitablanca.ma\/","name":"VitaBlanca.ma | \u0627\u0644\u0645\u0643\u0645\u0644\u0627\u062a \u0627\u0644\u063a\u0630\u0627\u0626\u064a\u0629\u060c \u0627\u0644\u0635\u062d\u0629 \u0648\u0627\u0644\u062c\u0645\u0627\u0644 \u0641\u064a \u0627\u0644\u0645\u063a\u0631\u0628","description":"\u0646\u0628\u064a\u0639 \u0641\u064a\u062a\u0627\u0645\u064a\u0646\u0627\u062a \u0648\u0645\u0643\u0645\u0644\u0627\u062a \u063a\u0630\u0627\u0626\u064a\u0629 \u0641\u0627\u062e\u0631\u0629 \u0645\u0646 \u0627\u0644\u0648\u0644\u0627\u064a\u0627\u062a \u0627\u0644\u0645\u062a\u062d\u062f\u0629 \u0627\u0644\u0623\u0645\u0631\u064a\u0643\u064a\u0629 \u0648\u0643\u0646\u062f\u0627 \u0648\u0646\u064a\u0648\u0632\u064a\u0644\u0646\u062f\u0627 \u0648\u0627\u0644\u0645\u063a\u0631\u0628 (\u0646\u0627\u0648 \u0641\u0648\u062f\u0632\u060c \u0633\u0648\u0644\u062c\u0627\u0631\u060c \u0645\u0627\u0646\u0648\u0643\u0627). \u062a\u0648\u0635\u064a\u0644 \u0633\u0631\u064a\u0639 \u0625\u0644\u0649 \u062c\u0645\u064a\u0639 \u0623\u0646\u062d\u0627\u0621 \u0627\u0644\u0645\u063a\u0631\u0628.","publisher":{"@id":"https:\/\/vitablanca.ma\/#organization"},"alternateName":"VitaBlanca.ma","potentialAction":[{"@type":"SearchAction","target":{"@type":"EntryPoint","urlTemplate":"https:\/\/vitablanca.ma\/?s={search_term_string}"},"query-input":{"@type":"PropertyValueSpecification","valueRequired":true,"valueName":"search_term_string"}}],"inLanguage":"ar"},{"@type":"Organization","@id":"https:\/\/vitablanca.ma\/#organization","name":"\u0641\u064a\u062a\u0627\u0628\u0644\u0627\u0646\u0643\u0627","url":"https:\/\/vitablanca.ma\/","logo":{"@type":"ImageObject","inLanguage":"ar","@id":"https:\/\/vitablanca.ma\/#\/schema\/logo\/image\/","url":"https:\/\/vitablanca.ma\/wp-content\/uploads\/2025\/05\/cropped-vitablanca.png","contentUrl":"https:\/\/vitablanca.ma\/wp-content\/uploads\/2025\/05\/cropped-vitablanca.png","width":360,"height":67,"caption":"VitaBlanca"},"image":{"@id":"https:\/\/vitablanca.ma\/#\/schema\/logo\/image\/"},"sameAs":["https:\/\/www.facebook.com\/profile.php?id=61576678196717","https:\/\/www.tiktok.com\/@vitablanca.ma","https:\/\/www.instagram.com\/vitablanca.ma\/"]}]}},"jetpack_sharing_enabled":true,"_links":{"self":[{"href":"https:\/\/vitablanca.ma\/ar\/wp-json\/wp\/v2\/product\/20365","targetHints":{"allow":["GET"]}}],"collection":[{"href":"https:\/\/vitablanca.ma\/ar\/wp-json\/wp\/v2\/product"}],"about":[{"href":"https:\/\/vitablanca.ma\/ar\/wp-json\/wp\/v2\/types\/product"}],"wp:featuredmedia":[{"embeddable":true,"href":"https:\/\/vitablanca.ma\/ar\/wp-json\/wp\/v2\/media\/20354"}],"wp:attachment":[{"href":"https:\/\/vitablanca.ma\/ar\/wp-json\/wp\/v2\/media?parent=20365"}],"wp:term":[{"taxonomy":"product_brand","embeddable":true,"href":"https:\/\/vitablanca.ma\/ar\/wp-json\/wp\/v2\/product_brand?post=20365"},{"taxonomy":"product_cat","embeddable":true,"href":"https:\/\/vitablanca.ma\/ar\/wp-json\/wp\/v2\/product_cat?post=20365"},{"taxonomy":"product_tag","embeddable":true,"href":"https:\/\/vitablanca.ma\/ar\/wp-json\/wp\/v2\/product_tag?post=20365"}],"curies":[{"name":"wp","href":"https:\/\/api.w.org\/{rel}","templated":true}]}}