{"id":20339,"date":"2025-06-10T18:34:00","date_gmt":"2025-06-10T18:34:00","guid":{"rendered":"https:\/\/vitablanca.ma\/product\/mussvital-dermactive-creme-mains-seches-et-sensibles-200ml\/"},"modified":"2026-03-01T19:52:40","modified_gmt":"2026-03-01T19:52:40","slug":"mussvital-dermactive-creme-mains-seches-et-sensibles-200ml","status":"publish","type":"product","link":"https:\/\/vitablanca.ma\/ar\/product-2\/mussvital-dermactive-creme-mains-seches-et-sensibles-200ml\/","title":{"rendered":"\u0643\u0631\u064a\u0645 \u0645\u0648\u0633\u0641\u064a\u062a\u0627\u0644 \u062f\u064a\u0631\u0645\u0627 \u0623\u0643\u062a\u064a\u0641 \u0644\u0644\u064a\u062f\u064a\u0646 \u0627\u0644\u062c\u0627\u0641\u0629 \u0648\u0627\u0644\u062d\u0633\u0627\u0633\u0629 200 \u0645\u0644"},"content":{"rendered":"<h2>\u0643\u0631\u064a\u0645 \u0645\u0648\u0633\u0641\u064a\u062a\u0627\u0644 \u0644\u0644\u064a\u062f\u064a\u0646 \u0627\u0644\u062c\u0627\u0641\u0629 \u0648\u0627\u0644\u062d\u0633\u0627\u0633\u0629\u00a0<span data-mce-fragment=\"1\">\u0643\u0631\u064a\u0645 \u0633\u0627\u0626\u0644.<\/span><\/h2>\n<p><span data-mce-fragment=\"1\">\u062a\u0631\u0643\u064a\u0628\u0629 \u062e\u0627\u0635\u0629 \u0644\u0644\u0639\u0646\u0627\u064a\u0629 \u0627\u0644\u064a\u0648\u0645\u064a\u0629 \u0628\u0627\u0644\u064a\u062f\u064a\u0646 \u0627\u0644\u062c\u0627\u0641\u0629 \u0648\u0627\u0644\u062d\u0633\u0627\u0633\u0629. \u062a\u0631\u0637\u064a\u0628 \u0648\u062d\u0645\u0627\u064a\u0629 \u0637\u0648\u064a\u0644\u0629 \u0627\u0644\u0623\u0645\u062f \u0644\u0644\u062d\u0627\u062c\u0632 \u0627\u0644\u0645\u0627\u0626\u064a \u0627\u0644\u062f\u0647\u0646\u064a.<br \/>\n200 \u0645\u0644.<\/span><\/p>\n<div class=\"description-1 element d-flex flex-column\">\n<h3 class=\"element-title\">\u0623\u062d\u0636\u0631<\/h3>\n<p><strong>\u0645\u0643\u0648\u0646\u0627\u062a WaterControl\u00a0<\/strong>:<\/p>\n<ul>\n<li><strong>\u0627\u0644\u062c\u0644\u0633\u0631\u064a\u0646<\/strong>\u00a0:\u0639\u0627\u0645\u0644 \u0645\u0631\u0637\u0628 \u064a\u0634\u0643\u0644 \u0637\u0628\u0642\u0629 \u0644\u0645\u0646\u0639 \u0641\u0642\u062f\u0627\u0646 \u0627\u0644\u0645\u0627\u0621.<\/li>\n<li><strong>\u0648\u062d\u062f\u0629 \u062a\u062d\u0643\u0645 AQP3\u00a0<\/strong>\u064a\u0633\u0627\u0639\u062f \u0639\u0644\u0649 \u062a\u0648\u0632\u064a\u0639 \u0627\u0644\u0645\u0627\u0621 \u0644\u0644\u062d\u0641\u0627\u0638 \u0639\u0644\u0649 \u062a\u0631\u0637\u064a\u0628 \u0627\u0644\u0628\u0634\u0631\u0629 \u0648\u0646\u0639\u0648\u0645\u062a\u0647\u0627. \u064a\u062a\u0643\u0627\u0645\u0644 \u0645\u0639 \u0627\u0644\u062c\u0644\u0633\u0631\u064a\u0646.<\/li>\n<li><strong>\u0641\u064a\u0644\u0645 \u0627\u0644\u0644\u064a\u0628\u0648\u0641\u064a\u0644\u0645 \u0627\u0644\u0633\u0627\u0628\u0642\u00a0<\/strong>:\u0627\u0644\u0633\u0643\u0631\u064a\u0627\u062a \u0627\u0644\u0645\u062a\u0639\u062f\u062f\u0629 \u0627\u0644\u0627\u0645\u062a\u0635\u0627\u0635\u064a\u0629 \u0644\u0644\u0645\u064a\u0627\u0647 \u062a\u0634\u0643\u0644 \u0637\u0628\u0642\u0629 \u0648\u0627\u0642\u064a\u0629 \u062a\u062d\u062a\u0641\u0638 \u0628\u0627\u0644\u0645\u0627\u0621.<\/li>\n<li><strong>\u0627\u0644\u0635\u0628\u0627\u0631 \u0627\u0644\u0628\u0627\u0631\u0628\u0627\u062f\u0646\u0633\u064a\u0633\u00a0<\/strong>:\u062a\u0623\u062b\u064a\u0631 \u0645\u0646\u0634\u0637 \u0648\u0645\u0636\u0627\u062f \u0644\u0644\u0627\u0644\u062a\u0647\u0627\u0628\u0627\u062a \u0648\u0645\u0631\u0637\u0628.<\/li>\n<\/ul>\n<p><strong>\u0645\u0643\u0648\u0646 \u0627\u0644\u062a\u062d\u0643\u0645 \u0641\u064a \u0627\u0644\u062f\u0647\u0648\u0646<\/strong>\u00a0:<\/p>\n<ul>\n<li><strong>\u0632\u064a\u062a \u062f\u064a\u0631\u0645\u0648\u0643\u0627\u0644\u0645 \u0641\u064a\u062a\u0648\u0643\u0648\u0645\u0628\u0644\u0643\u0633\u00a0<\/strong>:\u0645\u0632\u064a\u062c \u0645\u0646 \u0632\u064a\u0648\u062a \u0627\u0644\u0644\u0648\u064a\u0632\u0629 \u0648\u0627\u0644\u0644\u064a\u0645\u0648\u0646 \u0648\u0627\u0644\u0628\u0627\u0628\u0648\u0646\u062c \u0627\u0644\u0630\u064a \u064a\u0648\u0641\u0631 \u062a\u0623\u062b\u064a\u0631\u064b\u0627 \u0645\u0647\u062f\u0626\u064b\u0627 \u0648\u0645\u0636\u0627\u062f\u064b\u0627 \u0644\u0644\u0627\u0644\u062a\u0647\u0627\u0628\u0627\u062a \u0648\u0634\u0641\u0627\u0626\u064a\u064b\u0627 \u0648\u0645\u0631\u064a\u062d\u064b\u0627\u060c \u0648\u064a\u062d\u0633\u0646 \u062a\u0645\u0627\u0633\u0643 \u0627\u0644\u062e\u0644\u0627\u064a\u0627 \u0627\u0644\u0642\u0631\u0646\u064a\u0629.<\/li>\n<\/ul>\n<p><strong>\u0645\u0643\u0648\u0646 \u0627\u0644\u062a\u062d\u0643\u0645 \u0641\u064a \u0627\u0644\u062a\u0647\u064a\u062c\u00a0<\/strong>:<\/p>\n<ul>\n<li><strong>\u0632\u064a\u062a \u062f\u064a\u0631\u0645\u0648\u0643\u0627\u0644\u0645 \u0641\u064a\u062a\u0648\u0643\u0648\u0645\u0628\u0644\u0643\u0633 \u0645\u0639 \u0627\u0644\u0623\u0644\u0627\u0646\u062a\u0648\u064a\u0646 \u0648\u0627\u0644\u0635\u0628\u0627\u0631\u00a0<\/strong>:\u0645\u0646\u0639\u0645\u0627\u062a \u0648\u0645\u0636\u0627\u062f\u0627\u062a \u0627\u0644\u062a\u0647\u064a\u062c.<\/li>\n<\/ul>\n<\/div>\n<div class=\"description-2 element d-flex flex-column\">\n<h3 class=\"element-title\">\u0637\u0644\u0628<\/h3>\n<p>\u0636\u0639\u064a \u0643\u0645\u064a\u0629 \u0635\u063a\u064a\u0631\u0629 \u0639\u0644\u0649 \u0627\u0644\u062c\u0644\u062f \u0648\u062f\u0644\u0643\u064a \u062d\u062a\u0649 \u064a\u062a\u0645 \u0627\u0645\u062a\u0635\u0627\u0635\u0647 \u0628\u0627\u0644\u0643\u0627\u0645\u0644.<\/p>\n<\/div>\n<div class=\"description-3 element d-flex flex-column\">\n<h3 class=\"element-title\">\u0645\u0643\u0648\u0646\u0627\u062a<\/h3>\n<p>\u0645\u0627\u0621\u060c \u0643\u062d\u0648\u0644 \u0633\u064a\u062a\u064a\u0631\u064a\u0644\u060c \u0643\u0648\u0643\u0648 \u0643\u0627\u0628\u0631\u064a\u0644\u0627\u062a\/\u0643\u0627\u0628\u0631\u0627\u062a\u060c \u062b\u0644\u0627\u062b\u064a \u062c\u0644\u064a\u0633\u0631\u064a\u062f C10-18\u060c \u0628\u0631\u0648\u0628\u0627\u0646\u062f\u064a\u0648\u0644\u060c \u062c\u0644\u0633\u0631\u064a\u0646\u060c \u0625\u064a\u0632\u0648\u0633\u0648\u0631\u0628\u064a\u062f \u0643\u0627\u0628\u0631\u064a\u0644\u0627\u062a\u060c \u0641\u064a\u0646\u0648\u0643\u0633\u064a \u0625\u064a\u062b\u0627\u0646\u0648\u0644\u060c \u062d\u0645\u0636 \u0627\u0644\u0628\u0627\u0644\u0645\u062a\u064a\u0643\u060c \u062d\u0645\u0636 \u062f\u0647\u0646\u064a\u060c \u0639\u0635\u064a\u0631 \u0623\u0648\u0631\u0627\u0642 \u0627\u0644\u0635\u0628\u0627\u0631\u060c \u0639\u0637\u0631\u060c \u0643\u0627\u0628\u0631\u064a\u0644\u064a\u0644 \u062c\u0644\u064a\u0643\u0648\u0644\u060c \u0643\u0628\u0631\u064a\u062a\u0627\u062a \u0644\u0648\u0631\u064a\u0644 \u0627\u0644\u0635\u0648\u062f\u064a\u0648\u0645\u060c \u0643\u0628\u0631\u064a\u062a\u0627\u062a \u0633\u064a\u062a\u064a\u0631\u064a\u0644 \u0627\u0644\u0635\u0648\u062f\u064a\u0648\u0645\u060c \u0625\u064a\u062b\u064a\u0644 \u0647\u0643\u0633\u064a\u0644 \u062c\u0644\u0633\u0631\u064a\u0646\u060c \u0623\u0644\u0627\u0646\u062a\u0648\u064a\u0646\u060c \u0623\u0633\u064a\u062a\u0627\u062a \u062a\u0648\u0643\u0648\u0641\u064a\u0631\u064a\u0644\u060c \u062b\u0646\u0627\u0626\u064a \u0635\u0648\u062f\u064a\u0648\u0645 EDTA\u060c \u0632\u064a\u062a \u0623\u0648\u0644\u0648\u0633\u060c<\/p>\n<\/div>","protected":false},"excerpt":{"rendered":"<p>Mussvital Cr\u00e8me Mains S\u00e8ches Et Sensibles\u00a0Fluid Cream. Formule sp\u00e9cifique pour le soin quotidien des mains s\u00e8ches et sensibles. Hydratation et protection durable de la barri\u00e8re hydrolipidique. 200ml. Apporte WaterControl ingredients\u00a0: Glyc\u00e9rine\u00a0: Agent hydratant formant un film pour emp\u00eacher la perte d\u2019eau. AQP3 Controller\u00a0: Aide \u00e0 la distribution de l\u2019eau pour garder la peau hydrat\u00e9e et [&hellip;]<\/p>\n","protected":false},"featured_media":20335,"template":"","meta":{"om_disable_all_campaigns":false},"product_brand":[],"product_cat":[15],"product_tag":[11093,11092,8179,9348,8180,11091,11073,10338,11094,7547],"class_list":{"0":"post-20339","1":"product","2":"type-product","3":"status-publish","4":"has-post-thumbnail","6":"product_cat-beaute-sante-complements-alimentaires-soins-et-bien-etre-au-meilleur-prix","7":"product_tag-cosmetique-mains","8":"product_tag-creme-mains-seches","9":"product_tag-creme-nourrissante-mains","10":"product_tag-creme-reparatrice-mains","11":"product_tag-hydratation-mains","12":"product_tag-mussvital-creme-mains","13":"product_tag-mussvital-dermactive","14":"product_tag-protection-mains-quotidiennes","15":"product_tag-soin-anti-gercures","16":"product_tag-soin-mains-sensibles","18":"first","19":"instock","20":"sale","21":"taxable","22":"shipping-taxable","23":"purchasable","24":"product-type-simple"},"yoast_head":"<!-- This site is optimized with the Yoast SEO plugin v27.4 - https:\/\/yoast.com\/product\/yoast-seo-wordpress\/ -->\n<title>Mussvital Dermactive Cr\u00e8me Mains S\u00e8ches 200ml - Maroc Prix<\/title>\n<meta name=\"description\" content=\"Mussvital Dermactive Cr\u00e8me Mains S\u00e8ches 200\u202fml nourrit et prot\u00e8ge intens\u00e9ment les mains s\u00e8ches et sensibles. Formule riche et apaisante,\" \/>\n<meta name=\"robots\" content=\"index, follow, max-snippet:-1, max-image-preview:large, max-video-preview:-1\" \/>\n<link rel=\"canonical\" href=\"https:\/\/vitablanca.ma\/ar\/product-2\/mussvital-dermactive-creme-mains-seches-et-sensibles-200ml\/\" \/>\n<meta property=\"og:locale\" content=\"ar_AR\" \/>\n<meta property=\"og:type\" content=\"article\" \/>\n<meta property=\"og:title\" content=\"Mussvital Dermactive Cr\u00e8me Mains S\u00e8ches 200ml - Maroc Prix\" \/>\n<meta property=\"og:description\" content=\"Mussvital Dermactive Cr\u00e8me Mains S\u00e8ches 200\u202fml nourrit et prot\u00e8ge intens\u00e9ment les mains s\u00e8ches et sensibles. Formule riche et apaisante,\" \/>\n<meta property=\"og:url\" content=\"https:\/\/vitablanca.ma\/ar\/product-2\/mussvital-dermactive-creme-mains-seches-et-sensibles-200ml\/\" \/>\n<meta property=\"og:site_name\" content=\"Vitablanca.ma &ndash; Sant&eacute;, vitalit&eacute; et bien-&ecirc;tre pour tous les Marocains\" \/>\n<meta property=\"article:publisher\" content=\"https:\/\/www.facebook.com\/profile.php?id=61576678196717\" \/>\n<meta property=\"article:modified_time\" content=\"2026-03-01T19:52:40+00:00\" \/>\n<meta property=\"og:image\" content=\"https:\/\/vitablanca.ma\/wp-content\/uploads\/2025\/06\/Mussvital-Creme-Mains-Seches-Et-Sensibles-200ml-nova-parapharmacie-casablanca.jpg\" \/>\n\t<meta property=\"og:image:width\" content=\"1000\" \/>\n\t<meta property=\"og:image:height\" content=\"1000\" \/>\n\t<meta property=\"og:image:type\" content=\"image\/jpeg\" \/>\n<meta name=\"twitter:card\" content=\"summary_large_image\" \/>\n<meta name=\"twitter:label1\" content=\"\u0648\u0642\u062a \u0627\u0644\u0642\u0631\u0627\u0621\u0629 \u0627\u0644\u0645\u064f\u0642\u062f\u0651\u0631\" \/>\n\t<meta name=\"twitter:data1\" content=\"\u062f\u0642\u064a\u0642\u062a\u0627\u0646\" \/>\n<script type=\"application\/ld+json\" class=\"yoast-schema-graph\">{\"@context\":\"https:\\\/\\\/schema.org\",\"@graph\":[{\"@type\":[\"WebPage\",\"ItemPage\"],\"@id\":\"https:\\\/\\\/vitablanca.ma\\\/produit\\\/mussvital-dermactive-creme-mains-seches-et-sensibles-200ml\\\/\",\"url\":\"https:\\\/\\\/vitablanca.ma\\\/produit\\\/mussvital-dermactive-creme-mains-seches-et-sensibles-200ml\\\/\",\"name\":\"Mussvital Dermactive Cr\u00e8me Mains S\u00e8ches 200ml - Maroc Prix\",\"isPartOf\":{\"@id\":\"https:\\\/\\\/vitablanca.ma\\\/#website\"},\"primaryImageOfPage\":{\"@id\":\"https:\\\/\\\/vitablanca.ma\\\/produit\\\/mussvital-dermactive-creme-mains-seches-et-sensibles-200ml\\\/#primaryimage\"},\"image\":{\"@id\":\"https:\\\/\\\/vitablanca.ma\\\/produit\\\/mussvital-dermactive-creme-mains-seches-et-sensibles-200ml\\\/#primaryimage\"},\"thumbnailUrl\":\"https:\\\/\\\/vitablanca.ma\\\/wp-content\\\/uploads\\\/2025\\\/06\\\/Mussvital-Creme-Mains-Seches-Et-Sensibles-200ml-nova-parapharmacie-casablanca.jpg\",\"datePublished\":\"2025-06-10T18:34:00+00:00\",\"dateModified\":\"2026-03-01T19:52:40+00:00\",\"description\":\"Mussvital Dermactive Cr\u00e8me Mains S\u00e8ches 200\u202fml nourrit et prot\u00e8ge intens\u00e9ment les mains s\u00e8ches et sensibles. Formule riche et apaisante,\",\"breadcrumb\":{\"@id\":\"https:\\\/\\\/vitablanca.ma\\\/produit\\\/mussvital-dermactive-creme-mains-seches-et-sensibles-200ml\\\/#breadcrumb\"},\"inLanguage\":\"ar\",\"potentialAction\":[{\"@type\":\"ReadAction\",\"target\":[\"https:\\\/\\\/vitablanca.ma\\\/produit\\\/mussvital-dermactive-creme-mains-seches-et-sensibles-200ml\\\/\"]}]},{\"@type\":\"ImageObject\",\"inLanguage\":\"ar\",\"@id\":\"https:\\\/\\\/vitablanca.ma\\\/produit\\\/mussvital-dermactive-creme-mains-seches-et-sensibles-200ml\\\/#primaryimage\",\"url\":\"https:\\\/\\\/vitablanca.ma\\\/wp-content\\\/uploads\\\/2025\\\/06\\\/Mussvital-Creme-Mains-Seches-Et-Sensibles-200ml-nova-parapharmacie-casablanca.jpg\",\"contentUrl\":\"https:\\\/\\\/vitablanca.ma\\\/wp-content\\\/uploads\\\/2025\\\/06\\\/Mussvital-Creme-Mains-Seches-Et-Sensibles-200ml-nova-parapharmacie-casablanca.jpg\",\"width\":1000,\"height\":1000},{\"@type\":\"BreadcrumbList\",\"@id\":\"https:\\\/\\\/vitablanca.ma\\\/produit\\\/mussvital-dermactive-creme-mains-seches-et-sensibles-200ml\\\/#breadcrumb\",\"itemListElement\":[{\"@type\":\"ListItem\",\"position\":1,\"name\":\"Home\",\"item\":\"https:\\\/\\\/vitablanca.ma\\\/\"},{\"@type\":\"ListItem\",\"position\":2,\"name\":\"Tous Les Produits\",\"item\":\"https:\\\/\\\/vitablanca.ma\\\/tous-les-produits\\\/\"},{\"@type\":\"ListItem\",\"position\":3,\"name\":\"Mussvital Dermactive Cr\u00e8me Mains S\u00e8ches Et Sensibles 200ml\"}]},{\"@type\":\"WebSite\",\"@id\":\"https:\\\/\\\/vitablanca.ma\\\/#website\",\"url\":\"https:\\\/\\\/vitablanca.ma\\\/\",\"name\":\"VitaBlanca.ma | Compl\u00e9ments alimentaires, sant\u00e9 & beaut\u00e9 au Maroc\",\"description\":\"vendre vitamines et compl\u00e9ments premium des USA &amp; Canada, Nouvelle Z\u00e9lande,Maroc (NOW Foods, Solgar, Manuka). Livraison rapide partout au Maroc.\",\"publisher\":{\"@id\":\"https:\\\/\\\/vitablanca.ma\\\/#organization\"},\"alternateName\":\"VitaBlanca.ma\",\"potentialAction\":[{\"@type\":\"SearchAction\",\"target\":{\"@type\":\"EntryPoint\",\"urlTemplate\":\"https:\\\/\\\/vitablanca.ma\\\/?s={search_term_string}\"},\"query-input\":{\"@type\":\"PropertyValueSpecification\",\"valueRequired\":true,\"valueName\":\"search_term_string\"}}],\"inLanguage\":\"ar\"},{\"@type\":\"Organization\",\"@id\":\"https:\\\/\\\/vitablanca.ma\\\/#organization\",\"name\":\"VitaBlanca\",\"url\":\"https:\\\/\\\/vitablanca.ma\\\/\",\"logo\":{\"@type\":\"ImageObject\",\"inLanguage\":\"ar\",\"@id\":\"https:\\\/\\\/vitablanca.ma\\\/#\\\/schema\\\/logo\\\/image\\\/\",\"url\":\"https:\\\/\\\/vitablanca.ma\\\/wp-content\\\/uploads\\\/2025\\\/05\\\/cropped-vitablanca.png\",\"contentUrl\":\"https:\\\/\\\/vitablanca.ma\\\/wp-content\\\/uploads\\\/2025\\\/05\\\/cropped-vitablanca.png\",\"width\":360,\"height\":67,\"caption\":\"VitaBlanca\"},\"image\":{\"@id\":\"https:\\\/\\\/vitablanca.ma\\\/#\\\/schema\\\/logo\\\/image\\\/\"},\"sameAs\":[\"https:\\\/\\\/www.facebook.com\\\/profile.php?id=61576678196717\",\"https:\\\/\\\/www.tiktok.com\\\/@vitablanca.ma\",\"https:\\\/\\\/www.instagram.com\\\/vitablanca.ma\\\/\"]}]}<\/script>\n<!-- \/ Yoast SEO plugin. -->","yoast_head_json":{"title":"Mussvital Dermactive Cr\u00e8me Mains S\u00e8ches 200ml - Maroc Prix","description":"Mussvital Dermactive Cr\u00e8me Mains S\u00e8ches 200\u202fml nourrit et prot\u00e8ge intens\u00e9ment les mains s\u00e8ches et sensibles. Formule riche et apaisante,","robots":{"index":"index","follow":"follow","max-snippet":"max-snippet:-1","max-image-preview":"max-image-preview:large","max-video-preview":"max-video-preview:-1"},"canonical":"https:\/\/vitablanca.ma\/ar\/product-2\/mussvital-dermactive-creme-mains-seches-et-sensibles-200ml\/","og_locale":"ar_AR","og_type":"article","og_title":"Mussvital Dermactive Cr\u00e8me Mains S\u00e8ches 200ml - Maroc Prix","og_description":"Mussvital Dermactive Cr\u00e8me Mains S\u00e8ches 200\u202fml nourrit et prot\u00e8ge intens\u00e9ment les mains s\u00e8ches et sensibles. Formule riche et apaisante,","og_url":"https:\/\/vitablanca.ma\/ar\/product-2\/mussvital-dermactive-creme-mains-seches-et-sensibles-200ml\/","og_site_name":"Vitablanca.ma &ndash; Sant&eacute;, vitalit&eacute; et bien-&ecirc;tre pour tous les Marocains","article_publisher":"https:\/\/www.facebook.com\/profile.php?id=61576678196717","article_modified_time":"2026-03-01T19:52:40+00:00","og_image":[{"width":1000,"height":1000,"url":"https:\/\/vitablanca.ma\/wp-content\/uploads\/2025\/06\/Mussvital-Creme-Mains-Seches-Et-Sensibles-200ml-nova-parapharmacie-casablanca.jpg","type":"image\/jpeg"}],"twitter_card":"summary_large_image","twitter_misc":{"\u0648\u0642\u062a \u0627\u0644\u0642\u0631\u0627\u0621\u0629 \u0627\u0644\u0645\u064f\u0642\u062f\u0651\u0631":"\u062f\u0642\u064a\u0642\u062a\u0627\u0646"},"schema":{"@context":"https:\/\/schema.org","@graph":[{"@type":["WebPage","ItemPage"],"@id":"https:\/\/vitablanca.ma\/produit\/mussvital-dermactive-creme-mains-seches-et-sensibles-200ml\/","url":"https:\/\/vitablanca.ma\/produit\/mussvital-dermactive-creme-mains-seches-et-sensibles-200ml\/","name":"Mussvital Dermactive Cr\u00e8me Mains S\u00e8ches 200ml - Maroc Prix","isPartOf":{"@id":"https:\/\/vitablanca.ma\/#website"},"primaryImageOfPage":{"@id":"https:\/\/vitablanca.ma\/produit\/mussvital-dermactive-creme-mains-seches-et-sensibles-200ml\/#primaryimage"},"image":{"@id":"https:\/\/vitablanca.ma\/produit\/mussvital-dermactive-creme-mains-seches-et-sensibles-200ml\/#primaryimage"},"thumbnailUrl":"https:\/\/vitablanca.ma\/wp-content\/uploads\/2025\/06\/Mussvital-Creme-Mains-Seches-Et-Sensibles-200ml-nova-parapharmacie-casablanca.jpg","datePublished":"2025-06-10T18:34:00+00:00","dateModified":"2026-03-01T19:52:40+00:00","description":"Mussvital Dermactive Cr\u00e8me Mains S\u00e8ches 200\u202fml nourrit et prot\u00e8ge intens\u00e9ment les mains s\u00e8ches et sensibles. Formule riche et apaisante,","breadcrumb":{"@id":"https:\/\/vitablanca.ma\/produit\/mussvital-dermactive-creme-mains-seches-et-sensibles-200ml\/#breadcrumb"},"inLanguage":"ar","potentialAction":[{"@type":"ReadAction","target":["https:\/\/vitablanca.ma\/produit\/mussvital-dermactive-creme-mains-seches-et-sensibles-200ml\/"]}]},{"@type":"ImageObject","inLanguage":"ar","@id":"https:\/\/vitablanca.ma\/produit\/mussvital-dermactive-creme-mains-seches-et-sensibles-200ml\/#primaryimage","url":"https:\/\/vitablanca.ma\/wp-content\/uploads\/2025\/06\/Mussvital-Creme-Mains-Seches-Et-Sensibles-200ml-nova-parapharmacie-casablanca.jpg","contentUrl":"https:\/\/vitablanca.ma\/wp-content\/uploads\/2025\/06\/Mussvital-Creme-Mains-Seches-Et-Sensibles-200ml-nova-parapharmacie-casablanca.jpg","width":1000,"height":1000},{"@type":"BreadcrumbList","@id":"https:\/\/vitablanca.ma\/produit\/mussvital-dermactive-creme-mains-seches-et-sensibles-200ml\/#breadcrumb","itemListElement":[{"@type":"ListItem","position":1,"name":"Home","item":"https:\/\/vitablanca.ma\/"},{"@type":"ListItem","position":2,"name":"Tous Les Produits","item":"https:\/\/vitablanca.ma\/tous-les-produits\/"},{"@type":"ListItem","position":3,"name":"Mussvital Dermactive Cr\u00e8me Mains S\u00e8ches Et Sensibles 200ml"}]},{"@type":"WebSite","@id":"https:\/\/vitablanca.ma\/#website","url":"https:\/\/vitablanca.ma\/","name":"VitaBlanca.ma | \u0627\u0644\u0645\u0643\u0645\u0644\u0627\u062a \u0627\u0644\u063a\u0630\u0627\u0626\u064a\u0629\u060c \u0627\u0644\u0635\u062d\u0629 \u0648\u0627\u0644\u062c\u0645\u0627\u0644 \u0641\u064a \u0627\u0644\u0645\u063a\u0631\u0628","description":"\u0646\u0628\u064a\u0639 \u0641\u064a\u062a\u0627\u0645\u064a\u0646\u0627\u062a \u0648\u0645\u0643\u0645\u0644\u0627\u062a \u063a\u0630\u0627\u0626\u064a\u0629 \u0641\u0627\u062e\u0631\u0629 \u0645\u0646 \u0627\u0644\u0648\u0644\u0627\u064a\u0627\u062a \u0627\u0644\u0645\u062a\u062d\u062f\u0629 \u0627\u0644\u0623\u0645\u0631\u064a\u0643\u064a\u0629 \u0648\u0643\u0646\u062f\u0627 \u0648\u0646\u064a\u0648\u0632\u064a\u0644\u0646\u062f\u0627 \u0648\u0627\u0644\u0645\u063a\u0631\u0628 (\u0646\u0627\u0648 \u0641\u0648\u062f\u0632\u060c \u0633\u0648\u0644\u062c\u0627\u0631\u060c \u0645\u0627\u0646\u0648\u0643\u0627). \u062a\u0648\u0635\u064a\u0644 \u0633\u0631\u064a\u0639 \u0625\u0644\u0649 \u062c\u0645\u064a\u0639 \u0623\u0646\u062d\u0627\u0621 \u0627\u0644\u0645\u063a\u0631\u0628.","publisher":{"@id":"https:\/\/vitablanca.ma\/#organization"},"alternateName":"VitaBlanca.ma","potentialAction":[{"@type":"SearchAction","target":{"@type":"EntryPoint","urlTemplate":"https:\/\/vitablanca.ma\/?s={search_term_string}"},"query-input":{"@type":"PropertyValueSpecification","valueRequired":true,"valueName":"search_term_string"}}],"inLanguage":"ar"},{"@type":"Organization","@id":"https:\/\/vitablanca.ma\/#organization","name":"\u0641\u064a\u062a\u0627\u0628\u0644\u0627\u0646\u0643\u0627","url":"https:\/\/vitablanca.ma\/","logo":{"@type":"ImageObject","inLanguage":"ar","@id":"https:\/\/vitablanca.ma\/#\/schema\/logo\/image\/","url":"https:\/\/vitablanca.ma\/wp-content\/uploads\/2025\/05\/cropped-vitablanca.png","contentUrl":"https:\/\/vitablanca.ma\/wp-content\/uploads\/2025\/05\/cropped-vitablanca.png","width":360,"height":67,"caption":"VitaBlanca"},"image":{"@id":"https:\/\/vitablanca.ma\/#\/schema\/logo\/image\/"},"sameAs":["https:\/\/www.facebook.com\/profile.php?id=61576678196717","https:\/\/www.tiktok.com\/@vitablanca.ma","https:\/\/www.instagram.com\/vitablanca.ma\/"]}]}},"jetpack_sharing_enabled":true,"_links":{"self":[{"href":"https:\/\/vitablanca.ma\/ar\/wp-json\/wp\/v2\/product\/20339","targetHints":{"allow":["GET"]}}],"collection":[{"href":"https:\/\/vitablanca.ma\/ar\/wp-json\/wp\/v2\/product"}],"about":[{"href":"https:\/\/vitablanca.ma\/ar\/wp-json\/wp\/v2\/types\/product"}],"wp:featuredmedia":[{"embeddable":true,"href":"https:\/\/vitablanca.ma\/ar\/wp-json\/wp\/v2\/media\/20335"}],"wp:attachment":[{"href":"https:\/\/vitablanca.ma\/ar\/wp-json\/wp\/v2\/media?parent=20339"}],"wp:term":[{"taxonomy":"product_brand","embeddable":true,"href":"https:\/\/vitablanca.ma\/ar\/wp-json\/wp\/v2\/product_brand?post=20339"},{"taxonomy":"product_cat","embeddable":true,"href":"https:\/\/vitablanca.ma\/ar\/wp-json\/wp\/v2\/product_cat?post=20339"},{"taxonomy":"product_tag","embeddable":true,"href":"https:\/\/vitablanca.ma\/ar\/wp-json\/wp\/v2\/product_tag?post=20339"}],"curies":[{"name":"wp","href":"https:\/\/api.w.org\/{rel}","templated":true}]}}