{"id":20337,"date":"2025-06-10T18:33:59","date_gmt":"2025-06-10T18:33:59","guid":{"rendered":"https:\/\/vitablanca.ma\/product\/meridol-dentifrice-protection-gencives-75ml\/"},"modified":"2026-03-01T19:55:32","modified_gmt":"2026-03-01T19:55:32","slug":"meridol-dentifrice-protection-gencives-75ml","status":"publish","type":"product","link":"https:\/\/vitablanca.ma\/ar\/product-2\/meridol-dentifrice-protection-gencives-75ml\/","title":{"rendered":"\u0645\u0639\u062c\u0648\u0646 \u0623\u0633\u0646\u0627\u0646 \u0645\u064a\u0631\u064a\u062f\u0648\u0644 \u0644\u062d\u0645\u0627\u064a\u0629 \u0627\u0644\u0644\u062b\u0629 75 \u0645\u0644"},"content":{"rendered":"<h2 data-mce-fragment=\"1\">\u0645\u0639\u062c\u0648\u0646 \u0623\u0633\u0646\u0627\u0646 \u0645\u064a\u0631\u064a\u062f\u0648\u0644 \u0644\u062d\u0645\u0627\u064a\u0629 \u0627\u0644\u0644\u062b\u0629\u00a0<span data-mce-fragment=\"1\">\u0633\u0628\u0628 \u062a\u0647\u064a\u062c \u0627\u0644\u0644\u062b\u0629\u060c \u0648\u0644\u064a\u0633 \u0627\u0644\u0623\u0639\u0631\u0627\u0636 \u0641\u0642\u0637<\/span><\/h2>\n<p data-mce-fragment=\"1\">\u0645\u0639\u062c\u0648\u0646 \u0623\u0633\u0646\u0627\u0646 \u0645\u064a\u0631\u064a\u062f\u0648\u0644\u00ae \u0644\u062d\u0645\u0627\u064a\u0629 \u0627\u0644\u0644\u062b\u0629 \u0648\u062a\u0628\u064a\u064a\u0636\u0647\u0627\u060c \u064a\u064f\u062d\u0627\u0631\u0628 \u062a\u0647\u064a\u062c \u0627\u0644\u0644\u062b\u0629\u060c \u0648\u0644\u064a\u0633 \u0623\u0639\u0631\u0627\u0636\u0647 \u0641\u0642\u0637\u060c \u0644\u064a\u0645\u0646\u062d\u0643 \u0623\u0633\u0646\u0627\u0646\u064b\u0627 \u0648\u0644\u062b\u0629 \u0635\u062d\u064a\u0629 \u064a\u0648\u0645\u064a\u064b\u0627. \u062a\u0631\u0643\u064a\u0628\u062a\u0647 \u0627\u0644\u0645\u064f\u0647\u062f\u0626\u0629 \u062a\u0639\u0645\u0644 \u0628\u0641\u0639\u0627\u0644\u064a\u0629 \u0648\u0644\u0637\u0641\u060c \u0643\u0627\u0644\u0628\u0644\u0633\u0645\u060c \u0645\u0639 \u0627\u0644\u062d\u0641\u0627\u0638 \u0639\u0644\u0649 \u0646\u0638\u0627\u0641\u0629 \u0627\u0644\u0623\u0633\u0646\u0627\u0646 \u0648\u0627\u0644\u0644\u062b\u0629 \u0648\u0635\u062d\u062a\u0647\u0627. \u064a\u064f\u0632\u064a\u0644 \u062a\u0635\u0628\u063a\u0627\u062a \u0627\u0644\u0623\u0633\u0646\u0627\u0646 \u0648\u064a\u064f\u0639\u064a\u062f \u0628\u064a\u0627\u0636\u0647\u0627 \u0627\u0644\u0637\u0628\u064a\u0639\u064a.<\/p>\n<h3 data-mce-fragment=\"1\"><span class=\"accordion-title-text\">\u0627\u0644\u0641\u0648\u0627\u0626\u062f \u0627\u0644\u0631\u0626\u064a\u0633\u064a\u0629<\/span><\/h3>\n<div>\u064a\u0633\u0627\u0639\u062f \u0639\u0644\u0649 \u0645\u0646\u0639:<\/div>\n<ul>\n<li>\u062a\u0647\u064a\u062c \u0627\u0644\u0644\u062b\u0629<\/li>\n<li>\u0646\u0632\u064a\u0641 \u0627\u0644\u0644\u062b\u0629 \u0645\u0646 \u062d\u064a\u0646 \u0644\u0622\u062e\u0631<\/li>\n<li>\u062a\u0643\u0648\u064a\u0646 \u0637\u0628\u0642\u0629 \u0627\u0644\u0628\u0644\u0627\u0643 \u0639\u0644\u0649 \u0627\u0644\u0623\u0633\u0646\u0627\u0646<\/li>\n<li>\u062a\u062c\u0627\u0648\u064a\u0641<\/li>\n<li>\u0628\u0642\u0639 \u0627\u0644\u0623\u0633\u0646\u0627\u0646<\/li>\n<\/ul>\n<p>\u0641\u0631\u064a\u062f \u0645\u0646 \u0646\u0648\u0639\u0647: \u064a\u0648\u0641\u0631 \u0627\u0644\u0645\u0632\u064a\u062c \u0627\u0644\u0641\u0639\u0627\u0644 \u0645\u0646 \u0627\u0644\u0645\u0643\u0648\u0646\u0627\u062a \u0627\u0644\u0646\u0634\u0637\u0629 \u0627\u0644\u0623\u0645\u064a\u0646\u064a\u0629 \u0648\u0641\u0644\u0648\u0631\u064a\u062f\u0627\u062a \u0627\u0644\u0642\u0635\u062f\u064a\u0631 \u0641\u0639\u0627\u0644\u064a\u0629 \u0645\u0636\u0627\u062f\u0629 \u0644\u0644\u0628\u0643\u062a\u064a\u0631\u064a\u0627 \u0641\u0648\u0631\u064a\u0629 \u0648\u0637\u0648\u064a\u0644\u0629 \u0627\u0644\u0623\u0645\u062f<\/p>\n<h3>\u0645\u062c\u0644\u0633 \u0645\u064a\u0631\u064a\u062f\u0648\u0644<\/h3>\n<p>\u0644\u062a\u0646\u0638\u064a\u0641 \u0627\u0644\u0623\u0633\u0646\u0627\u0646 \u0628\u0639\u0645\u0642\u060c \u062d\u062a\u0649 \u0628\u064a\u0646 \u0627\u0644\u0623\u0633\u0646\u0627\u0646\u060c \u0627\u0633\u062a\u062e\u062f\u0645 \u062e\u064a\u0637 \u0627\u0644\u0623\u0633\u0646\u0627\u0646 \u0627\u0644\u0645\u0648\u0633\u0639 \u0645\u0646 \u0645\u064a\u0631\u064a\u062f\u0648\u0644<span class=\"selectionStyle-sup\">\u00ae<\/span>\u00a0\u0642\u0628\u0644 \u062a\u0646\u0638\u064a\u0641 \u0627\u0644\u0623\u0633\u0646\u0627\u0646 \u0628\u0627\u0644\u0641\u0631\u0634\u0627\u0629.<br \/>\n\u0645\u0646 \u0627\u0644\u0645\u0633\u062a\u062d\u0633\u0646 \u062a\u0646\u0638\u064a\u0641 \u0623\u0633\u0646\u0627\u0646\u0643 \u0628\u0627\u0644\u0641\u0631\u0634\u0627\u0629 \u0628\u0639\u062f \u0643\u0644 \u0648\u062c\u0628\u0629 \u0648\u0632\u064a\u0627\u0631\u0629 \u0637\u0628\u064a\u0628 \u0627\u0644\u0623\u0633\u0646\u0627\u0646 \u0628\u0627\u0646\u062a\u0638\u0627\u0645.<\/p>","protected":false},"excerpt":{"rendered":"<p>Meridol Dentifrice Protection Gencives\u00a0cause de l\u2019irritation des gencives, et non seulement les sympt\u00f4mes Le dentifrice meridol\u00ae PROTECTION GENCIVES &amp; BLANCHEUR combat la cause de l\u2019irritation des gencives, et non seulement les sympt\u00f4mes, pour des dents et des gencives saines au quotidien. Sa formule apaisante agit efficacement et en douceur, comme un baume, tout en gardant [&hellip;]<\/p>\n","protected":false},"featured_media":20333,"template":"","meta":{"om_disable_all_campaigns":false},"product_brand":[],"product_cat":[15],"product_tag":[7720,9118,6503,6254,11083,11060,7737,6257,7908,6564],"class_list":{"0":"post-20337","1":"product","2":"type-product","3":"status-publish","4":"has-post-thumbnail","6":"product_cat-beaute-sante-complements-alimentaires-soins-et-bien-etre-au-meilleur-prix","7":"product_tag-brossage-quotidien","8":"product_tag-dentifrice-adulte","9":"product_tag-dentifrice-gencives-sensibles","10":"product_tag-hygiene-bucco-dentaire","11":"product_tag-meridol-dentifrice","12":"product_tag-meridol-oral-care","13":"product_tag-prevention-plaque-dentaire","14":"product_tag-protection-gencives","15":"product_tag-sante-buccale","16":"product_tag-soin-dents-et-gencives","18":"first","19":"instock","20":"sale","21":"taxable","22":"shipping-taxable","23":"purchasable","24":"product-type-simple"},"yoast_head":"<!-- This site is optimized with the Yoast SEO plugin v27.4 - https:\/\/yoast.com\/product\/yoast-seo-wordpress\/ -->\n<title>Meridol Dentifrice Protection Gencives 75ml - Maroc Prix<\/title>\n<meta name=\"description\" content=\"Meridol Dentifrice Protection Gencives 75\u202fml nettoie efficacement tout en prot\u00e9geant les gencives sensibles. Aide \u00e0 pr\u00e9venir la plaque et les irritations.\" \/>\n<meta name=\"robots\" content=\"index, follow, max-snippet:-1, max-image-preview:large, max-video-preview:-1\" \/>\n<link rel=\"canonical\" href=\"https:\/\/vitablanca.ma\/ar\/product-2\/meridol-dentifrice-protection-gencives-75ml\/\" \/>\n<meta property=\"og:locale\" content=\"ar_AR\" \/>\n<meta property=\"og:type\" content=\"article\" \/>\n<meta property=\"og:title\" content=\"Meridol Dentifrice Protection Gencives 75ml - Maroc Prix\" \/>\n<meta property=\"og:description\" content=\"Meridol Dentifrice Protection Gencives 75\u202fml nettoie efficacement tout en prot\u00e9geant les gencives sensibles. Aide \u00e0 pr\u00e9venir la plaque et les irritations.\" \/>\n<meta property=\"og:url\" content=\"https:\/\/vitablanca.ma\/ar\/product-2\/meridol-dentifrice-protection-gencives-75ml\/\" \/>\n<meta property=\"og:site_name\" content=\"Vitablanca.ma &ndash; Sant&eacute;, vitalit&eacute; et bien-&ecirc;tre pour tous les Marocains\" \/>\n<meta property=\"article:publisher\" content=\"https:\/\/www.facebook.com\/profile.php?id=61576678196717\" \/>\n<meta property=\"article:modified_time\" content=\"2026-03-01T19:55:32+00:00\" \/>\n<meta property=\"og:image\" content=\"https:\/\/vitablanca.ma\/wp-content\/uploads\/2025\/06\/Meridol-Dentifrice-Protection-Gencives-75ml-nova-parapharmacie-maroc.jpg\" \/>\n\t<meta property=\"og:image:width\" content=\"1000\" \/>\n\t<meta property=\"og:image:height\" content=\"1000\" \/>\n\t<meta property=\"og:image:type\" content=\"image\/jpeg\" \/>\n<meta name=\"twitter:card\" content=\"summary_large_image\" \/>\n<meta name=\"twitter:label1\" content=\"\u0648\u0642\u062a \u0627\u0644\u0642\u0631\u0627\u0621\u0629 \u0627\u0644\u0645\u064f\u0642\u062f\u0651\u0631\" \/>\n\t<meta name=\"twitter:data1\" content=\"\u062f\u0642\u064a\u0642\u0629 \u0648\u0627\u062d\u062f\u0629\" \/>\n<script type=\"application\/ld+json\" class=\"yoast-schema-graph\">{\"@context\":\"https:\\\/\\\/schema.org\",\"@graph\":[{\"@type\":[\"WebPage\",\"ItemPage\"],\"@id\":\"https:\\\/\\\/vitablanca.ma\\\/produit\\\/meridol-dentifrice-protection-gencives-75ml\\\/\",\"url\":\"https:\\\/\\\/vitablanca.ma\\\/produit\\\/meridol-dentifrice-protection-gencives-75ml\\\/\",\"name\":\"Meridol Dentifrice Protection Gencives 75ml - Maroc Prix\",\"isPartOf\":{\"@id\":\"https:\\\/\\\/vitablanca.ma\\\/#website\"},\"primaryImageOfPage\":{\"@id\":\"https:\\\/\\\/vitablanca.ma\\\/produit\\\/meridol-dentifrice-protection-gencives-75ml\\\/#primaryimage\"},\"image\":{\"@id\":\"https:\\\/\\\/vitablanca.ma\\\/produit\\\/meridol-dentifrice-protection-gencives-75ml\\\/#primaryimage\"},\"thumbnailUrl\":\"https:\\\/\\\/vitablanca.ma\\\/wp-content\\\/uploads\\\/2025\\\/06\\\/Meridol-Dentifrice-Protection-Gencives-75ml-nova-parapharmacie-maroc.jpg\",\"datePublished\":\"2025-06-10T18:33:59+00:00\",\"dateModified\":\"2026-03-01T19:55:32+00:00\",\"description\":\"Meridol Dentifrice Protection Gencives 75\u202fml nettoie efficacement tout en prot\u00e9geant les gencives sensibles. Aide \u00e0 pr\u00e9venir la plaque et les irritations.\",\"breadcrumb\":{\"@id\":\"https:\\\/\\\/vitablanca.ma\\\/produit\\\/meridol-dentifrice-protection-gencives-75ml\\\/#breadcrumb\"},\"inLanguage\":\"ar\",\"potentialAction\":[{\"@type\":\"ReadAction\",\"target\":[\"https:\\\/\\\/vitablanca.ma\\\/produit\\\/meridol-dentifrice-protection-gencives-75ml\\\/\"]}]},{\"@type\":\"ImageObject\",\"inLanguage\":\"ar\",\"@id\":\"https:\\\/\\\/vitablanca.ma\\\/produit\\\/meridol-dentifrice-protection-gencives-75ml\\\/#primaryimage\",\"url\":\"https:\\\/\\\/vitablanca.ma\\\/wp-content\\\/uploads\\\/2025\\\/06\\\/Meridol-Dentifrice-Protection-Gencives-75ml-nova-parapharmacie-maroc.jpg\",\"contentUrl\":\"https:\\\/\\\/vitablanca.ma\\\/wp-content\\\/uploads\\\/2025\\\/06\\\/Meridol-Dentifrice-Protection-Gencives-75ml-nova-parapharmacie-maroc.jpg\",\"width\":1000,\"height\":1000},{\"@type\":\"BreadcrumbList\",\"@id\":\"https:\\\/\\\/vitablanca.ma\\\/produit\\\/meridol-dentifrice-protection-gencives-75ml\\\/#breadcrumb\",\"itemListElement\":[{\"@type\":\"ListItem\",\"position\":1,\"name\":\"Home\",\"item\":\"https:\\\/\\\/vitablanca.ma\\\/\"},{\"@type\":\"ListItem\",\"position\":2,\"name\":\"Tous Les Produits\",\"item\":\"https:\\\/\\\/vitablanca.ma\\\/tous-les-produits\\\/\"},{\"@type\":\"ListItem\",\"position\":3,\"name\":\"Meridol Dentifrice Protection Gencives 75ml\"}]},{\"@type\":\"WebSite\",\"@id\":\"https:\\\/\\\/vitablanca.ma\\\/#website\",\"url\":\"https:\\\/\\\/vitablanca.ma\\\/\",\"name\":\"VitaBlanca.ma | Compl\u00e9ments alimentaires, sant\u00e9 & beaut\u00e9 au Maroc\",\"description\":\"vendre vitamines et compl\u00e9ments premium des USA &amp; Canada, Nouvelle Z\u00e9lande,Maroc (NOW Foods, Solgar, Manuka). Livraison rapide partout au Maroc.\",\"publisher\":{\"@id\":\"https:\\\/\\\/vitablanca.ma\\\/#organization\"},\"alternateName\":\"VitaBlanca.ma\",\"potentialAction\":[{\"@type\":\"SearchAction\",\"target\":{\"@type\":\"EntryPoint\",\"urlTemplate\":\"https:\\\/\\\/vitablanca.ma\\\/?s={search_term_string}\"},\"query-input\":{\"@type\":\"PropertyValueSpecification\",\"valueRequired\":true,\"valueName\":\"search_term_string\"}}],\"inLanguage\":\"ar\"},{\"@type\":\"Organization\",\"@id\":\"https:\\\/\\\/vitablanca.ma\\\/#organization\",\"name\":\"VitaBlanca\",\"url\":\"https:\\\/\\\/vitablanca.ma\\\/\",\"logo\":{\"@type\":\"ImageObject\",\"inLanguage\":\"ar\",\"@id\":\"https:\\\/\\\/vitablanca.ma\\\/#\\\/schema\\\/logo\\\/image\\\/\",\"url\":\"https:\\\/\\\/vitablanca.ma\\\/wp-content\\\/uploads\\\/2025\\\/05\\\/cropped-vitablanca.png\",\"contentUrl\":\"https:\\\/\\\/vitablanca.ma\\\/wp-content\\\/uploads\\\/2025\\\/05\\\/cropped-vitablanca.png\",\"width\":360,\"height\":67,\"caption\":\"VitaBlanca\"},\"image\":{\"@id\":\"https:\\\/\\\/vitablanca.ma\\\/#\\\/schema\\\/logo\\\/image\\\/\"},\"sameAs\":[\"https:\\\/\\\/www.facebook.com\\\/profile.php?id=61576678196717\",\"https:\\\/\\\/www.tiktok.com\\\/@vitablanca.ma\",\"https:\\\/\\\/www.instagram.com\\\/vitablanca.ma\\\/\"]}]}<\/script>\n<!-- \/ Yoast SEO plugin. -->","yoast_head_json":{"title":"\u0645\u0639\u062c\u0648\u0646 \u0623\u0633\u0646\u0627\u0646 \u0645\u064a\u0631\u064a\u062f\u0648\u0644 \u0644\u062d\u0645\u0627\u064a\u0629 \u0627\u0644\u0644\u062b\u0629 \u0667\u0665 \u0645\u0644 - \u0633\u0639\u0631 \u0627\u0644\u0645\u063a\u0631\u0628","description":"Meridol Dentifrice Protection Gencives 75\u202fml nettoie efficacement tout en prot\u00e9geant les gencives sensibles. Aide \u00e0 pr\u00e9venir la plaque et les irritations.","robots":{"index":"index","follow":"follow","max-snippet":"max-snippet:-1","max-image-preview":"max-image-preview:large","max-video-preview":"max-video-preview:-1"},"canonical":"https:\/\/vitablanca.ma\/ar\/product-2\/meridol-dentifrice-protection-gencives-75ml\/","og_locale":"ar_AR","og_type":"article","og_title":"Meridol Dentifrice Protection Gencives 75ml - Maroc Prix","og_description":"Meridol Dentifrice Protection Gencives 75\u202fml nettoie efficacement tout en prot\u00e9geant les gencives sensibles. Aide \u00e0 pr\u00e9venir la plaque et les irritations.","og_url":"https:\/\/vitablanca.ma\/ar\/product-2\/meridol-dentifrice-protection-gencives-75ml\/","og_site_name":"Vitablanca.ma &ndash; Sant&eacute;, vitalit&eacute; et bien-&ecirc;tre pour tous les Marocains","article_publisher":"https:\/\/www.facebook.com\/profile.php?id=61576678196717","article_modified_time":"2026-03-01T19:55:32+00:00","og_image":[{"width":1000,"height":1000,"url":"https:\/\/vitablanca.ma\/wp-content\/uploads\/2025\/06\/Meridol-Dentifrice-Protection-Gencives-75ml-nova-parapharmacie-maroc.jpg","type":"image\/jpeg"}],"twitter_card":"summary_large_image","twitter_misc":{"\u0648\u0642\u062a \u0627\u0644\u0642\u0631\u0627\u0621\u0629 \u0627\u0644\u0645\u064f\u0642\u062f\u0651\u0631":"\u062f\u0642\u064a\u0642\u0629 \u0648\u0627\u062d\u062f\u0629"},"schema":{"@context":"https:\/\/schema.org","@graph":[{"@type":["WebPage","ItemPage"],"@id":"https:\/\/vitablanca.ma\/produit\/meridol-dentifrice-protection-gencives-75ml\/","url":"https:\/\/vitablanca.ma\/produit\/meridol-dentifrice-protection-gencives-75ml\/","name":"\u0645\u0639\u062c\u0648\u0646 \u0623\u0633\u0646\u0627\u0646 \u0645\u064a\u0631\u064a\u062f\u0648\u0644 \u0644\u062d\u0645\u0627\u064a\u0629 \u0627\u0644\u0644\u062b\u0629 \u0667\u0665 \u0645\u0644 - \u0633\u0639\u0631 \u0627\u0644\u0645\u063a\u0631\u0628","isPartOf":{"@id":"https:\/\/vitablanca.ma\/#website"},"primaryImageOfPage":{"@id":"https:\/\/vitablanca.ma\/produit\/meridol-dentifrice-protection-gencives-75ml\/#primaryimage"},"image":{"@id":"https:\/\/vitablanca.ma\/produit\/meridol-dentifrice-protection-gencives-75ml\/#primaryimage"},"thumbnailUrl":"https:\/\/vitablanca.ma\/wp-content\/uploads\/2025\/06\/Meridol-Dentifrice-Protection-Gencives-75ml-nova-parapharmacie-maroc.jpg","datePublished":"2025-06-10T18:33:59+00:00","dateModified":"2026-03-01T19:55:32+00:00","description":"Meridol Dentifrice Protection Gencives 75\u202fml nettoie efficacement tout en prot\u00e9geant les gencives sensibles. Aide \u00e0 pr\u00e9venir la plaque et les irritations.","breadcrumb":{"@id":"https:\/\/vitablanca.ma\/produit\/meridol-dentifrice-protection-gencives-75ml\/#breadcrumb"},"inLanguage":"ar","potentialAction":[{"@type":"ReadAction","target":["https:\/\/vitablanca.ma\/produit\/meridol-dentifrice-protection-gencives-75ml\/"]}]},{"@type":"ImageObject","inLanguage":"ar","@id":"https:\/\/vitablanca.ma\/produit\/meridol-dentifrice-protection-gencives-75ml\/#primaryimage","url":"https:\/\/vitablanca.ma\/wp-content\/uploads\/2025\/06\/Meridol-Dentifrice-Protection-Gencives-75ml-nova-parapharmacie-maroc.jpg","contentUrl":"https:\/\/vitablanca.ma\/wp-content\/uploads\/2025\/06\/Meridol-Dentifrice-Protection-Gencives-75ml-nova-parapharmacie-maroc.jpg","width":1000,"height":1000},{"@type":"BreadcrumbList","@id":"https:\/\/vitablanca.ma\/produit\/meridol-dentifrice-protection-gencives-75ml\/#breadcrumb","itemListElement":[{"@type":"ListItem","position":1,"name":"Home","item":"https:\/\/vitablanca.ma\/"},{"@type":"ListItem","position":2,"name":"Tous Les Produits","item":"https:\/\/vitablanca.ma\/tous-les-produits\/"},{"@type":"ListItem","position":3,"name":"Meridol Dentifrice Protection Gencives 75ml"}]},{"@type":"WebSite","@id":"https:\/\/vitablanca.ma\/#website","url":"https:\/\/vitablanca.ma\/","name":"VitaBlanca.ma | \u0627\u0644\u0645\u0643\u0645\u0644\u0627\u062a \u0627\u0644\u063a\u0630\u0627\u0626\u064a\u0629\u060c \u0627\u0644\u0635\u062d\u0629 \u0648\u0627\u0644\u062c\u0645\u0627\u0644 \u0641\u064a \u0627\u0644\u0645\u063a\u0631\u0628","description":"\u0646\u0628\u064a\u0639 \u0641\u064a\u062a\u0627\u0645\u064a\u0646\u0627\u062a \u0648\u0645\u0643\u0645\u0644\u0627\u062a \u063a\u0630\u0627\u0626\u064a\u0629 \u0641\u0627\u062e\u0631\u0629 \u0645\u0646 \u0627\u0644\u0648\u0644\u0627\u064a\u0627\u062a \u0627\u0644\u0645\u062a\u062d\u062f\u0629 \u0627\u0644\u0623\u0645\u0631\u064a\u0643\u064a\u0629 \u0648\u0643\u0646\u062f\u0627 \u0648\u0646\u064a\u0648\u0632\u064a\u0644\u0646\u062f\u0627 \u0648\u0627\u0644\u0645\u063a\u0631\u0628 (\u0646\u0627\u0648 \u0641\u0648\u062f\u0632\u060c \u0633\u0648\u0644\u062c\u0627\u0631\u060c \u0645\u0627\u0646\u0648\u0643\u0627). \u062a\u0648\u0635\u064a\u0644 \u0633\u0631\u064a\u0639 \u0625\u0644\u0649 \u062c\u0645\u064a\u0639 \u0623\u0646\u062d\u0627\u0621 \u0627\u0644\u0645\u063a\u0631\u0628.","publisher":{"@id":"https:\/\/vitablanca.ma\/#organization"},"alternateName":"VitaBlanca.ma","potentialAction":[{"@type":"SearchAction","target":{"@type":"EntryPoint","urlTemplate":"https:\/\/vitablanca.ma\/?s={search_term_string}"},"query-input":{"@type":"PropertyValueSpecification","valueRequired":true,"valueName":"search_term_string"}}],"inLanguage":"ar"},{"@type":"Organization","@id":"https:\/\/vitablanca.ma\/#organization","name":"\u0641\u064a\u062a\u0627\u0628\u0644\u0627\u0646\u0643\u0627","url":"https:\/\/vitablanca.ma\/","logo":{"@type":"ImageObject","inLanguage":"ar","@id":"https:\/\/vitablanca.ma\/#\/schema\/logo\/image\/","url":"https:\/\/vitablanca.ma\/wp-content\/uploads\/2025\/05\/cropped-vitablanca.png","contentUrl":"https:\/\/vitablanca.ma\/wp-content\/uploads\/2025\/05\/cropped-vitablanca.png","width":360,"height":67,"caption":"VitaBlanca"},"image":{"@id":"https:\/\/vitablanca.ma\/#\/schema\/logo\/image\/"},"sameAs":["https:\/\/www.facebook.com\/profile.php?id=61576678196717","https:\/\/www.tiktok.com\/@vitablanca.ma","https:\/\/www.instagram.com\/vitablanca.ma\/"]}]}},"jetpack_sharing_enabled":true,"_links":{"self":[{"href":"https:\/\/vitablanca.ma\/ar\/wp-json\/wp\/v2\/product\/20337","targetHints":{"allow":["GET"]}}],"collection":[{"href":"https:\/\/vitablanca.ma\/ar\/wp-json\/wp\/v2\/product"}],"about":[{"href":"https:\/\/vitablanca.ma\/ar\/wp-json\/wp\/v2\/types\/product"}],"wp:featuredmedia":[{"embeddable":true,"href":"https:\/\/vitablanca.ma\/ar\/wp-json\/wp\/v2\/media\/20333"}],"wp:attachment":[{"href":"https:\/\/vitablanca.ma\/ar\/wp-json\/wp\/v2\/media?parent=20337"}],"wp:term":[{"taxonomy":"product_brand","embeddable":true,"href":"https:\/\/vitablanca.ma\/ar\/wp-json\/wp\/v2\/product_brand?post=20337"},{"taxonomy":"product_cat","embeddable":true,"href":"https:\/\/vitablanca.ma\/ar\/wp-json\/wp\/v2\/product_cat?post=20337"},{"taxonomy":"product_tag","embeddable":true,"href":"https:\/\/vitablanca.ma\/ar\/wp-json\/wp\/v2\/product_tag?post=20337"}],"curies":[{"name":"wp","href":"https:\/\/api.w.org\/{rel}","templated":true}]}}