{"id":20274,"date":"2025-06-10T18:32:16","date_gmt":"2025-06-10T18:32:16","guid":{"rendered":"https:\/\/vitablanca.ma\/product\/medela-calma-1-piece\/"},"modified":"2025-06-10T18:32:16","modified_gmt":"2025-06-10T18:32:16","slug":"medela-calma-1-piece","status":"publish","type":"product","link":"https:\/\/vitablanca.ma\/ar\/product-2\/medela-calma-1-piece\/","title":{"rendered":"Medela Calma 1 Pi\u00e8ce"},"content":{"rendered":"<h2>Medela Calma\u00a0une solution proche de l&rsquo;allaitement au sein.<\/h2>\n<p><span>Calma est une solution d\u2019alimentation innovante con\u00e7ue pour les b\u00e9b\u00e9s allait\u00e9s. Medela a pens\u00e9 cette solution pour qu\u2019elle soit compatible avec votre projet d\u2019allaitement et que votre b\u00e9b\u00e9 continue de se nourrir comme il l\u2019a appris au sein.<\/span><\/p>\n<div class=\"benefits-wrap benefits-wrap--bg\">\n<div class=\"benefits withImage\">\n<div class=\"cols clearfix\">\n<div class=\"col-medium\">\n<div class=\"benefitBox\">\n<p>Le dispositif Calma de Medela a \u00e9t\u00e9 con\u00e7u comme une alternative au sein pour les mamans qui souhaitent donner leur lait maternel \u00e0 leur b\u00e9b\u00e9. Il a \u00e9t\u00e9 d\u00e9velopp\u00e9 en collaboration avec des experts de l\u2019allaitement du groupe de recherche sur la lactation humaine dirig\u00e9 par le professeur Hartmann, de l\u2019Universit\u00e9 d\u2019Australie occidentale. Calma permet \u00e0 votre b\u00e9b\u00e9 de t\u00e9ter, d\u00e9glutir et respirer \u00e0 son rythme naturel\u00a0:<\/p>\n<ul>\n<li>il peut boire, faire une pause et respirer selon son rythme naturel en restant d\u00e9tendu et serein\u00a0;<\/li>\n<li>votre b\u00e9b\u00e9 doit aspirer pour que le lait commence \u00e0 s\u2019\u00e9couler\u00a0;<\/li>\n<li>votre b\u00e9b\u00e9 conserve son comportement de succion naturel.<\/li>\n<\/ul>\n<\/div>\n<\/div>\n<\/div>\n<\/div>\n<\/div>\n<div class=\"benefits-wrap benefits-wrap--bg\">\n<div class=\"benefits\">\n<h3>Avantages li\u00e9s \u00e0 l&#8217;emploi de Calma<\/h3>\n<div class=\"cols clearfix\">\n<div class=\"col-medium\">\n<div class=\"benefitBox\">\n<p>Le d\u00e9bit, la forme et la longueur de Calma sont con\u00e7us pour s&rsquo;adapter aux besoins de votre b\u00e9b\u00e9 \u00e0 mesure qu&rsquo;il grandit.<\/p>\n<p>La Calma dispose d&rsquo;un syst\u00e8me de ventilation unique qui aide votre b\u00e9b\u00e9 \u00e0 ne pas avaler de l&rsquo;air lorsqu&rsquo;il t\u00e8te.<\/p>\n<p>Elle est fabriqu\u00e9e en Suisse et est exempte de BPA.<\/p>\n<\/div>\n<\/div>\n<div class=\"col-medium\">\n<div class=\"benefitBox\">\n<ul>\n<li>Les m\u00eames taille et forme d&#8217;embout conviennent pour toute la p\u00e9riode d&rsquo;allaitement.<\/li>\n<li>L&rsquo;ingestion de lait est s\u00fbre\u00a0: votre b\u00e9b\u00e9 n&rsquo;avale pas d&rsquo;air durant l&rsquo;allaitement.<\/li>\n<li>La t\u00e9tine, fabriqu\u00e9e en Suisse, est exempte de BPA et ne pr\u00e9sente aucun danger ni pour votre b\u00e9b\u00e9, ni pour vous.<\/li>\n<\/ul>\n<\/div>\n<\/div>\n<\/div>\n<\/div>\n<\/div>\n<p>\u00a0<\/p>","protected":false},"excerpt":{"rendered":"<p>Medela Calma\u00a0une solution proche de l&rsquo;allaitement au sein. Calma est une solution d\u2019alimentation innovante con\u00e7ue pour les b\u00e9b\u00e9s allait\u00e9s. Medela a pens\u00e9 cette solution pour qu\u2019elle soit compatible avec votre projet d\u2019allaitement et que votre b\u00e9b\u00e9 continue de se nourrir comme il l\u2019a appris au sein. Le dispositif Calma de Medela a \u00e9t\u00e9 con\u00e7u comme [&hellip;]<\/p>\n","protected":false},"featured_media":20270,"template":"","meta":{"om_disable_all_campaigns":false},"product_brand":[],"product_cat":[15],"product_tag":[],"class_list":{"0":"post-20274","1":"product","2":"type-product","3":"status-publish","4":"has-post-thumbnail","6":"product_cat-beaute-sante-complements-alimentaires-soins-et-bien-etre-au-meilleur-prix","8":"first","9":"instock","10":"sale","11":"taxable","12":"shipping-taxable","13":"purchasable","14":"product-type-simple"},"yoast_head":"<!-- This site is optimized with the Yoast SEO plugin v27.4 - https:\/\/yoast.com\/product\/yoast-seo-wordpress\/ -->\n<title>Medela Calma 1 Pi\u00e8ce - Maroc Prix<\/title>\n<meta name=\"description\" content=\"Medela Calma 1 Pi\u00e8ce\" \/>\n<meta name=\"robots\" content=\"index, follow, max-snippet:-1, max-image-preview:large, max-video-preview:-1\" \/>\n<link rel=\"canonical\" href=\"https:\/\/vitablanca.ma\/ar\/product-2\/medela-calma-1-piece\/\" \/>\n<meta property=\"og:locale\" content=\"ar_AR\" \/>\n<meta property=\"og:type\" content=\"article\" \/>\n<meta property=\"og:title\" content=\"Medela Calma 1 Pi\u00e8ce - Maroc Prix\" \/>\n<meta property=\"og:description\" content=\"Medela Calma 1 Pi\u00e8ce\" \/>\n<meta property=\"og:url\" content=\"https:\/\/vitablanca.ma\/ar\/product-2\/medela-calma-1-piece\/\" \/>\n<meta property=\"og:site_name\" content=\"Vitablanca.ma &ndash; Sant&eacute;, vitalit&eacute; et bien-&ecirc;tre pour tous les Marocains\" \/>\n<meta property=\"article:publisher\" content=\"https:\/\/www.facebook.com\/profile.php?id=61576678196717\" \/>\n<meta property=\"og:image\" content=\"https:\/\/vitablanca.ma\/wp-content\/uploads\/2025\/06\/Medela-Calma-1-Piece-nova-parapharmacie-casablanca.jpg\" \/>\n\t<meta property=\"og:image:width\" content=\"1000\" \/>\n\t<meta property=\"og:image:height\" content=\"1000\" \/>\n\t<meta property=\"og:image:type\" content=\"image\/jpeg\" \/>\n<meta name=\"twitter:card\" content=\"summary_large_image\" \/>\n<meta name=\"twitter:label1\" content=\"\u0648\u0642\u062a \u0627\u0644\u0642\u0631\u0627\u0621\u0629 \u0627\u0644\u0645\u064f\u0642\u062f\u0651\u0631\" \/>\n\t<meta name=\"twitter:data1\" content=\"\u062f\u0642\u064a\u0642\u0629 \u0648\u0627\u062d\u062f\u0629\" \/>\n<script type=\"application\/ld+json\" class=\"yoast-schema-graph\">{\"@context\":\"https:\\\/\\\/schema.org\",\"@graph\":[{\"@type\":[\"WebPage\",\"ItemPage\"],\"@id\":\"https:\\\/\\\/vitablanca.ma\\\/produit\\\/medela-calma-1-piece\\\/\",\"url\":\"https:\\\/\\\/vitablanca.ma\\\/produit\\\/medela-calma-1-piece\\\/\",\"name\":\"Medela Calma 1 Pi\u00e8ce - Maroc Prix\",\"isPartOf\":{\"@id\":\"https:\\\/\\\/vitablanca.ma\\\/#website\"},\"primaryImageOfPage\":{\"@id\":\"https:\\\/\\\/vitablanca.ma\\\/produit\\\/medela-calma-1-piece\\\/#primaryimage\"},\"image\":{\"@id\":\"https:\\\/\\\/vitablanca.ma\\\/produit\\\/medela-calma-1-piece\\\/#primaryimage\"},\"thumbnailUrl\":\"https:\\\/\\\/vitablanca.ma\\\/wp-content\\\/uploads\\\/2025\\\/06\\\/Medela-Calma-1-Piece-nova-parapharmacie-casablanca.jpg\",\"datePublished\":\"2025-06-10T18:32:16+00:00\",\"description\":\"Medela Calma 1 Pi\u00e8ce\",\"breadcrumb\":{\"@id\":\"https:\\\/\\\/vitablanca.ma\\\/produit\\\/medela-calma-1-piece\\\/#breadcrumb\"},\"inLanguage\":\"ar\",\"potentialAction\":[{\"@type\":\"ReadAction\",\"target\":[\"https:\\\/\\\/vitablanca.ma\\\/produit\\\/medela-calma-1-piece\\\/\"]}]},{\"@type\":\"ImageObject\",\"inLanguage\":\"ar\",\"@id\":\"https:\\\/\\\/vitablanca.ma\\\/produit\\\/medela-calma-1-piece\\\/#primaryimage\",\"url\":\"https:\\\/\\\/vitablanca.ma\\\/wp-content\\\/uploads\\\/2025\\\/06\\\/Medela-Calma-1-Piece-nova-parapharmacie-casablanca.jpg\",\"contentUrl\":\"https:\\\/\\\/vitablanca.ma\\\/wp-content\\\/uploads\\\/2025\\\/06\\\/Medela-Calma-1-Piece-nova-parapharmacie-casablanca.jpg\",\"width\":1000,\"height\":1000},{\"@type\":\"BreadcrumbList\",\"@id\":\"https:\\\/\\\/vitablanca.ma\\\/produit\\\/medela-calma-1-piece\\\/#breadcrumb\",\"itemListElement\":[{\"@type\":\"ListItem\",\"position\":1,\"name\":\"Home\",\"item\":\"https:\\\/\\\/vitablanca.ma\\\/\"},{\"@type\":\"ListItem\",\"position\":2,\"name\":\"Tous Les Produits\",\"item\":\"https:\\\/\\\/vitablanca.ma\\\/tous-les-produits\\\/\"},{\"@type\":\"ListItem\",\"position\":3,\"name\":\"Medela Calma 1 Pi\u00e8ce\"}]},{\"@type\":\"WebSite\",\"@id\":\"https:\\\/\\\/vitablanca.ma\\\/#website\",\"url\":\"https:\\\/\\\/vitablanca.ma\\\/\",\"name\":\"VitaBlanca.ma | Compl\u00e9ments alimentaires, sant\u00e9 & beaut\u00e9 au Maroc\",\"description\":\"vendre vitamines et compl\u00e9ments premium des USA &amp; Canada, Nouvelle Z\u00e9lande,Maroc (NOW Foods, Solgar, Manuka). Livraison rapide partout au Maroc.\",\"publisher\":{\"@id\":\"https:\\\/\\\/vitablanca.ma\\\/#organization\"},\"alternateName\":\"VitaBlanca.ma\",\"potentialAction\":[{\"@type\":\"SearchAction\",\"target\":{\"@type\":\"EntryPoint\",\"urlTemplate\":\"https:\\\/\\\/vitablanca.ma\\\/?s={search_term_string}\"},\"query-input\":{\"@type\":\"PropertyValueSpecification\",\"valueRequired\":true,\"valueName\":\"search_term_string\"}}],\"inLanguage\":\"ar\"},{\"@type\":\"Organization\",\"@id\":\"https:\\\/\\\/vitablanca.ma\\\/#organization\",\"name\":\"VitaBlanca\",\"url\":\"https:\\\/\\\/vitablanca.ma\\\/\",\"logo\":{\"@type\":\"ImageObject\",\"inLanguage\":\"ar\",\"@id\":\"https:\\\/\\\/vitablanca.ma\\\/#\\\/schema\\\/logo\\\/image\\\/\",\"url\":\"https:\\\/\\\/vitablanca.ma\\\/wp-content\\\/uploads\\\/2025\\\/05\\\/cropped-vitablanca.png\",\"contentUrl\":\"https:\\\/\\\/vitablanca.ma\\\/wp-content\\\/uploads\\\/2025\\\/05\\\/cropped-vitablanca.png\",\"width\":360,\"height\":67,\"caption\":\"VitaBlanca\"},\"image\":{\"@id\":\"https:\\\/\\\/vitablanca.ma\\\/#\\\/schema\\\/logo\\\/image\\\/\"},\"sameAs\":[\"https:\\\/\\\/www.facebook.com\\\/profile.php?id=61576678196717\",\"https:\\\/\\\/www.tiktok.com\\\/@vitablanca.ma\",\"https:\\\/\\\/www.instagram.com\\\/vitablanca.ma\\\/\"]}]}<\/script>\n<!-- \/ Yoast SEO plugin. -->","yoast_head_json":{"title":"Medela Calma 1 Pi\u00e8ce - Maroc Prix","description":"Medela Calma 1 Pi\u00e8ce","robots":{"index":"index","follow":"follow","max-snippet":"max-snippet:-1","max-image-preview":"max-image-preview:large","max-video-preview":"max-video-preview:-1"},"canonical":"https:\/\/vitablanca.ma\/ar\/product-2\/medela-calma-1-piece\/","og_locale":"ar_AR","og_type":"article","og_title":"Medela Calma 1 Pi\u00e8ce - Maroc Prix","og_description":"Medela Calma 1 Pi\u00e8ce","og_url":"https:\/\/vitablanca.ma\/ar\/product-2\/medela-calma-1-piece\/","og_site_name":"Vitablanca.ma &ndash; Sant&eacute;, vitalit&eacute; et bien-&ecirc;tre pour tous les Marocains","article_publisher":"https:\/\/www.facebook.com\/profile.php?id=61576678196717","og_image":[{"width":1000,"height":1000,"url":"https:\/\/vitablanca.ma\/wp-content\/uploads\/2025\/06\/Medela-Calma-1-Piece-nova-parapharmacie-casablanca.jpg","type":"image\/jpeg"}],"twitter_card":"summary_large_image","twitter_misc":{"\u0648\u0642\u062a \u0627\u0644\u0642\u0631\u0627\u0621\u0629 \u0627\u0644\u0645\u064f\u0642\u062f\u0651\u0631":"\u062f\u0642\u064a\u0642\u0629 \u0648\u0627\u062d\u062f\u0629"},"schema":{"@context":"https:\/\/schema.org","@graph":[{"@type":["WebPage","ItemPage"],"@id":"https:\/\/vitablanca.ma\/produit\/medela-calma-1-piece\/","url":"https:\/\/vitablanca.ma\/produit\/medela-calma-1-piece\/","name":"Medela Calma 1 Pi\u00e8ce - Maroc Prix","isPartOf":{"@id":"https:\/\/vitablanca.ma\/#website"},"primaryImageOfPage":{"@id":"https:\/\/vitablanca.ma\/produit\/medela-calma-1-piece\/#primaryimage"},"image":{"@id":"https:\/\/vitablanca.ma\/produit\/medela-calma-1-piece\/#primaryimage"},"thumbnailUrl":"https:\/\/vitablanca.ma\/wp-content\/uploads\/2025\/06\/Medela-Calma-1-Piece-nova-parapharmacie-casablanca.jpg","datePublished":"2025-06-10T18:32:16+00:00","description":"Medela Calma 1 Pi\u00e8ce","breadcrumb":{"@id":"https:\/\/vitablanca.ma\/produit\/medela-calma-1-piece\/#breadcrumb"},"inLanguage":"ar","potentialAction":[{"@type":"ReadAction","target":["https:\/\/vitablanca.ma\/produit\/medela-calma-1-piece\/"]}]},{"@type":"ImageObject","inLanguage":"ar","@id":"https:\/\/vitablanca.ma\/produit\/medela-calma-1-piece\/#primaryimage","url":"https:\/\/vitablanca.ma\/wp-content\/uploads\/2025\/06\/Medela-Calma-1-Piece-nova-parapharmacie-casablanca.jpg","contentUrl":"https:\/\/vitablanca.ma\/wp-content\/uploads\/2025\/06\/Medela-Calma-1-Piece-nova-parapharmacie-casablanca.jpg","width":1000,"height":1000},{"@type":"BreadcrumbList","@id":"https:\/\/vitablanca.ma\/produit\/medela-calma-1-piece\/#breadcrumb","itemListElement":[{"@type":"ListItem","position":1,"name":"Home","item":"https:\/\/vitablanca.ma\/"},{"@type":"ListItem","position":2,"name":"Tous Les Produits","item":"https:\/\/vitablanca.ma\/tous-les-produits\/"},{"@type":"ListItem","position":3,"name":"Medela Calma 1 Pi\u00e8ce"}]},{"@type":"WebSite","@id":"https:\/\/vitablanca.ma\/#website","url":"https:\/\/vitablanca.ma\/","name":"VitaBlanca.ma | \u0627\u0644\u0645\u0643\u0645\u0644\u0627\u062a \u0627\u0644\u063a\u0630\u0627\u0626\u064a\u0629\u060c \u0627\u0644\u0635\u062d\u0629 \u0648\u0627\u0644\u062c\u0645\u0627\u0644 \u0641\u064a \u0627\u0644\u0645\u063a\u0631\u0628","description":"\u0646\u0628\u064a\u0639 \u0641\u064a\u062a\u0627\u0645\u064a\u0646\u0627\u062a \u0648\u0645\u0643\u0645\u0644\u0627\u062a \u063a\u0630\u0627\u0626\u064a\u0629 \u0641\u0627\u062e\u0631\u0629 \u0645\u0646 \u0627\u0644\u0648\u0644\u0627\u064a\u0627\u062a \u0627\u0644\u0645\u062a\u062d\u062f\u0629 \u0627\u0644\u0623\u0645\u0631\u064a\u0643\u064a\u0629 \u0648\u0643\u0646\u062f\u0627 \u0648\u0646\u064a\u0648\u0632\u064a\u0644\u0646\u062f\u0627 \u0648\u0627\u0644\u0645\u063a\u0631\u0628 (\u0646\u0627\u0648 \u0641\u0648\u062f\u0632\u060c \u0633\u0648\u0644\u062c\u0627\u0631\u060c \u0645\u0627\u0646\u0648\u0643\u0627). \u062a\u0648\u0635\u064a\u0644 \u0633\u0631\u064a\u0639 \u0625\u0644\u0649 \u062c\u0645\u064a\u0639 \u0623\u0646\u062d\u0627\u0621 \u0627\u0644\u0645\u063a\u0631\u0628.","publisher":{"@id":"https:\/\/vitablanca.ma\/#organization"},"alternateName":"VitaBlanca.ma","potentialAction":[{"@type":"SearchAction","target":{"@type":"EntryPoint","urlTemplate":"https:\/\/vitablanca.ma\/?s={search_term_string}"},"query-input":{"@type":"PropertyValueSpecification","valueRequired":true,"valueName":"search_term_string"}}],"inLanguage":"ar"},{"@type":"Organization","@id":"https:\/\/vitablanca.ma\/#organization","name":"\u0641\u064a\u062a\u0627\u0628\u0644\u0627\u0646\u0643\u0627","url":"https:\/\/vitablanca.ma\/","logo":{"@type":"ImageObject","inLanguage":"ar","@id":"https:\/\/vitablanca.ma\/#\/schema\/logo\/image\/","url":"https:\/\/vitablanca.ma\/wp-content\/uploads\/2025\/05\/cropped-vitablanca.png","contentUrl":"https:\/\/vitablanca.ma\/wp-content\/uploads\/2025\/05\/cropped-vitablanca.png","width":360,"height":67,"caption":"VitaBlanca"},"image":{"@id":"https:\/\/vitablanca.ma\/#\/schema\/logo\/image\/"},"sameAs":["https:\/\/www.facebook.com\/profile.php?id=61576678196717","https:\/\/www.tiktok.com\/@vitablanca.ma","https:\/\/www.instagram.com\/vitablanca.ma\/"]}]}},"jetpack_sharing_enabled":true,"_links":{"self":[{"href":"https:\/\/vitablanca.ma\/ar\/wp-json\/wp\/v2\/product\/20274","targetHints":{"allow":["GET"]}}],"collection":[{"href":"https:\/\/vitablanca.ma\/ar\/wp-json\/wp\/v2\/product"}],"about":[{"href":"https:\/\/vitablanca.ma\/ar\/wp-json\/wp\/v2\/types\/product"}],"wp:featuredmedia":[{"embeddable":true,"href":"https:\/\/vitablanca.ma\/ar\/wp-json\/wp\/v2\/media\/20270"}],"wp:attachment":[{"href":"https:\/\/vitablanca.ma\/ar\/wp-json\/wp\/v2\/media?parent=20274"}],"wp:term":[{"taxonomy":"product_brand","embeddable":true,"href":"https:\/\/vitablanca.ma\/ar\/wp-json\/wp\/v2\/product_brand?post=20274"},{"taxonomy":"product_cat","embeddable":true,"href":"https:\/\/vitablanca.ma\/ar\/wp-json\/wp\/v2\/product_cat?post=20274"},{"taxonomy":"product_tag","embeddable":true,"href":"https:\/\/vitablanca.ma\/ar\/wp-json\/wp\/v2\/product_tag?post=20274"}],"curies":[{"name":"wp","href":"https:\/\/api.w.org\/{rel}","templated":true}]}}