{"id":20254,"date":"2025-06-10T18:31:42","date_gmt":"2025-06-10T18:31:42","guid":{"rendered":"https:\/\/vitablanca.ma\/product\/medela-coussinets-dallaitement-jetables-30-pieces\/"},"modified":"2025-06-10T18:31:42","modified_gmt":"2025-06-10T18:31:42","slug":"medela-coussinets-dallaitement-jetables-30-pieces","status":"publish","type":"product","link":"https:\/\/vitablanca.ma\/ar\/product-2\/medela-coussinets-dallaitement-jetables-30-pieces\/","title":{"rendered":"Medela Coussinets D&rsquo;Allaitement Jetables 30 Pi\u00e8ces"},"content":{"rendered":"<h2 data-mce-fragment=\"1\"><span data-mce-fragment=\"1\">Medela Coussinets D&rsquo;Allaitement Jetables.<\/span><\/h2>\n<p data-mce-fragment=\"1\"><span data-mce-fragment=\"1\">Medela a con\u00e7u ces coussinets d&rsquo;allaitement SUPER ultra\u00a0absorbants pour accompagner les\u00a0fuites de lait maternel abondantes des premiers jours. Gr\u00e2ce \u00e0 ces coussinets, les fuites sont absorb\u00e9es et vous restez au sec de\u00a0jour comme de\u00a0nuit.<br data-mce-fragment=\"1\">60 Pi\u00e8ces.<br data-mce-fragment=\"1\"><\/span><\/p>\n<div class=\"benefits-wrap benefits-wrap--bg\" data-mce-fragment=\"1\">\n<div class=\"benefits withImage\" data-mce-fragment=\"1\">\n<div class=\"cols clearfix\" data-mce-fragment=\"1\">\n<div class=\"col-medium\" data-mce-fragment=\"1\">\n<div class=\"benefitBox\" data-mce-fragment=\"1\">\n<ul data-mce-fragment=\"1\">\n<li data-mce-fragment=\"1\">\n<strong data-mce-fragment=\"1\">Ultra absorbants\u00a0<\/strong>: id\u00e9al pour les fuites de lait maternel abondantes<\/li>\n<li data-mce-fragment=\"1\">Sa<span data-mce-fragment=\"1\">\u00a0<\/span><strong data-mce-fragment=\"1\">doublure douce<\/strong><span data-mce-fragment=\"1\">\u00a0<\/span>en fibre naturelle\u00a0absorbe instantan\u00e9ment l&rsquo;humidit\u00e9 et pr\u00e9serve les peaux sensibles<\/li>\n<li data-mce-fragment=\"1\">\u0647\u0627<span data-mce-fragment=\"1\">\u00a0<\/span><strong data-mce-fragment=\"1\">c\u0153ur ultra absorbant<\/strong><span data-mce-fragment=\"1\">\u00a0<\/span>en polym\u00e8re r\u00e9partit l&rsquo;humidit\u00e9 de mani\u00e8re uniforme et contribue \u00e0 la pi\u00e9ger dans le coussinet<\/li>\n<li data-mce-fragment=\"1\">Son rev\u00eatement externe<span data-mce-fragment=\"1\">\u00a0<\/span><strong data-mce-fragment=\"1\">\u00e9tanche et respirant<\/strong>\u00a0prot\u00e8ge les v\u00eatements<\/li>\n<li data-mce-fragment=\"1\">Sa forme sp\u00e9ciale<span data-mce-fragment=\"1\">\u00a0<\/span><strong data-mce-fragment=\"1\">\u00e9pouse la forme du sein<\/strong><span data-mce-fragment=\"1\">\u00a0<\/span>pour plus de discr\u00e9tion<\/li>\n<\/ul>\n<\/div>\n<\/div>\n<div class=\"col-medium\" data-mce-fragment=\"1\"><br data-mce-fragment=\"1\"><\/div>\n<\/div>\n<\/div>\n<\/div>\n<div class=\"accordion readmore\" data-mce-fragment=\"1\">\n<div class=\"accordionContent\" data-mce-fragment=\"1\">\n<div class=\"text-image\" data-mce-fragment=\"1\">\n<p data-mce-fragment=\"1\"><strong data-mce-fragment=\"1\">Fuites de lait maternel et d\u00e9but de l&rsquo;allaitement<\/strong><\/p>\n<p data-mce-fragment=\"1\">Au moment de la mont\u00e9e de lait, environ deux \u00e0 quatre jours apr\u00e8s la naissance de votre<span data-mce-fragment=\"1\">\u00a0<\/span><span data-mce-fragment=\"1\">b\u00e9b\u00e9,<sup data-mce-fragment=\"1\"><a class=\"referenceanchor\" href=\"https:\/\/www.medela.fr\/allaitement\/produits\/soin-des-seins\/coussinets-allaitement-jetables#reference\" data-mce-fragment=\"1\" data-mce-href=\"https:\/\/www.medela.fr\/allaitement\/produits\/soin-des-seins\/coussinets-allaitement-jetables#reference\">1<\/a><\/sup><\/span><span data-mce-fragment=\"1\">\u00a0<\/span>il est normal d&rsquo;avoir des fuites de lait importante, de jour\u00a0comme de nuit. Vos seins sont en phase d&rsquo;adaptation entre\u00a0la quantit\u00e9 de lait dont votre b\u00e9b\u00e9 a besoin et\u00a0la quantit\u00e9 qu&rsquo;ils produisent. Pendant cette p\u00e9riode d&rsquo;ajustement, vous aurez la\u00a0sensation d&rsquo;avoir les seins\u00a0pleins\u00a0; vous pourrez avoir des fuites\u00a0voire du lait qui coule en continu ! Allaiter ou exprimer votre lait fr\u00e9quemment vous aidera, mais il restera des exceptions. C&rsquo;est l\u00e0 que les coussinets d&rsquo;allaitement SUPER\u00a0Medela entrent en sc\u00e8ne.\u00a0<\/p>\n<p data-mce-fragment=\"1\"><strong data-mce-fragment=\"1\">Id\u00e9al pour les fuites abondantes de lait maternel<\/strong><\/p>\n<p data-mce-fragment=\"1\">Si les fuites de lait maternel sont tr\u00e8s abondantes, le lait peut imbiber vos v\u00eatements et\/ou\u00a0votre lit\u00a0pendant la nuit. Se r\u00e9veiller les v\u00eatements t\u00e2ch\u00e9s et humide, ce n&rsquo;est pas vraiment agr\u00e9able ni confortable. Les coussinets d&rsquo;allaitement (ou coussinets de soutien-gorge) sont donc des\u00a0indispensables pour garantir des nuits (et des journ\u00e9e) sereines. Les coussinets d&rsquo;allaitement SUPER\u00a0Medela disposent d&rsquo;une doublure douce qui isole instantan\u00e9ment votre peau de l&rsquo;humidit\u00e9 et la pi\u00e8ge dans sa texture ultra absorbante en polym\u00e8re qui, \u00e0 son tour, transforme le liquide en gel. En outre, son rev\u00eatement externe \u00e9tanche prot\u00e8ge vos v\u00eatements.<\/p>\n<p data-mce-fragment=\"1\"><strong data-mce-fragment=\"1\">Des coussinets d&rsquo;allaitement enveloppants et confortables<\/strong><\/p>\n<p data-mce-fragment=\"1\">Nos coussinets d&rsquo;allaitement SUPER sont sp\u00e9cialement con\u00e7us pour s&rsquo;adapter parfaitement dans votre soutien-gorge sans appara\u00eetre \u00e0 travers vos v\u00eatements. Vous \u00eates la seule \u00e0 savoir qu&rsquo;ils sont l\u00e0. De plus, ils\u00a0sont \u00e9quip\u00e9s\u00a0de bandes adh\u00e9sives pour un maintien efficace. Inutile donc de vous inqui\u00e9ter. Ils ne bougeront pas lorsque vous vaquerez \u00e0 vos occupations aupr\u00e8s de votre b\u00e9b\u00e9 ou que vous vous l\u00e8verez puis vous recoucherez\u00a0pour les\u00a0allaitements nocturnes.<\/p>\n<p data-mce-fragment=\"1\"><strong data-mce-fragment=\"1\">Emballage individuel pratique et hygi\u00e9nique<\/strong><\/p>\n<p data-mce-fragment=\"1\">L&rsquo;hygi\u00e8ne en mati\u00e8re d&rsquo;allaitement est primordiale. Medela emballe donc individuellement ses coussinets d&rsquo;allaitement SUPER pour que vous puissiez les glisser dans votre sac, pr\u00eats \u00e0 l&#8217;emploi. Et si vous vous interrogez sur la fr\u00e9quence \u00e0 laquelle changer vos coussinets d&rsquo;allaitement, la r\u00e9ponse est la suivante\u00a0: \u00ab\u00a0Aussi souvent que votre confort l&rsquo;exige\u00a0!\u00a0\u00bb Il vous suffit de les retirer, de les jeter et d&rsquo;en placer de nouveaux.<\/p>\n<p data-mce-fragment=\"1\"><strong data-mce-fragment=\"1\">Tout au long de votre aventure d&rsquo;allaitement&#8230;<\/strong><\/p>\n<p data-mce-fragment=\"1\">De nombreuses femmes constatent que leur lactation commence \u00e0 s&rsquo;\u00e9quilibrer autour de six semaines, mais d&rsquo;autres connaissent des fuites de lait maternel plus ou moins abondantes pendant toute la p\u00e9riode d&rsquo;allaitement de leur b\u00e9b\u00e9. D&rsquo;autres encore, connaissent des fuites mod\u00e9r\u00e9es de temps \u00e0 autre. Peut-\u00eatre pr\u00e9f\u00e9rerez-vous adopter un autre type de coussinet d&rsquo;allaitement de notre gamme Safe &amp; Dry\u2122, une collection de coussinets\u00a0fiables, hygi\u00e9niques et discrets pour g\u00e9rer la variation d&rsquo;abondance des fuites de lait maternel au fil de votre allaitement.<\/p>\n<\/div>\n<\/div>\n<\/div>","protected":false},"excerpt":{"rendered":"<p>Medela Coussinets D&rsquo;Allaitement Jetables. Medela a con\u00e7u ces coussinets d&rsquo;allaitement SUPER ultra\u00a0absorbants pour accompagner les\u00a0fuites de lait maternel abondantes des premiers jours. Gr\u00e2ce \u00e0 ces coussinets, les fuites sont absorb\u00e9es et vous restez au sec de\u00a0jour comme de\u00a0nuit.60 Pi\u00e8ces. Ultra absorbants\u00a0: id\u00e9al pour les fuites de lait maternel abondantes Sa\u00a0doublure douce\u00a0en fibre naturelle\u00a0absorbe instantan\u00e9ment l&rsquo;humidit\u00e9 [&hellip;]<\/p>\n","protected":false},"featured_media":20247,"template":"","meta":{"om_disable_all_campaigns":false},"product_brand":[],"product_cat":[15],"product_tag":[],"class_list":{"0":"post-20254","1":"product","2":"type-product","3":"status-publish","4":"has-post-thumbnail","6":"product_cat-beaute-sante-complements-alimentaires-soins-et-bien-etre-au-meilleur-prix","8":"first","9":"instock","10":"sale","11":"taxable","12":"shipping-taxable","13":"purchasable","14":"product-type-simple"},"yoast_head":"<!-- This site is optimized with the Yoast SEO plugin v27.4 - https:\/\/yoast.com\/product\/yoast-seo-wordpress\/ -->\n<title>Medela Coussinets D&#039;Allaitement Jetables 30 Pi\u00e8ces - Maroc Prix<\/title>\n<meta name=\"description\" content=\"Medela Coussinets D&#039;Allaitement Jetables 30 Pi\u00e8ces\" \/>\n<meta name=\"robots\" content=\"index, follow, max-snippet:-1, max-image-preview:large, max-video-preview:-1\" \/>\n<link rel=\"canonical\" href=\"https:\/\/vitablanca.ma\/ar\/product-2\/medela-coussinets-dallaitement-jetables-30-pieces\/\" \/>\n<meta property=\"og:locale\" content=\"ar_AR\" \/>\n<meta property=\"og:type\" content=\"article\" \/>\n<meta property=\"og:title\" content=\"Medela Coussinets D&#039;Allaitement Jetables 30 Pi\u00e8ces - Maroc Prix\" \/>\n<meta property=\"og:description\" content=\"Medela Coussinets D&#039;Allaitement Jetables 30 Pi\u00e8ces\" \/>\n<meta property=\"og:url\" content=\"https:\/\/vitablanca.ma\/ar\/product-2\/medela-coussinets-dallaitement-jetables-30-pieces\/\" \/>\n<meta property=\"og:site_name\" content=\"Vitablanca.ma &ndash; Sant&eacute;, vitalit&eacute; et bien-&ecirc;tre pour tous les Marocains\" \/>\n<meta property=\"article:publisher\" content=\"https:\/\/www.facebook.com\/profile.php?id=61576678196717\" \/>\n<meta property=\"og:image\" content=\"https:\/\/vitablanca.ma\/wp-content\/uploads\/2025\/06\/Medela-Coussinets-D_Allaitement-Jetables-30-Pieces-nova-parapharmacie-casablanca.jpg\" \/>\n\t<meta property=\"og:image:width\" content=\"1000\" \/>\n\t<meta property=\"og:image:height\" content=\"1000\" \/>\n\t<meta property=\"og:image:type\" content=\"image\/jpeg\" \/>\n<meta name=\"twitter:card\" content=\"summary_large_image\" \/>\n<meta name=\"twitter:label1\" content=\"\u0648\u0642\u062a \u0627\u0644\u0642\u0631\u0627\u0621\u0629 \u0627\u0644\u0645\u064f\u0642\u062f\u0651\u0631\" \/>\n\t<meta name=\"twitter:data1\" content=\"3 \u062f\u0642\u0627\u0626\u0642\" \/>\n<script type=\"application\/ld+json\" class=\"yoast-schema-graph\">{\"@context\":\"https:\\\/\\\/schema.org\",\"@graph\":[{\"@type\":[\"WebPage\",\"ItemPage\"],\"@id\":\"https:\\\/\\\/vitablanca.ma\\\/produit\\\/medela-coussinets-dallaitement-jetables-30-pieces\\\/\",\"url\":\"https:\\\/\\\/vitablanca.ma\\\/produit\\\/medela-coussinets-dallaitement-jetables-30-pieces\\\/\",\"name\":\"Medela Coussinets D'Allaitement Jetables 30 Pi\u00e8ces - Maroc Prix\",\"isPartOf\":{\"@id\":\"https:\\\/\\\/vitablanca.ma\\\/#website\"},\"primaryImageOfPage\":{\"@id\":\"https:\\\/\\\/vitablanca.ma\\\/produit\\\/medela-coussinets-dallaitement-jetables-30-pieces\\\/#primaryimage\"},\"image\":{\"@id\":\"https:\\\/\\\/vitablanca.ma\\\/produit\\\/medela-coussinets-dallaitement-jetables-30-pieces\\\/#primaryimage\"},\"thumbnailUrl\":\"https:\\\/\\\/vitablanca.ma\\\/wp-content\\\/uploads\\\/2025\\\/06\\\/Medela-Coussinets-D_Allaitement-Jetables-30-Pieces-nova-parapharmacie-casablanca.jpg\",\"datePublished\":\"2025-06-10T18:31:42+00:00\",\"description\":\"Medela Coussinets D'Allaitement Jetables 30 Pi\u00e8ces\",\"breadcrumb\":{\"@id\":\"https:\\\/\\\/vitablanca.ma\\\/produit\\\/medela-coussinets-dallaitement-jetables-30-pieces\\\/#breadcrumb\"},\"inLanguage\":\"ar\",\"potentialAction\":[{\"@type\":\"ReadAction\",\"target\":[\"https:\\\/\\\/vitablanca.ma\\\/produit\\\/medela-coussinets-dallaitement-jetables-30-pieces\\\/\"]}]},{\"@type\":\"ImageObject\",\"inLanguage\":\"ar\",\"@id\":\"https:\\\/\\\/vitablanca.ma\\\/produit\\\/medela-coussinets-dallaitement-jetables-30-pieces\\\/#primaryimage\",\"url\":\"https:\\\/\\\/vitablanca.ma\\\/wp-content\\\/uploads\\\/2025\\\/06\\\/Medela-Coussinets-D_Allaitement-Jetables-30-Pieces-nova-parapharmacie-casablanca.jpg\",\"contentUrl\":\"https:\\\/\\\/vitablanca.ma\\\/wp-content\\\/uploads\\\/2025\\\/06\\\/Medela-Coussinets-D_Allaitement-Jetables-30-Pieces-nova-parapharmacie-casablanca.jpg\",\"width\":1000,\"height\":1000},{\"@type\":\"BreadcrumbList\",\"@id\":\"https:\\\/\\\/vitablanca.ma\\\/produit\\\/medela-coussinets-dallaitement-jetables-30-pieces\\\/#breadcrumb\",\"itemListElement\":[{\"@type\":\"ListItem\",\"position\":1,\"name\":\"Home\",\"item\":\"https:\\\/\\\/vitablanca.ma\\\/\"},{\"@type\":\"ListItem\",\"position\":2,\"name\":\"Tous Les Produits\",\"item\":\"https:\\\/\\\/vitablanca.ma\\\/tous-les-produits\\\/\"},{\"@type\":\"ListItem\",\"position\":3,\"name\":\"Medela Coussinets D&#8217;Allaitement Jetables 30 Pi\u00e8ces\"}]},{\"@type\":\"WebSite\",\"@id\":\"https:\\\/\\\/vitablanca.ma\\\/#website\",\"url\":\"https:\\\/\\\/vitablanca.ma\\\/\",\"name\":\"VitaBlanca.ma | Compl\u00e9ments alimentaires, sant\u00e9 & beaut\u00e9 au Maroc\",\"description\":\"vendre vitamines et compl\u00e9ments premium des USA &amp; Canada, Nouvelle Z\u00e9lande,Maroc (NOW Foods, Solgar, Manuka). Livraison rapide partout au Maroc.\",\"publisher\":{\"@id\":\"https:\\\/\\\/vitablanca.ma\\\/#organization\"},\"alternateName\":\"VitaBlanca.ma\",\"potentialAction\":[{\"@type\":\"SearchAction\",\"target\":{\"@type\":\"EntryPoint\",\"urlTemplate\":\"https:\\\/\\\/vitablanca.ma\\\/?s={search_term_string}\"},\"query-input\":{\"@type\":\"PropertyValueSpecification\",\"valueRequired\":true,\"valueName\":\"search_term_string\"}}],\"inLanguage\":\"ar\"},{\"@type\":\"Organization\",\"@id\":\"https:\\\/\\\/vitablanca.ma\\\/#organization\",\"name\":\"VitaBlanca\",\"url\":\"https:\\\/\\\/vitablanca.ma\\\/\",\"logo\":{\"@type\":\"ImageObject\",\"inLanguage\":\"ar\",\"@id\":\"https:\\\/\\\/vitablanca.ma\\\/#\\\/schema\\\/logo\\\/image\\\/\",\"url\":\"https:\\\/\\\/vitablanca.ma\\\/wp-content\\\/uploads\\\/2025\\\/05\\\/cropped-vitablanca.png\",\"contentUrl\":\"https:\\\/\\\/vitablanca.ma\\\/wp-content\\\/uploads\\\/2025\\\/05\\\/cropped-vitablanca.png\",\"width\":360,\"height\":67,\"caption\":\"VitaBlanca\"},\"image\":{\"@id\":\"https:\\\/\\\/vitablanca.ma\\\/#\\\/schema\\\/logo\\\/image\\\/\"},\"sameAs\":[\"https:\\\/\\\/www.facebook.com\\\/profile.php?id=61576678196717\",\"https:\\\/\\\/www.tiktok.com\\\/@vitablanca.ma\",\"https:\\\/\\\/www.instagram.com\\\/vitablanca.ma\\\/\"]}]}<\/script>\n<!-- \/ Yoast SEO plugin. -->","yoast_head_json":{"title":"Medela Coussinets D'Allaitement Jetables 30 Pi\u00e8ces - Maroc Prix","description":"\u0636\u0645\u0627\u062f\u0627\u062a \u0627\u0644\u0631\u0636\u0627\u0639\u0629 \u0644\u0644\u0627\u0633\u062a\u062e\u062f\u0627\u0645 \u0645\u0631\u0629 \u0648\u0627\u062d\u062f\u0629 \u0645\u0646 \u0645\u064a\u062f\u064a\u0644\u0627\u060c 30 \u0642\u0637\u0639\u0629","robots":{"index":"index","follow":"follow","max-snippet":"max-snippet:-1","max-image-preview":"max-image-preview:large","max-video-preview":"max-video-preview:-1"},"canonical":"https:\/\/vitablanca.ma\/ar\/product-2\/medela-coussinets-dallaitement-jetables-30-pieces\/","og_locale":"ar_AR","og_type":"article","og_title":"Medela Coussinets D'Allaitement Jetables 30 Pi\u00e8ces - Maroc Prix","og_description":"Medela Coussinets D'Allaitement Jetables 30 Pi\u00e8ces","og_url":"https:\/\/vitablanca.ma\/ar\/product-2\/medela-coussinets-dallaitement-jetables-30-pieces\/","og_site_name":"Vitablanca.ma &ndash; Sant&eacute;, vitalit&eacute; et bien-&ecirc;tre pour tous les Marocains","article_publisher":"https:\/\/www.facebook.com\/profile.php?id=61576678196717","og_image":[{"width":1000,"height":1000,"url":"https:\/\/vitablanca.ma\/wp-content\/uploads\/2025\/06\/Medela-Coussinets-D_Allaitement-Jetables-30-Pieces-nova-parapharmacie-casablanca.jpg","type":"image\/jpeg"}],"twitter_card":"summary_large_image","twitter_misc":{"\u0648\u0642\u062a \u0627\u0644\u0642\u0631\u0627\u0621\u0629 \u0627\u0644\u0645\u064f\u0642\u062f\u0651\u0631":"3 \u062f\u0642\u0627\u0626\u0642"},"schema":{"@context":"https:\/\/schema.org","@graph":[{"@type":["WebPage","ItemPage"],"@id":"https:\/\/vitablanca.ma\/produit\/medela-coussinets-dallaitement-jetables-30-pieces\/","url":"https:\/\/vitablanca.ma\/produit\/medela-coussinets-dallaitement-jetables-30-pieces\/","name":"Medela Coussinets D'Allaitement Jetables 30 Pi\u00e8ces - Maroc Prix","isPartOf":{"@id":"https:\/\/vitablanca.ma\/#website"},"primaryImageOfPage":{"@id":"https:\/\/vitablanca.ma\/produit\/medela-coussinets-dallaitement-jetables-30-pieces\/#primaryimage"},"image":{"@id":"https:\/\/vitablanca.ma\/produit\/medela-coussinets-dallaitement-jetables-30-pieces\/#primaryimage"},"thumbnailUrl":"https:\/\/vitablanca.ma\/wp-content\/uploads\/2025\/06\/Medela-Coussinets-D_Allaitement-Jetables-30-Pieces-nova-parapharmacie-casablanca.jpg","datePublished":"2025-06-10T18:31:42+00:00","description":"\u0636\u0645\u0627\u062f\u0627\u062a \u0627\u0644\u0631\u0636\u0627\u0639\u0629 \u0644\u0644\u0627\u0633\u062a\u062e\u062f\u0627\u0645 \u0645\u0631\u0629 \u0648\u0627\u062d\u062f\u0629 \u0645\u0646 \u0645\u064a\u062f\u064a\u0644\u0627\u060c 30 \u0642\u0637\u0639\u0629","breadcrumb":{"@id":"https:\/\/vitablanca.ma\/produit\/medela-coussinets-dallaitement-jetables-30-pieces\/#breadcrumb"},"inLanguage":"ar","potentialAction":[{"@type":"ReadAction","target":["https:\/\/vitablanca.ma\/produit\/medela-coussinets-dallaitement-jetables-30-pieces\/"]}]},{"@type":"ImageObject","inLanguage":"ar","@id":"https:\/\/vitablanca.ma\/produit\/medela-coussinets-dallaitement-jetables-30-pieces\/#primaryimage","url":"https:\/\/vitablanca.ma\/wp-content\/uploads\/2025\/06\/Medela-Coussinets-D_Allaitement-Jetables-30-Pieces-nova-parapharmacie-casablanca.jpg","contentUrl":"https:\/\/vitablanca.ma\/wp-content\/uploads\/2025\/06\/Medela-Coussinets-D_Allaitement-Jetables-30-Pieces-nova-parapharmacie-casablanca.jpg","width":1000,"height":1000},{"@type":"BreadcrumbList","@id":"https:\/\/vitablanca.ma\/produit\/medela-coussinets-dallaitement-jetables-30-pieces\/#breadcrumb","itemListElement":[{"@type":"ListItem","position":1,"name":"Home","item":"https:\/\/vitablanca.ma\/"},{"@type":"ListItem","position":2,"name":"Tous Les Produits","item":"https:\/\/vitablanca.ma\/tous-les-produits\/"},{"@type":"ListItem","position":3,"name":"Medela Coussinets D&#8217;Allaitement Jetables 30 Pi\u00e8ces"}]},{"@type":"WebSite","@id":"https:\/\/vitablanca.ma\/#website","url":"https:\/\/vitablanca.ma\/","name":"VitaBlanca.ma | \u0627\u0644\u0645\u0643\u0645\u0644\u0627\u062a \u0627\u0644\u063a\u0630\u0627\u0626\u064a\u0629\u060c \u0627\u0644\u0635\u062d\u0629 \u0648\u0627\u0644\u062c\u0645\u0627\u0644 \u0641\u064a \u0627\u0644\u0645\u063a\u0631\u0628","description":"\u0646\u0628\u064a\u0639 \u0641\u064a\u062a\u0627\u0645\u064a\u0646\u0627\u062a \u0648\u0645\u0643\u0645\u0644\u0627\u062a \u063a\u0630\u0627\u0626\u064a\u0629 \u0641\u0627\u062e\u0631\u0629 \u0645\u0646 \u0627\u0644\u0648\u0644\u0627\u064a\u0627\u062a \u0627\u0644\u0645\u062a\u062d\u062f\u0629 \u0627\u0644\u0623\u0645\u0631\u064a\u0643\u064a\u0629 \u0648\u0643\u0646\u062f\u0627 \u0648\u0646\u064a\u0648\u0632\u064a\u0644\u0646\u062f\u0627 \u0648\u0627\u0644\u0645\u063a\u0631\u0628 (\u0646\u0627\u0648 \u0641\u0648\u062f\u0632\u060c \u0633\u0648\u0644\u062c\u0627\u0631\u060c \u0645\u0627\u0646\u0648\u0643\u0627). \u062a\u0648\u0635\u064a\u0644 \u0633\u0631\u064a\u0639 \u0625\u0644\u0649 \u062c\u0645\u064a\u0639 \u0623\u0646\u062d\u0627\u0621 \u0627\u0644\u0645\u063a\u0631\u0628.","publisher":{"@id":"https:\/\/vitablanca.ma\/#organization"},"alternateName":"VitaBlanca.ma","potentialAction":[{"@type":"SearchAction","target":{"@type":"EntryPoint","urlTemplate":"https:\/\/vitablanca.ma\/?s={search_term_string}"},"query-input":{"@type":"PropertyValueSpecification","valueRequired":true,"valueName":"search_term_string"}}],"inLanguage":"ar"},{"@type":"Organization","@id":"https:\/\/vitablanca.ma\/#organization","name":"\u0641\u064a\u062a\u0627\u0628\u0644\u0627\u0646\u0643\u0627","url":"https:\/\/vitablanca.ma\/","logo":{"@type":"ImageObject","inLanguage":"ar","@id":"https:\/\/vitablanca.ma\/#\/schema\/logo\/image\/","url":"https:\/\/vitablanca.ma\/wp-content\/uploads\/2025\/05\/cropped-vitablanca.png","contentUrl":"https:\/\/vitablanca.ma\/wp-content\/uploads\/2025\/05\/cropped-vitablanca.png","width":360,"height":67,"caption":"VitaBlanca"},"image":{"@id":"https:\/\/vitablanca.ma\/#\/schema\/logo\/image\/"},"sameAs":["https:\/\/www.facebook.com\/profile.php?id=61576678196717","https:\/\/www.tiktok.com\/@vitablanca.ma","https:\/\/www.instagram.com\/vitablanca.ma\/"]}]}},"jetpack_sharing_enabled":true,"_links":{"self":[{"href":"https:\/\/vitablanca.ma\/ar\/wp-json\/wp\/v2\/product\/20254","targetHints":{"allow":["GET"]}}],"collection":[{"href":"https:\/\/vitablanca.ma\/ar\/wp-json\/wp\/v2\/product"}],"about":[{"href":"https:\/\/vitablanca.ma\/ar\/wp-json\/wp\/v2\/types\/product"}],"wp:featuredmedia":[{"embeddable":true,"href":"https:\/\/vitablanca.ma\/ar\/wp-json\/wp\/v2\/media\/20247"}],"wp:attachment":[{"href":"https:\/\/vitablanca.ma\/ar\/wp-json\/wp\/v2\/media?parent=20254"}],"wp:term":[{"taxonomy":"product_brand","embeddable":true,"href":"https:\/\/vitablanca.ma\/ar\/wp-json\/wp\/v2\/product_brand?post=20254"},{"taxonomy":"product_cat","embeddable":true,"href":"https:\/\/vitablanca.ma\/ar\/wp-json\/wp\/v2\/product_cat?post=20254"},{"taxonomy":"product_tag","embeddable":true,"href":"https:\/\/vitablanca.ma\/ar\/wp-json\/wp\/v2\/product_tag?post=20254"}],"curies":[{"name":"wp","href":"https:\/\/api.w.org\/{rel}","templated":true}]}}