{"id":20192,"date":"2025-06-10T18:29:56","date_gmt":"2025-06-10T18:29:56","guid":{"rendered":"https:\/\/vitablanca.ma\/product\/mam-perfect-0-6m-2-sucettes\/"},"modified":"2025-06-10T18:29:56","modified_gmt":"2025-06-10T18:29:56","slug":"mam-perfect-0-6m-2-sucettes","status":"publish","type":"product","link":"https:\/\/vitablanca.ma\/ar\/product-2\/mam-perfect-0-6m-2-sucettes\/","title":{"rendered":"MAM Perfect 0-6m -2 Sucettes"},"content":{"rendered":"<h2 data-mce-fragment=\"1\">MAM Perfect +6m\u00a0<span data-mce-fragment=\"1\">Particuli\u00e8rement douce avec les dents.<\/span><br \/>\n<\/h2>\n<p data-mce-fragment=\"1\"><span data-mce-fragment=\"1\">La sucette MAM Perfect est le meilleur moyen de contribuer au bon d\u00e9veloppement bucco-dentaire de b\u00e9b\u00e9.<br data-mce-fragment=\"1\">2 \u0645\u0635\u0627\u0635\u0629.<br data-mce-fragment=\"1\"><\/span><\/p>\n<ul data-mce-fragment=\"1\">\n<li data-mce-fragment=\"1\">La t\u00e9tine unique MAM Perfect est<span data-mce-fragment=\"1\">\u00a0<\/span><b data-mce-fragment=\"1\">60 % plus fine et 4 fois plus souple***<span data-mce-fragment=\"1\">\u00a0<\/span><\/b>que les t\u00e9tines de sucettes classiques<\/li>\n<li data-mce-fragment=\"1\">Permet \u00e0 la bouche de se fermer dans une<b data-mce-fragment=\"1\"><span data-mce-fragment=\"1\">\u00a0<\/span>position plus naturelle<\/b>\n<\/li>\n<li data-mce-fragment=\"1\">Sucette orthodontique con\u00e7ue pour<span data-mce-fragment=\"1\">\u00a0<\/span><b data-mce-fragment=\"1\">r\u00e9duire le risque de malposition dentaire<\/b>\n<\/li>\n<li data-mce-fragment=\"1\">\n<b data-mce-fragment=\"1\">Cliniquement prouv\u00e9<\/b><span data-mce-fragment=\"1\">\u00a0<\/span>: favorise le bon d\u00e9veloppement des dents et de la m\u00e2choire**<\/li>\n<li data-mce-fragment=\"1\">D\u00e9velopp\u00e9e en collaboration avec des orthodontistes et des dentistes p\u00e9diatriques<\/li>\n<li data-mce-fragment=\"1\"><span data-mce-fragment=\"1\">Disponible en silicone MAM SkinSoft\u2122, pour un\u00a0<b data-mce-fragment=\"1\">taux d\u2019acceptation \u00e9lev\u00e9<\/b>.\u00a0<\/span><\/li>\n<li data-mce-fragment=\"1\">\u064a\u0647\u062f\u0626 \u0648\u064a\u0647\u062f\u0626 \u0627\u0644\u0637\u0641\u0644<\/li>\n<li data-mce-fragment=\"1\">\u062a\u0645 \u062a\u0648\u0641\u064a\u0631\u0647 \u0641\u064a<span data-mce-fragment=\"1\">\u00a0<\/span><b data-mce-fragment=\"1\">\u0635\u0646\u062f\u0648\u0642 \u0627\u0644\u0646\u0642\u0644 \u0648\u0627\u0644\u062a\u0639\u0642\u064a\u0645<span data-mce-fragment=\"1\">\u00a0<\/span><\/b>pratique permettant une st\u00e9rilisation au micro-ondes simple et ultra rapide<\/li>\n<\/ul>\n<p data-mce-fragment=\"1\"><sup data-mce-fragment=\"1\">\u00b0<\/sup>\u0645\u0646\u062a\u062c\u0627\u062a MAM \u062e\u0627\u0644\u064a\u0629 \u0645\u0646 \u0645\u0627\u062f\u0629 BPA \u0648\u0641\u0642\u064b\u0627 \u0644\u0644\u0648\u0627\u0626\u062d \u0627\u0644\u062d\u0627\u0644\u064a\u0629. \u0643\u0645\u0627 \u0623\u0646\u0647\u0627 \u062e\u0627\u0644\u064a\u0629 \u0645\u0646 \u0645\u0627\u062f\u0629 BPS.<\/p>\n<div data-mce-fragment=\"1\">\n<b data-mce-fragment=\"1\">1. COLLERETTE\u00a0<br data-mce-fragment=\"1\"><\/b><span data-mce-fragment=\"1\">Arrondie pour un maximum de confort. Laisse respirer la peau gr\u00e2ce \u00e0 ses larges ouvertures.\u00a0\u00a0<\/span>\n<\/div>\n<div data-mce-fragment=\"1\">\n<b data-mce-fragment=\"1\"><\/b><span data-mce-fragment=\"1\"><b data-mce-fragment=\"1\">2. BOUTON\u00a0<br data-mce-fragment=\"1\"><\/b><\/span><span data-mce-fragment=\"1\">\u0633\u0631\u064a\u0639 \u0648\u0633\u0647\u0644 \u0627\u0644\u0627\u0633\u062a\u062e\u062f\u0627\u0645. \u0633\u0647\u0644 \u0627\u0644\u062a\u0631\u0643\u064a\u0628 \u0639\u0644\u0649 \u0645\u0634\u0628\u0643 \u0627\u0644\u0644\u0647\u0627\u064a\u0629.\u00a0\u00a0<\/span>\n<\/div>\n<div data-mce-fragment=\"1\">\n<b data-mce-fragment=\"1\"><\/b><span data-mce-fragment=\"1\"><b data-mce-fragment=\"1\">3. T\u00c9TINE\u00a0<br data-mce-fragment=\"1\"><\/b><\/span><span data-mce-fragment=\"1\">T\u00e9tine ultra fine et souple permettant \u00e0 la bouche de se fermer dans une position plus naturelle. Laisse suffisamment de place aux dents pour se former normalement, r\u00e9duisant ainsi le risque de malposition dentaire.\u00a0 \u00a0<\/span>\n<\/div>\n<div data-mce-fragment=\"1\">\n<b data-mce-fragment=\"1\"><\/b><span data-mce-fragment=\"1\"><b data-mce-fragment=\"1\">4. SILICONE SKINSOFT<br data-mce-fragment=\"1\"><\/b><\/span><span data-mce-fragment=\"1\">\u064a\u062a\u0645 \u0642\u0628\u0648\u0644\u0647\u0627 \u0628\u0633\u0647\u0648\u0644\u0629 \u0645\u0646 \u0642\u0628\u0644 \u0627\u0644\u0623\u0637\u0641\u0627\u0644\u060c \u0644\u0644\u062d\u0635\u0648\u0644 \u0639\u0644\u0649 \u0634\u0639\u0648\u0631 \u0645\u0623\u0644\u0648\u0641.\u00a0\u00a0<\/span>\n<\/div>","protected":false},"excerpt":{"rendered":"<p>MAM Perfect +6m\u00a0Particuli\u00e8rement douce avec les dents. La sucette MAM Perfect est le meilleur moyen de contribuer au bon d\u00e9veloppement bucco-dentaire de b\u00e9b\u00e9.2 Sucettes. La t\u00e9tine unique MAM Perfect est\u00a060 % plus fine et 4 fois plus souple***\u00a0que les t\u00e9tines de sucettes classiques Permet \u00e0 la bouche de se fermer dans une\u00a0position plus naturelle Sucette [&hellip;]<\/p>\n","protected":false},"featured_media":20189,"template":"","meta":{"om_disable_all_campaigns":false},"product_brand":[],"product_cat":[15],"product_tag":[],"class_list":{"0":"post-20192","1":"product","2":"type-product","3":"status-publish","4":"has-post-thumbnail","6":"product_cat-beaute-sante-complements-alimentaires-soins-et-bien-etre-au-meilleur-prix","8":"first","9":"instock","10":"sale","11":"taxable","12":"shipping-taxable","13":"purchasable","14":"product-type-simple"},"yoast_head":"<!-- This site is optimized with the Yoast SEO plugin v27.3 - https:\/\/yoast.com\/product\/yoast-seo-wordpress\/ -->\n<title>MAM Perfect 0-6m -2 Sucettes - Maroc Prix<\/title>\n<meta name=\"description\" content=\"MAM Perfect 0-6m -2 Sucettes\" \/>\n<meta name=\"robots\" content=\"index, follow, max-snippet:-1, max-image-preview:large, max-video-preview:-1\" \/>\n<link rel=\"canonical\" href=\"https:\/\/vitablanca.ma\/ar\/product-2\/mam-perfect-0-6m-2-sucettes\/\" \/>\n<meta property=\"og:locale\" content=\"ar_AR\" \/>\n<meta property=\"og:type\" content=\"article\" \/>\n<meta property=\"og:title\" content=\"MAM Perfect 0-6m -2 Sucettes - Maroc Prix\" \/>\n<meta property=\"og:description\" content=\"MAM Perfect 0-6m -2 Sucettes\" \/>\n<meta property=\"og:url\" content=\"https:\/\/vitablanca.ma\/ar\/product-2\/mam-perfect-0-6m-2-sucettes\/\" \/>\n<meta property=\"og:site_name\" content=\"Vitablanca.ma &ndash; Sant&eacute;, vitalit&eacute; et bien-&ecirc;tre pour tous les Marocains\" \/>\n<meta property=\"article:publisher\" content=\"https:\/\/www.facebook.com\/profile.php?id=61576678196717\" \/>\n<meta property=\"og:image\" content=\"https:\/\/vitablanca.ma\/wp-content\/uploads\/2025\/06\/MAM-Perfect-0-6m-2-Sucettes-nova-parapharmacie-casablanca.jpg\" \/>\n\t<meta property=\"og:image:width\" content=\"1000\" \/>\n\t<meta property=\"og:image:height\" content=\"1000\" \/>\n\t<meta property=\"og:image:type\" content=\"image\/jpeg\" \/>\n<meta name=\"twitter:card\" content=\"summary_large_image\" \/>\n<meta name=\"twitter:label1\" content=\"\u0648\u0642\u062a \u0627\u0644\u0642\u0631\u0627\u0621\u0629 \u0627\u0644\u0645\u064f\u0642\u062f\u0651\u0631\" \/>\n\t<meta name=\"twitter:data1\" content=\"\u062f\u0642\u064a\u0642\u0629 \u0648\u0627\u062d\u062f\u0629\" \/>\n<script type=\"application\/ld+json\" class=\"yoast-schema-graph\">{\"@context\":\"https:\\\/\\\/schema.org\",\"@graph\":[{\"@type\":[\"WebPage\",\"ItemPage\"],\"@id\":\"https:\\\/\\\/vitablanca.ma\\\/produit\\\/mam-perfect-0-6m-2-sucettes\\\/\",\"url\":\"https:\\\/\\\/vitablanca.ma\\\/produit\\\/mam-perfect-0-6m-2-sucettes\\\/\",\"name\":\"MAM Perfect 0-6m -2 Sucettes - Maroc Prix\",\"isPartOf\":{\"@id\":\"https:\\\/\\\/vitablanca.ma\\\/#website\"},\"primaryImageOfPage\":{\"@id\":\"https:\\\/\\\/vitablanca.ma\\\/produit\\\/mam-perfect-0-6m-2-sucettes\\\/#primaryimage\"},\"image\":{\"@id\":\"https:\\\/\\\/vitablanca.ma\\\/produit\\\/mam-perfect-0-6m-2-sucettes\\\/#primaryimage\"},\"thumbnailUrl\":\"https:\\\/\\\/vitablanca.ma\\\/wp-content\\\/uploads\\\/2025\\\/06\\\/MAM-Perfect-0-6m-2-Sucettes-nova-parapharmacie-casablanca.jpg\",\"datePublished\":\"2025-06-10T18:29:56+00:00\",\"description\":\"MAM Perfect 0-6m -2 Sucettes\",\"breadcrumb\":{\"@id\":\"https:\\\/\\\/vitablanca.ma\\\/produit\\\/mam-perfect-0-6m-2-sucettes\\\/#breadcrumb\"},\"inLanguage\":\"ar\",\"potentialAction\":[{\"@type\":\"ReadAction\",\"target\":[\"https:\\\/\\\/vitablanca.ma\\\/produit\\\/mam-perfect-0-6m-2-sucettes\\\/\"]}]},{\"@type\":\"ImageObject\",\"inLanguage\":\"ar\",\"@id\":\"https:\\\/\\\/vitablanca.ma\\\/produit\\\/mam-perfect-0-6m-2-sucettes\\\/#primaryimage\",\"url\":\"https:\\\/\\\/vitablanca.ma\\\/wp-content\\\/uploads\\\/2025\\\/06\\\/MAM-Perfect-0-6m-2-Sucettes-nova-parapharmacie-casablanca.jpg\",\"contentUrl\":\"https:\\\/\\\/vitablanca.ma\\\/wp-content\\\/uploads\\\/2025\\\/06\\\/MAM-Perfect-0-6m-2-Sucettes-nova-parapharmacie-casablanca.jpg\",\"width\":1000,\"height\":1000},{\"@type\":\"BreadcrumbList\",\"@id\":\"https:\\\/\\\/vitablanca.ma\\\/produit\\\/mam-perfect-0-6m-2-sucettes\\\/#breadcrumb\",\"itemListElement\":[{\"@type\":\"ListItem\",\"position\":1,\"name\":\"Home\",\"item\":\"https:\\\/\\\/vitablanca.ma\\\/\"},{\"@type\":\"ListItem\",\"position\":2,\"name\":\"Tous Les Produits\",\"item\":\"https:\\\/\\\/vitablanca.ma\\\/tous-les-produits\\\/\"},{\"@type\":\"ListItem\",\"position\":3,\"name\":\"MAM Perfect 0-6m -2 Sucettes\"}]},{\"@type\":\"WebSite\",\"@id\":\"https:\\\/\\\/vitablanca.ma\\\/#website\",\"url\":\"https:\\\/\\\/vitablanca.ma\\\/\",\"name\":\"VitaBlanca.ma | Compl\u00e9ments alimentaires, sant\u00e9 & beaut\u00e9 au Maroc\",\"description\":\"vendre vitamines et compl\u00e9ments premium des USA &amp; Canada, Nouvelle Z\u00e9lande,Maroc (NOW Foods, Solgar, Manuka). Livraison rapide partout au Maroc.\",\"publisher\":{\"@id\":\"https:\\\/\\\/vitablanca.ma\\\/#organization\"},\"alternateName\":\"VitaBlanca.ma\",\"potentialAction\":[{\"@type\":\"SearchAction\",\"target\":{\"@type\":\"EntryPoint\",\"urlTemplate\":\"https:\\\/\\\/vitablanca.ma\\\/?s={search_term_string}\"},\"query-input\":{\"@type\":\"PropertyValueSpecification\",\"valueRequired\":true,\"valueName\":\"search_term_string\"}}],\"inLanguage\":\"ar\"},{\"@type\":\"Organization\",\"@id\":\"https:\\\/\\\/vitablanca.ma\\\/#organization\",\"name\":\"VitaBlanca\",\"url\":\"https:\\\/\\\/vitablanca.ma\\\/\",\"logo\":{\"@type\":\"ImageObject\",\"inLanguage\":\"ar\",\"@id\":\"https:\\\/\\\/vitablanca.ma\\\/#\\\/schema\\\/logo\\\/image\\\/\",\"url\":\"https:\\\/\\\/vitablanca.ma\\\/wp-content\\\/uploads\\\/2025\\\/05\\\/cropped-vitablanca.png\",\"contentUrl\":\"https:\\\/\\\/vitablanca.ma\\\/wp-content\\\/uploads\\\/2025\\\/05\\\/cropped-vitablanca.png\",\"width\":360,\"height\":67,\"caption\":\"VitaBlanca\"},\"image\":{\"@id\":\"https:\\\/\\\/vitablanca.ma\\\/#\\\/schema\\\/logo\\\/image\\\/\"},\"sameAs\":[\"https:\\\/\\\/www.facebook.com\\\/profile.php?id=61576678196717\",\"https:\\\/\\\/www.tiktok.com\\\/@vitablanca.ma\",\"https:\\\/\\\/www.instagram.com\\\/vitablanca.ma\\\/\"]}]}<\/script>\n<!-- \/ Yoast SEO plugin. -->","yoast_head_json":{"title":"MAM Perfect 0-6m -2 Sucettes - Maroc Prix","description":"MAM Perfect 0-6m -2 Sucettes","robots":{"index":"index","follow":"follow","max-snippet":"max-snippet:-1","max-image-preview":"max-image-preview:large","max-video-preview":"max-video-preview:-1"},"canonical":"https:\/\/vitablanca.ma\/ar\/product-2\/mam-perfect-0-6m-2-sucettes\/","og_locale":"ar_AR","og_type":"article","og_title":"MAM Perfect 0-6m -2 Sucettes - Maroc Prix","og_description":"MAM Perfect 0-6m -2 Sucettes","og_url":"https:\/\/vitablanca.ma\/ar\/product-2\/mam-perfect-0-6m-2-sucettes\/","og_site_name":"Vitablanca.ma &ndash; Sant&eacute;, vitalit&eacute; et bien-&ecirc;tre pour tous les Marocains","article_publisher":"https:\/\/www.facebook.com\/profile.php?id=61576678196717","og_image":[{"width":1000,"height":1000,"url":"https:\/\/vitablanca.ma\/wp-content\/uploads\/2025\/06\/MAM-Perfect-0-6m-2-Sucettes-nova-parapharmacie-casablanca.jpg","type":"image\/jpeg"}],"twitter_card":"summary_large_image","twitter_misc":{"\u0648\u0642\u062a \u0627\u0644\u0642\u0631\u0627\u0621\u0629 \u0627\u0644\u0645\u064f\u0642\u062f\u0651\u0631":"\u062f\u0642\u064a\u0642\u0629 \u0648\u0627\u062d\u062f\u0629"},"schema":{"@context":"https:\/\/schema.org","@graph":[{"@type":["WebPage","ItemPage"],"@id":"https:\/\/vitablanca.ma\/produit\/mam-perfect-0-6m-2-sucettes\/","url":"https:\/\/vitablanca.ma\/produit\/mam-perfect-0-6m-2-sucettes\/","name":"MAM Perfect 0-6m -2 Sucettes - Maroc Prix","isPartOf":{"@id":"https:\/\/vitablanca.ma\/#website"},"primaryImageOfPage":{"@id":"https:\/\/vitablanca.ma\/produit\/mam-perfect-0-6m-2-sucettes\/#primaryimage"},"image":{"@id":"https:\/\/vitablanca.ma\/produit\/mam-perfect-0-6m-2-sucettes\/#primaryimage"},"thumbnailUrl":"https:\/\/vitablanca.ma\/wp-content\/uploads\/2025\/06\/MAM-Perfect-0-6m-2-Sucettes-nova-parapharmacie-casablanca.jpg","datePublished":"2025-06-10T18:29:56+00:00","description":"MAM Perfect 0-6m -2 Sucettes","breadcrumb":{"@id":"https:\/\/vitablanca.ma\/produit\/mam-perfect-0-6m-2-sucettes\/#breadcrumb"},"inLanguage":"ar","potentialAction":[{"@type":"ReadAction","target":["https:\/\/vitablanca.ma\/produit\/mam-perfect-0-6m-2-sucettes\/"]}]},{"@type":"ImageObject","inLanguage":"ar","@id":"https:\/\/vitablanca.ma\/produit\/mam-perfect-0-6m-2-sucettes\/#primaryimage","url":"https:\/\/vitablanca.ma\/wp-content\/uploads\/2025\/06\/MAM-Perfect-0-6m-2-Sucettes-nova-parapharmacie-casablanca.jpg","contentUrl":"https:\/\/vitablanca.ma\/wp-content\/uploads\/2025\/06\/MAM-Perfect-0-6m-2-Sucettes-nova-parapharmacie-casablanca.jpg","width":1000,"height":1000},{"@type":"BreadcrumbList","@id":"https:\/\/vitablanca.ma\/produit\/mam-perfect-0-6m-2-sucettes\/#breadcrumb","itemListElement":[{"@type":"ListItem","position":1,"name":"Home","item":"https:\/\/vitablanca.ma\/"},{"@type":"ListItem","position":2,"name":"Tous Les Produits","item":"https:\/\/vitablanca.ma\/tous-les-produits\/"},{"@type":"ListItem","position":3,"name":"MAM Perfect 0-6m -2 Sucettes"}]},{"@type":"WebSite","@id":"https:\/\/vitablanca.ma\/#website","url":"https:\/\/vitablanca.ma\/","name":"VitaBlanca.ma | \u0627\u0644\u0645\u0643\u0645\u0644\u0627\u062a \u0627\u0644\u063a\u0630\u0627\u0626\u064a\u0629\u060c \u0627\u0644\u0635\u062d\u0629 \u0648\u0627\u0644\u062c\u0645\u0627\u0644 \u0641\u064a \u0627\u0644\u0645\u063a\u0631\u0628","description":"\u0646\u0628\u064a\u0639 \u0641\u064a\u062a\u0627\u0645\u064a\u0646\u0627\u062a \u0648\u0645\u0643\u0645\u0644\u0627\u062a \u063a\u0630\u0627\u0626\u064a\u0629 \u0641\u0627\u062e\u0631\u0629 \u0645\u0646 \u0627\u0644\u0648\u0644\u0627\u064a\u0627\u062a \u0627\u0644\u0645\u062a\u062d\u062f\u0629 \u0627\u0644\u0623\u0645\u0631\u064a\u0643\u064a\u0629 \u0648\u0643\u0646\u062f\u0627 \u0648\u0646\u064a\u0648\u0632\u064a\u0644\u0646\u062f\u0627 \u0648\u0627\u0644\u0645\u063a\u0631\u0628 (\u0646\u0627\u0648 \u0641\u0648\u062f\u0632\u060c \u0633\u0648\u0644\u062c\u0627\u0631\u060c \u0645\u0627\u0646\u0648\u0643\u0627). \u062a\u0648\u0635\u064a\u0644 \u0633\u0631\u064a\u0639 \u0625\u0644\u0649 \u062c\u0645\u064a\u0639 \u0623\u0646\u062d\u0627\u0621 \u0627\u0644\u0645\u063a\u0631\u0628.","publisher":{"@id":"https:\/\/vitablanca.ma\/#organization"},"alternateName":"VitaBlanca.ma","potentialAction":[{"@type":"SearchAction","target":{"@type":"EntryPoint","urlTemplate":"https:\/\/vitablanca.ma\/?s={search_term_string}"},"query-input":{"@type":"PropertyValueSpecification","valueRequired":true,"valueName":"search_term_string"}}],"inLanguage":"ar"},{"@type":"Organization","@id":"https:\/\/vitablanca.ma\/#organization","name":"\u0641\u064a\u062a\u0627\u0628\u0644\u0627\u0646\u0643\u0627","url":"https:\/\/vitablanca.ma\/","logo":{"@type":"ImageObject","inLanguage":"ar","@id":"https:\/\/vitablanca.ma\/#\/schema\/logo\/image\/","url":"https:\/\/vitablanca.ma\/wp-content\/uploads\/2025\/05\/cropped-vitablanca.png","contentUrl":"https:\/\/vitablanca.ma\/wp-content\/uploads\/2025\/05\/cropped-vitablanca.png","width":360,"height":67,"caption":"VitaBlanca"},"image":{"@id":"https:\/\/vitablanca.ma\/#\/schema\/logo\/image\/"},"sameAs":["https:\/\/www.facebook.com\/profile.php?id=61576678196717","https:\/\/www.tiktok.com\/@vitablanca.ma","https:\/\/www.instagram.com\/vitablanca.ma\/"]}]}},"jetpack_sharing_enabled":true,"_links":{"self":[{"href":"https:\/\/vitablanca.ma\/ar\/wp-json\/wp\/v2\/product\/20192","targetHints":{"allow":["GET"]}}],"collection":[{"href":"https:\/\/vitablanca.ma\/ar\/wp-json\/wp\/v2\/product"}],"about":[{"href":"https:\/\/vitablanca.ma\/ar\/wp-json\/wp\/v2\/types\/product"}],"wp:featuredmedia":[{"embeddable":true,"href":"https:\/\/vitablanca.ma\/ar\/wp-json\/wp\/v2\/media\/20189"}],"wp:attachment":[{"href":"https:\/\/vitablanca.ma\/ar\/wp-json\/wp\/v2\/media?parent=20192"}],"wp:term":[{"taxonomy":"product_brand","embeddable":true,"href":"https:\/\/vitablanca.ma\/ar\/wp-json\/wp\/v2\/product_brand?post=20192"},{"taxonomy":"product_cat","embeddable":true,"href":"https:\/\/vitablanca.ma\/ar\/wp-json\/wp\/v2\/product_cat?post=20192"},{"taxonomy":"product_tag","embeddable":true,"href":"https:\/\/vitablanca.ma\/ar\/wp-json\/wp\/v2\/product_tag?post=20192"}],"curies":[{"name":"wp","href":"https:\/\/api.w.org\/{rel}","templated":true}]}}