{"id":20092,"date":"2025-06-10T18:26:36","date_gmt":"2025-06-10T18:26:36","guid":{"rendered":"https:\/\/vitablanca.ma\/product\/md-repair-b-dermo-creme-apaisante-200ml\/"},"modified":"2025-06-10T18:26:36","modified_gmt":"2025-06-10T18:26:36","slug":"md-repair-b-dermo-creme-apaisante-200ml","status":"publish","type":"product","link":"https:\/\/vitablanca.ma\/ar\/product-2\/md-repair-b-dermo-creme-apaisante-200ml\/","title":{"rendered":"\u0643\u0631\u064a\u0645 \u0645\u0647\u062f\u0626 \u0644\u0644\u0628\u0634\u0631\u0629 \u0645\u0646 \u0625\u0645 \u0622\u0646\u062f \u062f\u064a \u0631\u064a\u0628\u064a\u0631 \u0628\u064a \u062f\u064a\u0631\u0645\u0648 200 \u0645\u0644"},"content":{"rendered":"<h2>M&amp;D Repair B Dermo Cr\u00e8me Apaisante\u00a0<span data-mce-fragment=\"1\">Id\u00e9al pour prot\u00e9ger la peau dans toutes les conditions<\/span><br \/>\n<\/h2>\n<p data-mce-fragment=\"1\" style=\"font-weight: 400\" data-mce-style=\"font-weight: 400;\">Id\u00e9al pour prot\u00e9ger la peau dans toutes les conditions de stress cutan\u00e9 li\u00e9 aux coups de soleil, \u00e9ryth\u00e8me, d\u00e9shydratation, s\u00e9cheresse.<\/p>\n<p data-mce-fragment=\"1\" style=\"font-weight: 400\" data-mce-style=\"font-weight: 400;\">R\u00e9hydrate et r\u00e9pare l&rsquo;\u00e9piderme avec un effet prolong\u00e9 apr\u00e8s application.<\/p>\n<p style=\"font-weight: 400\" data-mce-style=\"font-weight: 400;\">Contient des huiles v\u00e9g\u00e9tales, de s\u00e9same et d&rsquo;avocat, respectivement riches en acide linol\u00e9ique (source d&rsquo;om\u00e9ga-6), et en une fraction insaponifiable contenant des phytost\u00e9rols et des vitamines. La cr\u00e8me contient un complexe \u00e0 base de c\u00e9ramides, de sphingosine et de cholest\u00e9rol qui favorisent une restauration efficace de la barri\u00e8re cutan\u00e9e endommag\u00e9e. Sans parfum.<\/p>\n<p style=\"font-weight: 400\" data-mce-style=\"font-weight: 400;\">Action r\u00e9paratrice intense<\/p>\n<p style=\"font-weight: 400\" data-mce-style=\"font-weight: 400;\">Convient aux coups de soleil, rougeurs et irritations<\/p>\n<p style=\"font-weight: 400\" data-mce-style=\"font-weight: 400;\">Texture extra \u00e9molliente et nourrissante<\/p>\n<h3 style=\"font-weight: 400\" data-mce-style=\"font-weight: 400;\"><b><strong>\u0637\u0631\u064a\u0642\u0629 \u0627\u0644\u0627\u0633\u062a\u062e\u062f\u0627\u0645<\/strong><\/b><\/h3>\n<p style=\"font-weight: 400\" data-mce-style=\"font-weight: 400;\">Appliquer sur les zones touch\u00e9es plusieurs fois par jour et masser doucement jusqu&rsquo;\u00e0 absorption.<\/p>\n<p style=\"font-weight: 400\" data-mce-style=\"font-weight: 400;\">QUI L&rsquo;UTILISE?<\/p>\n<p style=\"font-weight: 400\" data-mce-style=\"font-weight: 400;\">Sujets pr\u00e9sentant des abrasions localis\u00e9es et des zones cutan\u00e9es endommag\u00e9es dont la peau doit \u00eatre r\u00e9par\u00e9e.<\/p>\n<p style=\"font-weight: 400\" data-mce-style=\"font-weight: 400;\">Sujets \u00e0 la peau sensible et fragile pour restaurer la barri\u00e8re cutan\u00e9e ab\u00eem\u00e9e.<\/p>\n<h3 style=\"font-weight: 400\" data-mce-style=\"font-weight: 400;\"><b><strong>\u062a\u0639\u0628\u064a\u0631<\/strong><\/b><\/h3>\n<p style=\"font-weight: 400\" data-mce-style=\"font-weight: 400;\">C\u00e9ramides<\/p>\n<p style=\"font-weight: 400\" data-mce-style=\"font-weight: 400;\">Sphingosine<\/p>\n<p style=\"font-weight: 400\" data-mce-style=\"font-weight: 400;\">Cholest\u00e9rol<\/p>\n<p style=\"font-weight: 400\" data-mce-style=\"font-weight: 400;\">huile de s\u00e9same<\/p>\n<p style=\"font-weight: 400\" data-mce-style=\"font-weight: 400;\">QUE NE CONTIENT-IL PAS?<\/p>\n<p style=\"font-weight: 400\" data-mce-style=\"font-weight: 400;\">Colorants<\/p>\n<p style=\"font-weight: 400\" data-mce-style=\"font-weight: 400;\">\u0627\u0644\u0628\u0627\u0631\u0627\u0628\u064a\u0646<\/p>\n<p style=\"font-weight: 400\" data-mce-style=\"font-weight: 400;\">\u0631\u0627\u0626\u062d\u0629<\/p>","protected":false},"excerpt":{"rendered":"<p>M&amp;D Repair B Dermo Cr\u00e8me Apaisante\u00a0Id\u00e9al pour prot\u00e9ger la peau dans toutes les conditions Id\u00e9al pour prot\u00e9ger la peau dans toutes les conditions de stress cutan\u00e9 li\u00e9 aux coups de soleil, \u00e9ryth\u00e8me, d\u00e9shydratation, s\u00e9cheresse. R\u00e9hydrate et r\u00e9pare l&rsquo;\u00e9piderme avec un effet prolong\u00e9 apr\u00e8s application. Contient des huiles v\u00e9g\u00e9tales, de s\u00e9same et d&rsquo;avocat, respectivement riches en [&hellip;]<\/p>\n","protected":false},"featured_media":20086,"template":"","meta":{"om_disable_all_campaigns":false},"product_brand":[],"product_cat":[15],"product_tag":[],"class_list":{"0":"post-20092","1":"product","2":"type-product","3":"status-publish","4":"has-post-thumbnail","6":"product_cat-beaute-sante-complements-alimentaires-soins-et-bien-etre-au-meilleur-prix","8":"first","9":"instock","10":"sale","11":"taxable","12":"shipping-taxable","13":"purchasable","14":"product-type-simple"},"yoast_head":"<!-- This site is optimized with the Yoast SEO plugin v27.4 - https:\/\/yoast.com\/product\/yoast-seo-wordpress\/ -->\n<title>M&amp;D Repair B Dermo Cr\u00e8me Apaisante 200ml - Maroc Prix<\/title>\n<meta name=\"description\" content=\"M&amp;D Repair B Dermo Cr\u00e8me Apaisante 200ml\" \/>\n<meta name=\"robots\" content=\"index, follow, max-snippet:-1, max-image-preview:large, max-video-preview:-1\" \/>\n<link rel=\"canonical\" href=\"https:\/\/vitablanca.ma\/ar\/product-2\/md-repair-b-dermo-creme-apaisante-200ml\/\" \/>\n<meta property=\"og:locale\" content=\"ar_AR\" \/>\n<meta property=\"og:type\" content=\"article\" \/>\n<meta property=\"og:title\" content=\"M&amp;D Repair B Dermo Cr\u00e8me Apaisante 200ml - Maroc Prix\" \/>\n<meta property=\"og:description\" content=\"M&amp;D Repair B Dermo Cr\u00e8me Apaisante 200ml\" \/>\n<meta property=\"og:url\" content=\"https:\/\/vitablanca.ma\/ar\/product-2\/md-repair-b-dermo-creme-apaisante-200ml\/\" \/>\n<meta property=\"og:site_name\" content=\"Vitablanca.ma &ndash; Sant&eacute;, vitalit&eacute; et bien-&ecirc;tre pour tous les Marocains\" \/>\n<meta property=\"article:publisher\" content=\"https:\/\/www.facebook.com\/profile.php?id=61576678196717\" \/>\n<meta property=\"og:image\" content=\"https:\/\/vitablanca.ma\/wp-content\/uploads\/2025\/06\/M_D-Repair-B-Dermo-Creme-Apaisante-200ml-nova-parapharmacie-maroc.jpg\" \/>\n\t<meta property=\"og:image:width\" content=\"1000\" \/>\n\t<meta property=\"og:image:height\" content=\"1000\" \/>\n\t<meta property=\"og:image:type\" content=\"image\/jpeg\" \/>\n<meta name=\"twitter:card\" content=\"summary_large_image\" \/>\n<meta name=\"twitter:label1\" content=\"\u0648\u0642\u062a \u0627\u0644\u0642\u0631\u0627\u0621\u0629 \u0627\u0644\u0645\u064f\u0642\u062f\u0651\u0631\" \/>\n\t<meta name=\"twitter:data1\" content=\"\u062f\u0642\u064a\u0642\u0629 \u0648\u0627\u062d\u062f\u0629\" \/>\n<script type=\"application\/ld+json\" class=\"yoast-schema-graph\">{\"@context\":\"https:\\\/\\\/schema.org\",\"@graph\":[{\"@type\":[\"WebPage\",\"ItemPage\"],\"@id\":\"https:\\\/\\\/vitablanca.ma\\\/produit\\\/md-repair-b-dermo-creme-apaisante-200ml\\\/\",\"url\":\"https:\\\/\\\/vitablanca.ma\\\/produit\\\/md-repair-b-dermo-creme-apaisante-200ml\\\/\",\"name\":\"M&amp;D Repair B Dermo Cr\u00e8me Apaisante 200ml - Maroc Prix\",\"isPartOf\":{\"@id\":\"https:\\\/\\\/vitablanca.ma\\\/#website\"},\"primaryImageOfPage\":{\"@id\":\"https:\\\/\\\/vitablanca.ma\\\/produit\\\/md-repair-b-dermo-creme-apaisante-200ml\\\/#primaryimage\"},\"image\":{\"@id\":\"https:\\\/\\\/vitablanca.ma\\\/produit\\\/md-repair-b-dermo-creme-apaisante-200ml\\\/#primaryimage\"},\"thumbnailUrl\":\"https:\\\/\\\/vitablanca.ma\\\/wp-content\\\/uploads\\\/2025\\\/06\\\/M_D-Repair-B-Dermo-Creme-Apaisante-200ml-nova-parapharmacie-maroc.jpg\",\"datePublished\":\"2025-06-10T18:26:36+00:00\",\"description\":\"M&amp;D Repair B Dermo Cr\u00e8me Apaisante 200ml\",\"breadcrumb\":{\"@id\":\"https:\\\/\\\/vitablanca.ma\\\/produit\\\/md-repair-b-dermo-creme-apaisante-200ml\\\/#breadcrumb\"},\"inLanguage\":\"ar\",\"potentialAction\":[{\"@type\":\"ReadAction\",\"target\":[\"https:\\\/\\\/vitablanca.ma\\\/produit\\\/md-repair-b-dermo-creme-apaisante-200ml\\\/\"]}]},{\"@type\":\"ImageObject\",\"inLanguage\":\"ar\",\"@id\":\"https:\\\/\\\/vitablanca.ma\\\/produit\\\/md-repair-b-dermo-creme-apaisante-200ml\\\/#primaryimage\",\"url\":\"https:\\\/\\\/vitablanca.ma\\\/wp-content\\\/uploads\\\/2025\\\/06\\\/M_D-Repair-B-Dermo-Creme-Apaisante-200ml-nova-parapharmacie-maroc.jpg\",\"contentUrl\":\"https:\\\/\\\/vitablanca.ma\\\/wp-content\\\/uploads\\\/2025\\\/06\\\/M_D-Repair-B-Dermo-Creme-Apaisante-200ml-nova-parapharmacie-maroc.jpg\",\"width\":1000,\"height\":1000},{\"@type\":\"BreadcrumbList\",\"@id\":\"https:\\\/\\\/vitablanca.ma\\\/produit\\\/md-repair-b-dermo-creme-apaisante-200ml\\\/#breadcrumb\",\"itemListElement\":[{\"@type\":\"ListItem\",\"position\":1,\"name\":\"Home\",\"item\":\"https:\\\/\\\/vitablanca.ma\\\/\"},{\"@type\":\"ListItem\",\"position\":2,\"name\":\"Tous Les Produits\",\"item\":\"https:\\\/\\\/vitablanca.ma\\\/tous-les-produits\\\/\"},{\"@type\":\"ListItem\",\"position\":3,\"name\":\"M&amp;D Repair B Dermo Cr\u00e8me Apaisante 200ml\"}]},{\"@type\":\"WebSite\",\"@id\":\"https:\\\/\\\/vitablanca.ma\\\/#website\",\"url\":\"https:\\\/\\\/vitablanca.ma\\\/\",\"name\":\"VitaBlanca.ma | Compl\u00e9ments alimentaires, sant\u00e9 & beaut\u00e9 au Maroc\",\"description\":\"vendre vitamines et compl\u00e9ments premium des USA &amp; Canada, Nouvelle Z\u00e9lande,Maroc (NOW Foods, Solgar, Manuka). Livraison rapide partout au Maroc.\",\"publisher\":{\"@id\":\"https:\\\/\\\/vitablanca.ma\\\/#organization\"},\"alternateName\":\"VitaBlanca.ma\",\"potentialAction\":[{\"@type\":\"SearchAction\",\"target\":{\"@type\":\"EntryPoint\",\"urlTemplate\":\"https:\\\/\\\/vitablanca.ma\\\/?s={search_term_string}\"},\"query-input\":{\"@type\":\"PropertyValueSpecification\",\"valueRequired\":true,\"valueName\":\"search_term_string\"}}],\"inLanguage\":\"ar\"},{\"@type\":\"Organization\",\"@id\":\"https:\\\/\\\/vitablanca.ma\\\/#organization\",\"name\":\"VitaBlanca\",\"url\":\"https:\\\/\\\/vitablanca.ma\\\/\",\"logo\":{\"@type\":\"ImageObject\",\"inLanguage\":\"ar\",\"@id\":\"https:\\\/\\\/vitablanca.ma\\\/#\\\/schema\\\/logo\\\/image\\\/\",\"url\":\"https:\\\/\\\/vitablanca.ma\\\/wp-content\\\/uploads\\\/2025\\\/05\\\/cropped-vitablanca.png\",\"contentUrl\":\"https:\\\/\\\/vitablanca.ma\\\/wp-content\\\/uploads\\\/2025\\\/05\\\/cropped-vitablanca.png\",\"width\":360,\"height\":67,\"caption\":\"VitaBlanca\"},\"image\":{\"@id\":\"https:\\\/\\\/vitablanca.ma\\\/#\\\/schema\\\/logo\\\/image\\\/\"},\"sameAs\":[\"https:\\\/\\\/www.facebook.com\\\/profile.php?id=61576678196717\",\"https:\\\/\\\/www.tiktok.com\\\/@vitablanca.ma\",\"https:\\\/\\\/www.instagram.com\\\/vitablanca.ma\\\/\"]}]}<\/script>\n<!-- \/ Yoast SEO plugin. -->","yoast_head_json":{"title":"M&amp;D Repair B Dermo Cr\u00e8me Apaisante 200ml - Maroc Prix","description":"\u0643\u0631\u064a\u0645 \u0645\u0647\u062f\u0626 \u0644\u0644\u0628\u0634\u0631\u0629 \u0645\u0646 \u0625\u0645 \u0622\u0646\u062f \u062f\u064a \u0631\u064a\u0628\u064a\u0631 \u0628\u064a \u062f\u064a\u0631\u0645\u0648 200 \u0645\u0644","robots":{"index":"index","follow":"follow","max-snippet":"max-snippet:-1","max-image-preview":"max-image-preview:large","max-video-preview":"max-video-preview:-1"},"canonical":"https:\/\/vitablanca.ma\/ar\/product-2\/md-repair-b-dermo-creme-apaisante-200ml\/","og_locale":"ar_AR","og_type":"article","og_title":"M&amp;D Repair B Dermo Cr\u00e8me Apaisante 200ml - Maroc Prix","og_description":"M&amp;D Repair B Dermo Cr\u00e8me Apaisante 200ml","og_url":"https:\/\/vitablanca.ma\/ar\/product-2\/md-repair-b-dermo-creme-apaisante-200ml\/","og_site_name":"Vitablanca.ma &ndash; Sant&eacute;, vitalit&eacute; et bien-&ecirc;tre pour tous les Marocains","article_publisher":"https:\/\/www.facebook.com\/profile.php?id=61576678196717","og_image":[{"width":1000,"height":1000,"url":"https:\/\/vitablanca.ma\/wp-content\/uploads\/2025\/06\/M_D-Repair-B-Dermo-Creme-Apaisante-200ml-nova-parapharmacie-maroc.jpg","type":"image\/jpeg"}],"twitter_card":"summary_large_image","twitter_misc":{"\u0648\u0642\u062a \u0627\u0644\u0642\u0631\u0627\u0621\u0629 \u0627\u0644\u0645\u064f\u0642\u062f\u0651\u0631":"\u062f\u0642\u064a\u0642\u0629 \u0648\u0627\u062d\u062f\u0629"},"schema":{"@context":"https:\/\/schema.org","@graph":[{"@type":["WebPage","ItemPage"],"@id":"https:\/\/vitablanca.ma\/produit\/md-repair-b-dermo-creme-apaisante-200ml\/","url":"https:\/\/vitablanca.ma\/produit\/md-repair-b-dermo-creme-apaisante-200ml\/","name":"M&amp;D Repair B Dermo Cr\u00e8me Apaisante 200ml - Maroc Prix","isPartOf":{"@id":"https:\/\/vitablanca.ma\/#website"},"primaryImageOfPage":{"@id":"https:\/\/vitablanca.ma\/produit\/md-repair-b-dermo-creme-apaisante-200ml\/#primaryimage"},"image":{"@id":"https:\/\/vitablanca.ma\/produit\/md-repair-b-dermo-creme-apaisante-200ml\/#primaryimage"},"thumbnailUrl":"https:\/\/vitablanca.ma\/wp-content\/uploads\/2025\/06\/M_D-Repair-B-Dermo-Creme-Apaisante-200ml-nova-parapharmacie-maroc.jpg","datePublished":"2025-06-10T18:26:36+00:00","description":"\u0643\u0631\u064a\u0645 \u0645\u0647\u062f\u0626 \u0644\u0644\u0628\u0634\u0631\u0629 \u0645\u0646 \u0625\u0645 \u0622\u0646\u062f \u062f\u064a \u0631\u064a\u0628\u064a\u0631 \u0628\u064a \u062f\u064a\u0631\u0645\u0648 200 \u0645\u0644","breadcrumb":{"@id":"https:\/\/vitablanca.ma\/produit\/md-repair-b-dermo-creme-apaisante-200ml\/#breadcrumb"},"inLanguage":"ar","potentialAction":[{"@type":"ReadAction","target":["https:\/\/vitablanca.ma\/produit\/md-repair-b-dermo-creme-apaisante-200ml\/"]}]},{"@type":"ImageObject","inLanguage":"ar","@id":"https:\/\/vitablanca.ma\/produit\/md-repair-b-dermo-creme-apaisante-200ml\/#primaryimage","url":"https:\/\/vitablanca.ma\/wp-content\/uploads\/2025\/06\/M_D-Repair-B-Dermo-Creme-Apaisante-200ml-nova-parapharmacie-maroc.jpg","contentUrl":"https:\/\/vitablanca.ma\/wp-content\/uploads\/2025\/06\/M_D-Repair-B-Dermo-Creme-Apaisante-200ml-nova-parapharmacie-maroc.jpg","width":1000,"height":1000},{"@type":"BreadcrumbList","@id":"https:\/\/vitablanca.ma\/produit\/md-repair-b-dermo-creme-apaisante-200ml\/#breadcrumb","itemListElement":[{"@type":"ListItem","position":1,"name":"Home","item":"https:\/\/vitablanca.ma\/"},{"@type":"ListItem","position":2,"name":"Tous Les Produits","item":"https:\/\/vitablanca.ma\/tous-les-produits\/"},{"@type":"ListItem","position":3,"name":"M&amp;D Repair B Dermo Cr\u00e8me Apaisante 200ml"}]},{"@type":"WebSite","@id":"https:\/\/vitablanca.ma\/#website","url":"https:\/\/vitablanca.ma\/","name":"VitaBlanca.ma | \u0627\u0644\u0645\u0643\u0645\u0644\u0627\u062a \u0627\u0644\u063a\u0630\u0627\u0626\u064a\u0629\u060c \u0627\u0644\u0635\u062d\u0629 \u0648\u0627\u0644\u062c\u0645\u0627\u0644 \u0641\u064a \u0627\u0644\u0645\u063a\u0631\u0628","description":"\u0646\u0628\u064a\u0639 \u0641\u064a\u062a\u0627\u0645\u064a\u0646\u0627\u062a \u0648\u0645\u0643\u0645\u0644\u0627\u062a \u063a\u0630\u0627\u0626\u064a\u0629 \u0641\u0627\u062e\u0631\u0629 \u0645\u0646 \u0627\u0644\u0648\u0644\u0627\u064a\u0627\u062a \u0627\u0644\u0645\u062a\u062d\u062f\u0629 \u0627\u0644\u0623\u0645\u0631\u064a\u0643\u064a\u0629 \u0648\u0643\u0646\u062f\u0627 \u0648\u0646\u064a\u0648\u0632\u064a\u0644\u0646\u062f\u0627 \u0648\u0627\u0644\u0645\u063a\u0631\u0628 (\u0646\u0627\u0648 \u0641\u0648\u062f\u0632\u060c \u0633\u0648\u0644\u062c\u0627\u0631\u060c \u0645\u0627\u0646\u0648\u0643\u0627). \u062a\u0648\u0635\u064a\u0644 \u0633\u0631\u064a\u0639 \u0625\u0644\u0649 \u062c\u0645\u064a\u0639 \u0623\u0646\u062d\u0627\u0621 \u0627\u0644\u0645\u063a\u0631\u0628.","publisher":{"@id":"https:\/\/vitablanca.ma\/#organization"},"alternateName":"VitaBlanca.ma","potentialAction":[{"@type":"SearchAction","target":{"@type":"EntryPoint","urlTemplate":"https:\/\/vitablanca.ma\/?s={search_term_string}"},"query-input":{"@type":"PropertyValueSpecification","valueRequired":true,"valueName":"search_term_string"}}],"inLanguage":"ar"},{"@type":"Organization","@id":"https:\/\/vitablanca.ma\/#organization","name":"\u0641\u064a\u062a\u0627\u0628\u0644\u0627\u0646\u0643\u0627","url":"https:\/\/vitablanca.ma\/","logo":{"@type":"ImageObject","inLanguage":"ar","@id":"https:\/\/vitablanca.ma\/#\/schema\/logo\/image\/","url":"https:\/\/vitablanca.ma\/wp-content\/uploads\/2025\/05\/cropped-vitablanca.png","contentUrl":"https:\/\/vitablanca.ma\/wp-content\/uploads\/2025\/05\/cropped-vitablanca.png","width":360,"height":67,"caption":"VitaBlanca"},"image":{"@id":"https:\/\/vitablanca.ma\/#\/schema\/logo\/image\/"},"sameAs":["https:\/\/www.facebook.com\/profile.php?id=61576678196717","https:\/\/www.tiktok.com\/@vitablanca.ma","https:\/\/www.instagram.com\/vitablanca.ma\/"]}]}},"jetpack_sharing_enabled":true,"_links":{"self":[{"href":"https:\/\/vitablanca.ma\/ar\/wp-json\/wp\/v2\/product\/20092","targetHints":{"allow":["GET"]}}],"collection":[{"href":"https:\/\/vitablanca.ma\/ar\/wp-json\/wp\/v2\/product"}],"about":[{"href":"https:\/\/vitablanca.ma\/ar\/wp-json\/wp\/v2\/types\/product"}],"wp:featuredmedia":[{"embeddable":true,"href":"https:\/\/vitablanca.ma\/ar\/wp-json\/wp\/v2\/media\/20086"}],"wp:attachment":[{"href":"https:\/\/vitablanca.ma\/ar\/wp-json\/wp\/v2\/media?parent=20092"}],"wp:term":[{"taxonomy":"product_brand","embeddable":true,"href":"https:\/\/vitablanca.ma\/ar\/wp-json\/wp\/v2\/product_brand?post=20092"},{"taxonomy":"product_cat","embeddable":true,"href":"https:\/\/vitablanca.ma\/ar\/wp-json\/wp\/v2\/product_cat?post=20092"},{"taxonomy":"product_tag","embeddable":true,"href":"https:\/\/vitablanca.ma\/ar\/wp-json\/wp\/v2\/product_tag?post=20092"}],"curies":[{"name":"wp","href":"https:\/\/api.w.org\/{rel}","templated":true}]}}