{"id":20056,"date":"2025-06-10T18:25:06","date_gmt":"2025-06-10T18:25:06","guid":{"rendered":"https:\/\/vitablanca.ma\/product\/photowhite-serum-eclaircissant-advanced-30ml\/"},"modified":"2025-06-10T18:25:06","modified_gmt":"2025-06-10T18:25:06","slug":"photowhite-serum-eclaircissant-advanced-30ml","status":"publish","type":"product","link":"https:\/\/vitablanca.ma\/ar\/product-2\/photowhite-serum-eclaircissant-advanced-30ml\/","title":{"rendered":"Photowhite S\u00e9rum Eclaircissant Advanced 30ml"},"content":{"rendered":"<h2>Photowhite S\u00e9rum Eclaircissant Advanced\u00a0<span data-mce-fragment=\"1\">pour un traitement d\u00e9pigmentant efficace en un seul produit.\u00a0<\/span><br \/>\n<\/h2>\n<p>S\u00e9rum visage concentr\u00e9 qui combine les phases fondamentales pour un traitement d\u00e9pigmentant efficace en un seul produit. Contient de l&rsquo;acide glycolique qui exfolie en douceur l&rsquo;\u00e9tat de surface de l&rsquo;\u00e9piderme et un complexe d&rsquo;inhibiteurs de la m\u00e9lanogen\u00e8se qui agissent en synergie pour contrer la formation de m\u00e9lanine.<\/p>\n<p>Action exfoliante Action d\u00e9pigmentante anti-taches<\/p>\n<p>Action antioxydante<\/p>\n<h3>COMMENT UTILISER?<\/h3>\n<p>Appliquer sur l&rsquo;ensemble du visage 2 fois par jour (matin et soir) apr\u00e8s un nettoyage en profondeur. Appliquer en particulier sur les zones pr\u00e9sentant des taches cutan\u00e9es, une d\u00e9coloration, un \u00e9paississement. Continuez l&rsquo;application quotidienne pendant au moins 60 jours.<\/p>\n<h3>QUI L&rsquo;UTILISE?<\/h3>\n<p>Sujets pr\u00e9sentant une d\u00e9coloration et des taches cutan\u00e9es<\/p>\n<p>Pour unifier le teint du visage<\/p>\n<p>Pour renouveler, raviver et illuminer la peau terne<\/p>\n<h3>QUE CONTIENT-IL?<\/h3>\n<p>Acide glycolique<\/p>\n<p>Inhibiteurs de la m\u00e9lanogen\u00e8se<\/p>\n<p>\u0641\u064a\u062a\u0627\u0645\u064a\u0646 \u0647\u0640<\/p>\n<p>\u0641\u064a\u062a\u0627\u0645\u064a\u0646 \u0633\u064a<\/p>\n<h3>QUE NE CONTIENT-IL PAS?<\/h3>\n<p>\u0627\u0644\u0628\u0627\u0631\u0627\u0628\u064a\u0646<\/p>\n<p>\u0627\u0644\u0632\u064a\u0648\u062a \u0627\u0644\u0645\u0639\u062f\u0646\u064a\u0629<\/p>\n<p>\u0631\u0627\u0626\u062d\u0629<\/p>\n<p>Colorants<\/p>","protected":false},"excerpt":{"rendered":"<p>Photowhite S\u00e9rum Eclaircissant Advanced\u00a0pour un traitement d\u00e9pigmentant efficace en un seul produit.\u00a0 S\u00e9rum visage concentr\u00e9 qui combine les phases fondamentales pour un traitement d\u00e9pigmentant efficace en un seul produit. Contient de l&rsquo;acide glycolique qui exfolie en douceur l&rsquo;\u00e9tat de surface de l&rsquo;\u00e9piderme et un complexe d&rsquo;inhibiteurs de la m\u00e9lanogen\u00e8se qui agissent en synergie pour contrer [&hellip;]<\/p>\n","protected":false},"featured_media":20048,"template":"","meta":{"om_disable_all_campaigns":false},"product_brand":[],"product_cat":[15],"product_tag":[],"class_list":{"0":"post-20056","1":"product","2":"type-product","3":"status-publish","4":"has-post-thumbnail","6":"product_cat-beaute-sante-complements-alimentaires-soins-et-bien-etre-au-meilleur-prix","8":"first","9":"instock","10":"sale","11":"taxable","12":"shipping-taxable","13":"purchasable","14":"product-type-simple"},"yoast_head":"<!-- This site is optimized with the Yoast SEO plugin v27.4 - https:\/\/yoast.com\/product\/yoast-seo-wordpress\/ -->\n<title>Photowhite S\u00e9rum Eclaircissant Advanced 30ml - Maroc Prix<\/title>\n<meta name=\"description\" content=\"Photowhite S\u00e9rum Eclaircissant Advanced 30ml\" \/>\n<meta name=\"robots\" content=\"index, follow, max-snippet:-1, max-image-preview:large, max-video-preview:-1\" \/>\n<link rel=\"canonical\" href=\"https:\/\/vitablanca.ma\/ar\/product-2\/photowhite-serum-eclaircissant-advanced-30ml\/\" \/>\n<meta property=\"og:locale\" content=\"ar_AR\" \/>\n<meta property=\"og:type\" content=\"article\" \/>\n<meta property=\"og:title\" content=\"Photowhite S\u00e9rum Eclaircissant Advanced 30ml - Maroc Prix\" \/>\n<meta property=\"og:description\" content=\"Photowhite S\u00e9rum Eclaircissant Advanced 30ml\" \/>\n<meta property=\"og:url\" content=\"https:\/\/vitablanca.ma\/ar\/product-2\/photowhite-serum-eclaircissant-advanced-30ml\/\" \/>\n<meta property=\"og:site_name\" content=\"Vitablanca.ma &ndash; Sant&eacute;, vitalit&eacute; et bien-&ecirc;tre pour tous les Marocains\" \/>\n<meta property=\"article:publisher\" content=\"https:\/\/www.facebook.com\/profile.php?id=61576678196717\" \/>\n<meta property=\"og:image\" content=\"https:\/\/vitablanca.ma\/wp-content\/uploads\/2025\/06\/Photowhite-Serum-Eclaircissant-Advanced-30mlnova-parapharmacie-maroc.jpg\" \/>\n\t<meta property=\"og:image:width\" content=\"1000\" \/>\n\t<meta property=\"og:image:height\" content=\"1000\" \/>\n\t<meta property=\"og:image:type\" content=\"image\/jpeg\" \/>\n<meta name=\"twitter:card\" content=\"summary_large_image\" \/>\n<meta name=\"twitter:label1\" content=\"\u0648\u0642\u062a \u0627\u0644\u0642\u0631\u0627\u0621\u0629 \u0627\u0644\u0645\u064f\u0642\u062f\u0651\u0631\" \/>\n\t<meta name=\"twitter:data1\" content=\"\u062f\u0642\u064a\u0642\u0629 \u0648\u0627\u062d\u062f\u0629\" \/>\n<script type=\"application\/ld+json\" class=\"yoast-schema-graph\">{\"@context\":\"https:\\\/\\\/schema.org\",\"@graph\":[{\"@type\":[\"WebPage\",\"ItemPage\"],\"@id\":\"https:\\\/\\\/vitablanca.ma\\\/produit\\\/photowhite-serum-eclaircissant-advanced-30ml\\\/\",\"url\":\"https:\\\/\\\/vitablanca.ma\\\/produit\\\/photowhite-serum-eclaircissant-advanced-30ml\\\/\",\"name\":\"Photowhite S\u00e9rum Eclaircissant Advanced 30ml - Maroc Prix\",\"isPartOf\":{\"@id\":\"https:\\\/\\\/vitablanca.ma\\\/#website\"},\"primaryImageOfPage\":{\"@id\":\"https:\\\/\\\/vitablanca.ma\\\/produit\\\/photowhite-serum-eclaircissant-advanced-30ml\\\/#primaryimage\"},\"image\":{\"@id\":\"https:\\\/\\\/vitablanca.ma\\\/produit\\\/photowhite-serum-eclaircissant-advanced-30ml\\\/#primaryimage\"},\"thumbnailUrl\":\"https:\\\/\\\/vitablanca.ma\\\/wp-content\\\/uploads\\\/2025\\\/06\\\/Photowhite-Serum-Eclaircissant-Advanced-30mlnova-parapharmacie-maroc.jpg\",\"datePublished\":\"2025-06-10T18:25:06+00:00\",\"description\":\"Photowhite S\u00e9rum Eclaircissant Advanced 30ml\",\"breadcrumb\":{\"@id\":\"https:\\\/\\\/vitablanca.ma\\\/produit\\\/photowhite-serum-eclaircissant-advanced-30ml\\\/#breadcrumb\"},\"inLanguage\":\"ar\",\"potentialAction\":[{\"@type\":\"ReadAction\",\"target\":[\"https:\\\/\\\/vitablanca.ma\\\/produit\\\/photowhite-serum-eclaircissant-advanced-30ml\\\/\"]}]},{\"@type\":\"ImageObject\",\"inLanguage\":\"ar\",\"@id\":\"https:\\\/\\\/vitablanca.ma\\\/produit\\\/photowhite-serum-eclaircissant-advanced-30ml\\\/#primaryimage\",\"url\":\"https:\\\/\\\/vitablanca.ma\\\/wp-content\\\/uploads\\\/2025\\\/06\\\/Photowhite-Serum-Eclaircissant-Advanced-30mlnova-parapharmacie-maroc.jpg\",\"contentUrl\":\"https:\\\/\\\/vitablanca.ma\\\/wp-content\\\/uploads\\\/2025\\\/06\\\/Photowhite-Serum-Eclaircissant-Advanced-30mlnova-parapharmacie-maroc.jpg\",\"width\":1000,\"height\":1000},{\"@type\":\"BreadcrumbList\",\"@id\":\"https:\\\/\\\/vitablanca.ma\\\/produit\\\/photowhite-serum-eclaircissant-advanced-30ml\\\/#breadcrumb\",\"itemListElement\":[{\"@type\":\"ListItem\",\"position\":1,\"name\":\"Home\",\"item\":\"https:\\\/\\\/vitablanca.ma\\\/\"},{\"@type\":\"ListItem\",\"position\":2,\"name\":\"Tous Les Produits\",\"item\":\"https:\\\/\\\/vitablanca.ma\\\/tous-les-produits\\\/\"},{\"@type\":\"ListItem\",\"position\":3,\"name\":\"Photowhite S\u00e9rum Eclaircissant Advanced 30ml\"}]},{\"@type\":\"WebSite\",\"@id\":\"https:\\\/\\\/vitablanca.ma\\\/#website\",\"url\":\"https:\\\/\\\/vitablanca.ma\\\/\",\"name\":\"VitaBlanca.ma | Compl\u00e9ments alimentaires, sant\u00e9 & beaut\u00e9 au Maroc\",\"description\":\"vendre vitamines et compl\u00e9ments premium des USA &amp; Canada, Nouvelle Z\u00e9lande,Maroc (NOW Foods, Solgar, Manuka). Livraison rapide partout au Maroc.\",\"publisher\":{\"@id\":\"https:\\\/\\\/vitablanca.ma\\\/#organization\"},\"alternateName\":\"VitaBlanca.ma\",\"potentialAction\":[{\"@type\":\"SearchAction\",\"target\":{\"@type\":\"EntryPoint\",\"urlTemplate\":\"https:\\\/\\\/vitablanca.ma\\\/?s={search_term_string}\"},\"query-input\":{\"@type\":\"PropertyValueSpecification\",\"valueRequired\":true,\"valueName\":\"search_term_string\"}}],\"inLanguage\":\"ar\"},{\"@type\":\"Organization\",\"@id\":\"https:\\\/\\\/vitablanca.ma\\\/#organization\",\"name\":\"VitaBlanca\",\"url\":\"https:\\\/\\\/vitablanca.ma\\\/\",\"logo\":{\"@type\":\"ImageObject\",\"inLanguage\":\"ar\",\"@id\":\"https:\\\/\\\/vitablanca.ma\\\/#\\\/schema\\\/logo\\\/image\\\/\",\"url\":\"https:\\\/\\\/vitablanca.ma\\\/wp-content\\\/uploads\\\/2025\\\/05\\\/cropped-vitablanca.png\",\"contentUrl\":\"https:\\\/\\\/vitablanca.ma\\\/wp-content\\\/uploads\\\/2025\\\/05\\\/cropped-vitablanca.png\",\"width\":360,\"height\":67,\"caption\":\"VitaBlanca\"},\"image\":{\"@id\":\"https:\\\/\\\/vitablanca.ma\\\/#\\\/schema\\\/logo\\\/image\\\/\"},\"sameAs\":[\"https:\\\/\\\/www.facebook.com\\\/profile.php?id=61576678196717\",\"https:\\\/\\\/www.tiktok.com\\\/@vitablanca.ma\",\"https:\\\/\\\/www.instagram.com\\\/vitablanca.ma\\\/\"]}]}<\/script>\n<!-- \/ Yoast SEO plugin. -->","yoast_head_json":{"title":"Photowhite S\u00e9rum Eclaircissant Advanced 30ml - Maroc Prix","description":"Photowhite S\u00e9rum Eclaircissant Advanced 30ml","robots":{"index":"index","follow":"follow","max-snippet":"max-snippet:-1","max-image-preview":"max-image-preview:large","max-video-preview":"max-video-preview:-1"},"canonical":"https:\/\/vitablanca.ma\/ar\/product-2\/photowhite-serum-eclaircissant-advanced-30ml\/","og_locale":"ar_AR","og_type":"article","og_title":"Photowhite S\u00e9rum Eclaircissant Advanced 30ml - Maroc Prix","og_description":"Photowhite S\u00e9rum Eclaircissant Advanced 30ml","og_url":"https:\/\/vitablanca.ma\/ar\/product-2\/photowhite-serum-eclaircissant-advanced-30ml\/","og_site_name":"Vitablanca.ma &ndash; Sant&eacute;, vitalit&eacute; et bien-&ecirc;tre pour tous les Marocains","article_publisher":"https:\/\/www.facebook.com\/profile.php?id=61576678196717","og_image":[{"width":1000,"height":1000,"url":"https:\/\/vitablanca.ma\/wp-content\/uploads\/2025\/06\/Photowhite-Serum-Eclaircissant-Advanced-30mlnova-parapharmacie-maroc.jpg","type":"image\/jpeg"}],"twitter_card":"summary_large_image","twitter_misc":{"\u0648\u0642\u062a \u0627\u0644\u0642\u0631\u0627\u0621\u0629 \u0627\u0644\u0645\u064f\u0642\u062f\u0651\u0631":"\u062f\u0642\u064a\u0642\u0629 \u0648\u0627\u062d\u062f\u0629"},"schema":{"@context":"https:\/\/schema.org","@graph":[{"@type":["WebPage","ItemPage"],"@id":"https:\/\/vitablanca.ma\/produit\/photowhite-serum-eclaircissant-advanced-30ml\/","url":"https:\/\/vitablanca.ma\/produit\/photowhite-serum-eclaircissant-advanced-30ml\/","name":"Photowhite S\u00e9rum Eclaircissant Advanced 30ml - Maroc Prix","isPartOf":{"@id":"https:\/\/vitablanca.ma\/#website"},"primaryImageOfPage":{"@id":"https:\/\/vitablanca.ma\/produit\/photowhite-serum-eclaircissant-advanced-30ml\/#primaryimage"},"image":{"@id":"https:\/\/vitablanca.ma\/produit\/photowhite-serum-eclaircissant-advanced-30ml\/#primaryimage"},"thumbnailUrl":"https:\/\/vitablanca.ma\/wp-content\/uploads\/2025\/06\/Photowhite-Serum-Eclaircissant-Advanced-30mlnova-parapharmacie-maroc.jpg","datePublished":"2025-06-10T18:25:06+00:00","description":"Photowhite S\u00e9rum Eclaircissant Advanced 30ml","breadcrumb":{"@id":"https:\/\/vitablanca.ma\/produit\/photowhite-serum-eclaircissant-advanced-30ml\/#breadcrumb"},"inLanguage":"ar","potentialAction":[{"@type":"ReadAction","target":["https:\/\/vitablanca.ma\/produit\/photowhite-serum-eclaircissant-advanced-30ml\/"]}]},{"@type":"ImageObject","inLanguage":"ar","@id":"https:\/\/vitablanca.ma\/produit\/photowhite-serum-eclaircissant-advanced-30ml\/#primaryimage","url":"https:\/\/vitablanca.ma\/wp-content\/uploads\/2025\/06\/Photowhite-Serum-Eclaircissant-Advanced-30mlnova-parapharmacie-maroc.jpg","contentUrl":"https:\/\/vitablanca.ma\/wp-content\/uploads\/2025\/06\/Photowhite-Serum-Eclaircissant-Advanced-30mlnova-parapharmacie-maroc.jpg","width":1000,"height":1000},{"@type":"BreadcrumbList","@id":"https:\/\/vitablanca.ma\/produit\/photowhite-serum-eclaircissant-advanced-30ml\/#breadcrumb","itemListElement":[{"@type":"ListItem","position":1,"name":"Home","item":"https:\/\/vitablanca.ma\/"},{"@type":"ListItem","position":2,"name":"Tous Les Produits","item":"https:\/\/vitablanca.ma\/tous-les-produits\/"},{"@type":"ListItem","position":3,"name":"Photowhite S\u00e9rum Eclaircissant Advanced 30ml"}]},{"@type":"WebSite","@id":"https:\/\/vitablanca.ma\/#website","url":"https:\/\/vitablanca.ma\/","name":"VitaBlanca.ma | \u0627\u0644\u0645\u0643\u0645\u0644\u0627\u062a \u0627\u0644\u063a\u0630\u0627\u0626\u064a\u0629\u060c \u0627\u0644\u0635\u062d\u0629 \u0648\u0627\u0644\u062c\u0645\u0627\u0644 \u0641\u064a \u0627\u0644\u0645\u063a\u0631\u0628","description":"\u0646\u0628\u064a\u0639 \u0641\u064a\u062a\u0627\u0645\u064a\u0646\u0627\u062a \u0648\u0645\u0643\u0645\u0644\u0627\u062a \u063a\u0630\u0627\u0626\u064a\u0629 \u0641\u0627\u062e\u0631\u0629 \u0645\u0646 \u0627\u0644\u0648\u0644\u0627\u064a\u0627\u062a \u0627\u0644\u0645\u062a\u062d\u062f\u0629 \u0627\u0644\u0623\u0645\u0631\u064a\u0643\u064a\u0629 \u0648\u0643\u0646\u062f\u0627 \u0648\u0646\u064a\u0648\u0632\u064a\u0644\u0646\u062f\u0627 \u0648\u0627\u0644\u0645\u063a\u0631\u0628 (\u0646\u0627\u0648 \u0641\u0648\u062f\u0632\u060c \u0633\u0648\u0644\u062c\u0627\u0631\u060c \u0645\u0627\u0646\u0648\u0643\u0627). \u062a\u0648\u0635\u064a\u0644 \u0633\u0631\u064a\u0639 \u0625\u0644\u0649 \u062c\u0645\u064a\u0639 \u0623\u0646\u062d\u0627\u0621 \u0627\u0644\u0645\u063a\u0631\u0628.","publisher":{"@id":"https:\/\/vitablanca.ma\/#organization"},"alternateName":"VitaBlanca.ma","potentialAction":[{"@type":"SearchAction","target":{"@type":"EntryPoint","urlTemplate":"https:\/\/vitablanca.ma\/?s={search_term_string}"},"query-input":{"@type":"PropertyValueSpecification","valueRequired":true,"valueName":"search_term_string"}}],"inLanguage":"ar"},{"@type":"Organization","@id":"https:\/\/vitablanca.ma\/#organization","name":"\u0641\u064a\u062a\u0627\u0628\u0644\u0627\u0646\u0643\u0627","url":"https:\/\/vitablanca.ma\/","logo":{"@type":"ImageObject","inLanguage":"ar","@id":"https:\/\/vitablanca.ma\/#\/schema\/logo\/image\/","url":"https:\/\/vitablanca.ma\/wp-content\/uploads\/2025\/05\/cropped-vitablanca.png","contentUrl":"https:\/\/vitablanca.ma\/wp-content\/uploads\/2025\/05\/cropped-vitablanca.png","width":360,"height":67,"caption":"VitaBlanca"},"image":{"@id":"https:\/\/vitablanca.ma\/#\/schema\/logo\/image\/"},"sameAs":["https:\/\/www.facebook.com\/profile.php?id=61576678196717","https:\/\/www.tiktok.com\/@vitablanca.ma","https:\/\/www.instagram.com\/vitablanca.ma\/"]}]}},"jetpack_sharing_enabled":true,"_links":{"self":[{"href":"https:\/\/vitablanca.ma\/ar\/wp-json\/wp\/v2\/product\/20056","targetHints":{"allow":["GET"]}}],"collection":[{"href":"https:\/\/vitablanca.ma\/ar\/wp-json\/wp\/v2\/product"}],"about":[{"href":"https:\/\/vitablanca.ma\/ar\/wp-json\/wp\/v2\/types\/product"}],"wp:featuredmedia":[{"embeddable":true,"href":"https:\/\/vitablanca.ma\/ar\/wp-json\/wp\/v2\/media\/20048"}],"wp:attachment":[{"href":"https:\/\/vitablanca.ma\/ar\/wp-json\/wp\/v2\/media?parent=20056"}],"wp:term":[{"taxonomy":"product_brand","embeddable":true,"href":"https:\/\/vitablanca.ma\/ar\/wp-json\/wp\/v2\/product_brand?post=20056"},{"taxonomy":"product_cat","embeddable":true,"href":"https:\/\/vitablanca.ma\/ar\/wp-json\/wp\/v2\/product_cat?post=20056"},{"taxonomy":"product_tag","embeddable":true,"href":"https:\/\/vitablanca.ma\/ar\/wp-json\/wp\/v2\/product_tag?post=20056"}],"curies":[{"name":"wp","href":"https:\/\/api.w.org\/{rel}","templated":true}]}}