{"id":20042,"date":"2025-06-10T18:24:31","date_gmt":"2025-06-10T18:24:31","guid":{"rendered":"https:\/\/vitablanca.ma\/product\/les-3-chenes-bio-spiruline-vegan-100-comprimes\/"},"modified":"2025-06-10T18:24:31","modified_gmt":"2025-06-10T18:24:31","slug":"les-3-chenes-bio-spiruline-vegan-100-comprimes","status":"publish","type":"product","link":"https:\/\/vitablanca.ma\/ar\/product-2\/les-3-chenes-bio-spiruline-vegan-100-comprimes\/","title":{"rendered":"Les 3 Ch\u00eanes Bio Spirulina \u0646\u0628\u0627\u062a\u064a\u060c 100 \u0642\u0631\u0635"},"content":{"rendered":"<h2>Les 3 Ch\u00eanes Bio Spirulina \u0646\u0628\u0627\u062a\u064a\u060c 100 \u0642\u0631\u0635<\/h2>\n<p><strong>Spiruline vegan bio 100 comprim\u00e9s<span>\u00a0<\/span><\/strong>\u0634\u0631\u0642<span>\u00a0<\/span><strong>un compl\u00e9ment alimentaire bio<\/strong><span>\u00a0riche en acides amin\u00e9s essentiels.<\/span><\/p>\n<p><span>Aussi riche en vitamines, min\u00e9raux, oligo-\u00e9lements, prot\u00e9ines, en acides gras essentiels et en enzymes. En outre, la spiruline se consomme pour ses qualit\u00e9s nutritives.<\/span><\/p>\n<p><span>De plus, elle est un pur concentr\u00e9 de nutriments indispensables \u00e0 l\u2019organisme.<\/span><\/p>\n<p><strong>La spiruline vegan bio<\/strong><span>\u00a0<\/span>:<\/p>\n<ul>\n<li>est riche en anti-oxydants,<\/li>\n<li>lutte contre la fatigue<\/li>\n<li>favorise une meilleure r\u00e9sistance de l\u2019organisme face aux maladies et infections<\/li>\n<li>soutient le syst\u00e8me immunitaire,<\/li>\n<li>joue un r\u00f4le dans le tonus et la balance physiologique des sucres<\/li>\n<\/ul>\n<p>Il agit particuli\u00e8rement sur<span>\u00a0<\/span><strong>l\u2019immunit\u00e9<\/strong><span>\u00a0<\/span>afin de redonner vitalit\u00e9 et force. En somme, la plante de spiruline permet de diminuer les sensations de fatigue physique et intellectuelle.<\/p>\n<p>\u0645\u0644\u0643\u0646\u0627<strong><span>\u00a0<\/span>compl\u00e9ment alimentaire bio<\/strong><span>\u00a0<\/span>est votre alli\u00e9 du quotidien. En effet, il<span>\u00a0<\/span><strong>tonifie l\u2019organisme<\/strong><span>\u00a0<\/span>\u0648<strong><span>\u00a0<\/span>soutient vos d\u00e9fenses immunitaires<\/strong><span>\u00a0<\/span>pour lutter contre les maladies, les infections et la fatigue, dues aux activit\u00e9s quotidiennes.<\/p>\n<p>De plus, c\u2019est donc un compl\u00e9ment<span>\u00a0<\/span><strong>antivieillissement<\/strong>. Par ailleurs, il peut \u00e9galement \u00eatre utilis\u00e9 dans le cadre d\u2019un programme minceur puisqu\u2019il contribue \u00e0<span>\u00a0<\/span><strong>r\u00e9duire la sensation de faim et contr\u00f4ler le poids.<\/strong><\/p>\n<p>En m\u00eame temps, la spiruline agit comme d\u00e9toxifiant pour le foie et les reins. Le dosage de comprim\u00e9s d\u00e9pend des effets voulus. De ce fait, un m\u00e9decin peut vous administrer une posologie personnalis\u00e9e.<\/p>\n<p><span>Le compl\u00e9ment alimentaire bio,\u00a0<\/span><a href=\"https:\/\/3chenes.com\/\" data-mce-href=\"https:\/\/3chenes.com\/\"><strong>Les 3 Ch\u00eanes<\/strong><\/a><span>\u00a0se compose de<\/span><strong>\u00a0spiruline biologique<\/strong><span>, une algue d\u2019eau douce aux qualit\u00e9s<\/span><strong>\u00a0nutritives reconnues.<\/strong><\/p>\n<ul>\n<li>\n<strong>\u0633\u0639\u0629:<span>\u00a0<\/span><\/strong>4 comprim\u00e9s apportent 2g de<span>\u00a0<\/span><strong>spiruline<\/strong>.<\/li>\n<li>\n<strong>\u0648\u0632\u0646<\/strong>: 50g<\/li>\n<li>\n<strong>\u0623\u0635\u0644:<span>\u00a0<\/span><\/strong>Made in France<\/li>\n<li>\n<strong>\u062c\u0648\u062f\u0629<\/strong><strong><span>\u00a0<\/span>:<span>\u00a0<\/span><\/strong>\u0646\u0628\u0627\u062a\u064a\u060c \u062d\u0644\u0627\u0644 \u0648\u0643\u0648\u0634\u064a\u0631<\/li>\n<li>\n<strong>\u0627\u0644\u062c\u0631\u0639\u0629 \u0648\u0645\u0648\u0627\u0646\u0639 \u0627\u0644\u0627\u0633\u062a\u0639\u0645\u0627\u0644:<span>\u00a0<\/span><\/strong>\u0627\u0646\u0638\u0631 \u0639\u0644\u0627\u0645\u0629 \u0627\u0644\u062a\u0628\u0648\u064a\u0628 &quot;\u0646\u0635\u0627\u0626\u062d \u0627\u0644\u0627\u0633\u062a\u062e\u062f\u0627\u0645&quot;<\/li>\n<\/ul>\n<h3>\u0637\u0631\u064a\u0642\u0629 \u0627\u0644\u0627\u0633\u062a\u062e\u062f\u0627\u0645:<\/h3>\n<ul>\n<li>Prendre 4 comprim\u00e9s par jour avec un grand verre d\u2019eau<\/li>\n<li>Faire une cure de 15 jours, renouvelable plusieurs fois dans l\u2019ann\u00e9e<\/li>\n<li>\u064a\u062a\u0645 \u0627\u0633\u062a\u0647\u0644\u0627\u0643\u0647 \u0643\u062c\u0632\u0621 \u0645\u0646 \u0646\u0638\u0627\u0645 \u063a\u0630\u0627\u0626\u064a \u0645\u062a\u0648\u0627\u0632\u0646<\/li>\n<li>\u064a\u062d\u0641\u0638 \u0628\u0639\u064a\u062f\u0627 \u0639\u0646 \u0645\u062a\u0646\u0627\u0648\u0644 \u0627\u0644\u0623\u0637\u0641\u0627\u0644<\/li>\n<li>\u0644\u0627 \u062a\u062a\u062c\u0627\u0648\u0632 \u0627\u0644\u062c\u0631\u0639\u0629 \u0627\u0644\u064a\u0648\u0645\u064a\u0629 \u0627\u0644\u0645\u0648\u0635\u0649 \u0628\u0647\u0627<\/li>\n<li>\u0646\u0648\u0635\u064a \u0627\u0644\u0646\u0633\u0627\u0621 \u0627\u0644\u062d\u0648\u0627\u0645\u0644 \u0648\u0627\u0644\u0645\u0631\u0636\u0639\u0627\u062a \u0628\u0627\u0633\u062a\u0634\u0627\u0631\u0629 \u0623\u062e\u0635\u0627\u0626\u064a \u0627\u0644\u0631\u0639\u0627\u064a\u0629 \u0627\u0644\u0635\u062d\u064a\u0629 \u0642\u0628\u0644 \u062a\u0646\u0627\u0648\u0644 \u0623\u064a<\/li>\n<\/ul>","protected":false},"excerpt":{"rendered":"<p>Les 3 Ch\u00eanes Bio Spiruline Vegan 100 Comprim\u00e9s Spiruline vegan bio 100 comprim\u00e9s\u00a0est\u00a0un compl\u00e9ment alimentaire bio\u00a0riche en acides amin\u00e9s essentiels. Aussi riche en vitamines, min\u00e9raux, oligo-\u00e9lements, prot\u00e9ines, en acides gras essentiels et en enzymes. En outre, la spiruline se consomme pour ses qualit\u00e9s nutritives. De plus, elle est un pur concentr\u00e9 de nutriments indispensables \u00e0 [&hellip;]<\/p>\n","protected":false},"featured_media":20034,"template":"","meta":{"om_disable_all_campaigns":false},"product_brand":[],"product_cat":[15],"product_tag":[],"class_list":{"0":"post-20042","1":"product","2":"type-product","3":"status-publish","4":"has-post-thumbnail","6":"product_cat-beaute-sante-complements-alimentaires-soins-et-bien-etre-au-meilleur-prix","8":"first","9":"instock","10":"sale","11":"taxable","12":"shipping-taxable","13":"purchasable","14":"product-type-simple"},"yoast_head":"<!-- This site is optimized with the Yoast SEO plugin v27.4 - https:\/\/yoast.com\/product\/yoast-seo-wordpress\/ -->\n<title>Les 3 Ch\u00eanes Bio Spiruline Vegan 100 Comprim\u00e9s - Maroc Prix<\/title>\n<meta name=\"description\" content=\"Les 3 Ch\u00eanes Bio Spiruline Vegan 100 Comprim\u00e9s\" \/>\n<meta name=\"robots\" content=\"index, follow, max-snippet:-1, max-image-preview:large, max-video-preview:-1\" \/>\n<link rel=\"canonical\" href=\"https:\/\/vitablanca.ma\/ar\/product-2\/les-3-chenes-bio-spiruline-vegan-100-comprimes\/\" \/>\n<meta property=\"og:locale\" content=\"ar_AR\" \/>\n<meta property=\"og:type\" content=\"article\" \/>\n<meta property=\"og:title\" content=\"Les 3 Ch\u00eanes Bio Spiruline Vegan 100 Comprim\u00e9s - Maroc Prix\" \/>\n<meta property=\"og:description\" content=\"Les 3 Ch\u00eanes Bio Spiruline Vegan 100 Comprim\u00e9s\" \/>\n<meta property=\"og:url\" content=\"https:\/\/vitablanca.ma\/ar\/product-2\/les-3-chenes-bio-spiruline-vegan-100-comprimes\/\" \/>\n<meta property=\"og:site_name\" content=\"Vitablanca.ma &ndash; Sant&eacute;, vitalit&eacute; et bien-&ecirc;tre pour tous les Marocains\" \/>\n<meta property=\"article:publisher\" content=\"https:\/\/www.facebook.com\/profile.php?id=61576678196717\" \/>\n<meta property=\"og:image\" content=\"https:\/\/vitablanca.ma\/wp-content\/uploads\/2025\/06\/Les-3-Chenes-Bio-Spiruline-Vegan-100-Comprimes-nova-parapharmacie-casablanca.jpg\" \/>\n\t<meta property=\"og:image:width\" content=\"1000\" \/>\n\t<meta property=\"og:image:height\" content=\"1000\" \/>\n\t<meta property=\"og:image:type\" content=\"image\/jpeg\" \/>\n<meta name=\"twitter:card\" content=\"summary_large_image\" \/>\n<meta name=\"twitter:label1\" content=\"\u0648\u0642\u062a \u0627\u0644\u0642\u0631\u0627\u0621\u0629 \u0627\u0644\u0645\u064f\u0642\u062f\u0651\u0631\" \/>\n\t<meta name=\"twitter:data1\" content=\"\u062f\u0642\u064a\u0642\u062a\u0627\u0646\" \/>\n<script type=\"application\/ld+json\" class=\"yoast-schema-graph\">{\"@context\":\"https:\\\/\\\/schema.org\",\"@graph\":[{\"@type\":[\"WebPage\",\"ItemPage\"],\"@id\":\"https:\\\/\\\/vitablanca.ma\\\/produit\\\/les-3-chenes-bio-spiruline-vegan-100-comprimes\\\/\",\"url\":\"https:\\\/\\\/vitablanca.ma\\\/produit\\\/les-3-chenes-bio-spiruline-vegan-100-comprimes\\\/\",\"name\":\"Les 3 Ch\u00eanes Bio Spiruline Vegan 100 Comprim\u00e9s - Maroc Prix\",\"isPartOf\":{\"@id\":\"https:\\\/\\\/vitablanca.ma\\\/#website\"},\"primaryImageOfPage\":{\"@id\":\"https:\\\/\\\/vitablanca.ma\\\/produit\\\/les-3-chenes-bio-spiruline-vegan-100-comprimes\\\/#primaryimage\"},\"image\":{\"@id\":\"https:\\\/\\\/vitablanca.ma\\\/produit\\\/les-3-chenes-bio-spiruline-vegan-100-comprimes\\\/#primaryimage\"},\"thumbnailUrl\":\"https:\\\/\\\/vitablanca.ma\\\/wp-content\\\/uploads\\\/2025\\\/06\\\/Les-3-Chenes-Bio-Spiruline-Vegan-100-Comprimes-nova-parapharmacie-casablanca.jpg\",\"datePublished\":\"2025-06-10T18:24:31+00:00\",\"description\":\"Les 3 Ch\u00eanes Bio Spiruline Vegan 100 Comprim\u00e9s\",\"breadcrumb\":{\"@id\":\"https:\\\/\\\/vitablanca.ma\\\/produit\\\/les-3-chenes-bio-spiruline-vegan-100-comprimes\\\/#breadcrumb\"},\"inLanguage\":\"ar\",\"potentialAction\":[{\"@type\":\"ReadAction\",\"target\":[\"https:\\\/\\\/vitablanca.ma\\\/produit\\\/les-3-chenes-bio-spiruline-vegan-100-comprimes\\\/\"]}]},{\"@type\":\"ImageObject\",\"inLanguage\":\"ar\",\"@id\":\"https:\\\/\\\/vitablanca.ma\\\/produit\\\/les-3-chenes-bio-spiruline-vegan-100-comprimes\\\/#primaryimage\",\"url\":\"https:\\\/\\\/vitablanca.ma\\\/wp-content\\\/uploads\\\/2025\\\/06\\\/Les-3-Chenes-Bio-Spiruline-Vegan-100-Comprimes-nova-parapharmacie-casablanca.jpg\",\"contentUrl\":\"https:\\\/\\\/vitablanca.ma\\\/wp-content\\\/uploads\\\/2025\\\/06\\\/Les-3-Chenes-Bio-Spiruline-Vegan-100-Comprimes-nova-parapharmacie-casablanca.jpg\",\"width\":1000,\"height\":1000},{\"@type\":\"BreadcrumbList\",\"@id\":\"https:\\\/\\\/vitablanca.ma\\\/produit\\\/les-3-chenes-bio-spiruline-vegan-100-comprimes\\\/#breadcrumb\",\"itemListElement\":[{\"@type\":\"ListItem\",\"position\":1,\"name\":\"Home\",\"item\":\"https:\\\/\\\/vitablanca.ma\\\/\"},{\"@type\":\"ListItem\",\"position\":2,\"name\":\"Tous Les Produits\",\"item\":\"https:\\\/\\\/vitablanca.ma\\\/tous-les-produits\\\/\"},{\"@type\":\"ListItem\",\"position\":3,\"name\":\"Les 3 Ch\u00eanes Bio Spiruline Vegan 100 Comprim\u00e9s\"}]},{\"@type\":\"WebSite\",\"@id\":\"https:\\\/\\\/vitablanca.ma\\\/#website\",\"url\":\"https:\\\/\\\/vitablanca.ma\\\/\",\"name\":\"VitaBlanca.ma | Compl\u00e9ments alimentaires, sant\u00e9 & beaut\u00e9 au Maroc\",\"description\":\"vendre vitamines et compl\u00e9ments premium des USA &amp; Canada, Nouvelle Z\u00e9lande,Maroc (NOW Foods, Solgar, Manuka). Livraison rapide partout au Maroc.\",\"publisher\":{\"@id\":\"https:\\\/\\\/vitablanca.ma\\\/#organization\"},\"alternateName\":\"VitaBlanca.ma\",\"potentialAction\":[{\"@type\":\"SearchAction\",\"target\":{\"@type\":\"EntryPoint\",\"urlTemplate\":\"https:\\\/\\\/vitablanca.ma\\\/?s={search_term_string}\"},\"query-input\":{\"@type\":\"PropertyValueSpecification\",\"valueRequired\":true,\"valueName\":\"search_term_string\"}}],\"inLanguage\":\"ar\"},{\"@type\":\"Organization\",\"@id\":\"https:\\\/\\\/vitablanca.ma\\\/#organization\",\"name\":\"VitaBlanca\",\"url\":\"https:\\\/\\\/vitablanca.ma\\\/\",\"logo\":{\"@type\":\"ImageObject\",\"inLanguage\":\"ar\",\"@id\":\"https:\\\/\\\/vitablanca.ma\\\/#\\\/schema\\\/logo\\\/image\\\/\",\"url\":\"https:\\\/\\\/vitablanca.ma\\\/wp-content\\\/uploads\\\/2025\\\/05\\\/cropped-vitablanca.png\",\"contentUrl\":\"https:\\\/\\\/vitablanca.ma\\\/wp-content\\\/uploads\\\/2025\\\/05\\\/cropped-vitablanca.png\",\"width\":360,\"height\":67,\"caption\":\"VitaBlanca\"},\"image\":{\"@id\":\"https:\\\/\\\/vitablanca.ma\\\/#\\\/schema\\\/logo\\\/image\\\/\"},\"sameAs\":[\"https:\\\/\\\/www.facebook.com\\\/profile.php?id=61576678196717\",\"https:\\\/\\\/www.tiktok.com\\\/@vitablanca.ma\",\"https:\\\/\\\/www.instagram.com\\\/vitablanca.ma\\\/\"]}]}<\/script>\n<!-- \/ Yoast SEO plugin. -->","yoast_head_json":{"title":"Les 3 Ch\u00eanes Bio Spiruline Vegan 100 Comprim\u00e9s - Maroc Prix","description":"Les 3 Ch\u00eanes Bio Spirulina \u0646\u0628\u0627\u062a\u064a\u060c 100 \u0642\u0631\u0635","robots":{"index":"index","follow":"follow","max-snippet":"max-snippet:-1","max-image-preview":"max-image-preview:large","max-video-preview":"max-video-preview:-1"},"canonical":"https:\/\/vitablanca.ma\/ar\/product-2\/les-3-chenes-bio-spiruline-vegan-100-comprimes\/","og_locale":"ar_AR","og_type":"article","og_title":"Les 3 Ch\u00eanes Bio Spiruline Vegan 100 Comprim\u00e9s - Maroc Prix","og_description":"Les 3 Ch\u00eanes Bio Spiruline Vegan 100 Comprim\u00e9s","og_url":"https:\/\/vitablanca.ma\/ar\/product-2\/les-3-chenes-bio-spiruline-vegan-100-comprimes\/","og_site_name":"Vitablanca.ma &ndash; Sant&eacute;, vitalit&eacute; et bien-&ecirc;tre pour tous les Marocains","article_publisher":"https:\/\/www.facebook.com\/profile.php?id=61576678196717","og_image":[{"width":1000,"height":1000,"url":"https:\/\/vitablanca.ma\/wp-content\/uploads\/2025\/06\/Les-3-Chenes-Bio-Spiruline-Vegan-100-Comprimes-nova-parapharmacie-casablanca.jpg","type":"image\/jpeg"}],"twitter_card":"summary_large_image","twitter_misc":{"\u0648\u0642\u062a \u0627\u0644\u0642\u0631\u0627\u0621\u0629 \u0627\u0644\u0645\u064f\u0642\u062f\u0651\u0631":"\u062f\u0642\u064a\u0642\u062a\u0627\u0646"},"schema":{"@context":"https:\/\/schema.org","@graph":[{"@type":["WebPage","ItemPage"],"@id":"https:\/\/vitablanca.ma\/produit\/les-3-chenes-bio-spiruline-vegan-100-comprimes\/","url":"https:\/\/vitablanca.ma\/produit\/les-3-chenes-bio-spiruline-vegan-100-comprimes\/","name":"Les 3 Ch\u00eanes Bio Spiruline Vegan 100 Comprim\u00e9s - Maroc Prix","isPartOf":{"@id":"https:\/\/vitablanca.ma\/#website"},"primaryImageOfPage":{"@id":"https:\/\/vitablanca.ma\/produit\/les-3-chenes-bio-spiruline-vegan-100-comprimes\/#primaryimage"},"image":{"@id":"https:\/\/vitablanca.ma\/produit\/les-3-chenes-bio-spiruline-vegan-100-comprimes\/#primaryimage"},"thumbnailUrl":"https:\/\/vitablanca.ma\/wp-content\/uploads\/2025\/06\/Les-3-Chenes-Bio-Spiruline-Vegan-100-Comprimes-nova-parapharmacie-casablanca.jpg","datePublished":"2025-06-10T18:24:31+00:00","description":"Les 3 Ch\u00eanes Bio Spirulina \u0646\u0628\u0627\u062a\u064a\u060c 100 \u0642\u0631\u0635","breadcrumb":{"@id":"https:\/\/vitablanca.ma\/produit\/les-3-chenes-bio-spiruline-vegan-100-comprimes\/#breadcrumb"},"inLanguage":"ar","potentialAction":[{"@type":"ReadAction","target":["https:\/\/vitablanca.ma\/produit\/les-3-chenes-bio-spiruline-vegan-100-comprimes\/"]}]},{"@type":"ImageObject","inLanguage":"ar","@id":"https:\/\/vitablanca.ma\/produit\/les-3-chenes-bio-spiruline-vegan-100-comprimes\/#primaryimage","url":"https:\/\/vitablanca.ma\/wp-content\/uploads\/2025\/06\/Les-3-Chenes-Bio-Spiruline-Vegan-100-Comprimes-nova-parapharmacie-casablanca.jpg","contentUrl":"https:\/\/vitablanca.ma\/wp-content\/uploads\/2025\/06\/Les-3-Chenes-Bio-Spiruline-Vegan-100-Comprimes-nova-parapharmacie-casablanca.jpg","width":1000,"height":1000},{"@type":"BreadcrumbList","@id":"https:\/\/vitablanca.ma\/produit\/les-3-chenes-bio-spiruline-vegan-100-comprimes\/#breadcrumb","itemListElement":[{"@type":"ListItem","position":1,"name":"Home","item":"https:\/\/vitablanca.ma\/"},{"@type":"ListItem","position":2,"name":"Tous Les Produits","item":"https:\/\/vitablanca.ma\/tous-les-produits\/"},{"@type":"ListItem","position":3,"name":"Les 3 Ch\u00eanes Bio Spiruline Vegan 100 Comprim\u00e9s"}]},{"@type":"WebSite","@id":"https:\/\/vitablanca.ma\/#website","url":"https:\/\/vitablanca.ma\/","name":"VitaBlanca.ma | \u0627\u0644\u0645\u0643\u0645\u0644\u0627\u062a \u0627\u0644\u063a\u0630\u0627\u0626\u064a\u0629\u060c \u0627\u0644\u0635\u062d\u0629 \u0648\u0627\u0644\u062c\u0645\u0627\u0644 \u0641\u064a \u0627\u0644\u0645\u063a\u0631\u0628","description":"\u0646\u0628\u064a\u0639 \u0641\u064a\u062a\u0627\u0645\u064a\u0646\u0627\u062a \u0648\u0645\u0643\u0645\u0644\u0627\u062a \u063a\u0630\u0627\u0626\u064a\u0629 \u0641\u0627\u062e\u0631\u0629 \u0645\u0646 \u0627\u0644\u0648\u0644\u0627\u064a\u0627\u062a \u0627\u0644\u0645\u062a\u062d\u062f\u0629 \u0627\u0644\u0623\u0645\u0631\u064a\u0643\u064a\u0629 \u0648\u0643\u0646\u062f\u0627 \u0648\u0646\u064a\u0648\u0632\u064a\u0644\u0646\u062f\u0627 \u0648\u0627\u0644\u0645\u063a\u0631\u0628 (\u0646\u0627\u0648 \u0641\u0648\u062f\u0632\u060c \u0633\u0648\u0644\u062c\u0627\u0631\u060c \u0645\u0627\u0646\u0648\u0643\u0627). \u062a\u0648\u0635\u064a\u0644 \u0633\u0631\u064a\u0639 \u0625\u0644\u0649 \u062c\u0645\u064a\u0639 \u0623\u0646\u062d\u0627\u0621 \u0627\u0644\u0645\u063a\u0631\u0628.","publisher":{"@id":"https:\/\/vitablanca.ma\/#organization"},"alternateName":"VitaBlanca.ma","potentialAction":[{"@type":"SearchAction","target":{"@type":"EntryPoint","urlTemplate":"https:\/\/vitablanca.ma\/?s={search_term_string}"},"query-input":{"@type":"PropertyValueSpecification","valueRequired":true,"valueName":"search_term_string"}}],"inLanguage":"ar"},{"@type":"Organization","@id":"https:\/\/vitablanca.ma\/#organization","name":"\u0641\u064a\u062a\u0627\u0628\u0644\u0627\u0646\u0643\u0627","url":"https:\/\/vitablanca.ma\/","logo":{"@type":"ImageObject","inLanguage":"ar","@id":"https:\/\/vitablanca.ma\/#\/schema\/logo\/image\/","url":"https:\/\/vitablanca.ma\/wp-content\/uploads\/2025\/05\/cropped-vitablanca.png","contentUrl":"https:\/\/vitablanca.ma\/wp-content\/uploads\/2025\/05\/cropped-vitablanca.png","width":360,"height":67,"caption":"VitaBlanca"},"image":{"@id":"https:\/\/vitablanca.ma\/#\/schema\/logo\/image\/"},"sameAs":["https:\/\/www.facebook.com\/profile.php?id=61576678196717","https:\/\/www.tiktok.com\/@vitablanca.ma","https:\/\/www.instagram.com\/vitablanca.ma\/"]}]}},"jetpack_sharing_enabled":true,"_links":{"self":[{"href":"https:\/\/vitablanca.ma\/ar\/wp-json\/wp\/v2\/product\/20042","targetHints":{"allow":["GET"]}}],"collection":[{"href":"https:\/\/vitablanca.ma\/ar\/wp-json\/wp\/v2\/product"}],"about":[{"href":"https:\/\/vitablanca.ma\/ar\/wp-json\/wp\/v2\/types\/product"}],"wp:featuredmedia":[{"embeddable":true,"href":"https:\/\/vitablanca.ma\/ar\/wp-json\/wp\/v2\/media\/20034"}],"wp:attachment":[{"href":"https:\/\/vitablanca.ma\/ar\/wp-json\/wp\/v2\/media?parent=20042"}],"wp:term":[{"taxonomy":"product_brand","embeddable":true,"href":"https:\/\/vitablanca.ma\/ar\/wp-json\/wp\/v2\/product_brand?post=20042"},{"taxonomy":"product_cat","embeddable":true,"href":"https:\/\/vitablanca.ma\/ar\/wp-json\/wp\/v2\/product_cat?post=20042"},{"taxonomy":"product_tag","embeddable":true,"href":"https:\/\/vitablanca.ma\/ar\/wp-json\/wp\/v2\/product_tag?post=20042"}],"curies":[{"name":"wp","href":"https:\/\/api.w.org\/{rel}","templated":true}]}}