{"id":19816,"date":"2025-06-10T18:11:10","date_gmt":"2025-06-10T18:11:10","guid":{"rendered":"https:\/\/vitablanca.ma\/product\/lierac-hydragenist-le-gel-creme-rehydratant-eclat-recharge-50ml\/"},"modified":"2025-06-10T18:11:10","modified_gmt":"2025-06-10T18:11:10","slug":"lierac-hydragenist-le-gel-creme-rehydratant-eclat-recharge-50ml","status":"publish","type":"product","link":"https:\/\/vitablanca.ma\/ar\/product-2\/lierac-hydragenist-le-gel-creme-rehydratant-eclat-recharge-50ml\/","title":{"rendered":"\u062c\u0644 \u0643\u0631\u064a\u0645 \u0645\u0631\u0637\u0628 \u0648\u0645\u0634\u0631\u0642 \u0645\u0646 \u0644\u064a\u0631\u0627\u0643 \u0647\u064a\u062f\u0631\u0627\u062c\u064a\u0646\u064a\u0633\u062a\u060c \u0639\u0628\u0648\u0629 \u0625\u0639\u0627\u062f\u0629 \u062a\u0639\u0628\u0626\u0629 \u0665\u0660 \u0645\u0644"},"content":{"rendered":"<h2><span>Lierac Hydragenist Le Gel-Cr\u00e8me R\u00e9hydratant \u00c9clat Recharge d\u00e9salt\u00e8re intens\u00e9ment sans alourdir les peaux normales \u00e0 mixtes.<\/span><\/h2>\n<p class=\"p\"><span>Formul\u00e9 \u00e0 98% d\u2019ingr\u00e9dients d\u2019origine naturelle, le Gel-Cr\u00e8me R\u00e9hydratant \u00c9clat d\u00e9salt\u00e8re intens\u00e9ment sans alourdir les peaux normales \u00e0 mixtes.<\/span><br \/><span>Sa texture ultral\u00e9g\u00e8re et rafra\u00eechissante gorge la peau en eau d\u00e8s l\u2019application pour un teint frais et \u00e9clatant. Elle ne laisse ni r\u00e9sidu, ni film gras. La peau est instantan\u00e9ment et durablement hydrat\u00e9e, lumineuse et fra\u00eeche.<\/span><br \/><span>Formul\u00e9 pour convenir aux peaux normales \u00e0 mixtes, m\u00eame sensibles*.<\/span><\/p>\n<h3 class=\"p\"><span><strong data-mce-fragment=\"1\">B\u00e9n\u00e9fices<\/strong><\/span><\/h3>\n<p><span>Issue de la Recherche LIERAC sur les m\u00e9canismes d\u2019hydratation de la peau, la nouvelle gamme Hydragenist est enrichie d\u2019une technologie double action :<\/span><br \/><span>&#8211; une action hydratante sur le long terme, gr\u00e2ce \u00e0 un ferment r\u00e9hydratant unique qui booste durablement les m\u00e9canismes naturels d\u2019hydratation de la peau<\/span><br \/><span>&#8211; une action hydratante imm\u00e9diate, gr\u00e2ce \u00e0 de l\u2019acide hyaluronique de haut poids mol\u00e9culaire qui apporte du confort et de l\u2019\u00e9clat \u00e0 toutes les peaux, m\u00eames les plus assoiff\u00e9es.<\/span><\/p>\n<h3>Conseils d&rsquo;application<\/h3>\n<div data-v-c7b8b77c=\"\" class=\"mt-4 mb-2 lg:mb-8 max-w-[1270px] mx-auto px-4\">\n<div data-v-c7b8b77c=\"\" class=\"productTwoBlocks blocksReversed grid grid-cols-1 gap-8 lg:grid-cols-2 items-center text-sm\">\n<div>\n<div class=\"mt-4 mb-2 lg:mb-8 max-w-[1270px] mx-auto px-4\" data-v-c7b8b77c=\"\">\n<div class=\"productTwoBlocks blocksReversed grid grid-cols-1 gap-8 lg:grid-cols-2 items-center text-sm\" data-v-c7b8b77c=\"\">\n<div>\n<div data-v-c7b8b77c=\"\" class=\"mt-4 mb-2 lg:mb-8 max-w-[1270px] mx-auto px-4\">\n<div data-v-c7b8b77c=\"\" class=\"productTwoBlocks blocksReversed grid grid-cols-1 gap-8 lg:grid-cols-2 items-center text-sm\">\n<div>\n<p>Appliquer le matin et le soir sur le visage et le cou.<\/p>\n<\/div>\n<\/div>\n<\/div>\n<div data-v-c7b8b77c=\"\" class=\"mt-4 mb-2 lg:mb-8 max-w-[1270px] mx-auto px-4\">\n<div data-v-c7b8b77c=\"\" class=\"productTwoBlocks blocksReversed grid grid-cols-1 gap-8 lg:grid-cols-2 items-center text-sm\">\n<div data-v-c7b8b77c=\"\">\n<div class=\"mt-4 mb-2 lg:mb-8 max-w-[1270px] mx-auto px-4\" data-v-c7b8b77c=\"\">\n<div class=\"productTwoBlocks blocksReversed grid grid-cols-1 gap-8 lg:grid-cols-2 items-center text-sm\" data-v-c7b8b77c=\"\">\n<div>\n<h3>Ingredients<\/h3>\n<p><span>AQUA \/ WATER \/ EAU. TRIETHYL CITRATE. PROPANEDIOL. GLYCERIN. MACADAMIA TERNIFOLIA SEED OIL. C10-18 TRIGLYCERIDES. CARBOMER. BAMBUSA ARUNDINACEA JUICE. PARFUM \/ FRAGRANCE. SODIUM POLYACRYLATE. ETHYLHEXYLGLYCERIN. SODIUM BENZOATE. SODIUM HYALURONATE. SODIUM HYDROXIDE. TOCOPHEROL. HELIANTHUS ANNUUS (SUNFLOWER) SEED OIL. BACILLUS FERMENT. 4097A.<\/span><\/p>\n<\/div>\n<\/div>\n<\/div>\n<div class=\"mt-4 mb-2 lg:mb-8 max-w-[1270px] mx-auto px-4\" data-v-c7b8b77c=\"\">\n<div class=\"productTwoBlocks blocksReversed grid grid-cols-1 gap-8 lg:grid-cols-2 items-center text-sm\" data-v-c7b8b77c=\"\">\n<div data-v-c7b8b77c=\"\"><\/div>\n<\/div>\n<\/div>\n<\/div>\n<\/div>\n<\/div>\n<div data-v-c7b8b77c=\"\" class=\"mb-8 max-w-[950px] mx-auto px-4\" id=\"reviews\">\n<div data-v-c7b8b77c=\"\" class=\"mb-2 lg:mb-8\"><\/div>\n<\/div>\n<\/div>\n<\/div>\n<\/div>\n<div class=\"mt-4 mb-2 lg:mb-8 max-w-[1270px] mx-auto px-4\" data-v-c7b8b77c=\"\">\n<div class=\"productTwoBlocks blocksReversed grid grid-cols-1 gap-8 lg:grid-cols-2 items-center text-sm\" data-v-c7b8b77c=\"\">\n<div data-v-c7b8b77c=\"\"><\/div>\n<\/div>\n<\/div>\n<div id=\"reviews\" class=\"mb-8 max-w-[950px] mx-auto px-4\" data-v-c7b8b77c=\"\">\n<div class=\"mb-2 lg:mb-8\" data-v-c7b8b77c=\"\"><\/div>\n<\/div>\n<\/div>\n<\/div>\n<\/div>\n<div data-v-c7b8b77c=\"\" class=\"mt-4 mb-2 lg:mb-8 max-w-[1270px] mx-auto px-4\">\n<div data-v-c7b8b77c=\"\" class=\"productTwoBlocks blocksReversed grid grid-cols-1 gap-8 lg:grid-cols-2 items-center text-sm\"><\/div>\n<\/div>\n","protected":false},"excerpt":{"rendered":"<p>Lierac Hydragenist Le Gel-Cr\u00e8me R\u00e9hydratant \u00c9clat Recharge d\u00e9salt\u00e8re intens\u00e9ment sans alourdir les peaux normales \u00e0 mixtes. Formul\u00e9 \u00e0 98% d\u2019ingr\u00e9dients d\u2019origine naturelle, le Gel-Cr\u00e8me R\u00e9hydratant \u00c9clat d\u00e9salt\u00e8re intens\u00e9ment sans alourdir les peaux normales \u00e0 mixtes.Sa texture ultral\u00e9g\u00e8re et rafra\u00eechissante gorge la peau en eau d\u00e8s l\u2019application pour un teint frais et \u00e9clatant. Elle ne laisse [&hellip;]<\/p>\n","protected":false},"featured_media":19806,"template":"","meta":{"om_disable_all_campaigns":false},"product_brand":[],"product_cat":[15],"product_tag":[],"class_list":{"0":"post-19816","1":"product","2":"type-product","3":"status-publish","4":"has-post-thumbnail","6":"product_cat-beaute-sante-complements-alimentaires-soins-et-bien-etre-au-meilleur-prix","8":"first","9":"instock","10":"sale","11":"taxable","12":"shipping-taxable","13":"purchasable","14":"product-type-simple"},"yoast_head":"<!-- This site is optimized with the Yoast SEO plugin v27.4 - https:\/\/yoast.com\/product\/yoast-seo-wordpress\/ -->\n<title>Lierac Hydragenist Le Gel-Cr\u00e8me R\u00e9hydratant \u00c9clat Recharge 50ml - Maroc Prix<\/title>\n<meta name=\"description\" content=\"Lierac Hydragenist Le Gel-Cr\u00e8me R\u00e9hydratant \u00c9clat Recharge 50ml\" \/>\n<meta name=\"robots\" content=\"index, follow, max-snippet:-1, max-image-preview:large, max-video-preview:-1\" \/>\n<link rel=\"canonical\" href=\"https:\/\/vitablanca.ma\/ar\/product-2\/lierac-hydragenist-le-gel-creme-rehydratant-eclat-recharge-50ml\/\" \/>\n<meta property=\"og:locale\" content=\"ar_AR\" \/>\n<meta property=\"og:type\" content=\"article\" \/>\n<meta property=\"og:title\" content=\"Lierac Hydragenist Le Gel-Cr\u00e8me R\u00e9hydratant \u00c9clat Recharge 50ml - Maroc Prix\" \/>\n<meta property=\"og:description\" content=\"Lierac Hydragenist Le Gel-Cr\u00e8me R\u00e9hydratant \u00c9clat Recharge 50ml\" \/>\n<meta property=\"og:url\" content=\"https:\/\/vitablanca.ma\/ar\/product-2\/lierac-hydragenist-le-gel-creme-rehydratant-eclat-recharge-50ml\/\" \/>\n<meta property=\"og:site_name\" content=\"Vitablanca.ma &ndash; Sant&eacute;, vitalit&eacute; et bien-&ecirc;tre pour tous les Marocains\" \/>\n<meta property=\"article:publisher\" content=\"https:\/\/www.facebook.com\/profile.php?id=61576678196717\" \/>\n<meta property=\"og:image\" content=\"https:\/\/vitablanca.ma\/wp-content\/uploads\/2025\/06\/Lierac-Hydragenist-Le-Gel-Creme-Rehydratant-Eclat-Recharge-50ml-novapara-maroc.jpg\" \/>\n\t<meta property=\"og:image:width\" content=\"1000\" \/>\n\t<meta property=\"og:image:height\" content=\"1000\" \/>\n\t<meta property=\"og:image:type\" content=\"image\/jpeg\" \/>\n<meta name=\"twitter:card\" content=\"summary_large_image\" \/>\n<meta name=\"twitter:label1\" content=\"\u0648\u0642\u062a \u0627\u0644\u0642\u0631\u0627\u0621\u0629 \u0627\u0644\u0645\u064f\u0642\u062f\u0651\u0631\" \/>\n\t<meta name=\"twitter:data1\" content=\"\u062f\u0642\u064a\u0642\u0629 \u0648\u0627\u062d\u062f\u0629\" \/>\n<script type=\"application\/ld+json\" class=\"yoast-schema-graph\">{\"@context\":\"https:\\\/\\\/schema.org\",\"@graph\":[{\"@type\":[\"WebPage\",\"ItemPage\"],\"@id\":\"https:\\\/\\\/vitablanca.ma\\\/produit\\\/lierac-hydragenist-le-gel-creme-rehydratant-eclat-recharge-50ml\\\/\",\"url\":\"https:\\\/\\\/vitablanca.ma\\\/produit\\\/lierac-hydragenist-le-gel-creme-rehydratant-eclat-recharge-50ml\\\/\",\"name\":\"Lierac Hydragenist Le Gel-Cr\u00e8me R\u00e9hydratant \u00c9clat Recharge 50ml - Maroc Prix\",\"isPartOf\":{\"@id\":\"https:\\\/\\\/vitablanca.ma\\\/#website\"},\"primaryImageOfPage\":{\"@id\":\"https:\\\/\\\/vitablanca.ma\\\/produit\\\/lierac-hydragenist-le-gel-creme-rehydratant-eclat-recharge-50ml\\\/#primaryimage\"},\"image\":{\"@id\":\"https:\\\/\\\/vitablanca.ma\\\/produit\\\/lierac-hydragenist-le-gel-creme-rehydratant-eclat-recharge-50ml\\\/#primaryimage\"},\"thumbnailUrl\":\"https:\\\/\\\/vitablanca.ma\\\/wp-content\\\/uploads\\\/2025\\\/06\\\/Lierac-Hydragenist-Le-Gel-Creme-Rehydratant-Eclat-Recharge-50ml-novapara-maroc.jpg\",\"datePublished\":\"2025-06-10T18:11:10+00:00\",\"description\":\"Lierac Hydragenist Le Gel-Cr\u00e8me R\u00e9hydratant \u00c9clat Recharge 50ml\",\"breadcrumb\":{\"@id\":\"https:\\\/\\\/vitablanca.ma\\\/produit\\\/lierac-hydragenist-le-gel-creme-rehydratant-eclat-recharge-50ml\\\/#breadcrumb\"},\"inLanguage\":\"ar\",\"potentialAction\":[{\"@type\":\"ReadAction\",\"target\":[\"https:\\\/\\\/vitablanca.ma\\\/produit\\\/lierac-hydragenist-le-gel-creme-rehydratant-eclat-recharge-50ml\\\/\"]}]},{\"@type\":\"ImageObject\",\"inLanguage\":\"ar\",\"@id\":\"https:\\\/\\\/vitablanca.ma\\\/produit\\\/lierac-hydragenist-le-gel-creme-rehydratant-eclat-recharge-50ml\\\/#primaryimage\",\"url\":\"https:\\\/\\\/vitablanca.ma\\\/wp-content\\\/uploads\\\/2025\\\/06\\\/Lierac-Hydragenist-Le-Gel-Creme-Rehydratant-Eclat-Recharge-50ml-novapara-maroc.jpg\",\"contentUrl\":\"https:\\\/\\\/vitablanca.ma\\\/wp-content\\\/uploads\\\/2025\\\/06\\\/Lierac-Hydragenist-Le-Gel-Creme-Rehydratant-Eclat-Recharge-50ml-novapara-maroc.jpg\",\"width\":1000,\"height\":1000},{\"@type\":\"BreadcrumbList\",\"@id\":\"https:\\\/\\\/vitablanca.ma\\\/produit\\\/lierac-hydragenist-le-gel-creme-rehydratant-eclat-recharge-50ml\\\/#breadcrumb\",\"itemListElement\":[{\"@type\":\"ListItem\",\"position\":1,\"name\":\"Home\",\"item\":\"https:\\\/\\\/vitablanca.ma\\\/\"},{\"@type\":\"ListItem\",\"position\":2,\"name\":\"Tous Les Produits\",\"item\":\"https:\\\/\\\/vitablanca.ma\\\/tous-les-produits\\\/\"},{\"@type\":\"ListItem\",\"position\":3,\"name\":\"Lierac Hydragenist Le Gel-Cr\u00e8me R\u00e9hydratant \u00c9clat Recharge 50ml\"}]},{\"@type\":\"WebSite\",\"@id\":\"https:\\\/\\\/vitablanca.ma\\\/#website\",\"url\":\"https:\\\/\\\/vitablanca.ma\\\/\",\"name\":\"VitaBlanca.ma | Compl\u00e9ments alimentaires, sant\u00e9 & beaut\u00e9 au Maroc\",\"description\":\"vendre vitamines et compl\u00e9ments premium des USA &amp; Canada, Nouvelle Z\u00e9lande,Maroc (NOW Foods, Solgar, Manuka). Livraison rapide partout au Maroc.\",\"publisher\":{\"@id\":\"https:\\\/\\\/vitablanca.ma\\\/#organization\"},\"alternateName\":\"VitaBlanca.ma\",\"potentialAction\":[{\"@type\":\"SearchAction\",\"target\":{\"@type\":\"EntryPoint\",\"urlTemplate\":\"https:\\\/\\\/vitablanca.ma\\\/?s={search_term_string}\"},\"query-input\":{\"@type\":\"PropertyValueSpecification\",\"valueRequired\":true,\"valueName\":\"search_term_string\"}}],\"inLanguage\":\"ar\"},{\"@type\":\"Organization\",\"@id\":\"https:\\\/\\\/vitablanca.ma\\\/#organization\",\"name\":\"VitaBlanca\",\"url\":\"https:\\\/\\\/vitablanca.ma\\\/\",\"logo\":{\"@type\":\"ImageObject\",\"inLanguage\":\"ar\",\"@id\":\"https:\\\/\\\/vitablanca.ma\\\/#\\\/schema\\\/logo\\\/image\\\/\",\"url\":\"https:\\\/\\\/vitablanca.ma\\\/wp-content\\\/uploads\\\/2025\\\/05\\\/cropped-vitablanca.png\",\"contentUrl\":\"https:\\\/\\\/vitablanca.ma\\\/wp-content\\\/uploads\\\/2025\\\/05\\\/cropped-vitablanca.png\",\"width\":360,\"height\":67,\"caption\":\"VitaBlanca\"},\"image\":{\"@id\":\"https:\\\/\\\/vitablanca.ma\\\/#\\\/schema\\\/logo\\\/image\\\/\"},\"sameAs\":[\"https:\\\/\\\/www.facebook.com\\\/profile.php?id=61576678196717\",\"https:\\\/\\\/www.tiktok.com\\\/@vitablanca.ma\",\"https:\\\/\\\/www.instagram.com\\\/vitablanca.ma\\\/\"]}]}<\/script>\n<!-- \/ Yoast SEO plugin. -->","yoast_head_json":{"title":"\u062c\u0644 \u0643\u0631\u064a\u0645 \u0644\u064a\u0631\u0627\u0643 \u0647\u064a\u062f\u0631\u0627\u062c\u064a\u0646\u064a\u0633\u062a \u0644\u0625\u0639\u0627\u062f\u0629 \u062a\u0631\u0637\u064a\u0628 \u0627\u0644\u0628\u0634\u0631\u0629 \u0648\u0625\u0634\u0631\u0627\u0642\u0647\u0627\u060c \u0639\u0628\u0648\u0629 \u0625\u0639\u0627\u062f\u0629 \u062a\u0639\u0628\u0626\u0629\u060c \u0665\u0660 \u0645\u0644 - \u0633\u0639\u0631 \u0627\u0644\u0645\u063a\u0631\u0628","description":"\u062c\u0644 \u0643\u0631\u064a\u0645 \u0645\u0631\u0637\u0628 \u0648\u0645\u0634\u0631\u0642 \u0645\u0646 \u0644\u064a\u0631\u0627\u0643 \u0647\u064a\u062f\u0631\u0627\u062c\u064a\u0646\u064a\u0633\u062a\u060c \u0639\u0628\u0648\u0629 \u0625\u0639\u0627\u062f\u0629 \u062a\u0639\u0628\u0626\u0629 \u0665\u0660 \u0645\u0644","robots":{"index":"index","follow":"follow","max-snippet":"max-snippet:-1","max-image-preview":"max-image-preview:large","max-video-preview":"max-video-preview:-1"},"canonical":"https:\/\/vitablanca.ma\/ar\/product-2\/lierac-hydragenist-le-gel-creme-rehydratant-eclat-recharge-50ml\/","og_locale":"ar_AR","og_type":"article","og_title":"Lierac Hydragenist Le Gel-Cr\u00e8me R\u00e9hydratant \u00c9clat Recharge 50ml - Maroc Prix","og_description":"Lierac Hydragenist Le Gel-Cr\u00e8me R\u00e9hydratant \u00c9clat Recharge 50ml","og_url":"https:\/\/vitablanca.ma\/ar\/product-2\/lierac-hydragenist-le-gel-creme-rehydratant-eclat-recharge-50ml\/","og_site_name":"Vitablanca.ma &ndash; Sant&eacute;, vitalit&eacute; et bien-&ecirc;tre pour tous les Marocains","article_publisher":"https:\/\/www.facebook.com\/profile.php?id=61576678196717","og_image":[{"width":1000,"height":1000,"url":"https:\/\/vitablanca.ma\/wp-content\/uploads\/2025\/06\/Lierac-Hydragenist-Le-Gel-Creme-Rehydratant-Eclat-Recharge-50ml-novapara-maroc.jpg","type":"image\/jpeg"}],"twitter_card":"summary_large_image","twitter_misc":{"\u0648\u0642\u062a \u0627\u0644\u0642\u0631\u0627\u0621\u0629 \u0627\u0644\u0645\u064f\u0642\u062f\u0651\u0631":"\u062f\u0642\u064a\u0642\u0629 \u0648\u0627\u062d\u062f\u0629"},"schema":{"@context":"https:\/\/schema.org","@graph":[{"@type":["WebPage","ItemPage"],"@id":"https:\/\/vitablanca.ma\/produit\/lierac-hydragenist-le-gel-creme-rehydratant-eclat-recharge-50ml\/","url":"https:\/\/vitablanca.ma\/produit\/lierac-hydragenist-le-gel-creme-rehydratant-eclat-recharge-50ml\/","name":"\u062c\u0644 \u0643\u0631\u064a\u0645 \u0644\u064a\u0631\u0627\u0643 \u0647\u064a\u062f\u0631\u0627\u062c\u064a\u0646\u064a\u0633\u062a \u0644\u0625\u0639\u0627\u062f\u0629 \u062a\u0631\u0637\u064a\u0628 \u0627\u0644\u0628\u0634\u0631\u0629 \u0648\u0625\u0634\u0631\u0627\u0642\u0647\u0627\u060c \u0639\u0628\u0648\u0629 \u0625\u0639\u0627\u062f\u0629 \u062a\u0639\u0628\u0626\u0629\u060c \u0665\u0660 \u0645\u0644 - \u0633\u0639\u0631 \u0627\u0644\u0645\u063a\u0631\u0628","isPartOf":{"@id":"https:\/\/vitablanca.ma\/#website"},"primaryImageOfPage":{"@id":"https:\/\/vitablanca.ma\/produit\/lierac-hydragenist-le-gel-creme-rehydratant-eclat-recharge-50ml\/#primaryimage"},"image":{"@id":"https:\/\/vitablanca.ma\/produit\/lierac-hydragenist-le-gel-creme-rehydratant-eclat-recharge-50ml\/#primaryimage"},"thumbnailUrl":"https:\/\/vitablanca.ma\/wp-content\/uploads\/2025\/06\/Lierac-Hydragenist-Le-Gel-Creme-Rehydratant-Eclat-Recharge-50ml-novapara-maroc.jpg","datePublished":"2025-06-10T18:11:10+00:00","description":"\u062c\u0644 \u0643\u0631\u064a\u0645 \u0645\u0631\u0637\u0628 \u0648\u0645\u0634\u0631\u0642 \u0645\u0646 \u0644\u064a\u0631\u0627\u0643 \u0647\u064a\u062f\u0631\u0627\u062c\u064a\u0646\u064a\u0633\u062a\u060c \u0639\u0628\u0648\u0629 \u0625\u0639\u0627\u062f\u0629 \u062a\u0639\u0628\u0626\u0629 \u0665\u0660 \u0645\u0644","breadcrumb":{"@id":"https:\/\/vitablanca.ma\/produit\/lierac-hydragenist-le-gel-creme-rehydratant-eclat-recharge-50ml\/#breadcrumb"},"inLanguage":"ar","potentialAction":[{"@type":"ReadAction","target":["https:\/\/vitablanca.ma\/produit\/lierac-hydragenist-le-gel-creme-rehydratant-eclat-recharge-50ml\/"]}]},{"@type":"ImageObject","inLanguage":"ar","@id":"https:\/\/vitablanca.ma\/produit\/lierac-hydragenist-le-gel-creme-rehydratant-eclat-recharge-50ml\/#primaryimage","url":"https:\/\/vitablanca.ma\/wp-content\/uploads\/2025\/06\/Lierac-Hydragenist-Le-Gel-Creme-Rehydratant-Eclat-Recharge-50ml-novapara-maroc.jpg","contentUrl":"https:\/\/vitablanca.ma\/wp-content\/uploads\/2025\/06\/Lierac-Hydragenist-Le-Gel-Creme-Rehydratant-Eclat-Recharge-50ml-novapara-maroc.jpg","width":1000,"height":1000},{"@type":"BreadcrumbList","@id":"https:\/\/vitablanca.ma\/produit\/lierac-hydragenist-le-gel-creme-rehydratant-eclat-recharge-50ml\/#breadcrumb","itemListElement":[{"@type":"ListItem","position":1,"name":"Home","item":"https:\/\/vitablanca.ma\/"},{"@type":"ListItem","position":2,"name":"Tous Les Produits","item":"https:\/\/vitablanca.ma\/tous-les-produits\/"},{"@type":"ListItem","position":3,"name":"Lierac Hydragenist Le Gel-Cr\u00e8me R\u00e9hydratant \u00c9clat Recharge 50ml"}]},{"@type":"WebSite","@id":"https:\/\/vitablanca.ma\/#website","url":"https:\/\/vitablanca.ma\/","name":"VitaBlanca.ma | \u0627\u0644\u0645\u0643\u0645\u0644\u0627\u062a \u0627\u0644\u063a\u0630\u0627\u0626\u064a\u0629\u060c \u0627\u0644\u0635\u062d\u0629 \u0648\u0627\u0644\u062c\u0645\u0627\u0644 \u0641\u064a \u0627\u0644\u0645\u063a\u0631\u0628","description":"\u0646\u0628\u064a\u0639 \u0641\u064a\u062a\u0627\u0645\u064a\u0646\u0627\u062a \u0648\u0645\u0643\u0645\u0644\u0627\u062a \u063a\u0630\u0627\u0626\u064a\u0629 \u0641\u0627\u062e\u0631\u0629 \u0645\u0646 \u0627\u0644\u0648\u0644\u0627\u064a\u0627\u062a \u0627\u0644\u0645\u062a\u062d\u062f\u0629 \u0627\u0644\u0623\u0645\u0631\u064a\u0643\u064a\u0629 \u0648\u0643\u0646\u062f\u0627 \u0648\u0646\u064a\u0648\u0632\u064a\u0644\u0646\u062f\u0627 \u0648\u0627\u0644\u0645\u063a\u0631\u0628 (\u0646\u0627\u0648 \u0641\u0648\u062f\u0632\u060c \u0633\u0648\u0644\u062c\u0627\u0631\u060c \u0645\u0627\u0646\u0648\u0643\u0627). \u062a\u0648\u0635\u064a\u0644 \u0633\u0631\u064a\u0639 \u0625\u0644\u0649 \u062c\u0645\u064a\u0639 \u0623\u0646\u062d\u0627\u0621 \u0627\u0644\u0645\u063a\u0631\u0628.","publisher":{"@id":"https:\/\/vitablanca.ma\/#organization"},"alternateName":"VitaBlanca.ma","potentialAction":[{"@type":"SearchAction","target":{"@type":"EntryPoint","urlTemplate":"https:\/\/vitablanca.ma\/?s={search_term_string}"},"query-input":{"@type":"PropertyValueSpecification","valueRequired":true,"valueName":"search_term_string"}}],"inLanguage":"ar"},{"@type":"Organization","@id":"https:\/\/vitablanca.ma\/#organization","name":"\u0641\u064a\u062a\u0627\u0628\u0644\u0627\u0646\u0643\u0627","url":"https:\/\/vitablanca.ma\/","logo":{"@type":"ImageObject","inLanguage":"ar","@id":"https:\/\/vitablanca.ma\/#\/schema\/logo\/image\/","url":"https:\/\/vitablanca.ma\/wp-content\/uploads\/2025\/05\/cropped-vitablanca.png","contentUrl":"https:\/\/vitablanca.ma\/wp-content\/uploads\/2025\/05\/cropped-vitablanca.png","width":360,"height":67,"caption":"VitaBlanca"},"image":{"@id":"https:\/\/vitablanca.ma\/#\/schema\/logo\/image\/"},"sameAs":["https:\/\/www.facebook.com\/profile.php?id=61576678196717","https:\/\/www.tiktok.com\/@vitablanca.ma","https:\/\/www.instagram.com\/vitablanca.ma\/"]}]}},"jetpack_sharing_enabled":true,"_links":{"self":[{"href":"https:\/\/vitablanca.ma\/ar\/wp-json\/wp\/v2\/product\/19816","targetHints":{"allow":["GET"]}}],"collection":[{"href":"https:\/\/vitablanca.ma\/ar\/wp-json\/wp\/v2\/product"}],"about":[{"href":"https:\/\/vitablanca.ma\/ar\/wp-json\/wp\/v2\/types\/product"}],"wp:featuredmedia":[{"embeddable":true,"href":"https:\/\/vitablanca.ma\/ar\/wp-json\/wp\/v2\/media\/19806"}],"wp:attachment":[{"href":"https:\/\/vitablanca.ma\/ar\/wp-json\/wp\/v2\/media?parent=19816"}],"wp:term":[{"taxonomy":"product_brand","embeddable":true,"href":"https:\/\/vitablanca.ma\/ar\/wp-json\/wp\/v2\/product_brand?post=19816"},{"taxonomy":"product_cat","embeddable":true,"href":"https:\/\/vitablanca.ma\/ar\/wp-json\/wp\/v2\/product_cat?post=19816"},{"taxonomy":"product_tag","embeddable":true,"href":"https:\/\/vitablanca.ma\/ar\/wp-json\/wp\/v2\/product_tag?post=19816"}],"curies":[{"name":"wp","href":"https:\/\/api.w.org\/{rel}","templated":true}]}}